{"id":7167,"date":"2018-03-14T15:35:23","date_gmt":"2018-03-14T12:35:23","guid":{"rendered":"http:\/\/fimaks.com\/self-propelled-mixer-feeder-12-14-16-cubic-meter\/"},"modified":"2018-03-27T15:35:58","modified_gmt":"2018-03-27T12:35:58","slug":"self-propelled-mixer-feeder-12-14-16-cubic-meter","status":"publish","type":"page","link":"http:\/\/fimaks.com\/en\/mixer-feeders\/self-propelled-mixer-feeder-12-14-16-cubic-meter\/","title":{"rendered":"SELF-PROPELLED MIXER FEEDER 12-14-16 CUBIC METER"},"content":{"rendered":"<div class='av-hotspot-image-container avia_animate_when_almost_visible   avia_animated_image avia_animate_when_almost_visible fade-in av-hotspot-numbered av-mobile-fallback-active    av-non-fullwidth-hotspot-image '  itemprop=\"ImageObject\" itemscope=\"itemscope\" itemtype=\"https:\/\/schema.org\/ImageObject\"  ><div class='av-hotspot-container'><div class='av-hotspot-container-inner-cell'><div class='av-hotspot-container-inner-wrap'><div class='av-image-hotspot' data-avia-tooltip-position='right' data-avia-tooltip-alignment='centered' data-avia-tooltip-class='av-tt-default-width av-tt-pos-right av-tt-align-centered  av-mobile-fallback-active  transparent_dark av-tt-hotspot' data-avia-tooltip='&lt;p&gt;POWERFUL TILLER&lt;\/p&gt;\n' style='top: 35.2%; left: 71.8%; '><div class='av-image-hotspot_inner' style='background-color: #c2c9ce; color: #000000;'>1<\/div><div class='av-image-hotspot-pulse' style='background-color:#e8e8e8;'><\/div><\/div><div class='av-image-hotspot' data-avia-tooltip-position='bottom' data-avia-tooltip-alignment='centered' data-avia-tooltip-class='av-tt-default-width av-tt-pos-below av-tt-align-centered  av-mobile-fallback-active  transparent_dark av-tt-hotspot' data-avia-tooltip='&lt;p&gt;175 HP ENGINE&lt;\/p&gt;\n' style='top: 61.3%; left: 55.1%; '><div class='av-image-hotspot_inner' style='background-color: #c2c9ce; color: #000000;'>2<\/div><div class='av-image-hotspot-pulse' style='background-color:#ffffff;'><\/div><\/div><div class='av-image-hotspot' data-avia-tooltip-position='top' data-avia-tooltip-alignment='left' data-avia-tooltip-class='av-tt-default-width av-tt-pos-above av-tt-align-left  av-mobile-fallback-active  transparent_dark av-tt-hotspot' data-avia-tooltip='&lt;p&gt;REVERSE FAN&lt;\/p&gt;\n' style='top: 68.1%; left: 55%; '><div class='av-image-hotspot_inner' style='background-color: #c2c9ce; color: #000000;'>3<\/div><div class='av-image-hotspot-pulse' style='background-color:#ffffff;'><\/div><\/div><div class='av-image-hotspot' data-avia-tooltip-position='top' data-avia-tooltip-alignment='left' data-avia-tooltip-class='av-tt-default-width av-tt-pos-above av-tt-align-left  av-mobile-fallback-active  transparent_dark av-tt-hotspot' data-avia-tooltip='&lt;p&gt;ADJUSTABLE CONVEYOR&lt;\/p&gt;\n' style='top: 81.6%; left: 45.4%; '><div class='av-image-hotspot_inner' style='background-color: #c2c9ce; color: #000000;'>4<\/div><div class='av-image-hotspot-pulse' style='background-color:#ffffff;'><\/div><\/div><div class='av-image-hotspot' data-avia-tooltip-position='top' data-avia-tooltip-alignment='left' data-avia-tooltip-class='av-tt-default-width av-tt-pos-above av-tt-align-left  av-mobile-fallback-active  transparent_dark av-tt-hotspot' data-avia-tooltip='&lt;p&gt;ADJUSTABLE FIXED KNIVES&lt;\/p&gt;\n' style='top: 62.6%; left: 26.2%; '><div class='av-image-hotspot_inner' style='background-color: #c2c9ce; color: #000000;'>5<\/div><div class='av-image-hotspot-pulse' style='background-color:#ffffff;'><\/div><\/div><div class='av-image-hotspot' data-avia-tooltip-position='top' data-avia-tooltip-alignment='left' data-avia-tooltip-class='av-tt-default-width av-tt-pos-above av-tt-align-left  av-mobile-fallback-active  transparent_dark av-tt-hotspot' data-avia-tooltip='&lt;p&gt;DURABLE CHASSIS AND BODY&lt;\/p&gt;\n' style='top: 85.8%; left: 37.9%; '><div class='av-image-hotspot_inner' style='background-color: #c2c9ce; color: #000000;'>6<\/div><div class='av-image-hotspot-pulse' style='background-color:#ffffff;'><\/div><\/div><div class='av-image-hotspot' data-avia-tooltip-position='top' data-avia-tooltip-alignment='left' data-avia-tooltip-class='av-tt-default-width av-tt-pos-above av-tt-align-left  av-mobile-fallback-active  transparent_dark av-tt-hotspot' data-avia-tooltip='&lt;p&gt;12 m3 | 14 m3 | 16 m3&lt;\/p&gt;\n' style='top: 52.8%; left: 36.3%; '><div class='av-image-hotspot_inner' style='background-color: #c2c9ce; color: #000000;'>7<\/div><div class='av-image-hotspot-pulse' style='background-color:#ffffff;'><\/div><\/div><div class='av-image-hotspot' data-avia-tooltip-position='top' data-avia-tooltip-alignment='left' data-avia-tooltip-class='av-tt-default-width av-tt-pos-above av-tt-align-left  av-mobile-fallback-active  transparent_dark av-tt-hotspot' data-avia-tooltip='&lt;p&gt;COMFORTABLE CABIN&lt;\/p&gt;\n' style='top: 62.8%; left: 61.9%; '><div class='av-image-hotspot_inner' style='background-color: #c2c9ce; color: #000000;'>8<\/div><div class='av-image-hotspot-pulse' style='background-color:#ffffff;'><\/div><\/div><div class='av-image-hotspot' data-avia-tooltip-position='top' data-avia-tooltip-alignment='left' data-avia-tooltip-class='av-tt-default-width av-tt-pos-above av-tt-align-left  av-mobile-fallback-active  transparent_dark av-tt-hotspot' data-avia-tooltip='&lt;p&gt;SPECIAL DESIGN AUGER&lt;\/p&gt;\n' style='top: 35.8%; left: 32.8%; '><div class='av-image-hotspot_inner' style='background-color: #c2c9ce; color: #000000;'>9<\/div><div class='av-image-hotspot-pulse' style='background-color:#ffffff;'><\/div><\/div><div class='av-image-hotspot' data-avia-tooltip-position='top' data-avia-tooltip-alignment='left' data-avia-tooltip-class='av-tt-default-width av-tt-pos-above av-tt-align-left  av-mobile-fallback-active  transparent_dark av-tt-hotspot' data-avia-tooltip='&lt;p&gt;OPTIMUM PERFORMANCE HYDRAULIC SYSTEM&lt;\/p&gt;\n' style='top: 79.4%; left: 37.9%; '><div class='av-image-hotspot_inner' style='background-color: #c2c9ce; color: #000000;'>10<\/div><div class='av-image-hotspot-pulse' style='background-color:#ffffff;'><\/div><\/div><img class='avia_image ' src='http:\/\/fimaks.com\/wp-content\/uploads\/2018\/03\/MASTERMIX.png' alt='MASTERMIX' title='MASTERMIX'   itemprop=\"thumbnailUrl\"  \/><\/div><\/div><\/div><div class='av-hotspot-fallback-tooltip'><div class='av-hotspot-fallback-tooltip-count'>1<div class='avia-arrow'><\/div><\/div><div class='av-hotspot-fallback-tooltip-inner clearfix'><p>\nPOWERFUL TILLER<\/p>\n<\/div><\/div><div class='av-hotspot-fallback-tooltip'><div class='av-hotspot-fallback-tooltip-count'>2<div class='avia-arrow'><\/div><\/div><div class='av-hotspot-fallback-tooltip-inner clearfix'><p>\n175 HP ENGINE<\/p>\n<\/div><\/div><div class='av-hotspot-fallback-tooltip'><div class='av-hotspot-fallback-tooltip-count'>3<div class='avia-arrow'><\/div><\/div><div class='av-hotspot-fallback-tooltip-inner clearfix'><p>\nREVERSE FAN<\/p>\n<\/div><\/div><div class='av-hotspot-fallback-tooltip'><div class='av-hotspot-fallback-tooltip-count'>4<div class='avia-arrow'><\/div><\/div><div class='av-hotspot-fallback-tooltip-inner clearfix'><p>\nADJUSTABLE CONVEYOR<\/p>\n<\/div><\/div><div class='av-hotspot-fallback-tooltip'><div class='av-hotspot-fallback-tooltip-count'>5<div class='avia-arrow'><\/div><\/div><div class='av-hotspot-fallback-tooltip-inner clearfix'><p>\nADJUSTABLE FIXED KNIVES<\/p>\n<\/div><\/div><div class='av-hotspot-fallback-tooltip'><div class='av-hotspot-fallback-tooltip-count'>6<div class='avia-arrow'><\/div><\/div><div class='av-hotspot-fallback-tooltip-inner clearfix'><p>\nDURABLE CHASSIS AND BODY<\/p>\n<\/div><\/div><div class='av-hotspot-fallback-tooltip'><div class='av-hotspot-fallback-tooltip-count'>7<div class='avia-arrow'><\/div><\/div><div class='av-hotspot-fallback-tooltip-inner clearfix'><p>\n12 m3 | 14 m3 | 16 m3<\/p>\n<\/div><\/div><div class='av-hotspot-fallback-tooltip'><div class='av-hotspot-fallback-tooltip-count'>8<div class='avia-arrow'><\/div><\/div><div class='av-hotspot-fallback-tooltip-inner clearfix'><p>\nCOMFORTABLE CABIN<\/p>\n<\/div><\/div><div class='av-hotspot-fallback-tooltip'><div class='av-hotspot-fallback-tooltip-count'>9<div class='avia-arrow'><\/div><\/div><div class='av-hotspot-fallback-tooltip-inner clearfix'><p>\nSPECIAL DESIGN AUGER<\/p>\n<\/div><\/div><div class='av-hotspot-fallback-tooltip'><div class='av-hotspot-fallback-tooltip-count'>10<div class='avia-arrow'><\/div><\/div><div class='av-hotspot-fallback-tooltip-inner clearfix'><p>\nOPTIMUM PERFORMANCE HYDRAULIC SYSTEM<\/p>\n<\/div><\/div><\/div>\n<div style='padding-bottom:10px;' class='av-special-heading av-special-heading-h1  blockquote modern-quote modern-centered   av-thin-font '><h1 class='av-special-heading-tag '  itemprop=\"headline\"  >SELF PROPELLED MIXER FEEDERS<br \/>\n|<strong>MASTERMIX 12 <\/strong>|<br \/>\n|<strong>MASTERMIX 14 <\/strong>|<br \/>\n|<strong>MASTERMIX 16 <\/strong>|<\/h1><div class='special-heading-border'><div class='special-heading-inner-border' ><\/div><\/div><\/div>\n<div  class='hr hr-default  '><span class='hr-inner ' ><span class='hr-inner-style'><\/span><\/span><\/div>\n<section class=\"av_textblock_section \"  itemscope=\"itemscope\" itemtype=\"https:\/\/schema.org\/CreativeWork\" ><div class='avia_textblock  '   itemprop=\"text\" ><p><span class=\"av_dropcap1 \" >F<\/span>imaks Mastermix self propelled mixer feeder are designed for big enterprises. Powerful tiller and engine are more than capable of handling big farms all the feed preparation process.<\/p>\n<p>With the built-in tiller, all the contents can easily be loaded and homogenously mixed within a short time. Fimaks Mastermix self propelled mixer feeders have adjustable sliding discharge conveyors. Operators are able to discharge the prepared feed exactly where it needs to be discharged. Special design augers and tungsten coated knives cut and mix the feed with optimum performance. Particule lenght can be perfected with adjustable fixed knives.<\/p>\n<p>Fimaks self propelled mixer feeders have 175 HP engine, durable body and chassis, safe and comfortable cabin, reverse camera, oto-brake system. Oto-brake system allows operator to collect all the ingredients without pushing the brake pedal*. This system also allows operators to work on inclined grounds easily.<\/p>\n<p>There are 3 different Mastermix Self Propelled Mixer Feeder models.<\/p>\n<p>&#8211; Mastermix 12<br \/>\n&#8211; Mastermix 14<br \/>\n&#8211; Mastermix 16<\/p>\n<p>Some standard features of Mastermix Mixer Feeders,<\/p>\n<p>&#8211; Weighing system<br \/>\n&#8211; Adjustable conveyor<br \/>\n&#8211; Reverse camera<br \/>\n&#8211; Reverse fan<br \/>\n&#8211; Magnet<\/p>\n<p>Optional features of Mastermix Mixer Feeders,<\/p>\n<p>&#8211; DG8000&amp;DTMIC weighing system<\/p>\n<p>(* Operators must move slowly towards ingredients.)<\/p>\n<\/div><\/section>\n<div  class='hr hr-default  '><span class='hr-inner ' ><span class='hr-inner-style'><\/span><\/span><\/div>\n<div class='av-social-sharing-box  av-social-sharing-box-minimal '><div class='av-share-box'><ul class='av-share-box-list noLightbox'><li class='av-share-link av-social-link-facebook' ><a target='_blank' href='http:\/\/www.facebook.com\/sharer.php?u=http:\/\/fimaks.com\/en\/mixer-feeders\/self-propelled-mixer-feeder-12-14-16-cubic-meter\/&amp;t=SELF-PROPELLED%20MIXER%20FEEDER%2012-14-16%20CUBIC%20METER' aria-hidden='true' data-av_icon='\ue8f3' data-av_iconfont='entypo-fontello' title='' data-avia-related-tooltip='Share on Facebook'><span class='avia_hidden_link_text'>Share on Facebook<\/span><\/a><\/li><li class='av-share-link av-social-link-twitter' ><a target='_blank' href='https:\/\/twitter.com\/share?text=SELF-PROPELLED%20MIXER%20FEEDER%2012-14-16%20CUBIC%20METER&url=http:\/\/fimaks.com\/en\/?p=7167' aria-hidden='true' data-av_icon='\ue8f1' data-av_iconfont='entypo-fontello' title='' data-avia-related-tooltip='Share on Twitter'><span class='avia_hidden_link_text'>Share on Twitter<\/span><\/a><\/li><li class='av-share-link av-social-link-gplus' ><a target='_blank' href='https:\/\/plus.google.com\/share?url=http:\/\/fimaks.com\/en\/mixer-feeders\/self-propelled-mixer-feeder-12-14-16-cubic-meter\/' aria-hidden='true' data-av_icon='\ue8f6' data-av_iconfont='entypo-fontello' title='' data-avia-related-tooltip='Share on Google+'><span class='avia_hidden_link_text'>Share on Google+<\/span><\/a><\/li><li class='av-share-link av-social-link-pinterest' ><a target='_blank' href='http:\/\/pinterest.com\/pin\/create\/button\/?url=http%3A%2F%2Ffimaks.com%2Fen%2Fmixer-feeders%2Fself-propelled-mixer-feeder-12-14-16-cubic-meter%2F&amp;description=SELF-PROPELLED%20MIXER%20FEEDER%2012-14-16%20CUBIC%20METER&amp;media=' aria-hidden='true' data-av_icon='\ue8f8' data-av_iconfont='entypo-fontello' title='' data-avia-related-tooltip='Share on Pinterest'><span class='avia_hidden_link_text'>Share on Pinterest<\/span><\/a><\/li><li class='av-share-link av-social-link-linkedin' ><a target='_blank' href='http:\/\/linkedin.com\/shareArticle?mini=true&amp;title=SELF-PROPELLED%20MIXER%20FEEDER%2012-14-16%20CUBIC%20METER&amp;url=http:\/\/fimaks.com\/en\/mixer-feeders\/self-propelled-mixer-feeder-12-14-16-cubic-meter\/' aria-hidden='true' data-av_icon='\ue8fc' data-av_iconfont='entypo-fontello' title='' data-avia-related-tooltip='Share on Linkedin'><span class='avia_hidden_link_text'>Share on Linkedin<\/span><\/a><\/li><li class='av-share-link av-social-link-tumblr' ><a target='_blank' href='http:\/\/www.tumblr.com\/share\/link?url=http%3A%2F%2Ffimaks.com%2Fen%2Fmixer-feeders%2Fself-propelled-mixer-feeder-12-14-16-cubic-meter%2F&amp;name=SELF-PROPELLED%20MIXER%20FEEDER%2012-14-16%20CUBIC%20METER&amp;description=' aria-hidden='true' data-av_icon='\ue8fa' data-av_iconfont='entypo-fontello' title='' data-avia-related-tooltip='Share on Tumblr'><span class='avia_hidden_link_text'>Share on Tumblr<\/span><\/a><\/li><li class='av-share-link av-social-link-vk' ><a target='_blank' href='http:\/\/vk.com\/share.php?url=http:\/\/fimaks.com\/en\/mixer-feeders\/self-propelled-mixer-feeder-12-14-16-cubic-meter\/' aria-hidden='true' data-av_icon='\ue926' data-av_iconfont='entypo-fontello' title='' data-avia-related-tooltip='Share on Vk'><span class='avia_hidden_link_text'>Share on Vk<\/span><\/a><\/li><li class='av-share-link av-social-link-reddit' ><a target='_blank' href='http:\/\/reddit.com\/submit?url=http:\/\/fimaks.com\/en\/mixer-feeders\/self-propelled-mixer-feeder-12-14-16-cubic-meter\/&amp;title=SELF-PROPELLED%20MIXER%20FEEDER%2012-14-16%20CUBIC%20METER' aria-hidden='true' data-av_icon='\ue927' data-av_iconfont='entypo-fontello' title='' data-avia-related-tooltip='Share on Reddit'><span class='avia_hidden_link_text'>Share on Reddit<\/span><\/a><\/li><li class='av-share-link av-social-link-mail' ><a  href='mailto:?subject=SELF-PROPELLED%20MIXER%20FEEDER%2012-14-16%20CUBIC%20METER&amp;body=http:\/\/fimaks.com\/en\/mixer-feeders\/self-propelled-mixer-feeder-12-14-16-cubic-meter\/' aria-hidden='true' data-av_icon='\ue805' data-av_iconfont='entypo-fontello' title='' data-avia-related-tooltip='Share by Mail'><span class='avia_hidden_link_text'>Share by Mail<\/span><\/a><\/li><\/ul><\/div><\/div>\n<div  class='hr hr-default  '><span class='hr-inner ' ><span class='hr-inner-style'><\/span><\/span><\/div>\n<div  class='avia-video avia-video-16-9   '  itemprop=\"video\" itemtype=\"https:\/\/schema.org\/VideoObject\" ><div class='avia-iframe-wrap'><iframe loading=\"lazy\" width=\"1500\" height=\"844\" src=\"https:\/\/www.youtube.com\/embed\/A7go_PpcCr4?feature=oembed\" frameborder=\"0\" allow=\"autoplay; encrypted-media\" allowfullscreen><\/iframe><\/div><\/div>\n<div  class='hr hr-default  '><span class='hr-inner ' ><span class='hr-inner-style'><\/span><\/span><\/div>\n<div class='avia-data-table-wrap avia_responsive_table'><table class='avia-table avia-data-table avia-table-1  avia_pricing_default '  itemscope=\"itemscope\" itemtype=\"https:\/\/schema.org\/Table\" ><tbody><tr class=''><td class=''><\/td><td class=''>MASTERMIX 12<\/td><td class=''>MASTERMIX 14<\/td><td class=''>MASTERMIX 16<\/td><\/tr><tr class=''><td class=''>VOLUME (m3)<\/td><td class=''>12<\/td><td class=''>14<\/td><td class=''>16<\/td><\/tr><tr class=''><td class=''>NUMBER OF AUGERS<\/td><td class=''>1<\/td><td class=''>1<\/td><td class=''>1<\/td><\/tr><tr class=''><td class=''>HEIGHT (mm)<\/td><td class=''>3150<\/td><td class=''>3200<\/td><td class=''>3300<\/td><\/tr><tr class=''><td class=''>LENGTH (mm)<\/td><td class=''>7300<\/td><td class=''>7800<\/td><td class=''>8000<\/td><\/tr><tr class=''><td class=''>WIDTH (mm)<\/td><td class=''>2380<\/td><td class=''>2380<\/td><td class=''>2380<\/td><\/tr><tr class=''><td class=''>WEIGHT (kg)<\/td><td class=''>9500<\/td><td class=''>10.000<\/td><td class=''>10.500<\/td><\/tr><tr class=''><td class=''>POWER (kW\/hp)<\/td><td class=''>129\/175<\/td><td class=''>129\/175<\/td><td class=''>129\/175<\/td><\/tr><tr class=''><td class=''>NUMBER OF KNIVES<\/td><td class=''>6<\/td><td class=''>8<\/td><td class=''>10<\/td><\/tr><tr class=''><td class=''>BOTTOM\/BODY\/AUGER THICKNESS (mm)<\/td><td class=''>20\/8\/12<\/td><td class=''>20\/8\/12<\/td><td class=''>20\/8\/12<\/td><\/tr><tr class=''><td class=''>TYRES<\/td><td class=''>6x(245\/70R 19.5)<\/td><td class=''>6x(245\/70R 19.5)<\/td><td class=''>6x(245\/70R 19.5)<\/td><\/tr><\/tbody><\/table><\/div><style type='text\/css'><\/style>\n<div  class='hr hr-default  '><span class='hr-inner ' ><span class='hr-inner-style'><\/span><\/span><\/div>\n<div class='avia-gallery  avia-gallery-1 deactivate_avia_lazyload avia_animate_when_visible  av-hide-gallery-thumbs'  itemprop=\"ImageObject\" itemscope=\"itemscope\" itemtype=\"https:\/\/schema.org\/ImageObject\" ><a class='avia-gallery-big fakeLightbox lightbox avia-gallery-big-crop-thumb ' href='http:\/\/fimaks.com\/wp-content\/uploads\/2018\/03\/KEND\u0130-Y\u00dcR\u00dcR-YEM-KARMA-MAK\u0130NES\u0130.jpg'  data-onclick='1' title='' ><span class='avia-gallery-big-inner'  itemprop=\"thumbnailUrl\" >\t<img width='845' height='684' src='http:\/\/fimaks.com\/wp-content\/uploads\/2018\/03\/KEND\u0130-Y\u00dcR\u00dcR-YEM-KARMA-MAK\u0130NES\u0130-845x684.jpg' title='KEND\u0130-Y\u00dcR\u00dcR-YEM-KARMA-MAK\u0130NES\u0130' alt='' \/><\/span><\/a><div class='avia-gallery-thumb'> <a href='http:\/\/fimaks.com\/wp-content\/uploads\/2018\/03\/KEND\u0130-Y\u00dcR\u00dcR-YEM-KARMA-MAK\u0130NES\u0130.jpg' data-rel='gallery-1' data-prev-img='http:\/\/fimaks.com\/wp-content\/uploads\/2018\/03\/KEND\u0130-Y\u00dcR\u00dcR-YEM-KARMA-MAK\u0130NES\u0130-845x684.jpg' class='first_thumb lightbox ' data-onclick='1' title=''  itemprop=\"thumbnailUrl\" ><img  src='http:\/\/fimaks.com\/wp-content\/uploads\/2018\/03\/KEND\u0130-Y\u00dcR\u00dcR-YEM-KARMA-MAK\u0130NES\u0130-495x400.jpg' width='495' height='400'  title='KEND\u0130-Y\u00dcR\u00dcR-YEM-KARMA-MAK\u0130NES\u0130' alt='' \/><\/a> <a href='http:\/\/fimaks.com\/wp-content\/uploads\/2018\/03\/KEND\u0130-Y\u00dcR\u00dcR-YEM-KARMA-MAK\u0130NES\u0130-2.jpg' data-rel='gallery-1' data-prev-img='http:\/\/fimaks.com\/wp-content\/uploads\/2018\/03\/KEND\u0130-Y\u00dcR\u00dcR-YEM-KARMA-MAK\u0130NES\u0130-2-845x684.jpg' class='lightbox ' data-onclick='2' title=''  itemprop=\"thumbnailUrl\" ><img  src='http:\/\/fimaks.com\/wp-content\/uploads\/2018\/03\/KEND\u0130-Y\u00dcR\u00dcR-YEM-KARMA-MAK\u0130NES\u0130-2-495x400.jpg' width='495' height='400'  title='KEND\u0130-Y\u00dcR\u00dcR-YEM-KARMA-MAK\u0130NES\u0130-2' alt='' \/><\/a> <a href='http:\/\/fimaks.com\/wp-content\/uploads\/2018\/03\/KEND\u0130-Y\u00dcR\u00dcR-YEM-KARMA-MAK\u0130NES\u0130-3.jpg' data-rel='gallery-1' data-prev-img='http:\/\/fimaks.com\/wp-content\/uploads\/2018\/03\/KEND\u0130-Y\u00dcR\u00dcR-YEM-KARMA-MAK\u0130NES\u0130-3-845x684.jpg' class='lightbox ' data-onclick='3' title=''  itemprop=\"thumbnailUrl\" ><img  src='http:\/\/fimaks.com\/wp-content\/uploads\/2018\/03\/KEND\u0130-Y\u00dcR\u00dcR-YEM-KARMA-MAK\u0130NES\u0130-3-495x400.jpg' width='495' height='400'  title='KEND\u0130-Y\u00dcR\u00dcR-YEM-KARMA-MAK\u0130NES\u0130-3' alt='' \/><\/a> <a href='http:\/\/fimaks.com\/wp-content\/uploads\/2018\/03\/KEND\u0130-Y\u00dcR\u00dcR-YEM-KARMA-MAK\u0130NES\u0130-4.jpg' data-rel='gallery-1' data-prev-img='http:\/\/fimaks.com\/wp-content\/uploads\/2018\/03\/KEND\u0130-Y\u00dcR\u00dcR-YEM-KARMA-MAK\u0130NES\u0130-4-845x684.jpg' class='lightbox ' data-onclick='4' title=''  itemprop=\"thumbnailUrl\" ><img  src='http:\/\/fimaks.com\/wp-content\/uploads\/2018\/03\/KEND\u0130-Y\u00dcR\u00dcR-YEM-KARMA-MAK\u0130NES\u0130-4-495x400.jpg' width='495' height='400'  title='KEND\u0130-Y\u00dcR\u00dcR-YEM-KARMA-MAK\u0130NES\u0130-4' alt='' \/><\/a><\/div><\/div>\n\t<div  class='av_promobox  avia-button-yes '>\t\t<div class='avia-promocontent'><p>\nWe produce productivity. Get a quotation.<\/p>\n<\/div><div class='avia-button-wrap avia-button-right '><a href='http:\/\/fimaks.com\/iletisim\/' class='avia-button   avia-icon_select-no avia-color-theme-color avia-size-large avia-position-right '   ><span class='avia_iconbox_title' >Contact<\/span><\/a><\/div>\t<\/div>\n<div class='avia-image-container  av-styling-no-styling    avia-align-center '  itemprop=\"ImageObject\" itemscope=\"itemscope\" itemtype=\"https:\/\/schema.org\/ImageObject\"  ><div class='avia-image-container-inner'><a href='http:\/\/fimaks.com\/en\/online-catalogs\/' class='avia_image'   target=\"_blank\" ><img class='avia_image ' src='http:\/\/fimaks.com\/wp-content\/uploads\/2018\/02\/YEM-KARMA-MAK\u0130NELER\u0130-KATALOG2.jpg' alt='YEM-KARMA-MAK\u0130NELER\u0130-KATALOG2' title='YEM-KARMA-MAK\u0130NELER\u0130-KATALOG2'  itemprop=\"thumbnailUrl\"  \/><\/a><\/div><\/div>\n","protected":false},"excerpt":{"rendered":"","protected":false},"author":1,"featured_media":0,"parent":7567,"menu_order":0,"comment_status":"closed","ping_status":"closed","template":"","meta":{"_exactmetrics_skip_tracking":false,"_exactmetrics_sitenote_active":false,"_exactmetrics_sitenote_note":"","_exactmetrics_sitenote_category":0,"footnotes":""},"yst_prominent_words":[],"class_list":["post-7167","page","type-page","status-publish","hentry"],"_links":{"self":[{"href":"http:\/\/fimaks.com\/en\/wp-json\/wp\/v2\/pages\/7167","targetHints":{"allow":["GET"]}}],"collection":[{"href":"http:\/\/fimaks.com\/en\/wp-json\/wp\/v2\/pages"}],"about":[{"href":"http:\/\/fimaks.com\/en\/wp-json\/wp\/v2\/types\/page"}],"author":[{"embeddable":true,"href":"http:\/\/fimaks.com\/en\/wp-json\/wp\/v2\/users\/1"}],"replies":[{"embeddable":true,"href":"http:\/\/fimaks.com\/en\/wp-json\/wp\/v2\/comments?post=7167"}],"version-history":[{"count":31,"href":"http:\/\/fimaks.com\/en\/wp-json\/wp\/v2\/pages\/7167\/revisions"}],"predecessor-version":[{"id":19290,"href":"http:\/\/fimaks.com\/en\/wp-json\/wp\/v2\/pages\/7167\/revisions\/19290"}],"up":[{"embeddable":true,"href":"http:\/\/fimaks.com\/en\/wp-json\/wp\/v2\/pages\/7567"}],"wp:attachment":[{"href":"http:\/\/fimaks.com\/en\/wp-json\/wp\/v2\/media?parent=7167"}],"wp:term":[{"taxonomy":"yst_prominent_words","embeddable":true,"href":"http:\/\/fimaks.com\/en\/wp-json\/wp\/v2\/yst_prominent_words?post=7167"}],"curies":[{"name":"wp","href":"https:\/\/api.w.org\/{rel}","templated":true}]}}