{"id":7331,"date":"2018-03-14T16:25:20","date_gmt":"2018-03-14T13:25:20","guid":{"rendered":"http:\/\/fimaks.com\/40-cubic-meter-double-auger-stationary-mixer-feeder\/"},"modified":"2018-03-27T15:43:08","modified_gmt":"2018-03-27T12:43:08","slug":"40-cubic-meter-double-auger-stationary-mixer-feeder","status":"publish","type":"page","link":"http:\/\/fimaks.com\/en\/mixer-feeders\/stationary-mixer-feeders\/40-cubic-meter-double-auger-stationary-mixer-feeder\/","title":{"rendered":"40 CUBIC METER | TRIPLE AUGERS | STATIONARY MIXER FEEDER"},"content":{"rendered":"<div class='av-hotspot-image-container avia_animate_when_almost_visible   avia_animated_image avia_animate_when_almost_visible fade-in av-hotspot-numbered av-mobile-fallback-active    av-non-fullwidth-hotspot-image '  itemprop=\"ImageObject\" itemscope=\"itemscope\" itemtype=\"https:\/\/schema.org\/ImageObject\"  ><div class='av-hotspot-container'><div class='av-hotspot-container-inner-cell'><div class='av-hotspot-container-inner-wrap'><div class='av-image-hotspot' data-avia-tooltip-position='right' data-avia-tooltip-alignment='centered' data-avia-tooltip-class='av-tt-default-width av-tt-pos-right av-tt-align-centered  av-mobile-fallback-active  transparent_dark av-tt-hotspot' data-avia-tooltip='&lt;p&gt;ST52 | OPTIONAL HARDOX BODY&lt;\/p&gt;\n' style='top: 52.4%; left: 57.2%; '><div class='av-image-hotspot_inner' style='background-color: #c2c9ce; color: #000000;'>1<\/div><div class='av-image-hotspot-pulse' style='background-color:#e8e8e8;'><\/div><\/div><div class='av-image-hotspot' data-avia-tooltip-position='bottom' data-avia-tooltip-alignment='centered' data-avia-tooltip-class='av-tt-default-width av-tt-pos-below av-tt-align-centered  av-mobile-fallback-active  transparent_dark av-tt-hotspot' data-avia-tooltip='&lt;p&gt;HIGH PERFORMANCE ELECTRIC MOTORS&lt;\/p&gt;\n' style='top: 80.4%; left: 37.9%; '><div class='av-image-hotspot_inner' style='background-color: #c2c9ce; color: #000000;'>2<\/div><div class='av-image-hotspot-pulse' style='background-color:#ffffff;'><\/div><\/div><div class='av-image-hotspot' data-avia-tooltip-position='top' data-avia-tooltip-alignment='left' data-avia-tooltip-class='av-tt-default-width av-tt-pos-above av-tt-align-left  av-mobile-fallback-active  transparent_dark av-tt-hotspot' data-avia-tooltip='&lt;p&gt;OPTIONAL WEIGHING SYSTEM WITH SOFTWARE&lt;\/p&gt;\n' style='top: 45.3%; left: 69.3%; '><div class='av-image-hotspot_inner' style='background-color: #c2c9ce; color: #000000;'>3<\/div><div class='av-image-hotspot-pulse' style='background-color:#ffffff;'><\/div><\/div><div class='av-image-hotspot' data-avia-tooltip-position='top' data-avia-tooltip-alignment='left' data-avia-tooltip-class='av-tt-default-width av-tt-pos-above av-tt-align-left  av-mobile-fallback-active  transparent_dark av-tt-hotspot' data-avia-tooltip='&lt;p&gt;DURABLE TRANSMISSION SYSTEMS AND GEARBOXES&lt;\/p&gt;\n' style='top: 80.6%; left: 44.6%; '><div class='av-image-hotspot_inner' style='background-color: #c2c9ce; color: #000000;'>4<\/div><div class='av-image-hotspot-pulse' style='background-color:#ffffff;'><\/div><\/div><div class='av-image-hotspot' data-avia-tooltip-position='top' data-avia-tooltip-alignment='left' data-avia-tooltip-class='av-tt-default-width av-tt-pos-above av-tt-align-left  av-mobile-fallback-active  transparent_dark av-tt-hotspot' data-avia-tooltip='&lt;p&gt;OPTIONAL HARDOX WEARING PLATE&lt;\/p&gt;\n' style='top: 57.9%; left: 57.3%; '><div class='av-image-hotspot_inner' style='background-color: #c2c9ce; color: #000000;'>5<\/div><div class='av-image-hotspot-pulse' style='background-color:#ffffff;'><\/div><\/div><div class='av-image-hotspot' data-avia-tooltip-position='top' data-avia-tooltip-alignment='left' data-avia-tooltip-class='av-tt-default-width av-tt-pos-above av-tt-align-left  av-mobile-fallback-active  transparent_dark av-tt-hotspot' data-avia-tooltip='&lt;p&gt;OPTIONAL MAGNET&lt;\/p&gt;\n' style='top: 52.2%; left: 69.3%; '><div class='av-image-hotspot_inner' style='background-color: #c2c9ce; color: #000000;'>6<\/div><div class='av-image-hotspot-pulse' style='background-color:#ffffff;'><\/div><\/div><div class='av-image-hotspot' data-avia-tooltip-position='top' data-avia-tooltip-alignment='left' data-avia-tooltip-class='av-tt-default-width av-tt-pos-above av-tt-align-left  av-mobile-fallback-active  transparent_dark av-tt-hotspot' data-avia-tooltip='&lt;p&gt;OPTIONAL CHAIN CONVEYOR&lt;\/p&gt;\n' style='top: 39.1%; left: 69.3%; '><div class='av-image-hotspot_inner' style='background-color: #c2c9ce; color: #000000;'>7<\/div><div class='av-image-hotspot-pulse' style='background-color:#ffffff;'><\/div><\/div><div class='av-image-hotspot' data-avia-tooltip-position='top' data-avia-tooltip-alignment='left' data-avia-tooltip-class='av-tt-default-width av-tt-pos-above av-tt-align-left  av-mobile-fallback-active  transparent_dark av-tt-hotspot' data-avia-tooltip='&lt;p&gt;OPTIONAL SOFT STARTER MOTOR SYSTEM&lt;\/p&gt;\n' style='top: 58.3%; left: 69.4%; '><div class='av-image-hotspot_inner' style='background-color: #c2c9ce; color: #000000;'>8<\/div><div class='av-image-hotspot-pulse' style='background-color:#ffffff;'><\/div><\/div><div class='av-image-hotspot' data-avia-tooltip-position='top' data-avia-tooltip-alignment='left' data-avia-tooltip-class='av-tt-default-width av-tt-pos-above av-tt-align-left  av-mobile-fallback-active  transparent_dark av-tt-hotspot' data-avia-tooltip='&lt;p&gt;SPECIAL DESIGN 3 AUGERS&lt;\/p&gt;\n' style='top: 30.3%; left: 49.8%; '><div class='av-image-hotspot_inner' style='background-color: #c2c9ce; color: #000000;'>9<\/div><div class='av-image-hotspot-pulse' style='background-color:#ffffff;'><\/div><\/div><div class='av-image-hotspot' data-avia-tooltip-position='top' data-avia-tooltip-alignment='left' data-avia-tooltip-class='av-tt-default-width av-tt-pos-above av-tt-align-left  av-mobile-fallback-active  transparent_dark av-tt-hotspot' data-avia-tooltip='&lt;p&gt;HIGH PERFORMANCE HYDRAULIC SYSTEM&lt;\/p&gt;\n' style='top: 67.5%; left: 34.7%; '><div class='av-image-hotspot_inner' style='background-color: #c2c9ce; color: #000000;'>10<\/div><div class='av-image-hotspot-pulse' style='background-color:#ffffff;'><\/div><\/div><div class='av-image-hotspot' data-avia-tooltip-position='top' data-avia-tooltip-alignment='left' data-avia-tooltip-class='av-tt-default-width av-tt-pos-above av-tt-align-left  av-mobile-fallback-active  transparent_dark av-tt-hotspot' data-avia-tooltip='&lt;p&gt;INVERTER SYSTEM&lt;\/p&gt;\n' style='top: 80.2%; left: 49.6%; '><div class='av-image-hotspot_inner' style='background-color: #c2c9ce; color: #000000;'>11<\/div><div class='av-image-hotspot-pulse' style='background-color:#ffffff;'><\/div><\/div><div class='av-image-hotspot' data-avia-tooltip-position='top' data-avia-tooltip-alignment='left' data-avia-tooltip-class='av-tt-default-width av-tt-pos-above av-tt-align-left  av-mobile-fallback-active  transparent_dark av-tt-hotspot' data-avia-tooltip='&lt;p&gt;8\u00a0LOADCELLS&lt;\/p&gt;\n' style='top: 79.3%; left: 71%; '><div class='av-image-hotspot_inner' style='background-color: #c2c9ce; color: #000000;'>12<\/div><div class='av-image-hotspot-pulse' style='background-color:#ffffff;'><\/div><\/div><img class='avia_image ' src='http:\/\/fimaks.com\/wp-content\/uploads\/2018\/02\/40-metrek\u00fcp-sabit-elektrikli-yem-karma-makinesi.png' alt='40-metrek\u00fcp-sabit-elektrikli-yem-karma-makinesi' title='40-metrek\u00fcp-sabit-elektrikli-yem-karma-makinesi'   itemprop=\"thumbnailUrl\"  \/><\/div><\/div><\/div><div class='av-hotspot-fallback-tooltip'><div class='av-hotspot-fallback-tooltip-count'>1<div class='avia-arrow'><\/div><\/div><div class='av-hotspot-fallback-tooltip-inner clearfix'><p>\nST52 | OPTIONAL HARDOX BODY<\/p>\n<\/div><\/div><div class='av-hotspot-fallback-tooltip'><div class='av-hotspot-fallback-tooltip-count'>2<div class='avia-arrow'><\/div><\/div><div class='av-hotspot-fallback-tooltip-inner clearfix'><p>\nHIGH PERFORMANCE ELECTRIC MOTORS<\/p>\n<\/div><\/div><div class='av-hotspot-fallback-tooltip'><div class='av-hotspot-fallback-tooltip-count'>3<div class='avia-arrow'><\/div><\/div><div class='av-hotspot-fallback-tooltip-inner clearfix'><p>\nOPTIONAL WEIGHING SYSTEM WITH SOFTWARE<\/p>\n<\/div><\/div><div class='av-hotspot-fallback-tooltip'><div class='av-hotspot-fallback-tooltip-count'>4<div class='avia-arrow'><\/div><\/div><div class='av-hotspot-fallback-tooltip-inner clearfix'><p>\nDURABLE TRANSMISSION SYSTEMS AND GEARBOXES<\/p>\n<\/div><\/div><div class='av-hotspot-fallback-tooltip'><div class='av-hotspot-fallback-tooltip-count'>5<div class='avia-arrow'><\/div><\/div><div class='av-hotspot-fallback-tooltip-inner clearfix'><p>\nOPTIONAL HARDOX WEARING PLATE<\/p>\n<\/div><\/div><div class='av-hotspot-fallback-tooltip'><div class='av-hotspot-fallback-tooltip-count'>6<div class='avia-arrow'><\/div><\/div><div class='av-hotspot-fallback-tooltip-inner clearfix'><p>\nOPTIONAL MAGNET<\/p>\n<\/div><\/div><div class='av-hotspot-fallback-tooltip'><div class='av-hotspot-fallback-tooltip-count'>7<div class='avia-arrow'><\/div><\/div><div class='av-hotspot-fallback-tooltip-inner clearfix'><p>\nOPTIONAL CHAIN CONVEYOR<\/p>\n<\/div><\/div><div class='av-hotspot-fallback-tooltip'><div class='av-hotspot-fallback-tooltip-count'>8<div class='avia-arrow'><\/div><\/div><div class='av-hotspot-fallback-tooltip-inner clearfix'><p>\nOPTIONAL SOFT STARTER MOTOR SYSTEM<\/p>\n<\/div><\/div><div class='av-hotspot-fallback-tooltip'><div class='av-hotspot-fallback-tooltip-count'>9<div class='avia-arrow'><\/div><\/div><div class='av-hotspot-fallback-tooltip-inner clearfix'><p>\nSPECIAL DESIGN 3 AUGERS<\/p>\n<\/div><\/div><div class='av-hotspot-fallback-tooltip'><div class='av-hotspot-fallback-tooltip-count'>10<div class='avia-arrow'><\/div><\/div><div class='av-hotspot-fallback-tooltip-inner clearfix'><p>\nHIGH PERFORMANCE HYDRAULIC SYSTEM<\/p>\n<\/div><\/div><div class='av-hotspot-fallback-tooltip'><div class='av-hotspot-fallback-tooltip-count'>11<div class='avia-arrow'><\/div><\/div><div class='av-hotspot-fallback-tooltip-inner clearfix'><p>\nINVERTER SYSTEM<\/p>\n<\/div><\/div><div class='av-hotspot-fallback-tooltip'><div class='av-hotspot-fallback-tooltip-count'>12<div class='avia-arrow'><\/div><\/div><div class='av-hotspot-fallback-tooltip-inner clearfix'><p>\n8\u00a0LOADCELLS<\/p>\n<\/div><\/div><\/div>\n<div style='padding-bottom:10px;' class='av-special-heading av-special-heading-h1  blockquote modern-quote modern-centered   av-thin-font '><h1 class='av-special-heading-tag '  itemprop=\"headline\"  >40 CUBIC METER | TRIPLE AUGER<br \/>\nSTATIONARY MIXER FEEDER<br \/>\n|<strong>FMVS 40 <\/strong>|<\/h1><div class='special-heading-border'><div class='special-heading-inner-border' ><\/div><\/div><\/div>\n<div  class='hr hr-default  '><span class='hr-inner ' ><span class='hr-inner-style'><\/span><\/span><\/div>\n<section class=\"av_textblock_section \"  itemscope=\"itemscope\" itemtype=\"https:\/\/schema.org\/CreativeWork\" ><div class='avia_textblock  '   itemprop=\"text\" ><p><span class=\"av_dropcap1 \" >F<\/span>imaks stationary mixer feeders are project designs for medium and big scale farms. Stationary mixer feeders are capable to prepare big amount of feed within a short time. Stationary mixer feeders increase profitability by saving time and labor force.<\/p>\n<p>Stationary mixer feeders have 2 or 3 special design augers. There are tungsten coated long lasting knives placed on the augers. Built-in mechanism of stationary mixer feeders are designed to work long time without a need of maintain or service. Biggest difference between Fimaks stationary mixer feeders and other mixers on the market is the Inverter System. Energy consumption decreased to minimum with special gearboxes and inverter system.<br \/>\nThere are optional features provided by Fimaks,<br \/>\n&#8211; Soft starter motor system<br \/>\n&#8211; Hardox body<br \/>\n&#8211; Hardox wearing plate<br \/>\n&#8211; DG8000&amp;DTMIC weighing system with sofware<br \/>\n&#8211; Wireless data transfer<br \/>\n&#8211; XL display<br \/>\n&#8211; Wireless additional monitor<br \/>\n&#8211; Chain conveyor<br \/>\n&#8211; Magnet<\/p>\n<\/div><\/section>\n<div  class='hr hr-default  '><span class='hr-inner ' ><span class='hr-inner-style'><\/span><\/span><\/div>\n<div class='av-social-sharing-box  av-social-sharing-box-minimal '><div class='av-share-box'><ul class='av-share-box-list noLightbox'><li class='av-share-link av-social-link-facebook' ><a target='_blank' href='http:\/\/www.facebook.com\/sharer.php?u=http:\/\/fimaks.com\/en\/mixer-feeders\/stationary-mixer-feeders\/40-cubic-meter-double-auger-stationary-mixer-feeder\/&amp;t=40%20CUBIC%20METER%20%7C%20TRIPLE%20AUGERS%20%7C%20STATIONARY%20MIXER%20FEEDER' aria-hidden='true' data-av_icon='\ue8f3' data-av_iconfont='entypo-fontello' title='' data-avia-related-tooltip='Share on Facebook'><span class='avia_hidden_link_text'>Share on Facebook<\/span><\/a><\/li><li class='av-share-link av-social-link-twitter' ><a target='_blank' href='https:\/\/twitter.com\/share?text=40%20CUBIC%20METER%20%7C%20TRIPLE%20AUGERS%20%7C%20STATIONARY%20MIXER%20FEEDER&url=http:\/\/fimaks.com\/en\/?p=7331' aria-hidden='true' data-av_icon='\ue8f1' data-av_iconfont='entypo-fontello' title='' data-avia-related-tooltip='Share on Twitter'><span class='avia_hidden_link_text'>Share on Twitter<\/span><\/a><\/li><li class='av-share-link av-social-link-gplus' ><a target='_blank' href='https:\/\/plus.google.com\/share?url=http:\/\/fimaks.com\/en\/mixer-feeders\/stationary-mixer-feeders\/40-cubic-meter-double-auger-stationary-mixer-feeder\/' aria-hidden='true' data-av_icon='\ue8f6' data-av_iconfont='entypo-fontello' title='' data-avia-related-tooltip='Share on Google+'><span class='avia_hidden_link_text'>Share on Google+<\/span><\/a><\/li><li class='av-share-link av-social-link-pinterest' ><a target='_blank' href='http:\/\/pinterest.com\/pin\/create\/button\/?url=http%3A%2F%2Ffimaks.com%2Fen%2Fmixer-feeders%2Fstationary-mixer-feeders%2F40-cubic-meter-double-auger-stationary-mixer-feeder%2F&amp;description=40%20CUBIC%20METER%20%7C%20TRIPLE%20AUGERS%20%7C%20STATIONARY%20MIXER%20FEEDER&amp;media=' aria-hidden='true' data-av_icon='\ue8f8' data-av_iconfont='entypo-fontello' title='' data-avia-related-tooltip='Share on Pinterest'><span class='avia_hidden_link_text'>Share on Pinterest<\/span><\/a><\/li><li class='av-share-link av-social-link-linkedin' ><a target='_blank' href='http:\/\/linkedin.com\/shareArticle?mini=true&amp;title=40%20CUBIC%20METER%20%7C%20TRIPLE%20AUGERS%20%7C%20STATIONARY%20MIXER%20FEEDER&amp;url=http:\/\/fimaks.com\/en\/mixer-feeders\/stationary-mixer-feeders\/40-cubic-meter-double-auger-stationary-mixer-feeder\/' aria-hidden='true' data-av_icon='\ue8fc' data-av_iconfont='entypo-fontello' title='' data-avia-related-tooltip='Share on Linkedin'><span class='avia_hidden_link_text'>Share on Linkedin<\/span><\/a><\/li><li class='av-share-link av-social-link-tumblr' ><a target='_blank' href='http:\/\/www.tumblr.com\/share\/link?url=http%3A%2F%2Ffimaks.com%2Fen%2Fmixer-feeders%2Fstationary-mixer-feeders%2F40-cubic-meter-double-auger-stationary-mixer-feeder%2F&amp;name=40%20CUBIC%20METER%20%7C%20TRIPLE%20AUGERS%20%7C%20STATIONARY%20MIXER%20FEEDER&amp;description=' aria-hidden='true' data-av_icon='\ue8fa' data-av_iconfont='entypo-fontello' title='' data-avia-related-tooltip='Share on Tumblr'><span class='avia_hidden_link_text'>Share on Tumblr<\/span><\/a><\/li><li class='av-share-link av-social-link-vk' ><a target='_blank' href='http:\/\/vk.com\/share.php?url=http:\/\/fimaks.com\/en\/mixer-feeders\/stationary-mixer-feeders\/40-cubic-meter-double-auger-stationary-mixer-feeder\/' aria-hidden='true' data-av_icon='\ue926' data-av_iconfont='entypo-fontello' title='' data-avia-related-tooltip='Share on Vk'><span class='avia_hidden_link_text'>Share on Vk<\/span><\/a><\/li><li class='av-share-link av-social-link-reddit' ><a target='_blank' href='http:\/\/reddit.com\/submit?url=http:\/\/fimaks.com\/en\/mixer-feeders\/stationary-mixer-feeders\/40-cubic-meter-double-auger-stationary-mixer-feeder\/&amp;title=40%20CUBIC%20METER%20%7C%20TRIPLE%20AUGERS%20%7C%20STATIONARY%20MIXER%20FEEDER' aria-hidden='true' data-av_icon='\ue927' data-av_iconfont='entypo-fontello' title='' data-avia-related-tooltip='Share on Reddit'><span class='avia_hidden_link_text'>Share on Reddit<\/span><\/a><\/li><li class='av-share-link av-social-link-mail' ><a  href='mailto:?subject=40%20CUBIC%20METER%20%7C%20TRIPLE%20AUGERS%20%7C%20STATIONARY%20MIXER%20FEEDER&amp;body=http:\/\/fimaks.com\/en\/mixer-feeders\/stationary-mixer-feeders\/40-cubic-meter-double-auger-stationary-mixer-feeder\/' aria-hidden='true' data-av_icon='\ue805' data-av_iconfont='entypo-fontello' title='' data-avia-related-tooltip='Share by Mail'><span class='avia_hidden_link_text'>Share by Mail<\/span><\/a><\/li><\/ul><\/div><\/div>\n<div  class='hr hr-default  '><span class='hr-inner ' ><span class='hr-inner-style'><\/span><\/span><\/div>\n<div  class='avia-video avia-video-16-9   '  itemprop=\"video\" itemtype=\"https:\/\/schema.org\/VideoObject\" ><div class='avia-iframe-wrap'><iframe loading=\"lazy\" width=\"1500\" height=\"844\" src=\"https:\/\/www.youtube.com\/embed\/z2GzXsSYNeU?feature=oembed\" frameborder=\"0\" allow=\"autoplay; encrypted-media\" allowfullscreen><\/iframe><\/div><\/div>\n<div  class='hr hr-default  '><span class='hr-inner ' ><span class='hr-inner-style'><\/span><\/span><\/div>\n<div class='avia-data-table-wrap avia_responsive_table'><table class='avia-table avia-data-table avia-table-1  avia_pricing_default '  itemscope=\"itemscope\" itemtype=\"https:\/\/schema.org\/Table\" ><tbody><tr class=''><td class=''>VOLUME (m3)<\/td><td class=''>40<\/td><\/tr><tr class=''><td class=''>NUMBER OF AUGERS<\/td><td class=''>3<\/td><\/tr><tr class=''><td class=''>HEIGHT (mm)<\/td><td class=''>3200<\/td><\/tr><tr class=''><td class=''>LENGTH (mm)<\/td><td class=''>8360<\/td><\/tr><tr class=''><td class=''>WIDTH (mm)<\/td><td class=''>2400<\/td><\/tr><tr class=''><td class=''>WEIGHT (kg)<\/td><td class=''>14.000<\/td><\/tr><tr class=''><td class=''>ENGINE POWER (kW)<\/td><td class=''>3&#215;45<\/td><\/tr><tr class=''><td class=''>NUMBER OF LOADCELLS<\/td><td class=''>8<\/td><\/tr><tr class=''><td class=''>BOTTOM\/BODY\/AUGER THICKNESS (mm)<\/td><td class=''>20\/8\/15<\/td><\/tr><\/tbody><\/table><\/div><style type='text\/css'><\/style>\n<div  class='hr hr-default  '><span class='hr-inner ' ><span class='hr-inner-style'><\/span><\/span><\/div>\n<div class=\"flex_column av_one_third  flex_column_div av-zero-column-padding first  \" style='border-radius:0px; '><div class='avia-image-container  av-styling-  noHover  av-overlay-on-hover   avia-align-center '  itemprop=\"ImageObject\" itemscope=\"itemscope\" itemtype=\"https:\/\/schema.org\/ImageObject\"  ><div class='avia-image-container-inner'><div class='av-image-caption-overlay'><div class='av-caption-image-overlay-bg' style='opacity:0.4; background-color:#000000; '><\/div><div class='av-image-caption-overlay-position'><div class='av-image-caption-overlay-center' style='color:#ffffff; '><p>INVERTER SYSTEM<\/p>\n<\/div><\/div><\/div><img class='avia_image ' src='http:\/\/fimaks.com\/wp-content\/uploads\/2018\/02\/\u0130nvert\u00f6rl\u00fc-yem-karma-makinesi.jpg' alt='' title='\u0130nvert\u00f6rl\u00fc-yem-karma-makinesi'   itemprop=\"thumbnailUrl\"  \/><\/div><\/div><\/div>\n<div class=\"flex_column av_one_third  flex_column_div av-zero-column-padding   \" style='border-radius:0px; '><div class='avia-image-container  av-styling-  noHover  av-overlay-on-hover   avia-align-center '  itemprop=\"ImageObject\" itemscope=\"itemscope\" itemtype=\"https:\/\/schema.org\/ImageObject\"  ><div class='avia-image-container-inner'><div class='av-image-caption-overlay'><div class='av-caption-image-overlay-bg' style='opacity:0.4; background-color:#000000; '><\/div><div class='av-image-caption-overlay-position'><div class='av-image-caption-overlay-center' style='color:#ffffff; '><p>OPTIONAL CHAIN CONVEYOR<\/p>\n<\/div><\/div><\/div><img class='avia_image ' src='http:\/\/fimaks.com\/wp-content\/uploads\/2018\/02\/Zincir-konvey\u00f6rl\u00fc-yem-karma-makinesi.jpg' alt='' title='Zincir-konvey\u00f6rl\u00fc-yem-karma-makinesi'   itemprop=\"thumbnailUrl\"  \/><\/div><\/div><\/div>\n<div class=\"flex_column av_one_third  flex_column_div av-zero-column-padding   \" style='border-radius:0px; '><div class='avia-image-container  av-styling-  noHover  av-overlay-on-hover   avia-align-center '  itemprop=\"ImageObject\" itemscope=\"itemscope\" itemtype=\"https:\/\/schema.org\/ImageObject\"  ><div class='avia-image-container-inner'><div class='av-image-caption-overlay'><div class='av-caption-image-overlay-bg' style='opacity:0.4; background-color:#000000; '><\/div><div class='av-image-caption-overlay-position'><div class='av-image-caption-overlay-center' style='color:#ffffff; '><p>OPTIONAL HARDOX BODY AND WEARING PLATE<\/p>\n<\/div><\/div><\/div><img class='avia_image ' src='http:\/\/fimaks.com\/wp-content\/uploads\/2018\/02\/hardox-g\u00f6vdeli-yem-karma-makinesi.jpg' alt='' title='hardox-g\u00f6vdeli-yem-karma-makinesi'   itemprop=\"thumbnailUrl\"  \/><\/div><\/div><\/div>\n<div class=\"flex_column av_one_third  flex_column_div av-zero-column-padding first  \" style='border-radius:0px; '><div class='avia-image-container  av-styling-  noHover  av-overlay-on-hover   avia-align-center '  itemprop=\"ImageObject\" itemscope=\"itemscope\" itemtype=\"https:\/\/schema.org\/ImageObject\"  ><div class='avia-image-container-inner'><div class='av-image-caption-overlay'><div class='av-caption-image-overlay-bg' style='opacity:0.4; background-color:#000000; '><\/div><div class='av-image-caption-overlay-position'><div class='av-image-caption-overlay-center' style='color:#ffffff; '><p>OPTIONAL DG8000&amp;DTMIC WEIGHING SYSTEM WITH SOFTWARE<\/p>\n<\/div><\/div><\/div><img class='avia_image ' src='http:\/\/fimaks.com\/wp-content\/uploads\/2018\/02\/opsiyonel-dg8000-yaz\u0131l\u0131ml\u0131-tart\u0131-sistemi.jpg' alt='' title='opsiyonel-dg8000-yaz\u0131l\u0131ml\u0131-tart\u0131-sistemi'   itemprop=\"thumbnailUrl\"  \/><\/div><\/div><\/div>\n<div class=\"flex_column av_one_third  flex_column_div av-zero-column-padding   \" style='border-radius:0px; '><div class='avia-image-container  av-styling-  noHover  av-overlay-on-hover   avia-align-center '  itemprop=\"ImageObject\" itemscope=\"itemscope\" itemtype=\"https:\/\/schema.org\/ImageObject\"  ><div class='avia-image-container-inner'><div class='av-image-caption-overlay'><div class='av-caption-image-overlay-bg' style='opacity:0.4; background-color:#000000; '><\/div><div class='av-image-caption-overlay-position'><div class='av-image-caption-overlay-center' style='color:#ffffff; '><p>HIGH PERFORMANCE ELECTRIC MOTORS<\/p>\n<\/div><\/div><\/div><img class='avia_image ' src='http:\/\/fimaks.com\/wp-content\/uploads\/2018\/02\/elektrik-motorlu-yem-karma-makinesi.jpg' alt='' title='elektrik-motorlu-yem-karma-makinesi'   itemprop=\"thumbnailUrl\"  \/><\/div><\/div><\/div>\n<div class=\"flex_column av_one_third  flex_column_div av-zero-column-padding   \" style='border-radius:0px; '><div class='avia-image-container  av-styling-  noHover  av-overlay-on-hover   avia-align-center '  itemprop=\"ImageObject\" itemscope=\"itemscope\" itemtype=\"https:\/\/schema.org\/ImageObject\"  ><div class='avia-image-container-inner'><div class='av-image-caption-overlay'><div class='av-caption-image-overlay-bg' style='opacity:0.4; background-color:#000000; '><\/div><div class='av-image-caption-overlay-position'><div class='av-image-caption-overlay-center' style='color:#ffffff; '><p>SPECIAL DESIGN AUGERS AND KNIVES<\/p>\n<\/div><\/div><\/div><img class='avia_image ' src='http:\/\/fimaks.com\/wp-content\/uploads\/2018\/02\/sabit-yem-karma-makinesi-\u00f6zel-tasar\u0131ml\u0131-helezonlar.jpg' alt='' title='sabit-yem-karma-makinesi-\u00f6zel-tasar\u0131ml\u0131-helezonlar'   itemprop=\"thumbnailUrl\"  \/><\/div><\/div><\/div>\n\t<div  class='av_promobox  avia-button-yes '>\t\t<div class='avia-promocontent'><p>\nWe produce productivity. Get a quotation.<\/p>\n<\/div><div class='avia-button-wrap avia-button-right '><a href='http:\/\/fimaks.com\/en\/contact\/' class='avia-button   avia-icon_select-no avia-color-theme-color avia-size-large avia-position-right '   ><span class='avia_iconbox_title' >Contact<\/span><\/a><\/div>\t<\/div>\n<div class='avia-image-container  av-styling-no-styling    avia-align-center '  itemprop=\"ImageObject\" itemscope=\"itemscope\" itemtype=\"https:\/\/schema.org\/ImageObject\"  ><div class='avia-image-container-inner'><a href='\/fimaks?page_id=5068' class='avia_image'   target=\"_blank\" ><img class='avia_image ' src='http:\/\/fimaks.com\/wp-content\/uploads\/2018\/02\/YEM-KARMA-MAK\u0130NELER\u0130-KATALOG2.jpg' alt='YEM-KARMA-MAK\u0130NELER\u0130-KATALOG2' title='YEM-KARMA-MAK\u0130NELER\u0130-KATALOG2'  itemprop=\"thumbnailUrl\"  \/><\/a><\/div><\/div>\n","protected":false},"excerpt":{"rendered":"","protected":false},"author":1,"featured_media":0,"parent":7392,"menu_order":0,"comment_status":"closed","ping_status":"closed","template":"","meta":{"_exactmetrics_skip_tracking":false,"_exactmetrics_sitenote_active":false,"_exactmetrics_sitenote_note":"","_exactmetrics_sitenote_category":0,"footnotes":""},"yst_prominent_words":[],"class_list":["post-7331","page","type-page","status-publish","hentry"],"_links":{"self":[{"href":"http:\/\/fimaks.com\/en\/wp-json\/wp\/v2\/pages\/7331","targetHints":{"allow":["GET"]}}],"collection":[{"href":"http:\/\/fimaks.com\/en\/wp-json\/wp\/v2\/pages"}],"about":[{"href":"http:\/\/fimaks.com\/en\/wp-json\/wp\/v2\/types\/page"}],"author":[{"embeddable":true,"href":"http:\/\/fimaks.com\/en\/wp-json\/wp\/v2\/users\/1"}],"replies":[{"embeddable":true,"href":"http:\/\/fimaks.com\/en\/wp-json\/wp\/v2\/comments?post=7331"}],"version-history":[{"count":33,"href":"http:\/\/fimaks.com\/en\/wp-json\/wp\/v2\/pages\/7331\/revisions"}],"predecessor-version":[{"id":15397,"href":"http:\/\/fimaks.com\/en\/wp-json\/wp\/v2\/pages\/7331\/revisions\/15397"}],"up":[{"embeddable":true,"href":"http:\/\/fimaks.com\/en\/wp-json\/wp\/v2\/pages\/7392"}],"wp:attachment":[{"href":"http:\/\/fimaks.com\/en\/wp-json\/wp\/v2\/media?parent=7331"}],"wp:term":[{"taxonomy":"yst_prominent_words","embeddable":true,"href":"http:\/\/fimaks.com\/en\/wp-json\/wp\/v2\/yst_prominent_words?post=7331"}],"curies":[{"name":"wp","href":"https:\/\/api.w.org\/{rel}","templated":true}]}}