{"id":7519,"date":"2018-03-14T17:16:27","date_gmt":"2018-03-14T14:16:27","guid":{"rendered":"http:\/\/fimaks.com\/9-cubic-meter-horizontal-mixer-feeder\/"},"modified":"2021-07-29T11:46:24","modified_gmt":"2021-07-29T08:46:24","slug":"9-cubic-meter-horizontal-mixer-feeder","status":"publish","type":"page","link":"http:\/\/fimaks.com\/en\/mixer-feeders\/horizontal-mixer-feeders\/9-cubic-meter-horizontal-mixer-feeder\/","title":{"rendered":"9 CUBIC METER | HORIZONTAL MIXER FEEDER"},"content":{"rendered":"<div class='av-hotspot-image-container avia_animate_when_almost_visible   avia_animated_image avia_animate_when_almost_visible fade-in av-hotspot-numbered av-mobile-fallback-active    av-non-fullwidth-hotspot-image '  itemprop=\"ImageObject\" itemscope=\"itemscope\" itemtype=\"https:\/\/schema.org\/ImageObject\"  ><div class='av-hotspot-container'><div class='av-hotspot-container-inner-cell'><div class='av-hotspot-container-inner-wrap'><div class='av-image-hotspot' data-avia-tooltip-position='right' data-avia-tooltip-alignment='centered' data-avia-tooltip-class='av-tt-default-width av-tt-pos-right av-tt-align-centered  av-mobile-fallback-active  transparent_dark av-tt-hotspot' data-avia-tooltip='&lt;p&gt;ST52 BODY&lt;\/p&gt;\n' style='top: 63.4%; left: 50.4%; '><div class='av-image-hotspot_inner' style='background-color: #c2c9ce; color: #000000;'>1<\/div><div class='av-image-hotspot-pulse' style='background-color:#e8e8e8;'><\/div><\/div><div class='av-image-hotspot' data-avia-tooltip-position='bottom' data-avia-tooltip-alignment='centered' data-avia-tooltip-class='av-tt-default-width av-tt-pos-below av-tt-align-centered  av-mobile-fallback-active  transparent_dark av-tt-hotspot' data-avia-tooltip='&lt;p&gt;ADJUSTABLE STORAGE LEG&lt;\/p&gt;\n' style='top: 79.5%; left: 38.6%; '><div class='av-image-hotspot_inner' style='background-color: #c2c9ce; color: #000000;'>2<\/div><div class='av-image-hotspot-pulse' style='background-color:#ffffff;'><\/div><\/div><div class='av-image-hotspot' data-avia-tooltip-position='top' data-avia-tooltip-alignment='left' data-avia-tooltip-class='av-tt-default-width av-tt-pos-above av-tt-align-left  av-mobile-fallback-active  transparent_dark av-tt-hotspot' data-avia-tooltip='&lt;p&gt;ALL TERRAIN TYRES&lt;\/p&gt;\n' style='top: 85.3%; left: 65.4%; '><div class='av-image-hotspot_inner' style='background-color: #c2c9ce; color: #000000;'>3<\/div><div class='av-image-hotspot-pulse' style='background-color:#ffffff;'><\/div><\/div><div class='av-image-hotspot' data-avia-tooltip-position='top' data-avia-tooltip-alignment='left' data-avia-tooltip-class='av-tt-default-width av-tt-pos-above av-tt-align-left  av-mobile-fallback-active  transparent_dark av-tt-hotspot' data-avia-tooltip='&lt;p&gt;STRONG CHASSIS&lt;\/p&gt;\n' style='top: 84.3%; left: 49.3%; '><div class='av-image-hotspot_inner' style='background-color: #c2c9ce; color: #000000;'>4<\/div><div class='av-image-hotspot-pulse' style='background-color:#ffffff;'><\/div><\/div><div class='av-image-hotspot' data-avia-tooltip-position='top' data-avia-tooltip-alignment='left' data-avia-tooltip-class='av-tt-default-width av-tt-pos-above av-tt-align-left  av-mobile-fallback-active  transparent_dark av-tt-hotspot' data-avia-tooltip='&lt;p&gt;OPTIONAL WEIGHING SYSTEM&lt;\/p&gt;\n' style='top: 57.1%; left: 35.5%; '><div class='av-image-hotspot_inner' style='background-color: #c2c9ce; color: #000000;'>5<\/div><div class='av-image-hotspot-pulse' style='background-color:#ffffff;'><\/div><\/div><div class='av-image-hotspot' data-avia-tooltip-position='top' data-avia-tooltip-alignment='left' data-avia-tooltip-class='av-tt-default-width av-tt-pos-above av-tt-align-left  av-mobile-fallback-active  transparent_dark av-tt-hotspot' data-avia-tooltip='&lt;p&gt;HIGH QUALITY GEARBOXES&lt;\/p&gt;\n' style='top: 75.8%; left: 42.9%; '><div class='av-image-hotspot_inner' style='background-color: #c2c9ce; color: #000000;'>6<\/div><div class='av-image-hotspot-pulse' style='background-color:#ffffff;'><\/div><\/div><div class='av-image-hotspot' data-avia-tooltip-position='top' data-avia-tooltip-alignment='left' data-avia-tooltip-class='av-tt-default-width av-tt-pos-above av-tt-align-left  av-mobile-fallback-active  transparent_dark av-tt-hotspot' data-avia-tooltip='&lt;p&gt;HYDRAULIC CONTROL&lt;\/p&gt;\n' style='top: 67.3%; left: 33.1%; '><div class='av-image-hotspot_inner' style='background-color: #c2c9ce; color: #000000;'>7<\/div><div class='av-image-hotspot-pulse' style='background-color:#ffffff;'><\/div><\/div><div class='av-image-hotspot' data-avia-tooltip-position='top' data-avia-tooltip-alignment='left' data-avia-tooltip-class='av-tt-default-width av-tt-pos-above av-tt-align-left  av-mobile-fallback-active  transparent_dark av-tt-hotspot' data-avia-tooltip='&lt;p&gt;EASY TO LOAD | OPTIONAL LOADING BUCKET&lt;\/p&gt;\n' style='top: 58.3%; left: 69.4%; '><div class='av-image-hotspot_inner' style='background-color: #c2c9ce; color: #000000;'>8<\/div><div class='av-image-hotspot-pulse' style='background-color:#ffffff;'><\/div><\/div><div class='av-image-hotspot' data-avia-tooltip-position='top' data-avia-tooltip-alignment='left' data-avia-tooltip-class='av-tt-default-width av-tt-pos-above av-tt-align-left  av-mobile-fallback-active  transparent_dark av-tt-hotspot' data-avia-tooltip='&lt;p&gt;SPECIAL DESIGN 1 MAIN 2 SIDE AUGERS&lt;\/p&gt;\n' style='top: 39.4%; left: 57.7%; '><div class='av-image-hotspot_inner' style='background-color: #c2c9ce; color: #000000;'>9<\/div><div class='av-image-hotspot-pulse' style='background-color:#ffffff;'><\/div><\/div><div class='av-image-hotspot' data-avia-tooltip-position='top' data-avia-tooltip-alignment='left' data-avia-tooltip-class='av-tt-default-width av-tt-pos-above av-tt-align-left  av-mobile-fallback-active  transparent_dark av-tt-hotspot' data-avia-tooltip='&lt;p&gt;HIGH PERFORMANCE SELF HYDRAULIC SYSTEM&lt;\/p&gt;\n' style='top: 57.5%; left: 44.3%; '><div class='av-image-hotspot_inner' style='background-color: #c2c9ce; color: #000000;'>10<\/div><div class='av-image-hotspot-pulse' style='background-color:#ffffff;'><\/div><\/div><img class='avia_image ' src='http:\/\/fimaks.com\/wp-content\/uploads\/2018\/02\/Yatay-yem-karma-makinesi-9-metrek\u00fcp.png' alt='Yatay-yem-karma-makinesi-9-metrek\u00fcp' title='Yatay-yem-karma-makinesi-9-metrek\u00fcp'   itemprop=\"thumbnailUrl\"  \/><\/div><\/div><\/div><div class='av-hotspot-fallback-tooltip'><div class='av-hotspot-fallback-tooltip-count'>1<div class='avia-arrow'><\/div><\/div><div class='av-hotspot-fallback-tooltip-inner clearfix'><p>\nST52 BODY<\/p>\n<\/div><\/div><div class='av-hotspot-fallback-tooltip'><div class='av-hotspot-fallback-tooltip-count'>2<div class='avia-arrow'><\/div><\/div><div class='av-hotspot-fallback-tooltip-inner clearfix'><p>\nADJUSTABLE STORAGE LEG<\/p>\n<\/div><\/div><div class='av-hotspot-fallback-tooltip'><div class='av-hotspot-fallback-tooltip-count'>3<div class='avia-arrow'><\/div><\/div><div class='av-hotspot-fallback-tooltip-inner clearfix'><p>\nALL TERRAIN TYRES<\/p>\n<\/div><\/div><div class='av-hotspot-fallback-tooltip'><div class='av-hotspot-fallback-tooltip-count'>4<div class='avia-arrow'><\/div><\/div><div class='av-hotspot-fallback-tooltip-inner clearfix'><p>\nSTRONG CHASSIS<\/p>\n<\/div><\/div><div class='av-hotspot-fallback-tooltip'><div class='av-hotspot-fallback-tooltip-count'>5<div class='avia-arrow'><\/div><\/div><div class='av-hotspot-fallback-tooltip-inner clearfix'><p>\nOPTIONAL WEIGHING SYSTEM<\/p>\n<\/div><\/div><div class='av-hotspot-fallback-tooltip'><div class='av-hotspot-fallback-tooltip-count'>6<div class='avia-arrow'><\/div><\/div><div class='av-hotspot-fallback-tooltip-inner clearfix'><p>\nHIGH QUALITY GEARBOXES<\/p>\n<\/div><\/div><div class='av-hotspot-fallback-tooltip'><div class='av-hotspot-fallback-tooltip-count'>7<div class='avia-arrow'><\/div><\/div><div class='av-hotspot-fallback-tooltip-inner clearfix'><p>\nHYDRAULIC CONTROL<\/p>\n<\/div><\/div><div class='av-hotspot-fallback-tooltip'><div class='av-hotspot-fallback-tooltip-count'>8<div class='avia-arrow'><\/div><\/div><div class='av-hotspot-fallback-tooltip-inner clearfix'><p>\nEASY TO LOAD | OPTIONAL LOADING BUCKET<\/p>\n<\/div><\/div><div class='av-hotspot-fallback-tooltip'><div class='av-hotspot-fallback-tooltip-count'>9<div class='avia-arrow'><\/div><\/div><div class='av-hotspot-fallback-tooltip-inner clearfix'><p>\nSPECIAL DESIGN 1 MAIN 2 SIDE AUGERS<\/p>\n<\/div><\/div><div class='av-hotspot-fallback-tooltip'><div class='av-hotspot-fallback-tooltip-count'>10<div class='avia-arrow'><\/div><\/div><div class='av-hotspot-fallback-tooltip-inner clearfix'><p>\nHIGH PERFORMANCE SELF HYDRAULIC SYSTEM<\/p>\n<\/div><\/div><\/div>\n<div style='padding-bottom:10px;' class='av-special-heading av-special-heading-h1  blockquote modern-quote modern-centered   '><h1 class='av-special-heading-tag '  itemprop=\"headline\"  >9 METER CUBIC<br \/>HORIZONTAL MIXER FEEDER<br \/>| FMHI 9 |<\/h1><div class='special-heading-border'><div class='special-heading-inner-border' ><\/div><\/div><\/div>\n<div  class='hr hr-default  '><span class='hr-inner ' ><span class='hr-inner-style'><\/span><\/span><\/div>\n<section class=\"av_textblock_section \"  itemscope=\"itemscope\" itemtype=\"https:\/\/schema.org\/CreativeWork\" ><div class='avia_textblock  '   itemprop=\"text\" ><p><span style=\"font-family: 'Georgia','serif'; color: #333333;\"><span class=\"av_dropcap1 \" >F<\/span>imaks FMHI 9, horizontal mixer feeders are one of the ideal solutions for medium and big scale farms. Low height structure of the machine makes them suitable for most farms.<\/span><\/p>\n<p>There are 1 main 2 side augers built-in. 3 augers create 3 dimensions circulation inside the bucket. With this circulation and special design knives, ingredients are being cut and mixed homogeneously. There are 2 different shaped knives on the main auger, circle knives and round knives. Counter parts that are placed on the body allows a better cut and prevents ingredients to wrap main auger. With this system homogeneous feed with desired particule length is achieved.<\/p>\n<p>Durable gearbox, ST52 body, special design augers and knives, high performance self hydraulic system, strong chassis and tyres make the machine long lasting.<\/p>\n<p>Fimaks horizontal mixer feeders have <strong>self hydraulic system<\/strong> and<strong> lateral conveyor<\/strong> as standard features. There are also optional features which are <strong>loading bucket<\/strong>, <strong>weighing system<\/strong> and <strong>magnet<\/strong>.<\/p>\n<\/div><\/section>\n<div  class='hr hr-default  '><span class='hr-inner ' ><span class='hr-inner-style'><\/span><\/span><\/div>\n<div class='av-social-sharing-box  av-social-sharing-box-minimal '><div class='av-share-box'><ul class='av-share-box-list noLightbox'><li class='av-share-link av-social-link-facebook' ><a target='_blank' href='http:\/\/www.facebook.com\/sharer.php?u=http:\/\/fimaks.com\/en\/mixer-feeders\/horizontal-mixer-feeders\/9-cubic-meter-horizontal-mixer-feeder\/&amp;t=9%20CUBIC%20METER%20%7C%20HORIZONTAL%20MIXER%20FEEDER' aria-hidden='true' data-av_icon='\ue8f3' data-av_iconfont='entypo-fontello' title='' data-avia-related-tooltip='Share on Facebook'><span class='avia_hidden_link_text'>Share on Facebook<\/span><\/a><\/li><li class='av-share-link av-social-link-twitter' ><a target='_blank' href='https:\/\/twitter.com\/share?text=9%20CUBIC%20METER%20%7C%20HORIZONTAL%20MIXER%20FEEDER&url=http:\/\/fimaks.com\/en\/?p=7519' aria-hidden='true' data-av_icon='\ue8f1' data-av_iconfont='entypo-fontello' title='' data-avia-related-tooltip='Share on Twitter'><span class='avia_hidden_link_text'>Share on Twitter<\/span><\/a><\/li><li class='av-share-link av-social-link-gplus' ><a target='_blank' href='https:\/\/plus.google.com\/share?url=http:\/\/fimaks.com\/en\/mixer-feeders\/horizontal-mixer-feeders\/9-cubic-meter-horizontal-mixer-feeder\/' aria-hidden='true' data-av_icon='\ue8f6' data-av_iconfont='entypo-fontello' title='' data-avia-related-tooltip='Share on Google+'><span class='avia_hidden_link_text'>Share on Google+<\/span><\/a><\/li><li class='av-share-link av-social-link-pinterest' ><a target='_blank' href='http:\/\/pinterest.com\/pin\/create\/button\/?url=http%3A%2F%2Ffimaks.com%2Fen%2Fmixer-feeders%2Fhorizontal-mixer-feeders%2F9-cubic-meter-horizontal-mixer-feeder%2F&amp;description=9%20CUBIC%20METER%20%7C%20HORIZONTAL%20MIXER%20FEEDER&amp;media=' aria-hidden='true' data-av_icon='\ue8f8' data-av_iconfont='entypo-fontello' title='' data-avia-related-tooltip='Share on Pinterest'><span class='avia_hidden_link_text'>Share on Pinterest<\/span><\/a><\/li><li class='av-share-link av-social-link-linkedin' ><a target='_blank' href='http:\/\/linkedin.com\/shareArticle?mini=true&amp;title=9%20CUBIC%20METER%20%7C%20HORIZONTAL%20MIXER%20FEEDER&amp;url=http:\/\/fimaks.com\/en\/mixer-feeders\/horizontal-mixer-feeders\/9-cubic-meter-horizontal-mixer-feeder\/' aria-hidden='true' data-av_icon='\ue8fc' data-av_iconfont='entypo-fontello' title='' data-avia-related-tooltip='Share on Linkedin'><span class='avia_hidden_link_text'>Share on Linkedin<\/span><\/a><\/li><li class='av-share-link av-social-link-tumblr' ><a target='_blank' href='http:\/\/www.tumblr.com\/share\/link?url=http%3A%2F%2Ffimaks.com%2Fen%2Fmixer-feeders%2Fhorizontal-mixer-feeders%2F9-cubic-meter-horizontal-mixer-feeder%2F&amp;name=9%20CUBIC%20METER%20%7C%20HORIZONTAL%20MIXER%20FEEDER&amp;description=' aria-hidden='true' data-av_icon='\ue8fa' data-av_iconfont='entypo-fontello' title='' data-avia-related-tooltip='Share on Tumblr'><span class='avia_hidden_link_text'>Share on Tumblr<\/span><\/a><\/li><li class='av-share-link av-social-link-vk' ><a target='_blank' href='http:\/\/vk.com\/share.php?url=http:\/\/fimaks.com\/en\/mixer-feeders\/horizontal-mixer-feeders\/9-cubic-meter-horizontal-mixer-feeder\/' aria-hidden='true' data-av_icon='\ue926' data-av_iconfont='entypo-fontello' title='' data-avia-related-tooltip='Share on Vk'><span class='avia_hidden_link_text'>Share on Vk<\/span><\/a><\/li><li class='av-share-link av-social-link-reddit' ><a target='_blank' href='http:\/\/reddit.com\/submit?url=http:\/\/fimaks.com\/en\/mixer-feeders\/horizontal-mixer-feeders\/9-cubic-meter-horizontal-mixer-feeder\/&amp;title=9%20CUBIC%20METER%20%7C%20HORIZONTAL%20MIXER%20FEEDER' aria-hidden='true' data-av_icon='\ue927' data-av_iconfont='entypo-fontello' title='' data-avia-related-tooltip='Share on Reddit'><span class='avia_hidden_link_text'>Share on Reddit<\/span><\/a><\/li><li class='av-share-link av-social-link-mail' ><a  href='mailto:?subject=9%20CUBIC%20METER%20%7C%20HORIZONTAL%20MIXER%20FEEDER&amp;body=http:\/\/fimaks.com\/en\/mixer-feeders\/horizontal-mixer-feeders\/9-cubic-meter-horizontal-mixer-feeder\/' aria-hidden='true' data-av_icon='\ue805' data-av_iconfont='entypo-fontello' title='' data-avia-related-tooltip='Share by Mail'><span class='avia_hidden_link_text'>Share by Mail<\/span><\/a><\/li><\/ul><\/div><\/div>\n<div  class='hr hr-default  '><span class='hr-inner ' ><span class='hr-inner-style'><\/span><\/span><\/div>\n<div  class='avia-video avia-video-16-9   '  itemprop=\"video\" itemtype=\"https:\/\/schema.org\/VideoObject\" ><div class='avia-iframe-wrap'><iframe loading=\"lazy\" width=\"1500\" height=\"844\" src=\"https:\/\/www.youtube.com\/embed\/sWytURWrZTU?feature=oembed\" frameborder=\"0\" allow=\"accelerometer; autoplay; encrypted-media; gyroscope; picture-in-picture\" allowfullscreen><\/iframe><\/div><\/div>\n<div  class='hr hr-default  '><span class='hr-inner ' ><span class='hr-inner-style'><\/span><\/span><\/div>\n<div class='avia-data-table-wrap avia_responsive_table'><table class='avia-table avia-data-table avia-table-1  avia_pricing_default '  itemscope=\"itemscope\" itemtype=\"https:\/\/schema.org\/Table\" ><tbody><tr class=''><td class=''>VOLUME (m3)<\/td><td class=''>9<\/td><\/tr><tr class=''><td class=''>DISCHARGE SYSTEM<\/td><td class=''>SIDE DISCHARGE WITH LATERAL CONVEYOR<\/td><\/tr><tr class=''><td class=''>NUMBER OF AUGERS<\/td><td class=''>1 MAIN AND 2 SIDE AUGERS<\/td><\/tr><tr class=''><td class=''>HEIGHT (mm)<\/td><td class=''>2700<\/td><\/tr><tr class=''><td class=''>LENGTH (mm)<\/td><td class=''>5800<\/td><\/tr><tr class=''><td class=''>WIDTH (mm)<\/td><td class=''>1900 (Conveyor Closed)<\/td><\/tr><tr class=''><td class=''>WEIGHT (kg)<\/td><td class=''>3950<\/td><\/tr><tr class=''><td class=''>POWER REQUIREMENT (kW\/hp)<\/td><td class=''>40\/55<\/td><\/tr><tr class=''><td class=''>NUMBER OF KNIVES (circle\/round)<\/td><td class=''>53+14<\/td><\/tr><tr class=''><td class=''>PTO (rpm)<\/td><td class=''>540<\/td><\/tr><tr class=''><td class=''>BOTTOM\/ BODY THICKNESS (mm)<\/td><td class=''>10\/8<\/td><\/tr><tr class=''><td class=''>TYRES<\/td><td class=''>2x(4.00&#215;60 R15.5)<\/td><\/tr><\/tbody><\/table><\/div><style type='text\/css'><\/style>\n<div  class='hr hr-default  '><span class='hr-inner ' ><span class='hr-inner-style'><\/span><\/span><\/div>\n<div class=\"flex_column av_one_third  flex_column_div av-zero-column-padding first  \" style='border-radius:0px; '><div class='avia-image-container  av-styling-  noHover  av-overlay-on-hover   avia-align-center '  itemprop=\"ImageObject\" itemscope=\"itemscope\" itemtype=\"https:\/\/schema.org\/ImageObject\"  ><div class='avia-image-container-inner'><div class='av-image-caption-overlay'><div class='av-caption-image-overlay-bg' style='opacity:0.4; background-color:#000000; '><\/div><div class='av-image-caption-overlay-position'><div class='av-image-caption-overlay-center' style='color:#ffffff; '><p>SPECIAL DESIGN AUGERS<\/p>\n<\/div><\/div><\/div><img class='avia_image ' src='http:\/\/fimaks.com\/wp-content\/uploads\/2018\/02\/yatay-yem-karma-makinesi-\u00f6zel-tasar\u0131m-helezonlar-21.jpg' alt='' title='yatay-yem-karma-makinesi-\u00f6zel-tasar\u0131m-helezonlar-2+1'   itemprop=\"thumbnailUrl\"  \/><\/div><\/div><\/div>\n<div class=\"flex_column av_one_third  flex_column_div av-zero-column-padding   \" style='border-radius:0px; '><div class='avia-image-container  av-styling-  noHover  av-overlay-on-hover   avia-align-center '  itemprop=\"ImageObject\" itemscope=\"itemscope\" itemtype=\"https:\/\/schema.org\/ImageObject\"  ><div class='avia-image-container-inner'><div class='av-image-caption-overlay'><div class='av-caption-image-overlay-bg' style='opacity:0.4; background-color:#000000; '><\/div><div class='av-image-caption-overlay-position'><div class='av-image-caption-overlay-center' style='color:#ffffff; '><p>SELF HYDRAULIC SYSTEM<\/p>\n<\/div><\/div><\/div><img class='avia_image ' src='http:\/\/fimaks.com\/wp-content\/uploads\/2018\/02\/yatay-yem-karma-makinesi-kendinden-hidrolik-sistem.jpg' alt='' title='yatay-yem-karma-makinesi-kendinden-hidrolik-sistem'   itemprop=\"thumbnailUrl\"  \/><\/div><\/div><\/div>\n<div class=\"flex_column av_one_third  flex_column_div av-zero-column-padding   \" style='border-radius:0px; '><div class='avia-image-container  av-styling-  noHover  av-overlay-on-hover   avia-align-center '  itemprop=\"ImageObject\" itemscope=\"itemscope\" itemtype=\"https:\/\/schema.org\/ImageObject\"  ><div class='avia-image-container-inner'><div class='av-image-caption-overlay'><div class='av-caption-image-overlay-bg' style='opacity:0.4; background-color:#000000; '><\/div><div class='av-image-caption-overlay-position'><div class='av-image-caption-overlay-center' style='color:#ffffff; '><p>LATERAL CONVEYOR<\/p>\n<\/div><\/div><\/div><img class='avia_image ' src='http:\/\/fimaks.com\/wp-content\/uploads\/2018\/02\/konvey\u00f6r-bantl\u0131-yatay-yem-karma-makinesi.jpg' alt='' title='konvey\u00f6r-bantl\u0131-yatay-yem-karma-makinesi'   itemprop=\"thumbnailUrl\"  \/><\/div><\/div><\/div>\n<div class=\"flex_column av_one_third  flex_column_div av-zero-column-padding first  \" style='border-radius:0px; '><div class='avia-image-container  av-styling-  noHover  av-overlay-on-hover   avia-align-center '  itemprop=\"ImageObject\" itemscope=\"itemscope\" itemtype=\"https:\/\/schema.org\/ImageObject\"  ><div class='avia-image-container-inner'><div class='av-image-caption-overlay'><div class='av-caption-image-overlay-bg' style='opacity:0.4; background-color:#000000; '><\/div><div class='av-image-caption-overlay-position'><div class='av-image-caption-overlay-center' style='color:#ffffff; '><p>OPTIONAL LOADING BUCKET<\/p>\n<\/div><\/div><\/div><img class='avia_image ' src='http:\/\/fimaks.com\/wp-content\/uploads\/2018\/02\/y\u00fckleme-kep\u00e7eli-yatay-yem-karma-makinesi.jpg' alt='' title='y\u00fckleme-kep\u00e7eli-yatay-yem-karma-makinesi'   itemprop=\"thumbnailUrl\"  \/><\/div><\/div><\/div>\n<div class=\"flex_column av_one_third  flex_column_div av-zero-column-padding   \" style='border-radius:0px; '><div class='avia-image-container  av-styling-  noHover  av-overlay-on-hover   avia-align-center '  itemprop=\"ImageObject\" itemscope=\"itemscope\" itemtype=\"https:\/\/schema.org\/ImageObject\"  ><div class='avia-image-container-inner'><div class='av-image-caption-overlay'><div class='av-caption-image-overlay-bg' style='opacity:0.4; background-color:#000000; '><\/div><div class='av-image-caption-overlay-position'><div class='av-image-caption-overlay-center' style='color:#ffffff; '><p>OPTIONAL WEIGHING SYSTEM<\/p>\n<\/div><\/div><\/div><img class='avia_image ' src='http:\/\/fimaks.com\/wp-content\/uploads\/2018\/02\/Kantarl\u0131-Tart\u0131l\u0131-Yem-Karma-Makinesi.jpg' alt='' title='Kantarl\u0131-Tart\u0131l\u0131-Yem-Karma-Makinesi'   itemprop=\"thumbnailUrl\"  \/><\/div><\/div><\/div>\n<div class=\"flex_column av_one_third  flex_column_div av-zero-column-padding   \" style='border-radius:0px; '><div class='avia-image-container  av-styling-  noHover  av-overlay-on-hover   avia-align-center '  itemprop=\"ImageObject\" itemscope=\"itemscope\" itemtype=\"https:\/\/schema.org\/ImageObject\"  ><div class='avia-image-container-inner'><div class='av-image-caption-overlay'><div class='av-caption-image-overlay-bg' style='opacity:0.4; background-color:#000000; '><\/div><div class='av-image-caption-overlay-position'><div class='av-image-caption-overlay-center' style='color:#ffffff; '><p>OPTIONAL MAGNET<\/p>\n<\/div><\/div><\/div><img class='avia_image ' src='http:\/\/fimaks.com\/wp-content\/uploads\/2018\/02\/MIKNATISLI-YEM-KARMA-MAK\u0130NES\u0130.jpg' alt='' title='MIKNATISLI-YEM-KARMA-MAK\u0130NES\u0130'   itemprop=\"thumbnailUrl\"  \/><\/div><\/div><\/div>\n\t<div  class='av_promobox  avia-button-yes '>\t\t<div class='avia-promocontent'><p>\nWe produce productivity. Get a quotation.<\/p>\n<\/div><div class='avia-button-wrap avia-button-right '><a href='http:\/\/fimaks.com\/iletisim\/' class='avia-button   avia-icon_select-no avia-color-theme-color avia-size-large avia-position-right '   ><span class='avia_iconbox_title' >Contact<\/span><\/a><\/div>\t<\/div>\n<div class='avia-image-container  av-styling-no-styling    avia-align-center '  itemprop=\"ImageObject\" itemscope=\"itemscope\" itemtype=\"https:\/\/schema.org\/ImageObject\"  ><div class='avia-image-container-inner'><a href='http:\/\/fimaks.com\/multimedya\/kataloglar\/' class='avia_image'   target=\"_blank\" ><img class='avia_image ' src='http:\/\/fimaks.com\/wp-content\/uploads\/2018\/02\/YEM-KARMA-MAK\u0130NELER\u0130-KATALOG2.jpg' alt='YEM-KARMA-MAK\u0130NELER\u0130-KATALOG2' title='YEM-KARMA-MAK\u0130NELER\u0130-KATALOG2'  itemprop=\"thumbnailUrl\"  \/><\/a><\/div><\/div>\n","protected":false},"excerpt":{"rendered":"","protected":false},"author":1,"featured_media":0,"parent":7557,"menu_order":0,"comment_status":"closed","ping_status":"closed","template":"","meta":{"_exactmetrics_skip_tracking":false,"_exactmetrics_sitenote_active":false,"_exactmetrics_sitenote_note":"","_exactmetrics_sitenote_category":0,"footnotes":""},"yst_prominent_words":[],"class_list":["post-7519","page","type-page","status-publish","hentry"],"_links":{"self":[{"href":"http:\/\/fimaks.com\/en\/wp-json\/wp\/v2\/pages\/7519","targetHints":{"allow":["GET"]}}],"collection":[{"href":"http:\/\/fimaks.com\/en\/wp-json\/wp\/v2\/pages"}],"about":[{"href":"http:\/\/fimaks.com\/en\/wp-json\/wp\/v2\/types\/page"}],"author":[{"embeddable":true,"href":"http:\/\/fimaks.com\/en\/wp-json\/wp\/v2\/users\/1"}],"replies":[{"embeddable":true,"href":"http:\/\/fimaks.com\/en\/wp-json\/wp\/v2\/comments?post=7519"}],"version-history":[{"count":43,"href":"http:\/\/fimaks.com\/en\/wp-json\/wp\/v2\/pages\/7519\/revisions"}],"predecessor-version":[{"id":20367,"href":"http:\/\/fimaks.com\/en\/wp-json\/wp\/v2\/pages\/7519\/revisions\/20367"}],"up":[{"embeddable":true,"href":"http:\/\/fimaks.com\/en\/wp-json\/wp\/v2\/pages\/7557"}],"wp:attachment":[{"href":"http:\/\/fimaks.com\/en\/wp-json\/wp\/v2\/media?parent=7519"}],"wp:term":[{"taxonomy":"yst_prominent_words","embeddable":true,"href":"http:\/\/fimaks.com\/en\/wp-json\/wp\/v2\/yst_prominent_words?post=7519"}],"curies":[{"name":"wp","href":"https:\/\/api.w.org\/{rel}","templated":true}]}}