{"id":7634,"date":"2018-03-15T09:58:06","date_gmt":"2018-03-15T06:58:06","guid":{"rendered":"http:\/\/fimaks.com\/about-us\/"},"modified":"2025-09-17T09:25:29","modified_gmt":"2025-09-17T06:25:29","slug":"about-us","status":"publish","type":"page","link":"http:\/\/fimaks.com\/en\/about-us\/","title":{"rendered":"ABOUT US"},"content":{"rendered":"<div class='av-hotspot-image-container avia_animate_when_almost_visible   av-hotspot-numbered av-mobile-fallback-active    av-non-fullwidth-hotspot-image '  itemprop=\"ImageObject\" itemscope=\"itemscope\" itemtype=\"https:\/\/schema.org\/ImageObject\"  ><div class='av-hotspot-container'><div class='av-hotspot-container-inner-cell'><div class='av-hotspot-container-inner-wrap'><img class='avia_image ' src='http:\/\/fimaks.com\/wp-content\/uploads\/2013\/04\/Fimaks-T\u00fcrkiyeden-100-\u00dclkeye-2.jpg' alt='Fimaks-T\u00fcrkiye&#039;den-100-\u00dclkeye' title='Fimaks-T\u00fcrkiye&#039;den-100-\u00dclkeye'   itemprop=\"thumbnailUrl\"  \/><\/div><\/div><\/div><\/div>\n<\/div><\/div><\/div><!-- close content main div --><\/div><\/div><div id='av_section_1' class='avia-section main_color avia-section-default avia-no-shadow avia-bg-style-scroll   container_wrap sidebar_right'   ><div class='container' ><div class='template-page content  av-content-small alpha units'><div class='post-entry post-entry-type-page post-entry-7634'><div class='entry-content-wrapper clearfix'>\n<div class=\"flex_column av_one_half  flex_column_div av-zero-column-padding first  \" style='border-radius:0px; '><section class=\"av_textblock_section \"  itemscope=\"itemscope\" itemtype=\"https:\/\/schema.org\/CreativeWork\" ><div class='avia_textblock  '   itemprop=\"text\" ><p><strong>FIMAKS MUSTAFAKEMALPA\u015eA PRODUCTION FACILITY<br \/>\n<\/strong>(Closed Area: 22,000 m\u00b2)<\/p>\n<p data-start=\"164\" data-end=\"408\">The Fimaks Mustafakemalpa\u015fa Production Facility is located in the Organized Industrial Zone of Mustafakemalpa\u015fa, Bursa. In addition to manufacturing, the facility also hosts R&amp;D, service, spare parts, and international operations departments.<\/p>\n<p data-start=\"410\" data-end=\"753\">Equipped with modern assembly lines, high-precision CNC machines, welding robots, a pre-painting sandblasting unit, and state-of-the-art powder coating systems, the facility ensures high-quality production. With its ISO-certified quality management system, Fimaks consistently delivers durable and long-lasting machines under all conditions.<\/p>\n<p data-start=\"755\" data-end=\"1025\">Every machine is developed in the R&amp;D department using computer-aided design (CAD) software, allowing potential issues to be detected and resolved before production. This approach ensures the delivery of safer, higher-quality, and more efficient machines to customers.<\/p>\n<\/div><\/section><\/div><div class=\"flex_column av_one_half  flex_column_div av-zero-column-padding   \" style='border-radius:0px; '><div  data-size='no scaling'  data-lightbox_size='large'  data-animation='slide'  data-ids='18287'  data-video_counter='0'  data-autoplay='false'  data-bg_slider='false'  data-slide_height=''  data-handle='av_slideshow'  data-interval='5'  data-class=' '  data-css_id=''  data-scroll_down=''  data-control_layout='av-control-default'  data-custom_markup=''  data-perma_caption=''  data-autoplay_stopper=''  data-image_attachment=''  data-min_height='0px'  class='avia-slideshow avia-slideshow-1  av-control-default av-default-height-applied avia-slideshow-no scaling av_slideshow   avia-slide-slider '  itemprop=\"ImageObject\" itemscope=\"itemscope\" itemtype=\"https:\/\/schema.org\/ImageObject\" ><ul class='avia-slideshow-inner' style='padding-bottom: 55.916666666667%;'><li  class=' av-single-slide slide-1 ' ><div data-rel='slideshow-1' class='avia-slide-wrap'  ><img src='http:\/\/fimaks.com\/wp-content\/uploads\/2020\/03\/DJI_0040.jpg' width='1200' height='671' title='DJI_0040' alt=''  itemprop=\"thumbnailUrl\"   \/><\/div><\/li><\/ul><\/div><\/div><\/div><\/div><\/div><!-- close content main div --><\/div><\/div><div id='after_section_1' class='main_color av_default_container_wrap container_wrap sidebar_right'   ><div class='container' ><div class='template-page content  av-content-small alpha units'><div class='post-entry post-entry-type-page post-entry-7634'><div class='entry-content-wrapper clearfix'><\/div><\/div><\/div><!-- close content main div --><\/div><\/div><div id='av_section_2' class='avia-section main_color avia-section-default avia-no-shadow avia-bg-style-scroll   container_wrap sidebar_right'   ><div class='container' ><div class='template-page content  av-content-small alpha units'><div class='post-entry post-entry-type-page post-entry-7634'><div class='entry-content-wrapper clearfix'>\n<div class=\"flex_column av_one_half  flex_column_div first  \" ><p><div style='padding-bottom:10px;' class='av-special-heading av-special-heading-h3 meta-heading   '><h3 class='av-special-heading-tag '  itemprop=\"headline\"  >From Turkey to over 120 countries!<\/h3><div class='special-heading-border'><div class='special-heading-inner-border' ><\/div><\/div><\/div><br \/>\n<section class=\"av_textblock_section \"  itemscope=\"itemscope\" itemtype=\"https:\/\/schema.org\/CreativeWork\" ><div class='avia_textblock  '   itemprop=\"text\" ><p>Fimaks machines are used all around the world and have become industry leaders in many countries, proudly representing the Turkish machinery industry on a global scale.<\/p>\n<\/div><\/section><br \/>\n<div  class='avia-video avia-video-16-9   '  itemprop=\"video\" itemtype=\"https:\/\/schema.org\/VideoObject\" ><div class='avia-iframe-wrap'><iframe loading=\"lazy\" width=\"1500\" height=\"844\" src=\"https:\/\/www.youtube.com\/embed\/mjyqrWNxbaU?feature=oembed\" frameborder=\"0\" allow=\"autoplay; encrypted-media\" allowfullscreen><\/iframe><\/div><\/div><br \/>\n<div style='padding-bottom:10px;' class='av-special-heading av-special-heading-h3 meta-heading    '><h3 class='av-special-heading-tag '  itemprop=\"headline\"  >Social Responsibilities<\/h3><div class='special-heading-border'><div class='special-heading-inner-border' ><\/div><\/div><\/div><br \/>\n<section class=\"av_textblock_section \"  itemscope=\"itemscope\" itemtype=\"https:\/\/schema.org\/CreativeWork\" ><div class='avia_textblock  '   itemprop=\"text\" ><ul data-start=\"600\" data-end=\"965\">\n<li data-start=\"600\" data-end=\"675\">\n<p data-start=\"602\" data-end=\"675\">We raise awareness among our customers about agriculture and livestock,<\/p>\n<\/li>\n<li data-start=\"676\" data-end=\"755\">\n<p data-start=\"678\" data-end=\"755\">We provide the highest quality products at the most competitive conditions,<\/p>\n<\/li>\n<li data-start=\"756\" data-end=\"834\">\n<p data-start=\"758\" data-end=\"834\">We act with respect and responsibility towards the environment and nature,<\/p>\n<\/li>\n<li data-start=\"835\" data-end=\"898\">\n<p data-start=\"837\" data-end=\"898\">We work to create a better future for the next generations,<\/p>\n<\/li>\n<li data-start=\"899\" data-end=\"965\">\n<p data-start=\"901\" data-end=\"965\">We prioritize the development and well-being of our employees.<\/p>\n<\/li>\n<\/ul>\n<p data-start=\"967\" data-end=\"1089\">With these principles, we dedicate all our resources to keeping customer and employee satisfaction at the highest level.<\/p>\n<\/div><\/section><br \/>\n<div class='avia-image-container  av-styling-    avia-align-center '  itemprop=\"ImageObject\" itemscope=\"itemscope\" itemtype=\"https:\/\/schema.org\/ImageObject\"  ><div class='avia-image-container-inner'><img class='avia_image ' src='http:\/\/fimaks.com\/wp-content\/uploads\/2013\/04\/TAYLAND-FIMAKS.jpg' alt='' title='TAYLAND FIMAKS'   itemprop=\"thumbnailUrl\"  \/><\/div><\/div><br \/>\n<div class='avia-image-container  av-styling-    avia-align-center '  itemprop=\"ImageObject\" itemscope=\"itemscope\" itemtype=\"https:\/\/schema.org\/ImageObject\"  ><div class='avia-image-container-inner'><img class='avia_image ' src='http:\/\/fimaks.com\/wp-content\/uploads\/2013\/04\/KENYA-FIMAKS.jpg' alt='' title='KENYA-FIMAKS'   itemprop=\"thumbnailUrl\"  \/><\/div><\/div><br \/>\n<div class='avia-image-container  av-styling-    avia-align-center '  itemprop=\"ImageObject\" itemscope=\"itemscope\" itemtype=\"https:\/\/schema.org\/ImageObject\"  ><div class='avia-image-container-inner'><img class='avia_image ' src='http:\/\/fimaks.com\/wp-content\/uploads\/2018\/08\/KOLOMBIYA-FIMAKS.jpg' alt='' title='KOLOMBIYA-FIMAKS'   itemprop=\"thumbnailUrl\"  \/><\/div><\/div><br \/>\n<div class='avia-image-container  av-styling-    avia-align-center '  itemprop=\"ImageObject\" itemscope=\"itemscope\" itemtype=\"https:\/\/schema.org\/ImageObject\"  ><div class='avia-image-container-inner'><img class='avia_image ' src='http:\/\/fimaks.com\/wp-content\/uploads\/2018\/08\/H\u0130ND\u0130STAN-F\u0130MAKS.jpg' alt='' title='H\u0130ND\u0130STAN-F\u0130MAKS'   itemprop=\"thumbnailUrl\"  \/><\/div><\/div><br \/>\n<div class='avia-image-container  av-styling-    avia-align-center '  itemprop=\"ImageObject\" itemscope=\"itemscope\" itemtype=\"https:\/\/schema.org\/ImageObject\"  ><div class='avia-image-container-inner'><img class='avia_image ' src='http:\/\/fimaks.com\/wp-content\/uploads\/2018\/08\/PERU-FIMAKS.jpg' alt='' title='PERU-FIMAKS'   itemprop=\"thumbnailUrl\"  \/><\/div><\/div><br \/>\n<div class='avia-image-container  av-styling-    avia-align-center '  itemprop=\"ImageObject\" itemscope=\"itemscope\" itemtype=\"https:\/\/schema.org\/ImageObject\"  ><div class='avia-image-container-inner'><img class='avia_image ' src='http:\/\/fimaks.com\/wp-content\/uploads\/2018\/08\/KOSTA-RIKA-FIMAKS.jpg' alt='' title='KOSTA-RIKA-FIMAKS'   itemprop=\"thumbnailUrl\"  \/><\/div><\/div><\/p><\/div><div class=\"flex_column av_one_half  flex_column_div av-zero-column-padding   \" style='border-radius:0px; '><p><div style='padding-bottom:10px;' class='av-special-heading av-special-heading-h3 meta-heading    '><h3 class='av-special-heading-tag '  itemprop=\"headline\"  >Fimaks Policy<\/h3><div class='special-heading-border'><div class='special-heading-inner-border' ><\/div><\/div><\/div><br \/>\n<div class='avia-icon-list-container  '><ul class='avia-icon-list avia-icon-list-left av-iconlist-big avia_animate_when_almost_visible'>\n<li><div  class='iconlist_icon  avia-font-entypo-fontello'><span class='iconlist-char ' aria-hidden='true' data-av_icon='\ue81f' data-av_iconfont='entypo-fontello'><\/span><\/div><article class=\"article-icon-entry \"  itemscope=\"itemscope\" itemtype=\"https:\/\/schema.org\/CreativeWork\" ><div class='iconlist_content_wrap'><header class=\"entry-content-header\"><h4 class='av_iconlist_title iconlist_title  '  itemprop=\"headline\"  >USAGE OF TECHNOLOGY<\/h4><\/header><div class='iconlist_content  '  itemprop=\"text\"  ><p>Fimaks shapes the agricultural machinery industry with machines produced using the latest technologies. With welding robots, computer-controlled CNC machines, and automatic painting systems, the company continuously applies technology while closely following new innovations. By exporting to technologically advanced countries such as Germany, Japan, South Korea, and Switzerland, Fimaks proudly represents the Turkish machinery industry on the global stage.<\/p>\n<\/div><\/div><footer class=\"entry-footer\"><\/footer><\/article><div class='iconlist-timeline'><\/div><\/li>\n<li><div  class='iconlist_icon  avia-font-entypo-fontello'><span class='iconlist-char ' aria-hidden='true' data-av_icon='\ue864' data-av_iconfont='entypo-fontello'><\/span><\/div><article class=\"article-icon-entry \"  itemscope=\"itemscope\" itemtype=\"https:\/\/schema.org\/CreativeWork\" ><div class='iconlist_content_wrap'><header class=\"entry-content-header\"><h4 class='av_iconlist_title iconlist_title  '  itemprop=\"headline\"  >RESEARCH AND DEVELOPMENT<\/h4><\/header><div class='iconlist_content  '  itemprop=\"text\"  ><p>Fimaks never pauses its R&amp;D efforts. The R&amp;D department is constantly engaged in research and innovation to enhance the machines. Through continuous testing and improvements, the machines are refined to reach their optimal form.<\/p>\n<\/div><\/div><footer class=\"entry-footer\"><\/footer><\/article><div class='iconlist-timeline'><\/div><\/li>\n<li><div  class='iconlist_icon  avia-font-entypo-fontello'><span class='iconlist-char ' aria-hidden='true' data-av_icon='\ue856' data-av_iconfont='entypo-fontello'><\/span><\/div><article class=\"article-icon-entry \"  itemscope=\"itemscope\" itemtype=\"https:\/\/schema.org\/CreativeWork\" ><div class='iconlist_content_wrap'><header class=\"entry-content-header\"><h4 class='av_iconlist_title iconlist_title  '  itemprop=\"headline\"  >AFTER SALES SERVICES<\/h4><\/header><div class='iconlist_content  '  itemprop=\"text\"  ><p>Fimaks provides services across Turkey through its fixed and mobile service network. Spare parts are manufactured and stocked in its production facilities, ensuring year-round availability in Fimaks warehouses.<\/p>\n<\/div><\/div><footer class=\"entry-footer\"><\/footer><\/article><div class='iconlist-timeline'><\/div><\/li>\n<li><div  class='iconlist_icon  avia-font-entypo-fontello'><span class='iconlist-char ' aria-hidden='true' data-av_icon='\ue84b' data-av_iconfont='entypo-fontello'><\/span><\/div><article class=\"article-icon-entry \"  itemscope=\"itemscope\" itemtype=\"https:\/\/schema.org\/CreativeWork\" ><div class='iconlist_content_wrap'><header class=\"entry-content-header\"><h4 class='av_iconlist_title iconlist_title  '  itemprop=\"headline\"  >QUALITY POLICY<\/h4><\/header><div class='iconlist_content  '  itemprop=\"text\"  ><p>Our company is guided by the mission of &#8220;Becoming a Global Brand in Agricultural Mechanization&#8221; and the vision of &#8220;Becoming a Global Company in the Industrial Field.&#8221; We are committed to exceeding our customers\u2019 quality expectations through our strong brand, robust production capacity, and extensive industry expertise. We ensure continuous improvement by fully complying with national and international regulations, standards, and legal obligations, as well as meeting the requirements of the ISO 9001 Quality Management System, which includes after-sales services.<\/p>\n<p>In this context:<\/p>\n<ol>\n<li>Governance and Organizational Development<\/li>\n<\/ol>\n<ul>\n<li>We are dedicated to fostering a corporate governance approach that ensures continuous development, transformation, and improvement through transparent and effective communication methods.<\/li>\n<li>Through sustainable formalization efforts, we strengthen our organization by promoting process leadership and encouraging innovative thinking.<\/li>\n<\/ul>\n<ol start=\"2\">\n<li>Excellence in Quality Management<\/li>\n<\/ol>\n<ul>\n<li>We align all business processes with strategic management principles, monitor them through performance measurement systems, and pursue continuous improvement.<\/li>\n<li>We structure our processes to fully meet expectations, prioritize internal customer satisfaction, and enhance them using self-assessment mechanisms.<\/li>\n<\/ul>\n<ol start=\"3\">\n<li>Simplicity, Digitalization, and Innovation<\/li>\n<\/ol>\n<ul>\n<li>Each year, we develop and implement innovative projects across all business units to exceed customer expectations.<\/li>\n<li>By integrating the principles of digitalization and simplicity into our projects, we aim to enhance operational efficiency and utilize our resources effectively.<\/li>\n<\/ul>\n<ol start=\"4\">\n<li>Happy and Skilled Employees<\/li>\n<\/ol>\n<ul>\n<li>Under the FIMAKS Academy umbrella, we offer comprehensive and innovative training programs to support the academic and professional development of our employees.<\/li>\n<li>We organize social and cultural activities to enrich our employees&#8217; quality of life and ensure a healthy work-life balance.<\/li>\n<\/ul>\n<ol start=\"5\">\n<li>Global Growth and Competitive Strength<\/li>\n<\/ol>\n<ul>\n<li>With our strong brand and expanding dealer network, we aim to achieve sustainable growth in both domestic and international markets.<\/li>\n<\/ul>\n<\/div><\/div><footer class=\"entry-footer\"><\/footer><\/article><div class='iconlist-timeline'><\/div><\/li>\n<li><div  class='iconlist_icon  avia-font-entypo-fontello'><span class='iconlist-char ' aria-hidden='true' data-av_icon='\ue8b7' data-av_iconfont='entypo-fontello'><\/span><\/div><article class=\"article-icon-entry \"  itemscope=\"itemscope\" itemtype=\"https:\/\/schema.org\/CreativeWork\" ><div class='iconlist_content_wrap'><header class=\"entry-content-header\"><h4 class='av_iconlist_title iconlist_title  '  itemprop=\"headline\"  >FUTURE ROLE<\/h4><\/header><div class='iconlist_content  '  itemprop=\"text\"  ><p>Fimaks aims to continuously expand its market share and become one of the world\u2019s leading companies in its product segment. Its mission is to develop innovative technological solutions that help farmers in Turkey and around the world overcome nutritional challenges.<\/p>\n<\/div><\/div><footer class=\"entry-footer\"><\/footer><\/article><div class='iconlist-timeline'><\/div><\/li>\n<li><div  class='iconlist_icon  avia-font-entypo-fontello'><span class='iconlist-char ' aria-hidden='true' data-av_icon='\ue836' data-av_iconfont='entypo-fontello'><\/span><\/div><article class=\"article-icon-entry \"  itemscope=\"itemscope\" itemtype=\"https:\/\/schema.org\/CreativeWork\" ><div class='iconlist_content_wrap'><header class=\"entry-content-header\"><h4 class='av_iconlist_title iconlist_title  '  itemprop=\"headline\"  >PRODUCTIVE ROLE<\/h4><\/header><div class='iconlist_content  '  itemprop=\"text\"  ><p>Fimaks is committed to raising customer awareness about agricultural mechanization and providing optimal solutions with maximum efficiency. The company dedicates all its resources to enhancing the knowledge, competence, and satisfaction of each team member. Furthermore, it aims to implement effective efficiency management with a creative mindset and respect for the environment.<\/p>\n<\/div><\/div><footer class=\"entry-footer\"><\/footer><\/article><div class='iconlist-timeline'><\/div><\/li>\n<\/ul><\/div><\/p><\/div>\n<\/div><\/div><\/div><!-- close content main div --><\/div><\/div><div id='after_section_2' class='main_color av_default_container_wrap container_wrap sidebar_right'   ><div class='container' ><div class='template-page content  av-content-small alpha units'><div class='post-entry post-entry-type-page post-entry-7634'><div class='entry-content-wrapper clearfix'><\/p>\n<div class='av-hotspot-image-container avia_animate_when_almost_visible   av-hotspot-numbered av-mobile-fallback-active    av-non-fullwidth-hotspot-image '  itemprop=\"ImageObject\" itemscope=\"itemscope\" itemtype=\"https:\/\/schema.org\/ImageObject\"  ><div class='av-hotspot-container'><div class='av-hotspot-container-inner-cell'><div class='av-hotspot-container-inner-wrap'><img class='avia_image ' src='http:\/\/fimaks.com\/wp-content\/uploads\/2013\/04\/Untitled-4-80x1.jpg' alt='' title='Untitled-4'   itemprop=\"thumbnailUrl\"  \/><\/div><\/div><\/div><\/div>\n","protected":false},"excerpt":{"rendered":"","protected":false},"author":1,"featured_media":0,"parent":0,"menu_order":0,"comment_status":"open","ping_status":"open","template":"","meta":{"_exactmetrics_skip_tracking":false,"_exactmetrics_sitenote_active":false,"_exactmetrics_sitenote_note":"","_exactmetrics_sitenote_category":0,"footnotes":""},"yst_prominent_words":[],"class_list":["post-7634","page","type-page","status-publish","hentry"],"_links":{"self":[{"href":"http:\/\/fimaks.com\/en\/wp-json\/wp\/v2\/pages\/7634","targetHints":{"allow":["GET"]}}],"collection":[{"href":"http:\/\/fimaks.com\/en\/wp-json\/wp\/v2\/pages"}],"about":[{"href":"http:\/\/fimaks.com\/en\/wp-json\/wp\/v2\/types\/page"}],"author":[{"embeddable":true,"href":"http:\/\/fimaks.com\/en\/wp-json\/wp\/v2\/users\/1"}],"replies":[{"embeddable":true,"href":"http:\/\/fimaks.com\/en\/wp-json\/wp\/v2\/comments?post=7634"}],"version-history":[{"count":41,"href":"http:\/\/fimaks.com\/en\/wp-json\/wp\/v2\/pages\/7634\/revisions"}],"predecessor-version":[{"id":27289,"href":"http:\/\/fimaks.com\/en\/wp-json\/wp\/v2\/pages\/7634\/revisions\/27289"}],"wp:attachment":[{"href":"http:\/\/fimaks.com\/en\/wp-json\/wp\/v2\/media?parent=7634"}],"wp:term":[{"taxonomy":"yst_prominent_words","embeddable":true,"href":"http:\/\/fimaks.com\/en\/wp-json\/wp\/v2\/yst_prominent_words?post=7634"}],"curies":[{"name":"wp","href":"https:\/\/api.w.org\/{rel}","templated":true}]}}