{"id":11482,"date":"2018-04-04T16:58:57","date_gmt":"2018-04-04T13:58:57","guid":{"rendered":"http:\/\/fimaks.com\/mixer-2-5m3-l-serie-eco-l-fmv2-5s\/"},"modified":"2021-07-08T12:26:51","modified_gmt":"2021-07-08T09:26:51","slug":"mixer-2-5m3-l-serie-eco-l-fmv2-5s","status":"publish","type":"page","link":"http:\/\/fimaks.com\/es\/mixers\/mixers-serie-eco\/mixer-2-5m3-l-serie-eco-l-fmv2-5s\/","title":{"rendered":"MIXER 2.5M3 l SERIE ECO l FMV2.5S"},"content":{"rendered":"<div class='av-hotspot-image-container avia_animate_when_almost_visible   avia_animated_image avia_animate_when_almost_visible fade-in av-hotspot-numbered av-mobile-fallback-active    av-non-fullwidth-hotspot-image '  itemprop=\"ImageObject\" itemscope=\"itemscope\" itemtype=\"https:\/\/schema.org\/ImageObject\"  ><div class='av-hotspot-container'><div class='av-hotspot-container-inner-cell'><div class='av-hotspot-container-inner-wrap'><div class='av-image-hotspot' data-avia-tooltip-position='right' data-avia-tooltip-alignment='centered' data-avia-tooltip-class='av-tt-default-width av-tt-pos-right av-tt-align-centered  av-mobile-fallback-active  transparent_dark av-tt-hotspot' data-avia-tooltip='&lt;p&gt;CUERPO EN ACERO ST52&lt;\/p&gt;\n' style='top: 62.3%; left: 50.4%; '><div class='av-image-hotspot_inner' style='background-color: #c2c9ce; color: #000000;'>1<\/div><div class='av-image-hotspot-pulse' style='background-color:#e8e8e8;'><\/div><\/div><div class='av-image-hotspot' data-avia-tooltip-position='bottom' data-avia-tooltip-alignment='centered' data-avia-tooltip-class='av-tt-default-width av-tt-pos-below av-tt-align-centered  av-mobile-fallback-active  transparent_dark av-tt-hotspot' data-avia-tooltip='&lt;p&gt;CAJA PLANETARIA DURADERA&lt;\/p&gt;\n' style='top: 86.4%; left: 53.4%; '><div class='av-image-hotspot_inner' style='background-color: #c2c9ce; color: #000000;'>2<\/div><div class='av-image-hotspot-pulse' style='background-color:#ffffff;'><\/div><\/div><div class='av-image-hotspot' data-avia-tooltip-position='top' data-avia-tooltip-alignment='left' data-avia-tooltip-class='av-tt-default-width av-tt-pos-above av-tt-align-left  av-mobile-fallback-active  transparent_dark av-tt-hotspot' data-avia-tooltip='&lt;p&gt;CONTRACUCHILLAS AJUSTABLES&lt;\/p&gt;\n' style='top: 73%; left: 48.1%; '><div class='av-image-hotspot_inner' style='background-color: #c2c9ce; color: #000000;'>3<\/div><div class='av-image-hotspot-pulse' style='background-color:#ffffff;'><\/div><\/div><div class='av-image-hotspot' data-avia-tooltip-position='top' data-avia-tooltip-alignment='left' data-avia-tooltip-class='av-tt-default-width av-tt-pos-above av-tt-align-left  av-mobile-fallback-active  transparent_dark av-tt-hotspot' data-avia-tooltip='&lt;p&gt;EJES REFORZADOS&lt;\/p&gt;\n' style='top: 84.6%; left: 56.8%; '><div class='av-image-hotspot_inner' style='background-color: #c2c9ce; color: #000000;'>4<\/div><div class='av-image-hotspot-pulse' style='background-color:#ffffff;'><\/div><\/div><div class='av-image-hotspot' data-avia-tooltip-position='top' data-avia-tooltip-alignment='left' data-avia-tooltip-class='av-tt-default-width av-tt-pos-above av-tt-align-left  av-mobile-fallback-active  transparent_dark av-tt-hotspot' data-avia-tooltip='&lt;p&gt;PROTECCION CONTRA SOBRECARGAS&lt;\/p&gt;\n' style='top: 43%; left: 43.6%; '><div class='av-image-hotspot_inner' style='background-color: #c2c9ce; color: #000000;'>5<\/div><div class='av-image-hotspot-pulse' style='background-color:#ffffff;'><\/div><\/div><div class='av-image-hotspot' data-avia-tooltip-position='top' data-avia-tooltip-alignment='left' data-avia-tooltip-class='av-tt-default-width av-tt-pos-above av-tt-align-left  av-mobile-fallback-active  transparent_dark av-tt-hotspot' data-avia-tooltip='&lt;p&gt;PARTES HIDRAULICAS DE ALTO DESEMPE\u00d1O&lt;\/p&gt;\n' style='top: 52.7%; left: 58.6%; '><div class='av-image-hotspot_inner' style='background-color: #c2c9ce; color: #000000;'>6<\/div><div class='av-image-hotspot-pulse' style='background-color:#ffffff;'><\/div><\/div><img class='avia_image ' src='http:\/\/fimaks.com\/wp-content\/uploads\/2018\/02\/FIMAKS-YEM-KARMA-MAKINESI-1.5-METREKUP-1.png' alt='FIMAKS-YEM-KARMA-MAKINESI-1.5-METREKUP' title='FIMAKS-YEM-KARMA-MAKINESI-1.5-METREKUP'   itemprop=\"thumbnailUrl\"  \/><\/div><\/div><\/div><div class='av-hotspot-fallback-tooltip'><div class='av-hotspot-fallback-tooltip-count'>1<div class='avia-arrow'><\/div><\/div><div class='av-hotspot-fallback-tooltip-inner clearfix'><p>\nCUERPO EN ACERO ST52<\/p>\n<\/div><\/div><div class='av-hotspot-fallback-tooltip'><div class='av-hotspot-fallback-tooltip-count'>2<div class='avia-arrow'><\/div><\/div><div class='av-hotspot-fallback-tooltip-inner clearfix'><p>\nCAJA PLANETARIA DURADERA<\/p>\n<\/div><\/div><div class='av-hotspot-fallback-tooltip'><div class='av-hotspot-fallback-tooltip-count'>3<div class='avia-arrow'><\/div><\/div><div class='av-hotspot-fallback-tooltip-inner clearfix'><p>\nCONTRACUCHILLAS AJUSTABLES<\/p>\n<\/div><\/div><div class='av-hotspot-fallback-tooltip'><div class='av-hotspot-fallback-tooltip-count'>4<div class='avia-arrow'><\/div><\/div><div class='av-hotspot-fallback-tooltip-inner clearfix'><p>\nEJES REFORZADOS<\/p>\n<\/div><\/div><div class='av-hotspot-fallback-tooltip'><div class='av-hotspot-fallback-tooltip-count'>5<div class='avia-arrow'><\/div><\/div><div class='av-hotspot-fallback-tooltip-inner clearfix'><p>\nPROTECCION CONTRA SOBRECARGAS<\/p>\n<\/div><\/div><div class='av-hotspot-fallback-tooltip'><div class='av-hotspot-fallback-tooltip-count'>6<div class='avia-arrow'><\/div><\/div><div class='av-hotspot-fallback-tooltip-inner clearfix'><p>\nPARTES HIDRAULICAS DE ALTO DESEMPE\u00d1O<\/p>\n<\/div><\/div><\/div>\n<div style='padding-bottom:10px;' class='av-special-heading av-special-heading-h1  blockquote modern-quote modern-centered   av-thin-font '><h1 class='av-special-heading-tag '  itemprop=\"headline\"  >2.5 METROS CUBICOS | MIXER ECO<br \/>|<strong> FMV 2.5S<\/strong> |<\/h1><div class='special-heading-border'><div class='special-heading-inner-border' ><\/div><\/div><\/div>\n<div  class='hr hr-default  '><span class='hr-inner ' ><span class='hr-inner-style'><\/span><\/span><\/div>\n<section class=\"av_textblock_section \"  itemscope=\"itemscope\" itemtype=\"https:\/\/schema.org\/CreativeWork\" ><div class='avia_textblock  '   itemprop=\"text\" ><p><span class=\"av_dropcap1 \" >F<\/span>imaks FMV 2.5S eco mixer es la soluci\u00f3n ideal para granjas de entre 20 a 40 animales. Esta maquina ha sido considerada para las necesidades de granjas a peque\u00f1a escala. EL sistema de sinf\u00edn vertical requiere muy poca potencia para el mezclado para un mejor rendimiento \u00f3ptimo.<\/p>\n<p>El eficiente dise\u00f1o del sinf\u00edn, junto con los cuchillos especialmente endurecidos montados en \u00e9l, cortan los fardos r\u00e1pidamente creando raciones homog\u00e9neas con otros ingredientes. No hay puntos muertos por su mismo dise\u00f1o del cuerpo del mixer para raciones m\u00e1s higi\u00e9nica en comparaci\u00f3n con otros mixers del mercado. Mixers f\u00e1ciles de operar que incrementan la rentabilidad de su negocio.<\/p>\n<p>Con cuerpo en acero ST52, bajo perfil y muchas otras caracter\u00edsticas que hacen que los mixers Fimaks sean muy f\u00e1ciles de operar, hacer mantenimiento y para maniobrar. El balde de carga hidr\u00e1ulico, sistema hidr\u00e1ulico independiente y puerta de descarga hidr\u00e1ulica son elementos est\u00e1ndar en el equipo mixer ECO de 2.5m3.<\/p>\n<p>Otros sistemas adicionales son:<\/p>\n<p>-Sistema de pesaje electr\u00f3nico<\/p>\n<p>-Tren de transmisi\u00f3n el\u00e9ctrico<\/p>\n<p>-Llamas m\u00e1s grandes<\/p>\n<\/div><\/section>\n<div  class='hr hr-default  '><span class='hr-inner ' ><span class='hr-inner-style'><\/span><\/span><\/div>\n<div  class='avia-video avia-video-16-9   '  itemprop=\"video\" itemtype=\"https:\/\/schema.org\/VideoObject\" ><div class='avia-iframe-wrap'><iframe loading=\"lazy\" width=\"1500\" height=\"844\" src=\"https:\/\/www.youtube.com\/embed\/cuI1jKD4_jQ?feature=oembed\" frameborder=\"0\" allow=\"autoplay; encrypted-media\" allowfullscreen><\/iframe><\/div><\/div>\n<div  class='hr hr-default  '><span class='hr-inner ' ><span class='hr-inner-style'><\/span><\/span><\/div>\n<div class='avia-data-table-wrap avia_responsive_table'><table class='avia-table avia-data-table avia-table-1  avia_pricing_default '  itemscope=\"itemscope\" itemtype=\"https:\/\/schema.org\/Table\" ><tbody><tr class=''><td class=''>VOLUMEN<\/td><td class=''>2.5<\/td><\/tr><tr class=''><td class=''>SISTEMA DE DESCARGA<\/td><td class=''>DESCARGA LATERAL<\/td><\/tr><tr class=''><td class=''>NUMERO DE SINFINES<\/td><td class=''>1<\/td><\/tr><tr class=''><td class=''>TIPO DE SINFIN<\/td><td class=''>VERTICAL<\/td><\/tr><tr class=''><td class=''>ALTURA (mm)<\/td><td class=''>2130<\/td><\/tr><tr class=''><td class=''>LONGITUD (mm)<\/td><td class=''>4050<\/td><\/tr><tr class=''><td class=''>ANCHO (mm)<\/td><td class=''>1800<\/td><\/tr><tr class=''><td class=''>PESO\u00a0(mm)<\/td><td class=''>875<\/td><\/tr><tr class=''><td class=''>POTENCIA NECESARIA (kw\/hp)<\/td><td class=''>18\/25<\/td><\/tr><tr class=''><td class=''>NUMERO DE CUCHILLOS (sinfin \/ fijos)<\/td><td class=''>4\/2<\/td><\/tr><tr class=''><td class=''>GROSOR PISO\/CUERPO\/SINFIN\u00a0(mm)<\/td><td class=''>10\/5\/8<\/td><\/tr><tr class=''><td class=''>LLANTAS<\/td><td class=''>2x(165\/80 R13)<\/td><\/tr><\/tbody><\/table><\/div><style type='text\/css'><\/style>\n<div  class='hr hr-default  '><span class='hr-inner ' ><span class='hr-inner-style'><\/span><\/span><\/div>\n<div class=\"flex_column av_one_third  flex_column_div av-zero-column-padding first  \" style='border-radius:0px; '><div class='avia-image-container  av-styling-  noHover  av-overlay-on-hover   avia-align-center '  itemprop=\"ImageObject\" itemscope=\"itemscope\" itemtype=\"https:\/\/schema.org\/ImageObject\"  ><div class='avia-image-container-inner'><div class='av-image-caption-overlay'><div class='av-caption-image-overlay-bg' style='opacity:0.4; background-color:#000000; '><\/div><div class='av-image-caption-overlay-position'><div class='av-image-caption-overlay-center' style='color:#ffffff; '><p>BALDE DE CARGA ESTANDAR<\/p>\n<\/div><\/div><\/div><img class='avia_image ' src='http:\/\/fimaks.com\/wp-content\/uploads\/2018\/02\/2.5-metrek\u00fcp-eco-yem-karma-makinesi-y\u00fckleme-kep\u00e7eli.jpg' alt='' title='2.5-metrek\u00fcp-eco-yem-karma-makinesi-y\u00fckleme-kep\u00e7eli'   itemprop=\"thumbnailUrl\"  \/><\/div><\/div><\/div>\n<div class=\"flex_column av_one_third  flex_column_div av-zero-column-padding   \" style='border-radius:0px; '><div class='avia-image-container  av-styling-  noHover  av-overlay-on-hover   avia-align-center '  itemprop=\"ImageObject\" itemscope=\"itemscope\" itemtype=\"https:\/\/schema.org\/ImageObject\"  ><div class='avia-image-container-inner'><div class='av-image-caption-overlay'><div class='av-caption-image-overlay-bg' style='opacity:0.4; background-color:#000000; '><\/div><div class='av-image-caption-overlay-position'><div class='av-image-caption-overlay-center' style='color:#ffffff; '><p>SISTEMA HIDRAULICO INDEPENDIENTE ESTANDAR<\/p>\n<\/div><\/div><\/div><img class='avia_image ' src='http:\/\/fimaks.com\/wp-content\/uploads\/2018\/02\/2.5-metrek\u00fcp-eco-yem-karma-makinesi-kendinden-hidrolik-sistem.jpg' alt='' title='2.5-metrek\u00fcp-eco-yem-karma-makinesi-kendinden-hidrolik-sistem'   itemprop=\"thumbnailUrl\"  \/><\/div><\/div><\/div>\n<div class=\"flex_column av_one_third  flex_column_div av-zero-column-padding   \" style='border-radius:0px; '><div class='avia-image-container  av-styling-  noHover  av-overlay-on-hover   avia-align-center '  itemprop=\"ImageObject\" itemscope=\"itemscope\" itemtype=\"https:\/\/schema.org\/ImageObject\"  ><div class='avia-image-container-inner'><div class='av-image-caption-overlay'><div class='av-caption-image-overlay-bg' style='opacity:0.4; background-color:#000000; '><\/div><div class='av-image-caption-overlay-position'><div class='av-image-caption-overlay-center' style='color:#ffffff; '><p>PUERTA HIDRAULICA ESTADAR<\/p>\n<\/div><\/div><\/div><img class='avia_image ' src='http:\/\/fimaks.com\/wp-content\/uploads\/2018\/02\/2.5-metrek\u00fcp-eco-yem-karma-makinesi-pistonlu-kapak.jpg' alt='' title='2.5-metrek\u00fcp-eco-yem-karma-makinesi-pistonlu-kapak'   itemprop=\"thumbnailUrl\"  \/><\/div><\/div><\/div>\n<div class=\"flex_column av_one_third  flex_column_div av-zero-column-padding first  \" style='border-radius:0px; '><div class='avia-image-container  av-styling-  noHover  av-overlay-on-hover   avia-align-center '  itemprop=\"ImageObject\" itemscope=\"itemscope\" itemtype=\"https:\/\/schema.org\/ImageObject\"  ><div class='avia-image-container-inner'><div class='av-image-caption-overlay'><div class='av-caption-image-overlay-bg' style='opacity:0.4; background-color:#000000; '><\/div><div class='av-image-caption-overlay-position'><div class='av-image-caption-overlay-center' style='color:#ffffff; '><p>MOTOR ELECTRICO OPCIONAL<\/p>\n<\/div><\/div><\/div><img class='avia_image ' src='http:\/\/fimaks.com\/wp-content\/uploads\/2018\/02\/2.5-metrek\u00fcp-eco-elektrikli-yem-karma-makinesi.jpg' alt='' title='2.5-metrek\u00fcp-eco-elektrikli-yem-karma-makinesi'   itemprop=\"thumbnailUrl\"  \/><\/div><\/div><\/div>\n<div class=\"flex_column av_one_third  flex_column_div av-zero-column-padding   \" style='border-radius:0px; '><div class='avia-image-container  av-styling-  noHover  av-overlay-on-hover   avia-align-center '  itemprop=\"ImageObject\" itemscope=\"itemscope\" itemtype=\"https:\/\/schema.org\/ImageObject\"  ><div class='avia-image-container-inner'><div class='av-image-caption-overlay'><div class='av-caption-image-overlay-bg' style='opacity:0.4; background-color:#000000; '><\/div><div class='av-image-caption-overlay-position'><div class='av-image-caption-overlay-center' style='color:#ffffff; '><p>SISTEMA DE PESAJE OPCIONAL<\/p>\n<\/div><\/div><\/div><img class='avia_image ' src='http:\/\/fimaks.com\/wp-content\/uploads\/2018\/02\/2.5-metrek\u00fcp-eco-yem-karma-makinesi-tart\u0131l\u0131.jpg' alt='' title='2.5-metrek\u00fcp-eco-kantarl\u0131-yem-karma-makinesi-tart\u0131l\u0131'   itemprop=\"thumbnailUrl\"  \/><\/div><\/div><\/div>\n\t<div  class='av_promobox  avia-button-yes '>\t\t<div class='avia-promocontent'><p>\nProveemos productividad. Obtenga su cotizaci\u00f3n.<\/p>\n<\/div><div class='avia-button-wrap avia-button-right '><a href='http:\/\/fimaks.com\/es\/contacto\/' class='avia-button   avia-icon_select-no avia-color-theme-color avia-size-large avia-position-right '   ><span class='avia_iconbox_title' >Contacto<\/span><\/a><\/div>\t<\/div>\n<div class='avia-image-container  av-styling-no-styling    avia-align-center '  itemprop=\"ImageObject\" itemscope=\"itemscope\" itemtype=\"https:\/\/schema.org\/ImageObject\"  ><div class='avia-image-container-inner'><a href='http:\/\/fimaks.com\/es\/catalogos\/' class='avia_image'   target=\"_blank\" ><img class='avia_image ' src='http:\/\/fimaks.com\/wp-content\/uploads\/2017\/11\/Yem-Karma-Makineleri-Katalog.jpg' alt='Yem-Karma-Makineleri-Katalog' title='Yem-Karma-Makineleri-Katalog'  itemprop=\"thumbnailUrl\"  \/><\/a><\/div><\/div>\n","protected":false},"excerpt":{"rendered":"","protected":false},"author":1,"featured_media":0,"parent":12224,"menu_order":0,"comment_status":"closed","ping_status":"closed","template":"","meta":{"_exactmetrics_skip_tracking":false,"_exactmetrics_sitenote_active":false,"_exactmetrics_sitenote_note":"","_exactmetrics_sitenote_category":0,"footnotes":""},"yst_prominent_words":[],"class_list":["post-11482","page","type-page","status-publish","hentry"],"_links":{"self":[{"href":"http:\/\/fimaks.com\/es\/wp-json\/wp\/v2\/pages\/11482","targetHints":{"allow":["GET"]}}],"collection":[{"href":"http:\/\/fimaks.com\/es\/wp-json\/wp\/v2\/pages"}],"about":[{"href":"http:\/\/fimaks.com\/es\/wp-json\/wp\/v2\/types\/page"}],"author":[{"embeddable":true,"href":"http:\/\/fimaks.com\/es\/wp-json\/wp\/v2\/users\/1"}],"replies":[{"embeddable":true,"href":"http:\/\/fimaks.com\/es\/wp-json\/wp\/v2\/comments?post=11482"}],"version-history":[{"count":35,"href":"http:\/\/fimaks.com\/es\/wp-json\/wp\/v2\/pages\/11482\/revisions"}],"predecessor-version":[{"id":20356,"href":"http:\/\/fimaks.com\/es\/wp-json\/wp\/v2\/pages\/11482\/revisions\/20356"}],"up":[{"embeddable":true,"href":"http:\/\/fimaks.com\/es\/wp-json\/wp\/v2\/pages\/12224"}],"wp:attachment":[{"href":"http:\/\/fimaks.com\/es\/wp-json\/wp\/v2\/media?parent=11482"}],"wp:term":[{"taxonomy":"yst_prominent_words","embeddable":true,"href":"http:\/\/fimaks.com\/es\/wp-json\/wp\/v2\/yst_prominent_words?post=11482"}],"curies":[{"name":"wp","href":"https:\/\/api.w.org\/{rel}","templated":true}]}}