{"id":12071,"date":"2018-04-30T21:45:33","date_gmt":"2018-04-30T18:45:33","guid":{"rendered":"http:\/\/fimaks.com\/sobre-fimaks\/"},"modified":"2021-06-25T19:13:50","modified_gmt":"2021-06-25T16:13:50","slug":"sobre-fimaks","status":"publish","type":"page","link":"http:\/\/fimaks.com\/es\/sobre-fimaks\/","title":{"rendered":"SOBRE FIMAKS"},"content":{"rendered":"<div class='av-hotspot-image-container avia_animate_when_almost_visible   av-hotspot-numbered av-mobile-fallback-active    av-non-fullwidth-hotspot-image '  itemprop=\"ImageObject\" itemscope=\"itemscope\" itemtype=\"https:\/\/schema.org\/ImageObject\"  ><div class='av-hotspot-container'><div class='av-hotspot-container-inner-cell'><div class='av-hotspot-container-inner-wrap'><img class='avia_image ' src='http:\/\/fimaks.com\/wp-content\/uploads\/2013\/04\/Fimaks-T\u00fcrkiyeden-100-\u00dclkeye-2.jpg' alt='Fimaks-T\u00fcrkiye&#039;den-100-\u00dclkeye' title='Fimaks-T\u00fcrkiye&#039;den-100-\u00dclkeye'   itemprop=\"thumbnailUrl\"  \/><\/div><\/div><\/div><\/div>\n<\/div><\/div><\/div><!-- close content main div --><\/div><\/div><div id='av_section_1' class='avia-section main_color avia-section-default avia-no-shadow avia-bg-style-scroll   container_wrap sidebar_right'   ><div class='container' ><div class='template-page content  av-content-small alpha units'><div class='post-entry post-entry-type-page post-entry-12071'><div class='entry-content-wrapper clearfix'>\n<div class=\"flex_column av_one_half  flex_column_div av-zero-column-padding first  \" style='border-radius:0px; '><section class=\"av_textblock_section \"  itemscope=\"itemscope\" itemtype=\"https:\/\/schema.org\/CreativeWork\" ><div class='avia_textblock  '   itemprop=\"text\" ><p>FABRICA FIMAKS EN M.K.PASA<\/p>\n<p>(\u00c1rea cerrada: 10.000 m2 | Mustafakemalpasa \/ Bursa)<\/p>\n<p>Las instalaciones de producci\u00f3n de Fimaks constan de modernas l\u00edneas de ensamblaje, robots de soldadura, plantas de chorro de arena de prepintado y sistemas de recubrimiento en polvo de \u00faltima generaci\u00f3n. Con nuestro sistema de calidad con certificaci\u00f3n ISO, podemos ofrecer a nuestros clientes m\u00e1quinas duraderas y de larga duraci\u00f3n en todas las condiciones. Adem\u00e1s, dado que cada m\u00e1quina que producimos est\u00e1 dise\u00f1ada con software de dise\u00f1o asistido por computadora (CAD), los problemas en la m\u00e1quina pueden detectarse antes de la producci\u00f3n y pueden eliminarse en un corto per\u00edodo de tiempo. De esta forma, se pueden producir m\u00e1quinas de mejor calidad y m\u00e1s seguras. Adem\u00e1s de la producci\u00f3n, el departamento de importaci\u00f3n y exportaci\u00f3n y el departamento de desarrollo se encuentran actualmente en las instalaciones de Mustafakemalpasa.<\/p>\n<\/div><\/section><\/div><div class=\"flex_column av_one_half  flex_column_div av-zero-column-padding   \" style='border-radius:0px; '><div  data-size='no scaling'  data-lightbox_size='large'  data-animation='slide'  data-ids='18287'  data-video_counter='0'  data-autoplay='false'  data-bg_slider='false'  data-slide_height=''  data-handle='av_slideshow'  data-interval='5'  data-class=' '  data-css_id=''  data-scroll_down=''  data-control_layout='av-control-default'  data-custom_markup=''  data-perma_caption=''  data-autoplay_stopper=''  data-image_attachment=''  data-min_height='0px'  class='avia-slideshow avia-slideshow-1  av-control-default av-default-height-applied avia-slideshow-no scaling av_slideshow   avia-slide-slider '  itemprop=\"ImageObject\" itemscope=\"itemscope\" itemtype=\"https:\/\/schema.org\/ImageObject\" ><ul class='avia-slideshow-inner' style='padding-bottom: 55.916666666667%;'><li  class=' av-single-slide slide-1 ' ><div data-rel='slideshow-1' class='avia-slide-wrap'  ><img src='http:\/\/fimaks.com\/wp-content\/uploads\/2020\/03\/DJI_0040.jpg' width='1200' height='671' title='DJI_0040' alt=''  itemprop=\"thumbnailUrl\"   \/><\/div><\/li><\/ul><\/div><\/div><\/div><\/div><\/div><!-- close content main div --><\/div><\/div><div id='after_section_1' class='main_color av_default_container_wrap container_wrap sidebar_right'   ><div class='container' ><div class='template-page content  av-content-small alpha units'><div class='post-entry post-entry-type-page post-entry-12071'><div class='entry-content-wrapper clearfix'><\/div><\/div><\/div><!-- close content main div --><\/div><\/div><div id='av_section_2' class='avia-section main_color avia-section-default avia-no-shadow avia-bg-style-scroll   container_wrap sidebar_right'   ><div class='container' ><div class='template-page content  av-content-small alpha units'><div class='post-entry post-entry-type-page post-entry-12071'><div class='entry-content-wrapper clearfix'>\n<div class=\"flex_column av_one_half  flex_column_div first  \" ><p><div style='padding-bottom:10px;' class='av-special-heading av-special-heading-h3 meta-heading    '><h3 class='av-special-heading-tag '  itemprop=\"headline\"  >FIMAKS ESTA EN CERCA DE 100 PAISES<\/h3><div class='special-heading-border'><div class='special-heading-inner-border' ><\/div><\/div><\/div><br \/>\n<section class=\"av_textblock_section \"  itemscope=\"itemscope\" itemtype=\"https:\/\/schema.org\/CreativeWork\" ><div class='avia_textblock  '   itemprop=\"text\" ><p>Si bien las m\u00e1quinas Fimaks se utilizan en todo el mundo, Fimaks, que es l\u00edder del sector en muchos pa\u00edses, representa con orgullo a la industria de maquinaria turca en todo el mundo.<\/p>\n<\/div><\/section><br \/>\n<div  class='avia-video avia-video-16-9   '  itemprop=\"video\" itemtype=\"https:\/\/schema.org\/VideoObject\" ><div class='avia-iframe-wrap'><iframe loading=\"lazy\" width=\"1500\" height=\"844\" src=\"https:\/\/www.youtube.com\/embed\/mjyqrWNxbaU?feature=oembed\" frameborder=\"0\" allow=\"autoplay; encrypted-media\" allowfullscreen><\/iframe><\/div><\/div><br \/>\n<div style='padding-bottom:10px;' class='av-special-heading av-special-heading-h3 meta-heading    '><h3 class='av-special-heading-tag '  itemprop=\"headline\"  >Responsabilidad Social<\/h3><div class='special-heading-border'><div class='special-heading-inner-border' ><\/div><\/div><\/div><br \/>\n<section class=\"av_textblock_section \"  itemscope=\"itemscope\" itemtype=\"https:\/\/schema.org\/CreativeWork\" ><div class='avia_textblock  '   itemprop=\"text\" ><p>&#8211; Sensibilizando a nuestros clientes sobre la agricultura y la ganader\u00eda,<br \/>\n&#8211; Proporcionando productos de la m\u00e1s alta calidad a nuestros clientes al nivel m\u00e1s econ\u00f3mico,<br \/>\n&#8211; Ser sensible al medio ambiente y la naturaleza,<br \/>\n&#8211; Trabajar para presentar un futuro mejor a las generaciones futuras,<br \/>\n&#8211; Dando importancia al desarrollo y salud de nuestros empleados,<\/p>\n<p>Utilizamos todos nuestros recursos para mantener la satisfacci\u00f3n de nuestros clientes y empleados en un nivel \u00f3ptimo.<\/p>\n<\/div><\/section><br \/>\n<div class='avia-image-container  av-styling-    avia-align-center '  itemprop=\"ImageObject\" itemscope=\"itemscope\" itemtype=\"https:\/\/schema.org\/ImageObject\"  ><div class='avia-image-container-inner'><img class='avia_image ' src='http:\/\/fimaks.com\/wp-content\/uploads\/2013\/04\/TAYLAND-FIMAKS.jpg' alt='' title='TAYLAND FIMAKS'   itemprop=\"thumbnailUrl\"  \/><\/div><\/div><br \/>\n<div class='avia-image-container  av-styling-    avia-align-center '  itemprop=\"ImageObject\" itemscope=\"itemscope\" itemtype=\"https:\/\/schema.org\/ImageObject\"  ><div class='avia-image-container-inner'><img class='avia_image ' src='http:\/\/fimaks.com\/wp-content\/uploads\/2013\/04\/KENYA-FIMAKS.jpg' alt='' title='KENYA-FIMAKS'   itemprop=\"thumbnailUrl\"  \/><\/div><\/div><br \/>\n<div class='avia-image-container  av-styling-    avia-align-center '  itemprop=\"ImageObject\" itemscope=\"itemscope\" itemtype=\"https:\/\/schema.org\/ImageObject\"  ><div class='avia-image-container-inner'><img class='avia_image ' src='http:\/\/fimaks.com\/wp-content\/uploads\/2018\/08\/KOLOMBIYA-FIMAKS.jpg' alt='' title='KOLOMBIYA-FIMAKS'   itemprop=\"thumbnailUrl\"  \/><\/div><\/div><br \/>\n<div class='avia-image-container  av-styling-    avia-align-center '  itemprop=\"ImageObject\" itemscope=\"itemscope\" itemtype=\"https:\/\/schema.org\/ImageObject\"  ><div class='avia-image-container-inner'><img class='avia_image ' src='http:\/\/fimaks.com\/wp-content\/uploads\/2018\/08\/H\u0130ND\u0130STAN-F\u0130MAKS.jpg' alt='' title='H\u0130ND\u0130STAN-F\u0130MAKS'   itemprop=\"thumbnailUrl\"  \/><\/div><\/div><br \/>\n<div class='avia-image-container  av-styling-    avia-align-center '  itemprop=\"ImageObject\" itemscope=\"itemscope\" itemtype=\"https:\/\/schema.org\/ImageObject\"  ><div class='avia-image-container-inner'><img class='avia_image ' src='http:\/\/fimaks.com\/wp-content\/uploads\/2018\/08\/PERU-FIMAKS.jpg' alt='' title='PERU-FIMAKS'   itemprop=\"thumbnailUrl\"  \/><\/div><\/div><br \/>\n<div class='avia-image-container  av-styling-    avia-align-center '  itemprop=\"ImageObject\" itemscope=\"itemscope\" itemtype=\"https:\/\/schema.org\/ImageObject\"  ><div class='avia-image-container-inner'><img class='avia_image ' src='http:\/\/fimaks.com\/wp-content\/uploads\/2018\/08\/KOSTA-RIKA-FIMAKS.jpg' alt='' title='KOSTA-RIKA-FIMAKS'   itemprop=\"thumbnailUrl\"  \/><\/div><\/div><\/p><\/div><div class=\"flex_column av_one_half  flex_column_div av-zero-column-padding   \" style='border-radius:0px; '><p><div style='padding-bottom:10px;' class='av-special-heading av-special-heading-h3 meta-heading    '><h3 class='av-special-heading-tag '  itemprop=\"headline\"  >Pol\u00edticas Fimaks<\/h3><div class='special-heading-border'><div class='special-heading-inner-border' ><\/div><\/div><\/div><br \/>\n<div class='avia-icon-list-container  '><ul class='avia-icon-list avia-icon-list-left av-iconlist-big avia_animate_when_almost_visible'>\n<li><div  class='iconlist_icon  avia-font-entypo-fontello'><span class='iconlist-char ' aria-hidden='true' data-av_icon='\ue81f' data-av_iconfont='entypo-fontello'><\/span><\/div><article class=\"article-icon-entry \"  itemscope=\"itemscope\" itemtype=\"https:\/\/schema.org\/CreativeWork\" ><div class='iconlist_content_wrap'><header class=\"entry-content-header\"><h4 class='av_iconlist_title iconlist_title  '  itemprop=\"headline\"  >TECNOLOGIAS DISPONIBLES<\/h4><\/header><div class='iconlist_content  '  itemprop=\"text\"  ><p>Fimaks dirige el sector de la maquinaria agr\u00edcola con las m\u00e1quinas que produce utilizando la \u00faltima tecnolog\u00eda. Utiliza constantemente la tecnolog\u00eda con sus robots de soldadura, m\u00e1quinas CNC computarizadas y talleres de pintura autom\u00e1ticos, y sigue constantemente las nuevas tecnolog\u00edas. Representa con orgullo a la industria de maquinaria turca exportando maquinaria a pa\u00edses que ocupan un lugar importante en la tecnolog\u00eda como Alemania, Jap\u00f3n, Corea del Sur y Suiza.<\/p>\n<\/div><\/div><footer class=\"entry-footer\"><\/footer><\/article><div class='iconlist-timeline'><\/div><\/li>\n<li><div  class='iconlist_icon  avia-font-entypo-fontello'><span class='iconlist-char ' aria-hidden='true' data-av_icon='\ue864' data-av_iconfont='entypo-fontello'><\/span><\/div><article class=\"article-icon-entry \"  itemscope=\"itemscope\" itemtype=\"https:\/\/schema.org\/CreativeWork\" ><div class='iconlist_content_wrap'><header class=\"entry-content-header\"><h4 class='av_iconlist_title iconlist_title  '  itemprop=\"headline\"  >INVESTIGACION Y DESARROLLO<\/h4><\/header><div class='iconlist_content  '  itemprop=\"text\"  ><p>Fimaks tiene un sistema activo de mejora de maquinarias. Esta pol\u00edtica es el pan diario en la producci\u00f3n.\u00a0Las m\u00e1quinas se llevan a su estado ideal mediante una renovaci\u00f3n y experimentaci\u00f3n continuas.<\/p>\n<\/div><\/div><footer class=\"entry-footer\"><\/footer><\/article><div class='iconlist-timeline'><\/div><\/li>\n<li><div  class='iconlist_icon  avia-font-entypo-fontello'><span class='iconlist-char ' aria-hidden='true' data-av_icon='\ue856' data-av_iconfont='entypo-fontello'><\/span><\/div><article class=\"article-icon-entry \"  itemscope=\"itemscope\" itemtype=\"https:\/\/schema.org\/CreativeWork\" ><div class='iconlist_content_wrap'><header class=\"entry-content-header\"><h4 class='av_iconlist_title iconlist_title  '  itemprop=\"headline\"  >SERVICIO POSVENTA<\/h4><\/header><div class='iconlist_content  '  itemprop=\"text\"  ><p>FIMAKS produce y hace inventario de todas las partes, incluso para equipos fuera de temporada. Fimaks provee piezas de recambio, instrucciones, manuales y documentaciones a todos sus distribuidores.<\/p>\n<\/div><\/div><footer class=\"entry-footer\"><\/footer><\/article><div class='iconlist-timeline'><\/div><\/li>\n<li><div  class='iconlist_icon  avia-font-entypo-fontello'><span class='iconlist-char ' aria-hidden='true' data-av_icon='\ue84b' data-av_iconfont='entypo-fontello'><\/span><\/div><article class=\"article-icon-entry \"  itemscope=\"itemscope\" itemtype=\"https:\/\/schema.org\/CreativeWork\" ><div class='iconlist_content_wrap'><header class=\"entry-content-header\"><h4 class='av_iconlist_title iconlist_title  '  itemprop=\"headline\"  >KAL\u0130TE POL\u0130T\u0130KAMIZ<\/h4><\/header><div class='iconlist_content  '  itemprop=\"text\"  ><p>&#8211; Documentar nuestro sistema de gesti\u00f3n de la calidad de forma que cumpla con los requisitos de la norma ISO 9001-2015.<\/p>\n<p>&#8211; Ser pionero en calidad y diversidad en el sector<\/p>\n<p>&#8211; Introducir a Turqu\u00eda al mundo en el sector de la maquinaria agr\u00edcola.<\/p>\n<p>&#8211; Ver a nuestras partes interesadas como socios de soluciones<\/p>\n<p>&#8211; Mantener la satisfacci\u00f3n del cliente al m\u00e1s alto nivel.<\/p>\n<p>&#8211; Incrementar la competitividad transformando la tecnolog\u00eda en tecnolog\u00eda nueva y en desarrollo.<\/p>\n<p>&#8211; Reducir los costes de mala calidad y aumentar la rentabilidad.<\/p>\n<p>&#8211; Identificar y evaluar posibles riesgos con an\u00e1lisis de procesos orientados al riesgo y difundir el enfoque del proceso basado en riesgos a todos los empleados de la empresa llev\u00e1ndolos a un nivel aceptable con controles est\u00e1ndar.<\/p>\n<p>&#8211; Asegurar la participaci\u00f3n de todos los empleados mediante la difusi\u00f3n de herramientas de calidad a trav\u00e9s de estudios de mejora continua.<\/p>\n<\/div><\/div><footer class=\"entry-footer\"><\/footer><\/article><div class='iconlist-timeline'><\/div><\/li>\n<li><div  class='iconlist_icon  avia-font-entypo-fontello'><span class='iconlist-char ' aria-hidden='true' data-av_icon='\ue8b7' data-av_iconfont='entypo-fontello'><\/span><\/div><article class=\"article-icon-entry \"  itemscope=\"itemscope\" itemtype=\"https:\/\/schema.org\/CreativeWork\" ><div class='iconlist_content_wrap'><header class=\"entry-content-header\"><h4 class='av_iconlist_title iconlist_title  '  itemprop=\"headline\"  >PUESTO EN EL MUNDO<\/h4><\/header><div class='iconlist_content  '  itemprop=\"text\"  ><p>Fimaks aspira a ser una de las empresas l\u00edderes mundiales en su segmento de productos aumentando constantemente su participaci\u00f3n en el mercado. Su objetivo es producir soluciones tecnol\u00f3gicas que ayudar\u00e1n a los agricultores de Turqu\u00eda y de todo el mundo a resolver sus problemas nutricionales.<\/p>\n<\/div><\/div><footer class=\"entry-footer\"><\/footer><\/article><div class='iconlist-timeline'><\/div><\/li>\n<li><div  class='iconlist_icon  avia-font-entypo-fontello'><span class='iconlist-char ' aria-hidden='true' data-av_icon='\ue836' data-av_iconfont='entypo-fontello'><\/span><\/div><article class=\"article-icon-entry \"  itemscope=\"itemscope\" itemtype=\"https:\/\/schema.org\/CreativeWork\" ><div class='iconlist_content_wrap'><header class=\"entry-content-header\"><h4 class='av_iconlist_title iconlist_title  '  itemprop=\"headline\"  >ROL PRODUCTIVO<\/h4><\/header><div class='iconlist_content  '  itemprop=\"text\"  ><p>Fimaks se ha comprometido a aumentar la conciencia de los clientes sobre las pr\u00e1cticas de mecanizaci\u00f3n agr\u00edcola y a ofrecer soluciones \u00f3ptimas con la mayor eficiencia. Fimaks utiliza todos sus recursos para mejorar continuamente el conocimiento, la competencia y la satisfacci\u00f3n de cada miembro del equipo. Tiene como objetivo implementar una gesti\u00f3n de la productividad eficaz con respecto al medio ambiente y la mente creativa.<\/p>\n<\/div><\/div><footer class=\"entry-footer\"><\/footer><\/article><div class='iconlist-timeline'><\/div><\/li>\n<\/ul><\/div><\/p><\/div>\n<\/div><\/div><\/div><!-- close content main div --><\/div><\/div><div id='after_section_2' class='main_color av_default_container_wrap container_wrap sidebar_right'   ><div class='container' ><div class='template-page content  av-content-small alpha units'><div class='post-entry post-entry-type-page post-entry-12071'><div class='entry-content-wrapper clearfix'><\/p>\n<div class='av-hotspot-image-container avia_animate_when_almost_visible   av-hotspot-numbered av-mobile-fallback-active    av-non-fullwidth-hotspot-image '  itemprop=\"ImageObject\" itemscope=\"itemscope\" itemtype=\"https:\/\/schema.org\/ImageObject\"  ><div class='av-hotspot-container'><div class='av-hotspot-container-inner-cell'><div class='av-hotspot-container-inner-wrap'><img class='avia_image ' src='http:\/\/fimaks.com\/wp-content\/uploads\/2013\/04\/Untitled-4-80x1.jpg' alt='' title='Untitled-4'   itemprop=\"thumbnailUrl\"  \/><\/div><\/div><\/div><\/div>\n","protected":false},"excerpt":{"rendered":"","protected":false},"author":1,"featured_media":0,"parent":0,"menu_order":0,"comment_status":"open","ping_status":"open","template":"","meta":{"_exactmetrics_skip_tracking":false,"_exactmetrics_sitenote_active":false,"_exactmetrics_sitenote_note":"","_exactmetrics_sitenote_category":0,"footnotes":""},"yst_prominent_words":[],"class_list":["post-12071","page","type-page","status-publish","hentry"],"_links":{"self":[{"href":"http:\/\/fimaks.com\/es\/wp-json\/wp\/v2\/pages\/12071","targetHints":{"allow":["GET"]}}],"collection":[{"href":"http:\/\/fimaks.com\/es\/wp-json\/wp\/v2\/pages"}],"about":[{"href":"http:\/\/fimaks.com\/es\/wp-json\/wp\/v2\/types\/page"}],"author":[{"embeddable":true,"href":"http:\/\/fimaks.com\/es\/wp-json\/wp\/v2\/users\/1"}],"replies":[{"embeddable":true,"href":"http:\/\/fimaks.com\/es\/wp-json\/wp\/v2\/comments?post=12071"}],"version-history":[{"count":33,"href":"http:\/\/fimaks.com\/es\/wp-json\/wp\/v2\/pages\/12071\/revisions"}],"predecessor-version":[{"id":20040,"href":"http:\/\/fimaks.com\/es\/wp-json\/wp\/v2\/pages\/12071\/revisions\/20040"}],"wp:attachment":[{"href":"http:\/\/fimaks.com\/es\/wp-json\/wp\/v2\/media?parent=12071"}],"wp:term":[{"taxonomy":"yst_prominent_words","embeddable":true,"href":"http:\/\/fimaks.com\/es\/wp-json\/wp\/v2\/yst_prominent_words?post=12071"}],"curies":[{"name":"wp","href":"https:\/\/api.w.org\/{rel}","templated":true}]}}