{"id":12091,"date":"2018-04-30T22:24:57","date_gmt":"2018-04-30T19:24:57","guid":{"rendered":"http:\/\/fimaks.com\/rango-de-productos\/"},"modified":"2021-07-26T14:54:10","modified_gmt":"2021-07-26T11:54:10","slug":"rango-de-productos","status":"publish","type":"page","link":"http:\/\/fimaks.com\/es\/rango-de-productos\/","title":{"rendered":"RANGO DE PRODUCTOS"},"content":{"rendered":"<div class='av-hotspot-image-container avia_animate_when_almost_visible   av-hotspot-numbered av-mobile-fallback-active    av-non-fullwidth-hotspot-image '  itemprop=\"ImageObject\" itemscope=\"itemscope\" itemtype=\"https:\/\/schema.org\/ImageObject\"  ><div class='av-hotspot-container'><div class='av-hotspot-container-inner-cell'><div class='av-hotspot-container-inner-wrap'><img class='avia_image ' src='http:\/\/fimaks.com\/wp-content\/uploads\/2018\/02\/Fimaks-Makineler-Fimaks-\u00dcr\u00fcnleri-Tamam\u0131.png' alt='Fimaks-Makineler-Fimaks-\u00dcr\u00fcnleri-Tamam\u0131' title='Fimaks-Makineler-Fimaks-\u00dcr\u00fcnleri-Tamam\u0131'   itemprop=\"thumbnailUrl\"  \/><\/div><\/div><\/div><\/div>\n<\/div><\/div><\/div><!-- close content main div --><\/div><\/div><div id='av_section_1' class='avia-section main_color avia-section-default avia-no-shadow avia-bg-style-scroll   container_wrap sidebar_right'   ><div class='container' ><div class='template-page content  av-content-small alpha units'><div class='post-entry post-entry-type-page post-entry-12091'><div class='entry-content-wrapper clearfix'>\n<div class=\"flex_column av_one_third  flex_column_div av-zero-column-padding first  \" style='border-radius:0px; '><p><div class='avia-image-container  av-styling-    avia-align-center '  itemprop=\"ImageObject\" itemscope=\"itemscope\" itemtype=\"https:\/\/schema.org\/ImageObject\"  ><div class='avia-image-container-inner'><a href='http:\/\/fimaks.com\/es\/cosechadoras-de-maiz\/' class='avia_image'  ><img class='avia_image ' src='http:\/\/fimaks.com\/wp-content\/uploads\/2017\/10\/M\u0131s\u0131r-Silaj\u0131.jpg' alt='' title='M\u0131s\u0131r-Silaj\u0131'  itemprop=\"thumbnailUrl\"  \/><\/a><\/div><\/div><br \/>\n<div style='text-align:left; ' class='av-rotator-container av-rotation-container-left  ' data-interval='3' data-animation='0'><h3 class='av-rotator-container-inner '>COSECHADORAS DE MAIZ<span class='av-rotator-text av-rotator-multiline-off '>\n<span style='color:#a81010; ' class='av-rotator-text-single av-rotator-text-single-1'>COSECHADORA DE UN SURCO POR FAJAS<\/span>\n<span style='color:#a81010; ' class='av-rotator-text-single av-rotator-text-single-2'>COSECHADORA DE UN SURCO CARDANICA<\/span>\n<span style='color:#a81010; ' class='av-rotator-text-single av-rotator-text-single-3'>COSECHADORA DE 2 SURCOS O AREA TOTAL<\/span>\n<span style='color:#a81010; ' class='av-rotator-text-single av-rotator-text-single-4'>COSECHADORA DE 2 SURCOS O AREA TOTAL<\/span>\n<\/span><\/h3><\/div><\/p><\/div><div class=\"flex_column av_one_third  flex_column_div av-zero-column-padding   \" style='border-radius:0px; '><p><div class='avia-image-container  av-styling-    avia-align-center '  itemprop=\"ImageObject\" itemscope=\"itemscope\" itemtype=\"https:\/\/schema.org\/ImageObject\"  ><div class='avia-image-container-inner'><a href='http:\/\/fimaks.com\/es\/cosechadoras-de-forrajes\/' class='avia_image'  ><img class='avia_image ' src='http:\/\/fimaks.com\/wp-content\/uploads\/2017\/10\/Ot-Silaj\u0131.jpg' alt='' title='Ot-Silaj\u0131'  itemprop=\"thumbnailUrl\"  \/><\/a><\/div><\/div><br \/>\n<div style='text-align:left; ' class='av-rotator-container av-rotation-container-left  ' data-interval='3' data-animation='0'><h3 class='av-rotator-container-inner '>COSECHADORAS DE FORRAJES<span class='av-rotator-text av-rotator-multiline-off '>\n<span style='color:#a81010; ' class='av-rotator-text-single av-rotator-text-single-1'>1.3 metros<\/span>\n<span style='color:#a81010; ' class='av-rotator-text-single av-rotator-text-single-2'>1.5 metros<\/span>\n<span style='color:#a81010; ' class='av-rotator-text-single av-rotator-text-single-3'>DOUBLE CHOP 1500<\/span>\n<span style='color:#a81010; ' class='av-rotator-text-single av-rotator-text-single-4'>DOUBLE CHOP 2100<\/span>\n<\/span><\/h3><\/div><\/p><\/div><div class=\"flex_column av_one_third  flex_column_div av-zero-column-padding   \" style='border-radius:0px; '><p><div class='avia-image-container  av-styling-    avia-align-center '  itemprop=\"ImageObject\" itemscope=\"itemscope\" itemtype=\"https:\/\/schema.org\/ImageObject\"  ><div class='avia-image-container-inner'><a href='http:\/\/fimaks.com\/es\/mixers\/' class='avia_image'  ><img class='avia_image ' src='http:\/\/fimaks.com\/wp-content\/uploads\/2017\/10\/Yem-Karma.jpg' alt='' title='Yem-Karma'  itemprop=\"thumbnailUrl\"  \/><\/a><\/div><\/div><br \/>\n<div style='text-align:left; ' class='av-rotator-container av-rotation-container-left  ' data-interval='3' data-animation='0'><h3 class='av-rotator-container-inner '>MIXERS<span class='av-rotator-text av-rotator-multiline-off '>\n<span style='color:#a81010; ' class='av-rotator-text-single av-rotator-text-single-1'>ECO SERIES<\/span>\n<span style='color:#a81010; ' class='av-rotator-text-single av-rotator-text-single-2'>MODELOS HORIZONTALES<\/span>\n<span style='color:#a81010; ' class='av-rotator-text-single av-rotator-text-single-3'>MODELOS VERTICALES<\/span>\n<span style='color:#a81010; ' class='av-rotator-text-single av-rotator-text-single-4'>MODELOS ESTACIONARIOS<\/span>\n<span style='color:#a81010; ' class='av-rotator-text-single av-rotator-text-single-5'>MODELOS AUTOPROPULSADOS<\/span>\n<\/span><\/h3><\/div><\/p><\/div><div class=\"flex_column av_one_third  flex_column_div av-zero-column-padding first  \" style='border-radius:0px; '><p><div class='avia-image-container  av-styling-    avia-align-center '  itemprop=\"ImageObject\" itemscope=\"itemscope\" itemtype=\"https:\/\/schema.org\/ImageObject\"  ><div class='avia-image-container-inner'><a href='http:\/\/fimaks.com\/es\/esparcidores\/' class='avia_image'  ><img class='avia_image ' src='http:\/\/fimaks.com\/wp-content\/uploads\/2018\/03\/G\u00dcBRE-DA\u011eITIM-R\u00d6MORKLARI.jpg' alt='' title='G\u00dcBRE DA\u011eITIM R\u00d6MORKLARI'  itemprop=\"thumbnailUrl\"  \/><\/a><\/div><\/div><br \/>\n<div style='text-align:left; ' class='av-rotator-container av-rotation-container-left  ' data-interval='3' data-animation='0'><h3 class='av-rotator-container-inner '>ESPARCIDORES<span class='av-rotator-text av-rotator-multiline-off '>\n<span style='color:#a81010; ' class='av-rotator-text-single av-rotator-text-single-1'>ESPARCIDOR DE 5 TONELADAS<\/span>\n<span style='color:#a81010; ' class='av-rotator-text-single av-rotator-text-single-2'>ESPARCIDOR DE 10 TONELADAS<\/span>\n<span style='color:#a81010; ' class='av-rotator-text-single av-rotator-text-single-3'>ESPARCIDOR DE 18 TONELADAS<\/span>\n<span style='color:#a81010; ' class='av-rotator-text-single av-rotator-text-single-4'>ESPARCIDOR DE 25 TONELADAS<\/span>\n<span style='color:#a81010; ' class='av-rotator-text-single av-rotator-text-single-5'>ESPARCIDOR DE 4 TONELADAS<\/span>\n<\/span><\/h3><\/div><\/p><\/div><div class=\"flex_column av_one_third  flex_column_div av-zero-column-padding   \" style='border-radius:0px; '><p><div class='avia-image-container  av-styling-    avia-align-center '  itemprop=\"ImageObject\" itemscope=\"itemscope\" itemtype=\"https:\/\/schema.org\/ImageObject\"  ><div class='avia-image-container-inner'><a href='http:\/\/fimaks.com\/es\/cubas-de-purines\/' class='avia_image'  ><img class='avia_image ' src='http:\/\/fimaks.com\/wp-content\/uploads\/2017\/10\/S\u0131v\u0131-G\u00fcbre-Yayma-1.jpg' alt='' title='S\u0131v\u0131-G\u00fcbre-Yayma'  itemprop=\"thumbnailUrl\"  \/><\/a><\/div><\/div><br \/>\n<div style='text-align:left; ' class='av-rotator-container av-rotation-container-left  ' data-interval='3' data-animation='0'><h3 class='av-rotator-container-inner '>CUBA DE PURINES <span class='av-rotator-text av-rotator-multiline-off '>\n<span style='color:#a81010; ' class='av-rotator-text-single av-rotator-text-single-1'>CUBA DE PURINES 6000 LITROS<\/span>\n<span style='color:#a81010; ' class='av-rotator-text-single av-rotator-text-single-2'>CUBA DE PURINES 8000 LITROS<\/span>\n<span style='color:#a81010; ' class='av-rotator-text-single av-rotator-text-single-3'>CUBA DE PURINES 10000 LITROS<\/span>\n<span style='color:#a81010; ' class='av-rotator-text-single av-rotator-text-single-4'>CUBA DE PURINES 20000 LITROS<\/span>\n<\/span><\/h3><\/div><\/p><\/div><div class=\"flex_column av_one_third  flex_column_div av-zero-column-padding   \" style='border-radius:0px; '><p><div class='avia-image-container  av-styling-    avia-align-center '  itemprop=\"ImageObject\" itemscope=\"itemscope\" itemtype=\"https:\/\/schema.org\/ImageObject\"  ><div class='avia-image-container-inner'><a href='http:\/\/fimaksloader.com' class='avia_image'   target=\"_blank\" ><img class='avia_image ' src='http:\/\/fimaks.com\/wp-content\/uploads\/2017\/10\/Loder-Y\u00fckleyici.jpg' alt='' title='Loder-Y\u00fckleyici'  itemprop=\"thumbnailUrl\"  \/><\/a><\/div><\/div><br \/>\n<div style='text-align:left; ' class='av-rotator-container av-rotation-container-left  ' data-interval='3' data-animation='0'><h3 class='av-rotator-container-inner '>CARGADORES FRONTALES ARTICULADOS<span class='av-rotator-text av-rotator-multiline-off '>\n<span style='color:#a81010; ' class='av-rotator-text-single av-rotator-text-single-1'>30 HP | ESTANDAR<\/span>\n<span style='color:#a81010; ' class='av-rotator-text-single av-rotator-text-single-2'>50 HP | ESTANDAR<\/span>\n<span style='color:#a81010; ' class='av-rotator-text-single av-rotator-text-single-3'>50 HP | TELESCOPICO<\/span>\n<span style='color:#a81010; ' class='av-rotator-text-single av-rotator-text-single-4'>60 HP | ESTANDAR<\/span>\n<span style='color:#a81010; ' class='av-rotator-text-single av-rotator-text-single-5'>60 HP | TELESCOPICO<\/span>\n<\/span><\/h3><\/div><\/p><\/div><div class=\"flex_column av_one_third  flex_column_div av-zero-column-padding first  \" style='border-radius:0px; '><p><div class='avia-image-container  av-styling-    avia-align-center '  itemprop=\"ImageObject\" itemscope=\"itemscope\" itemtype=\"https:\/\/schema.org\/ImageObject\"  ><div class='avia-image-container-inner'><a href='http:\/\/fimaks.com\/es\/segadoras-de-disco\/' class='avia_image'  ><img class='avia_image ' src='http:\/\/fimaks.com\/wp-content\/uploads\/2017\/10\/Diskli-\u00c7ay\u0131r-Ot-Bi\u00e7me.jpg' alt='' title='Diskli-\u00c7ay\u0131r-Ot-Bi\u00e7me'  itemprop=\"thumbnailUrl\"  \/><\/a><\/div><\/div><br \/>\n<div style='text-align:left; ' class='av-rotator-container av-rotation-container-left  ' data-interval='3' data-animation='0'><h3 class='av-rotator-container-inner '>SEGADORAS DE DISCO<span class='av-rotator-text av-rotator-multiline-off '>\n<span style='color:#a81010; ' class='av-rotator-text-single av-rotator-text-single-1'>5 DISCOS<\/span>\n<span style='color:#a81010; ' class='av-rotator-text-single av-rotator-text-single-2'>5 DISCOS CON ACONDICIONADOR<\/span>\n<span style='color:#a81010; ' class='av-rotator-text-single av-rotator-text-single-3'>6 DISCOS<\/span>\n<span style='color:#a81010; ' class='av-rotator-text-single av-rotator-text-single-4'>6 DISCOS CON ACONDICIONADOR<\/span>\n<span style='color:#a81010; ' class='av-rotator-text-single av-rotator-text-single-5'>7 DISCOS CON ACONDICIONADOR<\/span>\n<span style='color:#a81010; ' class='av-rotator-text-single av-rotator-text-single-6'>8 DISCOS CON ACONDICIONADOR<\/span>\n<\/span><\/h3><\/div><\/p><\/div><div class=\"flex_column av_one_third  flex_column_div av-zero-column-padding   \" style='border-radius:0px; '><p><div class='avia-image-container  av-styling-    avia-align-center '  itemprop=\"ImageObject\" itemscope=\"itemscope\" itemtype=\"https:\/\/schema.org\/ImageObject\"  ><div class='avia-image-container-inner'><a href='http:\/\/fimaks.com\/es\/rastrillos-hileradores\/' class='avia_image'  ><img class='avia_image ' src='http:\/\/fimaks.com\/wp-content\/uploads\/2018\/03\/NAMLU-YAPMA-MAK\u0130NELER\u0130-HEL\u0130KOPTERLER.jpg' alt='' title='NAMLU-YAPMA-MAK\u0130NELER\u0130-HEL\u0130KOPTERLER'  itemprop=\"thumbnailUrl\"  \/><\/a><\/div><\/div><br \/>\n<div style='text-align:left; ' class='av-rotator-container av-rotation-container-left  ' data-interval='3' data-animation='0'><h3 class='av-rotator-container-inner '>RASTRILLOS HILERADORES<span class='av-rotator-text av-rotator-multiline-off '>\n<span style='color:#a81010; ' class='av-rotator-text-single av-rotator-text-single-1'>9 BRAZOS | 3.3 MT<\/span>\n<span style='color:#a81010; ' class='av-rotator-text-single av-rotator-text-single-2'>11 BRAZOS | 4 MT<\/span>\n<span style='color:#a81010; ' class='av-rotator-text-single av-rotator-text-single-3'>22 BRAZOS | 6.4 MT<\/span>\n<\/span><\/h3><\/div><\/p><\/div><div class=\"flex_column av_one_third  flex_column_div av-zero-column-padding   \" style='border-radius:0px; '><p><div class='avia-image-container  av-styling-    avia-align-center '  itemprop=\"ImageObject\" itemscope=\"itemscope\" itemtype=\"https:\/\/schema.org\/ImageObject\"  ><div class='avia-image-container-inner'><a href='http:\/\/fimaks.com\/es\/grupo-de-enfardadoras\/' class='avia_image'  ><img class='avia_image ' src='http:\/\/fimaks.com\/wp-content\/uploads\/2021\/04\/BALYA-MAK\u0130NELER\u0130-2.jpg' alt='' title='BALYA-MAK\u0130NELER\u0130'  itemprop=\"thumbnailUrl\"  \/><\/a><\/div><\/div><br \/>\n<div style='text-align:left; ' class='av-rotator-container av-rotation-container-left  ' data-interval='3' data-animation='0'><h3 class='av-rotator-container-inner '>GRUPO DE ENFARDADORAS<span class='av-rotator-text av-rotator-multiline-off '>\n<span style='color:#a81010; ' class='av-rotator-text-single av-rotator-text-single-1'>ENFARDADORA<\/span>\n<span style='color:#a81010; ' class='av-rotator-text-single av-rotator-text-single-2'>ENFARDADORA DE ROLLO<\/span>\n<span style='color:#a81010; ' class='av-rotator-text-single av-rotator-text-single-3'>PLASTIFICADORA DE FARDOS<\/span>\n<\/span><\/h3><\/div><\/p><\/div><\/div><\/div><\/div><!-- close content main div --><\/div><\/div><div id='after_section_1' class='main_color av_default_container_wrap container_wrap sidebar_right'   ><div class='container' ><div class='template-page content  av-content-small alpha units'><div class='post-entry post-entry-type-page post-entry-12091'><div class='entry-content-wrapper clearfix'><div class='av-hotspot-image-container avia_animate_when_almost_visible   av-hotspot-numbered av-mobile-fallback-active    av-non-fullwidth-hotspot-image '  itemprop=\"ImageObject\" itemscope=\"itemscope\" itemtype=\"https:\/\/schema.org\/ImageObject\"  ><div class='av-hotspot-container'><div class='av-hotspot-container-inner-cell'><div class='av-hotspot-container-inner-wrap'><img class='avia_image ' src='http:\/\/fimaks.com\/wp-content\/uploads\/2013\/04\/Untitled-4.jpg' alt='' title='Untitled-4'   itemprop=\"thumbnailUrl\"  \/><\/div><\/div><\/div><\/div><\/p>\n","protected":false},"excerpt":{"rendered":"","protected":false},"author":1,"featured_media":0,"parent":0,"menu_order":0,"comment_status":"closed","ping_status":"closed","template":"","meta":{"_exactmetrics_skip_tracking":false,"_exactmetrics_sitenote_active":false,"_exactmetrics_sitenote_note":"","_exactmetrics_sitenote_category":0,"footnotes":""},"yst_prominent_words":[],"class_list":["post-12091","page","type-page","status-publish","hentry"],"_links":{"self":[{"href":"http:\/\/fimaks.com\/es\/wp-json\/wp\/v2\/pages\/12091","targetHints":{"allow":["GET"]}}],"collection":[{"href":"http:\/\/fimaks.com\/es\/wp-json\/wp\/v2\/pages"}],"about":[{"href":"http:\/\/fimaks.com\/es\/wp-json\/wp\/v2\/types\/page"}],"author":[{"embeddable":true,"href":"http:\/\/fimaks.com\/es\/wp-json\/wp\/v2\/users\/1"}],"replies":[{"embeddable":true,"href":"http:\/\/fimaks.com\/es\/wp-json\/wp\/v2\/comments?post=12091"}],"version-history":[{"count":60,"href":"http:\/\/fimaks.com\/es\/wp-json\/wp\/v2\/pages\/12091\/revisions"}],"predecessor-version":[{"id":21272,"href":"http:\/\/fimaks.com\/es\/wp-json\/wp\/v2\/pages\/12091\/revisions\/21272"}],"wp:attachment":[{"href":"http:\/\/fimaks.com\/es\/wp-json\/wp\/v2\/media?parent=12091"}],"wp:term":[{"taxonomy":"yst_prominent_words","embeddable":true,"href":"http:\/\/fimaks.com\/es\/wp-json\/wp\/v2\/yst_prominent_words?post=12091"}],"curies":[{"name":"wp","href":"https:\/\/api.w.org\/{rel}","templated":true}]}}