{"id":12142,"date":"2018-05-01T00:01:44","date_gmt":"2018-04-30T21:01:44","guid":{"rendered":"http:\/\/fimaks.com\/contacto\/"},"modified":"2021-07-13T16:14:13","modified_gmt":"2021-07-13T13:14:13","slug":"contacto","status":"publish","type":"page","link":"http:\/\/fimaks.com\/es\/contacto\/","title":{"rendered":"CONTACTO"},"content":{"rendered":"<div id='av_gmap_1' class='avia-google-map-container ' data-mapid='1' style='height: 400px;'><\/div>\n<div class=\"flex_column av_one_half  flex_column_div av-zero-column-padding first  \" style='border-radius:0px; '><section class=\"av_textblock_section \"  itemscope=\"itemscope\" itemtype=\"https:\/\/schema.org\/CreativeWork\" ><div class='avia_textblock  '   itemprop=\"text\" ><div id=\"text-2\" class=\"widget clearfix widget_text\">\n<div class=\"textwidget\">\n<p>INFORMACI\u00d3N DEL CONTACTO:<\/p>\n<p>Tel:\u00a0<a href=\"tel:+902246326303\">+90 224 632 63 03<\/a>\u00a0(PBX)<br \/>\nFax:\u00a0<a href=\"tel:+902246326304\">+90 224 632 63 04<\/a><br \/>\nCorreo electr\u00f3nico:\u00a0<a href=\"mailto:info@fimaks.com\">info@fimaks.com<\/a><\/p>\n<p><strong>Direcci\u00f3n: <\/strong>G\u00fcll\u00fcce Mh. Organize Sanayi B\u00f6lgesi 5. Cadde No:2 16500 Mustafakemalpa\u015fa\/Bursa\/T\u00dcRK\u0130YE<\/p>\n<\/div>\n<\/div>\n<\/div><\/section><\/div>\n<div class=\"flex_column av_one_half  flex_column_div av-zero-column-padding   \" style='border-radius:0px; '><p><div style='height:20px' class='hr hr-invisible  '><span class='hr-inner ' ><span class='hr-inner-style'><\/span><\/span><\/div><br \/>\n<div class='avia-builder-widget-area clearfix '><div id=\"avia_fb_likebox-3\" class=\"widget clearfix avia_fb_likebox\"><div class='av_facebook_widget_wrap ' ><div class=\"fb-page\" data-width=\"500\" data-href=\"https:\/\/www.facebook.com\/fimaksmakina\/\" data-small-header=\"false\" data-adapt-container-width=\"true\" data-hide-cover=\"false\" data-show-facepile=\"true\" data-show-posts=\"false\"><div class=\"fb-xfbml-parse-ignore\"><\/div><\/div><\/div><\/div><\/div><\/p><\/div>\n<div class=\"flex_column av_one_full  flex_column_div av-zero-column-padding first  \" style='border-radius:0px; '><p><section class=\"av_textblock_section \"  itemscope=\"itemscope\" itemtype=\"https:\/\/schema.org\/CreativeWork\" ><div class='avia_textblock  '   itemprop=\"text\" ><p>Hay muchas maneras de contactarse con Fimaks.<\/p>\n<p>Lo puede hacer por medio de:<\/p>\n<p>Llamadas<\/p>\n<p>Enviando un e-mail<\/p>\n<p>Enviando un mensaje en nuestras redes sociales<\/p>\n<p>Llenando el formulario en l\u00ednea<\/p>\n<p>Visti\u00e9ndonos en nuestras fabricas<\/p>\n<p>Puede encontrar todos los detalles en esta p\u00e1guina web.<\/p>\n<\/div><\/section><br \/>\n<div  class='hr hr-default  '><span class='hr-inner ' ><span class='hr-inner-style'><\/span><\/span><\/div><\/p><\/div>\n<div class=\"flex_column av_one_full  flex_column_div av-zero-column-padding first  \" style='border-radius:0px; '><p><div class='avia-image-container  av-styling-    avia-align-center '  itemprop=\"ImageObject\" itemscope=\"itemscope\" itemtype=\"https:\/\/schema.org\/ImageObject\"  ><div class='avia-image-container-inner'><img class='avia_image ' src='http:\/\/fimaks.com\/wp-content\/uploads\/2018\/03\/1-3.jpg' alt='' title='Fimaks \u0130leti\u015fim'   itemprop=\"thumbnailUrl\"  \/><\/div><\/div><br \/>\n<div class='avia-image-container  av-styling-    avia-align-center '  itemprop=\"ImageObject\" itemscope=\"itemscope\" itemtype=\"https:\/\/schema.org\/ImageObject\"  ><div class='avia-image-container-inner'><img class='avia_image ' src='http:\/\/fimaks.com\/wp-content\/uploads\/2018\/03\/2-3.jpg' alt='' title='Fimaks \u0130leti\u015fim'   itemprop=\"thumbnailUrl\"  \/><\/div><\/div><\/p><\/div>\n","protected":false},"excerpt":{"rendered":"","protected":false},"author":1,"featured_media":0,"parent":0,"menu_order":0,"comment_status":"open","ping_status":"open","template":"","meta":{"_exactmetrics_skip_tracking":false,"_exactmetrics_sitenote_active":false,"_exactmetrics_sitenote_note":"","_exactmetrics_sitenote_category":0,"footnotes":""},"yst_prominent_words":[],"class_list":["post-12142","page","type-page","status-publish","hentry"],"_links":{"self":[{"href":"http:\/\/fimaks.com\/es\/wp-json\/wp\/v2\/pages\/12142","targetHints":{"allow":["GET"]}}],"collection":[{"href":"http:\/\/fimaks.com\/es\/wp-json\/wp\/v2\/pages"}],"about":[{"href":"http:\/\/fimaks.com\/es\/wp-json\/wp\/v2\/types\/page"}],"author":[{"embeddable":true,"href":"http:\/\/fimaks.com\/es\/wp-json\/wp\/v2\/users\/1"}],"replies":[{"embeddable":true,"href":"http:\/\/fimaks.com\/es\/wp-json\/wp\/v2\/comments?post=12142"}],"version-history":[{"count":18,"href":"http:\/\/fimaks.com\/es\/wp-json\/wp\/v2\/pages\/12142\/revisions"}],"predecessor-version":[{"id":21248,"href":"http:\/\/fimaks.com\/es\/wp-json\/wp\/v2\/pages\/12142\/revisions\/21248"}],"wp:attachment":[{"href":"http:\/\/fimaks.com\/es\/wp-json\/wp\/v2\/media?parent=12142"}],"wp:term":[{"taxonomy":"yst_prominent_words","embeddable":true,"href":"http:\/\/fimaks.com\/es\/wp-json\/wp\/v2\/yst_prominent_words?post=12142"}],"curies":[{"name":"wp","href":"https:\/\/api.w.org\/{rel}","templated":true}]}}