{"id":13875,"date":"2018-05-22T01:09:14","date_gmt":"2018-05-21T22:09:14","guid":{"rendered":"http:\/\/fimaks.com\/segadoras-de-disco\/segadora-acondicionadora-de-discos-de-8-discos\/"},"modified":"2021-10-08T08:58:17","modified_gmt":"2021-10-08T05:58:17","slug":"segadora-acondicionadora-de-discos-de-8-discos","status":"publish","type":"page","link":"http:\/\/fimaks.com\/es\/segadoras-de-disco\/segadora-acondicionadora-de-discos-de-8-discos\/","title":{"rendered":"SEGADORA ACONDICIONADORA DE DISCOS DE 8 DISCOS"},"content":{"rendered":"<div class='av-hotspot-image-container avia_animate_when_almost_visible   avia_animated_image avia_animate_when_almost_visible fade-in av-hotspot-numbered av-mobile-fallback-active    av-non-fullwidth-hotspot-image '  itemprop=\"ImageObject\" itemscope=\"itemscope\" itemtype=\"https:\/\/schema.org\/ImageObject\"  ><div class='av-hotspot-container'><div class='av-hotspot-container-inner-cell'><div class='av-hotspot-container-inner-wrap'><div class='av-image-hotspot' data-avia-tooltip-position='right' data-avia-tooltip-alignment='centered' data-avia-tooltip-class='av-tt-default-width av-tt-pos-right av-tt-align-centered  av-mobile-fallback-active  transparent_dark av-tt-hotspot' data-avia-tooltip='&lt;p&gt;POSICIONAMIENTO HIDRAULICO&lt;\/p&gt;\n' style='top: 57%; left: 67.2%; '><div class='av-image-hotspot_inner' style='background-color: #c2c9ce; color: #000000;'>1<\/div><div class='av-image-hotspot-pulse' style='background-color:#e8e8e8;'><\/div><\/div><div class='av-image-hotspot' data-avia-tooltip-position='bottom' data-avia-tooltip-alignment='centered' data-avia-tooltip-class='av-tt-default-width av-tt-pos-below av-tt-align-centered  av-mobile-fallback-active  transparent_dark av-tt-hotspot' data-avia-tooltip='&lt;p&gt;8 DISCOS\u00a0| 16 CUCHILLOS&lt;\/p&gt;\n' style='top: 69.5%; left: 59.3%; '><div class='av-image-hotspot_inner' style='background-color: #c2c9ce; color: #000000;'>2<\/div><div class='av-image-hotspot-pulse' style='background-color:#ffffff;'><\/div><\/div><div class='av-image-hotspot' data-avia-tooltip-position='top' data-avia-tooltip-alignment='left' data-avia-tooltip-class='av-tt-default-width av-tt-pos-above av-tt-align-left  av-mobile-fallback-active  transparent_dark av-tt-hotspot' data-avia-tooltip='&lt;p&gt;CHASIS FUERTE&lt;\/p&gt;\n' style='top: 49.8%; left: 44.7%; '><div class='av-image-hotspot_inner' style='background-color: #c2c9ce; color: #000000;'>3<\/div><div class='av-image-hotspot-pulse' style='background-color:#ffffff;'><\/div><\/div><div class='av-image-hotspot' data-avia-tooltip-position='top' data-avia-tooltip-alignment='left' data-avia-tooltip-class='av-tt-default-width av-tt-pos-above av-tt-align-left  av-mobile-fallback-active  transparent_dark av-tt-hotspot' data-avia-tooltip='&lt;p&gt;SISTEMA DE TRANSMISIONES ITALIANAS&lt;\/p&gt;\n' style='top: 58.8%; left: 57.9%; '><div class='av-image-hotspot_inner' style='background-color: #c2c9ce; color: #000000;'>4<\/div><div class='av-image-hotspot-pulse' style='background-color:#ffffff;'><\/div><\/div><div class='av-image-hotspot' data-avia-tooltip-position='top' data-avia-tooltip-alignment='left' data-avia-tooltip-class='av-tt-default-width av-tt-pos-above av-tt-align-left  av-mobile-fallback-active  transparent_dark av-tt-hotspot' data-avia-tooltip='&lt;p&gt;CUCHILLOS GIRANDO A 3000 RPM&lt;\/p&gt;\n' style='top: 70.7%; left: 62.3%; '><div class='av-image-hotspot_inner' style='background-color: #c2c9ce; color: #000000;'>5<\/div><div class='av-image-hotspot-pulse' style='background-color:#ffffff;'><\/div><\/div><div class='av-image-hotspot' data-avia-tooltip-position='top' data-avia-tooltip-alignment='left' data-avia-tooltip-class='av-tt-default-width av-tt-pos-above av-tt-align-left  av-mobile-fallback-active  transparent_dark av-tt-hotspot' data-avia-tooltip='&lt;p&gt;SISTEMA DE CORTADO&lt;\/p&gt;\n' style='top: 71.3%; left: 64.9%; '><div class='av-image-hotspot_inner' style='background-color: #c2c9ce; color: #000000;'>6<\/div><div class='av-image-hotspot-pulse' style='background-color:#ffffff;'><\/div><\/div><div class='av-image-hotspot' data-avia-tooltip-position='top' data-avia-tooltip-alignment='left' data-avia-tooltip-class='av-tt-default-width av-tt-pos-above av-tt-align-left  av-mobile-fallback-active  transparent_dark av-tt-hotspot' data-avia-tooltip='&lt;p&gt;ESQUIES PARA LA BARRA DE CORTE&lt;\/p&gt;\n' style='top: 72%; left: 67.9%; '><div class='av-image-hotspot_inner' style='background-color: #c2c9ce; color: #000000;'>7<\/div><div class='av-image-hotspot-pulse' style='background-color:#ffffff;'><\/div><\/div><img class='avia_image ' src='http:\/\/fimaks.com\/wp-content\/uploads\/2018\/03\/7-D\u0130SKL\u0130-SIKMALI-\u00c7AYIR-B\u0130\u00c7ME-MAK\u0130NES\u0130-FMDM-280C.png' alt='D\u0130SKL\u0130 \u00c7AYIR B\u0130\u00c7ME MAK\u0130NASI - SIKMALI 7 D\u0130SKL\u0130 \u00c7AYIR B\u0130\u00c7ME - FMDM 280C' title='D\u0130SKL\u0130 \u00c7AYIR B\u0130\u00c7ME MAK\u0130NASI -  SIKMALI 7 D\u0130SKL\u0130 \u00c7AYIR B\u0130\u00c7ME - FMDM 280C'   itemprop=\"thumbnailUrl\"  \/><\/div><\/div><\/div><div class='av-hotspot-fallback-tooltip'><div class='av-hotspot-fallback-tooltip-count'>1<div class='avia-arrow'><\/div><\/div><div class='av-hotspot-fallback-tooltip-inner clearfix'><p>\nPOSICIONAMIENTO HIDRAULICO<\/p>\n<\/div><\/div><div class='av-hotspot-fallback-tooltip'><div class='av-hotspot-fallback-tooltip-count'>2<div class='avia-arrow'><\/div><\/div><div class='av-hotspot-fallback-tooltip-inner clearfix'><p>\n8 DISCOS\u00a0| 16 CUCHILLOS<\/p>\n<\/div><\/div><div class='av-hotspot-fallback-tooltip'><div class='av-hotspot-fallback-tooltip-count'>3<div class='avia-arrow'><\/div><\/div><div class='av-hotspot-fallback-tooltip-inner clearfix'><p>\nCHASIS FUERTE<\/p>\n<\/div><\/div><div class='av-hotspot-fallback-tooltip'><div class='av-hotspot-fallback-tooltip-count'>4<div class='avia-arrow'><\/div><\/div><div class='av-hotspot-fallback-tooltip-inner clearfix'><p>\nSISTEMA DE TRANSMISIONES ITALIANAS<\/p>\n<\/div><\/div><div class='av-hotspot-fallback-tooltip'><div class='av-hotspot-fallback-tooltip-count'>5<div class='avia-arrow'><\/div><\/div><div class='av-hotspot-fallback-tooltip-inner clearfix'><p>\nCUCHILLOS GIRANDO A 3000 RPM<\/p>\n<\/div><\/div><div class='av-hotspot-fallback-tooltip'><div class='av-hotspot-fallback-tooltip-count'>6<div class='avia-arrow'><\/div><\/div><div class='av-hotspot-fallback-tooltip-inner clearfix'><p>\nSISTEMA DE CORTADO<\/p>\n<\/div><\/div><div class='av-hotspot-fallback-tooltip'><div class='av-hotspot-fallback-tooltip-count'>7<div class='avia-arrow'><\/div><\/div><div class='av-hotspot-fallback-tooltip-inner clearfix'><p>\nESQUIES PARA LA BARRA DE CORTE<\/p>\n<\/div><\/div><\/div>\n<div style='padding-bottom:10px;' class='av-special-heading av-special-heading-h1  blockquote modern-quote modern-centered   av-thin-font '><h1 class='av-special-heading-tag '  itemprop=\"headline\"  >SEGADORA DE DISCOS DE 8 DISCOS<br \/>\n| <strong>FMDM 320C <\/strong>|<\/h1><div class='special-heading-border'><div class='special-heading-inner-border' ><\/div><\/div><\/div>\n<div  class='hr hr-default  '><span class='hr-inner ' ><span class='hr-inner-style'><\/span><\/span><\/div>\n<section class=\"av_textblock_section \"  itemscope=\"itemscope\" itemtype=\"https:\/\/schema.org\/CreativeWork\" ><div class='avia_textblock  '   itemprop=\"text\" ><p><span class=\"av_dropcap1 \" > F <\/span> imaks ofrece una serie de para cortar alfalfa, tr\u00e9bol y hierbas similares. Hay diferentes modelos con 5, 6, 7 y 8 discos. 5 y 6 m\u00e1quinas de discos son modelos montado. Las m\u00e1quinas de discos 7 y 8 son modelos de tipo arrastrados. El acondicionador es opcional con modelos montados y est\u00e1ndar con modelos arrastrados.<\/p>\n<p>El movimiento de rotaci\u00f3n de las segadoras de tambor es da\u00f1ino para la ra\u00edz de los cultivos. Segadoras de discos no da\u00f1an los cultivos como segadoras de tambor. Los discos giran a 3000 rpm y esta rotaci\u00f3n crea una turbulencia de aire que levanta la hierba inclinada.<\/p>\n<p>Las segadoras de discos Fimaks tienen un mecanismo de seguridad para no golpear un objeto duro. En caso de golpe, los cortac\u00e9spedes de disco hacen un movimiento hacia atr\u00e1s para disminuir el da\u00f1o al m\u00ednimo.<\/p>\n<p>El acondicionador en las podadoras de discos frena los cultivos (sin cortar). Los cultivos rotos se secan m\u00e1s r\u00e1pido sin perder ning\u00fan valor nutritivo.<\/p>\n<p>La m\u00e1quina se puede levantar hidr\u00e1ulicamente a la posici\u00f3n de la carretera.<\/p>\n<\/div><\/section>\n<div  class='hr hr-default  '><span class='hr-inner ' ><span class='hr-inner-style'><\/span><\/span><\/div>\n<div class='av-social-sharing-box  av-social-sharing-box-minimal '><div class='av-share-box'><ul class='av-share-box-list noLightbox'><li class='av-share-link av-social-link-facebook' ><a target='_blank' href='http:\/\/www.facebook.com\/sharer.php?u=http:\/\/fimaks.com\/es\/segadoras-de-disco\/segadora-acondicionadora-de-discos-de-8-discos\/&amp;t=SEGADORA%20ACONDICIONADORA%20DE%20DISCOS%20DE%208%20DISCOS' aria-hidden='true' data-av_icon='\ue8f3' data-av_iconfont='entypo-fontello' title='' data-avia-related-tooltip='Compartir en Facebook'><span class='avia_hidden_link_text'>Compartir en Facebook<\/span><\/a><\/li><li class='av-share-link av-social-link-twitter' ><a target='_blank' href='https:\/\/twitter.com\/share?text=SEGADORA%20ACONDICIONADORA%20DE%20DISCOS%20DE%208%20DISCOS&url=http:\/\/fimaks.com\/es\/?p=13875' aria-hidden='true' data-av_icon='\ue8f1' data-av_iconfont='entypo-fontello' title='' data-avia-related-tooltip='Compartir en Twitter'><span class='avia_hidden_link_text'>Compartir en Twitter<\/span><\/a><\/li><li class='av-share-link av-social-link-gplus' ><a target='_blank' href='https:\/\/plus.google.com\/share?url=http:\/\/fimaks.com\/es\/segadoras-de-disco\/segadora-acondicionadora-de-discos-de-8-discos\/' aria-hidden='true' data-av_icon='\ue8f6' data-av_iconfont='entypo-fontello' title='' data-avia-related-tooltip='Compartir en Google+'><span class='avia_hidden_link_text'>Compartir en Google+<\/span><\/a><\/li><li class='av-share-link av-social-link-pinterest' ><a target='_blank' href='http:\/\/pinterest.com\/pin\/create\/button\/?url=http%3A%2F%2Ffimaks.com%2Fes%2Fsegadoras-de-disco%2Fsegadora-acondicionadora-de-discos-de-8-discos%2F&amp;description=SEGADORA%20ACONDICIONADORA%20DE%20DISCOS%20DE%208%20DISCOS&amp;media=' aria-hidden='true' data-av_icon='\ue8f8' data-av_iconfont='entypo-fontello' title='' data-avia-related-tooltip='Compartir en Pinterest'><span class='avia_hidden_link_text'>Compartir en Pinterest<\/span><\/a><\/li><li class='av-share-link av-social-link-linkedin' ><a target='_blank' href='http:\/\/linkedin.com\/shareArticle?mini=true&amp;title=SEGADORA%20ACONDICIONADORA%20DE%20DISCOS%20DE%208%20DISCOS&amp;url=http:\/\/fimaks.com\/es\/segadoras-de-disco\/segadora-acondicionadora-de-discos-de-8-discos\/' aria-hidden='true' data-av_icon='\ue8fc' data-av_iconfont='entypo-fontello' title='' data-avia-related-tooltip='Compartir en Linkedin'><span class='avia_hidden_link_text'>Compartir en Linkedin<\/span><\/a><\/li><li class='av-share-link av-social-link-tumblr' ><a target='_blank' href='http:\/\/www.tumblr.com\/share\/link?url=http%3A%2F%2Ffimaks.com%2Fes%2Fsegadoras-de-disco%2Fsegadora-acondicionadora-de-discos-de-8-discos%2F&amp;name=SEGADORA%20ACONDICIONADORA%20DE%20DISCOS%20DE%208%20DISCOS&amp;description=' aria-hidden='true' data-av_icon='\ue8fa' data-av_iconfont='entypo-fontello' title='' data-avia-related-tooltip='Compartir en Tumblr'><span class='avia_hidden_link_text'>Compartir en Tumblr<\/span><\/a><\/li><li class='av-share-link av-social-link-vk' ><a target='_blank' href='http:\/\/vk.com\/share.php?url=http:\/\/fimaks.com\/es\/segadoras-de-disco\/segadora-acondicionadora-de-discos-de-8-discos\/' aria-hidden='true' data-av_icon='\ue926' data-av_iconfont='entypo-fontello' title='' data-avia-related-tooltip='Compartir en Vk'><span class='avia_hidden_link_text'>Compartir en Vk<\/span><\/a><\/li><li class='av-share-link av-social-link-reddit' ><a target='_blank' href='http:\/\/reddit.com\/submit?url=http:\/\/fimaks.com\/es\/segadoras-de-disco\/segadora-acondicionadora-de-discos-de-8-discos\/&amp;title=SEGADORA%20ACONDICIONADORA%20DE%20DISCOS%20DE%208%20DISCOS' aria-hidden='true' data-av_icon='\ue927' data-av_iconfont='entypo-fontello' title='' data-avia-related-tooltip='Compartir en Reddit'><span class='avia_hidden_link_text'>Compartir en Reddit<\/span><\/a><\/li><li class='av-share-link av-social-link-mail' ><a  href='mailto:?subject=SEGADORA%20ACONDICIONADORA%20DE%20DISCOS%20DE%208%20DISCOS&amp;body=http:\/\/fimaks.com\/es\/segadoras-de-disco\/segadora-acondicionadora-de-discos-de-8-discos\/' aria-hidden='true' data-av_icon='\ue805' data-av_iconfont='entypo-fontello' title='' data-avia-related-tooltip='Compartir por correo'><span class='avia_hidden_link_text'>Compartir por correo<\/span><\/a><\/li><\/ul><\/div><\/div>\n<div  class='hr hr-default  '><span class='hr-inner ' ><span class='hr-inner-style'><\/span><\/span><\/div>\n<div  class='avia-video avia-video-16-9   '  itemprop=\"video\" itemtype=\"https:\/\/schema.org\/VideoObject\" ><div class='avia-iframe-wrap'><iframe loading=\"lazy\" width=\"1500\" height=\"844\" src=\"https:\/\/www.youtube.com\/embed\/cByd9Uz2eCs?feature=oembed\" frameborder=\"0\" allow=\"autoplay; encrypted-media\" allowfullscreen><\/iframe><\/div><\/div>\n<div class='avia-data-table-wrap avia_responsive_table'><table class='avia-table avia-data-table avia-table-1  avia_pricing_default '  itemscope=\"itemscope\" itemtype=\"https:\/\/schema.org\/Table\" ><tbody><tr class=''><td class=''>NUMERO DE DISCOS<\/td><td class=''>8<\/td><\/tr><tr class=''><td class=''>ANCHO DE TRABAJO (mm)<\/td><td class=''>3200<\/td><\/tr><tr class=''><td class=''>ANCHO (mm)<\/td><td class=''>3550<\/td><\/tr><tr class=''><td class=''>ALTURA (mm)<\/td><td class=''>1300<\/td><\/tr><tr class=''><td class=''>LONGITUD (mm)<\/td><td class=''>5700<\/td><\/tr><tr class=''><td class=''>PESO (kg)<\/td><td class=''>1460<\/td><\/tr><tr class=''><td class=''>POTENCIA NECESARIA (hp)<\/td><td class=''>100<\/td><\/tr><tr class=''><td class=''>NUMERO DE CUCHILLOS<\/td><td class=''>16<\/td><\/tr><tr class=''><td class=''>ROTACION DE DISCOS (rpm)<\/td><td class=''>3000<\/td><\/tr><tr class=''><td class=''>ACONDICIONADOR<\/td><td class=''>STANDARD<\/td><\/tr><\/tbody><\/table><\/div><style type='text\/css'><\/style>\n\t<div  class='av_promobox  avia-button-yes '>\t\t<div class='avia-promocontent'><p>\nWe produce productivity. Get a quotation.<\/p>\n<\/div><div class='avia-button-wrap avia-button-right '><a href='http:\/\/fimaks.com\/iletisim\/' class='avia-button   avia-icon_select-no avia-color-theme-color avia-size-large avia-position-right '   ><span class='avia_iconbox_title' >Contacto<\/span><\/a><\/div>\t<\/div>\n<div  data-size='no scaling'  data-lightbox_size='large'  data-animation='slide'  data-ids='4784,4785,4786,4787,4788,4782'  data-video_counter='0'  data-autoplay='true'  data-bg_slider='false'  data-slide_height=''  data-handle='av_slideshow'  data-interval='3'  data-class=' '  data-css_id=''  data-scroll_down=''  data-control_layout='av-control-default'  data-custom_markup=''  data-perma_caption=''  data-autoplay_stopper=''  data-image_attachment=''  data-min_height='0px'  class='avia-slideshow avia-slideshow-1  av-control-default av-default-height-applied avia-slideshow-no scaling av_slideshow   avia-slide-slider '  itemprop=\"ImageObject\" itemscope=\"itemscope\" itemtype=\"https:\/\/schema.org\/ImageObject\" ><ul class='avia-slideshow-inner' style='padding-bottom: 100%;'><li  class=' slide-1 ' ><div data-rel='slideshow-1' class='avia-slide-wrap'  ><img src='http:\/\/fimaks.com\/wp-content\/uploads\/2018\/03\/2.jpg' width='960' height='960' title='7 Diskli s\u0131kmal\u0131 \u00e7ay\u0131r bi\u00e7me makinesi 5' alt=''  itemprop=\"thumbnailUrl\"   \/><\/div><\/li><li  class=' slide-2 ' ><div data-rel='slideshow-1' class='avia-slide-wrap'  ><img src='http:\/\/fimaks.com\/wp-content\/uploads\/2018\/03\/3.jpg' width='960' height='960' title='7 Diskli s\u0131kmal\u0131 \u00e7ay\u0131r bi\u00e7me makinesi 4' alt=''  itemprop=\"thumbnailUrl\"   \/><\/div><\/li><li  class=' slide-3 ' ><div data-rel='slideshow-1' class='avia-slide-wrap'  ><img src='http:\/\/fimaks.com\/wp-content\/uploads\/2018\/03\/4.jpg' width='960' height='960' title='7 Diskli s\u0131kmal\u0131 \u00e7ay\u0131r bi\u00e7me makinesi 3' alt=''  itemprop=\"thumbnailUrl\"   \/><\/div><\/li><li  class=' slide-4 ' ><div data-rel='slideshow-1' class='avia-slide-wrap'  ><img src='http:\/\/fimaks.com\/wp-content\/uploads\/2018\/03\/5.jpg' width='960' height='960' title='7 Diskli s\u0131kmal\u0131 \u00e7ay\u0131r bi\u00e7me makinesi 2' alt=''  itemprop=\"thumbnailUrl\"   \/><\/div><\/li><li  class=' slide-5 ' ><div data-rel='slideshow-1' class='avia-slide-wrap'  ><img src='http:\/\/fimaks.com\/wp-content\/uploads\/2018\/03\/6.jpg' width='960' height='960' title='7 Diskli s\u0131kmal\u0131 \u00e7ay\u0131r bi\u00e7me makinesi' alt=''  itemprop=\"thumbnailUrl\"   \/><\/div><\/li><li  class=' slide-6 ' ><div data-rel='slideshow-1' class='avia-slide-wrap'  ><img src='http:\/\/fimaks.com\/wp-content\/uploads\/2018\/03\/1.jpg' width='960' height='960' title='7 Diskli s\u0131kmal\u0131 \u00e7ay\u0131r bi\u00e7me makinesi 6' alt=''  itemprop=\"thumbnailUrl\"   \/><\/div><\/li><\/ul><div class='avia-slideshow-arrows avia-slideshow-controls'><a href='#prev' class='prev-slide' aria-hidden='true' data-av_icon='\ue87c' data-av_iconfont='entypo-fontello'>Anterior<\/a><a href='#next' class='next-slide' aria-hidden='true' data-av_icon='\ue87d' data-av_iconfont='entypo-fontello'>Posterior<\/a><\/div><div class='avia-slideshow-dots avia-slideshow-controls'><a href='#1' class='goto-slide active' >1<\/a><a href='#2' class='goto-slide ' >2<\/a><a href='#3' class='goto-slide ' >3<\/a><a href='#4' class='goto-slide ' >4<\/a><a href='#5' class='goto-slide ' >5<\/a><a href='#6' class='goto-slide ' >6<\/a><\/div><\/div>\n","protected":false},"excerpt":{"rendered":"","protected":false},"author":1,"featured_media":0,"parent":12237,"menu_order":0,"comment_status":"closed","ping_status":"closed","template":"","meta":{"_exactmetrics_skip_tracking":false,"_exactmetrics_sitenote_active":false,"_exactmetrics_sitenote_note":"","_exactmetrics_sitenote_category":0,"footnotes":""},"yst_prominent_words":[],"class_list":["post-13875","page","type-page","status-publish","hentry"],"_links":{"self":[{"href":"http:\/\/fimaks.com\/es\/wp-json\/wp\/v2\/pages\/13875","targetHints":{"allow":["GET"]}}],"collection":[{"href":"http:\/\/fimaks.com\/es\/wp-json\/wp\/v2\/pages"}],"about":[{"href":"http:\/\/fimaks.com\/es\/wp-json\/wp\/v2\/types\/page"}],"author":[{"embeddable":true,"href":"http:\/\/fimaks.com\/es\/wp-json\/wp\/v2\/users\/1"}],"replies":[{"embeddable":true,"href":"http:\/\/fimaks.com\/es\/wp-json\/wp\/v2\/comments?post=13875"}],"version-history":[{"count":26,"href":"http:\/\/fimaks.com\/es\/wp-json\/wp\/v2\/pages\/13875\/revisions"}],"predecessor-version":[{"id":22752,"href":"http:\/\/fimaks.com\/es\/wp-json\/wp\/v2\/pages\/13875\/revisions\/22752"}],"up":[{"embeddable":true,"href":"http:\/\/fimaks.com\/es\/wp-json\/wp\/v2\/pages\/12237"}],"wp:attachment":[{"href":"http:\/\/fimaks.com\/es\/wp-json\/wp\/v2\/media?parent=13875"}],"wp:term":[{"taxonomy":"yst_prominent_words","embeddable":true,"href":"http:\/\/fimaks.com\/es\/wp-json\/wp\/v2\/yst_prominent_words?post=13875"}],"curies":[{"name":"wp","href":"https:\/\/api.w.org\/{rel}","templated":true}]}}