{"id":14162,"date":"2018-05-23T02:12:42","date_gmt":"2018-05-22T23:12:42","guid":{"rendered":"http:\/\/fimaks.com\/cosechadoras-de-maiz\/cosechadora-de-maiz-accionada-por-fajas\/"},"modified":"2021-07-09T16:31:20","modified_gmt":"2021-07-09T13:31:20","slug":"cosechadora-de-maiz-accionada-por-fajas","status":"publish","type":"page","link":"http:\/\/fimaks.com\/es\/cosechadoras-de-maiz\/cosechadora-de-maiz-accionada-por-fajas\/","title":{"rendered":"COSECHADORA DE MAIZ ACCIONADA POR FAJAS"},"content":{"rendered":"<div class='av-hotspot-image-container avia_animate_when_almost_visible   avia_animated_image avia_animate_when_almost_visible fade-in av-hotspot-numbered av-mobile-fallback-active    av-non-fullwidth-hotspot-image '  itemprop=\"ImageObject\" itemscope=\"itemscope\" itemtype=\"https:\/\/schema.org\/ImageObject\"  ><div class='av-hotspot-container'><div class='av-hotspot-container-inner-cell'><div class='av-hotspot-container-inner-wrap'><div class='av-image-hotspot' data-avia-tooltip-position='right' data-avia-tooltip-alignment='centered' data-avia-tooltip-class='av-tt-default-width av-tt-pos-right av-tt-align-centered  av-mobile-fallback-active  transparent_dark av-tt-hotspot' data-avia-tooltip='&lt;p&gt;ALTURA DE LLANTA REGULABLE&lt;\/p&gt;\n' style='top: 79.8%; left: 50.4%; '><div class='av-image-hotspot_inner' style='background-color: #c2c9ce; color: #000000;'>1<\/div><div class='av-image-hotspot-pulse' style='background-color:#e8e8e8;'><\/div><\/div><div class='av-image-hotspot' data-avia-tooltip-position='bottom' data-avia-tooltip-alignment='centered' data-avia-tooltip-class='av-tt-default-width av-tt-pos-below av-tt-align-centered  av-mobile-fallback-active  transparent_dark av-tt-hotspot' data-avia-tooltip='&lt;p&gt;GUIAS DE CULTIVO&lt;\/p&gt;\n' style='top: 89.5%; left: 38.6%; '><div class='av-image-hotspot_inner' style='background-color: #c2c9ce; color: #000000;'>2<\/div><div class='av-image-hotspot-pulse' style='background-color:#ffffff;'><\/div><\/div><div class='av-image-hotspot' data-avia-tooltip-position='top' data-avia-tooltip-alignment='left' data-avia-tooltip-class='av-tt-default-width av-tt-pos-above av-tt-align-left  av-mobile-fallback-active  transparent_dark av-tt-hotspot' data-avia-tooltip='&lt;p&gt;TUMBADOR DE CULTIVO CORTADO&lt;\/p&gt;\n' style='top: 68.9%; left: 40%; '><div class='av-image-hotspot_inner' style='background-color: #c2c9ce; color: #000000;'>3<\/div><div class='av-image-hotspot-pulse' style='background-color:#ffffff;'><\/div><\/div><div class='av-image-hotspot' data-avia-tooltip-position='top' data-avia-tooltip-alignment='left' data-avia-tooltip-class='av-tt-default-width av-tt-pos-above av-tt-align-left  av-mobile-fallback-active  transparent_dark av-tt-hotspot' data-avia-tooltip='&lt;p&gt;ACCIONADA POR FAJAS&lt;\/p&gt;\n' style='top: 63.4%; left: 52.5%; '><div class='av-image-hotspot_inner' style='background-color: #c2c9ce; color: #000000;'>4<\/div><div class='av-image-hotspot-pulse' style='background-color:#ffffff;'><\/div><\/div><div class='av-image-hotspot' data-avia-tooltip-position='top' data-avia-tooltip-alignment='left' data-avia-tooltip-class='av-tt-default-width av-tt-pos-above av-tt-align-left  av-mobile-fallback-active  transparent_dark av-tt-hotspot' data-avia-tooltip='&lt;p&gt;PIE DE APOYO&lt;\/p&gt;\n' style='top: 72.6%; left: 60.9%; '><div class='av-image-hotspot_inner' style='background-color: #c2c9ce; color: #000000;'>5<\/div><div class='av-image-hotspot-pulse' style='background-color:#ffffff;'><\/div><\/div><div class='av-image-hotspot' data-avia-tooltip-position='top' data-avia-tooltip-alignment='left' data-avia-tooltip-class='av-tt-default-width av-tt-pos-above av-tt-align-left  av-mobile-fallback-active  transparent_dark av-tt-hotspot' data-avia-tooltip='&lt;p&gt;TOLVA HIDRAULICA&lt;\/p&gt;\n' style='top: 38.5%; left: 50.4%; '><div class='av-image-hotspot_inner' style='background-color: #c2c9ce; color: #000000;'>6<\/div><div class='av-image-hotspot-pulse' style='background-color:#ffffff;'><\/div><\/div><div class='av-image-hotspot' data-avia-tooltip-position='top' data-avia-tooltip-alignment='left' data-avia-tooltip-class='av-tt-default-width av-tt-pos-above av-tt-align-left  av-mobile-fallback-active  transparent_dark av-tt-hotspot' data-avia-tooltip='&lt;hr \/&gt;\n&lt;p&gt;TOLVA PLEGLABLE&lt;\/p&gt;\n' style='top: 39.2%; left: 45.5%; '><div class='av-image-hotspot_inner' style='background-color: #c2c9ce; color: #000000;'>7<\/div><div class='av-image-hotspot-pulse' style='background-color:#ffffff;'><\/div><\/div><img class='avia_image ' src='http:\/\/fimaks.com\/wp-content\/uploads\/2018\/02\/TEK-SIRA-MISIR-S\u0130LAJ-MAK\u0130NES\u0130-KAYI\u015eLI.png' alt='Kay\u0131\u015fl\u0131 Tek S\u0131ra M\u0131s\u0131r Silaj Makinesi' title='Kay\u0131\u015fl\u0131 Tek S\u0131ra M\u0131s\u0131r Silaj Makinesi'   itemprop=\"thumbnailUrl\"  \/><\/div><\/div><\/div><div class='av-hotspot-fallback-tooltip'><div class='av-hotspot-fallback-tooltip-count'>1<div class='avia-arrow'><\/div><\/div><div class='av-hotspot-fallback-tooltip-inner clearfix'><p>\nALTURA DE LLANTA REGULABLE<\/p>\n<\/div><\/div><div class='av-hotspot-fallback-tooltip'><div class='av-hotspot-fallback-tooltip-count'>2<div class='avia-arrow'><\/div><\/div><div class='av-hotspot-fallback-tooltip-inner clearfix'><p>\nGUIAS DE CULTIVO<\/p>\n<\/div><\/div><div class='av-hotspot-fallback-tooltip'><div class='av-hotspot-fallback-tooltip-count'>3<div class='avia-arrow'><\/div><\/div><div class='av-hotspot-fallback-tooltip-inner clearfix'><p>\nTUMBADOR DE CULTIVO CORTADO<\/p>\n<\/div><\/div><div class='av-hotspot-fallback-tooltip'><div class='av-hotspot-fallback-tooltip-count'>4<div class='avia-arrow'><\/div><\/div><div class='av-hotspot-fallback-tooltip-inner clearfix'><p>\nACCIONADA POR FAJAS<\/p>\n<\/div><\/div><div class='av-hotspot-fallback-tooltip'><div class='av-hotspot-fallback-tooltip-count'>5<div class='avia-arrow'><\/div><\/div><div class='av-hotspot-fallback-tooltip-inner clearfix'><p>\nPIE DE APOYO<\/p>\n<\/div><\/div><div class='av-hotspot-fallback-tooltip'><div class='av-hotspot-fallback-tooltip-count'>6<div class='avia-arrow'><\/div><\/div><div class='av-hotspot-fallback-tooltip-inner clearfix'><p>\nTOLVA HIDRAULICA<\/p>\n<\/div><\/div><div class='av-hotspot-fallback-tooltip'><div class='av-hotspot-fallback-tooltip-count'>7<div class='avia-arrow'><\/div><\/div><div class='av-hotspot-fallback-tooltip-inner clearfix'><\/p>\n<hr \/>\n<p>TOLVA PLEGLABLE<\/p>\n<\/div><\/div><\/div>\n<div style='padding-bottom:10px;' class='av-special-heading av-special-heading-h1  blockquote modern-quote modern-centered   '><h1 class='av-special-heading-tag '  itemprop=\"headline\"  >UN SURCO | V-BELT DRIVEN<br \/>COSECHADORA DE MAIZ | MC10X |<\/h1><div class='special-heading-border'><div class='special-heading-inner-border' ><\/div><\/div><\/div>\n<div  class='hr hr-default  '><span class='hr-inner ' ><span class='hr-inner-style'><\/span><\/span><\/div>\n<section class=\"av_textblock_section \"  itemscope=\"itemscope\" itemtype=\"https:\/\/schema.org\/CreativeWork\" ><div class='avia_textblock  '   itemprop=\"text\" ><p><span class=\"av_dropcap1 \" ><\/span> F [\/ av_dropcap1] imaks ofrece una l\u00ednea de cosechadoras de ma\u00edz y de otros cultivos que son el resultado de muchos a\u00f1os de experiencia en la cosecha de ma\u00edz para ensilado. El equipo se caracteriza por su alta calidad y precio conveniente.<\/p>\n<p>Para obtener el mejor resultado del ensilaje, la cosechadora de ma\u00edz tiene que cortar tallos y mazorcas perfectamente. El sistema de alimentaci\u00f3n de la cosechadora de ma\u00edz est\u00e1 dise\u00f1ado para alimentar el volante en \u00e1ngulo recto para obtener el ensilado de mejor calidad. El volante est\u00e1 equipado con 10 cuchillas especialmente endurecidas que giran a casi 1600 rpm. Hay dos tambores alimentadores y dos rodillos de presi\u00f3n que controlan la alimentaci\u00f3n del ma\u00edz al volante. Uno de los rodillos de presi\u00f3n es accionado por resorte y es dentado; el otro no lo es Los rodillos de presi\u00f3n est\u00e1n montados verticalmente detr\u00e1s de los tambores alimentadores para que los tallos y las mazorcas est\u00e9n siempre cortados en \u00e1ngulo recto. Este es el secreto de los requisitos de baja potencia de la m\u00e1quina y la corta duraci\u00f3n de la tajada.<\/p>\n<p>Para la protecci\u00f3n del sistema de alimentaci\u00f3n, se monta un perno de cizallamiento f\u00e1cilmente accesible en la m\u00e1quina. Protege el sistema de alimentaci\u00f3n contra la entrada de tierra y piedras en malas condiciones de trabajo.<\/p>\n<p>El MC10X es impulsado por un \u00e1rbol de transmisi\u00f3n con un embrague de desbordamiento y mediante correas en V libres de mantenimiento. Un tensor de correa en V manual est\u00e1 montado en la m\u00e1quina. La unidad de alimentaci\u00f3n funciona con una transmisi\u00f3n que funciona en un ba\u00f1o de grasa cerrado; totalmente libre de mantenimiento.<\/p>\n<p>El afilado de cuchillos se lleva a cabo f\u00e1cilmente con el dispositivo de afilado incorporado.<\/p>\n<p>El conducto es girado por un cilindro hidr\u00e1ulico. Un control remoto manual ajusta el deflector. Ambos controles se pueden ajustar desde el asiento del conductor.<\/p>\n<p>La altura de la m\u00e1quina se puede reducir plegando hacia abajo la parte superior de la tolva.<\/p>\n<\/div><\/section>\n<div  class='hr hr-default  '><span class='hr-inner ' ><span class='hr-inner-style'><\/span><\/span><\/div>\n<div class='av-social-sharing-box  av-social-sharing-box-minimal '><div class='av-share-box'><ul class='av-share-box-list noLightbox'><li class='av-share-link av-social-link-facebook' ><a target='_blank' href='http:\/\/www.facebook.com\/sharer.php?u=http:\/\/fimaks.com\/es\/cosechadoras-de-maiz\/cosechadora-de-maiz-accionada-por-fajas\/&amp;t=COSECHADORA%20DE%20MAIZ%20ACCIONADA%20POR%20FAJAS' aria-hidden='true' data-av_icon='\ue8f3' data-av_iconfont='entypo-fontello' title='' data-avia-related-tooltip='Compartir en Facebook'><span class='avia_hidden_link_text'>Compartir en Facebook<\/span><\/a><\/li><li class='av-share-link av-social-link-twitter' ><a target='_blank' href='https:\/\/twitter.com\/share?text=COSECHADORA%20DE%20MAIZ%20ACCIONADA%20POR%20FAJAS&url=http:\/\/fimaks.com\/es\/?p=14162' aria-hidden='true' data-av_icon='\ue8f1' data-av_iconfont='entypo-fontello' title='' data-avia-related-tooltip='Compartir en Twitter'><span class='avia_hidden_link_text'>Compartir en Twitter<\/span><\/a><\/li><li class='av-share-link av-social-link-gplus' ><a target='_blank' href='https:\/\/plus.google.com\/share?url=http:\/\/fimaks.com\/es\/cosechadoras-de-maiz\/cosechadora-de-maiz-accionada-por-fajas\/' aria-hidden='true' data-av_icon='\ue8f6' data-av_iconfont='entypo-fontello' title='' data-avia-related-tooltip='Compartir en Google+'><span class='avia_hidden_link_text'>Compartir en Google+<\/span><\/a><\/li><li class='av-share-link av-social-link-pinterest' ><a target='_blank' href='http:\/\/pinterest.com\/pin\/create\/button\/?url=http%3A%2F%2Ffimaks.com%2Fes%2Fcosechadoras-de-maiz%2Fcosechadora-de-maiz-accionada-por-fajas%2F&amp;description=COSECHADORA%20DE%20MAIZ%20ACCIONADA%20POR%20FAJAS&amp;media=' aria-hidden='true' data-av_icon='\ue8f8' data-av_iconfont='entypo-fontello' title='' data-avia-related-tooltip='Compartir en Pinterest'><span class='avia_hidden_link_text'>Compartir en Pinterest<\/span><\/a><\/li><li class='av-share-link av-social-link-linkedin' ><a target='_blank' href='http:\/\/linkedin.com\/shareArticle?mini=true&amp;title=COSECHADORA%20DE%20MAIZ%20ACCIONADA%20POR%20FAJAS&amp;url=http:\/\/fimaks.com\/es\/cosechadoras-de-maiz\/cosechadora-de-maiz-accionada-por-fajas\/' aria-hidden='true' data-av_icon='\ue8fc' data-av_iconfont='entypo-fontello' title='' data-avia-related-tooltip='Compartir en Linkedin'><span class='avia_hidden_link_text'>Compartir en Linkedin<\/span><\/a><\/li><li class='av-share-link av-social-link-tumblr' ><a target='_blank' href='http:\/\/www.tumblr.com\/share\/link?url=http%3A%2F%2Ffimaks.com%2Fes%2Fcosechadoras-de-maiz%2Fcosechadora-de-maiz-accionada-por-fajas%2F&amp;name=COSECHADORA%20DE%20MAIZ%20ACCIONADA%20POR%20FAJAS&amp;description=' aria-hidden='true' data-av_icon='\ue8fa' data-av_iconfont='entypo-fontello' title='' data-avia-related-tooltip='Compartir en Tumblr'><span class='avia_hidden_link_text'>Compartir en Tumblr<\/span><\/a><\/li><li class='av-share-link av-social-link-vk' ><a target='_blank' href='http:\/\/vk.com\/share.php?url=http:\/\/fimaks.com\/es\/cosechadoras-de-maiz\/cosechadora-de-maiz-accionada-por-fajas\/' aria-hidden='true' data-av_icon='\ue926' data-av_iconfont='entypo-fontello' title='' data-avia-related-tooltip='Compartir en Vk'><span class='avia_hidden_link_text'>Compartir en Vk<\/span><\/a><\/li><li class='av-share-link av-social-link-reddit' ><a target='_blank' href='http:\/\/reddit.com\/submit?url=http:\/\/fimaks.com\/es\/cosechadoras-de-maiz\/cosechadora-de-maiz-accionada-por-fajas\/&amp;title=COSECHADORA%20DE%20MAIZ%20ACCIONADA%20POR%20FAJAS' aria-hidden='true' data-av_icon='\ue927' data-av_iconfont='entypo-fontello' title='' data-avia-related-tooltip='Compartir en Reddit'><span class='avia_hidden_link_text'>Compartir en Reddit<\/span><\/a><\/li><li class='av-share-link av-social-link-mail' ><a  href='mailto:?subject=COSECHADORA%20DE%20MAIZ%20ACCIONADA%20POR%20FAJAS&amp;body=http:\/\/fimaks.com\/es\/cosechadoras-de-maiz\/cosechadora-de-maiz-accionada-por-fajas\/' aria-hidden='true' data-av_icon='\ue805' data-av_iconfont='entypo-fontello' title='' data-avia-related-tooltip='Compartir por correo'><span class='avia_hidden_link_text'>Compartir por correo<\/span><\/a><\/li><\/ul><\/div><\/div>\n<div  class='hr hr-default  '><span class='hr-inner ' ><span class='hr-inner-style'><\/span><\/span><\/div>\n<div  class='avia-video avia-video-16-9   '  itemprop=\"video\" itemtype=\"https:\/\/schema.org\/VideoObject\" ><div class='avia-iframe-wrap'><iframe loading=\"lazy\" width=\"1500\" height=\"844\" src=\"https:\/\/www.youtube.com\/embed\/IChQooK_k0c?feature=oembed\" frameborder=\"0\" allow=\"autoplay; encrypted-media\" allowfullscreen><\/iframe><\/div><\/div>\n<div  class='hr hr-default  '><span class='hr-inner ' ><span class='hr-inner-style'><\/span><\/span><\/div>\n<div class='avia-data-table-wrap avia_responsive_table'><table class='avia-table avia-data-table avia-table-1  avia_pricing_default '  itemscope=\"itemscope\" itemtype=\"https:\/\/schema.org\/Table\" ><tbody><tr class=''><td class=''>SURCO<\/td><td class=''>1<\/td><\/tr><tr class=''><td class=''>ALTURA (mm)<\/td><td class=''>3000<\/td><\/tr><tr class=''><td class=''>LONGITUD (mm)<\/td><td class=''>2100<\/td><\/tr><tr class=''><td class=''>ANCHO (mm)<\/td><td class=''>2300<\/td><\/tr><tr class=''><td class=''>PESO (mm)<\/td><td class=''>600<\/td><\/tr><tr class=''><td class=''>ALTURA CON TOLVA PLEGADA (mm)<\/td><td class=''>2150<\/td><\/tr><tr class=''><td class=''>PTO (rpm)<\/td><td class=''>540<\/td><\/tr><tr class=''><td class=''>POTENCIA NECESARIA (kW\/hp)<\/td><td class=''>32\/45<\/td><\/tr><tr class=''><td class=''>LONGITUD DE CORTE (mm)<\/td><td class=''>4.5 \/ 6 \/ 10 \/ 15<\/td><\/tr><tr class=''><td class=''>NUMERO DE CUCHILLOS<\/td><td class=''>10<\/td><\/tr><tr class=''><td class=''>NUMERO DE PALETAS EN EL VOLANTE<\/td><td class=''>5<\/td><\/tr><tr class=''><td class=''>LLANTAS<\/td><td class=''>16.5&#215;6.5 R8 10PR<\/td><\/tr><tr class=''><td class=''>SISTEMA DE SUSPENSION<\/td><td class=''>Cat.II<\/td><\/tr><tr class=''><td class=''>CAPACIDAD (tons\/hora)<\/td><td class=''>49<\/td><\/tr><\/tbody><\/table><\/div><style type='text\/css'><\/style>\n<div  class='hr hr-default  '><span class='hr-inner ' ><span class='hr-inner-style'><\/span><\/span><\/div>\n<div style='padding-bottom:10px;' class='av-special-heading av-special-heading-h2 meta-heading blockquote modern-quote modern-centered   '><h2 class='av-special-heading-tag '  itemprop=\"headline\"  >Kay\u0131\u015fl\u0131 Tek S\u0131ra M\u0131s\u0131r Silaj Makinesi Detaylar\u0131<\/h2><div class='special-heading-border'><div class='special-heading-inner-border' ><\/div><\/div><\/div>\n<div  class='hr hr-default  '><span class='hr-inner ' ><span class='hr-inner-style'><\/span><\/span><\/div>\n<div class=\"flex_column av_one_third  flex_column_div av-zero-column-padding first  \" style='border-radius:0px; '><div class='avia-image-container  av-styling-  noHover  av-overlay-on-hover   avia-align-center '  itemprop=\"ImageObject\" itemscope=\"itemscope\" itemtype=\"https:\/\/schema.org\/ImageObject\"  ><div class='avia-image-container-inner'><div class='av-image-caption-overlay'><div class='av-caption-image-overlay-bg' style='opacity:0.4; background-color:#000000; '><\/div><div class='av-image-caption-overlay-position'><div class='av-image-caption-overlay-center' style='color:#ffffff; '><p>CONTROL HIDRAULICO<\/p>\n<\/div><\/div><\/div><img class='avia_image ' src='http:\/\/fimaks.com\/wp-content\/uploads\/2018\/02\/M\u0131s\u0131r-silaj-makinesi-hidrolik-kontrol.jpg' alt='' title='Kay\u0131\u015fl\u0131 Tek S\u0131ra M\u0131s\u0131r Silaj Makinesi Kontrol\u00fc'   itemprop=\"thumbnailUrl\"  \/><\/div><\/div><\/div>\n<div class=\"flex_column av_one_third  flex_column_div av-zero-column-padding   \" style='border-radius:0px; '><div class='avia-image-container  av-styling-  noHover  av-overlay-on-hover   avia-align-center '  itemprop=\"ImageObject\" itemscope=\"itemscope\" itemtype=\"https:\/\/schema.org\/ImageObject\"  ><div class='avia-image-container-inner'><div class='av-image-caption-overlay'><div class='av-caption-image-overlay-bg' style='opacity:0.4; background-color:#000000; '><\/div><div class='av-image-caption-overlay-position'><div class='av-image-caption-overlay-center' style='color:#ffffff; '><p>ACCIONADA POR FAJAS<\/p>\n<\/div><\/div><\/div><img class='avia_image ' src='http:\/\/fimaks.com\/wp-content\/uploads\/2018\/02\/Kay\u0131\u015fl\u0131-m\u0131s\u0131r-silaj-makinesi.jpg' alt='' title='Kay\u0131\u015fl\u0131 Tek S\u0131ra M\u0131s\u0131r Silaj Makinesi G\u00f6vdesi'   itemprop=\"thumbnailUrl\"  \/><\/div><\/div><\/div>\n<div class=\"flex_column av_one_third  flex_column_div av-zero-column-padding   \" style='border-radius:0px; '><div class='avia-image-container  av-styling-  noHover  av-overlay-on-hover   avia-align-center '  itemprop=\"ImageObject\" itemscope=\"itemscope\" itemtype=\"https:\/\/schema.org\/ImageObject\"  ><div class='avia-image-container-inner'><div class='av-image-caption-overlay'><div class='av-caption-image-overlay-bg' style='opacity:0.4; background-color:#000000; '><\/div><div class='av-image-caption-overlay-position'><div class='av-image-caption-overlay-center' style='color:#ffffff; '><p>TAMBORES DE ADMISION<\/p>\n<\/div><\/div><\/div><img class='avia_image ' src='http:\/\/fimaks.com\/wp-content\/uploads\/2018\/02\/ezici-tamburlu-m\u0131s\u0131r-silaj-makinesi.jpg' alt='' title='Kay\u0131\u015fl\u0131 Tek S\u0131ra M\u0131s\u0131r Silaj Makinesi Tamburu'   itemprop=\"thumbnailUrl\"  \/><\/div><\/div><\/div>\n<div class=\"flex_column av_one_full  flex_column_div av-zero-column-padding first  \" style='border-radius:0px; '><p><div  class='hr hr-default  '><span class='hr-inner ' ><span class='hr-inner-style'><\/span><\/span><\/div><br \/>\n<section class=\"av_textblock_section \"  itemscope=\"itemscope\" itemtype=\"https:\/\/schema.org\/CreativeWork\" ><div class='avia_textblock  av_inherit_color '  style='color:#919191; '  itemprop=\"text\" ><h3 style=\"text-align: center;\">GALER\u0130<\/h3>\n<p style=\"text-align: center;\">A\u015eA\u011eIDAK\u0130 RESM\u0130 SA\u011eA VEYA SOLA KAYDIRARAK SIRADAK\u0130 RESM\u0130 G\u00d6R\u00dcN<\/p>\n<\/div><\/section><br \/>\n<div  class='hr hr-default  '><span class='hr-inner ' ><span class='hr-inner-style'><\/span><\/span><\/div><br \/>\n<div  data-size='shop_catalog'  data-lightbox_size='large'  data-animation='slide'  data-ids='18899,18898,18897,18896'  data-video_counter='0'  data-autoplay='false'  data-bg_slider='false'  data-slide_height=''  data-handle='av_slideshow'  data-interval='2'  data-class='  avia-small-width-slider'  data-css_id=''  data-scroll_down=''  data-control_layout='av-control-default'  data-custom_markup=''  data-perma_caption=''  data-autoplay_stopper=''  data-image_attachment=''  data-min_height='0px'  data-default-height='100'  class='avia-slideshow avia-slideshow-1  av-control-default av-default-height-applied avia-slideshow-shop_catalog av_slideshow   avia-small-width-slider avia-slide-slider '  itemprop=\"ImageObject\" itemscope=\"itemscope\" itemtype=\"https:\/\/schema.org\/ImageObject\" ><ul class='avia-slideshow-inner' style='padding-bottom: 100%;'><li  class=' slide-1 ' ><div data-rel='slideshow-1' class='avia-slide-wrap'  ><img src='http:\/\/fimaks.com\/wp-content\/uploads\/2020\/08\/D-_Website_GALLERY_MAIZE-CHOPPERS_MC10X_4-450x450.jpg' width='450' height='450' title='Tek s\u0131ra m\u0131s\u0131r silaj makinesi kay\u0131\u015fl\u0131 4' alt=''  itemprop=\"thumbnailUrl\"   \/><\/div><\/li><li  class=' slide-2 ' ><div data-rel='slideshow-1' class='avia-slide-wrap'  ><img src='http:\/\/fimaks.com\/wp-content\/uploads\/2020\/08\/D-_Website_GALLERY_MAIZE-CHOPPERS_MC10X_3-450x450.jpg' width='450' height='450' title='Tek s\u0131ra m\u0131s\u0131r silaj makinesi kay\u0131\u015fl\u0131 3' alt=''  itemprop=\"thumbnailUrl\"   \/><\/div><\/li><li  class=' slide-3 ' ><div data-rel='slideshow-1' class='avia-slide-wrap'  ><img src='http:\/\/fimaks.com\/wp-content\/uploads\/2020\/08\/D-_Website_GALLERY_MAIZE-CHOPPERS_MC10X_2-450x450.jpg' width='450' height='450' title='Tek s\u0131ra m\u0131s\u0131r silaj makinesi kay\u0131\u015fl\u0131 2' alt=''  itemprop=\"thumbnailUrl\"   \/><\/div><\/li><li  class=' slide-4 ' ><div data-rel='slideshow-1' class='avia-slide-wrap'  ><img src='http:\/\/fimaks.com\/wp-content\/uploads\/2020\/08\/D-_Website_GALLERY_MAIZE-CHOPPERS_MC10X_1-450x450.jpg' width='450' height='450' title='Tek s\u0131ra m\u0131s\u0131r silaj makinesi kay\u0131\u015fl\u0131' alt=''  itemprop=\"thumbnailUrl\"   \/><\/div><\/li><\/ul><div class='avia-slideshow-arrows avia-slideshow-controls'><a href='#prev' class='prev-slide' aria-hidden='true' data-av_icon='\ue87c' data-av_iconfont='entypo-fontello'>Anterior<\/a><a href='#next' class='next-slide' aria-hidden='true' data-av_icon='\ue87d' data-av_iconfont='entypo-fontello'>Posterior<\/a><\/div><div class='avia-slideshow-dots avia-slideshow-controls'><a href='#1' class='goto-slide active' >1<\/a><a href='#2' class='goto-slide ' >2<\/a><a href='#3' class='goto-slide ' >3<\/a><a href='#4' class='goto-slide ' >4<\/a><\/div><\/div><\/p><\/div>\n\t<div  class='av_promobox  avia-button-yes '>\t\t<div class='avia-promocontent'><p>\nWe produce productivity. Get a quotation.<\/p>\n<\/div><div class='avia-button-wrap avia-button-right '><a href='http:\/\/fimaks.com\/es\/contacto\/' class='avia-button   avia-icon_select-no avia-color-theme-color avia-size-large avia-position-right '   ><span class='avia_iconbox_title' >Contacto<\/span><\/a><\/div>\t<\/div>\n<div class='avia-image-container  av-styling-no-styling    avia-align-center '  itemprop=\"ImageObject\" itemscope=\"itemscope\" itemtype=\"https:\/\/schema.org\/ImageObject\"  ><div class='avia-image-container-inner'><a href='http:\/\/fimaks.com\/es\/catalogos\/' class='avia_image'   target=\"_blank\" ><img class='avia_image ' src='http:\/\/fimaks.com\/wp-content\/uploads\/2018\/02\/M\u0131s\u0131r-Silaj-Makinesi-katalog.jpg' alt='M\u0131s\u0131r-Silaj-Makinesi-katalog' title='M\u0131s\u0131r-Silaj-Makinesi-katalog'  itemprop=\"thumbnailUrl\"  \/><\/a><\/div><\/div>\n","protected":false},"excerpt":{"rendered":"","protected":false},"author":1,"featured_media":0,"parent":12228,"menu_order":0,"comment_status":"closed","ping_status":"closed","template":"","meta":{"_exactmetrics_skip_tracking":false,"_exactmetrics_sitenote_active":false,"_exactmetrics_sitenote_note":"","_exactmetrics_sitenote_category":0,"footnotes":""},"yst_prominent_words":[],"class_list":["post-14162","page","type-page","status-publish","hentry"],"_links":{"self":[{"href":"http:\/\/fimaks.com\/es\/wp-json\/wp\/v2\/pages\/14162","targetHints":{"allow":["GET"]}}],"collection":[{"href":"http:\/\/fimaks.com\/es\/wp-json\/wp\/v2\/pages"}],"about":[{"href":"http:\/\/fimaks.com\/es\/wp-json\/wp\/v2\/types\/page"}],"author":[{"embeddable":true,"href":"http:\/\/fimaks.com\/es\/wp-json\/wp\/v2\/users\/1"}],"replies":[{"embeddable":true,"href":"http:\/\/fimaks.com\/es\/wp-json\/wp\/v2\/comments?post=14162"}],"version-history":[{"count":33,"href":"http:\/\/fimaks.com\/es\/wp-json\/wp\/v2\/pages\/14162\/revisions"}],"predecessor-version":[{"id":20224,"href":"http:\/\/fimaks.com\/es\/wp-json\/wp\/v2\/pages\/14162\/revisions\/20224"}],"up":[{"embeddable":true,"href":"http:\/\/fimaks.com\/es\/wp-json\/wp\/v2\/pages\/12228"}],"wp:attachment":[{"href":"http:\/\/fimaks.com\/es\/wp-json\/wp\/v2\/media?parent=14162"}],"wp:term":[{"taxonomy":"yst_prominent_words","embeddable":true,"href":"http:\/\/fimaks.com\/es\/wp-json\/wp\/v2\/yst_prominent_words?post=14162"}],"curies":[{"name":"wp","href":"https:\/\/api.w.org\/{rel}","templated":true}]}}