{"id":14802,"date":"2018-05-25T19:29:53","date_gmt":"2018-05-25T16:29:53","guid":{"rendered":"http:\/\/fimaks.com\/mixers\/mixers-verticales\/3-m3-descarga-lateral-mixer-vertical-fmv-3s-2\/"},"modified":"2021-08-02T14:07:48","modified_gmt":"2021-08-02T11:07:48","slug":"3-m3-descarga-lateral-mixer-vertical-fmv-3s-2","status":"publish","type":"page","link":"http:\/\/fimaks.com\/es\/mixers\/mixers-verticales\/3-m3-descarga-lateral-mixer-vertical-fmv-3s-2\/","title":{"rendered":"3 m3 | DESCARGA LATERAL | MIXER VERTICAL  | FMV 3S"},"content":{"rendered":"<div class='av-hotspot-image-container avia_animate_when_almost_visible   avia_animated_image avia_animate_when_almost_visible fade-in av-hotspot-numbered av-mobile-fallback-active    av-non-fullwidth-hotspot-image '  itemprop=\"ImageObject\" itemscope=\"itemscope\" itemtype=\"https:\/\/schema.org\/ImageObject\"  ><div class='av-hotspot-container'><div class='av-hotspot-container-inner-cell'><div class='av-hotspot-container-inner-wrap'><div class='av-image-hotspot' data-avia-tooltip-position='right' data-avia-tooltip-alignment='centered' data-avia-tooltip-class='av-tt-default-width av-tt-pos-right av-tt-align-centered  av-mobile-fallback-active  transparent_dark av-tt-hotspot' data-avia-tooltip='&lt;p&gt;CUERPO ST52&lt;\/p&gt;\n' style='top: 47%; left: 54%; '><div class='av-image-hotspot_inner' style='background-color: #c2c9ce; color: #000000;'>1<\/div><div class='av-image-hotspot-pulse' style='background-color:#e8e8e8;'><\/div><\/div><div class='av-image-hotspot' data-avia-tooltip-position='bottom' data-avia-tooltip-alignment='centered' data-avia-tooltip-class='av-tt-default-width av-tt-pos-below av-tt-align-centered  av-mobile-fallback-active  transparent_dark av-tt-hotspot' data-avia-tooltip='&lt;p&gt;CHASIS REFORZADO&lt;\/p&gt;\n' style='top: 84.9%; left: 48.2%; '><div class='av-image-hotspot_inner' style='background-color: #c2c9ce; color: #000000;'>2<\/div><div class='av-image-hotspot-pulse' style='background-color:#ffffff;'><\/div><\/div><div class='av-image-hotspot' data-avia-tooltip-position='top' data-avia-tooltip-alignment='left' data-avia-tooltip-class='av-tt-default-width av-tt-pos-above av-tt-align-left  av-mobile-fallback-active  transparent_dark av-tt-hotspot' data-avia-tooltip='&lt;p&gt;LLANTAS TODO TERRENO&lt;\/p&gt;\n' style='top: 88.9%; left: 66.5%; '><div class='av-image-hotspot_inner' style='background-color: #c2c9ce; color: #000000;'>3<\/div><div class='av-image-hotspot-pulse' style='background-color:#ffffff;'><\/div><\/div><div class='av-image-hotspot' data-avia-tooltip-position='top' data-avia-tooltip-alignment='left' data-avia-tooltip-class='av-tt-default-width av-tt-pos-above av-tt-align-left  av-mobile-fallback-active  transparent_dark av-tt-hotspot' data-avia-tooltip='&lt;p&gt;COMANDOS HIDRAULICOS \/ COMANDO ELECTROHIDRAULICO OPCIONAL&lt;\/p&gt;\n' style='top: 53.4%; left: 39.2%; '><div class='av-image-hotspot_inner' style='background-color: #c2c9ce; color: #000000;'>4<\/div><div class='av-image-hotspot-pulse' style='background-color:#ffffff;'><\/div><\/div><div class='av-image-hotspot' data-avia-tooltip-position='top' data-avia-tooltip-alignment='left' data-avia-tooltip-class='av-tt-default-width av-tt-pos-above av-tt-align-left  av-mobile-fallback-active  transparent_dark av-tt-hotspot' data-avia-tooltip='&lt;p&gt;PIE HIDRAULICO&lt;\/p&gt;\n' style='top: 92.5%; left: 41.2%; '><div class='av-image-hotspot_inner' style='background-color: #c2c9ce; color: #000000;'>5<\/div><div class='av-image-hotspot-pulse' style='background-color:#ffffff;'><\/div><\/div><div class='av-image-hotspot' data-avia-tooltip-position='top' data-avia-tooltip-alignment='left' data-avia-tooltip-class='av-tt-default-width av-tt-pos-above av-tt-align-left  av-mobile-fallback-active  transparent_dark av-tt-hotspot' data-avia-tooltip='&lt;p&gt;CAJAS PLANETARIAS ITALIANAS&lt;\/p&gt;\n' style='top: 79.4%; left: 52.5%; '><div class='av-image-hotspot_inner' style='background-color: #c2c9ce; color: #000000;'>6<\/div><div class='av-image-hotspot-pulse' style='background-color:#ffffff;'><\/div><\/div><div class='av-image-hotspot' data-avia-tooltip-position='top' data-avia-tooltip-alignment='left' data-avia-tooltip-class='av-tt-default-width av-tt-pos-above av-tt-align-left  av-mobile-fallback-active  transparent_dark av-tt-hotspot' data-avia-tooltip='&lt;p&gt;HIGH PERFORMANCE HYDRAULIC SYSTEM&lt;\/p&gt;\n' style='top: 58.1%; left: 41.3%; '><div class='av-image-hotspot_inner' style='background-color: #c2c9ce; color: #000000;'>7<\/div><div class='av-image-hotspot-pulse' style='background-color:#ffffff;'><\/div><\/div><div class='av-image-hotspot' data-avia-tooltip-position='top' data-avia-tooltip-alignment='left' data-avia-tooltip-class='av-tt-default-width av-tt-pos-above av-tt-align-left  av-mobile-fallback-active  transparent_dark av-tt-hotspot' data-avia-tooltip='&lt;p&gt;BALDE DE CARGA HIDRAULICO OPCIONAL&lt;\/p&gt;\n' style='top: 72.9%; left: 70.5%; '><div class='av-image-hotspot_inner' style='background-color: #c2c9ce; color: #000000;'>8<\/div><div class='av-image-hotspot-pulse' style='background-color:#ffffff;'><\/div><\/div><div class='av-image-hotspot' data-avia-tooltip-position='top' data-avia-tooltip-alignment='left' data-avia-tooltip-class='av-tt-default-width av-tt-pos-above av-tt-align-left  av-mobile-fallback-active  transparent_dark av-tt-hotspot' data-avia-tooltip='&lt;p&gt;SINFINES DE DISE\u00d1O ESPECIAL&lt;\/p&gt;\n' style='top: 27.5%; left: 51.8%; '><div class='av-image-hotspot_inner' style='background-color: #c2c9ce; color: #000000;'>9<\/div><div class='av-image-hotspot-pulse' style='background-color:#ffffff;'><\/div><\/div><div class='av-image-hotspot' data-avia-tooltip-position='top' data-avia-tooltip-alignment='left' data-avia-tooltip-class='av-tt-default-width av-tt-pos-above av-tt-align-left  av-mobile-fallback-active  transparent_dark av-tt-hotspot' data-avia-tooltip='&lt;p&gt;EXTENSION DE CAPACIDAD DE CARGA +1M3&lt;\/p&gt;\n' style='top: 35.7%; left: 62.1%; '><div class='av-image-hotspot_inner' style='background-color: #c2c9ce; color: #000000;'>10<\/div><div class='av-image-hotspot-pulse' style='background-color:#ffffff;'><\/div><\/div><img class='avia_image ' src='http:\/\/fimaks.com\/wp-content\/uploads\/2018\/02\/5-Metrek\u00fcp-Yem-Karma-Makinesi.png' alt='5-Metrek\u00fcp-Yem-Karma-Makinesi' title='5-Metrek\u00fcp-Yem-Karma-Makinesi'   itemprop=\"thumbnailUrl\"  \/><\/div><\/div><\/div><div class='av-hotspot-fallback-tooltip'><div class='av-hotspot-fallback-tooltip-count'>1<div class='avia-arrow'><\/div><\/div><div class='av-hotspot-fallback-tooltip-inner clearfix'><p>\nCUERPO ST52<\/p>\n<\/div><\/div><div class='av-hotspot-fallback-tooltip'><div class='av-hotspot-fallback-tooltip-count'>2<div class='avia-arrow'><\/div><\/div><div class='av-hotspot-fallback-tooltip-inner clearfix'><p>\nCHASIS REFORZADO<\/p>\n<\/div><\/div><div class='av-hotspot-fallback-tooltip'><div class='av-hotspot-fallback-tooltip-count'>3<div class='avia-arrow'><\/div><\/div><div class='av-hotspot-fallback-tooltip-inner clearfix'><p>\nLLANTAS TODO TERRENO<\/p>\n<\/div><\/div><div class='av-hotspot-fallback-tooltip'><div class='av-hotspot-fallback-tooltip-count'>4<div class='avia-arrow'><\/div><\/div><div class='av-hotspot-fallback-tooltip-inner clearfix'><p>\nCOMANDOS HIDRAULICOS \/ COMANDO ELECTROHIDRAULICO OPCIONAL<\/p>\n<\/div><\/div><div class='av-hotspot-fallback-tooltip'><div class='av-hotspot-fallback-tooltip-count'>5<div class='avia-arrow'><\/div><\/div><div class='av-hotspot-fallback-tooltip-inner clearfix'><p>\nPIE HIDRAULICO<\/p>\n<\/div><\/div><div class='av-hotspot-fallback-tooltip'><div class='av-hotspot-fallback-tooltip-count'>6<div class='avia-arrow'><\/div><\/div><div class='av-hotspot-fallback-tooltip-inner clearfix'><p>\nCAJAS PLANETARIAS ITALIANAS<\/p>\n<\/div><\/div><div class='av-hotspot-fallback-tooltip'><div class='av-hotspot-fallback-tooltip-count'>7<div class='avia-arrow'><\/div><\/div><div class='av-hotspot-fallback-tooltip-inner clearfix'><p>\nHIGH PERFORMANCE HYDRAULIC SYSTEM<\/p>\n<\/div><\/div><div class='av-hotspot-fallback-tooltip'><div class='av-hotspot-fallback-tooltip-count'>8<div class='avia-arrow'><\/div><\/div><div class='av-hotspot-fallback-tooltip-inner clearfix'><p>\nBALDE DE CARGA HIDRAULICO OPCIONAL<\/p>\n<\/div><\/div><div class='av-hotspot-fallback-tooltip'><div class='av-hotspot-fallback-tooltip-count'>9<div class='avia-arrow'><\/div><\/div><div class='av-hotspot-fallback-tooltip-inner clearfix'><p>\nSINFINES DE DISE\u00d1O ESPECIAL<\/p>\n<\/div><\/div><div class='av-hotspot-fallback-tooltip'><div class='av-hotspot-fallback-tooltip-count'>10<div class='avia-arrow'><\/div><\/div><div class='av-hotspot-fallback-tooltip-inner clearfix'><p>\nEXTENSION DE CAPACIDAD DE CARGA +1M3<\/p>\n<\/div><\/div><\/div>\n<div style='padding-bottom:10px;' class='av-special-heading av-special-heading-h1  blockquote modern-quote modern-centered   '><h1 class='av-special-heading-tag '  itemprop=\"headline\"  >3 m3 | DESCARGA LATERAL<br \/>MIXER VERTICAL<br \/>| FMV 3S |<\/h1><div class='special-heading-border'><div class='special-heading-inner-border' ><\/div><\/div><\/div>\n<div  class='hr hr-default  '><span class='hr-inner ' ><span class='hr-inner-style'><\/span><\/span><\/div>\n<section class=\"av_textblock_section \"  itemscope=\"itemscope\" itemtype=\"https:\/\/schema.org\/CreativeWork\" ><div class='avia_textblock  '   itemprop=\"text\" ><p><span class=\"av_dropcap1 \" ><\/span> F [\/ av_dropcap1] imaks tiene una l\u00ednea de mixers ideales para cada tama\u00f1o de explotaci\u00f3n. EL modelo FMV 3S es la soluci\u00f3n perfecta para explotaciones de 60 a 80 animales. Esta m\u00e1quina prepara alimentos con un rendimiento \u00f3ptimo. Su construcci\u00f3n simple, duradera y liviana lo convierte en la mejor inversi\u00f3n para las granjas lecheras y ganaderas.<\/p>\n<p>El dise\u00f1o del sinf\u00edn vertical, equipado con cuchillos de tungsteno, procesan los fardos redondos o cuadrados en corto tiempo, creando relaciones homog\u00e9neas con otros alientos y aditivos. No hay puntos muertos debido al dise\u00f1o del sinf\u00edn y del cuerpo de la m\u00e1quina. Adem\u00e1s, es una m\u00e1quina mucho m\u00e1s higi\u00e9nica en comparaci\u00f3n con otros tipos de mixers. Los mixers fimaks son f\u00e1ciles de operar y aumentan la rentabilidad de las granjas por su bajo consume de combustible y por el ahorro en tiempo para la ejecuci\u00f3n de operaciones.<\/p>\n<p>Las cajas planetarias italianas, el cuerpo ST52 y los cuchillos de tungsteno son algunas de las caracter\u00edsticas principales de la m\u00e1quina que garantizan operaciones r\u00e1pidas y eficientes.<\/p>\n<p>Dentro de las diferentes opciones para el mixer FMV 5S est\u00e1n:<\/p>\n<p>Balde de carga hidr\u00e1ulico<\/p>\n<p>Banda lateral<\/p>\n<p>Sistema de pesaje<\/p>\n<p>Sistema de pesaje Winscale<\/p>\n<p>Controles electrohidr\u00e1ulicos<\/p>\n<p>Sistema hidr\u00e1ulico independiente<\/p>\n<p>Caja reductora (hasta un 20% menos de potencia necesaria)<\/p>\n<p>Sistema con motores hidr\u00e1ulicos<\/p>\n<p>Sistema de filtrado magn\u00e9tico<\/p>\n<p>Cardan homocin\u00e9tico<\/p>\n<p>&nbsp;<\/p>\n<\/div><\/section>\n<div  class='hr hr-default  '><span class='hr-inner ' ><span class='hr-inner-style'><\/span><\/span><\/div>\n<div class=\"flex_column av_one_half  flex_column_div first  \" ><div class='avia-image-container  av-styling-    avia-align-center '  itemprop=\"ImageObject\" itemscope=\"itemscope\" itemtype=\"https:\/\/schema.org\/ImageObject\"  ><div class='avia-image-container-inner'><img class='avia_image ' src='http:\/\/fimaks.com\/wp-content\/uploads\/2018\/02\/FMV5S-Yem-karma-makinesi-5-Metrek\u00fcp.jpg' alt='' title='FMV5S-Yem-karma-makinesi---5-Metrek\u00fcp'   itemprop=\"thumbnailUrl\"  \/><\/div><\/div><\/div>\n<div class=\"flex_column av_one_half  flex_column_div av-zero-column-padding   \" style='border-radius:0px; '><div class='avia-image-container  av-styling-    avia-align-center '  itemprop=\"ImageObject\" itemscope=\"itemscope\" itemtype=\"https:\/\/schema.org\/ImageObject\"  ><div class='avia-image-container-inner'><img class='avia_image ' src='http:\/\/fimaks.com\/wp-content\/uploads\/2018\/02\/FMV5S-Yem-karma-makinesi-2-5-Metrek\u00fcp-1.jpg' alt='' title='FMV5S-Yem-karma-makinesi-2--5-Metrek\u00fcp'   itemprop=\"thumbnailUrl\"  \/><\/div><\/div><\/div>\n<div  class='hr hr-default  '><span class='hr-inner ' ><span class='hr-inner-style'><\/span><\/span><\/div>\n<div  class='avia-video avia-video-16-9   '  itemprop=\"video\" itemtype=\"https:\/\/schema.org\/VideoObject\" ><div class='avia-iframe-wrap'><iframe loading=\"lazy\" width=\"1500\" height=\"844\" src=\"https:\/\/www.youtube.com\/embed\/VgM99dlg5gY?feature=oembed\" frameborder=\"0\" allow=\"autoplay; encrypted-media\" allowfullscreen><\/iframe><\/div><\/div>\n<div  class='hr hr-default  '><span class='hr-inner ' ><span class='hr-inner-style'><\/span><\/span><\/div>\n<div class='avia-data-table-wrap avia_responsive_table'><table class='avia-table avia-data-table avia-table-1  avia_pricing_default '  itemscope=\"itemscope\" itemtype=\"https:\/\/schema.org\/Table\" ><tbody><tr class=''><td class=''>VOLUMEN (m3)<\/td><td class=''>5<\/td><\/tr><tr class=''><td class=''>SISTEMA DE DESCARGA<\/td><td class=''>DESCARGA LATERAL<\/td><\/tr><tr class=''><td class=''>NUMERO DE SINFINES<\/td><td class=''>1<\/td><\/tr><tr class=''><td class=''>ALTURA (mm)<\/td><td class=''>2400<\/td><\/tr><tr class=''><td class=''>LONGITUD (mm)<\/td><td class=''>3950<\/td><\/tr><tr class=''><td class=''>ANCHO (mm)<\/td><td class=''>2300<\/td><\/tr><tr class=''><td class=''>PESO (kg)<\/td><td class=''>2150<\/td><\/tr><tr class=''><td class=''>POTENCIA NECESARIA (kw\/hp)<\/td><td class=''>28\/40<\/td><\/tr><tr class=''><td class=''>NUMERO DE CUCHILLOS (grandes\/peque\u00f1os\/fijos)<\/td><td class=''>5\/2<\/td><\/tr><tr class=''><td class=''>PTO (rpm)<\/td><td class=''>540<\/td><\/tr><tr class=''><td class=''>GROSOR PISO\/CUERPO\/SINFIN\u00a0(mm)<\/td><td class=''>14\/5\/12<\/td><\/tr><tr class=''><td class=''>LLANTAS<\/td><td class=''>2 x (10\/80-12)<\/td><\/tr><\/tbody><\/table><\/div><style type='text\/css'><\/style>\n<div  class='hr hr-default  '><span class='hr-inner ' ><span class='hr-inner-style'><\/span><\/span><\/div>\n<div class=\"flex_column av_one_third  flex_column_div av-zero-column-padding first  \" style='border-radius:0px; '><div class='avia-image-container  av-styling-  noHover  av-overlay-on-hover   avia-align-center '  itemprop=\"ImageObject\" itemscope=\"itemscope\" itemtype=\"https:\/\/schema.org\/ImageObject\"  ><div class='avia-image-container-inner'><div class='av-image-caption-overlay'><div class='av-caption-image-overlay-bg' style='opacity:0.4; background-color:#000000; '><\/div><div class='av-image-caption-overlay-position'><div class='av-image-caption-overlay-center' style='color:#ffffff; '><p>EXTENSION DE DESCARGA OPCIONAL<\/p>\n<\/div><\/div><\/div><img class='avia_image ' src='http:\/\/fimaks.com\/wp-content\/uploads\/2018\/02\/Bantl\u0131-Yem-Karma-Makinesi.jpg' alt='' title='Bantl\u0131-Yem-Karma-Makinesi'   itemprop=\"thumbnailUrl\"  \/><\/div><\/div><\/div>\n<div class=\"flex_column av_one_third  flex_column_div av-zero-column-padding   \" style='border-radius:0px; '><div class='avia-image-container  av-styling-  noHover  av-overlay-on-hover   avia-align-center '  itemprop=\"ImageObject\" itemscope=\"itemscope\" itemtype=\"https:\/\/schema.org\/ImageObject\"  ><div class='avia-image-container-inner'><div class='av-image-caption-overlay'><div class='av-caption-image-overlay-bg' style='opacity:0.4; background-color:#000000; '><\/div><div class='av-image-caption-overlay-position'><div class='av-image-caption-overlay-center' style='color:#ffffff; '><p>SISTEMA DE PESAJE OPCIONAL<\/p>\n<\/div><\/div><\/div><img class='avia_image ' src='http:\/\/fimaks.com\/wp-content\/uploads\/2018\/02\/Kantarl\u0131-Tart\u0131l\u0131-Yem-Karma-Makinesi.jpg' alt='' title='Kantarl\u0131-Tart\u0131l\u0131-Yem-Karma-Makinesi'   itemprop=\"thumbnailUrl\"  \/><\/div><\/div><\/div>\n<div class=\"flex_column av_one_third  flex_column_div av-zero-column-padding   \" style='border-radius:0px; '><div class='avia-image-container  av-styling-  noHover  av-overlay-on-hover   avia-align-center '  itemprop=\"ImageObject\" itemscope=\"itemscope\" itemtype=\"https:\/\/schema.org\/ImageObject\"  ><div class='avia-image-container-inner'><div class='av-image-caption-overlay'><div class='av-caption-image-overlay-bg' style='opacity:0.4; background-color:#000000; '><\/div><div class='av-image-caption-overlay-position'><div class='av-image-caption-overlay-center' style='color:#ffffff; '><p>BALDE DE CARGA HIDRAULICO OPCIONAL<\/p>\n<\/div><\/div><\/div><img class='avia_image ' src='http:\/\/fimaks.com\/wp-content\/uploads\/2018\/02\/Y\u00dcKLEME-KEP\u00c7EL\u0130-YEM-KARMA-MAK\u0130NES\u0130.jpg' alt='' title='Y\u00dcKLEME-KEP\u00c7EL\u0130-YEM-KARMA-MAK\u0130NES\u0130'   itemprop=\"thumbnailUrl\"  \/><\/div><\/div><\/div>\n<div class=\"flex_column av_one_third  flex_column_div av-zero-column-padding first  \" style='border-radius:0px; '><div class='avia-image-container  av-styling-  noHover  av-overlay-on-hover   avia-align-center '  itemprop=\"ImageObject\" itemscope=\"itemscope\" itemtype=\"https:\/\/schema.org\/ImageObject\"  ><div class='avia-image-container-inner'><div class='av-image-caption-overlay'><div class='av-caption-image-overlay-bg' style='opacity:0.4; background-color:#000000; '><\/div><div class='av-image-caption-overlay-position'><div class='av-image-caption-overlay-center' style='color:#ffffff; '><p>MOTOR ELECTRICO OPCIONAL Y SISTEMA HIDRAULICO INDEPENDIENTE<\/p>\n<\/div><\/div><\/div><img class='avia_image ' src='http:\/\/fimaks.com\/wp-content\/uploads\/2018\/02\/Elektrikli-Yem-Karma-Makinesi.jpg' alt='' title='Elektrikli-Yem-Karma-Makinesi'   itemprop=\"thumbnailUrl\"  \/><\/div><\/div><\/div>\n<div class=\"flex_column av_one_third  flex_column_div av-zero-column-padding   \" style='border-radius:0px; '><div class='avia-image-container  av-styling-  noHover  av-overlay-on-hover   avia-align-center '  itemprop=\"ImageObject\" itemscope=\"itemscope\" itemtype=\"https:\/\/schema.org\/ImageObject\"  ><div class='avia-image-container-inner'><div class='av-image-caption-overlay'><div class='av-caption-image-overlay-bg' style='opacity:0.4; background-color:#000000; '><\/div><div class='av-image-caption-overlay-position'><div class='av-image-caption-overlay-center' style='color:#ffffff; '><p>SISTEMA HIDRAULICO INDEPENDIENTE<\/p>\n<\/div><\/div><\/div><img class='avia_image ' src='http:\/\/fimaks.com\/wp-content\/uploads\/2018\/02\/Kendinden-Hidrolikli-Yem-Karma-Makinesi.jpg' alt='' title='Kendinden-Hidrolikli-Yem-Karma-Makinesi'   itemprop=\"thumbnailUrl\"  \/><\/div><\/div><\/div>\n<div class=\"flex_column av_one_third  flex_column_div av-zero-column-padding   \" style='border-radius:0px; '><div class='avia-image-container  av-styling-  noHover  av-overlay-on-hover   avia-align-center '  itemprop=\"ImageObject\" itemscope=\"itemscope\" itemtype=\"https:\/\/schema.org\/ImageObject\"  ><div class='avia-image-container-inner'><div class='av-image-caption-overlay'><div class='av-caption-image-overlay-bg' style='opacity:0.4; background-color:#000000; '><\/div><div class='av-image-caption-overlay-position'><div class='av-image-caption-overlay-center' style='color:#ffffff; '><p>SISTEMA DE COMANDO ELECTROHIDRAULICO OPCIONAL<\/p>\n<\/div><\/div><\/div><img class='avia_image ' src='http:\/\/fimaks.com\/wp-content\/uploads\/2018\/02\/Elektrohidrolik-Yem-Karma-Kumandas\u0131.jpg' alt='' title='Elektrohidrolik-Yem-Karma-Kumandas\u0131'   itemprop=\"thumbnailUrl\"  \/><\/div><\/div><\/div>\n<div class=\"flex_column av_one_third  flex_column_div av-zero-column-padding first  \" style='border-radius:0px; '><div class='avia-image-container  av-styling-  noHover  av-overlay-on-hover   avia-align-center '  itemprop=\"ImageObject\" itemscope=\"itemscope\" itemtype=\"https:\/\/schema.org\/ImageObject\"  ><div class='avia-image-container-inner'><div class='av-image-caption-overlay'><div class='av-caption-image-overlay-bg' style='opacity:0.4; background-color:#000000; '><\/div><div class='av-image-caption-overlay-position'><div class='av-image-caption-overlay-center' style='color:#ffffff; '><p>EXTENSION DE CAPACIDAD DE CARGA +1M3<\/p>\n<\/div><\/div><\/div><img class='avia_image ' src='http:\/\/fimaks.com\/wp-content\/uploads\/2018\/02\/ilaveli-yem-karma.jpg' alt='' title='ilaveli-yem-karma'   itemprop=\"thumbnailUrl\"  \/><\/div><\/div><\/div>\n<div class=\"flex_column av_one_third  flex_column_div av-zero-column-padding   \" style='border-radius:0px; '><div class='avia-image-container  av-styling-  noHover  av-overlay-on-hover   avia-align-center '  itemprop=\"ImageObject\" itemscope=\"itemscope\" itemtype=\"https:\/\/schema.org\/ImageObject\"  ><div class='avia-image-container-inner'><div class='av-image-caption-overlay'><div class='av-caption-image-overlay-bg' style='opacity:0.4; background-color:#000000; '><\/div><div class='av-image-caption-overlay-position'><div class='av-image-caption-overlay-center' style='color:#ffffff; '><p>SISTEMA DE FILTRADO MAGNETICO OPCIONAL<\/p>\n<\/div><\/div><\/div><img class='avia_image ' src='http:\/\/fimaks.com\/wp-content\/uploads\/2018\/02\/MIKNATISLI-YEM-KARMA-MAK\u0130NES\u0130.jpg' alt='' title='MIKNATISLI-YEM-KARMA-MAK\u0130NES\u0130'   itemprop=\"thumbnailUrl\"  \/><\/div><\/div><\/div>\n<div class=\"flex_column av_one_third  flex_column_div av-zero-column-padding   \" style='border-radius:0px; '><div class='avia-image-container  av-styling-  noHover  av-overlay-on-hover   avia-align-center '  itemprop=\"ImageObject\" itemscope=\"itemscope\" itemtype=\"https:\/\/schema.org\/ImageObject\"  ><div class='avia-image-container-inner'><div class='av-image-caption-overlay'><div class='av-caption-image-overlay-bg' style='opacity:0.4; background-color:#000000; '><\/div><div class='av-image-caption-overlay-position'><div class='av-image-caption-overlay-center' style='color:#ffffff; '><p>CUCHILLOS DE TUNGSTENO<\/p>\n<\/div><\/div><\/div><img class='avia_image ' src='http:\/\/fimaks.com\/wp-content\/uploads\/2018\/02\/Tungsten-Kapl\u0131-Yem-Karma-B\u0131\u00e7aklar\u0131.jpg' alt='' title='Tungsten-Kapl\u0131-Yem-Karma-B\u0131\u00e7aklar\u0131'   itemprop=\"thumbnailUrl\"  \/><\/div><\/div><\/div>\n<div class=\"flex_column av_one_third  flex_column_div av-zero-column-padding first  \" style='border-radius:0px; '><div class='avia-image-container  av-styling-  noHover  av-overlay-on-hover   avia-align-center '  itemprop=\"ImageObject\" itemscope=\"itemscope\" itemtype=\"https:\/\/schema.org\/ImageObject\"  ><div class='avia-image-container-inner'><div class='av-image-caption-overlay'><div class='av-caption-image-overlay-bg' style='opacity:0.4; background-color:#000000; '><\/div><div class='av-image-caption-overlay-position'><div class='av-image-caption-overlay-center' style='color:#ffffff; '><p>SINFINES DE DISE\u00d1O ESPECIAL<\/p>\n<\/div><\/div><\/div><img class='avia_image ' src='http:\/\/fimaks.com\/wp-content\/uploads\/2018\/02\/\u00d6zel-Tasar\u0131m-Bas\u0131ml\u0131-Yem-Karma-Helezonu.jpg' alt='' title='\u00d6zel-Tasar\u0131m-Bas\u0131ml\u0131-Yem-Karma-Helezonu'   itemprop=\"thumbnailUrl\"  \/><\/div><\/div><\/div>\n<div class=\"flex_column av_one_third  flex_column_div av-zero-column-padding   \" style='border-radius:0px; '><div class='avia-image-container  av-styling-  noHover  av-overlay-on-hover   avia-align-center '  itemprop=\"ImageObject\" itemscope=\"itemscope\" itemtype=\"https:\/\/schema.org\/ImageObject\"  ><div class='avia-image-container-inner'><div class='av-image-caption-overlay'><div class='av-caption-image-overlay-bg' style='opacity:0.4; background-color:#000000; '><\/div><div class='av-image-caption-overlay-position'><div class='av-image-caption-overlay-center' style='color:#ffffff; '><p>CAJAS PLANETARIAS ITALIANAS<\/p>\n<\/div><\/div><\/div><img class='avia_image ' src='http:\/\/fimaks.com\/wp-content\/uploads\/2018\/02\/Yem-karma-makinesi-italyan-\u015fanz\u0131man.jpg' alt='' title='Yem-karma-makinesi-italyan-\u015fanz\u0131man'   itemprop=\"thumbnailUrl\"  \/><\/div><\/div><\/div>\n<div class=\"flex_column av_one_third  flex_column_div av-zero-column-padding   \" style='border-radius:0px; '><div class='avia-image-container  av-styling-  noHover  av-overlay-on-hover   avia-align-center '  itemprop=\"ImageObject\" itemscope=\"itemscope\" itemtype=\"https:\/\/schema.org\/ImageObject\"  ><div class='avia-image-container-inner'><div class='av-image-caption-overlay'><div class='av-caption-image-overlay-bg' style='opacity:0.4; background-color:#000000; '><\/div><div class='av-image-caption-overlay-position'><div class='av-image-caption-overlay-center' style='color:#ffffff; '><p>CAJAS PLANETARIAS ITALIANAS<\/p>\n<\/div><\/div><\/div><img class='avia_image ' src='http:\/\/fimaks.com\/wp-content\/uploads\/2018\/02\/B\u00fcy\u00fck-Lastikli-Yem-Karma-Makinesi.jpg' alt='' title='B\u00fcy\u00fck-Lastikli-Yem-Karma-Makinesi'   itemprop=\"thumbnailUrl\"  \/><\/div><\/div><\/div>\n\t<div  class='av_promobox  avia-button-yes '>\t\t<div class='avia-promocontent'><p>\nWe produce productivity. Get a quotation.<\/p>\n<\/div><div class='avia-button-wrap avia-button-right '><a href='http:\/\/fimaks.com\/es\/contacto\/' class='avia-button   avia-icon_select-no avia-color-theme-color avia-size-large avia-position-right '   ><span class='avia_iconbox_title' >Contacto<\/span><\/a><\/div>\t<\/div>\n<div class='avia-image-container  av-styling-no-styling    avia-align-center '  itemprop=\"ImageObject\" itemscope=\"itemscope\" itemtype=\"https:\/\/schema.org\/ImageObject\"  ><div class='avia-image-container-inner'><a href='http:\/\/fimaks.com\/es\/catalogos\/' class='avia_image'   target=\"_blank\" ><img class='avia_image ' src='http:\/\/fimaks.com\/wp-content\/uploads\/2018\/02\/YEM-KARMA-MAK\u0130NELER\u0130-KATALOG2.jpg' alt='YEM-KARMA-MAK\u0130NELER\u0130-KATALOG2' title='YEM-KARMA-MAK\u0130NELER\u0130-KATALOG2'  itemprop=\"thumbnailUrl\"  \/><\/a><\/div><\/div>\n","protected":false},"excerpt":{"rendered":"","protected":false},"author":1,"featured_media":0,"parent":12163,"menu_order":0,"comment_status":"closed","ping_status":"closed","template":"","meta":{"_exactmetrics_skip_tracking":false,"_exactmetrics_sitenote_active":false,"_exactmetrics_sitenote_note":"","_exactmetrics_sitenote_category":0,"footnotes":""},"yst_prominent_words":[],"class_list":["post-14802","page","type-page","status-publish","hentry"],"_links":{"self":[{"href":"http:\/\/fimaks.com\/es\/wp-json\/wp\/v2\/pages\/14802","targetHints":{"allow":["GET"]}}],"collection":[{"href":"http:\/\/fimaks.com\/es\/wp-json\/wp\/v2\/pages"}],"about":[{"href":"http:\/\/fimaks.com\/es\/wp-json\/wp\/v2\/types\/page"}],"author":[{"embeddable":true,"href":"http:\/\/fimaks.com\/es\/wp-json\/wp\/v2\/users\/1"}],"replies":[{"embeddable":true,"href":"http:\/\/fimaks.com\/es\/wp-json\/wp\/v2\/comments?post=14802"}],"version-history":[{"count":64,"href":"http:\/\/fimaks.com\/es\/wp-json\/wp\/v2\/pages\/14802\/revisions"}],"predecessor-version":[{"id":22411,"href":"http:\/\/fimaks.com\/es\/wp-json\/wp\/v2\/pages\/14802\/revisions\/22411"}],"up":[{"embeddable":true,"href":"http:\/\/fimaks.com\/es\/wp-json\/wp\/v2\/pages\/12163"}],"wp:attachment":[{"href":"http:\/\/fimaks.com\/es\/wp-json\/wp\/v2\/media?parent=14802"}],"wp:term":[{"taxonomy":"yst_prominent_words","embeddable":true,"href":"http:\/\/fimaks.com\/es\/wp-json\/wp\/v2\/yst_prominent_words?post=14802"}],"curies":[{"name":"wp","href":"https:\/\/api.w.org\/{rel}","templated":true}]}}