{"id":14926,"date":"2018-05-25T20:05:12","date_gmt":"2018-05-25T17:05:12","guid":{"rendered":"http:\/\/fimaks.com\/mixers\/mixers-serie-eco\/1-5-m3-mixer-eco-fmv-1-5s\/"},"modified":"2021-07-09T16:51:18","modified_gmt":"2021-07-09T13:51:18","slug":"1-5-m3-mixer-eco-fmv-1-5s","status":"publish","type":"page","link":"http:\/\/fimaks.com\/es\/mixers\/mixers-serie-eco\/1-5-m3-mixer-eco-fmv-1-5s\/","title":{"rendered":"1.5 m3|  MIXER ECO| FMV 1.5S"},"content":{"rendered":"<div class='av-hotspot-image-container avia_animate_when_almost_visible   avia_animated_image avia_animate_when_almost_visible fade-in av-hotspot-numbered av-mobile-fallback-active    av-non-fullwidth-hotspot-image '  itemprop=\"ImageObject\" itemscope=\"itemscope\" itemtype=\"https:\/\/schema.org\/ImageObject\"  ><div class='av-hotspot-container'><div class='av-hotspot-container-inner-cell'><div class='av-hotspot-container-inner-wrap'><div class='av-image-hotspot' data-avia-tooltip-position='right' data-avia-tooltip-alignment='centered' data-avia-tooltip-class='av-tt-default-width av-tt-pos-right av-tt-align-centered  av-mobile-fallback-active  transparent_dark av-tt-hotspot' data-avia-tooltip='&lt;p&gt;CUERPO ST52&lt;\/p&gt;\n' style='top: 44.1%; left: 48.6%; '><div class='av-image-hotspot_inner' style='background-color: #c2c9ce; color: #000000;'>1<\/div><div class='av-image-hotspot-pulse' style='background-color:#e8e8e8;'><\/div><\/div><div class='av-image-hotspot' data-avia-tooltip-position='bottom' data-avia-tooltip-alignment='centered' data-avia-tooltip-class='av-tt-default-width av-tt-pos-below av-tt-align-centered  av-mobile-fallback-active  transparent_dark av-tt-hotspot' data-avia-tooltip='&lt;p&gt;CAJAS PLANETARIAS DURADERAS&lt;\/p&gt;\n' style='top: 78.2%; left: 43.8%; '><div class='av-image-hotspot_inner' style='background-color: #c2c9ce; color: #000000;'>2<\/div><div class='av-image-hotspot-pulse' style='background-color:#ffffff;'><\/div><\/div><div class='av-image-hotspot' data-avia-tooltip-position='top' data-avia-tooltip-alignment='left' data-avia-tooltip-class='av-tt-default-width av-tt-pos-above av-tt-align-left  av-mobile-fallback-active  transparent_dark av-tt-hotspot' data-avia-tooltip='&lt;p&gt;CONTRACUCHILLOS AJUSTABLES&lt;\/p&gt;\n' style='top: 59.4%; left: 55.2%; '><div class='av-image-hotspot_inner' style='background-color: #c2c9ce; color: #000000;'>3<\/div><div class='av-image-hotspot-pulse' style='background-color:#ffffff;'><\/div><\/div><div class='av-image-hotspot' data-avia-tooltip-position='top' data-avia-tooltip-alignment='left' data-avia-tooltip-class='av-tt-default-width av-tt-pos-above av-tt-align-left  av-mobile-fallback-active  transparent_dark av-tt-hotspot' data-avia-tooltip='&lt;p&gt;CHASIS REFORZADO&lt;\/p&gt;\n' style='top: 84.6%; left: 40.4%; '><div class='av-image-hotspot_inner' style='background-color: #c2c9ce; color: #000000;'>4<\/div><div class='av-image-hotspot-pulse' style='background-color:#ffffff;'><\/div><\/div><div class='av-image-hotspot' data-avia-tooltip-position='top' data-avia-tooltip-alignment='left' data-avia-tooltip-class='av-tt-default-width av-tt-pos-above av-tt-align-left  av-mobile-fallback-active  transparent_dark av-tt-hotspot' data-avia-tooltip='&lt;p&gt;PROTECCION CONTRA SOBRECARGAS&lt;\/p&gt;\n' style='top: 36.6%; left: 39%; '><div class='av-image-hotspot_inner' style='background-color: #c2c9ce; color: #000000;'>5<\/div><div class='av-image-hotspot-pulse' style='background-color:#ffffff;'><\/div><\/div><div class='av-image-hotspot' data-avia-tooltip-position='top' data-avia-tooltip-alignment='left' data-avia-tooltip-class='av-tt-default-width av-tt-pos-above av-tt-align-left  av-mobile-fallback-active  transparent_dark av-tt-hotspot' data-avia-tooltip='&lt;p&gt;SISTEMA HIDRAULICO DE ALTO RENDIMIENTO&lt;\/p&gt;\n' style='top: 49.1%; left: 53.2%; '><div class='av-image-hotspot_inner' style='background-color: #c2c9ce; color: #000000;'>6<\/div><div class='av-image-hotspot-pulse' style='background-color:#ffffff;'><\/div><\/div><img class='avia_image ' src='http:\/\/fimaks.com\/wp-content\/uploads\/2018\/02\/FIMAKS-YEM-KARMA-MAKINESI-1.5-METREKUP.png' alt='FIMAKS-YEM-KARMA-MAKINESI-1.5-METREKUP' title='FIMAKS-YEM-KARMA-MAKINESI-1.5-METREKUP'   itemprop=\"thumbnailUrl\"  \/><\/div><\/div><\/div><div class='av-hotspot-fallback-tooltip'><div class='av-hotspot-fallback-tooltip-count'>1<div class='avia-arrow'><\/div><\/div><div class='av-hotspot-fallback-tooltip-inner clearfix'><p>\nCUERPO ST52<\/p>\n<\/div><\/div><div class='av-hotspot-fallback-tooltip'><div class='av-hotspot-fallback-tooltip-count'>2<div class='avia-arrow'><\/div><\/div><div class='av-hotspot-fallback-tooltip-inner clearfix'><p>\nCAJAS PLANETARIAS DURADERAS<\/p>\n<\/div><\/div><div class='av-hotspot-fallback-tooltip'><div class='av-hotspot-fallback-tooltip-count'>3<div class='avia-arrow'><\/div><\/div><div class='av-hotspot-fallback-tooltip-inner clearfix'><p>\nCONTRACUCHILLOS AJUSTABLES<\/p>\n<\/div><\/div><div class='av-hotspot-fallback-tooltip'><div class='av-hotspot-fallback-tooltip-count'>4<div class='avia-arrow'><\/div><\/div><div class='av-hotspot-fallback-tooltip-inner clearfix'><p>\nCHASIS REFORZADO<\/p>\n<\/div><\/div><div class='av-hotspot-fallback-tooltip'><div class='av-hotspot-fallback-tooltip-count'>5<div class='avia-arrow'><\/div><\/div><div class='av-hotspot-fallback-tooltip-inner clearfix'><p>\nPROTECCION CONTRA SOBRECARGAS<\/p>\n<\/div><\/div><div class='av-hotspot-fallback-tooltip'><div class='av-hotspot-fallback-tooltip-count'>6<div class='avia-arrow'><\/div><\/div><div class='av-hotspot-fallback-tooltip-inner clearfix'><p>\nSISTEMA HIDRAULICO DE ALTO RENDIMIENTO<\/p>\n<\/div><\/div><\/div>\n<div style='padding-bottom:10px;' class='av-special-heading av-special-heading-h1  blockquote modern-quote modern-centered   av-thin-font '><h1 class='av-special-heading-tag '  itemprop=\"headline\"  >1.5 M3 | MIXER E O<br \/>|<strong> FMV 1.5S<\/strong> |<\/h1><div class='special-heading-border'><div class='special-heading-inner-border' ><\/div><\/div><\/div>\n<div  class='hr hr-default  '><span class='hr-inner ' ><span class='hr-inner-style'><\/span><\/span><\/div>\n<section class=\"av_textblock_section \"  itemscope=\"itemscope\" itemtype=\"https:\/\/schema.org\/CreativeWork\" ><div class='avia_textblock  '   itemprop=\"text\" ><p><span class=\"av_dropcap1 \" ><\/span> F [\/ av_dropcap1] imaks tiene una l\u00ednea de mixers ideales para cada tama\u00f1o de explotaci\u00f3n. EL modelo FMV 1.5S es la soluci\u00f3n perfecta para explotaciones de 5 a 20 animales. Esta m\u00e1quina prepara alimentos con un rendimiento \u00f3ptimo. Su construcci\u00f3n simple, duradera y liviana lo convierte en la mejor inversi\u00f3n para las granjas lecheras y ganaderas.<\/p>\n<p>El dise\u00f1o del sinf\u00edn vertical, equipado con cuchillos de tungsteno, procesan los fardos redondos o cuadrados en corto tiempo, creando relaciones homog\u00e9neas con otros alientos y aditivos. No hay puntos muertos debido al dise\u00f1o del sinf\u00edn y del cuerpo de la m\u00e1quina. Adem\u00e1s, es una m\u00e1quina mucho m\u00e1s higi\u00e9nica en comparaci\u00f3n con otros tipos de mixers. Los mixers fimaks son f\u00e1ciles de operar y aumentan la rentabilidad de las granjas por su bajo consume de combustible y por el ahorro en tiempo para la ejecuci\u00f3n de operaciones.<\/p>\n<p>Las cajas planetarias italianas, el cuerpo ST52 y los cuchillos de tungsteno son algunas de las caracter\u00edsticas principales de la m\u00e1quina que garantizan operaciones r\u00e1pidas y eficientes.<\/p>\n<p>Dentro de las diferentes opciones para el mixer FMV 3S est\u00e1n:<\/p>\n<p>Balde de carga hidr\u00e1ulico<\/p>\n<p>Banda lateral<\/p>\n<p>Sistema de pesaje<\/p>\n<p>&nbsp;<\/p>\n<\/div><\/section>\n<div  class='hr hr-default  '><span class='hr-inner ' ><span class='hr-inner-style'><\/span><\/span><\/div>\n<div  class='avia-video avia-video-16-9   '  itemprop=\"video\" itemtype=\"https:\/\/schema.org\/VideoObject\" ><div class='avia-iframe-wrap'><iframe loading=\"lazy\" width=\"1500\" height=\"844\" src=\"https:\/\/www.youtube.com\/embed\/cuI1jKD4_jQ?feature=oembed\" frameborder=\"0\" allow=\"autoplay; encrypted-media\" allowfullscreen><\/iframe><\/div><\/div>\n<div  class='hr hr-default  '><span class='hr-inner ' ><span class='hr-inner-style'><\/span><\/span><\/div>\n<div class='avia-data-table-wrap avia_responsive_table'><table class='avia-table avia-data-table avia-table-1  avia_pricing_default '  itemscope=\"itemscope\" itemtype=\"https:\/\/schema.org\/Table\" ><tbody><tr class=''><td class=''>VOLUMEN (m3)<\/td><td class=''>1.5<\/td><\/tr><tr class=''><td class=''>SISTEMA DE DESCARGA<\/td><td class=''>DESCARGA LATERAL<\/td><\/tr><tr class=''><td class=''>NUMERO DE SINFINES<\/td><td class=''>1<\/td><\/tr><tr class=''><td class=''>TIPO DE SINFIN<\/td><td class=''>VERTICAL<\/td><\/tr><tr class=''><td class=''>ALTURA (mm)<\/td><td class=''>1850<\/td><\/tr><tr class=''><td class=''>LONGITUD (mm)<\/td><td class=''>1900<\/td><\/tr><tr class=''><td class=''>ANCHO (mm)<\/td><td class=''>1250<\/td><\/tr><tr class=''><td class=''>PESO (kg)<\/td><td class=''>500<\/td><\/tr><tr class=''><td class=''>POTENCIA NECESARIA (kw\/hp)<\/td><td class=''>7,5 \/ 10<\/td><\/tr><tr class=''><td class=''>NUMERO DE CUCHILLOS (grandes\/peque\u00f1os\/fijos)<\/td><td class=''>5\/2<\/td><\/tr><tr class=''><td class=''>GROSOR PISO\/CUERPO\/SINFIN\u00a0(mm)<\/td><td class=''>10\/4\/8<\/td><\/tr><\/tbody><\/table><\/div><style type='text\/css'><\/style>\n<div  class='hr hr-default  '><span class='hr-inner ' ><span class='hr-inner-style'><\/span><\/span><\/div>\n<div class=\"flex_column av_one_third  flex_column_div av-zero-column-padding first  \" style='border-radius:0px; '><div class='avia-image-container  av-styling-  noHover  av-overlay-on-hover   avia-align-center '  itemprop=\"ImageObject\" itemscope=\"itemscope\" itemtype=\"https:\/\/schema.org\/ImageObject\"  ><div class='avia-image-container-inner'><div class='av-image-caption-overlay'><div class='av-caption-image-overlay-bg' style='opacity:0.4; background-color:#000000; '><\/div><div class='av-image-caption-overlay-position'><div class='av-image-caption-overlay-center' style='color:#ffffff; '><p>OPTIONAL HYDRAULIC DOOR<\/p>\n<\/div><\/div><\/div><img class='avia_image ' src='http:\/\/fimaks.com\/wp-content\/uploads\/2018\/02\/1.5-metrek\u00fcp-eco-serisi-yem-karma-makinesi.jpg' alt='' title='1.5-metrek\u00fcp-eco-serisi-yem-karma-makinesi'   itemprop=\"thumbnailUrl\"  \/><\/div><\/div><\/div>\n<div class=\"flex_column av_one_third  flex_column_div av-zero-column-padding   \" style='border-radius:0px; '><div class='avia-image-container  av-styling-  noHover  av-overlay-on-hover   avia-align-center '  itemprop=\"ImageObject\" itemscope=\"itemscope\" itemtype=\"https:\/\/schema.org\/ImageObject\"  ><div class='avia-image-container-inner'><div class='av-image-caption-overlay'><div class='av-caption-image-overlay-bg' style='opacity:0.4; background-color:#000000; '><\/div><div class='av-image-caption-overlay-position'><div class='av-image-caption-overlay-center' style='color:#ffffff; '><p>MOTOR ELECTRICO OPCIONAL (380V \/ 7.5 kW)<\/p>\n<\/div><\/div><\/div><img class='avia_image ' src='http:\/\/fimaks.com\/wp-content\/uploads\/2018\/02\/1.5-metrek\u00fcp-eco-serisi-yem-karma-makinesi-elektrikli-1.jpg' alt='' title='1.5-metrek\u00fcp-eco-serisi-yem-karma-makinesi-elektrikli'   itemprop=\"thumbnailUrl\"  \/><\/div><\/div><\/div>\n<div class=\"flex_column av_one_third  flex_column_div av-zero-column-padding   \" style='border-radius:0px; '><div class='avia-image-container  av-styling-  noHover  av-overlay-on-hover   avia-align-center '  itemprop=\"ImageObject\" itemscope=\"itemscope\" itemtype=\"https:\/\/schema.org\/ImageObject\"  ><div class='avia-image-container-inner'><div class='av-image-caption-overlay'><div class='av-caption-image-overlay-bg' style='opacity:0.4; background-color:#000000; '><\/div><div class='av-image-caption-overlay-position'><div class='av-image-caption-overlay-center' style='color:#ffffff; '><p>BALDE DE CARGA OPCIONAL<\/p>\n<\/div><\/div><\/div><img class='avia_image ' src='http:\/\/fimaks.com\/wp-content\/uploads\/2018\/02\/1.5-metrek\u00fcp-eco-serisi-yem-karma-makinesi-kep\u00e7esi.jpg' alt='' title='1.5-metrek\u00fcp-eco-serisi-yem-karma-makinesi-kep\u00e7esi'   itemprop=\"thumbnailUrl\"  \/><\/div><\/div><\/div>\n\t<div  class='av_promobox  avia-button-yes '>\t\t<div class='avia-promocontent'><p>\nWe produce productivity. Get a quotation.<\/p>\n<\/div><div class='avia-button-wrap avia-button-right '><a href='http:\/\/fimaks.com\/es\/contacto\/' class='avia-button   avia-icon_select-no avia-color-theme-color avia-size-large avia-position-right '   ><span class='avia_iconbox_title' >Contacto<\/span><\/a><\/div>\t<\/div>\n<div class='avia-image-container  av-styling-no-styling    avia-align-center '  itemprop=\"ImageObject\" itemscope=\"itemscope\" itemtype=\"https:\/\/schema.org\/ImageObject\"  ><div class='avia-image-container-inner'><a href='http:\/\/fimaks.com\/es\/catalogos\/' class='avia_image'   target=\"_blank\" ><img class='avia_image ' src='http:\/\/fimaks.com\/wp-content\/uploads\/2017\/11\/Yem-Karma-Makineleri-Katalog.jpg' alt='Yem-Karma-Makineleri-Katalog' title='Yem-Karma-Makineleri-Katalog'  itemprop=\"thumbnailUrl\"  \/><\/a><\/div><\/div>\n","protected":false},"excerpt":{"rendered":"","protected":false},"author":1,"featured_media":0,"parent":12224,"menu_order":0,"comment_status":"closed","ping_status":"closed","template":"","meta":{"_exactmetrics_skip_tracking":false,"_exactmetrics_sitenote_active":false,"_exactmetrics_sitenote_note":"","_exactmetrics_sitenote_category":0,"footnotes":""},"yst_prominent_words":[],"class_list":["post-14926","page","type-page","status-publish","hentry"],"_links":{"self":[{"href":"http:\/\/fimaks.com\/es\/wp-json\/wp\/v2\/pages\/14926","targetHints":{"allow":["GET"]}}],"collection":[{"href":"http:\/\/fimaks.com\/es\/wp-json\/wp\/v2\/pages"}],"about":[{"href":"http:\/\/fimaks.com\/es\/wp-json\/wp\/v2\/types\/page"}],"author":[{"embeddable":true,"href":"http:\/\/fimaks.com\/es\/wp-json\/wp\/v2\/users\/1"}],"replies":[{"embeddable":true,"href":"http:\/\/fimaks.com\/es\/wp-json\/wp\/v2\/comments?post=14926"}],"version-history":[{"count":36,"href":"http:\/\/fimaks.com\/es\/wp-json\/wp\/v2\/pages\/14926\/revisions"}],"predecessor-version":[{"id":20352,"href":"http:\/\/fimaks.com\/es\/wp-json\/wp\/v2\/pages\/14926\/revisions\/20352"}],"up":[{"embeddable":true,"href":"http:\/\/fimaks.com\/es\/wp-json\/wp\/v2\/pages\/12224"}],"wp:attachment":[{"href":"http:\/\/fimaks.com\/es\/wp-json\/wp\/v2\/media?parent=14926"}],"wp:term":[{"taxonomy":"yst_prominent_words","embeddable":true,"href":"http:\/\/fimaks.com\/es\/wp-json\/wp\/v2\/yst_prominent_words?post=14926"}],"curies":[{"name":"wp","href":"https:\/\/api.w.org\/{rel}","templated":true}]}}