{"id":14986,"date":"2018-05-25T22:18:53","date_gmt":"2018-05-25T19:18:53","guid":{"rendered":"http:\/\/fimaks.com\/mixers\/mixers-auto-propulsados-de-12-14-16-m3\/"},"modified":"2018-06-05T15:34:37","modified_gmt":"2018-06-05T12:34:37","slug":"mixers-auto-propulsados-de-12-14-16-m3","status":"publish","type":"page","link":"http:\/\/fimaks.com\/es\/mixers\/mixers-auto-propulsados-de-12-14-16-m3\/","title":{"rendered":"MIXERS AUTO PROPULSADOS DE 12-14-16 M3"},"content":{"rendered":"<div class='av-hotspot-image-container avia_animate_when_almost_visible   avia_animated_image avia_animate_when_almost_visible fade-in av-hotspot-numbered av-mobile-fallback-active    av-non-fullwidth-hotspot-image '  itemprop=\"ImageObject\" itemscope=\"itemscope\" itemtype=\"https:\/\/schema.org\/ImageObject\"  ><div class='av-hotspot-container'><div class='av-hotspot-container-inner-cell'><div class='av-hotspot-container-inner-wrap'><div class='av-image-hotspot' data-avia-tooltip-position='right' data-avia-tooltip-alignment='centered' data-avia-tooltip-class='av-tt-default-width av-tt-pos-right av-tt-align-centered  av-mobile-fallback-active  transparent_dark av-tt-hotspot' data-avia-tooltip='&lt;p&gt;FRESADOR FRONTAL COMPLETO&lt;\/p&gt;\n' style='top: 35.2%; left: 71.8%; '><div class='av-image-hotspot_inner' style='background-color: #c2c9ce; color: #000000;'>1<\/div><div class='av-image-hotspot-pulse' style='background-color:#e8e8e8;'><\/div><\/div><div class='av-image-hotspot' data-avia-tooltip-position='bottom' data-avia-tooltip-alignment='centered' data-avia-tooltip-class='av-tt-default-width av-tt-pos-below av-tt-align-centered  av-mobile-fallback-active  transparent_dark av-tt-hotspot' data-avia-tooltip='&lt;p&gt;MOTOR DE 175 HP&lt;\/p&gt;\n' style='top: 61.3%; left: 55.1%; '><div class='av-image-hotspot_inner' style='background-color: #c2c9ce; color: #000000;'>2<\/div><div class='av-image-hotspot-pulse' style='background-color:#ffffff;'><\/div><\/div><div class='av-image-hotspot' data-avia-tooltip-position='top' data-avia-tooltip-alignment='left' data-avia-tooltip-class='av-tt-default-width av-tt-pos-above av-tt-align-left  av-mobile-fallback-active  transparent_dark av-tt-hotspot' data-avia-tooltip='&lt;p&gt;VENTILADOR DE MOTOR REVERSIBLE&lt;\/p&gt;\n' style='top: 68.1%; left: 55%; '><div class='av-image-hotspot_inner' style='background-color: #c2c9ce; color: #000000;'>3<\/div><div class='av-image-hotspot-pulse' style='background-color:#ffffff;'><\/div><\/div><div class='av-image-hotspot' data-avia-tooltip-position='top' data-avia-tooltip-alignment='left' data-avia-tooltip-class='av-tt-default-width av-tt-pos-above av-tt-align-left  av-mobile-fallback-active  transparent_dark av-tt-hotspot' data-avia-tooltip='&lt;p&gt;BANDA DE DISTRIBUCION AJUSTABLE&lt;\/p&gt;\n' style='top: 81.6%; left: 45.4%; '><div class='av-image-hotspot_inner' style='background-color: #c2c9ce; color: #000000;'>4<\/div><div class='av-image-hotspot-pulse' style='background-color:#ffffff;'><\/div><\/div><div class='av-image-hotspot' data-avia-tooltip-position='top' data-avia-tooltip-alignment='left' data-avia-tooltip-class='av-tt-default-width av-tt-pos-above av-tt-align-left  av-mobile-fallback-active  transparent_dark av-tt-hotspot' data-avia-tooltip='&lt;p&gt;CONTRACUCHILLOS AJUSTABLES&lt;\/p&gt;\n' style='top: 62.6%; left: 26.2%; '><div class='av-image-hotspot_inner' style='background-color: #c2c9ce; color: #000000;'>5<\/div><div class='av-image-hotspot-pulse' style='background-color:#ffffff;'><\/div><\/div><div class='av-image-hotspot' data-avia-tooltip-position='top' data-avia-tooltip-alignment='left' data-avia-tooltip-class='av-tt-default-width av-tt-pos-above av-tt-align-left  av-mobile-fallback-active  transparent_dark av-tt-hotspot' data-avia-tooltip='&lt;p&gt;CHASIS Y CUERPOS DURADEROS&lt;\/p&gt;\n' style='top: 85.8%; left: 37.9%; '><div class='av-image-hotspot_inner' style='background-color: #c2c9ce; color: #000000;'>6<\/div><div class='av-image-hotspot-pulse' style='background-color:#ffffff;'><\/div><\/div><div class='av-image-hotspot' data-avia-tooltip-position='top' data-avia-tooltip-alignment='left' data-avia-tooltip-class='av-tt-default-width av-tt-pos-above av-tt-align-left  av-mobile-fallback-active  transparent_dark av-tt-hotspot' data-avia-tooltip='&lt;p&gt;12 m3 | 14 m3 | 16 m3&lt;\/p&gt;\n' style='top: 52.8%; left: 36.3%; '><div class='av-image-hotspot_inner' style='background-color: #c2c9ce; color: #000000;'>7<\/div><div class='av-image-hotspot-pulse' style='background-color:#ffffff;'><\/div><\/div><div class='av-image-hotspot' data-avia-tooltip-position='top' data-avia-tooltip-alignment='left' data-avia-tooltip-class='av-tt-default-width av-tt-pos-above av-tt-align-left  av-mobile-fallback-active  transparent_dark av-tt-hotspot' data-avia-tooltip='&lt;p&gt;CABINA ERGONOMICA Y CONFORTABLE&lt;\/p&gt;\n' style='top: 62.8%; left: 61.9%; '><div class='av-image-hotspot_inner' style='background-color: #c2c9ce; color: #000000;'>8<\/div><div class='av-image-hotspot-pulse' style='background-color:#ffffff;'><\/div><\/div><div class='av-image-hotspot' data-avia-tooltip-position='top' data-avia-tooltip-alignment='left' data-avia-tooltip-class='av-tt-default-width av-tt-pos-above av-tt-align-left  av-mobile-fallback-active  transparent_dark av-tt-hotspot' data-avia-tooltip='&lt;p&gt;SINFINES DE DISE\u00d1O ESPECIAL&lt;\/p&gt;\n' style='top: 35.8%; left: 32.8%; '><div class='av-image-hotspot_inner' style='background-color: #c2c9ce; color: #000000;'>9<\/div><div class='av-image-hotspot-pulse' style='background-color:#ffffff;'><\/div><\/div><div class='av-image-hotspot' data-avia-tooltip-position='top' data-avia-tooltip-alignment='left' data-avia-tooltip-class='av-tt-default-width av-tt-pos-above av-tt-align-left  av-mobile-fallback-active  transparent_dark av-tt-hotspot' data-avia-tooltip='&lt;p&gt;SISTEMA HIDRAULICO ROBUSTO&lt;\/p&gt;\n' style='top: 79.4%; left: 37.9%; '><div class='av-image-hotspot_inner' style='background-color: #c2c9ce; color: #000000;'>10<\/div><div class='av-image-hotspot-pulse' style='background-color:#ffffff;'><\/div><\/div><img class='avia_image ' src='http:\/\/fimaks.com\/wp-content\/uploads\/2018\/03\/MASTERMIX.png' alt='MASTERMIX' title='MASTERMIX'   itemprop=\"thumbnailUrl\"  \/><\/div><\/div><\/div><div class='av-hotspot-fallback-tooltip'><div class='av-hotspot-fallback-tooltip-count'>1<div class='avia-arrow'><\/div><\/div><div class='av-hotspot-fallback-tooltip-inner clearfix'><p>\nFRESADOR FRONTAL COMPLETO<\/p>\n<p>\n<\/div><\/div><div class='av-hotspot-fallback-tooltip'><div class='av-hotspot-fallback-tooltip-count'>2<div class='avia-arrow'><\/div><\/div><div class='av-hotspot-fallback-tooltip-inner clearfix'><p>\nMOTOR DE 175 HP<\/p>\n<\/div><\/div><div class='av-hotspot-fallback-tooltip'><div class='av-hotspot-fallback-tooltip-count'>3<div class='avia-arrow'><\/div><\/div><div class='av-hotspot-fallback-tooltip-inner clearfix'><p>\nVENTILADOR DE MOTOR REVERSIBLE<\/p>\n<\/div><\/div><div class='av-hotspot-fallback-tooltip'><div class='av-hotspot-fallback-tooltip-count'>4<div class='avia-arrow'><\/div><\/div><div class='av-hotspot-fallback-tooltip-inner clearfix'><p>\nBANDA DE DISTRIBUCION AJUSTABLE<\/p>\n<\/div><\/div><div class='av-hotspot-fallback-tooltip'><div class='av-hotspot-fallback-tooltip-count'>5<div class='avia-arrow'><\/div><\/div><div class='av-hotspot-fallback-tooltip-inner clearfix'><p>\nCONTRACUCHILLOS AJUSTABLES<\/p>\n<\/div><\/div><div class='av-hotspot-fallback-tooltip'><div class='av-hotspot-fallback-tooltip-count'>6<div class='avia-arrow'><\/div><\/div><div class='av-hotspot-fallback-tooltip-inner clearfix'><p>\nCHASIS Y CUERPOS DURADEROS<\/p>\n<\/div><\/div><div class='av-hotspot-fallback-tooltip'><div class='av-hotspot-fallback-tooltip-count'>7<div class='avia-arrow'><\/div><\/div><div class='av-hotspot-fallback-tooltip-inner clearfix'><p>\n12 m3 | 14 m3 | 16 m3<\/p>\n<\/div><\/div><div class='av-hotspot-fallback-tooltip'><div class='av-hotspot-fallback-tooltip-count'>8<div class='avia-arrow'><\/div><\/div><div class='av-hotspot-fallback-tooltip-inner clearfix'><p>\nCABINA ERGONOMICA Y CONFORTABLE<\/p>\n<\/div><\/div><div class='av-hotspot-fallback-tooltip'><div class='av-hotspot-fallback-tooltip-count'>9<div class='avia-arrow'><\/div><\/div><div class='av-hotspot-fallback-tooltip-inner clearfix'><p>\nSINFINES DE DISE\u00d1O ESPECIAL<\/p>\n<\/div><\/div><div class='av-hotspot-fallback-tooltip'><div class='av-hotspot-fallback-tooltip-count'>10<div class='avia-arrow'><\/div><\/div><div class='av-hotspot-fallback-tooltip-inner clearfix'><p>\nSISTEMA HIDRAULICO ROBUSTO<\/p>\n<\/div><\/div><\/div>\n<div style='padding-bottom:10px;' class='av-special-heading av-special-heading-h1  blockquote modern-quote modern-centered   av-thin-font '><h1 class='av-special-heading-tag '  itemprop=\"headline\"  >MIXERS AUTOPROPULSADOS<br \/>\n|<strong>MASTERMIX 12 <\/strong>|<br \/>\n|<strong>MASTERMIX 14 <\/strong>|<br \/>\n|<strong>MASTERMIX 16 <\/strong>|<\/h1><div class='special-heading-border'><div class='special-heading-inner-border' ><\/div><\/div><\/div>\n<div  class='hr hr-default  '><span class='hr-inner ' ><span class='hr-inner-style'><\/span><\/span><\/div>\n<section class=\"av_textblock_section \"  itemscope=\"itemscope\" itemtype=\"https:\/\/schema.org\/CreativeWork\" ><div class='avia_textblock  '   itemprop=\"text\" ><p><span class=\"av_dropcap1 \" > F <\/span> imks complete la l\u00ednea de equipos ganaderos con los mixers autopropulsados Mastermix que est\u00e1n dise\u00f1ados para grandes empresas. El potente motor acciona el fresador que ingresa todo tipo de alimentos a la m\u00e1quina para la elaboraci\u00f3n de todos los ingredientes de las diferentes recetas de cada explotaci\u00f3n ganadera.<\/p>\n<p>Los operadores pueden descargar la alimentaci\u00f3n preparada exactamente donde necesita ser descargada. Los sinfines de dise\u00f1o especial y las cuchillas recubiertas de tungsteno cortan y mezclan la alimentaci\u00f3n con un rendimiento \u00f3ptimo. La longitud de la part\u00edcula se puede perfeccionar con cuchillas fijas ajustables.<\/p>\n<p>Los mixers autopropulsados \u200b\u200bFimaks tienen un motor de 175 HP, cuerpo y chasis duradero, cabina segura y c\u00f3moda, c\u00e1mara de marcha atr\u00e1s, sistema de auto-freno. El sistema de freno externo permite al operador recolectar todos los ingredientes sin presionar el pedal del freno *. Este sistema tambi\u00e9n permite a los operadores trabajar en terrenos inclinados f\u00e1cilmente.<\/p>\n<p>Hay 3 modelos diferentes de alimentadores mezcladores autopropulsados \u200b\u200bMastermix.<\/p>\n<p>&#8211; Mastermix 12<\/p>\n<p>&#8211; Mastermix 14<\/p>\n<p>&#8211; Mastermix 16<\/p>\n<p>Algunas caracter\u00edsticas est\u00e1ndar de Mastermix:<\/p>\n<p>&#8211; Sistema de pesaje<\/p>\n<p>&#8211; Transportador ajustable<\/p>\n<p>&#8211; C\u00e1mara de reversa<\/p>\n<p>&#8211; Ventilador inverso<\/p>\n<p>&#8211; Im\u00e1n<\/p>\n<p>Caracter\u00edsticas opcionales de los mixers Mastermix,<\/p>\n<p>&#8211; Sistema de pesaje DG8000 y DTMIC<\/p>\n<\/div><\/section>\n<div  class='hr hr-default  '><span class='hr-inner ' ><span class='hr-inner-style'><\/span><\/span><\/div>\n<div class='av-social-sharing-box  av-social-sharing-box-minimal '><div class='av-share-box'><ul class='av-share-box-list noLightbox'><li class='av-share-link av-social-link-facebook' ><a target='_blank' href='http:\/\/www.facebook.com\/sharer.php?u=http:\/\/fimaks.com\/es\/mixers\/mixers-auto-propulsados-de-12-14-16-m3\/&amp;t=MIXERS%20AUTO%20PROPULSADOS%20DE%2012-14-16%20M3' aria-hidden='true' data-av_icon='\ue8f3' data-av_iconfont='entypo-fontello' title='' data-avia-related-tooltip='Compartir en Facebook'><span class='avia_hidden_link_text'>Compartir en Facebook<\/span><\/a><\/li><li class='av-share-link av-social-link-twitter' ><a target='_blank' href='https:\/\/twitter.com\/share?text=MIXERS%20AUTO%20PROPULSADOS%20DE%2012-14-16%20M3&url=http:\/\/fimaks.com\/es\/?p=14986' aria-hidden='true' data-av_icon='\ue8f1' data-av_iconfont='entypo-fontello' title='' data-avia-related-tooltip='Compartir en Twitter'><span class='avia_hidden_link_text'>Compartir en Twitter<\/span><\/a><\/li><li class='av-share-link av-social-link-gplus' ><a target='_blank' href='https:\/\/plus.google.com\/share?url=http:\/\/fimaks.com\/es\/mixers\/mixers-auto-propulsados-de-12-14-16-m3\/' aria-hidden='true' data-av_icon='\ue8f6' data-av_iconfont='entypo-fontello' title='' data-avia-related-tooltip='Compartir en Google+'><span class='avia_hidden_link_text'>Compartir en Google+<\/span><\/a><\/li><li class='av-share-link av-social-link-pinterest' ><a target='_blank' href='http:\/\/pinterest.com\/pin\/create\/button\/?url=http%3A%2F%2Ffimaks.com%2Fes%2Fmixers%2Fmixers-auto-propulsados-de-12-14-16-m3%2F&amp;description=MIXERS%20AUTO%20PROPULSADOS%20DE%2012-14-16%20M3&amp;media=' aria-hidden='true' data-av_icon='\ue8f8' data-av_iconfont='entypo-fontello' title='' data-avia-related-tooltip='Compartir en Pinterest'><span class='avia_hidden_link_text'>Compartir en Pinterest<\/span><\/a><\/li><li class='av-share-link av-social-link-linkedin' ><a target='_blank' href='http:\/\/linkedin.com\/shareArticle?mini=true&amp;title=MIXERS%20AUTO%20PROPULSADOS%20DE%2012-14-16%20M3&amp;url=http:\/\/fimaks.com\/es\/mixers\/mixers-auto-propulsados-de-12-14-16-m3\/' aria-hidden='true' data-av_icon='\ue8fc' data-av_iconfont='entypo-fontello' title='' data-avia-related-tooltip='Compartir en Linkedin'><span class='avia_hidden_link_text'>Compartir en Linkedin<\/span><\/a><\/li><li class='av-share-link av-social-link-tumblr' ><a target='_blank' href='http:\/\/www.tumblr.com\/share\/link?url=http%3A%2F%2Ffimaks.com%2Fes%2Fmixers%2Fmixers-auto-propulsados-de-12-14-16-m3%2F&amp;name=MIXERS%20AUTO%20PROPULSADOS%20DE%2012-14-16%20M3&amp;description=' aria-hidden='true' data-av_icon='\ue8fa' data-av_iconfont='entypo-fontello' title='' data-avia-related-tooltip='Compartir en Tumblr'><span class='avia_hidden_link_text'>Compartir en Tumblr<\/span><\/a><\/li><li class='av-share-link av-social-link-vk' ><a target='_blank' href='http:\/\/vk.com\/share.php?url=http:\/\/fimaks.com\/es\/mixers\/mixers-auto-propulsados-de-12-14-16-m3\/' aria-hidden='true' data-av_icon='\ue926' data-av_iconfont='entypo-fontello' title='' data-avia-related-tooltip='Compartir en Vk'><span class='avia_hidden_link_text'>Compartir en Vk<\/span><\/a><\/li><li class='av-share-link av-social-link-reddit' ><a target='_blank' href='http:\/\/reddit.com\/submit?url=http:\/\/fimaks.com\/es\/mixers\/mixers-auto-propulsados-de-12-14-16-m3\/&amp;title=MIXERS%20AUTO%20PROPULSADOS%20DE%2012-14-16%20M3' aria-hidden='true' data-av_icon='\ue927' data-av_iconfont='entypo-fontello' title='' data-avia-related-tooltip='Compartir en Reddit'><span class='avia_hidden_link_text'>Compartir en Reddit<\/span><\/a><\/li><li class='av-share-link av-social-link-mail' ><a  href='mailto:?subject=MIXERS%20AUTO%20PROPULSADOS%20DE%2012-14-16%20M3&amp;body=http:\/\/fimaks.com\/es\/mixers\/mixers-auto-propulsados-de-12-14-16-m3\/' aria-hidden='true' data-av_icon='\ue805' data-av_iconfont='entypo-fontello' title='' data-avia-related-tooltip='Compartir por correo'><span class='avia_hidden_link_text'>Compartir por correo<\/span><\/a><\/li><\/ul><\/div><\/div>\n<div  class='hr hr-default  '><span class='hr-inner ' ><span class='hr-inner-style'><\/span><\/span><\/div>\n<div  class='avia-video avia-video-16-9   '  itemprop=\"video\" itemtype=\"https:\/\/schema.org\/VideoObject\" ><div class='avia-iframe-wrap'><iframe loading=\"lazy\" width=\"1500\" height=\"844\" src=\"https:\/\/www.youtube.com\/embed\/A7go_PpcCr4?feature=oembed\" frameborder=\"0\" allow=\"autoplay; encrypted-media\" allowfullscreen><\/iframe><\/div><\/div>\n<div  class='hr hr-default  '><span class='hr-inner ' ><span class='hr-inner-style'><\/span><\/span><\/div>\n<div class='avia-data-table-wrap avia_responsive_table'><table class='avia-table avia-data-table avia-table-1  avia_pricing_default '  itemscope=\"itemscope\" itemtype=\"https:\/\/schema.org\/Table\" ><tbody><tr class=''><td class=''><\/td><td class=''>MASTERMIX 12<\/td><td class=''>MASTERMIX 14<\/td><td class=''>MASTERMIX 16<\/td><\/tr><tr class=''><td class=''>VOLUMEN (m3)<\/td><td class=''>12<\/td><td class=''>14<\/td><td class=''>16<\/td><\/tr><tr class=''><td class=''>NUMERO DE SINFINES<\/td><td class=''>1<\/td><td class=''>1<\/td><td class=''>1<\/td><\/tr><tr class=''><td class=''>ALTURA (mm)<\/td><td class=''>3150<\/td><td class=''>3200<\/td><td class=''>3300<\/td><\/tr><tr class=''><td class=''>LONGITUD (mm)<\/td><td class=''>7300<\/td><td class=''>7800<\/td><td class=''>8000<\/td><\/tr><tr class=''><td class=''>ANCHO (mm)<\/td><td class=''>2380<\/td><td class=''>2380<\/td><td class=''>2380<\/td><\/tr><tr class=''><td class=''>PESO (kg)<\/td><td class=''>9500<\/td><td class=''>10.000<\/td><td class=''>10.500<\/td><\/tr><tr class=''><td class=''>POTENCIA (kW\/hp)<\/td><td class=''>129\/175<\/td><td class=''>129\/175<\/td><td class=''>129\/175<\/td><\/tr><tr class=''><td class=''>NUMERO DE CUCHILLOS<\/td><td class=''>6<\/td><td class=''>8<\/td><td class=''>10<\/td><\/tr><tr class=''><td class=''>GROSOR PISO\/CUERPO\/SINFIN\u00a0(mm)<\/td><td class=''>20\/8\/12<\/td><td class=''>20\/8\/12<\/td><td class=''>20\/8\/12<\/td><\/tr><tr class=''><td class=''>LLANTAS<\/td><td class=''>6x(245\/70R 19.5)<\/td><td class=''>6x(245\/70R 19.5)<\/td><td class=''>6x(245\/70R 19.5)<\/td><\/tr><\/tbody><\/table><\/div><style type='text\/css'><\/style>\n<div  class='hr hr-default  '><span class='hr-inner ' ><span class='hr-inner-style'><\/span><\/span><\/div>\n<div class='avia-gallery  avia-gallery-1 deactivate_avia_lazyload avia_animate_when_visible  av-hide-gallery-thumbs'  itemprop=\"ImageObject\" itemscope=\"itemscope\" itemtype=\"https:\/\/schema.org\/ImageObject\" ><a class='avia-gallery-big fakeLightbox lightbox avia-gallery-big-crop-thumb ' href='http:\/\/fimaks.com\/wp-content\/uploads\/2018\/03\/KEND\u0130-Y\u00dcR\u00dcR-YEM-KARMA-MAK\u0130NES\u0130.jpg'  data-onclick='1' title='' ><span class='avia-gallery-big-inner'  itemprop=\"thumbnailUrl\" >\t<img width='845' height='684' src='http:\/\/fimaks.com\/wp-content\/uploads\/2018\/03\/KEND\u0130-Y\u00dcR\u00dcR-YEM-KARMA-MAK\u0130NES\u0130-845x684.jpg' title='KEND\u0130-Y\u00dcR\u00dcR-YEM-KARMA-MAK\u0130NES\u0130' alt='' \/><\/span><\/a><div class='avia-gallery-thumb'> <a href='http:\/\/fimaks.com\/wp-content\/uploads\/2018\/03\/KEND\u0130-Y\u00dcR\u00dcR-YEM-KARMA-MAK\u0130NES\u0130.jpg' data-rel='gallery-1' data-prev-img='http:\/\/fimaks.com\/wp-content\/uploads\/2018\/03\/KEND\u0130-Y\u00dcR\u00dcR-YEM-KARMA-MAK\u0130NES\u0130-845x684.jpg' class='first_thumb lightbox ' data-onclick='1' title=''  itemprop=\"thumbnailUrl\" ><img  src='http:\/\/fimaks.com\/wp-content\/uploads\/2018\/03\/KEND\u0130-Y\u00dcR\u00dcR-YEM-KARMA-MAK\u0130NES\u0130-495x400.jpg' width='495' height='400'  title='KEND\u0130-Y\u00dcR\u00dcR-YEM-KARMA-MAK\u0130NES\u0130' alt='' \/><\/a> <a href='http:\/\/fimaks.com\/wp-content\/uploads\/2018\/03\/KEND\u0130-Y\u00dcR\u00dcR-YEM-KARMA-MAK\u0130NES\u0130-2.jpg' data-rel='gallery-1' data-prev-img='http:\/\/fimaks.com\/wp-content\/uploads\/2018\/03\/KEND\u0130-Y\u00dcR\u00dcR-YEM-KARMA-MAK\u0130NES\u0130-2-845x684.jpg' class='lightbox ' data-onclick='2' title=''  itemprop=\"thumbnailUrl\" ><img  src='http:\/\/fimaks.com\/wp-content\/uploads\/2018\/03\/KEND\u0130-Y\u00dcR\u00dcR-YEM-KARMA-MAK\u0130NES\u0130-2-495x400.jpg' width='495' height='400'  title='KEND\u0130-Y\u00dcR\u00dcR-YEM-KARMA-MAK\u0130NES\u0130-2' alt='' \/><\/a> <a href='http:\/\/fimaks.com\/wp-content\/uploads\/2018\/03\/KEND\u0130-Y\u00dcR\u00dcR-YEM-KARMA-MAK\u0130NES\u0130-3.jpg' data-rel='gallery-1' data-prev-img='http:\/\/fimaks.com\/wp-content\/uploads\/2018\/03\/KEND\u0130-Y\u00dcR\u00dcR-YEM-KARMA-MAK\u0130NES\u0130-3-845x684.jpg' class='lightbox ' data-onclick='3' title=''  itemprop=\"thumbnailUrl\" ><img  src='http:\/\/fimaks.com\/wp-content\/uploads\/2018\/03\/KEND\u0130-Y\u00dcR\u00dcR-YEM-KARMA-MAK\u0130NES\u0130-3-495x400.jpg' width='495' height='400'  title='KEND\u0130-Y\u00dcR\u00dcR-YEM-KARMA-MAK\u0130NES\u0130-3' alt='' \/><\/a> <a href='http:\/\/fimaks.com\/wp-content\/uploads\/2018\/03\/KEND\u0130-Y\u00dcR\u00dcR-YEM-KARMA-MAK\u0130NES\u0130-4.jpg' data-rel='gallery-1' data-prev-img='http:\/\/fimaks.com\/wp-content\/uploads\/2018\/03\/KEND\u0130-Y\u00dcR\u00dcR-YEM-KARMA-MAK\u0130NES\u0130-4-845x684.jpg' class='lightbox ' data-onclick='4' title=''  itemprop=\"thumbnailUrl\" ><img  src='http:\/\/fimaks.com\/wp-content\/uploads\/2018\/03\/KEND\u0130-Y\u00dcR\u00dcR-YEM-KARMA-MAK\u0130NES\u0130-4-495x400.jpg' width='495' height='400'  title='KEND\u0130-Y\u00dcR\u00dcR-YEM-KARMA-MAK\u0130NES\u0130-4' alt='' \/><\/a><\/div><\/div>\n\t<div  class='av_promobox  avia-button-yes '>\t\t<div class='avia-promocontent'><p>\nWe produce productivity. Get a quotation.<\/p>\n<\/div><div class='avia-button-wrap avia-button-right '><a href='http:\/\/fimaks.com\/iletisim\/' class='avia-button   avia-icon_select-no avia-color-theme-color avia-size-large avia-position-right '   ><span class='avia_iconbox_title' >Contacto<\/span><\/a><\/div>\t<\/div>\n<div class='avia-image-container  av-styling-no-styling    avia-align-center '  itemprop=\"ImageObject\" itemscope=\"itemscope\" itemtype=\"https:\/\/schema.org\/ImageObject\"  ><div class='avia-image-container-inner'><a href='http:\/\/fimaks.com\/multimedya\/kataloglar\/' class='avia_image'   target=\"_blank\" ><img class='avia_image ' src='http:\/\/fimaks.com\/wp-content\/uploads\/2018\/02\/YEM-KARMA-MAK\u0130NELER\u0130-KATALOG2.jpg' alt='YEM-KARMA-MAK\u0130NELER\u0130-KATALOG2' title='YEM-KARMA-MAK\u0130NELER\u0130-KATALOG2'  itemprop=\"thumbnailUrl\"  \/><\/a><\/div><\/div>\n","protected":false},"excerpt":{"rendered":"","protected":false},"author":1,"featured_media":0,"parent":12201,"menu_order":0,"comment_status":"closed","ping_status":"closed","template":"","meta":{"_exactmetrics_skip_tracking":false,"_exactmetrics_sitenote_active":false,"_exactmetrics_sitenote_note":"","_exactmetrics_sitenote_category":0,"footnotes":""},"yst_prominent_words":[],"class_list":["post-14986","page","type-page","status-publish","hentry"],"_links":{"self":[{"href":"http:\/\/fimaks.com\/es\/wp-json\/wp\/v2\/pages\/14986","targetHints":{"allow":["GET"]}}],"collection":[{"href":"http:\/\/fimaks.com\/es\/wp-json\/wp\/v2\/pages"}],"about":[{"href":"http:\/\/fimaks.com\/es\/wp-json\/wp\/v2\/types\/page"}],"author":[{"embeddable":true,"href":"http:\/\/fimaks.com\/es\/wp-json\/wp\/v2\/users\/1"}],"replies":[{"embeddable":true,"href":"http:\/\/fimaks.com\/es\/wp-json\/wp\/v2\/comments?post=14986"}],"version-history":[{"count":28,"href":"http:\/\/fimaks.com\/es\/wp-json\/wp\/v2\/pages\/14986\/revisions"}],"predecessor-version":[{"id":16158,"href":"http:\/\/fimaks.com\/es\/wp-json\/wp\/v2\/pages\/14986\/revisions\/16158"}],"up":[{"embeddable":true,"href":"http:\/\/fimaks.com\/es\/wp-json\/wp\/v2\/pages\/12201"}],"wp:attachment":[{"href":"http:\/\/fimaks.com\/es\/wp-json\/wp\/v2\/media?parent=14986"}],"wp:term":[{"taxonomy":"yst_prominent_words","embeddable":true,"href":"http:\/\/fimaks.com\/es\/wp-json\/wp\/v2\/yst_prominent_words?post=14986"}],"curies":[{"name":"wp","href":"https:\/\/api.w.org\/{rel}","templated":true}]}}