{"id":20855,"date":"2021-07-13T04:41:40","date_gmt":"2021-07-13T01:41:40","guid":{"rendered":"http:\/\/fimaks.com\/grupo-de-enfardadoras\/enfardadora-5190\/"},"modified":"2021-07-13T04:41:48","modified_gmt":"2021-07-13T01:41:48","slug":"enfardadora-5190","status":"publish","type":"page","link":"http:\/\/fimaks.com\/es\/grupo-de-enfardadoras\/enfardadora-5190\/","title":{"rendered":"Enfardadora &#8211; 5190"},"content":{"rendered":"<div class='av-hotspot-image-container avia_animate_when_almost_visible   avia_animated_image avia_animate_when_almost_visible fade-in av-hotspot-numbered av-mobile-fallback-active    av-non-fullwidth-hotspot-image '  itemprop=\"ImageObject\" itemscope=\"itemscope\" itemtype=\"https:\/\/schema.org\/ImageObject\"  ><div class='av-hotspot-container'><div class='av-hotspot-container-inner-cell'><div class='av-hotspot-container-inner-wrap'><img class='avia_image ' src='http:\/\/fimaks.com\/wp-content\/uploads\/2021\/02\/5190.png' alt='' title='5190'   itemprop=\"thumbnailUrl\"  \/><\/div><\/div><\/div><\/div>\n<div style='padding-bottom:10px;' class='av-special-heading av-special-heading-h1  blockquote modern-quote modern-centered   av-thin-font '><h1 class='av-special-heading-tag '  itemprop=\"headline\"  >ENFARDADORA DE 3 AMARRES <br \/> | <strong>5190 <\/strong>|<\/h1><div class='special-heading-border'><div class='special-heading-inner-border' ><\/div><\/div><\/div>\n<div  class='hr hr-default  '><span class='hr-inner ' ><span class='hr-inner-style'><\/span><\/span><\/div>\n<section class=\"av_textblock_section \"  itemscope=\"itemscope\" itemtype=\"https:\/\/schema.org\/CreativeWork\" ><div class='avia_textblock  '   itemprop=\"text\" ><p>Las empacadoras Fimaks 5190 S3 TPP Model son m\u00e1quinas muy potentes equipadas con una picadora est\u00e1ndar y un grupo de 3 anudadores. Estas m\u00e1quinas est\u00e1n especialmente dise\u00f1adas para usuarios que desean tener trozos de paja picada, sin necesidad de una m\u00e1quina especial para moler la paja.<\/p>\n<p>El menor peso y las peque\u00f1as dimensiones proporcionan una mejor maniobrabilidad, especialmente cuando es necesario conducir la m\u00e1quina en \u00e1reas peque\u00f1as y medianas, terrenos blandos o carreteras largas y estrechas. El pist\u00f3n de recogida ajustable hidr\u00e1ulicamente, la rueda de soporte de recogida y el ajuste mec\u00e1nico de la posici\u00f3n de la v\u00eda de trabajo se ofrecen de serie en este modelo. Adem\u00e1s, el producto puede equiparse con sistema de lubricaci\u00f3n central, sistema de ventilador del anudador, posici\u00f3n de la v\u00eda de trabajo ajustable hidr\u00e1ulicamente, contador de pacas electr\u00f3nico y medidor de humedad para la c\u00e1mara de compresi\u00f3n.<\/p>\n<\/div><\/section>\n<div  class='hr hr-default  '><span class='hr-inner ' ><span class='hr-inner-style'><\/span><\/span><\/div>\n<div  class='avia-video avia-video-16-9   '  itemprop=\"video\" itemtype=\"https:\/\/schema.org\/VideoObject\" ><div class='avia-iframe-wrap'><iframe loading=\"lazy\" width=\"1500\" height=\"844\" src=\"https:\/\/www.youtube.com\/embed\/k6tG05OafUQ?feature=oembed\" frameborder=\"0\" allow=\"accelerometer; autoplay; clipboard-write; encrypted-media; gyroscope; picture-in-picture\" allowfullscreen><\/iframe><\/div><\/div>\n<div class='avia-data-table-wrap avia_responsive_table'><table class='avia-table avia-data-table avia-table-1  avia_pricing_default '  itemscope=\"itemscope\" itemtype=\"https:\/\/schema.org\/Table\" ><tbody><tr class=''><td class=''><strong>DETALLES TECNICOS<\/strong><\/td><td class=''><\/td><\/tr><tr class=''><td class=''>POTENCIA NECESARIA (hp)<\/td><td class=''>60<\/td><\/tr><tr class=''><td class=''><strong>PERFORMANCE (BAJO CONDIECIONES IDEALES)<\/strong><\/td><td class=''><\/td><\/tr><tr class=''><td class=''>PESO FARDO \u2013 PAJA\u00a0(kg)<\/td><td class=''>20-25<\/td><\/tr><tr class=''><td class=''>PESO FARDO \u2013 HENO (kg)<\/td><td class=''>25-35<\/td><\/tr><tr class=''><td class=''>FARDOS POR HORA<\/td><td class=''>250 fardos\/hora<\/td><\/tr><tr class=''><td class=''><strong>SISTEMA PICK-UP\u00a0<\/strong><\/td><td class=''><\/td><\/tr><tr class=''><td class=''>ANCHO DE PICK UP (cm)<\/td><td class=''>156<\/td><\/tr><tr class=''><td class=''>ANCHO DE PICK-UP\u00a0 NETO &#8211; PARED A PARED\u00a0(cm)<\/td><td class=''>142<\/td><\/tr><tr class=''><td class=''><strong>SISTEMA DE PICK-UP\u00a0\u00a0<\/strong><\/td><td class=''>17 DEDOS \/ 4 BARRAS<\/td><\/tr><tr class=''><td class=''>LEVANTE DE PICK-UP HIDRAULICO<\/td><td class=''>INCLUIDO<\/td><\/tr><tr class=''><td class=''>LLANTA DE SOPORTE DE PICK-UP<\/td><td class=''>NO INCLUIDO<\/td><\/tr><tr class=''><td class=''>REPICADOR<\/td><td class=''>INCLUIDO<\/td><\/tr><tr class=''><td class=''><strong>CAMARA DE COMPRESION Y COLA<\/strong><\/td><td class=''><\/td><\/tr><tr class=''><td class=''>DIMENSION DE FARDO (cm)<\/td><td class=''>36&#215;46<\/td><\/tr><tr class=''><td class=''>GUIAS DE COMPRESION Y COMPRESIONES \/ MIN @ 610 RPM DE LA TDF<\/td><td class=''>66 cm \/ 90 rpm<\/td><\/tr><tr class=''><td class=''><strong>DETALLES DEL AMARRADOR<\/strong><\/td><td class=''><\/td><\/tr><tr class=''><td class=''>NUMERO DE AGUJAS<\/td><td class=''>3 AMARRADORES<\/td><\/tr><tr class=''><td class=''>LUCES DE AMARRADORES<\/td><td class=''>OPCIONAL<\/td><\/tr><tr class=''><td class=''>VENTILADORES DOBLES DE AMARRADORES<\/td><td class=''>STANDARD<\/td><\/tr><tr class=''><td class=''>CAMBIO DE CARRETERA A POSICI\u00d3N DE TRABAJO<\/td><td class=''><\/td><\/tr><tr class=''><td class=''>HIDRAULICO<\/td><td class=''>STANDARD<\/td><\/tr><tr class=''><td class=''>TRANSMISION<\/td><td class=''><\/td><\/tr><tr class=''><td class=''>TRANSMISION AL AMARRADOR<\/td><td class=''>ENGRANE<\/td><\/tr><tr class=''><td class=''>TRANSMISION DE PICK-UP<\/td><td class=''>CADENA<\/td><\/tr><tr class=''><td class=''>CARDANES DUALES<\/td><td class=''>STANDARD<\/td><\/tr><tr class=''><td class=''>Capacidad de la caja de hilo<\/td><td class=''>8<\/td><\/tr><tr class=''><td class=''><strong>ACCESORIOS<\/strong><\/td><td class=''><\/td><\/tr><tr class=''><td class=''>LUCES DE TRAFICO<\/td><td class=''>STANDARD<\/td><\/tr><tr class=''><td class=''>CONTADOR MECANICO DE FARDOS<\/td><td class=''>STANDARD<\/td><\/tr><tr class=''><td class=''>CONTADOR ELECTRONICO DE FARDOS<\/td><td class=''>OPCIONAL<\/td><\/tr><tr class=''><td class=''>RODILLO ACERO AUXILIAR EJE TRASERO<\/td><td class=''>OPCIONAL<\/td><\/tr><tr class=''><td class=''><strong>DIMENSIONES DE LA MAQUINA<\/strong><\/td><td class=''><\/td><\/tr><tr class=''><td class=''>ANCHO<\/td><td class=''>250<\/td><\/tr><tr class=''><td class=''>LONGITUD<\/td><td class=''>497<\/td><\/tr><tr class=''><td class=''>ALTURA<\/td><td class=''>176<\/td><\/tr><tr class=''><td class=''>DIMENSIONES LLANTA IZQUIERDA<\/td><td class=''>10.0\/75-15<\/td><\/tr><tr class=''><td class=''>DIMENSIONES LLANTA DERECHA<\/td><td class=''>6.00-16<\/td><\/tr><tr class=''><td class=''>PESO<\/td><td class=''>2180<\/td><\/tr><\/tbody><\/table><\/div><style type='text\/css'><\/style>\n<div  class='hr hr-default  '><span class='hr-inner ' ><span class='hr-inner-style'><\/span><\/span><\/div>\n\t<div  class='av_promobox  avia-button-yes '>\t\t<div class='avia-promocontent'><p>\nHaga click ac\u00e1 para informaci\u00f3n m\u00e1s detallada.<\/p>\n<\/div><div class='avia-button-wrap avia-button-right '><a href='' class='avia-button   avia-icon_select-no avia-color-theme-color avia-size-large avia-position-right '   ><span class='avia_iconbox_title' >CONTACTO<\/span><\/a><\/div>\t<\/div>\n<div class='avia-image-container  av-styling-no-styling    avia-align-center '  itemprop=\"ImageObject\" itemscope=\"itemscope\" itemtype=\"https:\/\/schema.org\/ImageObject\"  ><div class='avia-image-container-inner'><a href='http:\/\/fimaks.com\/es\/catalogos\/' class='avia_image'   target=\"_blank\" ><img class='avia_image ' src='http:\/\/fimaks.com\/wp-content\/uploads\/2018\/02\/YEM-KARMA-MAK\u0130NELER\u0130-KATALOG2.jpg' alt='YEM-KARMA-MAK\u0130NELER\u0130-KATALOG2' title='YEM-KARMA-MAK\u0130NELER\u0130-KATALOG2'  itemprop=\"thumbnailUrl\"  \/><\/a><\/div><\/div>\n","protected":false},"excerpt":{"rendered":"","protected":false},"author":1,"featured_media":0,"parent":20041,"menu_order":0,"comment_status":"closed","ping_status":"closed","template":"","meta":{"_exactmetrics_skip_tracking":false,"_exactmetrics_sitenote_active":false,"_exactmetrics_sitenote_note":"","_exactmetrics_sitenote_category":0,"footnotes":""},"yst_prominent_words":[],"class_list":["post-20855","page","type-page","status-publish","hentry"],"_links":{"self":[{"href":"http:\/\/fimaks.com\/es\/wp-json\/wp\/v2\/pages\/20855","targetHints":{"allow":["GET"]}}],"collection":[{"href":"http:\/\/fimaks.com\/es\/wp-json\/wp\/v2\/pages"}],"about":[{"href":"http:\/\/fimaks.com\/es\/wp-json\/wp\/v2\/types\/page"}],"author":[{"embeddable":true,"href":"http:\/\/fimaks.com\/es\/wp-json\/wp\/v2\/users\/1"}],"replies":[{"embeddable":true,"href":"http:\/\/fimaks.com\/es\/wp-json\/wp\/v2\/comments?post=20855"}],"version-history":[{"count":52,"href":"http:\/\/fimaks.com\/es\/wp-json\/wp\/v2\/pages\/20855\/revisions"}],"predecessor-version":[{"id":20907,"href":"http:\/\/fimaks.com\/es\/wp-json\/wp\/v2\/pages\/20855\/revisions\/20907"}],"up":[{"embeddable":true,"href":"http:\/\/fimaks.com\/es\/wp-json\/wp\/v2\/pages\/20041"}],"wp:attachment":[{"href":"http:\/\/fimaks.com\/es\/wp-json\/wp\/v2\/media?parent=20855"}],"wp:term":[{"taxonomy":"yst_prominent_words","embeddable":true,"href":"http:\/\/fimaks.com\/es\/wp-json\/wp\/v2\/yst_prominent_words?post=20855"}],"curies":[{"name":"wp","href":"https:\/\/api.w.org\/{rel}","templated":true}]}}