{"id":10459,"date":"2018-03-29T10:27:52","date_gmt":"2018-03-29T07:27:52","guid":{"rendered":"http:\/\/fimaks.com\/melangeuses\/melangeuses-series-eco\/2-5-metre-cube-eco-melangeuses-fmv-2-5s\/"},"modified":"2021-07-08T12:26:51","modified_gmt":"2021-07-08T09:26:51","slug":"2-5-metre-cube-eco-melangeuses-fmv-2-5s","status":"publish","type":"page","link":"http:\/\/fimaks.com\/fr\/melangeuses\/melangeuses-series-eco\/2-5-metre-cube-eco-melangeuses-fmv-2-5s\/","title":{"rendered":"2.5 M\u00c8TRE CUBE | ECO M\u00c9LANGEUSES | FMV 2.5S"},"content":{"rendered":"<div class='av-hotspot-image-container avia_animate_when_almost_visible   avia_animated_image avia_animate_when_almost_visible fade-in av-hotspot-numbered av-mobile-fallback-active    av-non-fullwidth-hotspot-image '  itemprop=\"ImageObject\" itemscope=\"itemscope\" itemtype=\"https:\/\/schema.org\/ImageObject\"  ><div class='av-hotspot-container'><div class='av-hotspot-container-inner-cell'><div class='av-hotspot-container-inner-wrap'><div class='av-image-hotspot' data-avia-tooltip-position='right' data-avia-tooltip-alignment='centered' data-avia-tooltip-class='av-tt-default-width av-tt-pos-right av-tt-align-centered  av-mobile-fallback-active  transparent_dark av-tt-hotspot' data-avia-tooltip='&lt;p&gt;&lt;span id=&quot;result_box&quot; class=&quot;short_text&quot; lang=&quot;fr&quot;&gt;&lt;span class=&quot;&quot;&gt;CORPS&lt;\/span&gt;&lt;\/span&gt; ST52&lt;\/p&gt;\n' style='top: 62.3%; left: 50.4%; '><div class='av-image-hotspot_inner' style='background-color: #c2c9ce; color: #000000;'>1<\/div><div class='av-image-hotspot-pulse' style='background-color:#e8e8e8;'><\/div><\/div><div class='av-image-hotspot' data-avia-tooltip-position='bottom' data-avia-tooltip-alignment='centered' data-avia-tooltip-class='av-tt-default-width av-tt-pos-below av-tt-align-centered  av-mobile-fallback-active  transparent_dark av-tt-hotspot' data-avia-tooltip='&lt;p&gt;&lt;span id=&quot;result_box&quot; class=&quot;short_text&quot; lang=&quot;fr&quot;&gt;&lt;span class=&quot;&quot;&gt;BO\u00ceTE DURABLE&lt;\/span&gt;&lt;\/span&gt;&lt;\/p&gt;\n' style='top: 86.4%; left: 53.4%; '><div class='av-image-hotspot_inner' style='background-color: #c2c9ce; color: #000000;'>2<\/div><div class='av-image-hotspot-pulse' style='background-color:#ffffff;'><\/div><\/div><div class='av-image-hotspot' data-avia-tooltip-position='top' data-avia-tooltip-alignment='left' data-avia-tooltip-class='av-tt-default-width av-tt-pos-above av-tt-align-left  av-mobile-fallback-active  transparent_dark av-tt-hotspot' data-avia-tooltip='&lt;p&gt;&lt;span id=&quot;result_box&quot; class=&quot;short_text&quot; lang=&quot;fr&quot;&gt;&lt;span class=&quot;&quot;&gt;COUTEAUX FIXES AJUSTABLES&lt;\/span&gt;&lt;\/span&gt;&lt;\/p&gt;\n' style='top: 73%; left: 48.1%; '><div class='av-image-hotspot_inner' style='background-color: #c2c9ce; color: #000000;'>3<\/div><div class='av-image-hotspot-pulse' style='background-color:#ffffff;'><\/div><\/div><div class='av-image-hotspot' data-avia-tooltip-position='top' data-avia-tooltip-alignment='left' data-avia-tooltip-class='av-tt-default-width av-tt-pos-above av-tt-align-left  av-mobile-fallback-active  transparent_dark av-tt-hotspot' data-avia-tooltip='&lt;p&gt;&lt;span id=&quot;result_box&quot; class=&quot;short_text&quot; lang=&quot;fr&quot;&gt;&lt;span class=&quot;&quot;&gt;FORTS ESSIEUX &lt;\/span&gt;&lt;\/span&gt;&lt;\/p&gt;\n' style='top: 84.6%; left: 56.8%; '><div class='av-image-hotspot_inner' style='background-color: #c2c9ce; color: #000000;'>4<\/div><div class='av-image-hotspot-pulse' style='background-color:#ffffff;'><\/div><\/div><div class='av-image-hotspot' data-avia-tooltip-position='top' data-avia-tooltip-alignment='left' data-avia-tooltip-class='av-tt-default-width av-tt-pos-above av-tt-align-left  av-mobile-fallback-active  transparent_dark av-tt-hotspot' data-avia-tooltip='&lt;p&gt;&lt;span id=&quot;result_box&quot; class=&quot;short_text&quot; lang=&quot;fr&quot;&gt;&lt;span class=&quot;&quot;&gt;PROTECTION CONTRE LE D\u00c9BORDEMENT&lt;\/span&gt;&lt;\/span&gt;&lt;\/p&gt;\n' style='top: 43%; left: 43.6%; '><div class='av-image-hotspot_inner' style='background-color: #c2c9ce; color: #000000;'>5<\/div><div class='av-image-hotspot-pulse' style='background-color:#ffffff;'><\/div><\/div><div class='av-image-hotspot' data-avia-tooltip-position='top' data-avia-tooltip-alignment='left' data-avia-tooltip-class='av-tt-default-width av-tt-pos-above av-tt-align-left  av-mobile-fallback-active  transparent_dark av-tt-hotspot' data-avia-tooltip='&lt;p&gt;&lt;span id=&quot;result_box&quot; class=&quot;short_text&quot; lang=&quot;fr&quot;&gt;&lt;span class=&quot;&quot;&gt;PI\u00c8CES HYDRAULIQUES A HAUTE PERFORMANCE&lt;\/span&gt;&lt;\/span&gt;&lt;\/p&gt;\n' style='top: 52.7%; left: 58.6%; '><div class='av-image-hotspot_inner' style='background-color: #c2c9ce; color: #000000;'>6<\/div><div class='av-image-hotspot-pulse' style='background-color:#ffffff;'><\/div><\/div><img class='avia_image ' src='http:\/\/fimaks.com\/wp-content\/uploads\/2018\/02\/FIMAKS-YEM-KARMA-MAKINESI-1.5-METREKUP-1.png' alt='FIMAKS-YEM-KARMA-MAKINESI-1.5-METREKUP' title='FIMAKS-YEM-KARMA-MAKINESI-1.5-METREKUP'   itemprop=\"thumbnailUrl\"  \/><\/div><\/div><\/div><div class='av-hotspot-fallback-tooltip'><div class='av-hotspot-fallback-tooltip-count'>1<div class='avia-arrow'><\/div><\/div><div class='av-hotspot-fallback-tooltip-inner clearfix'><p>\n<span id=\"result_box\" class=\"short_text\" lang=\"fr\"><span class=\"\">CORPS<\/span><\/span> ST52<\/p>\n<\/div><\/div><div class='av-hotspot-fallback-tooltip'><div class='av-hotspot-fallback-tooltip-count'>2<div class='avia-arrow'><\/div><\/div><div class='av-hotspot-fallback-tooltip-inner clearfix'><p>\n<span id=\"result_box\" class=\"short_text\" lang=\"fr\"><span class=\"\">BO\u00ceTE DURABLE<\/span><\/span><\/p>\n<\/div><\/div><div class='av-hotspot-fallback-tooltip'><div class='av-hotspot-fallback-tooltip-count'>3<div class='avia-arrow'><\/div><\/div><div class='av-hotspot-fallback-tooltip-inner clearfix'><p>\n<span id=\"result_box\" class=\"short_text\" lang=\"fr\"><span class=\"\">COUTEAUX FIXES AJUSTABLES<\/span><\/span><\/p>\n<\/div><\/div><div class='av-hotspot-fallback-tooltip'><div class='av-hotspot-fallback-tooltip-count'>4<div class='avia-arrow'><\/div><\/div><div class='av-hotspot-fallback-tooltip-inner clearfix'><p>\n<span id=\"result_box\" class=\"short_text\" lang=\"fr\"><span class=\"\">FORTS ESSIEUX <\/span><\/span><\/p>\n<\/div><\/div><div class='av-hotspot-fallback-tooltip'><div class='av-hotspot-fallback-tooltip-count'>5<div class='avia-arrow'><\/div><\/div><div class='av-hotspot-fallback-tooltip-inner clearfix'><p>\n<span id=\"result_box\" class=\"short_text\" lang=\"fr\"><span class=\"\">PROTECTION CONTRE LE D\u00c9BORDEMENT<\/span><\/span><\/p>\n<\/div><\/div><div class='av-hotspot-fallback-tooltip'><div class='av-hotspot-fallback-tooltip-count'>6<div class='avia-arrow'><\/div><\/div><div class='av-hotspot-fallback-tooltip-inner clearfix'><p>\n<span id=\"result_box\" class=\"short_text\" lang=\"fr\"><span class=\"\">PI\u00c8CES HYDRAULIQUES A HAUTE PERFORMANCE<\/span><\/span><\/p>\n<\/div><\/div><\/div>\n<div style='padding-bottom:10px;' class='av-special-heading av-special-heading-h1  blockquote modern-quote modern-centered   av-thin-font '><h1 class='av-special-heading-tag '  itemprop=\"headline\"  > 2.5 M\u00c8TRE CUBE | ECO M\u00c9LANGEUSES<br \/>|<strong> FMV 2.5S<\/strong> |<\/h1><div class='special-heading-border'><div class='special-heading-inner-border' ><\/div><\/div><\/div>\n<div  class='hr hr-default  '><span class='hr-inner ' ><span class='hr-inner-style'><\/span><\/span><\/div>\n<section class=\"av_textblock_section \"  itemscope=\"itemscope\" itemtype=\"https:\/\/schema.org\/CreativeWork\" ><div class='avia_textblock  '   itemprop=\"text\" ><p>La m\u00e9langeuses de Fimaks FMV 2.5S Eco est l&rsquo;une des solutions id\u00e9ales pour les exploitations de 20 \u00e0 40 animaux.FMV 2.5S eco est con\u00e7us par le d\u00e9partement de recherche de Fimaks pour r\u00e9pondre aux besoins des petites exploitations. La vis est sp\u00e9ciale,plac\u00e9e verticalement n\u00e9cessite une faible puissance pour m\u00e9langer l&rsquo;aliment avec une performance optimale.<\/p>\n<p>La conception de la tari\u00e8re verticale \u00e9quip\u00e9e par des couteaux specialemet con\u00e7us et durables, coupe une balle \u00e0 court temps et cr\u00e9e un rapport homog\u00e8ne m\u00e9lang\u00e9 avec les autres aliments et additifs. l n&rsquo;y a pas des points morts \u00e0 cause de la conception de la vis et du seau,il est donc plus hygi\u00e9nique par rapport \u00e0 d&rsquo;autres m\u00e9langeurs sur le march\u00e9. De plus, il ne reste plus d&rsquo;aliments dans le seau apr\u00e8s le d\u00e9chargement. Facile \u00e0 utiliser Les m\u00e9langeurs Fimaks augmentent la rentabilit\u00e9 des exploitations en pr\u00e9parant des m\u00e9langes homog\u00e8nes en peu de temps.<\/p>\n<p>Avec un corps ST52, la conception \u00e0 faible hauteur et d&rsquo;autres caract\u00e9ristiques rendent les m\u00e9langeuses de Fimaks faciles \u00e0 utiliser, \u00e0 ranger et \u00e0 entretenir.<\/p>\n<p><span id=\"result_box\" class=\"\" lang=\"fr\"><span title=\"There are also optional features Fimaks provides for FMV 5.5 eco series vertical mixer feeders. \">Fimaks propose \u00e9galement des dispositifs optionnels pour les margeuses de la s\u00e9rie FMV 2.5 eco.<br \/>\n<\/span><span title=\"- Loading bucket\">&#8211; Syst\u00e8me de pesage<br \/>\n&#8211; Moteur \u00e9lectrique<br \/>\n&#8211; Des pneus plus gros<\/span><\/span><\/p>\n<\/div><\/section>\n<div  class='hr hr-default  '><span class='hr-inner ' ><span class='hr-inner-style'><\/span><\/span><\/div>\n<div  class='avia-video avia-video-16-9   '  itemprop=\"video\" itemtype=\"https:\/\/schema.org\/VideoObject\" ><div class='avia-iframe-wrap'><iframe loading=\"lazy\" width=\"1500\" height=\"844\" src=\"https:\/\/www.youtube.com\/embed\/cuI1jKD4_jQ?feature=oembed\" frameborder=\"0\" allow=\"autoplay; encrypted-media\" allowfullscreen><\/iframe><\/div><\/div>\n<div  class='hr hr-default  '><span class='hr-inner ' ><span class='hr-inner-style'><\/span><\/span><\/div>\n<div class='avia-data-table-wrap avia_responsive_table'><table class='avia-table avia-data-table avia-table-1  avia_pricing_default '  itemscope=\"itemscope\" itemtype=\"https:\/\/schema.org\/Table\" ><tbody><tr class=''><td class=''>VOLUME (m3)<\/td><td class=''>2.5<\/td><\/tr><tr class=''><td class=''><span id=\"result_box\" class=\"short_text\" lang=\"fr\"><span class=\"\">SYST\u00c8ME DE D\u00c9CHARGE<\/span><\/span><\/td><td class=''>D\u00c9CHARGE LAT\u00c9RALE<\/td><\/tr><tr class=''><td class=''><span id=\"result_box\" class=\"short_text\" lang=\"fr\"><span class=\"\">NOMBRE D<\/span><\/span>E VIS<\/td><td class=''>1<\/td><\/tr><tr class=''><td class=''><span id=\"result_box\" class=\"short_text\" lang=\"fr\"><span class=\"\">TYPE DE<\/span><\/span> LA VIS<\/td><td class=''><span id=\"result_box\" class=\"short_text\" lang=\"fr\"><span class=\"\">VERTICALE<\/span><\/span><\/td><\/tr><tr class=''><td class=''><span id=\"result_box\" class=\"short_text\" lang=\"fr\"><span class=\"\">HAUTEUR (mm)<\/span><\/span><\/td><td class=''>2130<\/td><\/tr><tr class=''><td class=''><span id=\"result_box\" class=\"short_text\" lang=\"fr\">LONGUEUR (mm)<\/span><\/td><td class=''>4050<\/td><\/tr><tr class=''><td class=''>LARGEUR (mm)<\/td><td class=''>1800<\/td><\/tr><tr class=''><td class=''><span id=\"result_box\" class=\"short_text\" lang=\"fr\"><span class=\"\">POIDS (kg)<\/span><\/span><\/td><td class=''>875<\/td><\/tr><tr class=''><td class=''><span id=\"result_box\" class=\"short_text\" lang=\"fr\"><span class=\"\">PUISSANCE REQUISE (kW \/ CH)<\/span><\/span><\/td><td class=''>18\/25<\/td><\/tr><tr class=''><td class=''><span id=\"result_box\" class=\"short_text\" lang=\"fr\"><span class=\"\">NOMBRE DE COUTEAUX (sur la vis \/ fixe)<\/span><\/span><\/td><td class=''>4\/2<\/td><\/tr><tr class=''><td class=''><span id=\"result_box\" class=\"short_text\" lang=\"fr\"><span class=\"alt-edited\">FOND<\/span><\/span>\/<span id=\"result_box\" class=\"short_text\" lang=\"fr\"><span class=\"\">CORPS<\/span><\/span>\/VIS <span id=\"result_box\" class=\"short_text\" lang=\"fr\"><span class=\"\">\u00c9PAISSEUR (mm)<\/span><\/span><\/td><td class=''>10\/5\/8<\/td><\/tr><tr class=''><td class=''><span id=\"result_box\" class=\"short_text\" lang=\"fr\"><span class=\"\">PNEUS<\/span><\/span><\/td><td class=''>2x(165\/80 R13)<\/td><\/tr><\/tbody><\/table><\/div><style type='text\/css'><\/style>\n<div  class='hr hr-default  '><span class='hr-inner ' ><span class='hr-inner-style'><\/span><\/span><\/div>\n<div class=\"flex_column av_one_third  flex_column_div av-zero-column-padding first  \" style='border-radius:0px; '><div class='avia-image-container  av-styling-  noHover  av-overlay-on-hover   avia-align-center '  itemprop=\"ImageObject\" itemscope=\"itemscope\" itemtype=\"https:\/\/schema.org\/ImageObject\"  ><div class='avia-image-container-inner'><div class='av-image-caption-overlay'><div class='av-caption-image-overlay-bg' style='opacity:0.4; background-color:#000000; '><\/div><div class='av-image-caption-overlay-position'><div class='av-image-caption-overlay-center' style='color:#ffffff; '><p><span id=\"result_box\" class=\"short_text\" lang=\"fr\">SEAU DE CHARGEMENT STANDARD<\/span><\/p>\n<\/div><\/div><\/div><img class='avia_image ' src='http:\/\/fimaks.com\/wp-content\/uploads\/2018\/02\/2.5-metrek\u00fcp-eco-yem-karma-makinesi-y\u00fckleme-kep\u00e7eli.jpg' alt='' title='2.5-metrek\u00fcp-eco-yem-karma-makinesi-y\u00fckleme-kep\u00e7eli'   itemprop=\"thumbnailUrl\"  \/><\/div><\/div><\/div>\n<div class=\"flex_column av_one_third  flex_column_div av-zero-column-padding   \" style='border-radius:0px; '><div class='avia-image-container  av-styling-  noHover  av-overlay-on-hover   avia-align-center '  itemprop=\"ImageObject\" itemscope=\"itemscope\" itemtype=\"https:\/\/schema.org\/ImageObject\"  ><div class='avia-image-container-inner'><div class='av-image-caption-overlay'><div class='av-caption-image-overlay-bg' style='opacity:0.4; background-color:#000000; '><\/div><div class='av-image-caption-overlay-position'><div class='av-image-caption-overlay-center' style='color:#ffffff; '><p><span id=\"result_box\" class=\"short_text\" lang=\"fr\"><span class=\"\">SYST\u00c8ME AUTO-HYDRAULIQUE STANDARD<\/span><\/span><\/p>\n<\/div><\/div><\/div><img class='avia_image ' src='http:\/\/fimaks.com\/wp-content\/uploads\/2018\/02\/2.5-metrek\u00fcp-eco-yem-karma-makinesi-kendinden-hidrolik-sistem.jpg' alt='' title='2.5-metrek\u00fcp-eco-yem-karma-makinesi-kendinden-hidrolik-sistem'   itemprop=\"thumbnailUrl\"  \/><\/div><\/div><\/div>\n<div class=\"flex_column av_one_third  flex_column_div av-zero-column-padding   \" style='border-radius:0px; '><div class='avia-image-container  av-styling-  noHover  av-overlay-on-hover   avia-align-center '  itemprop=\"ImageObject\" itemscope=\"itemscope\" itemtype=\"https:\/\/schema.org\/ImageObject\"  ><div class='avia-image-container-inner'><div class='av-image-caption-overlay'><div class='av-caption-image-overlay-bg' style='opacity:0.4; background-color:#000000; '><\/div><div class='av-image-caption-overlay-position'><div class='av-image-caption-overlay-center' style='color:#ffffff; '><p><span id=\"result_box\" class=\"short_text\" lang=\"fr\"><span class=\"\">PORTE HYDRAULIQUE STANDARD<\/span><\/span><\/p>\n<\/div><\/div><\/div><img class='avia_image ' src='http:\/\/fimaks.com\/wp-content\/uploads\/2018\/02\/2.5-metrek\u00fcp-eco-yem-karma-makinesi-pistonlu-kapak.jpg' alt='' title='2.5-metrek\u00fcp-eco-yem-karma-makinesi-pistonlu-kapak'   itemprop=\"thumbnailUrl\"  \/><\/div><\/div><\/div>\n<div class=\"flex_column av_one_third  flex_column_div av-zero-column-padding first  \" style='border-radius:0px; '><div class='avia-image-container  av-styling-  noHover  av-overlay-on-hover   avia-align-center '  itemprop=\"ImageObject\" itemscope=\"itemscope\" itemtype=\"https:\/\/schema.org\/ImageObject\"  ><div class='avia-image-container-inner'><div class='av-image-caption-overlay'><div class='av-caption-image-overlay-bg' style='opacity:0.4; background-color:#000000; '><\/div><div class='av-image-caption-overlay-position'><div class='av-image-caption-overlay-center' style='color:#ffffff; '><p><span id=\"result_box\" class=\"short_text\" lang=\"fr\"><span class=\"\">MOTEUR \u00c9LECTRIQUE OPTIONNEL<\/span><\/span><\/p>\n<\/div><\/div><\/div><img class='avia_image ' src='http:\/\/fimaks.com\/wp-content\/uploads\/2018\/02\/2.5-metrek\u00fcp-eco-elektrikli-yem-karma-makinesi.jpg' alt='' title='2.5-metrek\u00fcp-eco-elektrikli-yem-karma-makinesi'   itemprop=\"thumbnailUrl\"  \/><\/div><\/div><\/div>\n<div class=\"flex_column av_one_third  flex_column_div av-zero-column-padding   \" style='border-radius:0px; '><div class='avia-image-container  av-styling-  noHover  av-overlay-on-hover   avia-align-center '  itemprop=\"ImageObject\" itemscope=\"itemscope\" itemtype=\"https:\/\/schema.org\/ImageObject\"  ><div class='avia-image-container-inner'><div class='av-image-caption-overlay'><div class='av-caption-image-overlay-bg' style='opacity:0.4; background-color:#000000; '><\/div><div class='av-image-caption-overlay-position'><div class='av-image-caption-overlay-center' style='color:#ffffff; '><p><span id=\"result_box\" class=\"short_text\" lang=\"fr\">SYST\u00c8ME DE PESAGE <span class=\"\">OPTIONNEL<\/span><br \/>\n<\/span><\/p>\n<\/div><\/div><\/div><img class='avia_image ' src='http:\/\/fimaks.com\/wp-content\/uploads\/2018\/02\/2.5-metrek\u00fcp-eco-yem-karma-makinesi-tart\u0131l\u0131.jpg' alt='' title='2.5-metrek\u00fcp-eco-kantarl\u0131-yem-karma-makinesi-tart\u0131l\u0131'   itemprop=\"thumbnailUrl\"  \/><\/div><\/div><\/div>\n\t<div  class='av_promobox  avia-button-yes '>\t\t<div class='avia-promocontent'><p>\n<span id=\"result_box\" class=\"short_text\" lang=\"fr\">Nous produisons de la productivit\u00e9. <span class=\"\">Obtenez un devis.<\/span><\/span><\/p>\n<\/div><div class='avia-button-wrap avia-button-right '><a href='http:\/\/fimaks.com\/fr\/contact\/' class='avia-button   avia-icon_select-no avia-color-theme-color avia-size-large avia-position-right '   ><span class='avia_iconbox_title' >Contact<\/span><\/a><\/div>\t<\/div>\n<div class='avia-image-container  av-styling-no-styling    avia-align-center '  itemprop=\"ImageObject\" itemscope=\"itemscope\" itemtype=\"https:\/\/schema.org\/ImageObject\"  ><div class='avia-image-container-inner'><a href='http:\/\/fimaks.com\/fr\/catalogues-en-ligne\/' class='avia_image'   target=\"_blank\" ><img class='avia_image ' src='http:\/\/fimaks.com\/wp-content\/uploads\/2017\/11\/Yem-Karma-Makineleri-Katalog.jpg' alt='Yem-Karma-Makineleri-Katalog' title='Yem-Karma-Makineleri-Katalog'  itemprop=\"thumbnailUrl\"  \/><\/a><\/div><\/div>\n","protected":false},"excerpt":{"rendered":"","protected":false},"author":1,"featured_media":0,"parent":10245,"menu_order":0,"comment_status":"closed","ping_status":"closed","template":"","meta":{"_exactmetrics_skip_tracking":false,"_exactmetrics_sitenote_active":false,"_exactmetrics_sitenote_note":"","_exactmetrics_sitenote_category":0,"footnotes":""},"yst_prominent_words":[],"class_list":["post-10459","page","type-page","status-publish","hentry"],"_links":{"self":[{"href":"http:\/\/fimaks.com\/fr\/wp-json\/wp\/v2\/pages\/10459","targetHints":{"allow":["GET"]}}],"collection":[{"href":"http:\/\/fimaks.com\/fr\/wp-json\/wp\/v2\/pages"}],"about":[{"href":"http:\/\/fimaks.com\/fr\/wp-json\/wp\/v2\/types\/page"}],"author":[{"embeddable":true,"href":"http:\/\/fimaks.com\/fr\/wp-json\/wp\/v2\/users\/1"}],"replies":[{"embeddable":true,"href":"http:\/\/fimaks.com\/fr\/wp-json\/wp\/v2\/comments?post=10459"}],"version-history":[{"count":45,"href":"http:\/\/fimaks.com\/fr\/wp-json\/wp\/v2\/pages\/10459\/revisions"}],"predecessor-version":[{"id":20354,"href":"http:\/\/fimaks.com\/fr\/wp-json\/wp\/v2\/pages\/10459\/revisions\/20354"}],"up":[{"embeddable":true,"href":"http:\/\/fimaks.com\/fr\/wp-json\/wp\/v2\/pages\/10245"}],"wp:attachment":[{"href":"http:\/\/fimaks.com\/fr\/wp-json\/wp\/v2\/media?parent=10459"}],"wp:term":[{"taxonomy":"yst_prominent_words","embeddable":true,"href":"http:\/\/fimaks.com\/fr\/wp-json\/wp\/v2\/yst_prominent_words?post=10459"}],"curies":[{"name":"wp","href":"https:\/\/api.w.org\/{rel}","templated":true}]}}