{"id":12522,"date":"2018-05-15T10:45:03","date_gmt":"2018-05-15T07:45:03","guid":{"rendered":"http:\/\/fimaks.com\/a-propos-de-nous\/"},"modified":"2021-07-09T14:11:01","modified_gmt":"2021-07-09T11:11:01","slug":"a-propos-de-nous","status":"publish","type":"page","link":"http:\/\/fimaks.com\/fr\/a-propos-de-nous\/","title":{"rendered":"\u00c0 PROPOS DE NOUS"},"content":{"rendered":"<div class='av-hotspot-image-container avia_animate_when_almost_visible   av-hotspot-numbered av-mobile-fallback-active    av-non-fullwidth-hotspot-image '  itemprop=\"ImageObject\" itemscope=\"itemscope\" itemtype=\"https:\/\/schema.org\/ImageObject\"  ><div class='av-hotspot-container'><div class='av-hotspot-container-inner-cell'><div class='av-hotspot-container-inner-wrap'><img class='avia_image ' src='http:\/\/fimaks.com\/wp-content\/uploads\/2013\/04\/Fimaks-T\u00fcrkiyeden-100-\u00dclkeye-2.jpg' alt='Fimaks-T\u00fcrkiye&#039;den-100-\u00dclkeye' title='Fimaks-T\u00fcrkiye&#039;den-100-\u00dclkeye'   itemprop=\"thumbnailUrl\"  \/><\/div><\/div><\/div><\/div>\n<\/div><\/div><\/div><!-- close content main div --><\/div><\/div><div id='av_section_1' class='avia-section main_color avia-section-default avia-no-shadow avia-bg-style-scroll   container_wrap sidebar_right'   ><div class='container' ><div class='template-page content  av-content-small alpha units'><div class='post-entry post-entry-type-page post-entry-12522'><div class='entry-content-wrapper clearfix'>\n<div class=\"flex_column av_one_half  flex_column_div av-zero-column-padding first  \" style='border-radius:0px; '><section class=\"av_textblock_section \"  itemscope=\"itemscope\" itemtype=\"https:\/\/schema.org\/CreativeWork\" ><div class='avia_textblock  '   itemprop=\"text\" ><p><span id=\"result_box\" class=\"short_text\" lang=\"fr\"><span class=\"\">FIMAKS <strong>M.K.PASA<\/strong> FABRICATION<br \/>\n(<span class=\"alt-edited\">Zone ferm\u00e9e<\/span>: 22.000 m2 | Mustafakemalpasa \/ Bursa)<br \/>\nL &lsquo; usine de Fimaks Mustafakemalpa\u015fa est situ\u00e9e dans la zone industrielle de Mustafakemalpa\u015fa \u00e0 Bursa. il existe le d\u00e9partement R&amp;D, le service, les pi\u00e8ces de rechange et d&rsquo;autre d\u00e9partements sont \u00e9galement disponibles dans cette usine production. la fabrication de Fimaks Mustafakemalpa\u015fa se compose des lignes d&rsquo;assemblage modernes, des bancs CNC de qualit\u00e9, des robots de soudage, d&rsquo;une installation de sablage avant peinture et de syst\u00e8mes de rev\u00eatement en poudre \u00e0 la pointe de la technologie. Avec son syst\u00e8me qualit\u00e9 certifi\u00e9 ISO, elle peut proposer des machines durables \u00e0 ses clients dans toutes les conditions. De plus, \u00e9tant donn\u00e9 que chaque machine produite est con\u00e7ue avec un logiciel de conception assist\u00e9e par ordinateur (CAO) dans le d\u00e9partement R&amp;D, les probl\u00e8mes sur la machine peuvent \u00eatre d\u00e9tect\u00e9s et r\u00e9solus en peu de temps avant de d\u00e9marrer la production. De cette fa\u00e7on, des machines de meilleure qualit\u00e9 et robuste peuvent \u00eatre produites.<br \/>\n<\/span><\/span><\/p>\n<\/div><\/section><\/div><div class=\"flex_column av_one_half  flex_column_div av-zero-column-padding   \" style='border-radius:0px; '><div  data-size='no scaling'  data-lightbox_size='large'  data-animation='slide'  data-ids='18287'  data-video_counter='0'  data-autoplay='false'  data-bg_slider='false'  data-slide_height=''  data-handle='av_slideshow'  data-interval='5'  data-class=' '  data-css_id=''  data-scroll_down=''  data-control_layout='av-control-default'  data-custom_markup=''  data-perma_caption=''  data-autoplay_stopper=''  data-image_attachment=''  data-min_height='0px'  class='avia-slideshow avia-slideshow-1  av-control-default av-default-height-applied avia-slideshow-no scaling av_slideshow   avia-slide-slider '  itemprop=\"ImageObject\" itemscope=\"itemscope\" itemtype=\"https:\/\/schema.org\/ImageObject\" ><ul class='avia-slideshow-inner' style='padding-bottom: 55.916666666667%;'><li  class=' av-single-slide slide-1 ' ><div data-rel='slideshow-1' class='avia-slide-wrap'  ><img src='http:\/\/fimaks.com\/wp-content\/uploads\/2020\/03\/DJI_0040.jpg' width='1200' height='671' title='DJI_0040' alt=''  itemprop=\"thumbnailUrl\"   \/><\/div><\/li><\/ul><\/div><\/div><\/div><\/div><\/div><!-- close content main div --><\/div><\/div><div id='after_section_1' class='main_color av_default_container_wrap container_wrap sidebar_right'   ><div class='container' ><div class='template-page content  av-content-small alpha units'><div class='post-entry post-entry-type-page post-entry-12522'><div class='entry-content-wrapper clearfix'><\/div><\/div><\/div><!-- close content main div --><\/div><\/div><div id='av_section_2' class='avia-section main_color avia-section-default avia-no-shadow avia-bg-style-scroll   container_wrap sidebar_right'   ><div class='container' ><div class='template-page content  av-content-small alpha units'><div class='post-entry post-entry-type-page post-entry-12522'><div class='entry-content-wrapper clearfix'>\n<div class=\"flex_column av_one_half  flex_column_div first  \" ><p><div style='padding-bottom:10px;' class='av-special-heading av-special-heading-h3 meta-heading    '><h3 class='av-special-heading-tag '  itemprop=\"headline\"  >De la Turquie \u00e0 plus de 100 pays!<\/h3><div class='special-heading-border'><div class='special-heading-inner-border' ><\/div><\/div><\/div><br \/>\n<section class=\"av_textblock_section \"  itemscope=\"itemscope\" itemtype=\"https:\/\/schema.org\/CreativeWork\" ><div class='avia_textblock  '   itemprop=\"text\" ><p>Les machines Fimaks sont utilis\u00e9es dans le monde entier, Fimaks, qui est le leader du secteur dans de nombreux pays, repr\u00e9sente fi\u00e8rement l&rsquo;industrie des machines turques dans le monde entier.<\/p>\n<\/div><\/section><br \/>\n<div  class='avia-video avia-video-16-9   '  itemprop=\"video\" itemtype=\"https:\/\/schema.org\/VideoObject\" ><div class='avia-iframe-wrap'><iframe loading=\"lazy\" width=\"1500\" height=\"844\" src=\"https:\/\/www.youtube.com\/embed\/mjyqrWNxbaU?feature=oembed\" frameborder=\"0\" allow=\"autoplay; encrypted-media\" allowfullscreen><\/iframe><\/div><\/div><br \/>\n<div style='padding-bottom:10px;' class='av-special-heading av-special-heading-h3 meta-heading    '><h3 class='av-special-heading-tag '  itemprop=\"headline\"  >Responsabilit\u00e9s sociales<\/h3><div class='special-heading-border'><div class='special-heading-inner-border' ><\/div><\/div><\/div><br \/>\n<section class=\"av_textblock_section \"  itemscope=\"itemscope\" itemtype=\"https:\/\/schema.org\/CreativeWork\" ><div class='avia_textblock  '   itemprop=\"text\" ><div class=\"FFpbKc\">\n<div class=\"ZTPlmc\">395 \/ 5000<\/div>\n<div class=\"nidPne\">\n<div id=\"ow61\" data-show-delay-ms=\"250\" data-append-to-body=\"true\" data-propagate-tooltip-mouseover-events=\"true\" data-anchor-corner=\"bottom-left\" data-popup-corner=\"top-left\">\n<div>\n<div class=\"scLCMd\">\n<div id=\"itamenu\">\n<div class=\"goog-container goog-container-vertical\" tabindex=\"-1\"><\/div>\n<\/div>\n<\/div>\n<\/div>\n<\/div>\n<\/div>\n<\/div>\n<h2 id=\"c1047\" class=\"oBOnKe\">R\u00e9sultats de traduction<\/h2>\n<div class=\"dePhmb\">\n<div class=\"eyKpYb\" data-language=\"fr\" data-original-language=\"tr\" data-result-index=\"0\">\n<div class=\"J0lOec\"><span class=\"VIiyi\" lang=\"fr\"><span class=\"JLqJ4b ChMk0b\" data-language-for-alternatives=\"fr\" data-language-to-translate-into=\"tr\" data-phrase-index=\"0\">&#8211; En sensibilisant nos clients \u00e0 l&rsquo;agriculture et \u00e0 l&rsquo;\u00e9levage,<span class=\"JLqJ4b\" data-language-for-alternatives=\"fr\" data-language-to-translate-into=\"tr\" data-phrase-index=\"1\"> &#8211; En fournissant des produits de la plus haute qualit\u00e9 \u00e0 nos clients au niveau le plus \u00e9conomique, &#8211; \u00catre sensible \u00e0 l&rsquo;environnement et \u00e0 la nature, &#8211; Travailler pour offrir un avenir meilleur aux g\u00e9n\u00e9rations futures, &#8211; Donner de l&rsquo;importance au d\u00e9veloppement et \u00e0 la sant\u00e9 de nos employ\u00e9s, Nous utilisons toutes nos ressources pour maintenir la satisfaction des clients et des employ\u00e9s \u00e0 un niveau optimal. <\/span><\/span><\/span><\/div>\n<\/div>\n<\/div>\n<\/div><\/section><br \/>\n<div class='avia-image-container  av-styling-    avia-align-center '  itemprop=\"ImageObject\" itemscope=\"itemscope\" itemtype=\"https:\/\/schema.org\/ImageObject\"  ><div class='avia-image-container-inner'><img class='avia_image ' src='http:\/\/fimaks.com\/wp-content\/uploads\/2013\/04\/TAYLAND-FIMAKS.jpg' alt='' title='TAYLAND FIMAKS'   itemprop=\"thumbnailUrl\"  \/><\/div><\/div><br \/>\n<div class='avia-image-container  av-styling-    avia-align-center '  itemprop=\"ImageObject\" itemscope=\"itemscope\" itemtype=\"https:\/\/schema.org\/ImageObject\"  ><div class='avia-image-container-inner'><img class='avia_image ' src='http:\/\/fimaks.com\/wp-content\/uploads\/2013\/04\/KENYA-FIMAKS.jpg' alt='' title='KENYA-FIMAKS'   itemprop=\"thumbnailUrl\"  \/><\/div><\/div><br \/>\n<div class='avia-image-container  av-styling-    avia-align-center '  itemprop=\"ImageObject\" itemscope=\"itemscope\" itemtype=\"https:\/\/schema.org\/ImageObject\"  ><div class='avia-image-container-inner'><img class='avia_image ' src='http:\/\/fimaks.com\/wp-content\/uploads\/2018\/08\/KOLOMBIYA-FIMAKS.jpg' alt='' title='KOLOMBIYA-FIMAKS'   itemprop=\"thumbnailUrl\"  \/><\/div><\/div><br \/>\n<div class='avia-image-container  av-styling-    avia-align-center '  itemprop=\"ImageObject\" itemscope=\"itemscope\" itemtype=\"https:\/\/schema.org\/ImageObject\"  ><div class='avia-image-container-inner'><img class='avia_image ' src='http:\/\/fimaks.com\/wp-content\/uploads\/2018\/08\/H\u0130ND\u0130STAN-F\u0130MAKS.jpg' alt='' title='H\u0130ND\u0130STAN-F\u0130MAKS'   itemprop=\"thumbnailUrl\"  \/><\/div><\/div><br \/>\n<div class='avia-image-container  av-styling-    avia-align-center '  itemprop=\"ImageObject\" itemscope=\"itemscope\" itemtype=\"https:\/\/schema.org\/ImageObject\"  ><div class='avia-image-container-inner'><img class='avia_image ' src='http:\/\/fimaks.com\/wp-content\/uploads\/2018\/08\/PERU-FIMAKS.jpg' alt='' title='PERU-FIMAKS'   itemprop=\"thumbnailUrl\"  \/><\/div><\/div><br \/>\n<div class='avia-image-container  av-styling-    avia-align-center '  itemprop=\"ImageObject\" itemscope=\"itemscope\" itemtype=\"https:\/\/schema.org\/ImageObject\"  ><div class='avia-image-container-inner'><img class='avia_image ' src='http:\/\/fimaks.com\/wp-content\/uploads\/2018\/08\/KOSTA-RIKA-FIMAKS.jpg' alt='' title='KOSTA-RIKA-FIMAKS'   itemprop=\"thumbnailUrl\"  \/><\/div><\/div><\/p><\/div><div class=\"flex_column av_one_half  flex_column_div av-zero-column-padding   \" style='border-radius:0px; '><p><div style='padding-bottom:10px;' class='av-special-heading av-special-heading-h3 meta-heading    '><h3 class='av-special-heading-tag '  itemprop=\"headline\"  >Politique Fimaks<\/h3><div class='special-heading-border'><div class='special-heading-inner-border' ><\/div><\/div><\/div><br \/>\n<div class='avia-icon-list-container  '><ul class='avia-icon-list avia-icon-list-left av-iconlist-big avia_animate_when_almost_visible'>\n<li><div  class='iconlist_icon  avia-font-entypo-fontello'><span class='iconlist-char ' aria-hidden='true' data-av_icon='\ue81f' data-av_iconfont='entypo-fontello'><\/span><\/div><article class=\"article-icon-entry \"  itemscope=\"itemscope\" itemtype=\"https:\/\/schema.org\/CreativeWork\" ><div class='iconlist_content_wrap'><header class=\"entry-content-header\"><h4 class='av_iconlist_title iconlist_title  '  itemprop=\"headline\"  >UTILISATION DE LA TECHNOLOGIE<\/h4><\/header><div class='iconlist_content  '  itemprop=\"text\"  ><p><span id=\"result_box\" class=\"\" lang=\"fr\">Fimaks dispose des derniers \u00e9quipements technologiques pour produire des machines de derni\u00e8re technologie. Les d\u00e9partements de recherche et d\u00e9veloppement de Fimaks am\u00e9liorent les machines agricoles. <span class=\"\">Les machines CNC automatis\u00e9es, les bras de soudage robotis\u00e9s, la peinture automatis\u00e9e et bien d&rsquo;autres \u00e9quipements de pointe offrent une grande \u00e9chelle d&rsquo;am\u00e9lioration.<\/span> <span class=\"\">Fimaks exporte ces machines vers des pays avec une grande connaissance de la technologie comme le Japon, la Cor\u00e9e du Sud, l&rsquo;Allemagne, la Suisse etc.<\/span><\/span><\/p>\n<\/div><\/div><footer class=\"entry-footer\"><\/footer><\/article><div class='iconlist-timeline'><\/div><\/li>\n<li><div  class='iconlist_icon  avia-font-entypo-fontello'><span class='iconlist-char ' aria-hidden='true' data-av_icon='\ue864' data-av_iconfont='entypo-fontello'><\/span><\/div><article class=\"article-icon-entry \"  itemscope=\"itemscope\" itemtype=\"https:\/\/schema.org\/CreativeWork\" ><div class='iconlist_content_wrap'><header class=\"entry-content-header\"><h4 class='av_iconlist_title iconlist_title  '  itemprop=\"headline\"  >RECHERCHE ET D\u00c9VELOPPEMENT<\/h4><\/header><div class='iconlist_content  '  itemprop=\"text\"  ><p><span id=\"result_box\" class=\"\" lang=\"fr\"><span class=\"\">Fimaks suit une politique de d\u00e9veloppement active.<\/span> <span class=\"\">Cela signifie que les machines\u00a0 sont d\u00e9velopp\u00e9es tous les jours au lieu d&rsquo;une base annuelle.<br \/>\n<\/span><\/span><\/p>\n<\/div><\/div><footer class=\"entry-footer\"><\/footer><\/article><div class='iconlist-timeline'><\/div><\/li>\n<li><div  class='iconlist_icon  avia-font-entypo-fontello'><span class='iconlist-char ' aria-hidden='true' data-av_icon='\ue856' data-av_iconfont='entypo-fontello'><\/span><\/div><article class=\"article-icon-entry \"  itemscope=\"itemscope\" itemtype=\"https:\/\/schema.org\/CreativeWork\" ><div class='iconlist_content_wrap'><header class=\"entry-content-header\"><h4 class='av_iconlist_title iconlist_title  '  itemprop=\"headline\"  >SERVICES APR\u00c8S-VENTE<\/h4><\/header><div class='iconlist_content  '  itemprop=\"text\"  ><p><span id=\"result_box\" class=\"\" lang=\"fr\"><span class=\"\">Fimaks produit et stocke les pi\u00e8ces de rechange ind\u00e9pendamment des saisons en cas de besoin de service.<\/span> <span class=\"\">Fimaks fournit des pi\u00e8ces de rechange, des instructions, des manuels et des documentations.<\/span> <span class=\"\">Fimaks fournit \u00e9galement des visites et des cours dans les situations n\u00e9cessaires.<\/span><\/span><\/p>\n<\/div><\/div><footer class=\"entry-footer\"><\/footer><\/article><div class='iconlist-timeline'><\/div><\/li>\n<li><div  class='iconlist_icon  avia-font-entypo-fontello'><span class='iconlist-char ' aria-hidden='true' data-av_icon='\ue84b' data-av_iconfont='entypo-fontello'><\/span><\/div><article class=\"article-icon-entry \"  itemscope=\"itemscope\" itemtype=\"https:\/\/schema.org\/CreativeWork\" ><div class='iconlist_content_wrap'><header class=\"entry-content-header\"><h4 class='av_iconlist_title iconlist_title  '  itemprop=\"headline\"  >NOTRE POLITIQUE QUALIT\u00c9<\/h4><\/header><div class='iconlist_content  '  itemprop=\"text\"  ><p>&#8211; Documenter notre syst\u00e8me de gestion de la qualit\u00e9 d&rsquo;une mani\u00e8re qui r\u00e9pond aux exigences de la norme ISO 9001-2015<\/p>\n<p>&#8211; \u00catre pr\u00e9curseur en termes de qualit\u00e9 et de diversit\u00e9 dans le secteur<\/p>\n<p>&#8211; Pr\u00e9senter la Turquie au monde dans le secteur des machines agricoles<\/p>\n<p>&#8211; Consid\u00e9rer nos parties prenantes comme des partenaires de solution<\/p>\n<p>&#8211; Maintenir la satisfaction client au plus haut niveau<\/p>\n<p>&#8211; Accro\u00eetre la comp\u00e9titivit\u00e9 en transformant la technologie en une technologie mondiale nouvelle et en d\u00e9veloppement<\/p>\n<p>&#8211; R\u00e9duire les co\u00fbts de mauvaise qualit\u00e9 et augmenter la rentabilit\u00e9<\/p>\n<p>&#8211; Identifier et \u00e9valuer les risques possibles avec des analyses de processus ax\u00e9es sur les risques et diffuser l&rsquo;approche processus bas\u00e9e sur les risques \u00e0 tous les employ\u00e9s de l&rsquo;entreprise en les amenant \u00e0 un niveau acceptable avec des contr\u00f4les standard<\/p>\n<p>&#8211; Assurer la participation de tous les collaborateurs en diffusant des outils qualit\u00e9 \u00e0 travers des \u00e9tudes d&rsquo;am\u00e9lioration continue<\/p>\n<\/div><\/div><footer class=\"entry-footer\"><\/footer><\/article><div class='iconlist-timeline'><\/div><\/li>\n<li><div  class='iconlist_icon  avia-font-entypo-fontello'><span class='iconlist-char ' aria-hidden='true' data-av_icon='\ue8b7' data-av_iconfont='entypo-fontello'><\/span><\/div><article class=\"article-icon-entry \"  itemscope=\"itemscope\" itemtype=\"https:\/\/schema.org\/CreativeWork\" ><div class='iconlist_content_wrap'><header class=\"entry-content-header\"><h4 class='av_iconlist_title iconlist_title  '  itemprop=\"headline\"  >FUTUR<\/h4><\/header><div class='iconlist_content  '  itemprop=\"text\"  ><p><span id=\"result_box\" class=\"\" lang=\"fr\"><span class=\"\">En d\u00e9veloppant plus de technologie et des nouvelles solutions pour les besoins des agriculteurs, Fimaks vise \u00e0 accro\u00eetre ses parts de march\u00e9 dans le monde entier.<\/span><\/span><\/p>\n<\/div><\/div><footer class=\"entry-footer\"><\/footer><\/article><div class='iconlist-timeline'><\/div><\/li>\n<li><div  class='iconlist_icon  avia-font-entypo-fontello'><span class='iconlist-char ' aria-hidden='true' data-av_icon='\ue836' data-av_iconfont='entypo-fontello'><\/span><\/div><article class=\"article-icon-entry \"  itemscope=\"itemscope\" itemtype=\"https:\/\/schema.org\/CreativeWork\" ><div class='iconlist_content_wrap'><header class=\"entry-content-header\"><h4 class='av_iconlist_title iconlist_title  '  itemprop=\"headline\"  >R\u00d4LE PRODUCTIF<\/h4><\/header><div class='iconlist_content  '  itemprop=\"text\"  ><p><span id=\"result_box\" class=\"\" lang=\"fr\"><span class=\"\">Fimaks utilise toutes les sources possibles pour am\u00e9liorer les capacit\u00e9s, les connaissances et la satisfaction des employ\u00e9s et les conduit \u00e0 \u00eatre cr\u00e9atifs et respectueux de l&rsquo;environnement.<\/span> <span class=\"\">Fimaks sensibilise \u00e9galement ses clients \u00e0 la productivit\u00e9 avec des machines performantes et des solutions technologiques.<\/span><\/span><\/p>\n<\/div><\/div><footer class=\"entry-footer\"><\/footer><\/article><div class='iconlist-timeline'><\/div><\/li>\n<\/ul><\/div><\/p><\/div>\n<\/div><\/div><\/div><!-- close content main div --><\/div><\/div><div id='after_section_2' class='main_color av_default_container_wrap container_wrap sidebar_right'   ><div class='container' ><div class='template-page content  av-content-small alpha units'><div class='post-entry post-entry-type-page post-entry-12522'><div class='entry-content-wrapper clearfix'><\/p>\n<div class='av-hotspot-image-container avia_animate_when_almost_visible   av-hotspot-numbered av-mobile-fallback-active    av-non-fullwidth-hotspot-image '  itemprop=\"ImageObject\" itemscope=\"itemscope\" itemtype=\"https:\/\/schema.org\/ImageObject\"  ><div class='av-hotspot-container'><div class='av-hotspot-container-inner-cell'><div class='av-hotspot-container-inner-wrap'><img class='avia_image ' src='http:\/\/fimaks.com\/wp-content\/uploads\/2013\/04\/Untitled-4-80x1.jpg' alt='' title='Untitled-4'   itemprop=\"thumbnailUrl\"  \/><\/div><\/div><\/div><\/div>\n","protected":false},"excerpt":{"rendered":"","protected":false},"author":1,"featured_media":0,"parent":0,"menu_order":0,"comment_status":"open","ping_status":"open","template":"","meta":{"_exactmetrics_skip_tracking":false,"_exactmetrics_sitenote_active":false,"_exactmetrics_sitenote_note":"","_exactmetrics_sitenote_category":0,"footnotes":""},"yst_prominent_words":[],"class_list":["post-12522","page","type-page","status-publish","hentry"],"_links":{"self":[{"href":"http:\/\/fimaks.com\/fr\/wp-json\/wp\/v2\/pages\/12522","targetHints":{"allow":["GET"]}}],"collection":[{"href":"http:\/\/fimaks.com\/fr\/wp-json\/wp\/v2\/pages"}],"about":[{"href":"http:\/\/fimaks.com\/fr\/wp-json\/wp\/v2\/types\/page"}],"author":[{"embeddable":true,"href":"http:\/\/fimaks.com\/fr\/wp-json\/wp\/v2\/users\/1"}],"replies":[{"embeddable":true,"href":"http:\/\/fimaks.com\/fr\/wp-json\/wp\/v2\/comments?post=12522"}],"version-history":[{"count":33,"href":"http:\/\/fimaks.com\/fr\/wp-json\/wp\/v2\/pages\/12522\/revisions"}],"predecessor-version":[{"id":20717,"href":"http:\/\/fimaks.com\/fr\/wp-json\/wp\/v2\/pages\/12522\/revisions\/20717"}],"wp:attachment":[{"href":"http:\/\/fimaks.com\/fr\/wp-json\/wp\/v2\/media?parent=12522"}],"wp:term":[{"taxonomy":"yst_prominent_words","embeddable":true,"href":"http:\/\/fimaks.com\/fr\/wp-json\/wp\/v2\/yst_prominent_words?post=12522"}],"curies":[{"name":"wp","href":"https:\/\/api.w.org\/{rel}","templated":true}]}}