{"id":12670,"date":"2018-05-15T12:58:01","date_gmt":"2018-05-15T09:58:01","guid":{"rendered":"http:\/\/fimaks.com\/faucheuses-a-disques\/faucheuse-conditionneuse-a-8-disques\/"},"modified":"2021-10-08T08:59:10","modified_gmt":"2021-10-08T05:59:10","slug":"faucheuse-conditionneuse-a-8-disques","status":"publish","type":"page","link":"http:\/\/fimaks.com\/fr\/faucheuses-a-disques\/faucheuse-conditionneuse-a-8-disques\/","title":{"rendered":"FAUCHEUSE CONDITIONNEUSE \u00c0 8 DISQUES"},"content":{"rendered":"<div class='av-hotspot-image-container avia_animate_when_almost_visible   avia_animated_image avia_animate_when_almost_visible fade-in av-hotspot-numbered av-mobile-fallback-active    av-non-fullwidth-hotspot-image '  itemprop=\"ImageObject\" itemscope=\"itemscope\" itemtype=\"https:\/\/schema.org\/ImageObject\"  ><div class='av-hotspot-container'><div class='av-hotspot-container-inner-cell'><div class='av-hotspot-container-inner-wrap'><div class='av-image-hotspot' data-avia-tooltip-position='right' data-avia-tooltip-alignment='centered' data-avia-tooltip-class='av-tt-default-width av-tt-pos-right av-tt-align-centered  av-mobile-fallback-active  transparent_dark av-tt-hotspot' data-avia-tooltip='&lt;p&gt;&lt;span id=&quot;result_box&quot; class=&quot;short_text&quot; lang=&quot;fr&quot;&gt;&lt;span class=&quot;&quot;&gt;CONTR\u00d4LE HYDRAULIQUE DE LA BARRE DE COUPE&lt;\/span&gt;&lt;\/span&gt;&lt;\/p&gt;\n' style='top: 57%; left: 67.2%; '><div class='av-image-hotspot_inner' style='background-color: #c2c9ce; color: #000000;'>1<\/div><div class='av-image-hotspot-pulse' style='background-color:#e8e8e8;'><\/div><\/div><div class='av-image-hotspot' data-avia-tooltip-position='bottom' data-avia-tooltip-alignment='centered' data-avia-tooltip-class='av-tt-default-width av-tt-pos-below av-tt-align-centered  av-mobile-fallback-active  transparent_dark av-tt-hotspot' data-avia-tooltip='&lt;p&gt;&lt;span id=&quot;result_box&quot; class=&quot;short_text&quot; lang=&quot;fr&quot;&gt;8 DISQUES | 16 COUTEAUX&lt;\/span&gt;&lt;\/p&gt;\n' style='top: 69.5%; left: 59.3%; '><div class='av-image-hotspot_inner' style='background-color: #c2c9ce; color: #000000;'>2<\/div><div class='av-image-hotspot-pulse' style='background-color:#ffffff;'><\/div><\/div><div class='av-image-hotspot' data-avia-tooltip-position='top' data-avia-tooltip-alignment='left' data-avia-tooltip-class='av-tt-default-width av-tt-pos-above av-tt-align-left  av-mobile-fallback-active  transparent_dark av-tt-hotspot' data-avia-tooltip='&lt;p&gt;&lt;span id=&quot;result_box&quot; class=&quot;short_text&quot; lang=&quot;fr&quot;&gt;&lt;span class=&quot;alt-edited&quot;&gt;FORTE CH\u00c2SSIS&lt;\/span&gt;&lt;\/span&gt;&lt;\/p&gt;\n' style='top: 49.8%; left: 44.7%; '><div class='av-image-hotspot_inner' style='background-color: #c2c9ce; color: #000000;'>3<\/div><div class='av-image-hotspot-pulse' style='background-color:#ffffff;'><\/div><\/div><div class='av-image-hotspot' data-avia-tooltip-position='top' data-avia-tooltip-alignment='left' data-avia-tooltip-class='av-tt-default-width av-tt-pos-above av-tt-align-left  av-mobile-fallback-active  transparent_dark av-tt-hotspot' data-avia-tooltip='&lt;p&gt;&lt;span id=&quot;result_box&quot; class=&quot;short_text&quot; lang=&quot;fr&quot;&gt;&lt;span class=&quot;&quot;&gt;SYST\u00c8ME DE TRANSMISSION ITALIEN&lt;\/span&gt;&lt;\/span&gt;&lt;\/p&gt;\n' style='top: 58.8%; left: 57.9%; '><div class='av-image-hotspot_inner' style='background-color: #c2c9ce; color: #000000;'>4<\/div><div class='av-image-hotspot-pulse' style='background-color:#ffffff;'><\/div><\/div><div class='av-image-hotspot' data-avia-tooltip-position='top' data-avia-tooltip-alignment='left' data-avia-tooltip-class='av-tt-default-width av-tt-pos-above av-tt-align-left  av-mobile-fallback-active  transparent_dark av-tt-hotspot' data-avia-tooltip='&lt;p&gt;&lt;span id=&quot;result_box&quot; class=&quot;short_text&quot; lang=&quot;fr&quot;&gt;&lt;span class=&quot;&quot;&gt;COUTEAUX TOURNANT \u00c0 3000&lt;\/span&gt;&lt;\/span&gt; T\/MIN&lt;\/p&gt;\n' style='top: 70.7%; left: 62.3%; '><div class='av-image-hotspot_inner' style='background-color: #c2c9ce; color: #000000;'>5<\/div><div class='av-image-hotspot-pulse' style='background-color:#ffffff;'><\/div><\/div><div class='av-image-hotspot' data-avia-tooltip-position='top' data-avia-tooltip-alignment='left' data-avia-tooltip-class='av-tt-default-width av-tt-pos-above av-tt-align-left  av-mobile-fallback-active  transparent_dark av-tt-hotspot' data-avia-tooltip='&lt;p&gt;&lt;span id=&quot;result_box&quot; class=&quot;short_text&quot; lang=&quot;fr&quot;&gt;&lt;span class=&quot;&quot;&gt;SYST\u00c8ME DE SOINS DE CULTURE&lt;\/span&gt;&lt;\/span&gt;&lt;\/p&gt;\n' style='top: 71.3%; left: 64.9%; '><div class='av-image-hotspot_inner' style='background-color: #c2c9ce; color: #000000;'>6<\/div><div class='av-image-hotspot-pulse' style='background-color:#ffffff;'><\/div><\/div><div class='av-image-hotspot' data-avia-tooltip-position='top' data-avia-tooltip-alignment='left' data-avia-tooltip-class='av-tt-default-width av-tt-pos-above av-tt-align-left  av-mobile-fallback-active  transparent_dark av-tt-hotspot' data-avia-tooltip='&lt;p&gt;&lt;span id=&quot;result_box&quot; class=&quot;short_text&quot; lang=&quot;fr&quot;&gt;&lt;\/span&gt;&lt;span id=&quot;result_box&quot; class=&quot;short_text&quot; lang=&quot;fr&quot;&gt;&lt;span class=&quot;&quot;&gt;PROTECTION&lt;\/span&gt;&lt;\/span&gt; DU\u00a0&lt;span id=&quot;result_box&quot; class=&quot;&quot; lang=&quot;fr&quot;&gt;&lt;span class=&quot;&quot;&gt;BARRE DE COUPE&lt;\/span&gt;&lt;\/span&gt; AVEC SKIDS&lt;\/p&gt;\n' style='top: 72%; left: 67.9%; '><div class='av-image-hotspot_inner' style='background-color: #c2c9ce; color: #000000;'>7<\/div><div class='av-image-hotspot-pulse' style='background-color:#ffffff;'><\/div><\/div><img class='avia_image ' src='http:\/\/fimaks.com\/wp-content\/uploads\/2018\/03\/7-D\u0130SKL\u0130-SIKMALI-\u00c7AYIR-B\u0130\u00c7ME-MAK\u0130NES\u0130-FMDM-280C.png' alt='D\u0130SKL\u0130 \u00c7AYIR B\u0130\u00c7ME MAK\u0130NASI - SIKMALI 7 D\u0130SKL\u0130 \u00c7AYIR B\u0130\u00c7ME - FMDM 280C' title='D\u0130SKL\u0130 \u00c7AYIR B\u0130\u00c7ME MAK\u0130NASI -  SIKMALI 7 D\u0130SKL\u0130 \u00c7AYIR B\u0130\u00c7ME - FMDM 280C'   itemprop=\"thumbnailUrl\"  \/><\/div><\/div><\/div><div class='av-hotspot-fallback-tooltip'><div class='av-hotspot-fallback-tooltip-count'>1<div class='avia-arrow'><\/div><\/div><div class='av-hotspot-fallback-tooltip-inner clearfix'><p>\n<span id=\"result_box\" class=\"short_text\" lang=\"fr\"><span class=\"\">CONTR\u00d4LE HYDRAULIQUE DE LA BARRE DE COUPE<\/span><\/span><\/p>\n<\/div><\/div><div class='av-hotspot-fallback-tooltip'><div class='av-hotspot-fallback-tooltip-count'>2<div class='avia-arrow'><\/div><\/div><div class='av-hotspot-fallback-tooltip-inner clearfix'><p>\n<span id=\"result_box\" class=\"short_text\" lang=\"fr\">8 DISQUES | 16 COUTEAUX<\/span><\/p>\n<\/div><\/div><div class='av-hotspot-fallback-tooltip'><div class='av-hotspot-fallback-tooltip-count'>3<div class='avia-arrow'><\/div><\/div><div class='av-hotspot-fallback-tooltip-inner clearfix'><p>\n<span id=\"result_box\" class=\"short_text\" lang=\"fr\"><span class=\"alt-edited\">FORTE CH\u00c2SSIS<\/span><\/span><\/p>\n<\/div><\/div><div class='av-hotspot-fallback-tooltip'><div class='av-hotspot-fallback-tooltip-count'>4<div class='avia-arrow'><\/div><\/div><div class='av-hotspot-fallback-tooltip-inner clearfix'><p>\n<span id=\"result_box\" class=\"short_text\" lang=\"fr\"><span class=\"\">SYST\u00c8ME DE TRANSMISSION ITALIEN<\/span><\/span><\/p>\n<\/div><\/div><div class='av-hotspot-fallback-tooltip'><div class='av-hotspot-fallback-tooltip-count'>5<div class='avia-arrow'><\/div><\/div><div class='av-hotspot-fallback-tooltip-inner clearfix'><p>\n<span id=\"result_box\" class=\"short_text\" lang=\"fr\"><span class=\"\">COUTEAUX TOURNANT \u00c0 3000<\/span><\/span> T\/MIN<\/p>\n<\/div><\/div><div class='av-hotspot-fallback-tooltip'><div class='av-hotspot-fallback-tooltip-count'>6<div class='avia-arrow'><\/div><\/div><div class='av-hotspot-fallback-tooltip-inner clearfix'><p>\n<span id=\"result_box\" class=\"short_text\" lang=\"fr\"><span class=\"\">SYST\u00c8ME DE SOINS DE CULTURE<\/span><\/span><\/p>\n<\/div><\/div><div class='av-hotspot-fallback-tooltip'><div class='av-hotspot-fallback-tooltip-count'>7<div class='avia-arrow'><\/div><\/div><div class='av-hotspot-fallback-tooltip-inner clearfix'><p>\n<span id=\"result_box\" class=\"short_text\" lang=\"fr\"><\/span><span id=\"result_box\" class=\"short_text\" lang=\"fr\"><span class=\"\">PROTECTION<\/span><\/span> DU\u00a0<span id=\"result_box\" class=\"\" lang=\"fr\"><span class=\"\">BARRE DE COUPE<\/span><\/span> AVEC SKIDS<\/p>\n<\/div><\/div><\/div>\n<div style='padding-bottom:10px;' class='av-special-heading av-special-heading-h1  blockquote modern-quote modern-centered   av-thin-font '><h1 class='av-special-heading-tag '  itemprop=\"headline\"  >FAUCHEUSE CONDITIONNEUSE \u00c0 8 DISQUES<br \/>\n| <strong>FMDM 320C <\/strong>|<\/h1><div class='special-heading-border'><div class='special-heading-inner-border' ><\/div><\/div><\/div>\n<div  class='hr hr-default  '><span class='hr-inner ' ><span class='hr-inner-style'><\/span><\/span><\/div>\n<section class=\"av_textblock_section \"  itemscope=\"itemscope\" itemtype=\"https:\/\/schema.org\/CreativeWork\" ><div class='avia_textblock  '   itemprop=\"text\" ><p><span class=\"\" lang=\"fr\"><span class=\"\">Les faucheuses \u00e0 disques de Fimaks sont pr\u00e9f\u00e9rables pour couper la luzerne,\u00a0 le tr\u00e8fle et les gramin\u00e9es similaires.<\/span> <span class=\"\">Il existe diff\u00e9rents mod\u00e8les avec 5, 6, 7 et 8 disques.<\/span><\/span><span id=\"result_box\" class=\"\" lang=\"fr\"><span class=\"\">Les machines \u00e0 5 et 6 disques\u00a0 sont des mod\u00e8les de type mont\u00e9es . Les machines \u00e0 7 et 8\u00a0 disques sont des mod\u00e8les tra\u00een\u00e9s. Le conditionneur est optionnel avec les mod\u00e8les mont\u00e9s et standard avec les mod\u00e8les tra\u00een\u00e9s.<\/span><\/span><\/p>\n<p><span id=\"result_box\" class=\"\" lang=\"fr\"><span class=\"\">Le mouvement de rotation des tondeuses \u00e0 tambour est nocif pour la racine des cultures.<\/span> <span class=\"\">Les faucheuses \u00e0 disques ne nuisent pas aux r\u00e9coltes en tant que faucheuses \u00e0 tambours.<\/span> <span class=\"\">Dans les faucheuses \u00e0 disques, il y a des disques ovales situ\u00e9s sur la barre de coupe et ces disques tournent \u00e0 3000 tr \/ min.<\/span> <span class=\"\">Cette rotation cr\u00e9e une turbulence de l&rsquo;air qui surmonte l&rsquo;herbe en pente.<\/span><\/span><\/p>\n<p><span id=\"result_box\" class=\"\" lang=\"fr\">Les faucheuses \u00e0 disques de Fimaks disposent d&rsquo;un m\u00e9canisme de s\u00e9curit\u00e9 contre la frappe d&rsquo;un objet dur. <span class=\"\">En cas de coup, les tondeuses \u00e0 disques font un mouvement en arri\u00e8re pour r\u00e9duire les dommages au minimum.<\/span><\/span><\/p>\n<p>Conditionneur sur les faucheuses \u00e0 disques briser les r\u00e9coltes (sans couper). Les cultures briser se dess\u00e8chent plus rapidement sans perdre de valeur nutritive.<\/p>\n<p>La machine peut \u00eatre lev\u00e9e hydrauliquement pour la position de route.<\/p>\n<p><span id=\"result_box\" class=\"\" lang=\"fr\"><span class=\"\">\u00a0<\/span><\/span><\/p>\n<\/div><\/section>\n<div  class='hr hr-default  '><span class='hr-inner ' ><span class='hr-inner-style'><\/span><\/span><\/div>\n<div class='av-social-sharing-box  av-social-sharing-box-minimal '><div class='av-share-box'><ul class='av-share-box-list noLightbox'><li class='av-share-link av-social-link-facebook' ><a target='_blank' href='http:\/\/www.facebook.com\/sharer.php?u=http:\/\/fimaks.com\/fr\/faucheuses-a-disques\/faucheuse-conditionneuse-a-8-disques\/&amp;t=FAUCHEUSE%20CONDITIONNEUSE%20%C3%80%208%20DISQUES' aria-hidden='true' data-av_icon='\ue8f3' data-av_iconfont='entypo-fontello' title='' data-avia-related-tooltip='Partager sur Facebook'><span class='avia_hidden_link_text'>Partager sur Facebook<\/span><\/a><\/li><li class='av-share-link av-social-link-twitter' ><a target='_blank' href='https:\/\/twitter.com\/share?text=FAUCHEUSE%20CONDITIONNEUSE%20%C3%80%208%20DISQUES&url=http:\/\/fimaks.com\/fr\/?p=12670' aria-hidden='true' data-av_icon='\ue8f1' data-av_iconfont='entypo-fontello' title='' data-avia-related-tooltip='Partager sur Twitter'><span class='avia_hidden_link_text'>Partager sur Twitter<\/span><\/a><\/li><li class='av-share-link av-social-link-gplus' ><a target='_blank' href='https:\/\/plus.google.com\/share?url=http:\/\/fimaks.com\/fr\/faucheuses-a-disques\/faucheuse-conditionneuse-a-8-disques\/' aria-hidden='true' data-av_icon='\ue8f6' data-av_iconfont='entypo-fontello' title='' data-avia-related-tooltip='Partager sur Google+'><span class='avia_hidden_link_text'>Partager sur Google+<\/span><\/a><\/li><li class='av-share-link av-social-link-pinterest' ><a target='_blank' href='http:\/\/pinterest.com\/pin\/create\/button\/?url=http%3A%2F%2Ffimaks.com%2Ffr%2Ffaucheuses-a-disques%2Ffaucheuse-conditionneuse-a-8-disques%2F&amp;description=FAUCHEUSE%20CONDITIONNEUSE%20%C3%80%208%20DISQUES&amp;media=' aria-hidden='true' data-av_icon='\ue8f8' data-av_iconfont='entypo-fontello' title='' data-avia-related-tooltip='Partager sur Pinterest'><span class='avia_hidden_link_text'>Partager sur Pinterest<\/span><\/a><\/li><li class='av-share-link av-social-link-linkedin' ><a target='_blank' href='http:\/\/linkedin.com\/shareArticle?mini=true&amp;title=FAUCHEUSE%20CONDITIONNEUSE%20%C3%80%208%20DISQUES&amp;url=http:\/\/fimaks.com\/fr\/faucheuses-a-disques\/faucheuse-conditionneuse-a-8-disques\/' aria-hidden='true' data-av_icon='\ue8fc' data-av_iconfont='entypo-fontello' title='' data-avia-related-tooltip='Partager sur Linkedin'><span class='avia_hidden_link_text'>Partager sur Linkedin<\/span><\/a><\/li><li class='av-share-link av-social-link-tumblr' ><a target='_blank' href='http:\/\/www.tumblr.com\/share\/link?url=http%3A%2F%2Ffimaks.com%2Ffr%2Ffaucheuses-a-disques%2Ffaucheuse-conditionneuse-a-8-disques%2F&amp;name=FAUCHEUSE%20CONDITIONNEUSE%20%C3%80%208%20DISQUES&amp;description=' aria-hidden='true' data-av_icon='\ue8fa' data-av_iconfont='entypo-fontello' title='' data-avia-related-tooltip='Partager sur Tumblr'><span class='avia_hidden_link_text'>Partager sur Tumblr<\/span><\/a><\/li><li class='av-share-link av-social-link-vk' ><a target='_blank' href='http:\/\/vk.com\/share.php?url=http:\/\/fimaks.com\/fr\/faucheuses-a-disques\/faucheuse-conditionneuse-a-8-disques\/' aria-hidden='true' data-av_icon='\ue926' data-av_iconfont='entypo-fontello' title='' data-avia-related-tooltip='Partager sur Vk'><span class='avia_hidden_link_text'>Partager sur Vk<\/span><\/a><\/li><li class='av-share-link av-social-link-reddit' ><a target='_blank' href='http:\/\/reddit.com\/submit?url=http:\/\/fimaks.com\/fr\/faucheuses-a-disques\/faucheuse-conditionneuse-a-8-disques\/&amp;title=FAUCHEUSE%20CONDITIONNEUSE%20%C3%80%208%20DISQUES' aria-hidden='true' data-av_icon='\ue927' data-av_iconfont='entypo-fontello' title='' data-avia-related-tooltip='Partager sur Reddit'><span class='avia_hidden_link_text'>Partager sur Reddit<\/span><\/a><\/li><li class='av-share-link av-social-link-mail' ><a  href='mailto:?subject=FAUCHEUSE%20CONDITIONNEUSE%20%C3%80%208%20DISQUES&amp;body=http:\/\/fimaks.com\/fr\/faucheuses-a-disques\/faucheuse-conditionneuse-a-8-disques\/' aria-hidden='true' data-av_icon='\ue805' data-av_iconfont='entypo-fontello' title='' data-avia-related-tooltip='Partager par Mail'><span class='avia_hidden_link_text'>Partager par Mail<\/span><\/a><\/li><\/ul><\/div><\/div>\n<div  class='hr hr-default  '><span class='hr-inner ' ><span class='hr-inner-style'><\/span><\/span><\/div>\n<div  class='avia-video avia-video-16-9   '  itemprop=\"video\" itemtype=\"https:\/\/schema.org\/VideoObject\" ><div class='avia-iframe-wrap'><iframe loading=\"lazy\" width=\"1500\" height=\"844\" src=\"https:\/\/www.youtube.com\/embed\/cByd9Uz2eCs?feature=oembed\" frameborder=\"0\" allow=\"autoplay; encrypted-media\" allowfullscreen><\/iframe><\/div><\/div>\n<div class='avia-data-table-wrap avia_responsive_table'><table class='avia-table avia-data-table avia-table-1  avia_pricing_default '  itemscope=\"itemscope\" itemtype=\"https:\/\/schema.org\/Table\" ><tbody><tr class=''><td class=''><span id=\"result_box\" class=\"short_text\" lang=\"fr\"><span class=\"\">NOMBRE DE DISQUES<\/span><\/span><\/td><td class=''>8<\/td><\/tr><tr class=''><td class=''><span id=\"result_box\" class=\"short_text\" lang=\"fr\"><span class=\"\">LARGEUR DE TRAVAIL (mm)<\/span><\/span><\/td><td class=''>3200<\/td><\/tr><tr class=''><td class=''><span id=\"result_box\" class=\"short_text\" lang=\"fr\"><span class=\"\">Largeur (mm)<\/span><\/span><\/td><td class=''>3550<\/td><\/tr><tr class=''><td class=''><span id=\"result_box\" class=\"short_text\" lang=\"fr\"><span class=\"\">HAUTEUR (mm)<\/span><\/span><\/td><td class=''>1300<\/td><\/tr><tr class=''><td class=''><span id=\"result_box\" class=\"short_text\" lang=\"fr\">LONGUEUR (mm)<\/span><\/td><td class=''>5700<\/td><\/tr><tr class=''><td class=''><span id=\"result_box\" class=\"short_text\" lang=\"fr\"><span class=\"\">Poids (kg)<\/span><\/span><\/td><td class=''>1460<\/td><\/tr><tr class=''><td class=''><span id=\"result_box\" class=\"short_text\" lang=\"fr\">PUISSANCE REQUISE (ch)<\/span><\/td><td class=''>100<\/td><\/tr><tr class=''><td class=''><span id=\"result_box\" class=\"short_text\" lang=\"fr\"><span class=\"\">NOMBRE DE COUTEAUX<\/span><\/span><\/td><td class=''>16<\/td><\/tr><tr class=''><td class=''><span id=\"result_box\" class=\"short_text\" lang=\"fr\"><span class=\"\">ROTATION DE DISQUE<\/span><\/span> (tr\/min)<\/td><td class=''>3000<\/td><\/tr><tr class=''><td class=''><span id=\"result_box\" class=\"short_text\" lang=\"fr\">CONDITIONNEUR<\/span><\/td><td class=''>STANDARD<\/td><\/tr><\/tbody><\/table><\/div><style type='text\/css'><\/style>\n\t<div  class='av_promobox  avia-button-yes '>\t\t<div class='avia-promocontent'><p>\n<span id=\"result_box\" class=\"short_text\" lang=\"fr\">Nous produisons de la productivit\u00e9. <span class=\"\">Obtenez un devis.<\/span><\/span><\/p>\n<\/div><div class='avia-button-wrap avia-button-right '><a href='http:\/\/fimaks.com\/iletisim\/' class='avia-button   avia-icon_select-no avia-color-theme-color avia-size-large avia-position-right '   ><span class='avia_iconbox_title' >Contact<\/span><\/a><\/div>\t<\/div>\n<div  data-size='no scaling'  data-lightbox_size='large'  data-animation='slide'  data-ids='4784,4785,4786,4787,4788,4782'  data-video_counter='0'  data-autoplay='true'  data-bg_slider='false'  data-slide_height=''  data-handle='av_slideshow'  data-interval='3'  data-class=' '  data-css_id=''  data-scroll_down=''  data-control_layout='av-control-default'  data-custom_markup=''  data-perma_caption=''  data-autoplay_stopper=''  data-image_attachment=''  data-min_height='0px'  class='avia-slideshow avia-slideshow-1  av-control-default av-default-height-applied avia-slideshow-no scaling av_slideshow   avia-slide-slider '  itemprop=\"ImageObject\" itemscope=\"itemscope\" itemtype=\"https:\/\/schema.org\/ImageObject\" ><ul class='avia-slideshow-inner' style='padding-bottom: 100%;'><li  class=' slide-1 ' ><div data-rel='slideshow-1' class='avia-slide-wrap'  ><img src='http:\/\/fimaks.com\/wp-content\/uploads\/2018\/03\/2.jpg' width='960' height='960' title='7 Diskli s\u0131kmal\u0131 \u00e7ay\u0131r bi\u00e7me makinesi 5' alt=''  itemprop=\"thumbnailUrl\"   \/><\/div><\/li><li  class=' slide-2 ' ><div data-rel='slideshow-1' class='avia-slide-wrap'  ><img src='http:\/\/fimaks.com\/wp-content\/uploads\/2018\/03\/3.jpg' width='960' height='960' title='7 Diskli s\u0131kmal\u0131 \u00e7ay\u0131r bi\u00e7me makinesi 4' alt=''  itemprop=\"thumbnailUrl\"   \/><\/div><\/li><li  class=' slide-3 ' ><div data-rel='slideshow-1' class='avia-slide-wrap'  ><img src='http:\/\/fimaks.com\/wp-content\/uploads\/2018\/03\/4.jpg' width='960' height='960' title='7 Diskli s\u0131kmal\u0131 \u00e7ay\u0131r bi\u00e7me makinesi 3' alt=''  itemprop=\"thumbnailUrl\"   \/><\/div><\/li><li  class=' slide-4 ' ><div data-rel='slideshow-1' class='avia-slide-wrap'  ><img src='http:\/\/fimaks.com\/wp-content\/uploads\/2018\/03\/5.jpg' width='960' height='960' title='7 Diskli s\u0131kmal\u0131 \u00e7ay\u0131r bi\u00e7me makinesi 2' alt=''  itemprop=\"thumbnailUrl\"   \/><\/div><\/li><li  class=' slide-5 ' ><div data-rel='slideshow-1' class='avia-slide-wrap'  ><img src='http:\/\/fimaks.com\/wp-content\/uploads\/2018\/03\/6.jpg' width='960' height='960' title='7 Diskli s\u0131kmal\u0131 \u00e7ay\u0131r bi\u00e7me makinesi' alt=''  itemprop=\"thumbnailUrl\"   \/><\/div><\/li><li  class=' slide-6 ' ><div data-rel='slideshow-1' class='avia-slide-wrap'  ><img src='http:\/\/fimaks.com\/wp-content\/uploads\/2018\/03\/1.jpg' width='960' height='960' title='7 Diskli s\u0131kmal\u0131 \u00e7ay\u0131r bi\u00e7me makinesi 6' alt=''  itemprop=\"thumbnailUrl\"   \/><\/div><\/li><\/ul><div class='avia-slideshow-arrows avia-slideshow-controls'><a href='#prev' class='prev-slide' aria-hidden='true' data-av_icon='\ue87c' data-av_iconfont='entypo-fontello'>Pr\u00e9c\u00e9dent<\/a><a href='#next' class='next-slide' aria-hidden='true' data-av_icon='\ue87d' data-av_iconfont='entypo-fontello'>Suivant<\/a><\/div><div class='avia-slideshow-dots avia-slideshow-controls'><a href='#1' class='goto-slide active' >1<\/a><a href='#2' class='goto-slide ' >2<\/a><a href='#3' class='goto-slide ' >3<\/a><a href='#4' class='goto-slide ' >4<\/a><a href='#5' class='goto-slide ' >5<\/a><a href='#6' class='goto-slide ' >6<\/a><\/div><\/div>\n","protected":false},"excerpt":{"rendered":"","protected":false},"author":1,"featured_media":0,"parent":11900,"menu_order":0,"comment_status":"closed","ping_status":"closed","template":"","meta":{"_exactmetrics_skip_tracking":false,"_exactmetrics_sitenote_active":false,"_exactmetrics_sitenote_note":"","_exactmetrics_sitenote_category":0,"footnotes":""},"yst_prominent_words":[],"class_list":["post-12670","page","type-page","status-publish","hentry"],"_links":{"self":[{"href":"http:\/\/fimaks.com\/fr\/wp-json\/wp\/v2\/pages\/12670","targetHints":{"allow":["GET"]}}],"collection":[{"href":"http:\/\/fimaks.com\/fr\/wp-json\/wp\/v2\/pages"}],"about":[{"href":"http:\/\/fimaks.com\/fr\/wp-json\/wp\/v2\/types\/page"}],"author":[{"embeddable":true,"href":"http:\/\/fimaks.com\/fr\/wp-json\/wp\/v2\/users\/1"}],"replies":[{"embeddable":true,"href":"http:\/\/fimaks.com\/fr\/wp-json\/wp\/v2\/comments?post=12670"}],"version-history":[{"count":26,"href":"http:\/\/fimaks.com\/fr\/wp-json\/wp\/v2\/pages\/12670\/revisions"}],"predecessor-version":[{"id":22756,"href":"http:\/\/fimaks.com\/fr\/wp-json\/wp\/v2\/pages\/12670\/revisions\/22756"}],"up":[{"embeddable":true,"href":"http:\/\/fimaks.com\/fr\/wp-json\/wp\/v2\/pages\/11900"}],"wp:attachment":[{"href":"http:\/\/fimaks.com\/fr\/wp-json\/wp\/v2\/media?parent=12670"}],"wp:term":[{"taxonomy":"yst_prominent_words","embeddable":true,"href":"http:\/\/fimaks.com\/fr\/wp-json\/wp\/v2\/yst_prominent_words?post=12670"}],"curies":[{"name":"wp","href":"https:\/\/api.w.org\/{rel}","templated":true}]}}