{"id":13428,"date":"2018-05-16T15:04:48","date_gmt":"2018-05-16T12:04:48","guid":{"rendered":"http:\/\/fimaks.com\/ensileuses-de-fourrages\/lensileuse-fimaks-double-coupes-est-utilisee-pour-recolter-toutes-sortes-de-fourrage-vert-et-dherbe-afin-de-produire-de-lensilage-le-rotor-qui-a-48-couteaux-flottants-transfert-lherbe-a-la-vis-q\/"},"modified":"2021-07-09T15:56:24","modified_gmt":"2021-07-09T12:56:24","slug":"lensileuse-fimaks-double-coupes-est-utilisee-pour-recolter-toutes-sortes-de-fourrage-vert-et-dherbe-afin-de-produire-de-lensilage-le-rotor-qui-a-48-couteaux-flottants-transfert-lherbe-a-la-vis-q","status":"publish","type":"page","link":"http:\/\/fimaks.com\/fr\/ensileuses-de-fourrages\/lensileuse-fimaks-double-coupes-est-utilisee-pour-recolter-toutes-sortes-de-fourrage-vert-et-dherbe-afin-de-produire-de-lensilage-le-rotor-qui-a-48-couteaux-flottants-transfert-lherbe-a-la-vis-q\/","title":{"rendered":"ENSILEUSE DE FOURRAGE DOUBLE COUPES 2100"},"content":{"rendered":"<div class='av-hotspot-image-container avia_animate_when_almost_visible   avia_animated_image avia_animate_when_almost_visible fade-in av-hotspot-numbered av-mobile-fallback-active    av-non-fullwidth-hotspot-image '  itemprop=\"ImageObject\" itemscope=\"itemscope\" itemtype=\"https:\/\/schema.org\/ImageObject\"  ><div class='av-hotspot-container'><div class='av-hotspot-container-inner-cell'><div class='av-hotspot-container-inner-wrap'><div class='av-image-hotspot' data-avia-tooltip-position='right' data-avia-tooltip-alignment='centered' data-avia-tooltip-class='av-tt-default-width av-tt-pos-right av-tt-align-centered  av-mobile-fallback-active  transparent_dark av-tt-hotspot' data-avia-tooltip='&lt;p&gt;&lt;span id=&quot;result_box&quot; class=&quot;short_text&quot; lang=&quot;fr&quot;&gt;&lt;span class=&quot;alt-edited&quot;&gt;SYST\u00c8ME D&rsquo;ACCROCHAGE FORTE&lt;\/span&gt;&lt;\/span&gt;&lt;\/p&gt;\n' style='top: 85.3%; left: 58.9%; '><div class='av-image-hotspot_inner' style='background-color: #c2c9ce; color: #000000;'>1<\/div><div class='av-image-hotspot-pulse' style='background-color:#e8e8e8;'><\/div><\/div><div class='av-image-hotspot' data-avia-tooltip-position='bottom' data-avia-tooltip-alignment='centered' data-avia-tooltip-class='av-tt-default-width av-tt-pos-below av-tt-align-centered  av-mobile-fallback-active  transparent_dark av-tt-hotspot' data-avia-tooltip='&lt;p&gt;&lt;span id=&quot;result_box&quot; class=&quot;short_text&quot; lang=&quot;fr&quot;&gt;&lt;span class=&quot;&quot;&gt;COUTEAUX FLOTTANTS&lt;\/span&gt;&lt;\/span&gt;&lt;\/p&gt;\n' style='top: 88.6%; left: 37.6%; '><div class='av-image-hotspot_inner' style='background-color: #c2c9ce; color: #000000;'>2<\/div><div class='av-image-hotspot-pulse' style='background-color:#ffffff;'><\/div><\/div><div class='av-image-hotspot' data-avia-tooltip-position='top' data-avia-tooltip-alignment='left' data-avia-tooltip-class='av-tt-default-width av-tt-pos-above av-tt-align-left  av-mobile-fallback-active  transparent_dark av-tt-hotspot' data-avia-tooltip='&lt;p&gt;&lt;span id=&quot;result_box&quot; class=&quot;short_text&quot; lang=&quot;fr&quot;&gt;&lt;span class=&quot;&quot;&gt;CORPS DE ST52&lt;\/span&gt;&lt;\/span&gt;&lt;\/p&gt;\n' style='top: 68.9%; left: 40%; '><div class='av-image-hotspot_inner' style='background-color: #c2c9ce; color: #000000;'>3<\/div><div class='av-image-hotspot-pulse' style='background-color:#ffffff;'><\/div><\/div><div class='av-image-hotspot' data-avia-tooltip-position='top' data-avia-tooltip-alignment='left' data-avia-tooltip-class='av-tt-default-width av-tt-pos-above av-tt-align-left  av-mobile-fallback-active  transparent_dark av-tt-hotspot' data-avia-tooltip='&lt;p&gt;&lt;span id=&quot;result_box&quot; class=&quot;short_text&quot; lang=&quot;fr&quot;&gt;&lt;span class=&quot;&quot;&gt;PNEUS TOUT TERRAIN&lt;\/span&gt;&lt;\/span&gt;&lt;\/p&gt;\n' style='top: 84.4%; left: 30.2%; '><div class='av-image-hotspot_inner' style='background-color: #c2c9ce; color: #000000;'>4<\/div><div class='av-image-hotspot-pulse' style='background-color:#ffffff;'><\/div><\/div><div class='av-image-hotspot' data-avia-tooltip-position='top' data-avia-tooltip-alignment='left' data-avia-tooltip-class='av-tt-default-width av-tt-pos-above av-tt-align-left  av-mobile-fallback-active  transparent_dark av-tt-hotspot' data-avia-tooltip='&lt;p&gt;&lt;span id=&quot;result_box&quot; class=&quot;short_text&quot; lang=&quot;fr&quot;&gt;SYST\u00c8ME HYDRAULIQUE A HAUTE PERFORMANCE&lt;\/span&gt;&lt;\/p&gt;\n' style='top: 44.8%; left: 49.4%; '><div class='av-image-hotspot_inner' style='background-color: #c2c9ce; color: #000000;'>5<\/div><div class='av-image-hotspot-pulse' style='background-color:#ffffff;'><\/div><\/div><div class='av-image-hotspot' data-avia-tooltip-position='top' data-avia-tooltip-alignment='left' data-avia-tooltip-class='av-tt-default-width av-tt-pos-above av-tt-align-left  av-mobile-fallback-active  transparent_dark av-tt-hotspot' data-avia-tooltip='&lt;p&gt;&lt;span id=&quot;result_box&quot; class=&quot;short_text&quot; lang=&quot;fr&quot;&gt;&lt;span class=&quot;&quot;&gt;COMMANDE DE LA GOULOTTE HYDRAULIQUE&lt;\/span&gt;&lt;\/span&gt;&lt;\/p&gt;\n' style='top: 25.6%; left: 53.7%; '><div class='av-image-hotspot_inner' style='background-color: #c2c9ce; color: #000000;'>6<\/div><div class='av-image-hotspot-pulse' style='background-color:#ffffff;'><\/div><\/div><div class='av-image-hotspot' data-avia-tooltip-position='top' data-avia-tooltip-alignment='left' data-avia-tooltip-class='av-tt-default-width av-tt-pos-above av-tt-align-left  av-mobile-fallback-active  transparent_dark av-tt-hotspot' data-avia-tooltip='&lt;p&gt;DOUBLE COUPES&lt;\/p&gt;\n' style='top: 61.9%; left: 52.6%; '><div class='av-image-hotspot_inner' style='background-color: #c2c9ce; color: #000000;'>7<\/div><div class='av-image-hotspot-pulse' style='background-color:#ffffff;'><\/div><\/div><img class='avia_image ' src='http:\/\/fimaks.com\/wp-content\/uploads\/2018\/02\/Double-Chop-Ot-silaj-makinesi-2100.png' alt='Double-Chop-Ot-silaj-makinesi-2100' title='Double-Chop-Ot-silaj-makinesi-2100'   itemprop=\"thumbnailUrl\"  \/><\/div><\/div><\/div><div class='av-hotspot-fallback-tooltip'><div class='av-hotspot-fallback-tooltip-count'>1<div class='avia-arrow'><\/div><\/div><div class='av-hotspot-fallback-tooltip-inner clearfix'><p>\n<span id=\"result_box\" class=\"short_text\" lang=\"fr\"><span class=\"alt-edited\">SYST\u00c8ME D&rsquo;ACCROCHAGE FORTE<\/span><\/span><\/p>\n<\/div><\/div><div class='av-hotspot-fallback-tooltip'><div class='av-hotspot-fallback-tooltip-count'>2<div class='avia-arrow'><\/div><\/div><div class='av-hotspot-fallback-tooltip-inner clearfix'><p>\n<span id=\"result_box\" class=\"short_text\" lang=\"fr\"><span class=\"\">COUTEAUX FLOTTANTS<\/span><\/span><\/p>\n<\/div><\/div><div class='av-hotspot-fallback-tooltip'><div class='av-hotspot-fallback-tooltip-count'>3<div class='avia-arrow'><\/div><\/div><div class='av-hotspot-fallback-tooltip-inner clearfix'><p>\n<span id=\"result_box\" class=\"short_text\" lang=\"fr\"><span class=\"\">CORPS DE ST52<\/span><\/span><\/p>\n<\/div><\/div><div class='av-hotspot-fallback-tooltip'><div class='av-hotspot-fallback-tooltip-count'>4<div class='avia-arrow'><\/div><\/div><div class='av-hotspot-fallback-tooltip-inner clearfix'><p>\n<span id=\"result_box\" class=\"short_text\" lang=\"fr\"><span class=\"\">PNEUS TOUT TERRAIN<\/span><\/span><\/p>\n<\/div><\/div><div class='av-hotspot-fallback-tooltip'><div class='av-hotspot-fallback-tooltip-count'>5<div class='avia-arrow'><\/div><\/div><div class='av-hotspot-fallback-tooltip-inner clearfix'><p>\n<span id=\"result_box\" class=\"short_text\" lang=\"fr\">SYST\u00c8ME HYDRAULIQUE A HAUTE PERFORMANCE<\/span><\/p>\n<\/div><\/div><div class='av-hotspot-fallback-tooltip'><div class='av-hotspot-fallback-tooltip-count'>6<div class='avia-arrow'><\/div><\/div><div class='av-hotspot-fallback-tooltip-inner clearfix'><p>\n<span id=\"result_box\" class=\"short_text\" lang=\"fr\"><span class=\"\">COMMANDE DE LA GOULOTTE HYDRAULIQUE<\/span><\/span><\/p>\n<\/div><\/div><div class='av-hotspot-fallback-tooltip'><div class='av-hotspot-fallback-tooltip-count'>7<div class='avia-arrow'><\/div><\/div><div class='av-hotspot-fallback-tooltip-inner clearfix'><p>\nDOUBLE COUPES<\/p>\n<\/div><\/div><\/div>\n<div style='padding-bottom:10px;' class='av-special-heading av-special-heading-h1  blockquote modern-quote modern-centered   av-thin-font '><h1 class='av-special-heading-tag '  itemprop=\"headline\"  >ENSILEUSE DE FOURRAGE<br \/>| <strong>DOUBLE COUPES 2100 <\/strong>|<\/h1><div class='special-heading-border'><div class='special-heading-inner-border' ><\/div><\/div><\/div>\n<div  class='hr hr-default  '><span class='hr-inner ' ><span class='hr-inner-style'><\/span><\/span><\/div>\n<section class=\"av_textblock_section \"  itemscope=\"itemscope\" itemtype=\"https:\/\/schema.org\/CreativeWork\" ><div class='avia_textblock  '   itemprop=\"text\" ><p><span id=\"result_box\" class=\"\" lang=\"fr\"><span class=\"\">L&rsquo;ensileuse Fimaks Double Coupes est utilis\u00e9e pour r\u00e9colter toutes sortes de fourrage vert et d&rsquo;herbe afin de produire de l&rsquo;ensilage.<\/span><br \/>\n<span class=\"\">Le rotor qui a 48 couteaux flottants, transfert l&rsquo;herbe \u00e0 la vis qui alimente le volant.<\/span> <span class=\"\">ce dernier coupe l&rsquo;herbe pour la deuxi\u00e8me fois, afin d\u2019avoir une longueur de coupe beaucoup plus courte par a port a les ensileuses standard.<\/span> <span class=\"\">Ce volant souffle \u00e9galement les morceaux hach\u00e9s \u00e0 travers la goulotte afin de les charger dans la remorque.<\/span><br \/>\n<span class=\"\">Les couteaux flottants sont sp\u00e9cialement con\u00e7us pour \u00e9viter d&rsquo;endommager la machine lorsqu&rsquo;ils heurtent un mat\u00e9riau dur comme des pierres dans le champ.<\/span><\/span><\/p>\n<p><span id=\"result_box\" class=\"\" lang=\"fr\"><span class=\"\">&#8211; La machine est utilis\u00e9e en attelage au crochet du tracteur<\/span><br \/>\n<span class=\"\">&#8211; Contr\u00f4le hydraulique pour la direction de la goulotte et du d\u00e9flecteur<\/span><br \/>\n<span class=\"\">&#8211; Couteaux durables et sp\u00e9cialement con\u00e7us<\/span><br \/>\n<span class=\"\">&#8211; Entretien et r\u00e9paration rapides gr\u00e2ce au couvercle facile \u00e0 ouvrir<\/span><\/span><\/p>\n<\/div><\/section>\n<div  class='hr hr-default  '><span class='hr-inner ' ><span class='hr-inner-style'><\/span><\/span><\/div>\n<div class='av-social-sharing-box  av-social-sharing-box-minimal '><div class='av-share-box'><ul class='av-share-box-list noLightbox'><li class='av-share-link av-social-link-facebook' ><a target='_blank' href='http:\/\/www.facebook.com\/sharer.php?u=http:\/\/fimaks.com\/fr\/ensileuses-de-fourrages\/lensileuse-fimaks-double-coupes-est-utilisee-pour-recolter-toutes-sortes-de-fourrage-vert-et-dherbe-afin-de-produire-de-lensilage-le-rotor-qui-a-48-couteaux-flottants-transfert-lherbe-a-la-vis-q\/&amp;t=ENSILEUSE%20DE%20FOURRAGE%20DOUBLE%20COUPES%202100' aria-hidden='true' data-av_icon='\ue8f3' data-av_iconfont='entypo-fontello' title='' data-avia-related-tooltip='Partager sur Facebook'><span class='avia_hidden_link_text'>Partager sur Facebook<\/span><\/a><\/li><li class='av-share-link av-social-link-twitter' ><a target='_blank' href='https:\/\/twitter.com\/share?text=ENSILEUSE%20DE%20FOURRAGE%20DOUBLE%20COUPES%202100&url=http:\/\/fimaks.com\/fr\/?p=13428' aria-hidden='true' data-av_icon='\ue8f1' data-av_iconfont='entypo-fontello' title='' data-avia-related-tooltip='Partager sur Twitter'><span class='avia_hidden_link_text'>Partager sur Twitter<\/span><\/a><\/li><li class='av-share-link av-social-link-gplus' ><a target='_blank' href='https:\/\/plus.google.com\/share?url=http:\/\/fimaks.com\/fr\/ensileuses-de-fourrages\/lensileuse-fimaks-double-coupes-est-utilisee-pour-recolter-toutes-sortes-de-fourrage-vert-et-dherbe-afin-de-produire-de-lensilage-le-rotor-qui-a-48-couteaux-flottants-transfert-lherbe-a-la-vis-q\/' aria-hidden='true' data-av_icon='\ue8f6' data-av_iconfont='entypo-fontello' title='' data-avia-related-tooltip='Partager sur Google+'><span class='avia_hidden_link_text'>Partager sur Google+<\/span><\/a><\/li><li class='av-share-link av-social-link-pinterest' ><a target='_blank' href='http:\/\/pinterest.com\/pin\/create\/button\/?url=http%3A%2F%2Ffimaks.com%2Ffr%2Fensileuses-de-fourrages%2Flensileuse-fimaks-double-coupes-est-utilisee-pour-recolter-toutes-sortes-de-fourrage-vert-et-dherbe-afin-de-produire-de-lensilage-le-rotor-qui-a-48-couteaux-flottants-transfert-lherbe-a-la-vis-q%2F&amp;description=ENSILEUSE%20DE%20FOURRAGE%20DOUBLE%20COUPES%202100&amp;media=' aria-hidden='true' data-av_icon='\ue8f8' data-av_iconfont='entypo-fontello' title='' data-avia-related-tooltip='Partager sur Pinterest'><span class='avia_hidden_link_text'>Partager sur Pinterest<\/span><\/a><\/li><li class='av-share-link av-social-link-linkedin' ><a target='_blank' href='http:\/\/linkedin.com\/shareArticle?mini=true&amp;title=ENSILEUSE%20DE%20FOURRAGE%20DOUBLE%20COUPES%202100&amp;url=http:\/\/fimaks.com\/fr\/ensileuses-de-fourrages\/lensileuse-fimaks-double-coupes-est-utilisee-pour-recolter-toutes-sortes-de-fourrage-vert-et-dherbe-afin-de-produire-de-lensilage-le-rotor-qui-a-48-couteaux-flottants-transfert-lherbe-a-la-vis-q\/' aria-hidden='true' data-av_icon='\ue8fc' data-av_iconfont='entypo-fontello' title='' data-avia-related-tooltip='Partager sur Linkedin'><span class='avia_hidden_link_text'>Partager sur Linkedin<\/span><\/a><\/li><li class='av-share-link av-social-link-tumblr' ><a target='_blank' href='http:\/\/www.tumblr.com\/share\/link?url=http%3A%2F%2Ffimaks.com%2Ffr%2Fensileuses-de-fourrages%2Flensileuse-fimaks-double-coupes-est-utilisee-pour-recolter-toutes-sortes-de-fourrage-vert-et-dherbe-afin-de-produire-de-lensilage-le-rotor-qui-a-48-couteaux-flottants-transfert-lherbe-a-la-vis-q%2F&amp;name=ENSILEUSE%20DE%20FOURRAGE%20DOUBLE%20COUPES%202100&amp;description=' aria-hidden='true' data-av_icon='\ue8fa' data-av_iconfont='entypo-fontello' title='' data-avia-related-tooltip='Partager sur Tumblr'><span class='avia_hidden_link_text'>Partager sur Tumblr<\/span><\/a><\/li><li class='av-share-link av-social-link-vk' ><a target='_blank' href='http:\/\/vk.com\/share.php?url=http:\/\/fimaks.com\/fr\/ensileuses-de-fourrages\/lensileuse-fimaks-double-coupes-est-utilisee-pour-recolter-toutes-sortes-de-fourrage-vert-et-dherbe-afin-de-produire-de-lensilage-le-rotor-qui-a-48-couteaux-flottants-transfert-lherbe-a-la-vis-q\/' aria-hidden='true' data-av_icon='\ue926' data-av_iconfont='entypo-fontello' title='' data-avia-related-tooltip='Partager sur Vk'><span class='avia_hidden_link_text'>Partager sur Vk<\/span><\/a><\/li><li class='av-share-link av-social-link-reddit' ><a target='_blank' href='http:\/\/reddit.com\/submit?url=http:\/\/fimaks.com\/fr\/ensileuses-de-fourrages\/lensileuse-fimaks-double-coupes-est-utilisee-pour-recolter-toutes-sortes-de-fourrage-vert-et-dherbe-afin-de-produire-de-lensilage-le-rotor-qui-a-48-couteaux-flottants-transfert-lherbe-a-la-vis-q\/&amp;title=ENSILEUSE%20DE%20FOURRAGE%20DOUBLE%20COUPES%202100' aria-hidden='true' data-av_icon='\ue927' data-av_iconfont='entypo-fontello' title='' data-avia-related-tooltip='Partager sur Reddit'><span class='avia_hidden_link_text'>Partager sur Reddit<\/span><\/a><\/li><li class='av-share-link av-social-link-mail' ><a  href='mailto:?subject=ENSILEUSE%20DE%20FOURRAGE%20DOUBLE%20COUPES%202100&amp;body=http:\/\/fimaks.com\/fr\/ensileuses-de-fourrages\/lensileuse-fimaks-double-coupes-est-utilisee-pour-recolter-toutes-sortes-de-fourrage-vert-et-dherbe-afin-de-produire-de-lensilage-le-rotor-qui-a-48-couteaux-flottants-transfert-lherbe-a-la-vis-q\/' aria-hidden='true' data-av_icon='\ue805' data-av_iconfont='entypo-fontello' title='' data-avia-related-tooltip='Partager par Mail'><span class='avia_hidden_link_text'>Partager par Mail<\/span><\/a><\/li><\/ul><\/div><\/div>\n<div  class='hr hr-default  '><span class='hr-inner ' ><span class='hr-inner-style'><\/span><\/span><\/div>\n<div  class='avia-video avia-video-16-9   '  itemprop=\"video\" itemtype=\"https:\/\/schema.org\/VideoObject\" ><div class='avia-iframe-wrap'><iframe loading=\"lazy\" width=\"1500\" height=\"844\" src=\"https:\/\/www.youtube.com\/embed\/YLlVg4as-dk?feature=oembed\" frameborder=\"0\" allow=\"autoplay; encrypted-media\" allowfullscreen><\/iframe><\/div><\/div>\n<div  class='hr hr-default  '><span class='hr-inner ' ><span class='hr-inner-style'><\/span><\/span><\/div>\n<div class='avia-data-table-wrap avia_responsive_table'><table class='avia-table avia-data-table avia-table-1  avia_pricing_default '  itemscope=\"itemscope\" itemtype=\"https:\/\/schema.org\/Table\" ><tbody><tr class=''><td class=''><span id=\"result_box\" class=\"short_text\" lang=\"fr\">LARGEUR DE TRAVAIL (mm)<\/span><\/td><td class=''>2100<\/td><\/tr><tr class=''><td class=''><span id=\"result_box\" class=\"short_text\" lang=\"fr\">HAUTEUR (mm)<\/span><\/td><td class=''>3900<\/td><\/tr><tr class=''><td class=''><span id=\"result_box\" class=\"short_text\" lang=\"fr\"><span class=\"\">LONGUEUR A LA POSITION DE ROUTE (mm)<\/span><\/span><\/td><td class=''>3500<\/td><\/tr><tr class=''><td class=''><span id=\"result_box\" class=\"short_text\" lang=\"fr\"><span class=\"\">LONGUEUR A LA POSITION DE TRAVAIL (mm)<\/span><\/span><\/td><td class=''>3500<\/td><\/tr><tr class=''><td class=''><span id=\"result_box\" class=\"short_text\" lang=\"fr\"><span class=\"\">LARGEUR<\/span><\/span> (mm)<\/td><td class=''>4750<\/td><\/tr><tr class=''><td class=''><span id=\"result_box\" class=\"short_text\" lang=\"fr\"><span class=\"\">POIDS (kg)<\/span><\/span><\/td><td class=''>1200<\/td><\/tr><tr class=''><td class=''><span id=\"result_box\" class=\"short_text\" lang=\"fr\"><span class=\"\">PUISSANCE REQUISE<\/span><\/span> (kw\/ch)<\/td><td class=''>80\/110<\/td><\/tr><tr class=''><td class=''><span id=\"result_box\" class=\"short_text\" lang=\"fr\">NOMBRE DE COUTEAUX<\/span><\/td><td class=''>46+8<\/td><\/tr><tr class=''><td class=''><span id=\"result_box\" class=\"short_text\" lang=\"fr\">\u00a0LONGUEUR\u00a0DE COUPE (mm)<\/span><\/td><td class=''>70<\/td><\/tr><tr class=''><td class=''>FORCE DE TRANSMISSION (tr\/min)<\/td><td class=''>540<\/td><\/tr><tr class=''><td class=''><span id=\"result_box\" class=\"short_text\" lang=\"fr\"><span class=\"\">PNEUS<\/span><\/span><\/td><td class=''>2x(235\/75 R15)<\/td><\/tr><tr class=''><td class=''><span id=\"result_box\" class=\"short_text\" lang=\"fr\">CAPACIT\u00c9 (tonnes \/ heure)<\/span><\/td><td class=''>30<\/td><\/tr><\/tbody><\/table><\/div><style type='text\/css'><\/style>\n\t<div  class='av_promobox  avia-button-yes '>\t\t<div class='avia-promocontent'><p>\n<span id=\"result_box\" class=\"short_text\" lang=\"fr\">\u00a0Obtenez un devis.<\/span><\/p>\n<\/div><div class='avia-button-wrap avia-button-right '><a href='http:\/\/fimaks.com\/fr\/contact\/' class='avia-button   avia-icon_select-no avia-color-theme-color avia-size-large avia-position-right '   ><span class='avia_iconbox_title' >Contact<\/span><\/a><\/div>\t<\/div>\n<div class='avia-image-container  av-styling-no-styling    avia-align-center '  itemprop=\"ImageObject\" itemscope=\"itemscope\" itemtype=\"https:\/\/schema.org\/ImageObject\"  ><div class='avia-image-container-inner'><a href='http:\/\/fimaks.com\/fr\/catalogues-en-ligne\/' class='avia_image'   target=\"_blank\" ><img class='avia_image ' src='http:\/\/fimaks.com\/wp-content\/uploads\/2018\/02\/Ot-silaj-makineleri-katalog.jpg' alt='Ot-silaj-makineleri-katalog' title='Ot-silaj-makineleri-katalog'  itemprop=\"thumbnailUrl\"  \/><\/a><\/div><\/div>\n","protected":false},"excerpt":{"rendered":"","protected":false},"author":1,"featured_media":0,"parent":11888,"menu_order":0,"comment_status":"closed","ping_status":"closed","template":"","meta":{"_exactmetrics_skip_tracking":false,"_exactmetrics_sitenote_active":false,"_exactmetrics_sitenote_note":"","_exactmetrics_sitenote_category":0,"footnotes":""},"yst_prominent_words":[],"class_list":["post-13428","page","type-page","status-publish","hentry"],"_links":{"self":[{"href":"http:\/\/fimaks.com\/fr\/wp-json\/wp\/v2\/pages\/13428","targetHints":{"allow":["GET"]}}],"collection":[{"href":"http:\/\/fimaks.com\/fr\/wp-json\/wp\/v2\/pages"}],"about":[{"href":"http:\/\/fimaks.com\/fr\/wp-json\/wp\/v2\/types\/page"}],"author":[{"embeddable":true,"href":"http:\/\/fimaks.com\/fr\/wp-json\/wp\/v2\/users\/1"}],"replies":[{"embeddable":true,"href":"http:\/\/fimaks.com\/fr\/wp-json\/wp\/v2\/comments?post=13428"}],"version-history":[{"count":27,"href":"http:\/\/fimaks.com\/fr\/wp-json\/wp\/v2\/pages\/13428\/revisions"}],"predecessor-version":[{"id":20765,"href":"http:\/\/fimaks.com\/fr\/wp-json\/wp\/v2\/pages\/13428\/revisions\/20765"}],"up":[{"embeddable":true,"href":"http:\/\/fimaks.com\/fr\/wp-json\/wp\/v2\/pages\/11888"}],"wp:attachment":[{"href":"http:\/\/fimaks.com\/fr\/wp-json\/wp\/v2\/media?parent=13428"}],"wp:term":[{"taxonomy":"yst_prominent_words","embeddable":true,"href":"http:\/\/fimaks.com\/fr\/wp-json\/wp\/v2\/yst_prominent_words?post=13428"}],"curies":[{"name":"wp","href":"https:\/\/api.w.org\/{rel}","templated":true}]}}