{"id":20420,"date":"2021-07-08T18:52:05","date_gmt":"2021-07-08T15:52:05","guid":{"rendered":"http:\/\/fimaks.com\/presse-a-balle-et-enrubannage\/presse-a-balle-5190\/"},"modified":"2021-07-09T13:23:03","modified_gmt":"2021-07-09T10:23:03","slug":"presse-a-balle-5190","status":"publish","type":"page","link":"http:\/\/fimaks.com\/fr\/presse-a-balle-et-enrubannage\/presse-a-balle-5190\/","title":{"rendered":"Presse a Balle &#8211; 5190"},"content":{"rendered":"<div class='av-hotspot-image-container avia_animate_when_almost_visible   avia_animated_image avia_animate_when_almost_visible fade-in av-hotspot-numbered av-mobile-fallback-active    av-non-fullwidth-hotspot-image '  itemprop=\"ImageObject\" itemscope=\"itemscope\" itemtype=\"https:\/\/schema.org\/ImageObject\"  ><div class='av-hotspot-container'><div class='av-hotspot-container-inner-cell'><div class='av-hotspot-container-inner-wrap'><img class='avia_image ' src='http:\/\/fimaks.com\/wp-content\/uploads\/2021\/02\/5190.png' alt='' title='5190'   itemprop=\"thumbnailUrl\"  \/><\/div><\/div><\/div><\/div>\n<div style='padding-bottom:10px;' class='av-special-heading av-special-heading-h1  blockquote modern-quote modern-centered   av-thin-font '><h1 class='av-special-heading-tag '  itemprop=\"headline\"  >PRESSE A BALLE \u00c0 3 NOUEURS <br \/> | <strong>5190 <\/strong>|<\/h1><div class='special-heading-border'><div class='special-heading-inner-border' ><\/div><\/div><\/div>\n<div  class='hr hr-default  '><span class='hr-inner ' ><span class='hr-inner-style'><\/span><\/span><\/div>\n<section class=\"av_textblock_section \"  itemscope=\"itemscope\" itemtype=\"https:\/\/schema.org\/CreativeWork\" ><div class='avia_textblock  '   itemprop=\"text\" ><p>Les presses \u00e0 balles Fimaks 5190 S3 TPP sont des machines tr\u00e8s puissantes \u00e9quip\u00e9es d&rsquo;un hachoir standard et d&rsquo;un groupe de 3 noueurs. Ces machines sont sp\u00e9cialement con\u00e7ues pour les utilisateurs qui souhaitent avoir des morceaux de paille hach\u00e9s, sans avoir besoin d&rsquo;une machine sp\u00e9ciale utilis\u00e9e pour broyer la paille.<br \/>\nMoins de poids et de petites dimensions offrent une meilleure maniabilit\u00e9, surtout lorsqu&rsquo;il est n\u00e9cessaire de conduire la machine dans des zones de petite et moyenne taille, les terrains doux ou des routes longues et \u00e9troites. Piston de ramassage \u00e0 r\u00e9glage hydraulique, roue de support de ramassage, r\u00e9glage m\u00e9canique de la position de la voie de travail sont propos\u00e9s en standard sur ce mod\u00e8le. De plus, le produit peut \u00eatre \u00e9quip\u00e9 d&rsquo;un syst\u00e8me de graissage centralis\u00e9, d&rsquo;un syst\u00e8me de ventilateur de noueur, d&rsquo;une position de travail \u00e0 r\u00e9glage hydraulique, d&rsquo;un compteur de balles \u00e9lectronique et d&rsquo;un humidim\u00e8tre pour la chambre de compression.<\/p>\n<\/div><\/section>\n<div  class='hr hr-default  '><span class='hr-inner ' ><span class='hr-inner-style'><\/span><\/span><\/div>\n<div  class='avia-video avia-video-16-9   '  itemprop=\"video\" itemtype=\"https:\/\/schema.org\/VideoObject\" ><div class='avia-iframe-wrap'><iframe loading=\"lazy\" width=\"1500\" height=\"844\" src=\"https:\/\/www.youtube.com\/embed\/k6tG05OafUQ?feature=oembed\" frameborder=\"0\" allow=\"accelerometer; autoplay; clipboard-write; encrypted-media; gyroscope; picture-in-picture\" allowfullscreen><\/iframe><\/div><\/div>\n<div class='avia-data-table-wrap avia_responsive_table'><table class='avia-table avia-data-table avia-table-1  avia_pricing_default '  itemscope=\"itemscope\" itemtype=\"https:\/\/schema.org\/Table\" ><tbody><tr class=''><td class=''>D\u00c9TAILS TECHNIQUES<\/td><td class=''><\/td><\/tr><tr class=''><td class=''>PUISSANCE RECOMMANDEE\u00a0(ch)<\/td><td class=''>60<\/td><\/tr><tr class=''><td class=''>PERFORMANCE (SOUS CONDITIONS ID\u00c9ALES)<\/td><td class=''><\/td><\/tr><tr class=''><td class=''>POIDS DE LA BALLE \u2013 PAILLE (kg)<\/td><td class=''>20-25<\/td><\/tr><tr class=''><td class=''>POIDS DE LA BALLE \u2013 FOIN (kg)<\/td><td class=''>25-35<\/td><\/tr><tr class=''><td class=''>BALLES PAR HEURE<\/td><td class=''>250 balles\/heure<\/td><\/tr><tr class=''><td class=''>SYST\u00c8ME DE RAMASSAGE<\/td><td class=''><\/td><\/tr><tr class=''><td class=''>LARGEUR DE RAMASSAGE (cm)<\/td><td class=''>156<\/td><\/tr><tr class=''><td class=''>LARGEUR DE RAMASSAGE NET \u2013 MUR \u00c0 MUR (cm)<\/td><td class=''>142<\/td><\/tr><tr class=''><td class=''><strong>SYST\u00c8ME DE RAMASSAGE<\/strong><\/td><td class=''>17 DENTS \/ 4 BARRES<\/td><\/tr><tr class=''><td class=''>LEVAGE DU RAMASSEUR HYDRAULIQUE<\/td><td class=''>INCLUS<\/td><\/tr><tr class=''><td class=''>PNEU DE SUPPORT DU RAMASSEUR<\/td><td class=''>NON INCLUS<\/td><\/tr><tr class=''><td class=''><strong>HACHOIR<\/strong><\/td><td class=''>INCLUS<\/td><\/tr><tr class=''><td class=''><strong>CHAMBRE DE COMPRESSION ET QUEUE<\/strong><\/td><td class=''><\/td><\/tr><tr class=''><td class=''>DIMENSION DE LA BALLE (cm)<\/td><td class=''>36&#215;46<\/td><\/tr><tr class=''><td class=''>RAM ET VITESSE \/ MIN \u00c0 610 tr\/min<\/td><td class=''>66 cm &#8211; 90 tr\/min<\/td><\/tr><tr class=''><td class=''><strong>D\u00c9TAILS DU NOUEUR<\/strong><\/td><td class=''><\/td><\/tr><tr class=''><td class=''>NOMBRE DE FILS<\/td><td class=''>3\u00a0NOEUDS<\/td><\/tr><tr class=''><td class=''>LUMI\u00c8RES DE NOUEUR<\/td><td class=''>OPTIONNELLE<\/td><\/tr><tr class=''><td class=''>VENTILATEUR DOUBLE NOUEUR<\/td><td class=''>STANDARD<\/td><\/tr><tr class=''><td class=''><strong>CHANGEMENT DE ROUTE EN POSITION DE TRAVAIL<\/strong><\/td><td class=''><\/td><\/tr><tr class=''><td class=''>HYDRAULIQUE<\/td><td class=''>STANDARD<\/td><\/tr><tr class=''><td class=''><strong>TRANSMISSION<\/strong><\/td><td class=''><\/td><\/tr><tr class=''><td class=''>TRANSMISSION AU NOUEUR<\/td><td class=''>BOITE<\/td><\/tr><tr class=''><td class=''>TRANSMISSION PICK-UP<\/td><td class=''>CHA\u00ceNE<\/td><\/tr><tr class=''><td class=''>PRISES DE FORCE DOUBLES<\/td><td class=''>STANDARD<\/td><\/tr><tr class=''><td class=''>CAPACIT\u00c9 DE LA BO\u00ceTE DE FILS<\/td><td class=''>8<\/td><\/tr><tr class=''><td class=''><strong>ACCESSOIRES<\/strong><\/td><td class=''><\/td><\/tr><tr class=''><td class=''>FEUX DE ROUTE<\/td><td class=''>STANDARD<\/td><\/tr><tr class=''><td class=''>COMPTEUR DE BALLES M\u00c9CANIQUE<\/td><td class=''>STANDARD<\/td><\/tr><tr class=''><td class=''>COMPTEUR DE BALLES \u00c9LECTRONIQUE<\/td><td class=''>OPTIONNELLE<\/td><\/tr><tr class=''><td class=''>ROULEAU AUXILIAIRE EN ACIER DE L&rsquo;ESSIEU ARRI\u00c8RE<\/td><td class=''>OPTIONNELLE<\/td><\/tr><tr class=''><td class=''><strong>DIMENSIONS DE LA MACHINE<\/strong><\/td><td class=''><\/td><\/tr><tr class=''><td class=''>LARGEUR<\/td><td class=''>250<\/td><\/tr><tr class=''><td class=''>LONGUEUR<\/td><td class=''>497<\/td><\/tr><tr class=''><td class=''>HAUTEUR<\/td><td class=''>176<\/td><\/tr><tr class=''><td class=''>DIMENSIONS PNEU GAUCHE<\/td><td class=''>10.0\/75-15<\/td><\/tr><tr class=''><td class=''>DIMENSIONS PNEUS DROIT<\/td><td class=''>6.00-16<\/td><\/tr><tr class=''><td class=''>POIDS<\/td><td class=''>2180<\/td><\/tr><\/tbody><\/table><\/div><style type='text\/css'><\/style>\n<div  class='hr hr-default  '><span class='hr-inner ' ><span class='hr-inner-style'><\/span><\/span><\/div>\n\t<div  class='av_promobox  avia-button-yes '>\t\t<div class='avia-promocontent'><p>\nCliquez ici pour obtenir des informations d\u00e9taill\u00e9es.<\/p>\n<\/div><div class='avia-button-wrap avia-button-right '><a href='' class='avia-button   avia-icon_select-no avia-color-theme-color avia-size-large avia-position-right '   ><span class='avia_iconbox_title' >CONTACT<\/span><\/a><\/div>\t<\/div>\n<div class='avia-image-container  av-styling-no-styling    avia-align-center '  itemprop=\"ImageObject\" itemscope=\"itemscope\" itemtype=\"https:\/\/schema.org\/ImageObject\"  ><div class='avia-image-container-inner'><a href='http:\/\/fimaks.com\/fr\/catalogues-en-ligne\/' class='avia_image'   target=\"_blank\" ><img class='avia_image ' src='http:\/\/fimaks.com\/wp-content\/uploads\/2018\/02\/YEM-KARMA-MAK\u0130NELER\u0130-KATALOG2.jpg' alt='YEM-KARMA-MAK\u0130NELER\u0130-KATALOG2' title='YEM-KARMA-MAK\u0130NELER\u0130-KATALOG2'  itemprop=\"thumbnailUrl\"  \/><\/a><\/div><\/div>\n","protected":false},"excerpt":{"rendered":"","protected":false},"author":1,"featured_media":0,"parent":20385,"menu_order":0,"comment_status":"closed","ping_status":"closed","template":"","meta":{"_exactmetrics_skip_tracking":false,"_exactmetrics_sitenote_active":false,"_exactmetrics_sitenote_note":"","_exactmetrics_sitenote_category":0,"footnotes":""},"yst_prominent_words":[],"class_list":["post-20420","page","type-page","status-publish","hentry"],"_links":{"self":[{"href":"http:\/\/fimaks.com\/fr\/wp-json\/wp\/v2\/pages\/20420","targetHints":{"allow":["GET"]}}],"collection":[{"href":"http:\/\/fimaks.com\/fr\/wp-json\/wp\/v2\/pages"}],"about":[{"href":"http:\/\/fimaks.com\/fr\/wp-json\/wp\/v2\/types\/page"}],"author":[{"embeddable":true,"href":"http:\/\/fimaks.com\/fr\/wp-json\/wp\/v2\/users\/1"}],"replies":[{"embeddable":true,"href":"http:\/\/fimaks.com\/fr\/wp-json\/wp\/v2\/comments?post=20420"}],"version-history":[{"count":60,"href":"http:\/\/fimaks.com\/fr\/wp-json\/wp\/v2\/pages\/20420\/revisions"}],"predecessor-version":[{"id":20685,"href":"http:\/\/fimaks.com\/fr\/wp-json\/wp\/v2\/pages\/20420\/revisions\/20685"}],"up":[{"embeddable":true,"href":"http:\/\/fimaks.com\/fr\/wp-json\/wp\/v2\/pages\/20385"}],"wp:attachment":[{"href":"http:\/\/fimaks.com\/fr\/wp-json\/wp\/v2\/media?parent=20420"}],"wp:term":[{"taxonomy":"yst_prominent_words","embeddable":true,"href":"http:\/\/fimaks.com\/fr\/wp-json\/wp\/v2\/yst_prominent_words?post=20420"}],"curies":[{"name":"wp","href":"https:\/\/api.w.org\/{rel}","templated":true}]}}