{"id":21622,"date":"2021-08-02T13:09:20","date_gmt":"2021-08-02T10:09:20","guid":{"rendered":"http:\/\/fimaks.com\/melangeuses\/melangeuses-stationnaires\/melangeuse-12-metres-cubes-stationnaire-a-1vis\/"},"modified":"2021-08-02T13:09:24","modified_gmt":"2021-08-02T10:09:24","slug":"melangeuse-12-metres-cubes-stationnaire-a-1vis","status":"publish","type":"page","link":"http:\/\/fimaks.com\/fr\/melangeuses\/melangeuses-stationnaires\/melangeuse-12-metres-cubes-stationnaire-a-1vis\/","title":{"rendered":"M\u00c9LANGEUSE 12 M\u00c8TRES CUBES STATIONNAIRE \u00c0 1VIS"},"content":{"rendered":"<div class='av-hotspot-image-container avia_animate_when_almost_visible   avia_animated_image avia_animate_when_almost_visible fade-in av-hotspot-numbered av-mobile-fallback-active    av-non-fullwidth-hotspot-image '  itemprop=\"ImageObject\" itemscope=\"itemscope\" itemtype=\"https:\/\/schema.org\/ImageObject\"  ><div class='av-hotspot-container'><div class='av-hotspot-container-inner-cell'><div class='av-hotspot-container-inner-wrap'><div class='av-image-hotspot' data-avia-tooltip-position='right' data-avia-tooltip-alignment='centered' data-avia-tooltip-class='av-tt-default-width av-tt-pos-right av-tt-align-centered  av-mobile-fallback-active  transparent_dark av-tt-hotspot' data-avia-tooltip='&lt;p&gt;M\u00c9TAL DE ST52 \u00a0| CORPS HARDOX EN OPTION&lt;\/p&gt;\n' style='top: 30.7%; left: 50.4%; '><div class='av-image-hotspot_inner' style='background-color: #c2c9ce; color: #000000;'>1<\/div><div class='av-image-hotspot-pulse' style='background-color:#e8e8e8;'><\/div><\/div><div class='av-image-hotspot' data-avia-tooltip-position='bottom' data-avia-tooltip-alignment='centered' data-avia-tooltip-class='av-tt-default-width av-tt-pos-below av-tt-align-centered  av-mobile-fallback-active  transparent_dark av-tt-hotspot' data-avia-tooltip='&lt;p&gt;MOTEUR \u00c9LECTRIQUE A HAUTE PERFORMANCE&lt;\/p&gt;\n' style='top: 71.3%; left: 52.9%; '><div class='av-image-hotspot_inner' style='background-color: #c2c9ce; color: #000000;'>2<\/div><div class='av-image-hotspot-pulse' style='background-color:#ffffff;'><\/div><\/div><div class='av-image-hotspot' data-avia-tooltip-position='top' data-avia-tooltip-alignment='left' data-avia-tooltip-class='av-tt-default-width av-tt-pos-above av-tt-align-left  av-mobile-fallback-active  transparent_dark av-tt-hotspot' data-avia-tooltip='&lt;p&gt;TRANSMISSION ET BO\u00ceTE DURABLES&lt;\/p&gt;\n' style='top: 70.6%; left: 55.7%; '><div class='av-image-hotspot_inner' style='background-color: #c2c9ce; color: #000000;'>3<\/div><div class='av-image-hotspot-pulse' style='background-color:#ffffff;'><\/div><\/div><div class='av-image-hotspot' data-avia-tooltip-position='top' data-avia-tooltip-alignment='left' data-avia-tooltip-class='av-tt-default-width av-tt-pos-above av-tt-align-left  av-mobile-fallback-active  transparent_dark av-tt-hotspot' data-avia-tooltip='&lt;p&gt;PANNEAU \u00c0 RAYURES HARDOX EN OPTION&lt;\/p&gt;\n' style='top: 59.8%; left: 59.4%; '><div class='av-image-hotspot_inner' style='background-color: #c2c9ce; color: #000000;'>4<\/div><div class='av-image-hotspot-pulse' style='background-color:#ffffff;'><\/div><\/div><div class='av-image-hotspot' data-avia-tooltip-position='top' data-avia-tooltip-alignment='left' data-avia-tooltip-class='av-tt-default-width av-tt-pos-above av-tt-align-left  av-mobile-fallback-active  transparent_dark av-tt-hotspot' data-avia-tooltip='&lt;p&gt;VIS DE CONCEPTION SP\u00c9CIALE&lt;\/p&gt;\n' style='top: 47.6%; left: 59.8%; '><div class='av-image-hotspot_inner' style='background-color: #c2c9ce; color: #000000;'>5<\/div><div class='av-image-hotspot-pulse' style='background-color:#ffffff;'><\/div><\/div><div class='av-image-hotspot' data-avia-tooltip-position='top' data-avia-tooltip-alignment='left' data-avia-tooltip-class='av-tt-default-width av-tt-pos-above av-tt-align-left  av-mobile-fallback-active  transparent_dark av-tt-hotspot' data-avia-tooltip='&lt;p&gt;SYST\u00c8ME HYDRAULIQUE DE PERFORMANCE OPTIMALE&lt;\/p&gt;\n' style='top: 40.2%; left: 46.8%; '><div class='av-image-hotspot_inner' style='background-color: #c2c9ce; color: #000000;'>6<\/div><div class='av-image-hotspot-pulse' style='background-color:#ffffff;'><\/div><\/div><div class='av-image-hotspot' data-avia-tooltip-position='top' data-avia-tooltip-alignment='left' data-avia-tooltip-class='av-tt-default-width av-tt-pos-above av-tt-align-left  av-mobile-fallback-active  transparent_dark av-tt-hotspot' data-avia-tooltip='&lt;p&gt;CONVOYEUR DE DECHARGEMENT&lt;\/p&gt;\n' style='top: 72.1%; left: 44.3%; '><div class='av-image-hotspot_inner' style='background-color: #c2c9ce; color: #000000;'>7<\/div><div class='av-image-hotspot-pulse' style='background-color:#ffffff;'><\/div><\/div><div class='av-image-hotspot' data-avia-tooltip-position='top' data-avia-tooltip-alignment='left' data-avia-tooltip-class='av-tt-default-width av-tt-pos-above av-tt-align-left  av-mobile-fallback-active  transparent_dark av-tt-hotspot' data-avia-tooltip='&lt;p&gt;4 CELLULES&lt;\/p&gt;\n' style='top: 71.1%; left: 61.4%; '><div class='av-image-hotspot_inner' style='background-color: #c2c9ce; color: #000000;'>8<\/div><div class='av-image-hotspot-pulse' style='background-color:#ffffff;'><\/div><\/div><img class='avia_image ' src='http:\/\/fimaks.com\/wp-content\/uploads\/2020\/06\/PRO-4.png' alt='' title='PRO'   itemprop=\"thumbnailUrl\"  \/><\/div><\/div><\/div><div class='av-hotspot-fallback-tooltip'><div class='av-hotspot-fallback-tooltip-count'>1<div class='avia-arrow'><\/div><\/div><div class='av-hotspot-fallback-tooltip-inner clearfix'><p>\nM\u00c9TAL DE ST52 \u00a0| CORPS HARDOX EN OPTION<\/p>\n<\/div><\/div><div class='av-hotspot-fallback-tooltip'><div class='av-hotspot-fallback-tooltip-count'>2<div class='avia-arrow'><\/div><\/div><div class='av-hotspot-fallback-tooltip-inner clearfix'><p>\nMOTEUR \u00c9LECTRIQUE A HAUTE PERFORMANCE<\/p>\n<\/div><\/div><div class='av-hotspot-fallback-tooltip'><div class='av-hotspot-fallback-tooltip-count'>3<div class='avia-arrow'><\/div><\/div><div class='av-hotspot-fallback-tooltip-inner clearfix'><p>\nTRANSMISSION ET BO\u00ceTE DURABLES<\/p>\n<\/div><\/div><div class='av-hotspot-fallback-tooltip'><div class='av-hotspot-fallback-tooltip-count'>4<div class='avia-arrow'><\/div><\/div><div class='av-hotspot-fallback-tooltip-inner clearfix'><p>\nPANNEAU \u00c0 RAYURES HARDOX EN OPTION<\/p>\n<\/div><\/div><div class='av-hotspot-fallback-tooltip'><div class='av-hotspot-fallback-tooltip-count'>5<div class='avia-arrow'><\/div><\/div><div class='av-hotspot-fallback-tooltip-inner clearfix'><p>\nVIS DE CONCEPTION SP\u00c9CIALE<\/p>\n<\/div><\/div><div class='av-hotspot-fallback-tooltip'><div class='av-hotspot-fallback-tooltip-count'>6<div class='avia-arrow'><\/div><\/div><div class='av-hotspot-fallback-tooltip-inner clearfix'><p>\nSYST\u00c8ME HYDRAULIQUE DE PERFORMANCE OPTIMALE<\/p>\n<\/div><\/div><div class='av-hotspot-fallback-tooltip'><div class='av-hotspot-fallback-tooltip-count'>7<div class='avia-arrow'><\/div><\/div><div class='av-hotspot-fallback-tooltip-inner clearfix'><p>\nCONVOYEUR DE DECHARGEMENT<\/p>\n<\/div><\/div><div class='av-hotspot-fallback-tooltip'><div class='av-hotspot-fallback-tooltip-count'>8<div class='avia-arrow'><\/div><\/div><div class='av-hotspot-fallback-tooltip-inner clearfix'><p>\n4 CELLULES<\/p>\n<\/div><\/div><\/div>\n<div style='padding-bottom:10px;' class='av-special-heading av-special-heading-h1  blockquote modern-quote modern-centered   '><h1 class='av-special-heading-tag '  itemprop=\"headline\"  >M\u00c9LANGEUSE 12 M\u00c8TRES CUBES STATIONNAIRE \u00c0 1VIS <\/h1><div class='special-heading-border'><div class='special-heading-inner-border' ><\/div><\/div><\/div>\n<div  class='hr hr-default  '><span class='hr-inner ' ><span class='hr-inner-style'><\/span><\/span><\/div>\n<section class=\"av_textblock_section \"  itemscope=\"itemscope\" itemtype=\"https:\/\/schema.org\/CreativeWork\" ><div class='avia_textblock  '   itemprop=\"text\" ><p>Les m\u00e9langeurs fixes de Fimaks sont des conceptions de projets pour les fermes de moyenne et grande \u00e9chelle. Les m\u00e9langeuses stationnaires sont capables de pr\u00e9parer une grande quantit\u00e9 d&rsquo;aliments en peu de temps. Les m\u00e9langeuses stationnaires augmentent la rentabilit\u00e9 en \u00e9conomisant du temps et de la main-d&rsquo;\u0153uvre.<\/p>\n<p>Les m\u00e9langeurs fixes ont 1, 2 ou 3 vis de conception sp\u00e9ciale. Des couteaux de longue dur\u00e9e rev\u00eatus de tungst\u00e8ne sont plac\u00e9s sur les vis sans fin. Le m\u00e9canisme int\u00e9gr\u00e9 des m\u00e9langeurs fixes est con\u00e7u pour fonctionner longtemps sans avoir besoin d&rsquo;entretien ou de service. La plus grande diff\u00e9rence entre les m\u00e9langeurs fixes de Fimaks et les autres m\u00e9langeurs sur le march\u00e9 est le syst\u00e8me Inverter. La consommation d&rsquo;\u00e9nergie a \u00e9t\u00e9 r\u00e9duite au minimum avec des bo\u00eetes sp\u00e9ciales et un syst\u00e8me d&rsquo;onduleur.<\/p>\n<p>Il existe des fonctionnalit\u00e9s optionnelles fournies par Fimaks,<br \/>\n\u2013 Corps en Hardox<br \/>\n\u2013 Plaque d&rsquo;usure Hardox (rayure)<br \/>\n\u2013 Syst\u00e8me de pesage DG8000&amp;DTMIC avec logiciel<br \/>\n\u2013 Transfert de donn\u00e9es sans fil<br \/>\n\u2013 Affichage XL<br \/>\n\u2013 Moniteur suppl\u00e9mentaire sans fil<br \/>\n&#8211; Conveyeur \u00e0 cha\u00eene<br \/>\n\u2013 Aimant<\/p>\n<\/div><\/section>\n<div  class='hr hr-default  '><span class='hr-inner ' ><span class='hr-inner-style'><\/span><\/span><\/div>\n<div class=\"flex_column av_one_half  flex_column_div av-zero-column-padding first  \" style='border-radius:0px; '><div class='avia-image-container  av-styling-    avia-align-center '  itemprop=\"ImageObject\" itemscope=\"itemscope\" itemtype=\"https:\/\/schema.org\/ImageObject\"  ><div class='avia-image-container-inner'><img class='avia_image ' src='http:\/\/fimaks.com\/wp-content\/uploads\/2020\/06\/1-6-845x650.png' alt='' title='1'   itemprop=\"thumbnailUrl\"  \/><\/div><\/div><\/div>\n<div class=\"flex_column av_one_half  flex_column_div av-zero-column-padding   \" style='border-radius:0px; '><div class='avia-image-container  av-styling-    avia-align-center '  itemprop=\"ImageObject\" itemscope=\"itemscope\" itemtype=\"https:\/\/schema.org\/ImageObject\"  ><div class='avia-image-container-inner'><img class='avia_image ' src='http:\/\/fimaks.com\/wp-content\/uploads\/2020\/06\/2-6-845x650.png' alt='' title='2'   itemprop=\"thumbnailUrl\"  \/><\/div><\/div><\/div>\n<div  class='hr hr-default  '><span class='hr-inner ' ><span class='hr-inner-style'><\/span><\/span><\/div>\n<div class='av-social-sharing-box  av-social-sharing-box-minimal '><div class='av-share-box'><ul class='av-share-box-list noLightbox'><li class='av-share-link av-social-link-facebook' ><a target='_blank' href='http:\/\/www.facebook.com\/sharer.php?u=http:\/\/fimaks.com\/fr\/melangeuses\/melangeuses-stationnaires\/melangeuse-12-metres-cubes-stationnaire-a-1vis\/&amp;t=M%C3%89LANGEUSE%2012%20M%C3%88TRES%20CUBES%20STATIONNAIRE%20%C3%80%201VIS' aria-hidden='true' data-av_icon='\ue8f3' data-av_iconfont='entypo-fontello' title='' data-avia-related-tooltip='Partager sur Facebook'><span class='avia_hidden_link_text'>Partager sur Facebook<\/span><\/a><\/li><li class='av-share-link av-social-link-twitter' ><a target='_blank' href='https:\/\/twitter.com\/share?text=M%C3%89LANGEUSE%2012%20M%C3%88TRES%20CUBES%20STATIONNAIRE%20%C3%80%201VIS&url=http:\/\/fimaks.com\/fr\/?p=21622' aria-hidden='true' data-av_icon='\ue8f1' data-av_iconfont='entypo-fontello' title='' data-avia-related-tooltip='Partager sur Twitter'><span class='avia_hidden_link_text'>Partager sur Twitter<\/span><\/a><\/li><li class='av-share-link av-social-link-gplus' ><a target='_blank' href='https:\/\/plus.google.com\/share?url=http:\/\/fimaks.com\/fr\/melangeuses\/melangeuses-stationnaires\/melangeuse-12-metres-cubes-stationnaire-a-1vis\/' aria-hidden='true' data-av_icon='\ue8f6' data-av_iconfont='entypo-fontello' title='' data-avia-related-tooltip='Partager sur Google+'><span class='avia_hidden_link_text'>Partager sur Google+<\/span><\/a><\/li><li class='av-share-link av-social-link-pinterest' ><a target='_blank' href='http:\/\/pinterest.com\/pin\/create\/button\/?url=http%3A%2F%2Ffimaks.com%2Ffr%2Fmelangeuses%2Fmelangeuses-stationnaires%2Fmelangeuse-12-metres-cubes-stationnaire-a-1vis%2F&amp;description=M%C3%89LANGEUSE%2012%20M%C3%88TRES%20CUBES%20STATIONNAIRE%20%C3%80%201VIS&amp;media=' aria-hidden='true' data-av_icon='\ue8f8' data-av_iconfont='entypo-fontello' title='' data-avia-related-tooltip='Partager sur Pinterest'><span class='avia_hidden_link_text'>Partager sur Pinterest<\/span><\/a><\/li><li class='av-share-link av-social-link-linkedin' ><a target='_blank' href='http:\/\/linkedin.com\/shareArticle?mini=true&amp;title=M%C3%89LANGEUSE%2012%20M%C3%88TRES%20CUBES%20STATIONNAIRE%20%C3%80%201VIS&amp;url=http:\/\/fimaks.com\/fr\/melangeuses\/melangeuses-stationnaires\/melangeuse-12-metres-cubes-stationnaire-a-1vis\/' aria-hidden='true' data-av_icon='\ue8fc' data-av_iconfont='entypo-fontello' title='' data-avia-related-tooltip='Partager sur Linkedin'><span class='avia_hidden_link_text'>Partager sur Linkedin<\/span><\/a><\/li><li class='av-share-link av-social-link-tumblr' ><a target='_blank' href='http:\/\/www.tumblr.com\/share\/link?url=http%3A%2F%2Ffimaks.com%2Ffr%2Fmelangeuses%2Fmelangeuses-stationnaires%2Fmelangeuse-12-metres-cubes-stationnaire-a-1vis%2F&amp;name=M%C3%89LANGEUSE%2012%20M%C3%88TRES%20CUBES%20STATIONNAIRE%20%C3%80%201VIS&amp;description=' aria-hidden='true' data-av_icon='\ue8fa' data-av_iconfont='entypo-fontello' title='' data-avia-related-tooltip='Partager sur Tumblr'><span class='avia_hidden_link_text'>Partager sur Tumblr<\/span><\/a><\/li><li class='av-share-link av-social-link-vk' ><a target='_blank' href='http:\/\/vk.com\/share.php?url=http:\/\/fimaks.com\/fr\/melangeuses\/melangeuses-stationnaires\/melangeuse-12-metres-cubes-stationnaire-a-1vis\/' aria-hidden='true' data-av_icon='\ue926' data-av_iconfont='entypo-fontello' title='' data-avia-related-tooltip='Partager sur Vk'><span class='avia_hidden_link_text'>Partager sur Vk<\/span><\/a><\/li><li class='av-share-link av-social-link-reddit' ><a target='_blank' href='http:\/\/reddit.com\/submit?url=http:\/\/fimaks.com\/fr\/melangeuses\/melangeuses-stationnaires\/melangeuse-12-metres-cubes-stationnaire-a-1vis\/&amp;title=M%C3%89LANGEUSE%2012%20M%C3%88TRES%20CUBES%20STATIONNAIRE%20%C3%80%201VIS' aria-hidden='true' data-av_icon='\ue927' data-av_iconfont='entypo-fontello' title='' data-avia-related-tooltip='Partager sur Reddit'><span class='avia_hidden_link_text'>Partager sur Reddit<\/span><\/a><\/li><li class='av-share-link av-social-link-mail' ><a  href='mailto:?subject=M%C3%89LANGEUSE%2012%20M%C3%88TRES%20CUBES%20STATIONNAIRE%20%C3%80%201VIS&amp;body=http:\/\/fimaks.com\/fr\/melangeuses\/melangeuses-stationnaires\/melangeuse-12-metres-cubes-stationnaire-a-1vis\/' aria-hidden='true' data-av_icon='\ue805' data-av_iconfont='entypo-fontello' title='' data-avia-related-tooltip='Partager par Mail'><span class='avia_hidden_link_text'>Partager par Mail<\/span><\/a><\/li><\/ul><\/div><\/div>\n<div  class='hr hr-default  '><span class='hr-inner ' ><span class='hr-inner-style'><\/span><\/span><\/div>\n<div  class='avia-video avia-video-16-9   '  itemprop=\"video\" itemtype=\"https:\/\/schema.org\/VideoObject\" ><div class='avia-iframe-wrap'><iframe loading=\"lazy\" width=\"1500\" height=\"844\" src=\"https:\/\/www.youtube.com\/embed\/z2GzXsSYNeU?feature=oembed\" frameborder=\"0\" allow=\"accelerometer; autoplay; clipboard-write; encrypted-media; gyroscope; picture-in-picture\" allowfullscreen><\/iframe><\/div><\/div>\n<div  class='hr hr-default  '><span class='hr-inner ' ><span class='hr-inner-style'><\/span><\/span><\/div>\n<div class='avia-data-table-wrap avia_responsive_table'><table class='avia-table avia-data-table avia-table-1  avia_pricing_default '  itemscope=\"itemscope\" itemtype=\"https:\/\/schema.org\/Table\" ><tbody><tr class=''><td class=''>VOLUME (m3)<\/td><td class=''>12<\/td><\/tr><tr class=''><td class=''>NOMBRE DE VIS<\/td><td class=''>1<\/td><\/tr><tr class=''><td class=''>HAUTEUR (mm)<\/td><td class=''>3100<\/td><\/tr><tr class=''><td class=''>LONGUEUR (mm)<\/td><td class=''>4400<\/td><\/tr><tr class=''><td class=''>LARGEUR (mm)<\/td><td class=''>3000<\/td><\/tr><tr class=''><td class=''>POIDS (mm)<\/td><td class=''>3050<\/td><\/tr><tr class=''><td class=''>PUISSANCE DU MOTEUR \u00c9LECTRIQUE (kW)<\/td><td class=''>45<\/td><\/tr><tr class=''><td class=''>NOMBRE DE CELLULES DE PESAGE<\/td><td class=''>4<\/td><\/tr><tr class=''><td class=''>\u00c9PAISSEUR DU, FOND \/ CORPS \/ TARI\u00c8RE (mm)<\/td><td class=''>20\/6\/15<\/td><\/tr><\/tbody><\/table><\/div><style type='text\/css'><\/style>\n<div  class='hr hr-default  '><span class='hr-inner ' ><span class='hr-inner-style'><\/span><\/span><\/div>\n<div class=\"flex_column av_one_third  flex_column_div av-zero-column-padding first  \" style='border-radius:0px; '><div class='avia-image-container  av-styling-  noHover  av-overlay-on-hover   avia-align-center '  itemprop=\"ImageObject\" itemscope=\"itemscope\" itemtype=\"https:\/\/schema.org\/ImageObject\"  ><div class='avia-image-container-inner'><div class='av-image-caption-overlay'><div class='av-caption-image-overlay-bg' style='opacity:0.4; background-color:#000000; '><\/div><div class='av-image-caption-overlay-position'><div class='av-image-caption-overlay-center' style='color:#ffffff; '><p>CORPS HARDOX OU PANNEAU DE RAYURE HARDOX EN OPTION<\/p>\n<\/div><\/div><\/div><img class='avia_image ' src='http:\/\/fimaks.com\/wp-content\/uploads\/2018\/02\/hardox-g\u00f6vdeli-yem-karma-makinesi.jpg' alt='' title='hardox-g\u00f6vdeli-yem-karma-makinesi'   itemprop=\"thumbnailUrl\"  \/><\/div><\/div><\/div>\n<div class=\"flex_column av_one_third  flex_column_div av-zero-column-padding   \" style='border-radius:0px; '><div class='avia-image-container  av-styling-  noHover  av-overlay-on-hover   avia-align-center '  itemprop=\"ImageObject\" itemscope=\"itemscope\" itemtype=\"https:\/\/schema.org\/ImageObject\"  ><div class='avia-image-container-inner'><div class='av-image-caption-overlay'><div class='av-caption-image-overlay-bg' style='opacity:0.4; background-color:#000000; '><\/div><div class='av-image-caption-overlay-position'><div class='av-image-caption-overlay-center' style='color:#ffffff; '><p>SYST\u00c8ME DE PESAGE DG8000&amp;DTMIC EN OPTION AVEC LOGICIEL<\/p>\n<\/div><\/div><\/div><img class='avia_image ' src='http:\/\/fimaks.com\/wp-content\/uploads\/2018\/02\/opsiyonel-dg8000-yaz\u0131l\u0131ml\u0131-tart\u0131-sistemi.jpg' alt='' title='opsiyonel-dg8000-yaz\u0131l\u0131ml\u0131-tart\u0131-sistemi'   itemprop=\"thumbnailUrl\"  \/><\/div><\/div><\/div>\n<div class=\"flex_column av_one_third  flex_column_div av-zero-column-padding   \" style='border-radius:0px; '><div class='avia-image-container  av-styling-  noHover  av-overlay-on-hover   avia-align-center '  itemprop=\"ImageObject\" itemscope=\"itemscope\" itemtype=\"https:\/\/schema.org\/ImageObject\"  ><div class='avia-image-container-inner'><div class='av-image-caption-overlay'><div class='av-caption-image-overlay-bg' style='opacity:0.4; background-color:#000000; '><\/div><div class='av-image-caption-overlay-position'><div class='av-image-caption-overlay-center' style='color:#ffffff; '><p>VIS ET COUTEAUX DE CONCEPTION SP\u00c9CIALE<\/p>\n<\/div><\/div><\/div><img class='avia_image ' src='http:\/\/fimaks.com\/wp-content\/uploads\/2018\/02\/sabit-yem-karma-makinesi-\u00f6zel-tasar\u0131ml\u0131-helezonlar.jpg' alt='' title='sabit-yem-karma-makinesi-\u00f6zel-tasar\u0131ml\u0131-helezonlar'   itemprop=\"thumbnailUrl\"  \/><\/div><\/div><\/div>\n\t<div  class='av_promobox  avia-button-yes '>\t\t<div class='avia-promocontent'><p>\nContactez-nous pour plus d&rsquo;informations!<\/p>\n<\/div><div class='avia-button-wrap avia-button-right '><a href='' class='avia-button   avia-icon_select-no avia-color-theme-color avia-size-large avia-position-right '   ><span class='avia_iconbox_title' >CONTACT<\/span><\/a><\/div>\t<\/div>\n<div class='avia-image-container  av-styling-no-styling    avia-align-center '  itemprop=\"ImageObject\" itemscope=\"itemscope\" itemtype=\"https:\/\/schema.org\/ImageObject\"  ><div class='avia-image-container-inner'><a href='fimaks-kataloglar\/fimaks-gubre-romorklari.pdf' class='avia_image'   target=\"_blank\" ><img class='avia_image ' src='http:\/\/fimaks.com\/wp-content\/uploads\/2018\/02\/YEM-KARMA-MAK\u0130NELER\u0130-KATALOG2.jpg' alt='YEM-KARMA-MAK\u0130NELER\u0130-KATALOG2' title='YEM-KARMA-MAK\u0130NELER\u0130-KATALOG2'  itemprop=\"thumbnailUrl\"  \/><\/a><\/div><\/div>\n","protected":false},"excerpt":{"rendered":"","protected":false},"author":1,"featured_media":0,"parent":8502,"menu_order":0,"comment_status":"closed","ping_status":"closed","template":"","meta":{"_exactmetrics_skip_tracking":false,"_exactmetrics_sitenote_active":false,"_exactmetrics_sitenote_note":"","_exactmetrics_sitenote_category":0,"footnotes":""},"yst_prominent_words":[],"class_list":["post-21622","page","type-page","status-publish","hentry"],"_links":{"self":[{"href":"http:\/\/fimaks.com\/fr\/wp-json\/wp\/v2\/pages\/21622","targetHints":{"allow":["GET"]}}],"collection":[{"href":"http:\/\/fimaks.com\/fr\/wp-json\/wp\/v2\/pages"}],"about":[{"href":"http:\/\/fimaks.com\/fr\/wp-json\/wp\/v2\/types\/page"}],"author":[{"embeddable":true,"href":"http:\/\/fimaks.com\/fr\/wp-json\/wp\/v2\/users\/1"}],"replies":[{"embeddable":true,"href":"http:\/\/fimaks.com\/fr\/wp-json\/wp\/v2\/comments?post=21622"}],"version-history":[{"count":24,"href":"http:\/\/fimaks.com\/fr\/wp-json\/wp\/v2\/pages\/21622\/revisions"}],"predecessor-version":[{"id":21646,"href":"http:\/\/fimaks.com\/fr\/wp-json\/wp\/v2\/pages\/21622\/revisions\/21646"}],"up":[{"embeddable":true,"href":"http:\/\/fimaks.com\/fr\/wp-json\/wp\/v2\/pages\/8502"}],"wp:attachment":[{"href":"http:\/\/fimaks.com\/fr\/wp-json\/wp\/v2\/media?parent=21622"}],"wp:term":[{"taxonomy":"yst_prominent_words","embeddable":true,"href":"http:\/\/fimaks.com\/fr\/wp-json\/wp\/v2\/yst_prominent_words?post=21622"}],"curies":[{"name":"wp","href":"https:\/\/api.w.org\/{rel}","templated":true}]}}