{"id":7966,"date":"2018-03-27T10:28:34","date_gmt":"2018-03-27T07:28:34","guid":{"rendered":"http:\/\/fimaks.com\/carriere\/"},"modified":"2018-05-28T12:25:34","modified_gmt":"2018-05-28T09:25:34","slug":"carriere","status":"publish","type":"page","link":"http:\/\/fimaks.com\/fr\/carriere\/","title":{"rendered":"CARRI\u00c8RE"},"content":{"rendered":"<div class='av-hotspot-image-container avia_animate_when_almost_visible   av-hotspot-numbered av-mobile-fallback-active    av-non-fullwidth-hotspot-image '  itemprop=\"ImageObject\" itemscope=\"itemscope\" itemtype=\"https:\/\/schema.org\/ImageObject\"  ><div class='av-hotspot-container'><div class='av-hotspot-container-inner-cell'><div class='av-hotspot-container-inner-wrap'><img class='avia_image ' src='http:\/\/fimaks.com\/wp-content\/uploads\/2018\/04\/fimaks-kariyer.jpg' alt='' title='fimaks-kariyer'   itemprop=\"thumbnailUrl\"  \/><\/div><\/div><\/div><\/div>\n<div style='height:20px' class='hr hr-invisible  '><span class='hr-inner ' ><span class='hr-inner-style'><\/span><\/span><\/div>\n<div style='padding-bottom:10px;' class='av-special-heading av-special-heading-h5 meta-heading    '><h5 class='av-special-heading-tag '  itemprop=\"headline\"  >FORMULAIRE<\/h5><div class='special-heading-border'><div class='special-heading-inner-border' ><\/div><\/div><\/div>\n<section class=\"av_textblock_section \"  itemscope=\"itemscope\" itemtype=\"https:\/\/schema.org\/CreativeWork\" ><div class='avia_textblock  '   itemprop=\"text\" ><div data-uniq='69eb38402ef01' class='uniq-69eb38402ef01 formcraft-css form-live align-left'><style type='text\/css' scoped='scoped'>.form-element-html .fileupload-button {width:420px;}<\/style><div class='form-logic'>[]<\/div><div class=\"fc-pagination-cover fc-pagination-1\">\n\t\t\t\t<div class=\"fc-pagination\" style=\"width: 100%\">\n\t\t\t\t\t<div class=\"pagination-trigger \" data-index=\"0\">\n\t\t\t\t\t\t<span class=\"page-number\"><span >1<\/span><\/span>\n\t\t\t\t\t\t<span class=\"page-name \">Step 1<\/span>\n\t\t\t\t\t\t\n\t\t\t\t\t<\/div>\n\t\t\t\t<\/div>\n\t\t\t<\/div>\n\t\t\t\n\t\t\t<style scoped=\"scoped\" >\n\t\t\t@media (max-width : 480px) {\n\t\t\t\t.fc_modal-dialog-2 .fc-pagination-cover .fc-pagination\n\t\t\t\t{\n\t\t\t\t\tbackground-color: none !important;\n\t\t\t\t}\n\t\t\t}\n\t\t\t.formcraft-css .fc-form.fc-form-2 .form-element .submit-cover .submit-button,\n\t\t\t.formcraft-css .fc-form.fc-form-2 .form-element .fileupload-cover .button-file,\n\t\t\t.formcraft-css .fc-form.fc-form-2 .form-element .field-cover .button,\n\t\t\t.formcraft-datepicker .ui-datepicker-header,\n\t\t\t.formcraft-datepicker .ui-datepicker-title,\n\t\t\t.formcraft-css .fc-form.fc-form-2 .stripe-amount-show\n\t\t\t{\n\t\t\t\tbackground: #a81010;\n\t\t\t\tcolor: #fff;\n\t\t\t}\n\t\t\t.formcraft-datepicker td .ui-state-active,\n\t\t\t.formcraft-datepicker td .ui-state-hover,\n\t\t\t.formcraft-css .fc-form.fc-form-2 .form-element .slider-cover .ui-slider-range\n\t\t\t{\n\t\t\t\tbackground: #a81010;\n\t\t\t}\n\t\t\t#ui-datepicker-div.formcraft-datepicker .ui-datepicker-header,\n\t\t\t.formcraft-css .fc-form .field-cover>div.full hr\n\t\t\t{\n\t\t\t\tborder-color: #930e0e;\n\t\t\t}\n\t\t\t#ui-datepicker-div.formcraft-datepicker .ui-datepicker-prev:hover,\n\t\t\t#ui-datepicker-div.formcraft-datepicker .ui-datepicker-next:hover,\n\t\t\t#ui-datepicker-div.formcraft-datepicker select.ui-datepicker-month:hover,\n\t\t\t#ui-datepicker-div.formcraft-datepicker select.ui-datepicker-year:hover\n\t\t\t{\n\t\t\t\tbackground-color: #930e0e;\n\t\t\t}\n\t\t\t.formcraft-css .fc-pagination>div.active .page-number,\n\t\t\t.formcraft-css .form-cover-builder .fc-pagination>div:first-child .page-number\n\t\t\t{\n\t\t\t\tbackground-color: #cd5c5c;\n\t\t\t\tcolor: #fff;\n\t\t\t}\n\t\t\t#ui-datepicker-div.formcraft-datepicker table.ui-datepicker-calendar th,\n\t\t\t#ui-datepicker-div.formcraft-datepicker table.ui-datepicker-calendar td.ui-datepicker-today a,\n\t\t\t.formcraft-css .fc-form.fc-form-2 .form-element .star-cover label,\n\t\t\thtml .formcraft-css .fc-form.label-floating .form-element .field-cover.has-focus>span,\n\t\t\t.formcraft-css .fc-form.fc-form-2 .form-element .customText-cover a,\n\t\t\t.formcraft-css .prev-next>div span:hover\n\t\t\t{\n\t\t\t\tcolor: #a81010;\n\t\t\t}\n\t\t\t.formcraft-css .fc-form.fc-form-2 .form-element .customText-cover a:hover\n\t\t\t{\n\t\t\t\tcolor: #930e0e;\n\t\t\t}\n\t\t\thtml .formcraft-css .fc-form.fc-form-2.label-floating .form-element .field-cover > span\n\t\t\t{\n\t\t\t\tcolor: #666666;\n\t\t\t}\n\t\t\t.formcraft-css .fc-form.fc-form-2 .form-element .field-cover input[type=\"text\"],\n\t\t\t.formcraft-css .fc-form.fc-form-2 .form-element .field-cover input[type=\"email\"],\n\t\t\t.formcraft-css .fc-form.fc-form-2 .form-element .field-cover input[type=\"password\"],\n\t\t\t.formcraft-css .fc-form.fc-form-2 .form-element .field-cover input[type=\"tel\"],\n\t\t\t.formcraft-css .fc-form.fc-form-2 .form-element .field-cover textarea,\n\t\t\t.formcraft-css .fc-form.fc-form-2 .form-element .field-cover select,\n\t\t\t.formcraft-css .fc-form.fc-form-2 .form-element .field-cover .time-fields-cover\n\t\t\t{\n\t\t\t\tcolor: #777;\n\t\t\t}\n\t\t\t.formcraft-css .fc-form.fc-form-2 .form-element .field-cover input[type=\"text\"],\n\t\t\t.formcraft-css .fc-form.fc-form-2 .form-element .field-cover input[type=\"password\"],\n\t\t\t.formcraft-css .fc-form.fc-form-2 .form-element .field-cover input[type=\"email\"],\n\t\t\t.formcraft-css .fc-form.fc-form-2 .form-element .field-cover input[type=\"tel\"],\n\t\t\t.formcraft-css .fc-form.fc-form-2 .form-element .field-cover select,\n\t\t\t.formcraft-css .fc-form.fc-form-2 .form-element .field-cover textarea\n\t\t\t{\n\t\t\t\tbackground-color: #fafafa;\n\t\t\t}\n\t\t\t.formcraft-css .fc-form.fc-form-2 .form-element .star-cover label .star\n\t\t\t{\n\t\t\t\ttext-shadow: 0px 1px 0px #930e0e;\n\t\t\t}\n\t\t\t.formcraft-css .fc-form.fc-form-2 .form-element .slider-cover .ui-slider-range\n\t\t\t{\n\t\t\t\tbox-shadow: 0px 1px 1px #930e0e inset;\n\t\t\t}\n\t\t\t.formcraft-css .fc-form.fc-form-2 .form-element .fileupload-cover .button-file,\n\t\t\t.formcraft-css .fc-form.fc-form-2 .form-element .stripe-amount-show\n\t\t\t{\n\t\t\t\tborder-color: #930e0e;\n\t\t\t}\n\t\t\t.formcraft-css .fc-form.fc-form-2 .stripe-cover.field-cover div.stripe-amount-show::before\n\t\t\t{\n\t\t\t\tborder-top-color: #930e0e;\n\t\t\t}\n\t\t\t.formcraft-css .fc-form.fc-form-2 .stripe-cover.field-cover div.stripe-amount-show::after\n\t\t\t{\n\t\t\t\tborder-right-color: #a81010;\n\t\t\t}\n\t\t\t.formcraft-css .fc-form.fc-form-2 .form-element .stripe-amount-show,\n\t\t\t.formcraft-css .fc-form.fc-form-2 .form-element .submit-cover .submit-button .text,\n\t\t\t.formcraft-css .fc-form.fc-form-2 .form-element .field-cover .button\n\t\t\t{\n\t\t\t\ttext-shadow: 1px 0px 3px #930e0e;\n\t\t\t}\n\t\t\t.formcraft-css .fc-form.fc-form-2 .form-element .form-element-html input[type=\"password\"]:focus,\n\t\t\t.formcraft-css .fc-form.fc-form-2 .form-element .form-element-html input[type=\"email\"]:focus,\n\t\t\t.formcraft-css .fc-form.fc-form-2 .form-element .form-element-html input[type=\"tel\"]:focus,\n\t\t\t.formcraft-css .fc-form.fc-form-2 .form-element .form-element-html input[type=\"text\"]:focus,\n\t\t\t.formcraft-css .fc-form.fc-form-2 .form-element .form-element-html textarea:focus,\n\t\t\t.formcraft-css .fc-form.fc-form-2 .form-element .form-element-html select:focus\n\t\t\t{\n\t\t\t\tborder-color: #a81010;\n\t\t\t}\n\t\t\t.formcraft-css .fc-form.fc-form-2 .form-element .form-element-html .field-cover .is-read-only:focus {\n\t\t\t\tborder-color: #ccc;\n\t\t\t}\n\t\t\t.formcraft-css .fc-form.fc-form-2\t\t\t{\n\t\t\t\tfont-family: inherit;\n\t\t\t}\n\t\t\t@media (max-width : 480px) {\n\t\t\t\thtml .dedicated-page,\n\t\t\t\thtml .dedicated-page .formcraft-css .fc-pagination > div.active\n\t\t\t\t{\n\t\t\t\t\tbackground: none;\n\t\t\t\t}\n\t\t\t}\n\t\t<\/style>\n\t\t<div class=\"form-cover\">\n\t\t\t<form data-thousand=\"\" data-decimal=\".\" data-delay=\"\" data-id=\"2\" class=\"fc-form fc-form-2 align- fc-temp-class spin- save-form- dont-submit-hidden- remove-asterisk- icons-hide- disable-enter- label-placeholder frame-hidden field-alignment-left options-fade  \" style=\"width: 420px; color: #666666; font-size: 100%; background: none\">\n\t\t\t\t<div class=\"form-page form-page-0\" data-index=\"0\">\n\t\t\t\t\t\n\t\t\t\t\t<div class=\"form-page-content     \">\n\t\t\t\t\t\t<div data-identifier=\"field11\" data-index=\"0\" style=\"width: 100%\" class=\" form-element form-element-field11 options-false index-false form-element-0 default-false form-element-type-oneLineText is-required-true odd -handle\">\n\t\t\t\t\t\t\t<div class=\"form-element-html\"><div ><div class=\"oneLineText-cover field-cover \"><span class=\"sub-label-true\"><span class=\"main-label\"><span >NAME \/ SURNAME<\/span><\/span><span class=\"sub-label\"><span >Your full name.<\/span><\/span><\/span><div><span class=\"error\"><\/span><input type=\"text\" placeholder=\"NAME \/ SURNAME\" make-read-only=\"false\" data-field-id=\"field11\" name=\"field11[]\" data-min-char=\"\" data-max-char=\"\" data-val-type=\"alphabets\" data-regexp=\"\" data-is-required=\"true\" data-allow-spaces=\"true\" class=\"validation-lenient\" data-placement=\"right\" data-toggle=\"tooltip\" tooltip=\"\" data-trigger=\"focus\" data-html=\"true\" data-input-mask=\"\" data-mask-placeholder=\"\" data-original-title=\"\"><i class=\"formcraft-icon formcraft-icon-type-account_circle\">account_circle<\/i><\/div><\/div><\/div><\/div>\n\t\t\t\t\t\t\t\n\t\t\t\t\t\t<\/div><div data-identifier=\"field2\" data-index=\"1\" style=\"width: 100%\" class=\" even form-element form-element-field2 form-element-1 default-false form-element-type-oneLineText is-required-true -handle options-true index-true\">\n\t\t\t\t\t\t\t<div class=\"form-element-html\"><div ><div class=\"oneLineText-cover field-cover \"><span class=\"sub-label-false\"><span class=\"main-label\"><span >PHONE NUMBER WITH COUNTRY CODE<\/span><\/span><span class=\"sub-label\"><\/span><\/span><div><span class=\"error\"><\/span><input type=\"text\" placeholder=\"PHONE NUMBER WITH COUNTRY CODE\" make-read-only=\"false\" data-field-id=\"field2\" name=\"field2[]\" data-min-char=\"\" data-max-char=\"\" data-val-type=\"numbers\" data-regexp=\"\" data-is-required=\"true\" data-allow-spaces=\"false\" class=\"validation-lenient\" data-placement=\"right\" data-toggle=\"tooltip\" tooltip=\"\" data-trigger=\"focus\" data-html=\"true\" data-input-mask=\"\" data-mask-placeholder=\"\" data-original-title=\"Phone number with country code\"><i class=\"formcraft-icon formcraft-icon-type-android\">android<\/i><\/div><\/div><\/div><\/div>\n\t\t\t\t\t\t\t\n\t\t\t\t\t\t<\/div><div data-identifier=\"field5\" data-index=\"2\" style=\"width: 100%\" class=\" form-element form-element-field5 options-false index-false form-element-2 default-false form-element-type-email is-required-true odd -handle\">\n\t\t\t\t\t\t\t<div class=\"form-element-html\"><div ><div class=\"email-cover field-cover \"><span class=\"sub-label-true\"><span class=\"main-label\"><span >E-MAIL ADRESS<\/span><\/span><span class=\"sub-label\"><span >a valid email<\/span><\/span><\/span><div><span class=\"error\"><\/span><input placeholder=\"E-MAIL ADRESS\" data-field-id=\"field5\" type=\"text\" data-val-type=\"email\" make-read-only=\"\" data-is-required=\"true\" name=\"field5\" class=\"validation-lenient\" data-placement=\"right\" data-toggle=\"tooltip\" tooltip=\"\" data-trigger=\"focus\" data-html=\"true\" data-original-title=\"\"><i class=\"formcraft-icon\">email<\/i><\/div><\/div><\/div><\/div>\n\t\t\t\t\t\t\t\n\t\t\t\t\t\t<\/div><div data-identifier=\"field4\" data-index=\"3\" style=\"width: 100%\" class=\" even form-element form-element-field4 options-false index-false form-element-3 default-false form-element-type-oneLineText is-required-true -handle\">\n\t\t\t\t\t\t\t<div class=\"form-element-html\"><div ><div class=\"oneLineText-cover field-cover \"><span class=\"sub-label-false\"><span class=\"main-label\"><span >SPECIALITY<\/span><\/span><span class=\"sub-label\"><\/span><\/span><div><span class=\"error\"><\/span><input type=\"text\" placeholder=\"SPECIALITY\" make-read-only=\"false\" data-field-id=\"field4\" name=\"field4[]\" data-min-char=\"\" data-max-char=\"\" data-val-type=\"alphanumeric\" data-regexp=\"\" data-is-required=\"true\" data-allow-spaces=\"true\" class=\"validation-lenient\" data-placement=\"right\" data-toggle=\"tooltip\" tooltip=\"\" data-trigger=\"focus\" data-html=\"true\" data-input-mask=\"\" data-mask-placeholder=\"\" data-original-title=\"\"><i class=\"formcraft-icon formcraft-icon-type-build\">build<\/i><\/div><\/div><\/div><\/div>\n\t\t\t\t\t\t\t\n\t\t\t\t\t\t<\/div><div data-identifier=\"field12\" data-index=\"4\" style=\"width: 100%\" class=\" form-element form-element-field12 options-false index-false form-element-4 default-false form-element-type-dropdown is-required-true odd -handle\">\n\t\t\t\t\t\t\t<div class=\"form-element-html\"><div ><div class=\"dropdown-cover field-cover  \"><span class=\"sub-label-false\"><span class=\"main-label\"><span >GRADUATION<\/span><\/span><span class=\"sub-label\"><\/span><\/span><div><span class=\"error\"><\/span><select data-is-required=\"true\" class=\"validation-lenient\" data-field-id=\"field12\" name=\"field12\" data-placement=\"right\" data-toggle=\"tooltip\" tooltip=\"\" data-trigger=\"hover\" data-html=\"true\" data-original-title=\"\"><option value=\"\" class=\" \">GRADUATION<\/option><option value=\"HIGH SCHOOL\" class=\" \">HIGH SCHOOL<\/option><option value=\"COLLAGE\" class=\" \">COLLAGE<\/option><option value=\"ASSOCIATE'S\" class=\" \">ASSOCIATE'S<\/option><option value=\"BACHELOR'S\" class=\" \">BACHELOR'S<\/option><option value=\"DOCTOR'S\" class=\" \">DOCTOR'S<\/option><\/select><\/div><\/div><\/div><\/div>\n\t\t\t\t\t\t\t\n\t\t\t\t\t\t<\/div><div data-identifier=\"field13\" data-index=\"5\" style=\"width: 100%\" class=\" even form-element form-element-field13 options-false index-false form-element-5 default-false form-element-type-checkbox is-required-true -handle\">\n\t\t\t\t\t\t\t<div class=\"form-element-html\"><div ><div class=\"images-true checkbox-cover field-cover\"><span class=\"sub-label-false\"><span class=\"main-label\"><\/span><span class=\"sub-label\"><\/span><\/span><div data-placement=\"right\" data-toggle=\"tooltip\" tooltip=\"\" data-trigger=\"hover\" data-html=\"true\" data-original-title=\"\"><span class=\"error\"><\/span><label style=\"width:\" ><img alt=\"\"><input data-field-id=\"field13\" type=\"radio\" data-is-required=\"true\" name=\"field13[]\" value=\"TURKISH\" class=\"validation-lenient\"><span><span >TURKISH<\/span><\/span><\/label><label style=\"width:\" ><img alt=\"\"><input data-field-id=\"field13\" type=\"radio\" data-is-required=\"true\" name=\"field13[]\" value=\"OTHER NATIONALITY\" class=\"validation-lenient\"><span><span >OTHER NATIONALITY<\/span><\/span><\/label><\/div><\/div><\/div><\/div>\n\t\t\t\t\t\t\t\n\t\t\t\t\t\t<\/div><div data-identifier=\"field7\" data-index=\"6\" style=\"width: 100%\" class=\" form-element form-element-field7 options-false index-false form-element-6 default-false form-element-type-textarea is-required-false odd -handle\">\n\t\t\t\t\t\t\t<div class=\"form-element-html\"><div ><div class=\"textarea-cover field-cover \"><span class=\"sub-label-true\"><span class=\"main-label\"><span >YOUR MESSAGE<\/span><\/span><span class=\"sub-label\"><span >more details<\/span><\/span><\/span><div><span class=\"error\"><\/span><textarea data-field-id=\"field7\" placeholder=\"YOUR MESSAGE\" class=\"validation-lenient\" name=\"field7\" value=\"\" rows=\"5\" data-min-char=\"\" data-max-char=\"\" data-is-required=\"false\" data-placement=\"right\" data-toggle=\"tooltip\" tooltip=\"\" data-trigger=\"focus\" data-html=\"true\" data-original-title=\"\" style=\"min-height: 110px\"><\/textarea><div class=\"count-\"><span class=\"current-count\">0<\/span> \/ <span class=\"max-count \"><\/span><\/div><\/div><\/div><\/div><\/div>\n\t\t\t\t\t\t\t\n\t\t\t\t\t\t<\/div><div data-identifier=\"field9\" data-index=\"7\" style=\"width: 100%\" class=\" even form-element form-element-field9 form-element-7 default-false form-element-type-fileupload is-required-false -handle options-true index-true\">\n\t\t\t\t\t\t\t<div class=\"form-element-html\"><div ><div class=\"wide- fileupload-cover field-cover\"><span class=\"sub-label-\"><span class=\"main-label\"><span >FILE<\/span><\/span><span class=\"sub-label\"><span >Y\u00dcKLE<\/span><\/span><\/span><div><span class=\"error\"><\/span><div class=\"button button-file fileupload-button\" data-placement=\"right\" data-toggle=\"tooltip\" tooltip=\"\" data-trigger=\"hover\" data-html=\"true\" data-original-title=\"ONLY 1 FILE\"><i class=\"icon-upload-cloud formcraft-icon\">cloud_upload<\/i><span >ADD RESUME (PDF ONLY)<\/span><input type=\"file\" data-name-list=\"field9\" name=\"files\" multiple=\"multiple\" data-allow-extensions=\"pdf,\" data-min-files=\"0\" data-max-files=\"1\" data-max-size=\"50000\"><\/div><\/div><\/div><\/div><\/div>\n\t\t\t\t\t\t\t\n\t\t\t\t\t\t<\/div><div data-identifier=\"field15\" data-index=\"8\" style=\"width: 100%\" class=\" form-element form-element-field15 options-false index-false form-element-8 default-false form-element-type-submit is-required-false odd -handle\">\n\t\t\t\t\t\t\t<div class=\"form-element-html\"><div ><div class=\"align-center wide-false submit-cover field-cover\"><button type=\"submit\" class=\"button submit-button\"><span class=\"text \">SEND THE APPLICATION<\/span><span class=\"spin-cover\"><i style=\"color:\" class=\"loading-icon icon-cog animate-spin\"><\/i><\/span><\/button><\/div><div class=\"submit-response \"><\/div><input type=\"text\" class=\"required_field \" name=\"website\"><\/div><\/div>\n\t\t\t\t\t\t\t\n\t\t\t\t\t\t<\/div>\n\t\t\t\t\t<\/div>\n\t\t\t\t<\/div>\n\t\t\t<\/form>\n\t\t\t<div class=\"prev-next prev-next-1\" style=\"width: 420px; color: #666666; font-size: 100%; background: none\">\n\t\t\t\t<div><input type=\"text\" class=\"  \"><span class=\"inactive page-prev \"><i class=\"formcraft-icon\">keyboard_arrow_left<\/i>Previous<\/span><\/div>\n\t\t\t\t<div><input type=\"text\" class=\"  \"><span class=\"page-next \">Next<i class=\"formcraft-icon\">keyboard_arrow_right<\/i><\/span><\/div>\n\t\t\t<\/div>\n\t\t<\/div><a class=\"powered-by\" target=\"_blank\" href=\"http:\/\/formcraft-wp.com?source=pb\"\/>FormCraft - WordPress form builder<\/a><\/div>\n<\/div><\/section>\n<div  class='hr hr-default  '><span class='hr-inner ' ><span class='hr-inner-style'><\/span><\/span><\/div>\n<section class=\"av_textblock_section \"  itemscope=\"itemscope\" itemtype=\"https:\/\/schema.org\/CreativeWork\" ><div class='avia_textblock  '   itemprop=\"text\" ><p><span id=\"result_box\" class=\"\" lang=\"fr\">L&rsquo;agriculture a un r\u00f4le tr\u00e8s important dans notre avenir. <span class=\"\">La demande de produits agricoles augmente chaque jour tandis que la population mondiale augmente.Nous croyons que la m\u00e9canisation agricole joue un r\u00f4le majeur dans ce d\u00e9fi.Fimaks machines agricole utilise toutes les sources possibles pour am\u00e9liorer les capacit\u00e9s, les connaissances et la satisfaction des employ\u00e9s et les conduit \u00e0 \u00eatre cr\u00e9atifs et respectueux de l&rsquo;environnement. Faire partie de la famille Fimaks signifie faire partie d&rsquo;une entreprise qui agit de mani\u00e8re responsable et offre un environnement qui en font partie.<\/span><\/span><\/p>\n<\/div><\/section>\n<div  class='hr hr-default  '><span class='hr-inner ' ><span class='hr-inner-style'><\/span><\/span><\/div>\n","protected":false},"excerpt":{"rendered":"","protected":false},"author":1,"featured_media":0,"parent":0,"menu_order":0,"comment_status":"closed","ping_status":"closed","template":"","meta":{"_exactmetrics_skip_tracking":false,"_exactmetrics_sitenote_active":false,"_exactmetrics_sitenote_note":"","_exactmetrics_sitenote_category":0,"footnotes":""},"yst_prominent_words":[],"class_list":["post-7966","page","type-page","status-publish","hentry"],"_links":{"self":[{"href":"http:\/\/fimaks.com\/fr\/wp-json\/wp\/v2\/pages\/7966","targetHints":{"allow":["GET"]}}],"collection":[{"href":"http:\/\/fimaks.com\/fr\/wp-json\/wp\/v2\/pages"}],"about":[{"href":"http:\/\/fimaks.com\/fr\/wp-json\/wp\/v2\/types\/page"}],"author":[{"embeddable":true,"href":"http:\/\/fimaks.com\/fr\/wp-json\/wp\/v2\/users\/1"}],"replies":[{"embeddable":true,"href":"http:\/\/fimaks.com\/fr\/wp-json\/wp\/v2\/comments?post=7966"}],"version-history":[{"count":5,"href":"http:\/\/fimaks.com\/fr\/wp-json\/wp\/v2\/pages\/7966\/revisions"}],"predecessor-version":[{"id":15660,"href":"http:\/\/fimaks.com\/fr\/wp-json\/wp\/v2\/pages\/7966\/revisions\/15660"}],"wp:attachment":[{"href":"http:\/\/fimaks.com\/fr\/wp-json\/wp\/v2\/media?parent=7966"}],"wp:term":[{"taxonomy":"yst_prominent_words","embeddable":true,"href":"http:\/\/fimaks.com\/fr\/wp-json\/wp\/v2\/yst_prominent_words?post=7966"}],"curies":[{"name":"wp","href":"https:\/\/api.w.org\/{rel}","templated":true}]}}