{"id":7997,"date":"2018-03-27T11:11:53","date_gmt":"2018-03-27T08:11:53","guid":{"rendered":"http:\/\/fimaks.com\/gamme-de-produits\/"},"modified":"2021-07-27T11:25:17","modified_gmt":"2021-07-27T08:25:17","slug":"gamme-de-produits","status":"publish","type":"page","link":"http:\/\/fimaks.com\/fr\/gamme-de-produits\/","title":{"rendered":"GAMME DE PRODUITS"},"content":{"rendered":"<div class='av-hotspot-image-container avia_animate_when_almost_visible   av-hotspot-numbered av-mobile-fallback-active    av-non-fullwidth-hotspot-image '  itemprop=\"ImageObject\" itemscope=\"itemscope\" itemtype=\"https:\/\/schema.org\/ImageObject\"  ><div class='av-hotspot-container'><div class='av-hotspot-container-inner-cell'><div class='av-hotspot-container-inner-wrap'><img class='avia_image ' src='http:\/\/fimaks.com\/wp-content\/uploads\/2018\/02\/Fimaks-Makineler-Fimaks-\u00dcr\u00fcnleri-Tamam\u0131.png' alt='Fimaks-Makineler-Fimaks-\u00dcr\u00fcnleri-Tamam\u0131' title='Fimaks-Makineler-Fimaks-\u00dcr\u00fcnleri-Tamam\u0131'   itemprop=\"thumbnailUrl\"  \/><\/div><\/div><\/div><\/div>\n<\/div><\/div><\/div><!-- close content main div --><\/div><\/div><div id='av_section_1' class='avia-section main_color avia-section-default avia-no-shadow avia-bg-style-scroll   container_wrap sidebar_right'   ><div class='container' ><div class='template-page content  av-content-small alpha units'><div class='post-entry post-entry-type-page post-entry-7997'><div class='entry-content-wrapper clearfix'>\n<div class=\"flex_column av_one_third  flex_column_div av-zero-column-padding first  \" style='border-radius:0px; '><p><div class='avia-image-container  av-styling-    avia-align-center '  itemprop=\"ImageObject\" itemscope=\"itemscope\" itemtype=\"https:\/\/schema.org\/ImageObject\"  ><div class='avia-image-container-inner'><a href='http:\/\/fimaks.com\/fr\/ensileuses-de-mais\/' class='avia_image'  ><img class='avia_image ' src='http:\/\/fimaks.com\/wp-content\/uploads\/2017\/10\/M\u0131s\u0131r-Silaj\u0131.jpg' alt='' title='M\u0131s\u0131r-Silaj\u0131'  itemprop=\"thumbnailUrl\"  \/><\/a><\/div><\/div><br \/>\n<div style='text-align:left; ' class='av-rotator-container av-rotation-container-left  ' data-interval='3' data-animation='0'><h3 class='av-rotator-container-inner '>ENSILEUSES DE MA\u00cfS<span class='av-rotator-text av-rotator-multiline-off '>\n<span style='color:#a81010; ' class='av-rotator-text-single av-rotator-text-single-1'>UN RANG A COURROIE<\/span>\n<span style='color:#a81010; ' class='av-rotator-text-single av-rotator-text-single-2'>UN RANG A BOITE<\/span>\n<span style='color:#a81010; ' class='av-rotator-text-single av-rotator-text-single-3'>RANG\u00c9E IND\u00c9PENDANTE,DEUX RANG\u00c9ES<\/span>\n<span style='color:#a81010; ' class='av-rotator-text-single av-rotator-text-single-4'>RANG\u00c9E IND\u00c9PENDANTE,TROIS RANG\u00c9ES<\/span>\n<\/span><\/h3><\/div><\/p><\/div><div class=\"flex_column av_one_third  flex_column_div av-zero-column-padding   \" style='border-radius:0px; '><p><div class='avia-image-container  av-styling-    avia-align-center '  itemprop=\"ImageObject\" itemscope=\"itemscope\" itemtype=\"https:\/\/schema.org\/ImageObject\"  ><div class='avia-image-container-inner'><a href='http:\/\/fimaks.com\/fr\/ensileuses-de-fourrages\/' class='avia_image'  ><img class='avia_image ' src='http:\/\/fimaks.com\/wp-content\/uploads\/2017\/10\/Ot-Silaj\u0131.jpg' alt='' title='Ot-Silaj\u0131'  itemprop=\"thumbnailUrl\"  \/><\/a><\/div><\/div><br \/>\n<div style='text-align:left; ' class='av-rotator-container av-rotation-container-left  ' data-interval='3' data-animation='0'><h3 class='av-rotator-container-inner '>ENSILEUSES DE FOURRAGES<span class='av-rotator-text av-rotator-multiline-off '>\n<span style='color:#a81010; ' class='av-rotator-text-single av-rotator-text-single-1'>1,3 M\u00c8TRES<\/span>\n<span style='color:#a81010; ' class='av-rotator-text-single av-rotator-text-single-2'>1,5 M\u00c8TRES<\/span>\n<span style='color:#a81010; ' class='av-rotator-text-single av-rotator-text-single-3'>DOUBLE COUPE 1500<\/span>\n<span style='color:#a81010; ' class='av-rotator-text-single av-rotator-text-single-4'>DOUBLE COUPE 2100<\/span>\n<\/span><\/h3><\/div><\/p><\/div><div class=\"flex_column av_one_third  flex_column_div av-zero-column-padding   \" style='border-radius:0px; '><p><div class='avia-image-container  av-styling-    avia-align-center '  itemprop=\"ImageObject\" itemscope=\"itemscope\" itemtype=\"https:\/\/schema.org\/ImageObject\"  ><div class='avia-image-container-inner'><a href='http:\/\/fimaks.com\/fr\/melangeuses\/' class='avia_image'  ><img class='avia_image ' src='http:\/\/fimaks.com\/wp-content\/uploads\/2017\/10\/Yem-Karma.jpg' alt='' title='Yem-Karma'  itemprop=\"thumbnailUrl\"  \/><\/a><\/div><\/div><br \/>\n<div style='text-align:left; ' class='av-rotator-container av-rotation-container-left  ' data-interval='3' data-animation='0'><h3 class='av-rotator-container-inner '>MELANGEUSES<span class='av-rotator-text av-rotator-multiline-off '>\n<span style='color:#a81010; ' class='av-rotator-text-single av-rotator-text-single-1'>SERIES ECO<\/span>\n<span style='color:#a81010; ' class='av-rotator-text-single av-rotator-text-single-2'>MODELES HORIZONTALE<\/span>\n<span style='color:#a81010; ' class='av-rotator-text-single av-rotator-text-single-3'>MODELES VERTICALES<\/span>\n<span style='color:#a81010; ' class='av-rotator-text-single av-rotator-text-single-4'>MODELES STATIONNAIRES<\/span>\n<span style='color:#a81010; ' class='av-rotator-text-single av-rotator-text-single-5'>MODELES AUTOMOTRICES<\/span>\n<\/span><\/h3><\/div><\/p><\/div><div class=\"flex_column av_one_third  flex_column_div av-zero-column-padding first  \" style='border-radius:0px; '><p><div class='avia-image-container  av-styling-    avia-align-center '  itemprop=\"ImageObject\" itemscope=\"itemscope\" itemtype=\"https:\/\/schema.org\/ImageObject\"  ><div class='avia-image-container-inner'><a href='http:\/\/fimaks.com\/fr\/epandeur-de-fumier\/' class='avia_image'  ><img class='avia_image ' src='http:\/\/fimaks.com\/wp-content\/uploads\/2018\/03\/G\u00dcBRE-DA\u011eITIM-R\u00d6MORKLARI.jpg' alt='' title='G\u00dcBRE DA\u011eITIM R\u00d6MORKLARI'  itemprop=\"thumbnailUrl\"  \/><\/a><\/div><\/div><br \/>\n<div style='text-align:left; ' class='av-rotator-container av-rotation-container-left  ' data-interval='3' data-animation='0'><h3 class='av-rotator-container-inner '>EPANDEURS DE FUMIER<span class='av-rotator-text av-rotator-multiline-off '>\n<span style='color:#a81010; ' class='av-rotator-text-single av-rotator-text-single-1'>\u00c9PANDEUSE DE 5 TONNES<\/span>\n<span style='color:#a81010; ' class='av-rotator-text-single av-rotator-text-single-2'>\u00c9PANDEUSE DE 10 TONNES<\/span>\n<span style='color:#a81010; ' class='av-rotator-text-single av-rotator-text-single-3'>\u00c9PANDEUSE DE 18 TONNES<\/span>\n<span style='color:#a81010; ' class='av-rotator-text-single av-rotator-text-single-4'>\u00c9PANDEUSE DE 25 TONNES<\/span>\n<span style='color:#a81010; ' class='av-rotator-text-single av-rotator-text-single-5'>\u00c9PANDEUSE DE 4TONNES<\/span>\n<\/span><\/h3><\/div><\/p><\/div><div class=\"flex_column av_one_third  flex_column_div av-zero-column-padding   \" style='border-radius:0px; '><p><div class='avia-image-container  av-styling-    avia-align-center '  itemprop=\"ImageObject\" itemscope=\"itemscope\" itemtype=\"https:\/\/schema.org\/ImageObject\"  ><div class='avia-image-container-inner'><a href='http:\/\/fimaks.com\/fr\/epandeur-a-lisier\/' class='avia_image'  ><img class='avia_image ' src='http:\/\/fimaks.com\/wp-content\/uploads\/2017\/10\/S\u0131v\u0131-G\u00fcbre-Yayma-1.jpg' alt='' title='S\u0131v\u0131-G\u00fcbre-Yayma'  itemprop=\"thumbnailUrl\"  \/><\/a><\/div><\/div><br \/>\n<div style='text-align:left; ' class='av-rotator-container av-rotation-container-left  ' data-interval='3' data-animation='0'><h3 class='av-rotator-container-inner '>EPANDEURS DE LISIER<span class='av-rotator-text av-rotator-multiline-off '>\n<span style='color:#a81010; ' class='av-rotator-text-single av-rotator-text-single-1'>\u00c9PANDEUSE 6000 LT<\/span>\n<span style='color:#a81010; ' class='av-rotator-text-single av-rotator-text-single-2'>\u00c9PANDEUSE 8000 LT<\/span>\n<span style='color:#a81010; ' class='av-rotator-text-single av-rotator-text-single-3'>\u00c9PANDEUSE 10000 LT<\/span>\n<span style='color:#a81010; ' class='av-rotator-text-single av-rotator-text-single-4'>\u00c9PANDEUSE 20000 LT<\/span>\n<\/span><\/h3><\/div><\/p><\/div><div class=\"flex_column av_one_third  flex_column_div av-zero-column-padding   \" style='border-radius:0px; '><p><div class='avia-image-container  av-styling-    avia-align-center '  itemprop=\"ImageObject\" itemscope=\"itemscope\" itemtype=\"https:\/\/schema.org\/ImageObject\"  ><div class='avia-image-container-inner'><a href='http:\/\/fimaksloader.com' class='avia_image'   target=\"_blank\" ><img class='avia_image ' src='http:\/\/fimaks.com\/wp-content\/uploads\/2017\/10\/Loder-Y\u00fckleyici.jpg' alt='' title='Loder-Y\u00fckleyici'  itemprop=\"thumbnailUrl\"  \/><\/a><\/div><\/div><br \/>\n<div style='text-align:left; ' class='av-rotator-container av-rotation-container-left  ' data-interval='3' data-animation='0'><h3 class='av-rotator-container-inner '>CHARGEUSES<span class='av-rotator-text av-rotator-multiline-off '>\n<span style='color:#a81010; ' class='av-rotator-text-single av-rotator-text-single-1'>30 CH | STANDARD<\/span>\n<span style='color:#a81010; ' class='av-rotator-text-single av-rotator-text-single-2'>50 CH | STANDARD<\/span>\n<span style='color:#a81010; ' class='av-rotator-text-single av-rotator-text-single-3'>50 CH | T\u00c9LESCOPIQUE<\/span>\n<span style='color:#a81010; ' class='av-rotator-text-single av-rotator-text-single-4'>60 CH | STANDARD<\/span>\n<span style='color:#a81010; ' class='av-rotator-text-single av-rotator-text-single-5'>60 CH | T\u00c9LESCOPIQUE<\/span>\n<\/span><\/h3><\/div><\/p><\/div><div class=\"flex_column av_one_third  flex_column_div av-zero-column-padding first  \" style='border-radius:0px; '><p><div class='avia-image-container  av-styling-    avia-align-center '  itemprop=\"ImageObject\" itemscope=\"itemscope\" itemtype=\"https:\/\/schema.org\/ImageObject\"  ><div class='avia-image-container-inner'><a href='http:\/\/fimaks.com\/fr\/faucheuses-a-disques\/' class='avia_image'  ><img class='avia_image ' src='http:\/\/fimaks.com\/wp-content\/uploads\/2017\/10\/Diskli-\u00c7ay\u0131r-Ot-Bi\u00e7me.jpg' alt='' title='Diskli-\u00c7ay\u0131r-Ot-Bi\u00e7me'  itemprop=\"thumbnailUrl\"  \/><\/a><\/div><\/div><br \/>\n<div style='text-align:left; ' class='av-rotator-container av-rotation-container-left  ' data-interval='3' data-animation='0'><h3 class='av-rotator-container-inner '>FAUCHEUSES \u00c0 DISQUE<span class='av-rotator-text av-rotator-multiline-off '>\n<span style='color:#a81010; ' class='av-rotator-text-single av-rotator-text-single-1'>5 DISQUES<\/span>\n<span style='color:#a81010; ' class='av-rotator-text-single av-rotator-text-single-2'>5 DISQUES AVEC CONDITIONNEUR<\/span>\n<span style='color:#a81010; ' class='av-rotator-text-single av-rotator-text-single-3'>6 DISQUES<\/span>\n<span style='color:#a81010; ' class='av-rotator-text-single av-rotator-text-single-4'>6 DISQUES AVEC CONDITIONNEUR<\/span>\n<span style='color:#a81010; ' class='av-rotator-text-single av-rotator-text-single-5'>7 DISQUES AVEC CONDITIONNEUR<\/span>\n<span style='color:#a81010; ' class='av-rotator-text-single av-rotator-text-single-6'>8 DISQUES AVEC CONDITIONNEUR<\/span>\n<\/span><\/h3><\/div><\/p><\/div><div class=\"flex_column av_one_third  flex_column_div av-zero-column-padding   \" style='border-radius:0px; '><p><div class='avia-image-container  av-styling-    avia-align-center '  itemprop=\"ImageObject\" itemscope=\"itemscope\" itemtype=\"https:\/\/schema.org\/ImageObject\"  ><div class='avia-image-container-inner'><a href='http:\/\/fimaks.com\/fr\/andaineurs\/' class='avia_image'  ><img class='avia_image ' src='http:\/\/fimaks.com\/wp-content\/uploads\/2018\/03\/NAMLU-YAPMA-MAK\u0130NELER\u0130-HEL\u0130KOPTERLER.jpg' alt='' title='NAMLU-YAPMA-MAK\u0130NELER\u0130-HEL\u0130KOPTERLER'  itemprop=\"thumbnailUrl\"  \/><\/a><\/div><\/div><br \/>\n<div style='text-align:left; ' class='av-rotator-container av-rotation-container-left  ' data-interval='3' data-animation='0'><h3 class='av-rotator-container-inner '> GIROFANEURS<span class='av-rotator-text av-rotator-multiline-off '>\n<span style='color:#a81010; ' class='av-rotator-text-single av-rotator-text-single-1'>9 BRAS | 3,3 MT<\/span>\n<span style='color:#a81010; ' class='av-rotator-text-single av-rotator-text-single-2'>11 BRAS | 4 MT<\/span>\n<span style='color:#a81010; ' class='av-rotator-text-single av-rotator-text-single-3'>22 BRAS | 6,4 MT<\/span>\n<\/span><\/h3><\/div><\/p><\/div><div class=\"flex_column av_one_third  flex_column_div av-zero-column-padding   \" style='border-radius:0px; '><p><div class='avia-image-container  av-styling-    avia-align-center '  itemprop=\"ImageObject\" itemscope=\"itemscope\" itemtype=\"https:\/\/schema.org\/ImageObject\"  ><div class='avia-image-container-inner'><a href='http:\/\/fimaks.com\/fr\/presse-a-balle-et-enrubannage\/' class='avia_image'  ><img class='avia_image ' src='http:\/\/fimaks.com\/wp-content\/uploads\/2021\/04\/BALYA-MAK\u0130NELER\u0130-2.jpg' alt='' title='BALYA-MAK\u0130NELER\u0130'  itemprop=\"thumbnailUrl\"  \/><\/a><\/div><\/div><br \/>\n<div style='text-align:left; ' class='av-rotator-container av-rotation-container-left  ' data-interval='3' data-animation='0'><h3 class='av-rotator-container-inner '>PRESSE A BALLE ET ENRUBANNAGE<span class='av-rotator-text av-rotator-multiline-off '>\n<span style='color:#b02b2c; ' class='av-rotator-text-single av-rotator-text-single-1'>PRESSE A BALLE CARR\u00c9E<\/span>\n<span style='color:#b02b2c; ' class='av-rotator-text-single av-rotator-text-single-2'>PRESSE A BALLE RONDE<\/span>\n<span style='color:#b02b2c; ' class='av-rotator-text-single av-rotator-text-single-3'>ENRUBANNEUSE DE BALLES<\/span>\n<\/span><\/h3><\/div><\/p><\/div><\/div><\/div><\/div><!-- close content main div --><\/div><\/div><div id='after_section_1' class='main_color av_default_container_wrap container_wrap sidebar_right'   ><div class='container' ><div class='template-page content  av-content-small alpha units'><div class='post-entry post-entry-type-page post-entry-7997'><div class='entry-content-wrapper clearfix'><div class='av-hotspot-image-container avia_animate_when_almost_visible   av-hotspot-numbered av-mobile-fallback-active    av-non-fullwidth-hotspot-image '  itemprop=\"ImageObject\" itemscope=\"itemscope\" itemtype=\"https:\/\/schema.org\/ImageObject\"  ><div class='av-hotspot-container'><div class='av-hotspot-container-inner-cell'><div class='av-hotspot-container-inner-wrap'><img class='avia_image ' src='http:\/\/fimaks.com\/wp-content\/uploads\/2013\/04\/Untitled-4.jpg' alt='' title='Untitled-4'   itemprop=\"thumbnailUrl\"  \/><\/div><\/div><\/div><\/div><\/p>\n","protected":false},"excerpt":{"rendered":"","protected":false},"author":1,"featured_media":0,"parent":0,"menu_order":0,"comment_status":"closed","ping_status":"closed","template":"","meta":{"_exactmetrics_skip_tracking":false,"_exactmetrics_sitenote_active":false,"_exactmetrics_sitenote_note":"","_exactmetrics_sitenote_category":0,"footnotes":""},"yst_prominent_words":[],"class_list":["post-7997","page","type-page","status-publish","hentry"],"_links":{"self":[{"href":"http:\/\/fimaks.com\/fr\/wp-json\/wp\/v2\/pages\/7997","targetHints":{"allow":["GET"]}}],"collection":[{"href":"http:\/\/fimaks.com\/fr\/wp-json\/wp\/v2\/pages"}],"about":[{"href":"http:\/\/fimaks.com\/fr\/wp-json\/wp\/v2\/types\/page"}],"author":[{"embeddable":true,"href":"http:\/\/fimaks.com\/fr\/wp-json\/wp\/v2\/users\/1"}],"replies":[{"embeddable":true,"href":"http:\/\/fimaks.com\/fr\/wp-json\/wp\/v2\/comments?post=7997"}],"version-history":[{"count":65,"href":"http:\/\/fimaks.com\/fr\/wp-json\/wp\/v2\/pages\/7997\/revisions"}],"predecessor-version":[{"id":21414,"href":"http:\/\/fimaks.com\/fr\/wp-json\/wp\/v2\/pages\/7997\/revisions\/21414"}],"wp:attachment":[{"href":"http:\/\/fimaks.com\/fr\/wp-json\/wp\/v2\/media?parent=7997"}],"wp:term":[{"taxonomy":"yst_prominent_words","embeddable":true,"href":"http:\/\/fimaks.com\/fr\/wp-json\/wp\/v2\/yst_prominent_words?post=7997"}],"curies":[{"name":"wp","href":"https:\/\/api.w.org\/{rel}","templated":true}]}}