{"id":9147,"date":"2018-03-27T17:26:18","date_gmt":"2018-03-27T14:26:18","guid":{"rendered":"http:\/\/fimaks.com\/melangeuses\/melangeuses-automotrices-12-14-16\/"},"modified":"2018-05-28T12:03:37","modified_gmt":"2018-05-28T09:03:37","slug":"melangeuses-automotrices-12-14-16","status":"publish","type":"page","link":"http:\/\/fimaks.com\/fr\/melangeuses\/melangeuses-automotrices-12-14-16\/","title":{"rendered":"M\u00c9LANGEUSES AUTOMOTRICES 12-14-16"},"content":{"rendered":"<div class='av-hotspot-image-container avia_animate_when_almost_visible   avia_animated_image avia_animate_when_almost_visible fade-in av-hotspot-numbered av-mobile-fallback-active    av-non-fullwidth-hotspot-image '  itemprop=\"ImageObject\" itemscope=\"itemscope\" itemtype=\"https:\/\/schema.org\/ImageObject\"  ><div class='av-hotspot-container'><div class='av-hotspot-container-inner-cell'><div class='av-hotspot-container-inner-wrap'><div class='av-image-hotspot' data-avia-tooltip-position='right' data-avia-tooltip-alignment='centered' data-avia-tooltip-class='av-tt-default-width av-tt-pos-right av-tt-align-centered  av-mobile-fallback-active  transparent_dark av-tt-hotspot' data-avia-tooltip='&lt;p&gt;SYST\u00c8ME D\u00c9SILAGE PUISSANT&lt;\/p&gt;\n' style='top: 35.2%; left: 71.8%; '><div class='av-image-hotspot_inner' style='background-color: #c2c9ce; color: #000000;'>1<\/div><div class='av-image-hotspot-pulse' style='background-color:#e8e8e8;'><\/div><\/div><div class='av-image-hotspot' data-avia-tooltip-position='bottom' data-avia-tooltip-alignment='centered' data-avia-tooltip-class='av-tt-default-width av-tt-pos-below av-tt-align-centered  av-mobile-fallback-active  transparent_dark av-tt-hotspot' data-avia-tooltip='&lt;p&gt;&lt;span id=&quot;result_box&quot; class=&quot;short_text&quot; lang=&quot;fr&quot;&gt;&lt;span class=&quot;&quot;&gt;MOTEUR 175 CV&lt;\/span&gt;&lt;\/span&gt;&lt;\/p&gt;\n' style='top: 61.3%; left: 55.1%; '><div class='av-image-hotspot_inner' style='background-color: #c2c9ce; color: #000000;'>2<\/div><div class='av-image-hotspot-pulse' style='background-color:#ffffff;'><\/div><\/div><div class='av-image-hotspot' data-avia-tooltip-position='top' data-avia-tooltip-alignment='left' data-avia-tooltip-class='av-tt-default-width av-tt-pos-above av-tt-align-left  av-mobile-fallback-active  transparent_dark av-tt-hotspot' data-avia-tooltip='&lt;p&gt;&lt;span id=&quot;result_box&quot; class=&quot;short_text&quot; lang=&quot;fr&quot;&gt;&lt;span class=&quot;&quot;&gt;VENTILATEUR INVERSE&lt;\/span&gt;&lt;\/span&gt;&lt;\/p&gt;\n' style='top: 68.1%; left: 55%; '><div class='av-image-hotspot_inner' style='background-color: #c2c9ce; color: #000000;'>3<\/div><div class='av-image-hotspot-pulse' style='background-color:#ffffff;'><\/div><\/div><div class='av-image-hotspot' data-avia-tooltip-position='top' data-avia-tooltip-alignment='left' data-avia-tooltip-class='av-tt-default-width av-tt-pos-above av-tt-align-left  av-mobile-fallback-active  transparent_dark av-tt-hotspot' data-avia-tooltip='&lt;p&gt;&lt;span id=&quot;result_box&quot; class=&quot;short_text&quot; lang=&quot;fr&quot;&gt;&lt;span class=&quot;&quot;&gt;CONVOYEUR AJUSTABLE&lt;\/span&gt;&lt;\/span&gt;&lt;\/p&gt;\n' style='top: 81.6%; left: 45.4%; '><div class='av-image-hotspot_inner' style='background-color: #c2c9ce; color: #000000;'>4<\/div><div class='av-image-hotspot-pulse' style='background-color:#ffffff;'><\/div><\/div><div class='av-image-hotspot' data-avia-tooltip-position='top' data-avia-tooltip-alignment='left' data-avia-tooltip-class='av-tt-default-width av-tt-pos-above av-tt-align-left  av-mobile-fallback-active  transparent_dark av-tt-hotspot' data-avia-tooltip='&lt;p&gt;&lt;span id=&quot;result_box&quot; class=&quot;short_text&quot; lang=&quot;fr&quot;&gt;&lt;span class=&quot;&quot;&gt;COUTEAUX FIXES AJUSTABLES&lt;\/span&gt;&lt;\/span&gt;&lt;\/p&gt;\n' style='top: 62.6%; left: 26.2%; '><div class='av-image-hotspot_inner' style='background-color: #c2c9ce; color: #000000;'>5<\/div><div class='av-image-hotspot-pulse' style='background-color:#ffffff;'><\/div><\/div><div class='av-image-hotspot' data-avia-tooltip-position='top' data-avia-tooltip-alignment='left' data-avia-tooltip-class='av-tt-default-width av-tt-pos-above av-tt-align-left  av-mobile-fallback-active  transparent_dark av-tt-hotspot' data-avia-tooltip='&lt;p&gt;&lt;span id=&quot;result_box&quot; class=&quot;short_text&quot; lang=&quot;fr&quot;&gt;&lt;span class=&quot;&quot;&gt;CH\u00c2SSIS ET CORPS DURABLES&lt;\/span&gt;&lt;\/span&gt;&lt;\/p&gt;\n' style='top: 85.8%; left: 37.9%; '><div class='av-image-hotspot_inner' style='background-color: #c2c9ce; color: #000000;'>6<\/div><div class='av-image-hotspot-pulse' style='background-color:#ffffff;'><\/div><\/div><div class='av-image-hotspot' data-avia-tooltip-position='top' data-avia-tooltip-alignment='left' data-avia-tooltip-class='av-tt-default-width av-tt-pos-above av-tt-align-left  av-mobile-fallback-active  transparent_dark av-tt-hotspot' data-avia-tooltip='&lt;p&gt;12 m3 | 14 m3 | 16 m3&lt;\/p&gt;\n' style='top: 52.8%; left: 36.3%; '><div class='av-image-hotspot_inner' style='background-color: #c2c9ce; color: #000000;'>7<\/div><div class='av-image-hotspot-pulse' style='background-color:#ffffff;'><\/div><\/div><div class='av-image-hotspot' data-avia-tooltip-position='top' data-avia-tooltip-alignment='left' data-avia-tooltip-class='av-tt-default-width av-tt-pos-above av-tt-align-left  av-mobile-fallback-active  transparent_dark av-tt-hotspot' data-avia-tooltip='&lt;p&gt;&lt;span id=&quot;result_box&quot; class=&quot;short_text&quot; lang=&quot;fr&quot;&gt;&lt;span class=&quot;&quot;&gt;CABINE CONFORTABLE&lt;\/span&gt;&lt;\/span&gt;&lt;\/p&gt;\n' style='top: 62.8%; left: 61.9%; '><div class='av-image-hotspot_inner' style='background-color: #c2c9ce; color: #000000;'>8<\/div><div class='av-image-hotspot-pulse' style='background-color:#ffffff;'><\/div><\/div><div class='av-image-hotspot' data-avia-tooltip-position='top' data-avia-tooltip-alignment='left' data-avia-tooltip-class='av-tt-default-width av-tt-pos-above av-tt-align-left  av-mobile-fallback-active  transparent_dark av-tt-hotspot' data-avia-tooltip='&lt;p&gt;&lt;span id=&quot;result_box&quot; class=&quot;short_text&quot; lang=&quot;fr&quot;&gt;&lt;span class=&quot;&quot;&gt;CONCEPTION SP\u00c9CIALE&lt;\/span&gt;&lt;\/span&gt; DE LA TARI\u00c8RE&lt;\/p&gt;\n' style='top: 35.8%; left: 32.8%; '><div class='av-image-hotspot_inner' style='background-color: #c2c9ce; color: #000000;'>9<\/div><div class='av-image-hotspot-pulse' style='background-color:#ffffff;'><\/div><\/div><div class='av-image-hotspot' data-avia-tooltip-position='top' data-avia-tooltip-alignment='left' data-avia-tooltip-class='av-tt-default-width av-tt-pos-above av-tt-align-left  av-mobile-fallback-active  transparent_dark av-tt-hotspot' data-avia-tooltip='&lt;p&gt;&lt;span id=&quot;result_box&quot; class=&quot;short_text&quot; lang=&quot;fr&quot;&gt;&lt;span class=&quot;&quot;&gt;SYST\u00c8ME HYDRAULIQUE \u00c0 PERFORMANCE OPTIMALE&lt;\/span&gt;&lt;\/span&gt;&lt;\/p&gt;\n' style='top: 79.4%; left: 37.9%; '><div class='av-image-hotspot_inner' style='background-color: #c2c9ce; color: #000000;'>10<\/div><div class='av-image-hotspot-pulse' style='background-color:#ffffff;'><\/div><\/div><img class='avia_image ' src='http:\/\/fimaks.com\/wp-content\/uploads\/2018\/03\/MASTERMIX.png' alt='MASTERMIX' title='MASTERMIX'   itemprop=\"thumbnailUrl\"  \/><\/div><\/div><\/div><div class='av-hotspot-fallback-tooltip'><div class='av-hotspot-fallback-tooltip-count'>1<div class='avia-arrow'><\/div><\/div><div class='av-hotspot-fallback-tooltip-inner clearfix'><p>\nSYST\u00c8ME D\u00c9SILAGE PUISSANT<\/p>\n<\/div><\/div><div class='av-hotspot-fallback-tooltip'><div class='av-hotspot-fallback-tooltip-count'>2<div class='avia-arrow'><\/div><\/div><div class='av-hotspot-fallback-tooltip-inner clearfix'><p>\n<span id=\"result_box\" class=\"short_text\" lang=\"fr\"><span class=\"\">MOTEUR 175 CV<\/span><\/span><\/p>\n<\/div><\/div><div class='av-hotspot-fallback-tooltip'><div class='av-hotspot-fallback-tooltip-count'>3<div class='avia-arrow'><\/div><\/div><div class='av-hotspot-fallback-tooltip-inner clearfix'><p>\n<span id=\"result_box\" class=\"short_text\" lang=\"fr\"><span class=\"\">VENTILATEUR INVERSE<\/span><\/span><\/p>\n<\/div><\/div><div class='av-hotspot-fallback-tooltip'><div class='av-hotspot-fallback-tooltip-count'>4<div class='avia-arrow'><\/div><\/div><div class='av-hotspot-fallback-tooltip-inner clearfix'><p>\n<span id=\"result_box\" class=\"short_text\" lang=\"fr\"><span class=\"\">CONVOYEUR AJUSTABLE<\/span><\/span><\/p>\n<\/div><\/div><div class='av-hotspot-fallback-tooltip'><div class='av-hotspot-fallback-tooltip-count'>5<div class='avia-arrow'><\/div><\/div><div class='av-hotspot-fallback-tooltip-inner clearfix'><p>\n<span id=\"result_box\" class=\"short_text\" lang=\"fr\"><span class=\"\">COUTEAUX FIXES AJUSTABLES<\/span><\/span><\/p>\n<\/div><\/div><div class='av-hotspot-fallback-tooltip'><div class='av-hotspot-fallback-tooltip-count'>6<div class='avia-arrow'><\/div><\/div><div class='av-hotspot-fallback-tooltip-inner clearfix'><p>\n<span id=\"result_box\" class=\"short_text\" lang=\"fr\"><span class=\"\">CH\u00c2SSIS ET CORPS DURABLES<\/span><\/span><\/p>\n<\/div><\/div><div class='av-hotspot-fallback-tooltip'><div class='av-hotspot-fallback-tooltip-count'>7<div class='avia-arrow'><\/div><\/div><div class='av-hotspot-fallback-tooltip-inner clearfix'><p>\n12 m3 | 14 m3 | 16 m3<\/p>\n<\/div><\/div><div class='av-hotspot-fallback-tooltip'><div class='av-hotspot-fallback-tooltip-count'>8<div class='avia-arrow'><\/div><\/div><div class='av-hotspot-fallback-tooltip-inner clearfix'><p>\n<span id=\"result_box\" class=\"short_text\" lang=\"fr\"><span class=\"\">CABINE CONFORTABLE<\/span><\/span><\/p>\n<\/div><\/div><div class='av-hotspot-fallback-tooltip'><div class='av-hotspot-fallback-tooltip-count'>9<div class='avia-arrow'><\/div><\/div><div class='av-hotspot-fallback-tooltip-inner clearfix'><p>\n<span id=\"result_box\" class=\"short_text\" lang=\"fr\"><span class=\"\">CONCEPTION SP\u00c9CIALE<\/span><\/span> DE LA TARI\u00c8RE<\/p>\n<\/div><\/div><div class='av-hotspot-fallback-tooltip'><div class='av-hotspot-fallback-tooltip-count'>10<div class='avia-arrow'><\/div><\/div><div class='av-hotspot-fallback-tooltip-inner clearfix'><p>\n<span id=\"result_box\" class=\"short_text\" lang=\"fr\"><span class=\"\">SYST\u00c8ME HYDRAULIQUE \u00c0 PERFORMANCE OPTIMALE<\/span><\/span><\/p>\n<\/div><\/div><\/div>\n<div style='padding-bottom:10px;' class='av-special-heading av-special-heading-h1  blockquote modern-quote modern-centered  av-thin-font '><h1 class='av-special-heading-tag '  itemprop=\"headline\"  >MELANGEUSES AUTOMOTRICES<br \/>\n| <strong>MASTERMIX 12 <\/strong>|<br \/>\n| <strong>MASTERMIX 14 <\/strong>|<br \/>\n| <strong>MASTERMIX 16 <\/strong>|<\/h1><div class='special-heading-border'><div class='special-heading-inner-border' ><\/div><\/div><\/div>\n<div  class='hr hr-default  '><span class='hr-inner ' ><span class='hr-inner-style'><\/span><\/span><\/div>\n<section class=\"av_textblock_section \"  itemscope=\"itemscope\" itemtype=\"https:\/\/schema.org\/CreativeWork\" ><div class='avia_textblock  '   itemprop=\"text\" ><p>Les m\u00e9langeuses automotrices Mastermix de Fimaks sont con\u00e7us pour les grandes fermes. La barre de d\u00e9silage puissante et le moteur sont plus que capables de manipuler de grandes fermes et tout le processus de pr\u00e9paration d&rsquo;alimentation.<\/p>\n<p>Avec la barre de d\u00e9silage, tout le contenu peut facilement \u00eatre charg\u00e9 et m\u00e9lang\u00e9 de mani\u00e8re homog\u00e8ne en peu de temps. Les doseurs automatiques de m\u00e9langeur de Fimaks Mastermix ont des convoyeurs de d\u00e9charge r\u00e9glables avec un systeme de glissement. Les op\u00e9rateurs peuvent d\u00e9charger l&rsquo;aliment pr\u00e9par\u00e9 exactement l\u00e0 o\u00f9 il doit \u00eatre d\u00e9charg\u00e9. Les tari\u00e8res sont sp\u00e9cialement con\u00e7us et les couteaux enduits de tungst\u00e8ne coupent et m\u00e9langent la nourriture avec des performances optimales.<\/p>\n<p>Les m\u00e9langeuses automotrices de Fimaks ont un moteur de 175 CH, le corps et le ch\u00e2ssis durables, la carlingue s\u00fbre et confortable, une cam\u00e9ra renvers\u00e9e, un syst\u00e8me d&rsquo;oto-frein. Le syst\u00e8me Oto-Brake permet \u00e0 l&rsquo;op\u00e9rateur de chqrger tous les ingr\u00e9dients sans appuyer sur la p\u00e9dale de frein *. Ce syst\u00e8me permet \u00e9galement aux op\u00e9rateurs de travailler facilement sur des terrains inclin\u00e9s.<\/p>\n<p>Il existe 3 diff\u00e9rents mod\u00e8les de m\u00e9langeurs automotrices Mastermix.<\/p>\n<p><span id=\"result_box\" class=\"\" lang=\"fr\"><span title=\"There are 3 different Mastermix Self Propelled Mixer Feeder models. \"><br \/>\n<\/span><span title=\"- Mastermix 12 \">&#8211; Mastermix 12<br \/>\n<\/span><span title=\"- Mastermix 14 \">&#8211; Mastermix 14<br \/>\n<\/span><span title=\"- Mastermix 16 \">&#8211; Mastermix 16<\/span><\/span><\/p>\n<p><span id=\"result_box\" class=\"\" lang=\"fr\"><span title=\"Some standard features of Mastermix Mixer Feeders, \">Certaines fonctionnalit\u00e9s sont standard des m\u00e9langeurs Mastermix,<\/span><\/span><\/p>\n<p><span id=\"result_box\" class=\"\" lang=\"fr\"><span title=\"- Weighing system \">&#8211; Syst\u00e8me de pes\u00e9e<br \/>\n<\/span><span title=\"- Adjustable conveyor \">&#8211; Convoyeur r\u00e9glable<br \/>\n<\/span><span title=\"- Reverse camera \">&#8211; Cam\u00e9ra de recul<br \/>\n<\/span><span title=\"- Reverse fan \">&#8211;\u00a0 Ventilateur-Radiator<br \/>\n<\/span><span title=\"- Magnet \">&#8211; Aimant<\/span><\/span><\/p>\n<p><span id=\"result_box\" class=\"\" lang=\"fr\"><span title=\"Optional features of Mastermix Mixer Feeders, \">Fonctionnalit\u00e9s optionnelles des m\u00e9langeuses Mastermix,<\/span><\/span><\/p>\n<div id=\"gt-res-content\">\n<div id=\"gt-res-dir-ctr\" class=\"trans-verified-button-small\" dir=\"ltr\"><span id=\"result_box\" class=\"\" lang=\"fr\"><span title=\"- DG8000&amp;DTMIC weighing system \">&#8211; Syst\u00e8me de pesage DG8000 &amp; DTMIC<br \/>\n<\/span><span title=\"(* Operators must move slowly towards ingredients.)\">(* Les op\u00e9rateurs doivent se d\u00e9placer lentement vers les ingr\u00e9dients.)<\/span><\/span><\/div>\n<\/div>\n<\/div><\/section>\n<div  class='hr hr-default  '><span class='hr-inner ' ><span class='hr-inner-style'><\/span><\/span><\/div>\n<div class='av-social-sharing-box  av-social-sharing-box-minimal '><div class='av-share-box'><ul class='av-share-box-list noLightbox'><li class='av-share-link av-social-link-facebook' ><a target='_blank' href='http:\/\/www.facebook.com\/sharer.php?u=http:\/\/fimaks.com\/fr\/melangeuses\/melangeuses-automotrices-12-14-16\/&amp;t=M%C3%89LANGEUSES%20AUTOMOTRICES%2012-14-16' aria-hidden='true' data-av_icon='\ue8f3' data-av_iconfont='entypo-fontello' title='' data-avia-related-tooltip='Partager sur Facebook'><span class='avia_hidden_link_text'>Partager sur Facebook<\/span><\/a><\/li><li class='av-share-link av-social-link-twitter' ><a target='_blank' href='https:\/\/twitter.com\/share?text=M%C3%89LANGEUSES%20AUTOMOTRICES%2012-14-16&url=http:\/\/fimaks.com\/fr\/?p=9147' aria-hidden='true' data-av_icon='\ue8f1' data-av_iconfont='entypo-fontello' title='' data-avia-related-tooltip='Partager sur Twitter'><span class='avia_hidden_link_text'>Partager sur Twitter<\/span><\/a><\/li><li class='av-share-link av-social-link-gplus' ><a target='_blank' href='https:\/\/plus.google.com\/share?url=http:\/\/fimaks.com\/fr\/melangeuses\/melangeuses-automotrices-12-14-16\/' aria-hidden='true' data-av_icon='\ue8f6' data-av_iconfont='entypo-fontello' title='' data-avia-related-tooltip='Partager sur Google+'><span class='avia_hidden_link_text'>Partager sur Google+<\/span><\/a><\/li><li class='av-share-link av-social-link-pinterest' ><a target='_blank' href='http:\/\/pinterest.com\/pin\/create\/button\/?url=http%3A%2F%2Ffimaks.com%2Ffr%2Fmelangeuses%2Fmelangeuses-automotrices-12-14-16%2F&amp;description=M%C3%89LANGEUSES%20AUTOMOTRICES%2012-14-16&amp;media=' aria-hidden='true' data-av_icon='\ue8f8' data-av_iconfont='entypo-fontello' title='' data-avia-related-tooltip='Partager sur Pinterest'><span class='avia_hidden_link_text'>Partager sur Pinterest<\/span><\/a><\/li><li class='av-share-link av-social-link-linkedin' ><a target='_blank' href='http:\/\/linkedin.com\/shareArticle?mini=true&amp;title=M%C3%89LANGEUSES%20AUTOMOTRICES%2012-14-16&amp;url=http:\/\/fimaks.com\/fr\/melangeuses\/melangeuses-automotrices-12-14-16\/' aria-hidden='true' data-av_icon='\ue8fc' data-av_iconfont='entypo-fontello' title='' data-avia-related-tooltip='Partager sur Linkedin'><span class='avia_hidden_link_text'>Partager sur Linkedin<\/span><\/a><\/li><li class='av-share-link av-social-link-tumblr' ><a target='_blank' href='http:\/\/www.tumblr.com\/share\/link?url=http%3A%2F%2Ffimaks.com%2Ffr%2Fmelangeuses%2Fmelangeuses-automotrices-12-14-16%2F&amp;name=M%C3%89LANGEUSES%20AUTOMOTRICES%2012-14-16&amp;description=' aria-hidden='true' data-av_icon='\ue8fa' data-av_iconfont='entypo-fontello' title='' data-avia-related-tooltip='Partager sur Tumblr'><span class='avia_hidden_link_text'>Partager sur Tumblr<\/span><\/a><\/li><li class='av-share-link av-social-link-vk' ><a target='_blank' href='http:\/\/vk.com\/share.php?url=http:\/\/fimaks.com\/fr\/melangeuses\/melangeuses-automotrices-12-14-16\/' aria-hidden='true' data-av_icon='\ue926' data-av_iconfont='entypo-fontello' title='' data-avia-related-tooltip='Partager sur Vk'><span class='avia_hidden_link_text'>Partager sur Vk<\/span><\/a><\/li><li class='av-share-link av-social-link-reddit' ><a target='_blank' href='http:\/\/reddit.com\/submit?url=http:\/\/fimaks.com\/fr\/melangeuses\/melangeuses-automotrices-12-14-16\/&amp;title=M%C3%89LANGEUSES%20AUTOMOTRICES%2012-14-16' aria-hidden='true' data-av_icon='\ue927' data-av_iconfont='entypo-fontello' title='' data-avia-related-tooltip='Partager sur Reddit'><span class='avia_hidden_link_text'>Partager sur Reddit<\/span><\/a><\/li><li class='av-share-link av-social-link-mail' ><a  href='mailto:?subject=M%C3%89LANGEUSES%20AUTOMOTRICES%2012-14-16&amp;body=http:\/\/fimaks.com\/fr\/melangeuses\/melangeuses-automotrices-12-14-16\/' aria-hidden='true' data-av_icon='\ue805' data-av_iconfont='entypo-fontello' title='' data-avia-related-tooltip='Partager par Mail'><span class='avia_hidden_link_text'>Partager par Mail<\/span><\/a><\/li><\/ul><\/div><\/div>\n<div  class='hr hr-default  '><span class='hr-inner ' ><span class='hr-inner-style'><\/span><\/span><\/div>\n<div  class='avia-video avia-video-16-9   '  itemprop=\"video\" itemtype=\"https:\/\/schema.org\/VideoObject\" ><div class='avia-iframe-wrap'><iframe loading=\"lazy\" width=\"1500\" height=\"844\" src=\"https:\/\/www.youtube.com\/embed\/A7go_PpcCr4?feature=oembed\" frameborder=\"0\" allow=\"autoplay; encrypted-media\" allowfullscreen><\/iframe><\/div><\/div>\n<div  class='hr hr-default  '><span class='hr-inner ' ><span class='hr-inner-style'><\/span><\/span><\/div>\n<div class='avia-data-table-wrap avia_responsive_table'><table class='avia-table avia-data-table avia-table-1  avia_pricing_default '  itemscope=\"itemscope\" itemtype=\"https:\/\/schema.org\/Table\" ><tbody><tr class=''><td class=''><\/td><td class=''>MASTERMIX 12<\/td><td class=''>MASTERMIX 14<\/td><td class=''>MASTERMIX 16<\/td><\/tr><tr class=''><td class=''>VOLUME (m3)<\/td><td class=''>12<\/td><td class=''>14<\/td><td class=''>16<\/td><\/tr><tr class=''><td class=''>NOMBRE DE TARI\u00c8RE<\/td><td class=''>1<\/td><td class=''>1<\/td><td class=''>1<\/td><\/tr><tr class=''><td class=''><span id=\"result_box\" class=\"short_text\" lang=\"fr\"><span class=\"\">HAUTEUR (mm)<\/span><\/span><\/td><td class=''>3150<\/td><td class=''>3200<\/td><td class=''>3300<\/td><\/tr><tr class=''><td class=''><span id=\"result_box\" class=\"short_text\" lang=\"fr\"><span class=\"\">LONGUEUR (mm)<\/span><\/span><\/td><td class=''>7300<\/td><td class=''>7800<\/td><td class=''>8000<\/td><\/tr><tr class=''><td class=''><span id=\"result_box\" class=\"short_text\" lang=\"fr\"><span class=\"\">LARGEUR (mm)<\/span><\/span><\/td><td class=''>2380<\/td><td class=''>2380<\/td><td class=''>2380<\/td><\/tr><tr class=''><td class=''><span id=\"result_box\" class=\"short_text\" lang=\"fr\"><span class=\"\">POIDS (kg)<\/span><\/span><\/td><td class=''>9500<\/td><td class=''>10.000<\/td><td class=''>10.500<\/td><\/tr><tr class=''><td class=''><span id=\"result_box\" class=\"short_text\" lang=\"fr\"><span class=\"\">PUISSANCE (kW \/ CH)<\/span><\/span><\/td><td class=''>129\/175<\/td><td class=''>129\/175<\/td><td class=''>129\/175<\/td><\/tr><tr class=''><td class=''><span id=\"result_box\" class=\"short_text\" lang=\"fr\"><span class=\"\">NOMBRE DE COUTEAUX<\/span><\/span><\/td><td class=''>6<\/td><td class=''>8<\/td><td class=''>10<\/td><\/tr><tr class=''><td class=''><span id=\"result_box\" class=\"short_text\" lang=\"fr\"><span class=\"alt-edited\">FOND<\/span><\/span>\/<span id=\"result_box\" class=\"short_text\" lang=\"fr\"><span class=\"\">CORPS<\/span><\/span>\/TARI\u00c8RE <span id=\"result_box\" class=\"short_text\" lang=\"fr\">\u00c9PAISSEUR (mm)<\/span><\/td><td class=''>20\/8\/12<\/td><td class=''>20\/8\/12<\/td><td class=''>20\/8\/12<\/td><\/tr><tr class=''><td class=''><span id=\"result_box\" class=\"short_text\" lang=\"fr\"><span class=\"\">PNEUS<\/span><\/span><\/td><td class=''>6x(245\/70R 19.5)<\/td><td class=''>6x(245\/70R 19.5)<\/td><td class=''>6x(245\/70R 19.5)<\/td><\/tr><\/tbody><\/table><\/div><style type='text\/css'><\/style>\n<div  class='hr hr-default  '><span class='hr-inner ' ><span class='hr-inner-style'><\/span><\/span><\/div>\n<div class='avia-gallery  avia-gallery-1 deactivate_avia_lazyload avia_animate_when_visible  av-hide-gallery-thumbs'  itemprop=\"ImageObject\" itemscope=\"itemscope\" itemtype=\"https:\/\/schema.org\/ImageObject\" ><a class='avia-gallery-big fakeLightbox lightbox avia-gallery-big-crop-thumb ' href='http:\/\/fimaks.com\/wp-content\/uploads\/2018\/03\/KEND\u0130-Y\u00dcR\u00dcR-YEM-KARMA-MAK\u0130NES\u0130.jpg'  data-onclick='1' title='' ><span class='avia-gallery-big-inner'  itemprop=\"thumbnailUrl\" >\t<img width='845' height='684' src='http:\/\/fimaks.com\/wp-content\/uploads\/2018\/03\/KEND\u0130-Y\u00dcR\u00dcR-YEM-KARMA-MAK\u0130NES\u0130-845x684.jpg' title='KEND\u0130-Y\u00dcR\u00dcR-YEM-KARMA-MAK\u0130NES\u0130' alt='' \/><\/span><\/a><div class='avia-gallery-thumb'> <a href='http:\/\/fimaks.com\/wp-content\/uploads\/2018\/03\/KEND\u0130-Y\u00dcR\u00dcR-YEM-KARMA-MAK\u0130NES\u0130.jpg' data-rel='gallery-1' data-prev-img='http:\/\/fimaks.com\/wp-content\/uploads\/2018\/03\/KEND\u0130-Y\u00dcR\u00dcR-YEM-KARMA-MAK\u0130NES\u0130-845x684.jpg' class='first_thumb lightbox ' data-onclick='1' title=''  itemprop=\"thumbnailUrl\" ><img  src='http:\/\/fimaks.com\/wp-content\/uploads\/2018\/03\/KEND\u0130-Y\u00dcR\u00dcR-YEM-KARMA-MAK\u0130NES\u0130-495x400.jpg' width='495' height='400'  title='KEND\u0130-Y\u00dcR\u00dcR-YEM-KARMA-MAK\u0130NES\u0130' alt='' \/><\/a> <a href='http:\/\/fimaks.com\/wp-content\/uploads\/2018\/03\/KEND\u0130-Y\u00dcR\u00dcR-YEM-KARMA-MAK\u0130NES\u0130-2.jpg' data-rel='gallery-1' data-prev-img='http:\/\/fimaks.com\/wp-content\/uploads\/2018\/03\/KEND\u0130-Y\u00dcR\u00dcR-YEM-KARMA-MAK\u0130NES\u0130-2-845x684.jpg' class='lightbox ' data-onclick='2' title=''  itemprop=\"thumbnailUrl\" ><img  src='http:\/\/fimaks.com\/wp-content\/uploads\/2018\/03\/KEND\u0130-Y\u00dcR\u00dcR-YEM-KARMA-MAK\u0130NES\u0130-2-495x400.jpg' width='495' height='400'  title='KEND\u0130-Y\u00dcR\u00dcR-YEM-KARMA-MAK\u0130NES\u0130-2' alt='' \/><\/a> <a href='http:\/\/fimaks.com\/wp-content\/uploads\/2018\/03\/KEND\u0130-Y\u00dcR\u00dcR-YEM-KARMA-MAK\u0130NES\u0130-3.jpg' data-rel='gallery-1' data-prev-img='http:\/\/fimaks.com\/wp-content\/uploads\/2018\/03\/KEND\u0130-Y\u00dcR\u00dcR-YEM-KARMA-MAK\u0130NES\u0130-3-845x684.jpg' class='lightbox ' data-onclick='3' title=''  itemprop=\"thumbnailUrl\" ><img  src='http:\/\/fimaks.com\/wp-content\/uploads\/2018\/03\/KEND\u0130-Y\u00dcR\u00dcR-YEM-KARMA-MAK\u0130NES\u0130-3-495x400.jpg' width='495' height='400'  title='KEND\u0130-Y\u00dcR\u00dcR-YEM-KARMA-MAK\u0130NES\u0130-3' alt='' \/><\/a> <a href='http:\/\/fimaks.com\/wp-content\/uploads\/2018\/03\/KEND\u0130-Y\u00dcR\u00dcR-YEM-KARMA-MAK\u0130NES\u0130-4.jpg' data-rel='gallery-1' data-prev-img='http:\/\/fimaks.com\/wp-content\/uploads\/2018\/03\/KEND\u0130-Y\u00dcR\u00dcR-YEM-KARMA-MAK\u0130NES\u0130-4-845x684.jpg' class='lightbox ' data-onclick='4' title=''  itemprop=\"thumbnailUrl\" ><img  src='http:\/\/fimaks.com\/wp-content\/uploads\/2018\/03\/KEND\u0130-Y\u00dcR\u00dcR-YEM-KARMA-MAK\u0130NES\u0130-4-495x400.jpg' width='495' height='400'  title='KEND\u0130-Y\u00dcR\u00dcR-YEM-KARMA-MAK\u0130NES\u0130-4' alt='' \/><\/a><\/div><\/div>\n\t<div  class='av_promobox  avia-button-yes '>\t\t<div class='avia-promocontent'><p>\n<span id=\"result_box\" class=\"short_text\" lang=\"fr\"><span class=\"\">Nous produisons de la productivit\u00e9.<\/span> Obtenez un devis.<\/span><\/p>\n<\/div><div class='avia-button-wrap avia-button-right '><a href='http:\/\/fimaks.com\/iletisim\/' class='avia-button   avia-icon_select-no avia-color-theme-color avia-size-large avia-position-right '   ><span class='avia_iconbox_title' >Contact<\/span><\/a><\/div>\t<\/div>\n<div class='avia-image-container  av-styling-no-styling    avia-align-center '  itemprop=\"ImageObject\" itemscope=\"itemscope\" itemtype=\"https:\/\/schema.org\/ImageObject\"  ><div class='avia-image-container-inner'><a href='http:\/\/fimaks.com\/multimedya\/kataloglar\/' class='avia_image'   target=\"_blank\" ><img class='avia_image ' src='http:\/\/fimaks.com\/wp-content\/uploads\/2018\/02\/YEM-KARMA-MAK\u0130NELER\u0130-KATALOG2.jpg' alt='YEM-KARMA-MAK\u0130NELER\u0130-KATALOG2' title='YEM-KARMA-MAK\u0130NELER\u0130-KATALOG2'  itemprop=\"thumbnailUrl\"  \/><\/a><\/div><\/div>\n","protected":false},"excerpt":{"rendered":"","protected":false},"author":1,"featured_media":0,"parent":8059,"menu_order":0,"comment_status":"closed","ping_status":"closed","template":"","meta":{"_exactmetrics_skip_tracking":false,"_exactmetrics_sitenote_active":false,"_exactmetrics_sitenote_note":"","_exactmetrics_sitenote_category":0,"footnotes":""},"yst_prominent_words":[],"class_list":["post-9147","page","type-page","status-publish","hentry"],"_links":{"self":[{"href":"http:\/\/fimaks.com\/fr\/wp-json\/wp\/v2\/pages\/9147","targetHints":{"allow":["GET"]}}],"collection":[{"href":"http:\/\/fimaks.com\/fr\/wp-json\/wp\/v2\/pages"}],"about":[{"href":"http:\/\/fimaks.com\/fr\/wp-json\/wp\/v2\/types\/page"}],"author":[{"embeddable":true,"href":"http:\/\/fimaks.com\/fr\/wp-json\/wp\/v2\/users\/1"}],"replies":[{"embeddable":true,"href":"http:\/\/fimaks.com\/fr\/wp-json\/wp\/v2\/comments?post=9147"}],"version-history":[{"count":26,"href":"http:\/\/fimaks.com\/fr\/wp-json\/wp\/v2\/pages\/9147\/revisions"}],"predecessor-version":[{"id":15586,"href":"http:\/\/fimaks.com\/fr\/wp-json\/wp\/v2\/pages\/9147\/revisions\/15586"}],"up":[{"embeddable":true,"href":"http:\/\/fimaks.com\/fr\/wp-json\/wp\/v2\/pages\/8059"}],"wp:attachment":[{"href":"http:\/\/fimaks.com\/fr\/wp-json\/wp\/v2\/media?parent=9147"}],"wp:term":[{"taxonomy":"yst_prominent_words","embeddable":true,"href":"http:\/\/fimaks.com\/fr\/wp-json\/wp\/v2\/yst_prominent_words?post=9147"}],"curies":[{"name":"wp","href":"https:\/\/api.w.org\/{rel}","templated":true}]}}