{"id":10219,"date":"2018-03-29T08:52:45","date_gmt":"2018-03-29T05:52:45","guid":{"rendered":"http:\/\/fimaks.com\/%d1%80%d0%be%d1%82%d0%be%d1%80%d0%bd%d1%8b%d0%b5-%d1%80%d0%b5%d0%b9%d0%ba%d0%b8\/%d0%be%d1%82%d0%be%d1%80%d0%bd%d1%8b%d0%b5-%d0%b3%d1%80%d0%b0%d0%b1%d0%bb%d0%b8-11-%d0%bf%d0%bb%d0%b5%d1%87\/"},"modified":"2018-06-21T15:37:17","modified_gmt":"2018-06-21T12:37:17","slug":"%d0%be%d1%82%d0%be%d1%80%d0%bd%d1%8b%d0%b5-%d0%b3%d1%80%d0%b0%d0%b1%d0%bb%d0%b8-11-%d0%bf%d0%bb%d0%b5%d1%87","status":"publish","type":"page","link":"http:\/\/fimaks.com\/ru\/%d1%80%d0%be%d1%82%d0%be%d1%80%d0%bd%d1%8b%d0%b5-%d1%80%d0%b5%d0%b9%d0%ba%d0%b8\/%d0%be%d1%82%d0%be%d1%80%d0%bd%d1%8b%d0%b5-%d0%b3%d1%80%d0%b0%d0%b1%d0%bb%d0%b8-11-%d0%bf%d0%bb%d0%b5%d1%87\/","title":{"rendered":"\u041e\u0422\u041e\u0420\u041d\u042b\u0415 \u0413\u0420\u0410\u0411\u041b\u0418 11 \u043f\u043b\u0435\u0447"},"content":{"rendered":"<div class='av-hotspot-image-container avia_animate_when_almost_visible   avia_animated_image avia_animate_when_almost_visible fade-in av-hotspot-numbered av-mobile-fallback-active    av-non-fullwidth-hotspot-image '  itemprop=\"ImageObject\" itemscope=\"itemscope\" itemtype=\"https:\/\/schema.org\/ImageObject\"  ><div class='av-hotspot-container'><div class='av-hotspot-container-inner-cell'><div class='av-hotspot-container-inner-wrap'><div class='av-image-hotspot' data-avia-tooltip-position='right' data-avia-tooltip-alignment='centered' data-avia-tooltip-class='av-tt-default-width av-tt-pos-right av-tt-align-centered  av-mobile-fallback-active  transparent_dark av-tt-hotspot' data-avia-tooltip='&lt;p&gt;\u041f\u0420\u041e\u0427\u041d\u042b\u0415 \u0428\u0410\u0421\u0421\u0418&lt;\/p&gt;\n' style='top: 56.1%; left: 57.2%; '><div class='av-image-hotspot_inner' style='background-color: #c2c9ce; color: #000000;'>1<\/div><div class='av-image-hotspot-pulse' style='background-color:#e8e8e8;'><\/div><\/div><div class='av-image-hotspot' data-avia-tooltip-position='bottom' data-avia-tooltip-alignment='centered' data-avia-tooltip-class='av-tt-default-width av-tt-pos-below av-tt-align-centered  av-mobile-fallback-active  transparent_dark av-tt-hotspot' data-avia-tooltip='&lt;p&gt;\u0418\u0422\u0410\u041b\u042c\u042f\u041d\u0421\u041a\u0410\u042f \u0422\u0420\u0410\u041d\u0421\u041c\u0418\u0421\u0421\u0418\u042f&lt;\/p&gt;\n' style='top: 63.2%; left: 46.1%; '><div class='av-image-hotspot_inner' style='background-color: #c2c9ce; color: #000000;'>2<\/div><div class='av-image-hotspot-pulse' style='background-color:#ffffff;'><\/div><\/div><div class='av-image-hotspot' data-avia-tooltip-position='top' data-avia-tooltip-alignment='left' data-avia-tooltip-class='av-tt-default-width av-tt-pos-above av-tt-align-left  av-mobile-fallback-active  transparent_dark av-tt-hotspot' data-avia-tooltip='&lt;p&gt;\u041b\u0415\u0413\u041a\u0410 \u0412 \u0421\u0411\u041e\u0420\u041a\u0415&lt;\/p&gt;\n' style='top: 69%; left: 38.3%; '><div class='av-image-hotspot_inner' style='background-color: #c2c9ce; color: #000000;'>3<\/div><div class='av-image-hotspot-pulse' style='background-color:#ffffff;'><\/div><\/div><div class='av-image-hotspot' data-avia-tooltip-position='top' data-avia-tooltip-alignment='left' data-avia-tooltip-class='av-tt-default-width av-tt-pos-above av-tt-align-left  av-mobile-fallback-active  transparent_dark av-tt-hotspot' data-avia-tooltip='&lt;p&gt;\u0420\u041e\u0422\u041e\u0420\u041d\u042b\u0415 \u0413\u0420\u0410\u0411\u041b\u0418 \u0412\u042b\u0421\u041e\u041a\u041e\u0419 \u041f\u0420\u041e\u0418\u0417\u0412\u041e\u0414\u0418\u0422\u0415\u041b\u042c\u041d\u041e\u0421\u0422\u0418&lt;\/p&gt;\n' style='top: 77%; left: 39.7%; '><div class='av-image-hotspot_inner' style='background-color: #c2c9ce; color: #000000;'>4<\/div><div class='av-image-hotspot-pulse' style='background-color:#ffffff;'><\/div><\/div><div class='av-image-hotspot' data-avia-tooltip-position='top' data-avia-tooltip-alignment='left' data-avia-tooltip-class='av-tt-default-width av-tt-pos-above av-tt-align-left  av-mobile-fallback-active  transparent_dark av-tt-hotspot' data-avia-tooltip='&lt;p&gt;\u0412\u041d\u0415\u0414\u041e\u0420\u041e\u0416\u041d\u042b\u0415 \u0428\u0418\u041d\u042b&lt;\/p&gt;\n' style='top: 80.7%; left: 51.6%; '><div class='av-image-hotspot_inner' style='background-color: #c2c9ce; color: #000000;'>5<\/div><div class='av-image-hotspot-pulse' style='background-color:#ffffff;'><\/div><\/div><div class='av-image-hotspot' data-avia-tooltip-position='top' data-avia-tooltip-alignment='left' data-avia-tooltip-class='av-tt-default-width av-tt-pos-above av-tt-align-left  av-mobile-fallback-active  transparent_dark av-tt-hotspot' data-avia-tooltip='&lt;p&gt;\u041f\u0410\u041d\u0415\u041b\u042c \u0414\u041b\u042f \u0421\u041e\u0417\u0414\u0410\u041d\u0418\u042f \u0420\u042f\u0414\u041e\u0412&lt;\/p&gt;\n' style='top: 54%; left: 44.1%; '><div class='av-image-hotspot_inner' style='background-color: #c2c9ce; color: #000000;'>6<\/div><div class='av-image-hotspot-pulse' style='background-color:#ffffff;'><\/div><\/div><div class='av-image-hotspot' data-avia-tooltip-position='top' data-avia-tooltip-alignment='left' data-avia-tooltip-class='av-tt-default-width av-tt-pos-above av-tt-align-left  av-mobile-fallback-active  transparent_dark av-tt-hotspot' data-avia-tooltip='&lt;p&gt;&lt;span id=&quot;result_box&quot; class=&quot;short_text&quot; lang=&quot;ru&quot;&gt;&lt;span class=&quot;&quot;&gt;\u0421\u0418\u0421\u0422\u0415\u041c\u0410 \u041f\u041e\u0414\u0412\u0415\u0421\u041a\u0418&lt;\/span&gt;&lt;\/span&gt; CAT. II&lt;\/p&gt;\n' style='top: 47.5%; left: 69.3%; '><div class='av-image-hotspot_inner' style='background-color: #c2c9ce; color: #000000;'>7<\/div><div class='av-image-hotspot-pulse' style='background-color:#ffffff;'><\/div><\/div><img class='avia_image ' src='http:\/\/fimaks.com\/wp-content\/uploads\/2018\/03\/NAMLU-YAPMA-MAK\u0130NES\u0130-11-KOLLU-HEL\u0130KOPTER.png' alt='NAMLU-YAPMA-MAK\u0130NES\u0130-11-KOLLU-HEL\u0130KOPTER' title='NAMLU-YAPMA-MAK\u0130NES\u0130-11-KOLLU-HEL\u0130KOPTER'   itemprop=\"thumbnailUrl\"  \/><\/div><\/div><\/div><div class='av-hotspot-fallback-tooltip'><div class='av-hotspot-fallback-tooltip-count'>1<div class='avia-arrow'><\/div><\/div><div class='av-hotspot-fallback-tooltip-inner clearfix'><p>\n\u041f\u0420\u041e\u0427\u041d\u042b\u0415 \u0428\u0410\u0421\u0421\u0418<\/p>\n<\/div><\/div><div class='av-hotspot-fallback-tooltip'><div class='av-hotspot-fallback-tooltip-count'>2<div class='avia-arrow'><\/div><\/div><div class='av-hotspot-fallback-tooltip-inner clearfix'><p>\n\u0418\u0422\u0410\u041b\u042c\u042f\u041d\u0421\u041a\u0410\u042f \u0422\u0420\u0410\u041d\u0421\u041c\u0418\u0421\u0421\u0418\u042f<\/p>\n<\/div><\/div><div class='av-hotspot-fallback-tooltip'><div class='av-hotspot-fallback-tooltip-count'>3<div class='avia-arrow'><\/div><\/div><div class='av-hotspot-fallback-tooltip-inner clearfix'><p>\n\u041b\u0415\u0413\u041a\u0410 \u0412 \u0421\u0411\u041e\u0420\u041a\u0415<\/p>\n<\/div><\/div><div class='av-hotspot-fallback-tooltip'><div class='av-hotspot-fallback-tooltip-count'>4<div class='avia-arrow'><\/div><\/div><div class='av-hotspot-fallback-tooltip-inner clearfix'><p>\n\u0420\u041e\u0422\u041e\u0420\u041d\u042b\u0415 \u0413\u0420\u0410\u0411\u041b\u0418 \u0412\u042b\u0421\u041e\u041a\u041e\u0419 \u041f\u0420\u041e\u0418\u0417\u0412\u041e\u0414\u0418\u0422\u0415\u041b\u042c\u041d\u041e\u0421\u0422\u0418<\/p>\n<\/div><\/div><div class='av-hotspot-fallback-tooltip'><div class='av-hotspot-fallback-tooltip-count'>5<div class='avia-arrow'><\/div><\/div><div class='av-hotspot-fallback-tooltip-inner clearfix'><p>\n\u0412\u041d\u0415\u0414\u041e\u0420\u041e\u0416\u041d\u042b\u0415 \u0428\u0418\u041d\u042b<\/p>\n<\/div><\/div><div class='av-hotspot-fallback-tooltip'><div class='av-hotspot-fallback-tooltip-count'>6<div class='avia-arrow'><\/div><\/div><div class='av-hotspot-fallback-tooltip-inner clearfix'><p>\n\u041f\u0410\u041d\u0415\u041b\u042c \u0414\u041b\u042f \u0421\u041e\u0417\u0414\u0410\u041d\u0418\u042f \u0420\u042f\u0414\u041e\u0412<\/p>\n<\/div><\/div><div class='av-hotspot-fallback-tooltip'><div class='av-hotspot-fallback-tooltip-count'>7<div class='avia-arrow'><\/div><\/div><div class='av-hotspot-fallback-tooltip-inner clearfix'><p>\n<span id=\"result_box\" class=\"short_text\" lang=\"ru\"><span class=\"\">\u0421\u0418\u0421\u0422\u0415\u041c\u0410 \u041f\u041e\u0414\u0412\u0415\u0421\u041a\u0418<\/span><\/span> CAT. II<\/p>\n<\/div><\/div><\/div>\n<div style='padding-bottom:10px;' class='av-special-heading av-special-heading-h1  blockquote modern-quote modern-centered   av-thin-font '><h1 class='av-special-heading-tag '  itemprop=\"headline\"  >\u0420\u041e\u0422\u041e\u0420\u041d\u042b\u0415 \u0420\u0415\u0419\u041a\u0418 | 11 \u041f\u041b\u0415\u0427<br \/>| <strong>FMR 440<\/strong> |<\/h1><div class='special-heading-border'><div class='special-heading-inner-border' ><\/div><\/div><\/div>\n<div  class='hr hr-default  '><span class='hr-inner ' ><span class='hr-inner-style'><\/span><\/span><\/div>\n<section class=\"av_textblock_section \"  itemscope=\"itemscope\" itemtype=\"https:\/\/schema.org\/CreativeWork\" ><div class='avia_textblock  '   itemprop=\"text\" ><p><span class=\"av_dropcap1 \" >\u0413<\/span>\u0440\u0430\u0431\u043b\u0438 \u043e\u0431\u0435\u0441\u043f\u0435\u0447\u0438\u0432\u0430\u044e\u0442 \u0447\u0438\u0441\u0442\u044b\u0439 \u043a\u043e\u0440\u043c \u0431\u0435\u0437 \u0437\u0435\u043c\u043b\u0438 \u0438 \u043a\u0430\u043c\u043d\u0435\u0439. \u042d\u0442\u043e \u043f\u043e\u043c\u043e\u0436\u0435\u0442 \u043f\u0440\u0435\u0441\u0441-\u043f\u043e\u0434\u0431\u043e\u0440\u0449\u0438\u043a\u0443 \u043b\u0435\u0433\u043a\u043e \u0441\u043e\u0437\u0434\u0430\u0432\u0430\u0442\u044c \u0442\u044e\u043a\u0438, \u0441\u0432\u043e\u0431\u043e\u0434\u043d\u044b\u0435 \u043e\u0442 \u043f\u043e\u0441\u0442\u043e\u0440\u043e\u043d\u043d\u0438\u0445 \u043c\u0430\u0442\u0435\u0440\u0438\u0430\u043b\u043e\u0432. \u0427\u0442\u043e \u043f\u043e\u043b\u043e\u0436\u0438\u0442\u0435\u043b\u044c\u043d\u043e \u043f\u043e\u0432\u043b\u0438\u044f\u0435\u0442 \u043d\u0430 \u0437\u0434\u043e\u0440\u043e\u0432\u044c\u0435 \u0436\u0438\u0432\u043e\u0442\u043d\u044b\u0445.<\/p>\n<p>\u041d\u0430\u043f\u0440\u0430\u0432\u043b\u044f\u044e\u0449\u0435\u0435 \u043a\u043e\u043b\u0435\u0441\u043e \u0441 \u0430\u043c\u043e\u0440\u0442\u0438\u0437\u0430\u0442\u043e\u0440\u043e\u043c \u043f\u0440\u0438\u0434\u0430\u0435\u0442 \u043c\u0430\u0448\u0438\u043d\u0435 \u043f\u043e\u0432\u044b\u0448\u0435\u043d\u043d\u0443\u044e \u043f\u043e\u0434\u0432\u0438\u0436\u043d\u043e\u0441\u0442\u044c \u0438 \u0441\u0442\u0430\u0431\u0438\u043b\u044c\u043d\u043e\u0441\u0442\u044c \u0432\u043e\u043a\u0440\u0443\u0433 \u0438\u0437\u0433\u0438\u0431\u043e\u0432 \u0438 \u043f\u043b\u043e\u0441\u043a\u043e\u0439 \u043f\u043e\u0432\u0435\u0440\u0445\u043d\u043e\u0441\u0442\u0438. \u041f\u043e\u043c\u043e\u0433\u0430\u0435\u0442 \u0437\u0430\u0433\u043e\u0442\u043e\u0432\u0438\u0442\u044c \u0445\u043e\u0440\u043e\u0448\u043e \u0441\u0444\u043e\u0440\u043c\u0438\u0440\u043e\u0432\u0430\u043d\u043d\u044b\u0435 \u0438 \u043f\u0440\u043e\u0432\u0435\u0442\u0440\u0438\u0432\u0430\u0435\u043c\u044b\u043c\u0438 \u0440\u044f\u0434\u044b \u0438\u0437 \u043a\u043e\u0440\u043c\u043e\u0432\u044b\u0445 \u0442\u0440\u0430\u0432. \u0410\u043c\u043e\u0440\u0442\u0438\u0437\u0430\u0442\u043e\u0440\u044b \u0441\u0442\u0430\u0431\u0438\u043b\u0438\u0437\u0438\u0440\u0443\u044e\u0442 \u043c\u0430\u0448\u0438\u043d\u0443 \u043f\u0440\u0438 \u0435\u0435 \u043f\u043e\u0434\u043d\u044f\u0442\u0438\u0438. \u0410 \u0442\u0430\u043a\u0436\u0435 \u043c\u0430\u0448\u0438\u043d\u0430 \u0433\u0430\u0440\u0430\u043d\u0442\u0438\u0440\u043e\u0432\u0430\u043d\u043d\u043e \u0440\u0430\u0431\u043e\u0442\u0430\u0435\u0442 \u043d\u0430 \u043e\u043f\u0442\u0438\u043c\u0430\u043b\u044c\u043d\u043e\u0439 \u0432\u044b\u0441\u043e\u0442\u0435 \u043e\u0442 \u0437\u0435\u043c\u043b\u0438 \u0438 \u043e\u0431\u0435\u0441\u043f\u0435\u0447\u0438\u0432\u0430\u0435\u0442 \u043f\u043b\u0430\u0432\u043d\u0443\u044e \u0435\u0437\u0434\u0443 \u0434\u043b\u044f \u043d\u0430\u0438\u043b\u0443\u0447\u0448\u0435\u0433\u043e \u043a\u0430\u0447\u0435\u0441\u0442\u0432\u0430 \u0441\u0433\u0440\u0435\u0431\u0430\u043d\u0438\u044f.<\/p>\n<p>\u0422\u0440\u0430\u043d\u0441\u043c\u0438\u0441\u0441\u0438\u044f \u0433\u0435\u0440\u043c\u0435\u0442\u0438\u0437\u0438\u0440\u043e\u0432\u0430\u043d\u0430 \u0438 \u0443\u0441\u0442\u0430\u043d\u043e\u0432\u043b\u0435\u043d\u0430 \u0441\u0432\u043e\u0431\u043e\u0434\u043d\u043e. \u041d\u0438\u043a\u0430\u043a\u043e\u0439 \u043f\u044b\u043b\u0438 \u0438 \u0437\u0430\u0433\u0440\u044f\u0437\u043d\u0435\u043d\u0438\u0439. \u0412\u044b\u0441\u043e\u0442\u0443 \u043c\u043e\u0436\u043d\u043e \u043b\u0435\u0433\u043a\u043e \u043e\u0442\u0440\u0435\u0433\u0443\u043b\u0438\u0440\u043e\u0432\u0430\u0442\u044c \u0441 \u043f\u043e\u043c\u043e\u0449\u044c\u044e \u0440\u0443\u0447\u043d\u043e\u0433\u043e \u0440\u044b\u0447\u0430\u0433\u0430 \u043d\u0430 \u043a\u043e\u0440\u043e\u0431\u043a\u0435 \u043f\u0435\u0440\u0435\u0434\u0430\u0447, \u0447\u0442\u043e\u0431\u044b \u0433\u0430\u0440\u0430\u043d\u0442\u0438\u0440\u043e\u0432\u0430\u0442\u044c \u043d\u0435\u0438\u0437\u043c\u0435\u043d\u043d\u043e\u0435 \u043a\u0430\u0447\u0435\u0441\u0442\u0432\u043e.<\/p>\n<p>\u041b\u0435\u0433\u043a\u043e \u0440\u0435\u0433\u0443\u043b\u0438\u0440\u043e\u0432\u0430\u0442\u044c \u0442\u0440\u0430\u043d\u0441\u043f\u043e\u0440\u0442\u043d\u043e\u0435 \u043f\u043e\u043b\u043e\u0436\u0435\u043d\u0438\u0435: \u0433\u0440\u0430\u0431\u043b\u0438 \u043c\u043e\u0436\u043d\u043e \u043b\u0435\u0433\u043a\u043e \u0441\u043d\u044f\u0442\u044c \u0441 \u043f\u043e\u043c\u043e\u0449\u044c\u044e \u0437\u0430\u043a\u0440\u0435\u043f\u043b\u0435\u043d\u043d\u043e\u0433\u043e \u0431\u043e\u043b\u0442\u0430, \u043a\u043e\u0442\u043e\u0440\u044b\u0439 \u043b\u0435\u0433\u043a\u043e \u043e\u0442\u043a\u0440\u0435\u043f\u0438\u0442\u044c.<\/p>\n<\/div><\/section>\n<div  class='hr hr-default  '><span class='hr-inner ' ><span class='hr-inner-style'><\/span><\/span><\/div>\n<div class='av-social-sharing-box  av-social-sharing-box-minimal '><div class='av-share-box'><ul class='av-share-box-list noLightbox'><li class='av-share-link av-social-link-facebook' ><a target='_blank' href='http:\/\/www.facebook.com\/sharer.php?u=http:\/\/fimaks.com\/ru\/%d1%80%d0%be%d1%82%d0%be%d1%80%d0%bd%d1%8b%d0%b5-%d1%80%d0%b5%d0%b9%d0%ba%d0%b8\/%d0%be%d1%82%d0%be%d1%80%d0%bd%d1%8b%d0%b5-%d0%b3%d1%80%d0%b0%d0%b1%d0%bb%d0%b8-11-%d0%bf%d0%bb%d0%b5%d1%87\/&amp;t=%D0%9E%D0%A2%D0%9E%D0%A0%D0%9D%D0%AB%D0%95%20%D0%93%D0%A0%D0%90%D0%91%D0%9B%D0%98%2011%20%D0%BF%D0%BB%D0%B5%D1%87' aria-hidden='true' data-av_icon='\ue8f3' data-av_iconfont='entypo-fontello' title='' data-avia-related-tooltip='Share on Facebook'><span class='avia_hidden_link_text'>Share on Facebook<\/span><\/a><\/li><li class='av-share-link av-social-link-twitter' ><a target='_blank' href='https:\/\/twitter.com\/share?text=%D0%9E%D0%A2%D0%9E%D0%A0%D0%9D%D0%AB%D0%95%20%D0%93%D0%A0%D0%90%D0%91%D0%9B%D0%98%2011%20%D0%BF%D0%BB%D0%B5%D1%87&url=http:\/\/fimaks.com\/ru\/?p=10219' aria-hidden='true' data-av_icon='\ue8f1' data-av_iconfont='entypo-fontello' title='' data-avia-related-tooltip='Share on Twitter'><span class='avia_hidden_link_text'>Share on Twitter<\/span><\/a><\/li><li class='av-share-link av-social-link-gplus' ><a target='_blank' href='https:\/\/plus.google.com\/share?url=http:\/\/fimaks.com\/ru\/%d1%80%d0%be%d1%82%d0%be%d1%80%d0%bd%d1%8b%d0%b5-%d1%80%d0%b5%d0%b9%d0%ba%d0%b8\/%d0%be%d1%82%d0%be%d1%80%d0%bd%d1%8b%d0%b5-%d0%b3%d1%80%d0%b0%d0%b1%d0%bb%d0%b8-11-%d0%bf%d0%bb%d0%b5%d1%87\/' aria-hidden='true' data-av_icon='\ue8f6' data-av_iconfont='entypo-fontello' title='' data-avia-related-tooltip='Share on Google+'><span class='avia_hidden_link_text'>Share on Google+<\/span><\/a><\/li><li class='av-share-link av-social-link-pinterest' ><a target='_blank' href='http:\/\/pinterest.com\/pin\/create\/button\/?url=http%3A%2F%2Ffimaks.com%2Fru%2F%25d1%2580%25d0%25be%25d1%2582%25d0%25be%25d1%2580%25d0%25bd%25d1%258b%25d0%25b5-%25d1%2580%25d0%25b5%25d0%25b9%25d0%25ba%25d0%25b8%2F%25d0%25be%25d1%2582%25d0%25be%25d1%2580%25d0%25bd%25d1%258b%25d0%25b5-%25d0%25b3%25d1%2580%25d0%25b0%25d0%25b1%25d0%25bb%25d0%25b8-11-%25d0%25bf%25d0%25bb%25d0%25b5%25d1%2587%2F&amp;description=%D0%9E%D0%A2%D0%9E%D0%A0%D0%9D%D0%AB%D0%95%20%D0%93%D0%A0%D0%90%D0%91%D0%9B%D0%98%2011%20%D0%BF%D0%BB%D0%B5%D1%87&amp;media=' aria-hidden='true' data-av_icon='\ue8f8' data-av_iconfont='entypo-fontello' title='' data-avia-related-tooltip='Share on Pinterest'><span class='avia_hidden_link_text'>Share on Pinterest<\/span><\/a><\/li><li class='av-share-link av-social-link-linkedin' ><a target='_blank' href='http:\/\/linkedin.com\/shareArticle?mini=true&amp;title=%D0%9E%D0%A2%D0%9E%D0%A0%D0%9D%D0%AB%D0%95%20%D0%93%D0%A0%D0%90%D0%91%D0%9B%D0%98%2011%20%D0%BF%D0%BB%D0%B5%D1%87&amp;url=http:\/\/fimaks.com\/ru\/%d1%80%d0%be%d1%82%d0%be%d1%80%d0%bd%d1%8b%d0%b5-%d1%80%d0%b5%d0%b9%d0%ba%d0%b8\/%d0%be%d1%82%d0%be%d1%80%d0%bd%d1%8b%d0%b5-%d0%b3%d1%80%d0%b0%d0%b1%d0%bb%d0%b8-11-%d0%bf%d0%bb%d0%b5%d1%87\/' aria-hidden='true' data-av_icon='\ue8fc' data-av_iconfont='entypo-fontello' title='' data-avia-related-tooltip='Share on Linkedin'><span class='avia_hidden_link_text'>Share on Linkedin<\/span><\/a><\/li><li class='av-share-link av-social-link-tumblr' ><a target='_blank' href='http:\/\/www.tumblr.com\/share\/link?url=http%3A%2F%2Ffimaks.com%2Fru%2F%25d1%2580%25d0%25be%25d1%2582%25d0%25be%25d1%2580%25d0%25bd%25d1%258b%25d0%25b5-%25d1%2580%25d0%25b5%25d0%25b9%25d0%25ba%25d0%25b8%2F%25d0%25be%25d1%2582%25d0%25be%25d1%2580%25d0%25bd%25d1%258b%25d0%25b5-%25d0%25b3%25d1%2580%25d0%25b0%25d0%25b1%25d0%25bb%25d0%25b8-11-%25d0%25bf%25d0%25bb%25d0%25b5%25d1%2587%2F&amp;name=%D0%9E%D0%A2%D0%9E%D0%A0%D0%9D%D0%AB%D0%95%20%D0%93%D0%A0%D0%90%D0%91%D0%9B%D0%98%2011%20%D0%BF%D0%BB%D0%B5%D1%87&amp;description=' aria-hidden='true' data-av_icon='\ue8fa' data-av_iconfont='entypo-fontello' title='' data-avia-related-tooltip='Share on Tumblr'><span class='avia_hidden_link_text'>Share on Tumblr<\/span><\/a><\/li><li class='av-share-link av-social-link-vk' ><a target='_blank' href='http:\/\/vk.com\/share.php?url=http:\/\/fimaks.com\/ru\/%d1%80%d0%be%d1%82%d0%be%d1%80%d0%bd%d1%8b%d0%b5-%d1%80%d0%b5%d0%b9%d0%ba%d0%b8\/%d0%be%d1%82%d0%be%d1%80%d0%bd%d1%8b%d0%b5-%d0%b3%d1%80%d0%b0%d0%b1%d0%bb%d0%b8-11-%d0%bf%d0%bb%d0%b5%d1%87\/' aria-hidden='true' data-av_icon='\ue926' data-av_iconfont='entypo-fontello' title='' data-avia-related-tooltip='Share on Vk'><span class='avia_hidden_link_text'>Share on Vk<\/span><\/a><\/li><li class='av-share-link av-social-link-reddit' ><a target='_blank' href='http:\/\/reddit.com\/submit?url=http:\/\/fimaks.com\/ru\/%d1%80%d0%be%d1%82%d0%be%d1%80%d0%bd%d1%8b%d0%b5-%d1%80%d0%b5%d0%b9%d0%ba%d0%b8\/%d0%be%d1%82%d0%be%d1%80%d0%bd%d1%8b%d0%b5-%d0%b3%d1%80%d0%b0%d0%b1%d0%bb%d0%b8-11-%d0%bf%d0%bb%d0%b5%d1%87\/&amp;title=%D0%9E%D0%A2%D0%9E%D0%A0%D0%9D%D0%AB%D0%95%20%D0%93%D0%A0%D0%90%D0%91%D0%9B%D0%98%2011%20%D0%BF%D0%BB%D0%B5%D1%87' aria-hidden='true' data-av_icon='\ue927' data-av_iconfont='entypo-fontello' title='' data-avia-related-tooltip='Share on Reddit'><span class='avia_hidden_link_text'>Share on Reddit<\/span><\/a><\/li><li class='av-share-link av-social-link-mail' ><a  href='mailto:?subject=%D0%9E%D0%A2%D0%9E%D0%A0%D0%9D%D0%AB%D0%95%20%D0%93%D0%A0%D0%90%D0%91%D0%9B%D0%98%2011%20%D0%BF%D0%BB%D0%B5%D1%87&amp;body=http:\/\/fimaks.com\/ru\/%d1%80%d0%be%d1%82%d0%be%d1%80%d0%bd%d1%8b%d0%b5-%d1%80%d0%b5%d0%b9%d0%ba%d0%b8\/%d0%be%d1%82%d0%be%d1%80%d0%bd%d1%8b%d0%b5-%d0%b3%d1%80%d0%b0%d0%b1%d0%bb%d0%b8-11-%d0%bf%d0%bb%d0%b5%d1%87\/' aria-hidden='true' data-av_icon='\ue805' data-av_iconfont='entypo-fontello' title='' data-avia-related-tooltip='Share by Mail'><span class='avia_hidden_link_text'>Share by Mail<\/span><\/a><\/li><\/ul><\/div><\/div>\n<div  class='hr hr-default  '><span class='hr-inner ' ><span class='hr-inner-style'><\/span><\/span><\/div>\n<div  class='avia-video avia-video-16-9   '  itemprop=\"video\" itemtype=\"https:\/\/schema.org\/VideoObject\" ><div class='avia-iframe-wrap'><iframe loading=\"lazy\" width=\"1500\" height=\"844\" src=\"https:\/\/www.youtube.com\/embed\/Jnk1j0FhboU?feature=oembed\" frameborder=\"0\" allow=\"autoplay; encrypted-media\" allowfullscreen><\/iframe><\/div><\/div>\n<div class='avia-data-table-wrap avia_responsive_table'><table class='avia-table avia-data-table avia-table-1  avia_pricing_default '  itemscope=\"itemscope\" itemtype=\"https:\/\/schema.org\/Table\" ><tbody><tr class=''><td class=''><span id=\"result_box\" class=\"short_text\" lang=\"ru\" tabindex=\"-1\"><span class=\"\">\u0420\u0410\u0411\u041e\u0427\u0410\u042f \u0428\u0418\u0420\u0418\u041d\u0410 (\u043c\u043c)<\/span><\/span><\/td><td class=''>4000<\/td><\/tr><tr class=''><td class=''>\u0428\u0418\u0420\u0418\u041d\u0410 \u0412 \u0414\u041e\u0420\u041e\u0416\u041d\u041e\u0419 \u041f\u041e\u0417\u0418\u0426\u0418\u0418 <span id=\"result_box\" class=\"short_text\" lang=\"ru\" tabindex=\"-1\"><span class=\"\">(\u043c\u043c)<\/span><\/span><\/td><td class=''>2650<\/td><\/tr><tr class=''><td class=''><span id=\"result_box\" class=\"short_text\" lang=\"ru\" tabindex=\"-1\"><span class=\"\">\u0428\u0418\u0420\u0418\u041d\u0410 (\u043c\u043c)<\/span><\/span><\/td><td class=''>1200<\/td><\/tr><tr class=''><td class=''><span id=\"result_box\" class=\"short_text\" lang=\"ru\" tabindex=\"-1\"><span class=\"\">\u0414\u041b\u0418\u041d\u0410 (\u043c\u043c)<\/span><\/span><\/td><td class=''>4500<\/td><\/tr><tr class=''><td class=''>\u0412\u0415\u0421 (\u043a\u0433)<\/td><td class=''>500<\/td><\/tr><tr class=''><td class=''>\u041f\u041e\u0422\u0420\u0415\u0411\u041b\u042f\u0415\u0422\u041c\u0410\u042f \u041c\u041e\u0429\u041d\u041e\u0421\u0422\u042c (\u043a\u0412\u0442 \/ \u043b.\u0441.)<\/td><td class=''>34\/45<\/td><\/tr><tr class=''><td class=''>\u0427\u0418\u0421\u041b\u041e \u041f\u041b\u0415\u0427<\/td><td class=''>11<\/td><\/tr><tr class=''><td class=''>\u041a\u041e\u041b\u0418\u0427\u0415\u0421\u0422\u0412\u041e \u041f\u0410\u041b\u0415\u0426 \u041d\u0410 \u041a\u0410\u0416\u0414\u041e\u041c \u041f\u041b\u0415\u0427\u0415<\/td><td class=''>4<\/td><\/tr><tr class=''><td class=''><span id=\"result_box\" class=\"short_text\" lang=\"ru\" tabindex=\"-1\"><span class=\"\">\u0421\u0418\u0421\u0422\u0415\u041c\u0410 \u041f\u041e\u0414\u0412\u0415\u0421\u041a\u0418<\/span><\/span><\/td><td class=''>Cat. II<\/td><\/tr><tr class=''><td class=''><span id=\"result_box\" class=\"short_text\" lang=\"ru\" tabindex=\"-1\"><span class=\"\">\u0428\u0418\u041d\u042b<\/span><\/span><\/td><td class=''>4x(15&#215;6 6PR)<\/td><\/tr><\/tbody><\/table><\/div><style type='text\/css'><\/style>\n\t<div  class='av_promobox  avia-button-yes '>\t\t<div class='avia-promocontent'><p>\n\u041c\u044b \u043f\u0440\u043e\u0438\u0437\u0432\u043e\u0434\u0438\u043c \u043f\u0440\u043e\u0434\u0443\u043a\u0442\u0438\u0432\u043d\u043e\u0441\u0442\u044c. \u041f\u043e\u043b\u0443\u0447\u0438 \u0440\u0430\u0441\u0446\u0435\u043d\u043a\u0443.<\/p>\n<\/div><div class='avia-button-wrap avia-button-right '><a href='http:\/\/fimaks.com\/ru\/%d0%ba%d0%be%d0%bd%d1%82%d0%b0%d0%ba%d1%82%d1%8b\/' class='avia-button   avia-icon_select-no avia-color-theme-color avia-size-large avia-position-right '   ><span class='avia_iconbox_title' >\u041a\u043e\u043d\u0442\u0430\u043a\u0442\u044b<\/span><\/a><\/div>\t<\/div>\n<div  data-size='no scaling'  data-lightbox_size='large'  data-animation='slide'  data-ids='4817,4818,4819'  data-video_counter='0'  data-autoplay='true'  data-bg_slider='false'  data-slide_height=''  data-handle='av_slideshow'  data-interval='3'  data-class=' '  data-css_id=''  data-scroll_down=''  data-control_layout='av-control-default'  data-custom_markup=''  data-perma_caption=''  data-autoplay_stopper=''  data-image_attachment=''  data-min_height='0px'  class='avia-slideshow avia-slideshow-1  av-control-default av-default-height-applied avia-slideshow-no scaling av_slideshow   avia-slide-slider '  itemprop=\"ImageObject\" itemscope=\"itemscope\" itemtype=\"https:\/\/schema.org\/ImageObject\" ><ul class='avia-slideshow-inner' style='padding-bottom: 100%;'><li  class=' slide-1 ' ><div data-rel='slideshow-1' class='avia-slide-wrap'  ><img src='http:\/\/fimaks.com\/wp-content\/uploads\/2018\/03\/1-2.jpg' width='960' height='960' title='NAMLU YAPMA MAK\u0130NES\u0130 11 KOLLU HEL\u0130KOPTER 3' alt=''  itemprop=\"thumbnailUrl\"   \/><\/div><\/li><li  class=' slide-2 ' ><div data-rel='slideshow-1' class='avia-slide-wrap'  ><img src='http:\/\/fimaks.com\/wp-content\/uploads\/2018\/03\/2-2.jpg' width='960' height='960' title='NAMLU YAPMA MAK\u0130NES\u0130 11 KOLLU HEL\u0130KOPTER 2' alt=''  itemprop=\"thumbnailUrl\"   \/><\/div><\/li><li  class=' slide-3 ' ><div data-rel='slideshow-1' class='avia-slide-wrap'  ><img src='http:\/\/fimaks.com\/wp-content\/uploads\/2018\/03\/3-2.jpg' width='960' height='960' title='NAMLU YAPMA MAK\u0130NES\u0130 11 KOLLU HEL\u0130KOPTER' alt=''  itemprop=\"thumbnailUrl\"   \/><\/div><\/li><\/ul><div class='avia-slideshow-arrows avia-slideshow-controls'><a href='#prev' class='prev-slide' aria-hidden='true' data-av_icon='\ue87c' data-av_iconfont='entypo-fontello'>\u041f\u0440\u0435\u0434\u044b\u0434\u0443\u0449\u0438\u0439<\/a><a href='#next' class='next-slide' aria-hidden='true' data-av_icon='\ue87d' data-av_iconfont='entypo-fontello'>\u0421\u043b\u0435\u0434\u0443\u044e\u0449\u0438\u0439<\/a><\/div><div class='avia-slideshow-dots avia-slideshow-controls'><a href='#1' class='goto-slide active' >1<\/a><a href='#2' class='goto-slide ' >2<\/a><a href='#3' class='goto-slide ' >3<\/a><\/div><\/div>\n","protected":false},"excerpt":{"rendered":"","protected":false},"author":1,"featured_media":0,"parent":10151,"menu_order":0,"comment_status":"closed","ping_status":"closed","template":"","meta":{"_exactmetrics_skip_tracking":false,"_exactmetrics_sitenote_active":false,"_exactmetrics_sitenote_note":"","_exactmetrics_sitenote_category":0,"footnotes":""},"yst_prominent_words":[],"class_list":["post-10219","page","type-page","status-publish","hentry"],"_links":{"self":[{"href":"http:\/\/fimaks.com\/ru\/wp-json\/wp\/v2\/pages\/10219","targetHints":{"allow":["GET"]}}],"collection":[{"href":"http:\/\/fimaks.com\/ru\/wp-json\/wp\/v2\/pages"}],"about":[{"href":"http:\/\/fimaks.com\/ru\/wp-json\/wp\/v2\/types\/page"}],"author":[{"embeddable":true,"href":"http:\/\/fimaks.com\/ru\/wp-json\/wp\/v2\/users\/1"}],"replies":[{"embeddable":true,"href":"http:\/\/fimaks.com\/ru\/wp-json\/wp\/v2\/comments?post=10219"}],"version-history":[{"count":29,"href":"http:\/\/fimaks.com\/ru\/wp-json\/wp\/v2\/pages\/10219\/revisions"}],"predecessor-version":[{"id":16240,"href":"http:\/\/fimaks.com\/ru\/wp-json\/wp\/v2\/pages\/10219\/revisions\/16240"}],"up":[{"embeddable":true,"href":"http:\/\/fimaks.com\/ru\/wp-json\/wp\/v2\/pages\/10151"}],"wp:attachment":[{"href":"http:\/\/fimaks.com\/ru\/wp-json\/wp\/v2\/media?parent=10219"}],"wp:term":[{"taxonomy":"yst_prominent_words","embeddable":true,"href":"http:\/\/fimaks.com\/ru\/wp-json\/wp\/v2\/yst_prominent_words?post=10219"}],"curies":[{"name":"wp","href":"https:\/\/api.w.org\/{rel}","templated":true}]}}