{"id":10735,"date":"2018-03-29T13:58:09","date_gmt":"2018-03-29T10:58:09","guid":{"rendered":"http:\/\/fimaks.com\/%d1%80%d0%b0%d0%b7%d0%b1%d1%80%d0%b0%d1%81%d1%8b%d0%b2%d0%b0%d1%82%d0%b5%d0%bb%d0%b8-%d1%83%d0%b4%d0%be%d0%b1%d1%80%d0%b5%d0%bd%d0%b8%d0%b9\/"},"modified":"2021-10-05T10:12:24","modified_gmt":"2021-10-05T07:12:24","slug":"%d1%80%d0%b0%d0%b7%d0%b1%d1%80%d0%b0%d1%81%d1%8b%d0%b2%d0%b0%d1%82%d0%b5%d0%bb%d0%b8-%d1%83%d0%b4%d0%be%d0%b1%d1%80%d0%b5%d0%bd%d0%b8%d0%b9","status":"publish","type":"page","link":"http:\/\/fimaks.com\/ru\/%d1%80%d0%b0%d0%b7%d0%b1%d1%80%d0%b0%d1%81%d1%8b%d0%b2%d0%b0%d1%82%d0%b5%d0%bb%d0%b8-%d1%83%d0%b4%d0%be%d0%b1%d1%80%d0%b5%d0%bd%d0%b8%d0%b9\/","title":{"rendered":"\u0420\u0410\u0417\u0411\u0420\u0410\u0421\u042b\u0412\u0410\u0422\u0415\u041b\u0418 \u0423\u0414\u041e\u0411\u0420\u0415\u041d\u0418\u0419"},"content":{"rendered":"<div class='av-hotspot-image-container avia_animate_when_almost_visible   av-hotspot-numbered av-mobile-fallback-active    av-non-fullwidth-hotspot-image '  itemprop=\"ImageObject\" itemscope=\"itemscope\" itemtype=\"https:\/\/schema.org\/ImageObject\"  ><div class='av-hotspot-container'><div class='av-hotspot-container-inner-cell'><div class='av-hotspot-container-inner-wrap'><img class='avia_image ' src='http:\/\/fimaks.com\/wp-content\/uploads\/2017\/10\/G\u00fcbre-R\u00f6morklar\u0131-3.jpg' alt='G\u00fcbre-R\u00f6morklar\u0131' title='G\u00fcbre-R\u00f6morklar\u0131'   itemprop=\"thumbnailUrl\"  \/><\/div><\/div><\/div><\/div>\n<\/div><\/div><\/div><!-- close content main div --><\/div><\/div><div id='av_section_1' class='avia-section main_color avia-section-default avia-no-border-styling avia-bg-style-scroll   container_wrap sidebar_right'   ><div class='container' ><div class='template-page content  av-content-small alpha units'><div class='post-entry post-entry-type-page post-entry-10735'><div class='entry-content-wrapper clearfix'>\n<div class=\"flex_column av_one_third  flex_column_div av-zero-column-padding first  \" style='border-radius:0px; '><p><div class='avia-image-container  av-styling-    avia-align-center '  itemprop=\"ImageObject\" itemscope=\"itemscope\" itemtype=\"https:\/\/schema.org\/ImageObject\"  ><div class='avia-image-container-inner'><a href='http:\/\/fimaks.com\/ru\/%d1%80%d0%b0%d0%b7%d0%b1%d1%80%d0%b0%d1%81%d1%8b%d0%b2%d0%b0%d1%82%d0%b5%d0%bb%d0%b8-%d1%83%d0%b4%d0%be%d0%b1%d1%80%d0%b5%d0%bd%d0%b8%d0%b9\/5-%d1%82%d0%be%d0%bd-%d1%80%d0%b0%d0%b7%d0%b1%d1%80%d0%b0%d1%81%d1%8b%d0%b2%d0%b0%d1%82%d0%b5%d0%bb%d1%8c-%d1%83%d0%b4%d0%be%d0%b1%d1%80%d0%b5%d0%bd%d0%b8%d0%b9-fmgr-5\/' class='avia_image'  ><img class='avia_image ' src='http:\/\/fimaks.com\/wp-content\/uploads\/2017\/10\/GUBRE-ROMORKU-5-TON.jpg' alt='' title='GUBRE-ROMORKU-5-TON'  itemprop=\"thumbnailUrl\"  \/><\/a><\/div><\/div><br \/>\n<section class=\"av_textblock_section \"  itemscope=\"itemscope\" itemtype=\"https:\/\/schema.org\/CreativeWork\" ><div class='avia_textblock  av_inherit_color '  style='color:#4f4f4f; '  itemprop=\"text\" ><h5 style=\"text-align: center;\">5 \u0422\u041e\u041d<br \/>\n\u0420\u0410\u0417\u0411\u0420\u0410\u0421\u042b\u0412\u0410\u0422\u0415\u041b\u0418 \u0423\u0414\u041e\u0411\u0420\u0415\u041d\u0418\u0419<br \/>\nFMGR 5<\/h5>\n<\/div><\/section><br \/>\n<div style=' margin-top:5px; margin-bottom:30px;'  class='hr hr-custom hr-center hr-icon-yes  '><span class='hr-inner   inner-border-av-border-fat' style=' width:50px;' ><span class='hr-inner-style'><\/span><\/span><span class='av-seperator-icon' style='color:#a8a8a8;' aria-hidden='true' data-av_icon='\ue855' data-av_iconfont='entypo-fontello'><\/span><span class='hr-inner   inner-border-av-border-fat' style=' width:50px;' ><span class='hr-inner-style'><\/span><\/span><\/div><\/p><\/div><div class=\"flex_column av_one_third  flex_column_div av-zero-column-padding   \" style='border-radius:0px; '><p><div class='avia-image-container  av-styling-    avia-align-center '  itemprop=\"ImageObject\" itemscope=\"itemscope\" itemtype=\"https:\/\/schema.org\/ImageObject\"  ><div class='avia-image-container-inner'><a href='gubre-romorku-10-ton-fmgr-10\/' class='avia_image'  ><img class='avia_image ' src='http:\/\/fimaks.com\/wp-content\/uploads\/2017\/10\/GUBRE-ROMORKU-10-TON.jpg' alt='' title='GUBRE-ROMORKU-10-TON'  itemprop=\"thumbnailUrl\"  \/><\/a><\/div><\/div><br \/>\n<section class=\"av_textblock_section \"  itemscope=\"itemscope\" itemtype=\"https:\/\/schema.org\/CreativeWork\" ><div class='avia_textblock  av_inherit_color '  style='color:#4f4f4f; '  itemprop=\"text\" ><h5 style=\"text-align: center;\">10 \u0422\u041e\u041d<br \/>\n\u0420\u0410\u0417\u0411\u0420\u0410\u0421\u042b\u0412\u0410\u0422\u0415\u041b\u0418 \u0423\u0414\u041e\u0411\u0420\u0415\u041d\u0418\u0419<br \/>\nFMGR 10<\/h5>\n<\/div><\/section><br \/>\n<div style=' margin-top:5px; margin-bottom:30px;'  class='hr hr-custom hr-center hr-icon-yes  '><span class='hr-inner   inner-border-av-border-fat' style=' width:50px;' ><span class='hr-inner-style'><\/span><\/span><span class='av-seperator-icon' style='color:#a8a8a8;' aria-hidden='true' data-av_icon='\ue855' data-av_iconfont='entypo-fontello'><\/span><span class='hr-inner   inner-border-av-border-fat' style=' width:50px;' ><span class='hr-inner-style'><\/span><\/span><\/div><\/p><\/div><div class=\"flex_column av_one_third  flex_column_div av-zero-column-padding   \" style='border-radius:0px; '><p><div class='avia-image-container  av-styling-    avia-align-center '  itemprop=\"ImageObject\" itemscope=\"itemscope\" itemtype=\"https:\/\/schema.org\/ImageObject\"  ><div class='avia-image-container-inner'><a href='gubre-romorku-18-ton-fmgr-18\/' class='avia_image'  ><img class='avia_image ' src='http:\/\/fimaks.com\/wp-content\/uploads\/2017\/10\/GUBRE-ROMORKU-18-TON.jpg' alt='' title='GUBRE-ROMORKU-18-TON'  itemprop=\"thumbnailUrl\"  \/><\/a><\/div><\/div><br \/>\n<section class=\"av_textblock_section \"  itemscope=\"itemscope\" itemtype=\"https:\/\/schema.org\/CreativeWork\" ><div class='avia_textblock  av_inherit_color '  style='color:#4f4f4f; '  itemprop=\"text\" ><h5 style=\"text-align: center;\">18 \u0422\u041e\u041d<br \/>\n\u0420\u0410\u0417\u0411\u0420\u0410\u0421\u042b\u0412\u0410\u0422\u0415\u041b\u0418 \u0423\u0414\u041e\u0411\u0420\u0415\u041d\u0418\u0419<br \/>\nFMGR 18<\/h5>\n<\/div><\/section><br \/>\n<div style=' margin-top:5px; margin-bottom:30px;'  class='hr hr-custom hr-center hr-icon-yes  '><span class='hr-inner   inner-border-av-border-fat' style=' width:50px;' ><span class='hr-inner-style'><\/span><\/span><span class='av-seperator-icon' style='color:#a8a8a8;' aria-hidden='true' data-av_icon='\ue855' data-av_iconfont='entypo-fontello'><\/span><span class='hr-inner   inner-border-av-border-fat' style=' width:50px;' ><span class='hr-inner-style'><\/span><\/span><\/div><\/p><\/div><div class=\"flex_column av_one_third  flex_column_div av-zero-column-padding first  \" style='border-radius:0px; '><p><div class='avia-image-container  av-styling-    avia-align-center '  itemprop=\"ImageObject\" itemscope=\"itemscope\" itemtype=\"https:\/\/schema.org\/ImageObject\"  ><div class='avia-image-container-inner'><a href='gubre-romorku-25-ton-fmgr-25\/' class='avia_image'  ><img class='avia_image ' src='http:\/\/fimaks.com\/wp-content\/uploads\/2017\/10\/GUBRE-ROMORKU-25-TON.jpg' alt='' title='GUBRE-ROMORKU-25-TON'  itemprop=\"thumbnailUrl\"  \/><\/a><\/div><\/div><br \/>\n<section class=\"av_textblock_section \"  itemscope=\"itemscope\" itemtype=\"https:\/\/schema.org\/CreativeWork\" ><div class='avia_textblock  av_inherit_color '  style='color:#4f4f4f; '  itemprop=\"text\" ><h5 style=\"text-align: center;\">25 \u0422\u041e\u041d<br \/>\n\u0420\u0410\u0417\u0411\u0420\u0410\u0421\u042b\u0412\u0410\u0422\u0415\u041b\u0418 \u0423\u0414\u041e\u0411\u0420\u0415\u041d\u0418\u0419<br \/>\nFMGR 25<\/h5>\n<\/div><\/section><br \/>\n<div style=' margin-top:5px; margin-bottom:30px;'  class='hr hr-custom hr-center hr-icon-yes  '><span class='hr-inner   inner-border-av-border-fat' style=' width:50px;' ><span class='hr-inner-style'><\/span><\/span><span class='av-seperator-icon' style='color:#a8a8a8;' aria-hidden='true' data-av_icon='\ue855' data-av_iconfont='entypo-fontello'><\/span><span class='hr-inner   inner-border-av-border-fat' style=' width:50px;' ><span class='hr-inner-style'><\/span><\/span><\/div><\/p><\/div><\/div><\/div><\/div><!-- close content main div --><\/div><\/div><div id='after_section_1' class='main_color av_default_container_wrap container_wrap sidebar_right'   ><div class='container' ><div class='template-page content  av-content-small alpha units'><div class='post-entry post-entry-type-page post-entry-10735'><div class='entry-content-wrapper clearfix'><div class='av-hotspot-image-container avia_animate_when_almost_visible   av-hotspot-numbered av-mobile-fallback-active    av-non-fullwidth-hotspot-image '  itemprop=\"ImageObject\" itemscope=\"itemscope\" itemtype=\"https:\/\/schema.org\/ImageObject\"  ><div class='av-hotspot-container'><div class='av-hotspot-container-inner-cell'><div class='av-hotspot-container-inner-wrap'><img class='avia_image ' src='http:\/\/fimaks.com\/wp-content\/uploads\/2013\/04\/Untitled-4.jpg' alt='' title='Untitled-4'   itemprop=\"thumbnailUrl\"  \/><\/div><\/div><\/div><\/div><\/p>\n","protected":false},"excerpt":{"rendered":"","protected":false},"author":1,"featured_media":0,"parent":0,"menu_order":0,"comment_status":"closed","ping_status":"closed","template":"","meta":{"_exactmetrics_skip_tracking":false,"_exactmetrics_sitenote_active":false,"_exactmetrics_sitenote_note":"","_exactmetrics_sitenote_category":0,"footnotes":""},"yst_prominent_words":[],"class_list":["post-10735","page","type-page","status-publish","hentry"],"_links":{"self":[{"href":"http:\/\/fimaks.com\/ru\/wp-json\/wp\/v2\/pages\/10735","targetHints":{"allow":["GET"]}}],"collection":[{"href":"http:\/\/fimaks.com\/ru\/wp-json\/wp\/v2\/pages"}],"about":[{"href":"http:\/\/fimaks.com\/ru\/wp-json\/wp\/v2\/types\/page"}],"author":[{"embeddable":true,"href":"http:\/\/fimaks.com\/ru\/wp-json\/wp\/v2\/users\/1"}],"replies":[{"embeddable":true,"href":"http:\/\/fimaks.com\/ru\/wp-json\/wp\/v2\/comments?post=10735"}],"version-history":[{"count":13,"href":"http:\/\/fimaks.com\/ru\/wp-json\/wp\/v2\/pages\/10735\/revisions"}],"predecessor-version":[{"id":16499,"href":"http:\/\/fimaks.com\/ru\/wp-json\/wp\/v2\/pages\/10735\/revisions\/16499"}],"wp:attachment":[{"href":"http:\/\/fimaks.com\/ru\/wp-json\/wp\/v2\/media?parent=10735"}],"wp:term":[{"taxonomy":"yst_prominent_words","embeddable":true,"href":"http:\/\/fimaks.com\/ru\/wp-json\/wp\/v2\/yst_prominent_words?post=10735"}],"curies":[{"name":"wp","href":"https:\/\/api.w.org\/{rel}","templated":true}]}}