{"id":11128,"date":"2018-03-29T15:29:20","date_gmt":"2018-03-29T12:29:20","guid":{"rendered":"http:\/\/fimaks.com\/%d0%b4%d0%b8%d1%81%d0%ba%d0%be%d0%b2%d1%8b%d0%b5-%d0%ba%d0%be%d1%81%d0%b8%d0%bb%d0%ba%d0%b8\/"},"modified":"2025-08-07T09:36:00","modified_gmt":"2025-08-07T06:36:00","slug":"%d0%b4%d0%b8%d1%81%d0%ba%d0%be%d0%b2%d1%8b%d0%b5-%d0%ba%d0%be%d1%81%d0%b8%d0%bb%d0%ba%d0%b8","status":"publish","type":"page","link":"http:\/\/fimaks.com\/ru\/%d0%b4%d0%b8%d1%81%d0%ba%d0%be%d0%b2%d1%8b%d0%b5-%d0%ba%d0%be%d1%81%d0%b8%d0%bb%d0%ba%d0%b8\/","title":{"rendered":"\u0414\u0418\u0421\u041a\u041e\u0412\u042b\u0415 \u041a\u041e\u0421\u0418\u041b\u041a\u0418"},"content":{"rendered":"<div class='av-hotspot-image-container avia_animate_when_almost_visible   av-hotspot-numbered av-mobile-fallback-active    av-non-fullwidth-hotspot-image '  itemprop=\"ImageObject\" itemscope=\"itemscope\" itemtype=\"https:\/\/schema.org\/ImageObject\"  ><div class='av-hotspot-container'><div class='av-hotspot-container-inner-cell'><div class='av-hotspot-container-inner-wrap'><img class='avia_image ' src='http:\/\/fimaks.com\/wp-content\/uploads\/2018\/03\/diskli-s\u0131kmal\u0131-\u00e7ay\u0131r-bi\u00e7me-makineleri.jpg' alt='D\u0130SKL\u0130 \u00c7AYIR B\u0130\u00c7ME MAK\u0130NASI - SIKMALI \u00c7AYIR B\u0130\u00c7ME - SIKMALI D\u0130SKL\u0130 \u00c7AYIR B\u0130\u00c7ME' title='D\u0130SKL\u0130 \u00c7AYIR B\u0130\u00c7ME MAK\u0130NASI - SIKMALI \u00c7AYIR B\u0130\u00c7ME - SIKMALI D\u0130SKL\u0130 \u00c7AYIR B\u0130\u00c7ME'   itemprop=\"thumbnailUrl\"  \/><\/div><\/div><\/div><\/div>\n<\/div><\/div><\/div><!-- close content main div --><\/div><\/div><div id='av_section_1' class='avia-section main_color avia-section-default avia-no-shadow avia-bg-style-scroll   container_wrap sidebar_right'   ><div class='container' ><div class='template-page content  av-content-small alpha units'><div class='post-entry post-entry-type-page post-entry-11128'><div class='entry-content-wrapper clearfix'>\n<div class=\"flex_column av_one_third  flex_column_div av-zero-column-padding first  \" style='border-radius:0px; '><p><div class='avia-image-container  av-styling-    avia-align-center '  itemprop=\"ImageObject\" itemscope=\"itemscope\" itemtype=\"https:\/\/schema.org\/ImageObject\"  ><div class='avia-image-container-inner'><a href='http:\/\/fimaks.com\/ru\/%d0%b4%d0%b8%d1%81%d0%ba%d0%be%d0%b2%d1%8b%d0%b5-%d0%ba%d0%be%d1%81%d0%b8%d0%bb%d0%ba%d0%b8\/5-%d0%b4%d0%b8%d1%81%d0%ba%d0%be%d0%b2-%d0%b4%d0%b8%d1%81%d0%ba%d0%be%d0%b2%d1%8b%d0%b5-%d0%ba%d0%be%d1%81%d0%b8%d0%bb%d0%ba%d0%b8-8-%d0%b4%d0%b8%d1%81%d0%ba%d0%be%d0%b2\/' class='avia_image'  ><img class='avia_image ' src='http:\/\/fimaks.com\/wp-content\/uploads\/2018\/03\/diskli-\u00e7ay\u0131r-bi\u00e7me-makineleri-5-diskli.jpg' alt='' title='D\u0130SKL\u0130 \u00c7AYIR B\u0130\u00c7ME MAK\u0130NASI - 5 D\u0130SKL\u0130 \u00c7AYIR B\u0130\u00c7ME - FMDM 210'  itemprop=\"thumbnailUrl\"  \/><\/a><\/div><\/div><br \/>\n<section class=\"av_textblock_section \"  itemscope=\"itemscope\" itemtype=\"https:\/\/schema.org\/CreativeWork\" ><div class='avia_textblock  av_inherit_color '  style='color:#4f4f4f; '  itemprop=\"text\" ><h5 style=\"text-align: center;\">5 \u0414\u0418\u0421\u041a\u041e\u0412<br \/>\n\u0414\u0418\u0421\u041a\u041e\u0412\u042b\u0415 \u041a\u041e\u0421\u0418\u041b\u041a\u0418<br \/>\nFMDM 210<\/h5>\n<\/div><\/section><br \/>\n<div style=' margin-top:5px; margin-bottom:30px;'  class='hr hr-custom hr-center hr-icon-yes  '><span class='hr-inner   inner-border-av-border-fat' style=' width:50px;' ><span class='hr-inner-style'><\/span><\/span><span class='av-seperator-icon' style='color:#a8a8a8;' aria-hidden='true' data-av_icon='\ue855' data-av_iconfont='entypo-fontello'><\/span><span class='hr-inner   inner-border-av-border-fat' style=' width:50px;' ><span class='hr-inner-style'><\/span><\/span><\/div><\/p><\/div><div class=\"flex_column av_one_third  flex_column_div av-zero-column-padding   \" style='border-radius:0px; '><p><div class='avia-image-container  av-styling-    avia-align-center '  itemprop=\"ImageObject\" itemscope=\"itemscope\" itemtype=\"https:\/\/schema.org\/ImageObject\"  ><div class='avia-image-container-inner'><a href='http:\/\/fimaks.com\/ru\/%d0%b4%d0%b8%d1%81%d0%ba%d0%be%d0%b2%d1%8b%d0%b5-%d0%ba%d0%be%d1%81%d0%b8%d0%bb%d0%ba%d0%b8\/5-%d0%b4%d0%b8%d1%81%d0%ba%d0%be%d0%b2-%d0%b4%d0%b8%d1%81%d0%ba%d0%be%d0%b2%d1%8b%d0%b5-%d0%ba%d0%be%d1%81%d0%b8%d0%bb%d0%ba%d0%b8-8-%d0%b4%d0%b8%d1%81%d0%ba%d0%be%d0%b2-%d1%81-%d0%ba%d0%be%d0%bd\/' class='avia_image'  ><img class='avia_image ' src='http:\/\/fimaks.com\/wp-content\/uploads\/2020\/08\/FMDM-210C.jpg' alt='' title='FMDM-210C'  itemprop=\"thumbnailUrl\"  \/><\/a><\/div><\/div><br \/>\n<section class=\"av_textblock_section \"  itemscope=\"itemscope\" itemtype=\"https:\/\/schema.org\/CreativeWork\" ><div class='avia_textblock  av_inherit_color '  style='color:#4f4f4f; '  itemprop=\"text\" ><h5 style=\"text-align: center;\">5 \u0414\u0418\u0421\u041a\u041e\u0412<br \/>\n\u0414\u0418\u0421\u041a\u041e\u0412\u042b\u0415 \u041a\u041e\u0421\u0418\u041b\u041a\u0418 \u0421 \u041a\u041e\u041d\u0414\u0418\u0426\u0418\u041e\u041d\u0415\u0420\u041e\u041c<br \/>\nFMDM 210C<\/h5>\n<\/div><\/section><br \/>\n<div style=' margin-top:5px; margin-bottom:30px;'  class='hr hr-custom hr-center hr-icon-yes  '><span class='hr-inner   inner-border-av-border-fat' style=' width:50px;' ><span class='hr-inner-style'><\/span><\/span><span class='av-seperator-icon' style='color:#a8a8a8;' aria-hidden='true' data-av_icon='\ue855' data-av_iconfont='entypo-fontello'><\/span><span class='hr-inner   inner-border-av-border-fat' style=' width:50px;' ><span class='hr-inner-style'><\/span><\/span><\/div><\/p><\/div><div class=\"flex_column av_one_third  flex_column_div av-zero-column-padding   \" style='border-radius:0px; '><p><div class='avia-image-container  av-styling-    avia-align-center '  itemprop=\"ImageObject\" itemscope=\"itemscope\" itemtype=\"https:\/\/schema.org\/ImageObject\"  ><div class='avia-image-container-inner'><a href='http:\/\/fimaks.com\/ru\/%d0%b4%d0%b8%d1%81%d0%ba%d0%be%d0%b2%d1%8b%d0%b5-%d0%ba%d0%be%d1%81%d0%b8%d0%bb%d0%ba%d0%b8\/8-%d0%b4%d0%b8%d1%81%d0%ba%d0%be%d0%b2-%d0%b4%d0%b8%d1%81%d0%ba%d0%be%d0%b2%d1%8b%d0%b5-%d0%ba%d0%be%d1%81%d0%b8%d0%bb%d0%ba%d0%b8-6-%d0%b4%d0%b8%d1%81%d0%ba%d0%be%d0%b2\/' class='avia_image'  ><img class='avia_image ' src='http:\/\/fimaks.com\/wp-content\/uploads\/2018\/03\/diskli-\u00e7ay\u0131r-bi\u00e7me-makineleri-6-diskli.jpg' alt='' title='D\u0130SKL\u0130 \u00c7AYIR B\u0130\u00c7ME MAK\u0130NASI - SIKMALI 6 D\u0130SKL\u0130 \u00c7AYIR B\u0130\u00c7ME - FMDM 245C'  itemprop=\"thumbnailUrl\"  \/><\/a><\/div><\/div><br \/>\n<section class=\"av_textblock_section \"  itemscope=\"itemscope\" itemtype=\"https:\/\/schema.org\/CreativeWork\" ><div class='avia_textblock  av_inherit_color '  style='color:#4f4f4f; '  itemprop=\"text\" ><h5 style=\"text-align: center;\">6 \u0414\u0418\u0421\u041a\u041e\u0412<br \/>\n\u0414\u0418\u0421\u041a\u041e\u0412\u042b\u0415 \u041a\u041e\u0421\u0418\u041b\u041a\u0418<br \/>\nFMDM 245<\/h5>\n<\/div><\/section><br \/>\n<div style=' margin-top:5px; margin-bottom:30px;'  class='hr hr-custom hr-center hr-icon-yes  '><span class='hr-inner   inner-border-av-border-fat' style=' width:50px;' ><span class='hr-inner-style'><\/span><\/span><span class='av-seperator-icon' style='color:#a8a8a8;' aria-hidden='true' data-av_icon='\ue855' data-av_iconfont='entypo-fontello'><\/span><span class='hr-inner   inner-border-av-border-fat' style=' width:50px;' ><span class='hr-inner-style'><\/span><\/span><\/div><\/p><\/div><div class=\"flex_column av_one_third  flex_column_div av-zero-column-padding first  \" style='border-radius:0px; '><p><div class='avia-image-container  av-styling-    avia-align-center '  itemprop=\"ImageObject\" itemscope=\"itemscope\" itemtype=\"https:\/\/schema.org\/ImageObject\"  ><div class='avia-image-container-inner'><a href='http:\/\/fimaks.com\/ru\/%d0%b4%d0%b8%d1%81%d0%ba%d0%be%d0%b2%d1%8b%d0%b5-%d0%ba%d0%be%d1%81%d0%b8%d0%bb%d0%ba%d0%b8\/6-%d0%b4%d0%b8%d1%81%d0%ba%d0%be%d0%b2-%d0%b4%d0%b8%d1%81%d0%ba%d0%be%d0%b2%d1%8b%d0%b5-%d0%ba%d0%be%d1%81%d0%b8%d0%bb%d0%ba%d0%b8-8-%d0%b4%d0%b8%d1%81%d0%ba%d0%be%d0%b2-%d1%81-%d0%ba%d0%be%d0%bd\/' class='avia_image'  ><img class='avia_image ' src='http:\/\/fimaks.com\/wp-content\/uploads\/2020\/08\/FMDM-245C.jpg' alt='' title='FMDM-245C'  itemprop=\"thumbnailUrl\"  \/><\/a><\/div><\/div><br \/>\n<section class=\"av_textblock_section \"  itemscope=\"itemscope\" itemtype=\"https:\/\/schema.org\/CreativeWork\" ><div class='avia_textblock  av_inherit_color '  style='color:#4f4f4f; '  itemprop=\"text\" ><h5 style=\"text-align: center;\">6 \u0414\u0418\u0421\u041a\u041e\u0412<br \/>\n\u0414\u0418\u0421\u041a\u041e\u0412\u042b\u0415 \u041a\u041e\u0421\u0418\u041b\u041a\u0418 \u0421 \u041a\u041e\u041d\u0414\u0418\u0426\u0418\u041e\u041d\u0415\u0420\u041e\u041c<br \/>\nFMDM 245C<\/h5>\n<\/div><\/section><br \/>\n<div style=' margin-top:5px; margin-bottom:30px;'  class='hr hr-custom hr-center hr-icon-yes  '><span class='hr-inner   inner-border-av-border-fat' style=' width:50px;' ><span class='hr-inner-style'><\/span><\/span><span class='av-seperator-icon' style='color:#a8a8a8;' aria-hidden='true' data-av_icon='\ue855' data-av_iconfont='entypo-fontello'><\/span><span class='hr-inner   inner-border-av-border-fat' style=' width:50px;' ><span class='hr-inner-style'><\/span><\/span><\/div><\/p><\/div><div class=\"flex_column av_one_third  flex_column_div av-zero-column-padding   \" style='border-radius:0px; '><p><div class='avia-image-container  av-styling-    avia-align-center '  itemprop=\"ImageObject\" itemscope=\"itemscope\" itemtype=\"https:\/\/schema.org\/ImageObject\"  ><div class='avia-image-container-inner'><a href='http:\/\/fimaks.com\/ru\/%d0%b4%d0%b8%d1%81%d0%ba%d0%be%d0%b2%d1%8b%d0%b5-%d0%ba%d0%be%d1%81%d0%b8%d0%bb%d0%ba%d0%b8\/5-%d1%82%d0%be%d0%bd-%d1%80%d0%b0%d0%b7%d0%b1%d1%80%d0%b0%d1%81%d1%8b%d0%b2%d0%b0%d1%82%d0%b5%d0%bb%d1%8c-%d1%83%d0%b4%d0%be%d0%b1%d1%80%d0%b5%d0%bd%d0%b8%d0%b9-fmgr-5\/' class='avia_image'  ><img class='avia_image ' src='http:\/\/fimaks.com\/wp-content\/uploads\/2018\/03\/diskli-\u00e7ay\u0131r-bi\u00e7me-makineleri-8-diskli-s\u0131kmal\u0131.jpg' alt='' title='D\u0130SKL\u0130 \u00c7AYIR B\u0130\u00c7ME MAK\u0130NASI -  SIKMALI 8 D\u0130SKL\u0130 \u00c7AYIR B\u0130\u00c7ME - FMDM 320C'  itemprop=\"thumbnailUrl\"  \/><\/a><\/div><\/div><br \/>\n<section class=\"av_textblock_section \"  itemscope=\"itemscope\" itemtype=\"https:\/\/schema.org\/CreativeWork\" ><div class='avia_textblock  av_inherit_color '  style='color:#4f4f4f; '  itemprop=\"text\" ><h5 style=\"text-align: center;\">8 \u0414\u0418\u0421\u041a\u041e\u0412<br \/>\n\u0414\u0418\u0421\u041a\u041e\u0412\u042b\u0415 \u041a\u041e\u0421\u0418\u041b\u041a\u0418 \u0421 \u041a\u041e\u041d\u0414\u0418\u0426\u0418\u041e\u041d\u0415\u0420\u041e\u041c<br \/>\nFMDM 320C<\/h5>\n<\/div><\/section><br \/>\n<div style=' margin-top:5px; margin-bottom:30px;'  class='hr hr-custom hr-center hr-icon-yes  '><span class='hr-inner   inner-border-av-border-fat' style=' width:50px;' ><span class='hr-inner-style'><\/span><\/span><span class='av-seperator-icon' style='color:#a8a8a8;' aria-hidden='true' data-av_icon='\ue855' data-av_iconfont='entypo-fontello'><\/span><span class='hr-inner   inner-border-av-border-fat' style=' width:50px;' ><span class='hr-inner-style'><\/span><\/span><\/div><\/p><\/div><\/div><\/div><\/div><!-- close content main div --><\/div><\/div><div id='after_section_1' class='main_color av_default_container_wrap container_wrap sidebar_right'   ><div class='container' ><div class='template-page content  av-content-small alpha units'><div class='post-entry post-entry-type-page post-entry-11128'><div class='entry-content-wrapper clearfix'>\n","protected":false},"excerpt":{"rendered":"","protected":false},"author":1,"featured_media":0,"parent":0,"menu_order":0,"comment_status":"closed","ping_status":"closed","template":"","meta":{"_exactmetrics_skip_tracking":false,"_exactmetrics_sitenote_active":false,"_exactmetrics_sitenote_note":"","_exactmetrics_sitenote_category":0,"footnotes":""},"yst_prominent_words":[],"class_list":["post-11128","page","type-page","status-publish","hentry"],"_links":{"self":[{"href":"http:\/\/fimaks.com\/ru\/wp-json\/wp\/v2\/pages\/11128","targetHints":{"allow":["GET"]}}],"collection":[{"href":"http:\/\/fimaks.com\/ru\/wp-json\/wp\/v2\/pages"}],"about":[{"href":"http:\/\/fimaks.com\/ru\/wp-json\/wp\/v2\/types\/page"}],"author":[{"embeddable":true,"href":"http:\/\/fimaks.com\/ru\/wp-json\/wp\/v2\/users\/1"}],"replies":[{"embeddable":true,"href":"http:\/\/fimaks.com\/ru\/wp-json\/wp\/v2\/comments?post=11128"}],"version-history":[{"count":24,"href":"http:\/\/fimaks.com\/ru\/wp-json\/wp\/v2\/pages\/11128\/revisions"}],"predecessor-version":[{"id":27265,"href":"http:\/\/fimaks.com\/ru\/wp-json\/wp\/v2\/pages\/11128\/revisions\/27265"}],"wp:attachment":[{"href":"http:\/\/fimaks.com\/ru\/wp-json\/wp\/v2\/media?parent=11128"}],"wp:term":[{"taxonomy":"yst_prominent_words","embeddable":true,"href":"http:\/\/fimaks.com\/ru\/wp-json\/wp\/v2\/yst_prominent_words?post=11128"}],"curies":[{"name":"wp","href":"https:\/\/api.w.org\/{rel}","templated":true}]}}