{"id":11298,"date":"2018-03-29T16:45:59","date_gmt":"2018-03-29T13:45:59","guid":{"rendered":"http:\/\/fimaks.com\/2-%d1%83%d0%b7%d0%bb%d0%be%d0%b2%d1%8f%d0%b7%d0%b0%d1%82%d0%b5%d0%bb%d1%8f-%d0%bf%d1%80%d0%b5%d1%81%d1%81-%d0%bf%d0%be%d0%b4%d0%b1%d0%be%d1%80%d1%89%d0%b8%d0%ba-%d0%b1%d0%b5%d0%b7-%d0%b8%d0%b7%d0%bc\/"},"modified":"2018-04-02T08:35:22","modified_gmt":"2018-04-02T05:35:22","slug":"2-%d1%83%d0%b7%d0%bb%d0%be%d0%b2%d1%8f%d0%b7%d0%b0%d1%82%d0%b5%d0%bb%d1%8f-%d0%bf%d1%80%d0%b5%d1%81%d1%81-%d0%bf%d0%be%d0%b4%d0%b1%d0%be%d1%80%d1%89%d0%b8%d0%ba-%d0%b1%d0%b5%d0%b7-%d0%b8%d0%b7%d0%bc","status":"publish","type":"page","link":"http:\/\/fimaks.com\/ru\/%d0%bf%d1%80%d0%b5%d1%81%d1%81-%d0%bf%d0%be%d0%b4%d0%b1%d0%be%d1%80%d1%89%d0%b8%d0%ba\/2-%d1%83%d0%b7%d0%bb%d0%be%d0%b2%d1%8f%d0%b7%d0%b0%d1%82%d0%b5%d0%bb%d1%8f-%d0%bf%d1%80%d0%b5%d1%81%d1%81-%d0%bf%d0%be%d0%b4%d0%b1%d0%be%d1%80%d1%89%d0%b8%d0%ba-%d0%b1%d0%b5%d0%b7-%d0%b8%d0%b7%d0%bc\/","title":{"rendered":"2 \u0423\u0417\u041b\u041e\u0412\u042f\u0417\u0410\u0422\u0415\u041b\u042f \u041f\u0420\u0415\u0421\u0421 \u041f\u041e\u0414\u0411\u041e\u0420\u0429\u0418\u041a \u0411\u0415\u0417 \u0418\u0417\u041c\u0415\u041b\u042c\u0427\u0418\u0422\u0415\u041b\u0415\u041c"},"content":{"rendered":"<div class='av-hotspot-image-container avia_animate_when_almost_visible   avia_animated_image avia_animate_when_almost_visible fade-in av-hotspot-numbered av-mobile-fallback-active    av-non-fullwidth-hotspot-image '  itemprop=\"ImageObject\" itemscope=\"itemscope\" itemtype=\"https:\/\/schema.org\/ImageObject\"  ><div class='av-hotspot-container'><div class='av-hotspot-container-inner-cell'><div class='av-hotspot-container-inner-wrap'><div class='av-image-hotspot' data-avia-tooltip-position='right' data-avia-tooltip-alignment='centered' data-avia-tooltip-class='av-tt-default-width av-tt-pos-right av-tt-align-centered  av-mobile-fallback-active  transparent_dark av-tt-hotspot' data-avia-tooltip='&lt;p&gt;\u0422\u0420\u0410\u041d\u0421\u041c\u0418\u0421\u0421\u0418\u042f \u0412\u042b\u0421\u041e\u041a\u041e\u0419 \u041f\u0420\u041e\u0418\u0417\u0412\u041e\u0414\u0418\u0422\u0415\u041b\u042c\u041d\u041e\u0421\u0422\u0418&lt;\/p&gt;\n' style='top: 68.9%; left: 64.3%; '><div class='av-image-hotspot_inner' style='background-color: #c2c9ce; color: #000000;'>1<\/div><div class='av-image-hotspot-pulse' style='background-color:#e8e8e8;'><\/div><\/div><div class='av-image-hotspot' data-avia-tooltip-position='bottom' data-avia-tooltip-alignment='centered' data-avia-tooltip-class='av-tt-default-width av-tt-pos-below av-tt-align-centered  av-mobile-fallback-active  transparent_dark av-tt-hotspot' data-avia-tooltip='&lt;p&gt;\u0412\u041d\u0415\u0414\u041e\u0420\u041e\u0416\u041d\u042b\u0415 \u0428\u0418\u041d\u042b&lt;\/p&gt;\n' style='top: 77.7%; left: 32.9%; '><div class='av-image-hotspot_inner' style='background-color: #c2c9ce; color: #000000;'>2<\/div><div class='av-image-hotspot-pulse' style='background-color:#ffffff;'><\/div><\/div><div class='av-image-hotspot' data-avia-tooltip-position='top' data-avia-tooltip-alignment='left' data-avia-tooltip-class='av-tt-default-width av-tt-pos-above av-tt-align-left  av-mobile-fallback-active  transparent_dark av-tt-hotspot' data-avia-tooltip='&lt;p&gt;\u0414\u041e\u041c\u041a\u0420\u0410\u0414&lt;\/p&gt;\n' style='top: 86.2%; left: 63.4%; '><div class='av-image-hotspot_inner' style='background-color: #c2c9ce; color: #000000;'>3<\/div><div class='av-image-hotspot-pulse' style='background-color:#ffffff;'><\/div><\/div><div class='av-image-hotspot' data-avia-tooltip-position='top' data-avia-tooltip-alignment='left' data-avia-tooltip-class='av-tt-default-width av-tt-pos-above av-tt-align-left  av-mobile-fallback-active  transparent_dark av-tt-hotspot' data-avia-tooltip='&lt;p&gt;2 \u0423\u0417\u041b\u041e\u0412\u042f\u0417\u0410\u0422\u0415\u041b\u042f&lt;\/p&gt;\n' style='top: 59.8%; left: 48.2%; '><div class='av-image-hotspot_inner' style='background-color: #c2c9ce; color: #000000;'>4<\/div><div class='av-image-hotspot-pulse' style='background-color:#ffffff;'><\/div><\/div><div class='av-image-hotspot' data-avia-tooltip-position='top' data-avia-tooltip-alignment='left' data-avia-tooltip-class='av-tt-default-width av-tt-pos-above av-tt-align-left  av-mobile-fallback-active  transparent_dark av-tt-hotspot' data-avia-tooltip='&lt;p&gt;\u0428\u041a\u0410\u0424 \u041e\u041f\u0415\u0420\u0410\u0422\u041e\u0420\u0410&lt;\/p&gt;\n' style='top: 48.9%; left: 41.9%; '><div class='av-image-hotspot_inner' style='background-color: #c2c9ce; color: #000000;'>5<\/div><div class='av-image-hotspot-pulse' style='background-color:#ffffff;'><\/div><\/div><div class='av-image-hotspot' data-avia-tooltip-position='top' data-avia-tooltip-alignment='left' data-avia-tooltip-class='av-tt-default-width av-tt-pos-above av-tt-align-left  av-mobile-fallback-active  transparent_dark av-tt-hotspot' data-avia-tooltip='&lt;p&gt;1.5 \u041c \u0420\u0410\u0411\u041e\u0427\u0410\u042f \u0428\u0418\u0420\u0418\u041d\u0410&lt;\/p&gt;\n' style='top: 71.2%; left: 44.3%; '><div class='av-image-hotspot_inner' style='background-color: #c2c9ce; color: #000000;'>6<\/div><div class='av-image-hotspot-pulse' style='background-color:#ffffff;'><\/div><\/div><div class='av-image-hotspot' data-avia-tooltip-position='top' data-avia-tooltip-alignment='left' data-avia-tooltip-class='av-tt-default-width av-tt-pos-above av-tt-align-left  av-mobile-fallback-active  transparent_dark av-tt-hotspot' data-avia-tooltip='&lt;p&gt;\u041b\u0415\u0413\u041e\u041a \u0412 \u041e\u0411\u0421\u041b\u0423\u0416\u0415\u0412\u0410\u041d\u0418\u0418&lt;\/p&gt;\n' style='top: 49.2%; left: 55.1%; '><div class='av-image-hotspot_inner' style='background-color: #c2c9ce; color: #000000;'>7<\/div><div class='av-image-hotspot-pulse' style='background-color:#ffffff;'><\/div><\/div><div class='av-image-hotspot' data-avia-tooltip-position='top' data-avia-tooltip-alignment='left' data-avia-tooltip-class='av-tt-default-width av-tt-pos-above av-tt-align-left  av-mobile-fallback-active  transparent_dark av-tt-hotspot' data-avia-tooltip='&lt;p&gt;\u041f\u0420\u041e\u0427\u041d\u041e\u0415 \u0428\u0410\u0421\u0421\u0418&lt;\/p&gt;\n' style='top: 75.8%; left: 55.7%; '><div class='av-image-hotspot_inner' style='background-color: #c2c9ce; color: #000000;'>8<\/div><div class='av-image-hotspot-pulse' style='background-color:#ffffff;'><\/div><\/div><img class='avia_image ' src='http:\/\/fimaks.com\/wp-content\/uploads\/2018\/03\/HA\u015eBAYSIZ-2-\u0130PL\u0130-BALYA-MAK\u0130NES\u0130.png' alt='HA\u015eBAYSIZ-2-\u0130PL\u0130-BALYA-MAK\u0130NES\u0130' title='HA\u015eBAYSIZ-2-\u0130PL\u0130-BALYA-MAK\u0130NES\u0130'   itemprop=\"thumbnailUrl\"  \/><\/div><\/div><\/div><div class='av-hotspot-fallback-tooltip'><div class='av-hotspot-fallback-tooltip-count'>1<div class='avia-arrow'><\/div><\/div><div class='av-hotspot-fallback-tooltip-inner clearfix'><p>\n\u0422\u0420\u0410\u041d\u0421\u041c\u0418\u0421\u0421\u0418\u042f \u0412\u042b\u0421\u041e\u041a\u041e\u0419 \u041f\u0420\u041e\u0418\u0417\u0412\u041e\u0414\u0418\u0422\u0415\u041b\u042c\u041d\u041e\u0421\u0422\u0418<\/p>\n<\/div><\/div><div class='av-hotspot-fallback-tooltip'><div class='av-hotspot-fallback-tooltip-count'>2<div class='avia-arrow'><\/div><\/div><div class='av-hotspot-fallback-tooltip-inner clearfix'><p>\n\u0412\u041d\u0415\u0414\u041e\u0420\u041e\u0416\u041d\u042b\u0415 \u0428\u0418\u041d\u042b<\/p>\n<\/div><\/div><div class='av-hotspot-fallback-tooltip'><div class='av-hotspot-fallback-tooltip-count'>3<div class='avia-arrow'><\/div><\/div><div class='av-hotspot-fallback-tooltip-inner clearfix'><p>\n\u0414\u041e\u041c\u041a\u0420\u0410\u0414<\/p>\n<\/div><\/div><div class='av-hotspot-fallback-tooltip'><div class='av-hotspot-fallback-tooltip-count'>4<div class='avia-arrow'><\/div><\/div><div class='av-hotspot-fallback-tooltip-inner clearfix'><p>\n2 \u0423\u0417\u041b\u041e\u0412\u042f\u0417\u0410\u0422\u0415\u041b\u042f<\/p>\n<\/div><\/div><div class='av-hotspot-fallback-tooltip'><div class='av-hotspot-fallback-tooltip-count'>5<div class='avia-arrow'><\/div><\/div><div class='av-hotspot-fallback-tooltip-inner clearfix'><p>\n\u0428\u041a\u0410\u0424 \u041e\u041f\u0415\u0420\u0410\u0422\u041e\u0420\u0410<\/p>\n<\/div><\/div><div class='av-hotspot-fallback-tooltip'><div class='av-hotspot-fallback-tooltip-count'>6<div class='avia-arrow'><\/div><\/div><div class='av-hotspot-fallback-tooltip-inner clearfix'><p>\n1.5 \u041c \u0420\u0410\u0411\u041e\u0427\u0410\u042f \u0428\u0418\u0420\u0418\u041d\u0410<\/p>\n<\/div><\/div><div class='av-hotspot-fallback-tooltip'><div class='av-hotspot-fallback-tooltip-count'>7<div class='avia-arrow'><\/div><\/div><div class='av-hotspot-fallback-tooltip-inner clearfix'><p>\n\u041b\u0415\u0413\u041e\u041a \u0412 \u041e\u0411\u0421\u041b\u0423\u0416\u0415\u0412\u0410\u041d\u0418\u0418<\/p>\n<\/div><\/div><div class='av-hotspot-fallback-tooltip'><div class='av-hotspot-fallback-tooltip-count'>8<div class='avia-arrow'><\/div><\/div><div class='av-hotspot-fallback-tooltip-inner clearfix'><p>\n\u041f\u0420\u041e\u0427\u041d\u041e\u0415 \u0428\u0410\u0421\u0421\u0418<\/p>\n<\/div><\/div><\/div>\n<div style='padding-bottom:10px;' class='av-special-heading av-special-heading-h1  blockquote modern-quote modern-centered   av-thin-font '><h1 class='av-special-heading-tag '  itemprop=\"headline\"  >2 \u0423\u0417\u041b\u041e\u0412\u042f\u0417\u0410\u0422\u0415\u041b\u042f \u041f\u0420\u0415\u0421\u0421 \u041f\u041e\u0414\u0411\u041e\u0420\u0429\u0418\u041a \u0411\u0415\u0417 \u0418\u0417\u041c\u0415\u041b\u042c\u0427\u0418\u0422\u0415\u041b\u0415\u041c 1.5 \u041c<br \/>\n| <strong>STINGRAY 2i 1500 <\/strong>|<\/h1><div class='special-heading-border'><div class='special-heading-inner-border' ><\/div><\/div><\/div>\n<div  class='hr hr-default  '><span class='hr-inner ' ><span class='hr-inner-style'><\/span><\/span><\/div>\n<section class=\"av_textblock_section \"  itemscope=\"itemscope\" itemtype=\"https:\/\/schema.org\/CreativeWork\" ><div class='avia_textblock  '   itemprop=\"text\" ><p><span class=\"av_dropcap1 \" ><\/span>\u041f<span class=\"av_dropcap1 \" ><\/span>\u0440\u0435\u0441\u0441 \u043f\u043e\u0434\u0431\u043e\u0440\u0449\u0438\u043a \u0438\u0441\u043f\u043e\u043b\u044c\u0437\u0443\u0435\u0442\u0441\u044f \u0434\u043b\u044f \u0441\u0436\u0430\u0442\u0438\u044f \u0441\u0440\u0435\u0437\u0430\u043d\u043d\u044b\u0445 \u0438 \u0441\u043e\u0431\u0440\u0430\u043d\u043d\u044b\u0445 \u0443\u0440\u043e\u0436\u0430\u0435\u0432, \u0442\u0430\u043a\u0438\u0445 \u043a\u0430\u043a \u0441\u0435\u043d\u043e, \u0441\u043e\u043b\u043e\u043c\u0430, \u043b\u044e\u0446\u0435\u0440\u043d\u0430 \u0438 \u0430\u043d\u0430\u043b\u043e\u0433\u0438\u0447\u043d\u044b\u0445 \u0442\u0440\u0430\u0432 \u0432 \u043a\u043e\u043c\u043f\u0430\u043a\u0442\u043d\u044b\u0435 \u0442\u044e\u043a\u0438, \u043a\u043e\u0442\u043e\u0440\u044b\u0435 \u043b\u0435\u0433\u043a\u0438 \u0432 \u0438\u0441\u043f\u043e\u043b\u044c\u0437\u043e\u0432\u0430\u043d\u0438\u0438, \u0442\u0440\u0430\u043d\u0441\u043f\u043e\u0440\u0442\u0438\u0440\u043e\u0432\u043a\u0435 \u0438 \u0445\u0440\u0430\u043d\u0435\u043d\u0438\u0438.<\/p>\n<p>\u041f\u0440\u0435\u0441\u0441-\u043f\u043e\u0434\u0431\u043e\u0440\u0449\u0438\u043a\u0438 \u043a\u043e\u043c\u043f\u0430\u043d\u0438\u0438 Fimaks \u043f\u0440\u043e\u0438\u0437\u0432\u043e\u0434\u044f\u0442\u0441\u044f \u0441 \u0438\u0441\u043f\u043e\u043b\u044c\u0437\u043e\u0432\u0430\u043d\u0438\u0435\u043c \u043d\u043e\u0432\u0435\u0439\u0448\u0438\u0445 \u0442\u0435\u0445\u043d\u043e\u043b\u043e\u0433\u0438\u0439 \u0438 \u043f\u0440\u043e\u0447\u043d\u044b\u0445 \u043c\u0430\u0442\u0435\u0440\u0438\u0430\u043b\u043e\u0432, \u0447\u0442\u043e\u0431\u044b \u0438\u043c\u0435\u0442\u044c \u043b\u0443\u0447\u0448\u0443\u044e \u043f\u0440\u043e\u0438\u0437\u0432\u043e\u0434\u0438\u0442\u0435\u043b\u044c\u043d\u043e\u0441\u0442\u044c. \u041d\u0430\u0448\u0438 \u043f\u0440\u0435\u0441\u0441-\u043f\u043e\u0434\u0431\u043e\u0440\u0449\u0438\u043a\u0438 \u044d\u043a\u043e\u043d\u043e\u043c\u0438\u0447\u043d\u044b\u0435, \u043f\u0440\u043e\u0447\u043d\u044b\u0435 \u0438 \u043d\u0430\u0434\u0435\u0436\u043d\u044b\u0435.<\/p>\n<p>\u0420\u0430\u0437\u043c\u0435\u0440 \u0442\u044e\u043a\u043e\u0432 \u0438 \u043c\u0430\u0441\u0441\u0430 \u0442\u044e\u043a\u043e\u0432 \u0440\u0435\u0433\u0443\u043b\u0438\u0440\u0443\u044e\u0442\u0441\u044f. \u041f\u0440\u0435\u0441\u0441-\u043f\u043e\u0434\u0431\u043e\u0440\u0449\u0438\u043a\u0438 Fimaks \u0437\u0430\u0433\u043e\u0442\u0430\u0432\u043b\u0438\u0432\u0430\u044e\u0442 \u0442\u044e\u043a\u0438 \u0440\u0430\u0437\u043c\u0435\u0440\u043e\u043c \u043e\u0442 30 \u0434\u043e 140 \u0441\u043c \u0438 \u0432\u0435\u0441\u043e\u043c \u0434\u043e 50 \u043a\u0433. \u0428\u0438\u0440\u0438\u043d\u0430 \u0438 \u0432\u044b\u0441\u043e\u0442\u0430 \u0440\u0430\u0437\u043c\u0435\u0440\u043e\u0432 \u0442\u044e\u043a\u043e\u0432 46&#215;36 \u0441\u043c.<\/p>\n<p>\u0421\u0443\u0449\u0435\u0441\u0442\u0432\u0443\u0435\u0442 3 \u0440\u0430\u0437\u043b\u0438\u0447\u043d\u044b\u0445 \u043c\u043e\u0434\u0435\u043b\u0438 \u043f\u0440\u0435\u0441\u0441-\u043f\u043e\u0434\u0431\u043e\u0440\u0449\u0438\u043a\u043e\u0432 Fimaks. \u041f\u0440\u0435\u0441\u0441-\u043f\u043e\u0434\u0431\u043e\u0440\u0449\u0438\u043a\u0438 \u043c\u043e\u0433\u0443\u0442 \u0431\u044b\u0442\u044c \u0441\u043d\u0430\u0431\u0436\u0435\u043d\u044b 2 \u0438\u043b\u0438 3 \u0443\u0437\u043b\u043e\u0432\u044f\u0437\u0430\u0442\u0435\u043b\u044f\u043c\u0438, \u0441 \u0438\u043b\u0438 \u0431\u0435\u0437 \u0438\u0437\u043c\u0435\u043b\u044c\u0447\u0438\u0442\u0435\u043b\u044f. \u041f\u0440\u0435\u0441\u0441-\u043f\u043e\u0434\u0431\u043e\u0440\u0449\u0438\u043a\u0438 Fimaks &#8212; \u044d\u0442\u043e \u044d\u043a\u043e\u043d\u043e\u043c\u0438\u0447\u043d\u044b\u0435, \u043f\u0440\u043e\u0438\u0437\u0432\u043e\u0434\u0438\u0442\u0435\u043b\u044c\u043d\u044b\u0435 \u0438 \u0434\u043e\u043b\u0433\u043e\u0432\u0435\u0447\u043d\u044b\u0435 \u043c\u0430\u0448\u0438\u043d\u044b.<\/p>\n<\/div><\/section>\n<div  class='hr hr-default  '><span class='hr-inner ' ><span class='hr-inner-style'><\/span><\/span><\/div>\n<div class='av-social-sharing-box  av-social-sharing-box-minimal '><div class='av-share-box'><ul class='av-share-box-list noLightbox'><li class='av-share-link av-social-link-facebook' ><a target='_blank' href='http:\/\/www.facebook.com\/sharer.php?u=http:\/\/fimaks.com\/ru\/%d0%bf%d1%80%d0%b5%d1%81%d1%81-%d0%bf%d0%be%d0%b4%d0%b1%d0%be%d1%80%d1%89%d0%b8%d0%ba\/2-%d1%83%d0%b7%d0%bb%d0%be%d0%b2%d1%8f%d0%b7%d0%b0%d1%82%d0%b5%d0%bb%d1%8f-%d0%bf%d1%80%d0%b5%d1%81%d1%81-%d0%bf%d0%be%d0%b4%d0%b1%d0%be%d1%80%d1%89%d0%b8%d0%ba-%d0%b1%d0%b5%d0%b7-%d0%b8%d0%b7%d0%bc\/&amp;t=2%20%D0%A3%D0%97%D0%9B%D0%9E%D0%92%D0%AF%D0%97%D0%90%D0%A2%D0%95%D0%9B%D0%AF%20%D0%9F%D0%A0%D0%95%D0%A1%D0%A1%20%D0%9F%D0%9E%D0%94%D0%91%D0%9E%D0%A0%D0%A9%D0%98%D0%9A%20%D0%91%D0%95%D0%97%20%D0%98%D0%97%D0%9C%D0%95%D0%9B%D0%AC%D0%A7%D0%98%D0%A2%D0%95%D0%9B%D0%95%D0%9C' aria-hidden='true' data-av_icon='\ue8f3' data-av_iconfont='entypo-fontello' title='' data-avia-related-tooltip='Share on Facebook'><span class='avia_hidden_link_text'>Share on Facebook<\/span><\/a><\/li><li class='av-share-link av-social-link-twitter' ><a target='_blank' href='https:\/\/twitter.com\/share?text=2%20%D0%A3%D0%97%D0%9B%D0%9E%D0%92%D0%AF%D0%97%D0%90%D0%A2%D0%95%D0%9B%D0%AF%20%D0%9F%D0%A0%D0%95%D0%A1%D0%A1%20%D0%9F%D0%9E%D0%94%D0%91%D0%9E%D0%A0%D0%A9%D0%98%D0%9A%20%D0%91%D0%95%D0%97%20%D0%98%D0%97%D0%9C%D0%95%D0%9B%D0%AC%D0%A7%D0%98%D0%A2%D0%95%D0%9B%D0%95%D0%9C&url=http:\/\/fimaks.com\/ru\/?p=11298' aria-hidden='true' data-av_icon='\ue8f1' data-av_iconfont='entypo-fontello' title='' data-avia-related-tooltip='Share on Twitter'><span class='avia_hidden_link_text'>Share on Twitter<\/span><\/a><\/li><li class='av-share-link av-social-link-gplus' ><a target='_blank' href='https:\/\/plus.google.com\/share?url=http:\/\/fimaks.com\/ru\/%d0%bf%d1%80%d0%b5%d1%81%d1%81-%d0%bf%d0%be%d0%b4%d0%b1%d0%be%d1%80%d1%89%d0%b8%d0%ba\/2-%d1%83%d0%b7%d0%bb%d0%be%d0%b2%d1%8f%d0%b7%d0%b0%d1%82%d0%b5%d0%bb%d1%8f-%d0%bf%d1%80%d0%b5%d1%81%d1%81-%d0%bf%d0%be%d0%b4%d0%b1%d0%be%d1%80%d1%89%d0%b8%d0%ba-%d0%b1%d0%b5%d0%b7-%d0%b8%d0%b7%d0%bc\/' aria-hidden='true' data-av_icon='\ue8f6' data-av_iconfont='entypo-fontello' title='' data-avia-related-tooltip='Share on Google+'><span class='avia_hidden_link_text'>Share on Google+<\/span><\/a><\/li><li class='av-share-link av-social-link-pinterest' ><a target='_blank' href='http:\/\/pinterest.com\/pin\/create\/button\/?url=http%3A%2F%2Ffimaks.com%2Fru%2F%25d0%25bf%25d1%2580%25d0%25b5%25d1%2581%25d1%2581-%25d0%25bf%25d0%25be%25d0%25b4%25d0%25b1%25d0%25be%25d1%2580%25d1%2589%25d0%25b8%25d0%25ba%2F2-%25d1%2583%25d0%25b7%25d0%25bb%25d0%25be%25d0%25b2%25d1%258f%25d0%25b7%25d0%25b0%25d1%2582%25d0%25b5%25d0%25bb%25d1%258f-%25d0%25bf%25d1%2580%25d0%25b5%25d1%2581%25d1%2581-%25d0%25bf%25d0%25be%25d0%25b4%25d0%25b1%25d0%25be%25d1%2580%25d1%2589%25d0%25b8%25d0%25ba-%25d0%25b1%25d0%25b5%25d0%25b7-%25d0%25b8%25d0%25b7%25d0%25bc%2F&amp;description=2%20%D0%A3%D0%97%D0%9B%D0%9E%D0%92%D0%AF%D0%97%D0%90%D0%A2%D0%95%D0%9B%D0%AF%20%D0%9F%D0%A0%D0%95%D0%A1%D0%A1%20%D0%9F%D0%9E%D0%94%D0%91%D0%9E%D0%A0%D0%A9%D0%98%D0%9A%20%D0%91%D0%95%D0%97%20%D0%98%D0%97%D0%9C%D0%95%D0%9B%D0%AC%D0%A7%D0%98%D0%A2%D0%95%D0%9B%D0%95%D0%9C&amp;media=' aria-hidden='true' data-av_icon='\ue8f8' data-av_iconfont='entypo-fontello' title='' data-avia-related-tooltip='Share on Pinterest'><span class='avia_hidden_link_text'>Share on Pinterest<\/span><\/a><\/li><li class='av-share-link av-social-link-linkedin' ><a target='_blank' href='http:\/\/linkedin.com\/shareArticle?mini=true&amp;title=2%20%D0%A3%D0%97%D0%9B%D0%9E%D0%92%D0%AF%D0%97%D0%90%D0%A2%D0%95%D0%9B%D0%AF%20%D0%9F%D0%A0%D0%95%D0%A1%D0%A1%20%D0%9F%D0%9E%D0%94%D0%91%D0%9E%D0%A0%D0%A9%D0%98%D0%9A%20%D0%91%D0%95%D0%97%20%D0%98%D0%97%D0%9C%D0%95%D0%9B%D0%AC%D0%A7%D0%98%D0%A2%D0%95%D0%9B%D0%95%D0%9C&amp;url=http:\/\/fimaks.com\/ru\/%d0%bf%d1%80%d0%b5%d1%81%d1%81-%d0%bf%d0%be%d0%b4%d0%b1%d0%be%d1%80%d1%89%d0%b8%d0%ba\/2-%d1%83%d0%b7%d0%bb%d0%be%d0%b2%d1%8f%d0%b7%d0%b0%d1%82%d0%b5%d0%bb%d1%8f-%d0%bf%d1%80%d0%b5%d1%81%d1%81-%d0%bf%d0%be%d0%b4%d0%b1%d0%be%d1%80%d1%89%d0%b8%d0%ba-%d0%b1%d0%b5%d0%b7-%d0%b8%d0%b7%d0%bc\/' aria-hidden='true' data-av_icon='\ue8fc' data-av_iconfont='entypo-fontello' title='' data-avia-related-tooltip='Share on Linkedin'><span class='avia_hidden_link_text'>Share on Linkedin<\/span><\/a><\/li><li class='av-share-link av-social-link-tumblr' ><a target='_blank' href='http:\/\/www.tumblr.com\/share\/link?url=http%3A%2F%2Ffimaks.com%2Fru%2F%25d0%25bf%25d1%2580%25d0%25b5%25d1%2581%25d1%2581-%25d0%25bf%25d0%25be%25d0%25b4%25d0%25b1%25d0%25be%25d1%2580%25d1%2589%25d0%25b8%25d0%25ba%2F2-%25d1%2583%25d0%25b7%25d0%25bb%25d0%25be%25d0%25b2%25d1%258f%25d0%25b7%25d0%25b0%25d1%2582%25d0%25b5%25d0%25bb%25d1%258f-%25d0%25bf%25d1%2580%25d0%25b5%25d1%2581%25d1%2581-%25d0%25bf%25d0%25be%25d0%25b4%25d0%25b1%25d0%25be%25d1%2580%25d1%2589%25d0%25b8%25d0%25ba-%25d0%25b1%25d0%25b5%25d0%25b7-%25d0%25b8%25d0%25b7%25d0%25bc%2F&amp;name=2%20%D0%A3%D0%97%D0%9B%D0%9E%D0%92%D0%AF%D0%97%D0%90%D0%A2%D0%95%D0%9B%D0%AF%20%D0%9F%D0%A0%D0%95%D0%A1%D0%A1%20%D0%9F%D0%9E%D0%94%D0%91%D0%9E%D0%A0%D0%A9%D0%98%D0%9A%20%D0%91%D0%95%D0%97%20%D0%98%D0%97%D0%9C%D0%95%D0%9B%D0%AC%D0%A7%D0%98%D0%A2%D0%95%D0%9B%D0%95%D0%9C&amp;description=' aria-hidden='true' data-av_icon='\ue8fa' data-av_iconfont='entypo-fontello' title='' data-avia-related-tooltip='Share on Tumblr'><span class='avia_hidden_link_text'>Share on Tumblr<\/span><\/a><\/li><li class='av-share-link av-social-link-vk' ><a target='_blank' href='http:\/\/vk.com\/share.php?url=http:\/\/fimaks.com\/ru\/%d0%bf%d1%80%d0%b5%d1%81%d1%81-%d0%bf%d0%be%d0%b4%d0%b1%d0%be%d1%80%d1%89%d0%b8%d0%ba\/2-%d1%83%d0%b7%d0%bb%d0%be%d0%b2%d1%8f%d0%b7%d0%b0%d1%82%d0%b5%d0%bb%d1%8f-%d0%bf%d1%80%d0%b5%d1%81%d1%81-%d0%bf%d0%be%d0%b4%d0%b1%d0%be%d1%80%d1%89%d0%b8%d0%ba-%d0%b1%d0%b5%d0%b7-%d0%b8%d0%b7%d0%bc\/' aria-hidden='true' data-av_icon='\ue926' data-av_iconfont='entypo-fontello' title='' data-avia-related-tooltip='Share on Vk'><span class='avia_hidden_link_text'>Share on Vk<\/span><\/a><\/li><li class='av-share-link av-social-link-reddit' ><a target='_blank' href='http:\/\/reddit.com\/submit?url=http:\/\/fimaks.com\/ru\/%d0%bf%d1%80%d0%b5%d1%81%d1%81-%d0%bf%d0%be%d0%b4%d0%b1%d0%be%d1%80%d1%89%d0%b8%d0%ba\/2-%d1%83%d0%b7%d0%bb%d0%be%d0%b2%d1%8f%d0%b7%d0%b0%d1%82%d0%b5%d0%bb%d1%8f-%d0%bf%d1%80%d0%b5%d1%81%d1%81-%d0%bf%d0%be%d0%b4%d0%b1%d0%be%d1%80%d1%89%d0%b8%d0%ba-%d0%b1%d0%b5%d0%b7-%d0%b8%d0%b7%d0%bc\/&amp;title=2%20%D0%A3%D0%97%D0%9B%D0%9E%D0%92%D0%AF%D0%97%D0%90%D0%A2%D0%95%D0%9B%D0%AF%20%D0%9F%D0%A0%D0%95%D0%A1%D0%A1%20%D0%9F%D0%9E%D0%94%D0%91%D0%9E%D0%A0%D0%A9%D0%98%D0%9A%20%D0%91%D0%95%D0%97%20%D0%98%D0%97%D0%9C%D0%95%D0%9B%D0%AC%D0%A7%D0%98%D0%A2%D0%95%D0%9B%D0%95%D0%9C' aria-hidden='true' data-av_icon='\ue927' data-av_iconfont='entypo-fontello' title='' data-avia-related-tooltip='Share on Reddit'><span class='avia_hidden_link_text'>Share on Reddit<\/span><\/a><\/li><li class='av-share-link av-social-link-mail' ><a  href='mailto:?subject=2%20%D0%A3%D0%97%D0%9B%D0%9E%D0%92%D0%AF%D0%97%D0%90%D0%A2%D0%95%D0%9B%D0%AF%20%D0%9F%D0%A0%D0%95%D0%A1%D0%A1%20%D0%9F%D0%9E%D0%94%D0%91%D0%9E%D0%A0%D0%A9%D0%98%D0%9A%20%D0%91%D0%95%D0%97%20%D0%98%D0%97%D0%9C%D0%95%D0%9B%D0%AC%D0%A7%D0%98%D0%A2%D0%95%D0%9B%D0%95%D0%9C&amp;body=http:\/\/fimaks.com\/ru\/%d0%bf%d1%80%d0%b5%d1%81%d1%81-%d0%bf%d0%be%d0%b4%d0%b1%d0%be%d1%80%d1%89%d0%b8%d0%ba\/2-%d1%83%d0%b7%d0%bb%d0%be%d0%b2%d1%8f%d0%b7%d0%b0%d1%82%d0%b5%d0%bb%d1%8f-%d0%bf%d1%80%d0%b5%d1%81%d1%81-%d0%bf%d0%be%d0%b4%d0%b1%d0%be%d1%80%d1%89%d0%b8%d0%ba-%d0%b1%d0%b5%d0%b7-%d0%b8%d0%b7%d0%bc\/' aria-hidden='true' data-av_icon='\ue805' data-av_iconfont='entypo-fontello' title='' data-avia-related-tooltip='Share by Mail'><span class='avia_hidden_link_text'>Share by Mail<\/span><\/a><\/li><\/ul><\/div><\/div>\n<div  class='hr hr-default  '><span class='hr-inner ' ><span class='hr-inner-style'><\/span><\/span><\/div>\n<div  class='avia-video avia-video-16-9   '  itemprop=\"video\" itemtype=\"https:\/\/schema.org\/VideoObject\" ><div class='avia-iframe-wrap'><iframe loading=\"lazy\" width=\"1500\" height=\"844\" src=\"https:\/\/www.youtube.com\/embed\/no5KpmF8GeQ?feature=oembed\" frameborder=\"0\" allow=\"autoplay; encrypted-media\" allowfullscreen><\/iframe><\/div><\/div>\n<div  class='hr hr-default  '><span class='hr-inner ' ><span class='hr-inner-style'><\/span><\/span><\/div>\n<div class='avia-data-table-wrap avia_responsive_table'><table class='avia-table avia-data-table avia-table-1  avia_pricing_default '  itemscope=\"itemscope\" itemtype=\"https:\/\/schema.org\/Table\" ><tbody><tr class=''><td class=''>\u0420\u0410\u0411\u041e\u0427\u0410\u042f \u0428\u0418\u0420\u0418\u041d\u0410 (\u041c\u043c)<\/td><td class=''>1500<\/td><\/tr><tr class=''><td class=''>\u0418\u0417\u041c\u0415\u041b\u042c\u0427\u0418\u0422\u0415\u041b\u042c<\/td><td class=''>\u0411\u0415\u0417<\/td><\/tr><tr class=''><td class=''>\u0428\u0418\u0420\u0418\u041d\u0410 (\u041c\u043c)<\/td><td class=''>2530<\/td><\/tr><tr class=''><td class=''><span id=\"result_box\" class=\"short_text\" lang=\"ru\"><span class=\"\">\u0412\u042b\u0421\u041e\u0422\u0410 (\u041c\u043c)<\/span><\/span><\/td><td class=''>1880<\/td><\/tr><tr class=''><td class=''>\u0414\u041b\u0418\u041d\u0410 (\u041c\u043c)<\/td><td class=''>5530<\/td><\/tr><tr class=''><td class=''>\u0412\u0415\u0421 (\u043a\u0433)<\/td><td class=''>1930<\/td><\/tr><tr class=''><td class=''>\u041f\u041e\u0422\u0420\u0415\u0411\u041b\u042f\u0415\u041c\u0410\u042f \u041c\u041e\u0429\u041d\u041e\u0421\u0422\u042c\u00a0(\u043b.\u0441.)<\/td><td class=''>70<\/td><\/tr><tr class=''><td class=''>\u0420\u0410\u0417\u041c\u0415\u0420\u0410 \u0422\u042e\u041a\u0410 (\u0441\u043c)<\/td><td class=''>36&#215;40<\/td><\/tr><tr class=''><td class=''>\u0414\u041b\u0418\u041d\u0410 \u0422\u042e\u041a\u0410 (\u0441\u043c)<\/td><td class=''>\u0420\u0415\u0413\u0423\u041b\u0418\u0420\u0423\u0415\u041c\u0410\u042f | 30-140 <\/td><\/tr><tr class=''><td class=''>\u0412\u0415\u0421 \u0422\u042e\u041a\u0410\u00a0(\u043a\u0433)<\/td><td class=''>\u0420\u0415\u0413\u0423\u041b\u0418\u0420\u0423\u0415\u041c\u0410\u042f<\/td><\/tr><tr class=''><td class=''>\u0423\u0417\u041b\u041e\u0412\u042f\u0417\u0410\u0422\u0415\u041b\u0418<\/td><td class=''>2<\/td><\/tr><tr class=''><td class=''>\u0412\u041e\u041c\u00a0(\u043e\u0431\/\u043c\u0438\u043d)<\/td><td class=''>540<\/td><\/tr><tr class=''><td class=''>\u0428\u0418\u041d\u042b<\/td><td class=''>2x(10\/75-15.3)<\/td><\/tr><\/tbody><\/table><\/div><style type='text\/css'><\/style>\n<div  class='hr hr-default  '><span class='hr-inner ' ><span class='hr-inner-style'><\/span><\/span><\/div>\n\t<div  class='av_promobox  avia-button-yes '>\t\t<div class='avia-promocontent'><\/p>\n<div class=\"avia-promocontent\">\n<p>\u041c\u044b \u043f\u0440\u043e\u0438\u0437\u0432\u043e\u0434\u0438\u043c \u043f\u0440\u043e\u0434\u0443\u043a\u0442\u0438\u0432\u043d\u043e\u0441\u0442\u044c. \u041f\u043e\u043b\u0443\u0447\u0438 \u0440\u0430\u0441\u0446\u0435\u043d\u043a\u0443.<\/p>\n<\/div>\n<div class=\"avia-button-wrap avia-button-right \"><\/div>\n<p>\n<\/div><div class='avia-button-wrap avia-button-right '><a href='http:\/\/fimaks.com\/iletisim\/' class='avia-button   avia-icon_select-no avia-color-theme-color avia-size-large avia-position-right '   ><span class='avia_iconbox_title' >\u041a\u043e\u043d\u0442\u0430\u043a\u0442\u044b<\/span><\/a><\/div>\t<\/div>\n","protected":false},"excerpt":{"rendered":"","protected":false},"author":1,"featured_media":0,"parent":11340,"menu_order":0,"comment_status":"closed","ping_status":"closed","template":"","meta":{"_exactmetrics_skip_tracking":false,"_exactmetrics_sitenote_active":false,"_exactmetrics_sitenote_note":"","_exactmetrics_sitenote_category":0,"footnotes":""},"yst_prominent_words":[],"class_list":["post-11298","page","type-page","status-publish","hentry"],"_links":{"self":[{"href":"http:\/\/fimaks.com\/ru\/wp-json\/wp\/v2\/pages\/11298","targetHints":{"allow":["GET"]}}],"collection":[{"href":"http:\/\/fimaks.com\/ru\/wp-json\/wp\/v2\/pages"}],"about":[{"href":"http:\/\/fimaks.com\/ru\/wp-json\/wp\/v2\/types\/page"}],"author":[{"embeddable":true,"href":"http:\/\/fimaks.com\/ru\/wp-json\/wp\/v2\/users\/1"}],"replies":[{"embeddable":true,"href":"http:\/\/fimaks.com\/ru\/wp-json\/wp\/v2\/comments?post=11298"}],"version-history":[{"count":31,"href":"http:\/\/fimaks.com\/ru\/wp-json\/wp\/v2\/pages\/11298\/revisions"}],"predecessor-version":[{"id":12403,"href":"http:\/\/fimaks.com\/ru\/wp-json\/wp\/v2\/pages\/11298\/revisions\/12403"}],"up":[{"embeddable":true,"href":"http:\/\/fimaks.com\/ru\/wp-json\/wp\/v2\/pages\/11340"}],"wp:attachment":[{"href":"http:\/\/fimaks.com\/ru\/wp-json\/wp\/v2\/media?parent=11298"}],"wp:term":[{"taxonomy":"yst_prominent_words","embeddable":true,"href":"http:\/\/fimaks.com\/ru\/wp-json\/wp\/v2\/yst_prominent_words?post=11298"}],"curies":[{"name":"wp","href":"https:\/\/api.w.org\/{rel}","templated":true}]}}