{"id":11340,"date":"2018-03-30T08:10:00","date_gmt":"2018-03-30T05:10:00","guid":{"rendered":"http:\/\/fimaks.com\/%d0%bf%d1%80%d0%b5%d1%81%d1%81-%d0%bf%d0%be%d0%b4%d0%b1%d0%be%d1%80%d1%89%d0%b8%d0%ba\/"},"modified":"2018-11-27T11:38:20","modified_gmt":"2018-11-27T08:38:20","slug":"%d0%bf%d1%80%d0%b5%d1%81%d1%81-%d0%bf%d0%be%d0%b4%d0%b1%d0%be%d1%80%d1%89%d0%b8%d0%ba","status":"publish","type":"page","link":"http:\/\/fimaks.com\/ru\/%d0%bf%d1%80%d0%b5%d1%81%d1%81-%d0%bf%d0%be%d0%b4%d0%b1%d0%be%d1%80%d1%89%d0%b8%d0%ba\/","title":{"rendered":"\u041f\u0420\u0415\u0421\u0421 \u041f\u041e\u0414\u0411\u041e\u0420\u0429\u0418\u041a"},"content":{"rendered":"<div class='av-hotspot-image-container avia_animate_when_almost_visible   av-hotspot-numbered av-mobile-fallback-active    av-non-fullwidth-hotspot-image '  itemprop=\"ImageObject\" itemscope=\"itemscope\" itemtype=\"https:\/\/schema.org\/ImageObject\"  ><div class='av-hotspot-container'><div class='av-hotspot-container-inner-cell'><div class='av-hotspot-container-inner-wrap'><img class='avia_image ' src='http:\/\/fimaks.com\/wp-content\/uploads\/2018\/03\/HA\u015eBAYLI-BALYA-MAK\u0130NES\u0130.jpg' alt='HA\u015eBAYLI-BALYA-MAK\u0130NES\u0130' title='HA\u015eBAYLI-BALYA-MAK\u0130NES\u0130'   itemprop=\"thumbnailUrl\"  \/><\/div><\/div><\/div><\/div>\n<\/div><\/div><\/div><!-- close content main div --><\/div><\/div><div id='av_section_1' class='avia-section main_color avia-section-default avia-no-shadow avia-bg-style-scroll   container_wrap sidebar_right'   ><div class='container' ><div class='template-page content  av-content-small alpha units'><div class='post-entry post-entry-type-page post-entry-11340'><div class='entry-content-wrapper clearfix'>\n<div class=\"flex_column av_one_third  flex_column_div av-zero-column-padding first  \" style='border-radius:0px; '><p><div class='avia-image-container  av-styling-    avia-align-center '  itemprop=\"ImageObject\" itemscope=\"itemscope\" itemtype=\"https:\/\/schema.org\/ImageObject\"  ><div class='avia-image-container-inner'><a href='http:\/\/fimaks.com\/ru\/%d0%bf%d1%80%d0%b5%d1%81%d1%81-%d0%bf%d0%be%d0%b4%d0%b1%d0%be%d1%80%d1%89%d0%b8%d0%ba\/2-%d1%83%d0%b7%d0%bb%d0%be%d0%b2%d1%8f%d0%b7%d0%b0%d1%82%d0%b5%d0%bb%d1%8f-%d0%bf%d1%80%d0%b5%d1%81%d1%81-%d0%bf%d0%be%d0%b4%d0%b1%d0%be%d1%80%d1%89%d0%b8%d0%ba-%d0%b1%d0%b5%d0%b7-%d0%b8%d0%b7%d0%bc\/' class='avia_image'  ><img class='avia_image ' src='http:\/\/fimaks.com\/wp-content\/uploads\/2018\/03\/HA\u015eBAYSIZ-BALYA-MAK\u0130NES\u0130-2.jpg' alt='' title='HA\u015eBAYSIZ-BALYA-MAK\u0130NES\u0130-2'  itemprop=\"thumbnailUrl\"  \/><\/a><\/div><\/div><br \/>\n<section class=\"av_textblock_section \"  itemscope=\"itemscope\" itemtype=\"https:\/\/schema.org\/CreativeWork\" ><div class='avia_textblock  av_inherit_color '  style='color:#4f4f4f; '  itemprop=\"text\" ><h5 style=\"text-align: center;\">2 \u0423\u0417\u041b\u041e\u0412\u042f\u0417\u0410\u0422\u0415\u041b\u042f | \u0411\u0415\u0417 \u0418\u0417\u041c\u0415\u041b\u042c\u0427\u0418\u0422\u0415\u041b\u042f<br \/>\n1.5 \u043c \u041f\u0420\u0415\u0421\u0421 \u041f\u041e\u0414\u0411\u041e\u0420\u0429\u0418\u041a<br \/>\nSTINGRAY 2i 1500<\/h5>\n<\/div><\/section><br \/>\n<div style=' margin-top:5px; margin-bottom:30px;'  class='hr hr-custom hr-center hr-icon-yes  '><span class='hr-inner   inner-border-av-border-fat' style=' width:50px;' ><span class='hr-inner-style'><\/span><\/span><span class='av-seperator-icon' style='color:#a8a8a8;' aria-hidden='true' data-av_icon='\ue855' data-av_iconfont='entypo-fontello'><\/span><span class='hr-inner   inner-border-av-border-fat' style=' width:50px;' ><span class='hr-inner-style'><\/span><\/span><\/div><\/p><\/div><div class=\"flex_column av_one_third  flex_column_div av-zero-column-padding   \" style='border-radius:0px; '><p><div class='avia-image-container  av-styling-    avia-align-center '  itemprop=\"ImageObject\" itemscope=\"itemscope\" itemtype=\"https:\/\/schema.org\/ImageObject\"  ><div class='avia-image-container-inner'><a href='http:\/\/fimaks.com\/ru\/%d0%bf%d1%80%d0%b5%d1%81%d1%81-%d0%bf%d0%be%d0%b4%d0%b1%d0%be%d1%80%d1%89%d0%b8%d0%ba\/2-%d1%83%d0%b7%d0%bb%d0%be%d0%b2%d1%8f%d0%b7%d0%b0%d1%82%d0%b5%d0%bb%d1%8f-%d0%bf%d1%80%d0%b5%d1%81%d1%81-%d0%bf%d0%be%d0%b4%d0%b1%d0%be%d1%80%d1%89%d0%b8%d0%ba-%d0%b1%d0%b5%d0%b7-%d0%b8%d0%b7%d0%bc\/' class='avia_image'  ><img class='avia_image ' src='http:\/\/fimaks.com\/wp-content\/uploads\/2018\/03\/HA\u015eBAYSIZ-BALYA-MAK\u0130NES\u0130-2.jpg' alt='' title='HA\u015eBAYSIZ-BALYA-MAK\u0130NES\u0130-2'  itemprop=\"thumbnailUrl\"  \/><\/a><\/div><\/div><br \/>\n<section class=\"av_textblock_section \"  itemscope=\"itemscope\" itemtype=\"https:\/\/schema.org\/CreativeWork\" ><div class='avia_textblock  av_inherit_color '  style='color:#4f4f4f; '  itemprop=\"text\" ><h5 style=\"text-align: center;\">2 \u0423\u0417\u041b\u041e\u0412\u042f\u0417\u0410\u0422\u0415\u041b\u042f | \u0411\u0415\u0417 \u0418\u0417\u041c\u0415\u041b\u042c\u0427\u0418\u0422\u0415\u041b\u042f<br \/>\n1.63 MT \u043c \u041f\u0420\u0415\u0421\u0421 \u041f\u041e\u0414\u0411\u041e\u0420\u0429\u0418\u041a<br \/>\nSTINGRAY 2i 1630<\/h5>\n<\/div><\/section><br \/>\n<div style=' margin-top:5px; margin-bottom:30px;'  class='hr hr-custom hr-center hr-icon-yes  '><span class='hr-inner   inner-border-av-border-fat' style=' width:50px;' ><span class='hr-inner-style'><\/span><\/span><span class='av-seperator-icon' style='color:#a8a8a8;' aria-hidden='true' data-av_icon='\ue855' data-av_iconfont='entypo-fontello'><\/span><span class='hr-inner   inner-border-av-border-fat' style=' width:50px;' ><span class='hr-inner-style'><\/span><\/span><\/div><\/p><\/div><div class=\"flex_column av_one_third  flex_column_div av-zero-column-padding   \" style='border-radius:0px; '><p><div class='avia-image-container  av-styling-    avia-align-center '  itemprop=\"ImageObject\" itemscope=\"itemscope\" itemtype=\"https:\/\/schema.org\/ImageObject\"  ><div class='avia-image-container-inner'><a href='http:\/\/fimaks.com\/ru\/%d0%bf%d1%80%d0%b5%d1%81%d1%81-%d0%bf%d0%be%d0%b4%d0%b1%d0%be%d1%80%d1%89%d0%b8%d0%ba\/3-%d1%83%d0%b7%d0%bb%d0%be%d0%b2%d1%8f%d0%b7%d0%b0%d1%82%d0%b5%d0%bb%d1%8f-%d0%bf%d1%80%d0%b5%d1%81%d1%81-%d0%bf%d0%be%d0%b4%d0%b1%d0%be%d1%80%d1%89%d0%b8%d0%ba-%d0%b1%d0%b5%d0%b7-%d0%b8%d0%b7%d0%bc\/' class='avia_image'  ><img class='avia_image ' src='http:\/\/fimaks.com\/wp-content\/uploads\/2018\/03\/HA\u015eBAYSIZ-BALYA-MAK\u0130NES\u0130-2.jpg' alt='' title='HA\u015eBAYSIZ-BALYA-MAK\u0130NES\u0130-2'  itemprop=\"thumbnailUrl\"  \/><\/a><\/div><\/div><br \/>\n<section class=\"av_textblock_section \"  itemscope=\"itemscope\" itemtype=\"https:\/\/schema.org\/CreativeWork\" ><div class='avia_textblock  av_inherit_color '  style='color:#4f4f4f; '  itemprop=\"text\" ><h5 style=\"text-align: center;\">3 \u0423\u0417\u041b\u041e\u0412\u042f\u0417\u0410\u0422\u0415\u041b\u042f | \u0411\u0415\u0417 \u0418\u0417\u041c\u0415\u041b\u042c\u0427\u0418\u0422\u0415\u041b\u042f<br \/>\n1.5 MT \u043c \u041f\u0420\u0415\u0421\u0421 \u041f\u041e\u0414\u0411\u041e\u0420\u0429\u0418\u041a<br \/>\nSTINGRAY 3i 1500<\/h5>\n<\/div><\/section><br \/>\n<div style=' margin-top:5px; margin-bottom:30px;'  class='hr hr-custom hr-center hr-icon-yes  '><span class='hr-inner   inner-border-av-border-fat' style=' width:50px;' ><span class='hr-inner-style'><\/span><\/span><span class='av-seperator-icon' style='color:#a8a8a8;' aria-hidden='true' data-av_icon='\ue855' data-av_iconfont='entypo-fontello'><\/span><span class='hr-inner   inner-border-av-border-fat' style=' width:50px;' ><span class='hr-inner-style'><\/span><\/span><\/div><\/p><\/div><div class=\"flex_column av_one_third  flex_column_div av-zero-column-padding first  \" style='border-radius:0px; '><p><div class='avia-image-container  av-styling-    avia-align-center '  itemprop=\"ImageObject\" itemscope=\"itemscope\" itemtype=\"https:\/\/schema.org\/ImageObject\"  ><div class='avia-image-container-inner'><a href='http:\/\/fimaks.com\/ru\/%d0%bf%d1%80%d0%b5%d1%81%d1%81-%d0%bf%d0%be%d0%b4%d0%b1%d0%be%d1%80%d1%89%d0%b8%d0%ba\/3-%d1%83%d0%b7%d0%bb%d0%be%d0%b2%d1%8f%d0%b7%d0%b0%d1%82%d0%b5%d0%bb%d1%8f-%d0%bf%d1%80%d0%b5%d1%81%d1%81-%d0%bf%d0%be%d0%b4%d0%b1%d0%be%d1%80%d1%89%d0%b8%d0%ba-%d1%81-%d0%b8%d0%b7%d0%bc%d0%b5%d0%bb\/' class='avia_image'  ><img class='avia_image ' src='http:\/\/fimaks.com\/wp-content\/uploads\/2018\/03\/HA\u015eBAYLI-BALYA-MAK\u0130NES\u0130-2.jpg' alt='' title='HA\u015eBAYLI-BALYA-MAK\u0130NES\u0130-2'  itemprop=\"thumbnailUrl\"  \/><\/a><\/div><\/div><br \/>\n<section class=\"av_textblock_section \"  itemscope=\"itemscope\" itemtype=\"https:\/\/schema.org\/CreativeWork\" ><div class='avia_textblock  av_inherit_color '  style='color:#4f4f4f; '  itemprop=\"text\" ><h5 style=\"text-align: center;\">3 \u0423\u0417\u041b\u041e\u0412\u042f\u0417\u0410\u0422\u0415\u041b\u042f | \u0421 \u0418\u0417\u041c\u0415\u041b\u042c\u0427\u0418\u0422\u0415\u041b\u0415\u041c<br \/>\n1.5 MT \u043c \u041f\u0420\u0415\u0421\u0421 \u041f\u041e\u0414\u0411\u041e\u0420\u0429\u0418\u041a 3i 1500H<\/h5>\n<\/div><\/section><br \/>\n<div style=' margin-top:5px; margin-bottom:30px;'  class='hr hr-custom hr-center hr-icon-yes  '><span class='hr-inner   inner-border-av-border-fat' style=' width:50px;' ><span class='hr-inner-style'><\/span><\/span><span class='av-seperator-icon' style='color:#a8a8a8;' aria-hidden='true' data-av_icon='\ue855' data-av_iconfont='entypo-fontello'><\/span><span class='hr-inner   inner-border-av-border-fat' style=' width:50px;' ><span class='hr-inner-style'><\/span><\/span><\/div><\/p><\/div><div class=\"flex_column av_one_third  flex_column_div av-zero-column-padding   \" style='border-radius:0px; '><p><div class='avia-image-container  av-styling-    avia-align-center '  itemprop=\"ImageObject\" itemscope=\"itemscope\" itemtype=\"https:\/\/schema.org\/ImageObject\"  ><div class='avia-image-container-inner'><a href='http:\/\/fimaks.com\/ru\/%d0%bf%d1%80%d0%b5%d1%81%d1%81-%d0%bf%d0%be%d0%b4%d0%b1%d0%be%d1%80%d1%89%d0%b8%d0%ba\/3-%d1%83%d0%b7%d0%bb%d0%be%d0%b2%d1%8f%d0%b7%d0%b0%d1%82%d0%b5%d0%bb%d1%8f-%d0%bf%d1%80%d0%b5%d1%81%d1%81-%d0%bf%d0%be%d0%b4%d0%b1%d0%be%d1%80%d1%89%d0%b8%d0%ba-%d1%81-%d0%b8%d0%b7%d0%bc%d0%b5%d0%bb-2\/' class='avia_image'  ><img class='avia_image ' src='http:\/\/fimaks.com\/wp-content\/uploads\/2018\/03\/HA\u015eBAYLI-BALYA-MAK\u0130NES\u0130-2.jpg' alt='' title='HA\u015eBAYLI-BALYA-MAK\u0130NES\u0130-2'  itemprop=\"thumbnailUrl\"  \/><\/a><\/div><\/div><br \/>\n<section class=\"av_textblock_section \"  itemscope=\"itemscope\" itemtype=\"https:\/\/schema.org\/CreativeWork\" ><div class='avia_textblock  av_inherit_color '  style='color:#4f4f4f; '  itemprop=\"text\" ><h5 style=\"text-align: center;\">3 \u0423\u0417\u041b\u041e\u0412\u042f\u0417\u0410\u0422\u0415\u041b\u042f | \u0421 \u0418\u0417\u041c\u0415\u041b\u042c\u0427\u0418\u0422\u0415\u041b\u0415\u041c<br \/>\n1.63 MT \u043c \u041f\u0420\u0415\u0421\u0421 \u041f\u041e\u0414\u0411\u041e\u0420\u0429\u0418\u041a<br \/>\nSTINGRAY 3i 1630H<\/h5>\n<\/div><\/section><br \/>\n<div style=' margin-top:5px; margin-bottom:30px;'  class='hr hr-custom hr-center hr-icon-yes  '><span class='hr-inner   inner-border-av-border-fat' style=' width:50px;' ><span class='hr-inner-style'><\/span><\/span><span class='av-seperator-icon' style='color:#a8a8a8;' aria-hidden='true' data-av_icon='\ue855' data-av_iconfont='entypo-fontello'><\/span><span class='hr-inner   inner-border-av-border-fat' style=' width:50px;' ><span class='hr-inner-style'><\/span><\/span><\/div><\/p><\/div><div class=\"flex_column av_one_third  flex_column_div av-zero-column-padding   \" style='border-radius:0px; '><p><div class='avia-image-container  av-styling-    avia-align-center '  itemprop=\"ImageObject\" itemscope=\"itemscope\" itemtype=\"https:\/\/schema.org\/ImageObject\"  ><div class='avia-image-container-inner'><a href='http:\/\/fimaks.com\/ru\/%d0%bf%d1%80%d0%b5%d1%81%d1%81-%d0%bf%d0%be%d0%b4%d0%b1%d0%be%d1%80%d1%89%d0%b8%d0%ba\/3-%d1%83%d0%b7%d0%bb%d0%be%d0%b2%d1%8f%d0%b7%d0%b0%d1%82%d0%b5%d0%bb%d1%8f-%d0%b4%d0%b2%d0%be%d0%b9%d0%bd%d0%be%d0%b9-%d0%bf%d1%80%d0%b5%d1%81%d1%81-%d0%bf%d0%be%d0%b4%d0%b1%d0%be%d1%80%d1%89%d0%b8\/' class='avia_image'  ><img class='avia_image ' src='http:\/\/fimaks.com\/wp-content\/uploads\/2018\/03\/HA\u015eBAYLI-BALYA-MAK\u0130NES\u0130-2.jpg' alt='' title='HA\u015eBAYLI-BALYA-MAK\u0130NES\u0130-2'  itemprop=\"thumbnailUrl\"  \/><\/a><\/div><\/div><br \/>\n<section class=\"av_textblock_section \"  itemscope=\"itemscope\" itemtype=\"https:\/\/schema.org\/CreativeWork\" ><div class='avia_textblock  av_inherit_color '  style='color:#4f4f4f; '  itemprop=\"text\" ><h5 style=\"text-align: center;\">3 \u0423\u0417\u041b\u041e\u0412\u042f\u0417\u0410\u0422\u0415\u041b\u042f | \u0421 \u0418\u0417\u041c\u0415\u041b\u042c\u0427\u0418\u0422\u0415\u041b\u0415\u041c<br \/>\n1.5 \u043c \u0414\u0412\u041e\u0419\u041d\u041e\u0419 \u041f\u0420\u0415\u0421\u0421 \u041f\u041e\u0414\u0411\u041e\u0420\u0429\u0418\u041a<br \/>\nSTINGRAY 3i 1500D<\/h5>\n<\/div><\/section><br \/>\n<div style=' margin-top:5px; margin-bottom:30px;'  class='hr hr-custom hr-center hr-icon-yes  '><span class='hr-inner   inner-border-av-border-fat' style=' width:50px;' ><span class='hr-inner-style'><\/span><\/span><span class='av-seperator-icon' style='color:#a8a8a8;' aria-hidden='true' data-av_icon='\ue855' data-av_iconfont='entypo-fontello'><\/span><span class='hr-inner   inner-border-av-border-fat' style=' width:50px;' ><span class='hr-inner-style'><\/span><\/span><\/div><\/p><\/div><\/div><\/div><\/div><!-- close content main div --><\/div><\/div><div id='after_section_1' class='main_color av_default_container_wrap container_wrap sidebar_right'   ><div class='container' ><div class='template-page content  av-content-small alpha units'><div class='post-entry post-entry-type-page post-entry-11340'><div class='entry-content-wrapper clearfix'><div class='av-hotspot-image-container avia_animate_when_almost_visible   av-hotspot-numbered av-mobile-fallback-active    av-non-fullwidth-hotspot-image '  itemprop=\"ImageObject\" itemscope=\"itemscope\" itemtype=\"https:\/\/schema.org\/ImageObject\"  ><div class='av-hotspot-container'><div class='av-hotspot-container-inner-cell'><div class='av-hotspot-container-inner-wrap'><img class='avia_image ' src='http:\/\/fimaks.com\/wp-content\/uploads\/2013\/04\/Untitled-4.jpg' alt='' title='Untitled-4'   itemprop=\"thumbnailUrl\"  \/><\/div><\/div><\/div><\/div><\/p>\n","protected":false},"excerpt":{"rendered":"","protected":false},"author":1,"featured_media":0,"parent":0,"menu_order":0,"comment_status":"closed","ping_status":"closed","template":"","meta":{"_exactmetrics_skip_tracking":false,"_exactmetrics_sitenote_active":false,"_exactmetrics_sitenote_note":"","_exactmetrics_sitenote_category":0,"footnotes":""},"yst_prominent_words":[],"class_list":["post-11340","page","type-page","status-publish","hentry"],"_links":{"self":[{"href":"http:\/\/fimaks.com\/ru\/wp-json\/wp\/v2\/pages\/11340","targetHints":{"allow":["GET"]}}],"collection":[{"href":"http:\/\/fimaks.com\/ru\/wp-json\/wp\/v2\/pages"}],"about":[{"href":"http:\/\/fimaks.com\/ru\/wp-json\/wp\/v2\/types\/page"}],"author":[{"embeddable":true,"href":"http:\/\/fimaks.com\/ru\/wp-json\/wp\/v2\/users\/1"}],"replies":[{"embeddable":true,"href":"http:\/\/fimaks.com\/ru\/wp-json\/wp\/v2\/comments?post=11340"}],"version-history":[{"count":15,"href":"http:\/\/fimaks.com\/ru\/wp-json\/wp\/v2\/pages\/11340\/revisions"}],"predecessor-version":[{"id":16531,"href":"http:\/\/fimaks.com\/ru\/wp-json\/wp\/v2\/pages\/11340\/revisions\/16531"}],"wp:attachment":[{"href":"http:\/\/fimaks.com\/ru\/wp-json\/wp\/v2\/media?parent=11340"}],"wp:term":[{"taxonomy":"yst_prominent_words","embeddable":true,"href":"http:\/\/fimaks.com\/ru\/wp-json\/wp\/v2\/yst_prominent_words?post=11340"}],"curies":[{"name":"wp","href":"https:\/\/api.w.org\/{rel}","templated":true}]}}