{"id":25974,"date":"2022-03-30T16:37:47","date_gmt":"2022-03-30T13:37:47","guid":{"rendered":"http:\/\/fimaks.com\/sivi-gubre-tanki-3000-lt\/"},"modified":"2022-04-01T08:36:38","modified_gmt":"2022-04-01T05:36:38","slug":"sivi-gubre-tanki-3000-lt","status":"publish","type":"page","link":"http:\/\/fimaks.com\/ru\/%d1%80%d0%b0%d0%b7%d0%b1%d1%80%d0%b0%d1%81%d1%8b%d0%b2%d0%b0%d1%82%d0%b5%d0%bb%d1%8c-%d0%b6%d0%b8%d0%b4%d0%ba%d0%b8%d1%85-%d1%83%d0%b4%d0%be%d0%b1%d1%80%d0%b5%d0%bd%d0%b8%d0%b9\/sivi-gubre-tanki-3000-lt\/","title":{"rendered":"SIVI G\u00dcBRE TANKI 3000 LT"},"content":{"rendered":"<div class='av-hotspot-image-container avia_animate_when_almost_visible   avia_animated_image avia_animate_when_almost_visible fade-in av-hotspot-numbered av-mobile-fallback-active    av-non-fullwidth-hotspot-image '  itemprop=\"ImageObject\" itemscope=\"itemscope\" itemtype=\"https:\/\/schema.org\/ImageObject\"  ><div class='av-hotspot-container'><div class='av-hotspot-container-inner-cell'><div class='av-hotspot-container-inner-wrap'><div class='av-image-hotspot' data-avia-tooltip-position='right' data-avia-tooltip-alignment='centered' data-avia-tooltip-class='av-tt-default-width av-tt-pos-right av-tt-align-centered  av-mobile-fallback-active  transparent_dark av-tt-hotspot' data-avia-tooltip='&lt;p&gt;Manuel Emi\u015f Sistemi&lt;\/p&gt;\n' style='top: 36%; left: 47.5%; '><div class='av-image-hotspot_inner' style='background-color: #c2c9ce; color: #000000;'>1<\/div><div class='av-image-hotspot-pulse' style='background-color:#e8e8e8;'><\/div><\/div><div class='av-image-hotspot' data-avia-tooltip-position='bottom' data-avia-tooltip-alignment='centered' data-avia-tooltip-class='av-tt-default-width av-tt-pos-below av-tt-align-centered  av-mobile-fallback-active  transparent_dark av-tt-hotspot' data-avia-tooltip='&lt;p&gt;G\u00fc\u00e7l\u00fc \u0130talyan Pompa&lt;\/p&gt;\n' style='top: 53.2%; left: 64.6%; '><div class='av-image-hotspot_inner' style='background-color: #c2c9ce; color: #000000;'>2<\/div><div class='av-image-hotspot-pulse' style='background-color:#ffffff;'><\/div><\/div><div class='av-image-hotspot' data-avia-tooltip-position='top' data-avia-tooltip-alignment='left' data-avia-tooltip-class='av-tt-default-width av-tt-pos-above av-tt-align-left  av-mobile-fallback-active  transparent_dark av-tt-hotspot' data-avia-tooltip='&lt;p&gt;Y\u00fcksek Bas\u0131n\u00e7 Sigorta Valfleri&lt;\/p&gt;\n' style='top: 47.9%; left: 62.2%; '><div class='av-image-hotspot_inner' style='background-color: #c2c9ce; color: #000000;'>3<\/div><div class='av-image-hotspot-pulse' style='background-color:#ffffff;'><\/div><\/div><div class='av-image-hotspot' data-avia-tooltip-position='top' data-avia-tooltip-alignment='left' data-avia-tooltip-class='av-tt-default-width av-tt-pos-above av-tt-align-left  av-mobile-fallback-active  transparent_dark av-tt-hotspot' data-avia-tooltip='&lt;p&gt;Dayan\u0131kl\u0131 Vana&lt;\/p&gt;\n' style='top: 48.8%; left: 50.9%; '><div class='av-image-hotspot_inner' style='background-color: #c2c9ce; color: #000000;'>4<\/div><div class='av-image-hotspot-pulse' style='background-color:#ffffff;'><\/div><\/div><div class='av-image-hotspot' data-avia-tooltip-position='top' data-avia-tooltip-alignment='left' data-avia-tooltip-class='av-tt-default-width av-tt-pos-above av-tt-align-left  av-mobile-fallback-active  transparent_dark av-tt-hotspot' data-avia-tooltip='&lt;p&gt;Ayarlanabilir Yay\u0131c\u0131 Plaka&lt;\/p&gt;\n' style='top: 44.3%; left: 26.9%; '><div class='av-image-hotspot_inner' style='background-color: #c2c9ce; color: #000000;'>5<\/div><div class='av-image-hotspot-pulse' style='background-color:#ffffff;'><\/div><\/div><div class='av-image-hotspot' data-avia-tooltip-position='top' data-avia-tooltip-alignment='left' data-avia-tooltip-class='av-tt-default-width av-tt-pos-above av-tt-align-left  av-mobile-fallback-active  transparent_dark av-tt-hotspot' data-avia-tooltip='&lt;p&gt;Ayarlanabilir Destek Aya\u011f\u0131&lt;\/p&gt;\n' style='top: 74.5%; left: 67%; '><div class='av-image-hotspot_inner' style='background-color: #c2c9ce; color: #000000;'>6<\/div><div class='av-image-hotspot-pulse' style='background-color:#ffffff;'><\/div><\/div><div class='av-image-hotspot' data-avia-tooltip-position='top' data-avia-tooltip-alignment='left' data-avia-tooltip-class='av-tt-default-width av-tt-pos-above av-tt-align-left  av-mobile-fallback-active  transparent_dark av-tt-hotspot' data-avia-tooltip='&lt;p&gt;D\u00fc\u015f\u00fck Bas\u0131n\u00e7 Sigorta Valfleri&lt;\/p&gt;\n' style='top: 15.4%; left: 47%; '><div class='av-image-hotspot_inner' style='background-color: #c2c9ce; color: #000000;'>7<\/div><div class='av-image-hotspot-pulse' style='background-color:#ffffff;'><\/div><\/div><div class='av-image-hotspot' data-avia-tooltip-position='top' data-avia-tooltip-alignment='left' data-avia-tooltip-class='av-tt-default-width av-tt-pos-above av-tt-align-left  av-mobile-fallback-active  transparent_dark av-tt-hotspot' data-avia-tooltip='&lt;p&gt;Dayan\u0131kl\u0131 Lastikler&lt;\/p&gt;\n' style='top: 69.9%; left: 37.7%; '><div class='av-image-hotspot_inner' style='background-color: #c2c9ce; color: #000000;'>8<\/div><div class='av-image-hotspot-pulse' style='background-color:#ffffff;'><\/div><\/div><div class='av-image-hotspot' data-avia-tooltip-position='top' data-avia-tooltip-alignment='left' data-avia-tooltip-class='av-tt-default-width av-tt-pos-above av-tt-align-left  av-mobile-fallback-active  transparent_dark av-tt-hotspot' data-avia-tooltip='&lt;p&gt;ST52 G\u00fc\u00e7l\u00fc G\u00f6vde&lt;\/p&gt;\n' style='top: 31.8%; left: 40%; '><div class='av-image-hotspot_inner' style='background-color: #c2c9ce; color: #000000;'>9<\/div><div class='av-image-hotspot-pulse' style='background-color:#e8e8e8;'><\/div><\/div><img class='avia_image ' src='http:\/\/fimaks.com\/wp-content\/uploads\/2022\/03\/Sivi-Gubre-Ana.png' alt='' title='S\u0131v\u0131 G\u00fcbre Ana'   itemprop=\"thumbnailUrl\"  \/><\/div><\/div><\/div><div class='av-hotspot-fallback-tooltip'><div class='av-hotspot-fallback-tooltip-count'>1<div class='avia-arrow'><\/div><\/div><div class='av-hotspot-fallback-tooltip-inner clearfix'><p>\nManuel Emi\u015f Sistemi<\/p>\n<\/div><\/div><div class='av-hotspot-fallback-tooltip'><div class='av-hotspot-fallback-tooltip-count'>2<div class='avia-arrow'><\/div><\/div><div class='av-hotspot-fallback-tooltip-inner clearfix'><p>\nG\u00fc\u00e7l\u00fc \u0130talyan Pompa<\/p>\n<\/div><\/div><div class='av-hotspot-fallback-tooltip'><div class='av-hotspot-fallback-tooltip-count'>3<div class='avia-arrow'><\/div><\/div><div class='av-hotspot-fallback-tooltip-inner clearfix'><p>\nY\u00fcksek Bas\u0131n\u00e7 Sigorta Valfleri<\/p>\n<\/div><\/div><div class='av-hotspot-fallback-tooltip'><div class='av-hotspot-fallback-tooltip-count'>4<div class='avia-arrow'><\/div><\/div><div class='av-hotspot-fallback-tooltip-inner clearfix'><p>\nDayan\u0131kl\u0131 Vana<\/p>\n<\/div><\/div><div class='av-hotspot-fallback-tooltip'><div class='av-hotspot-fallback-tooltip-count'>5<div class='avia-arrow'><\/div><\/div><div class='av-hotspot-fallback-tooltip-inner clearfix'><p>\nAyarlanabilir Yay\u0131c\u0131 Plaka<\/p>\n<\/div><\/div><div class='av-hotspot-fallback-tooltip'><div class='av-hotspot-fallback-tooltip-count'>6<div class='avia-arrow'><\/div><\/div><div class='av-hotspot-fallback-tooltip-inner clearfix'><p>\nAyarlanabilir Destek Aya\u011f\u0131<\/p>\n<\/div><\/div><div class='av-hotspot-fallback-tooltip'><div class='av-hotspot-fallback-tooltip-count'>7<div class='avia-arrow'><\/div><\/div><div class='av-hotspot-fallback-tooltip-inner clearfix'><p>\nD\u00fc\u015f\u00fck Bas\u0131n\u00e7 Sigorta Valfleri<\/p>\n<\/div><\/div><div class='av-hotspot-fallback-tooltip'><div class='av-hotspot-fallback-tooltip-count'>8<div class='avia-arrow'><\/div><\/div><div class='av-hotspot-fallback-tooltip-inner clearfix'><p>\nDayan\u0131kl\u0131 Lastikler<\/p>\n<\/div><\/div><div class='av-hotspot-fallback-tooltip'><div class='av-hotspot-fallback-tooltip-count'>9<div class='avia-arrow'><\/div><\/div><div class='av-hotspot-fallback-tooltip-inner clearfix'><p>\nST52 G\u00fc\u00e7l\u00fc G\u00f6vde<\/p>\n<\/div><\/div><\/div>\n<div style='padding-bottom:10px;' class='av-special-heading av-special-heading-h1  blockquote modern-quote modern-centered   av-thin-font '><h1 class='av-special-heading-tag '  itemprop=\"headline\"  >3000 L\u0130TRE SIVI G\u00dcBRE DA\u011eITIM TANKI<br \/>\n|<strong> FST 3000<\/strong> |<\/h1><div class='special-heading-border'><div class='special-heading-inner-border' ><\/div><\/div><\/div>\n<div  class='hr hr-default  '><span class='hr-inner ' ><span class='hr-inner-style'><\/span><\/span><\/div>\n<section class=\"av_textblock_section \"  itemscope=\"itemscope\" itemtype=\"https:\/\/schema.org\/CreativeWork\" ><div class='avia_textblock  '   itemprop=\"text\" ><p><span class=\"av_dropcap1 \" >F<\/span>imaks FST 3000 s\u0131v\u0131 g\u00fcbre tanklar\u0131 ile \u00e7iftliklerde olu\u015fan s\u0131v\u0131 hayvan g\u00fcbrelerinin havuzdan emilerek, homojen bir \u015fekilde tarlalara yay\u0131lmas\u0131 amac\u0131 ile geli\u015ftirilmi\u015ftir.<\/p>\n<p>Makinelerin \u00f6zel tasar\u0131ml\u0131 \u015faseleri ve al\u00e7ak yap\u0131lar\u0131, standart olarak sunulan geni\u015f tabanl\u0131 ve dayan\u0131kl\u0131 lastikleri sayesinde her t\u00fcrl\u00fc arazi \u015fartlar\u0131na uyum g\u00f6stererek, her yap\u0131daki tarlada rahatl\u0131kla \u00e7al\u0131\u015fmas\u0131 sa\u011flan\u0131r.<\/p>\n<p>S\u0131v\u0131 g\u00fcbre da\u011f\u0131t\u0131m tanklar\u0131n\u0131n \u00fczerlerindeki \u0130talyan pompalar sayesinde g\u00fcbrelerin emilmesi \u00e7ok h\u0131zl\u0131 ger\u00e7ekle\u015ftirilebilmekte, tarla \u00fczerine g\u00fc\u00e7l\u00fc ve etkili bir \u015fekilde p\u00fcsk\u00fcrt\u00fclebilmektedir. Pompalar\u0131n tanka sa\u011flad\u0131\u011f\u0131 art\u0131 ve eksi bas\u0131n\u00e7lar\u0131 g\u00f6steren barometre ve tank doluluk oran\u0131n\u0131 g\u00f6steren indikat\u00f6rler makine \u00fczerinde mevcut olup, kullan\u0131c\u0131n\u0131n makine \u00fczerinde kontrol\u00fc en \u00fcst d\u00fczeydedir.<\/p>\n<p>3000 litrelik kapasiteye sahip olan FST 3000 s\u0131v\u0131 g\u00fcbre da\u011f\u0131t\u0131m tank\u0131, manuel emi\u015f sistemine sahiptir. Emi\u015f hortumunun emi\u015f vanas\u0131na tak\u0131lmas\u0131 ile\u00a0 s\u0131v\u0131 emi\u015fe ge\u00e7er. Standart olarak sunulan manuel emi\u015f sistemine sahip s\u0131v\u0131 g\u00fcbre tanklar\u0131nda emi\u015f hortumunun emi\u015f vanas\u0131na tak\u0131lmas\u0131 ve basit bir \u015fekilde sabitlenmesi, makineyi kullan\u0131ma haz\u0131r hale getirir. Sadece saniyeler s\u00fcren haz\u0131rlanma a\u015famas\u0131 ve g\u00fc\u00e7l\u00fc pompalar sayesinde k\u0131salan emi\u015f ve yayma i\u015flemi sayesinde zamandan tasarruf ederek, verimlili\u011fi artt\u0131r\u0131r.<\/p>\n<p>Fimaks FST 3000 S\u0131v\u0131 g\u00fcbre da\u011f\u0131t\u0131m tanklar\u0131n\u0131n opsiyonel \u00f6zellikleri i\u00e7erisinde, makine\u00a0g\u00f6vde \u00f6mr\u00fcn\u00fc uzatan\u00a0<strong>galvaniz kaplama,<\/strong>\u00a0trafi\u011fe \u00e7\u0131kmas\u0131 gereken kullan\u0131c\u0131lar i\u00e7in<strong> trafik \u0131\u015f\u0131klar\u0131 <\/strong>mevcuttur.<\/p>\n<\/div><\/section>\n<div  class='hr hr-default  '><span class='hr-inner ' ><span class='hr-inner-style'><\/span><\/span><\/div>\n<div class=\"flex_column av_one_half  flex_column_div first  \" ><div class='avia-image-container  av-styling-    avia-align-center '  itemprop=\"ImageObject\" itemscope=\"itemscope\" itemtype=\"https:\/\/schema.org\/ImageObject\"  ><div class='avia-image-container-inner'><img class='avia_image ' src='http:\/\/fimaks.com\/wp-content\/uploads\/2022\/03\/Sivi-Gubre-Kucuk-1.jpg' alt='' title='S\u0131v\u0131 G\u00fcbre K\u00fc\u00e7\u00fck 1'   itemprop=\"thumbnailUrl\"  \/><\/div><\/div><\/div>\n<div class=\"flex_column av_one_half  flex_column_div av-zero-column-padding   \" style='border-radius:0px; '><div class='avia-image-container  av-styling-    avia-align-center '  itemprop=\"ImageObject\" itemscope=\"itemscope\" itemtype=\"https:\/\/schema.org\/ImageObject\"  ><div class='avia-image-container-inner'><img class='avia_image ' src='http:\/\/fimaks.com\/wp-content\/uploads\/2022\/03\/Sivi-Gubre-Kucuk-2.jpg' alt='' title='S\u0131v\u0131 G\u00fcbre K\u00fc\u00e7\u00fck 2'   itemprop=\"thumbnailUrl\"  \/><\/div><\/div><\/div>\n<div  class='hr hr-default  '><span class='hr-inner ' ><span class='hr-inner-style'><\/span><\/span><\/div>\n<div class='avia-data-table-wrap avia_responsive_table'><table class='avia-table avia-data-table avia-table-1  avia_pricing_default '  itemscope=\"itemscope\" itemtype=\"https:\/\/schema.org\/Table\" ><tbody><tr class=''><td class=''>HAC\u0130M (litre)<\/td><td class=''>3000<\/td><\/tr><tr class=''><td class=''>Y\u00dcKSEKL\u0130K (mm)<\/td><td class=''>2090<\/td><\/tr><tr class=''><td class=''>UZUNLUK (mm)<\/td><td class=''>5000<\/td><\/tr><tr class=''><td class=''>GEN\u0130\u015eL\u0130K (mm)<\/td><td class=''>2085<\/td><\/tr><tr class=''><td class=''>A\u011eIRLIK (kg)<\/td><td class=''>1040<\/td><\/tr><tr class=''><td class=''>POMPA KAPAS\u0130TES\u0130 (litre\/dakika)<\/td><td class=''>4000<\/td><\/tr><tr class=''><td class=''>PTO DEVR\u0130 (rpm)<\/td><td class=''>540<\/td><\/tr><tr class=''><td class=''>G\u00dc\u00c7 GEREKS\u0130N\u0130M\u0130 (kW\/hp)<\/td><td class=''>36\/50<\/td><\/tr><tr class=''><td class=''>TEKERLEK \u00d6L\u00c7\u00dcLER\u0130<\/td><td class=''>2 x (400.60 x 15.5)<\/td><\/tr><\/tbody><\/table><\/div><style type='text\/css'><\/style>\n<div  class='hr hr-default  '><span class='hr-inner ' ><span class='hr-inner-style'><\/span><\/span><\/div>\n<div class=\"flex_column av_one_third  flex_column_div av-zero-column-padding first  \" style='border-radius:0px; '><div class='avia-image-container  av-styling-  noHover  av-overlay-on-hover   avia-align-center '  itemprop=\"ImageObject\" itemscope=\"itemscope\" itemtype=\"https:\/\/schema.org\/ImageObject\"  ><div class='avia-image-container-inner'><div class='av-image-caption-overlay'><div class='av-caption-image-overlay-bg' style='opacity:0.4; background-color:#000000; '><\/div><div class='av-image-caption-overlay-position'><div class='av-image-caption-overlay-center' style='color:#ffffff; '><p>AYARLANAB\u0130L\u0130R YAYICI PLAKA<\/p>\n<\/div><\/div><\/div><img class='avia_image ' src='http:\/\/fimaks.com\/wp-content\/uploads\/2017\/11\/Ayarlanabilir-arka-plaka.jpg' alt='' title='Ayarlanabilir Yay\u0131c\u0131 Plaka'   itemprop=\"thumbnailUrl\"  \/><\/div><\/div><\/div>\n<div class=\"flex_column av_one_third  flex_column_div av-zero-column-padding   \" style='border-radius:0px; '><div class='avia-image-container  av-styling-  noHover  av-overlay-on-hover   avia-align-center '  itemprop=\"ImageObject\" itemscope=\"itemscope\" itemtype=\"https:\/\/schema.org\/ImageObject\"  ><div class='avia-image-container-inner'><div class='av-image-caption-overlay'><div class='av-caption-image-overlay-bg' style='opacity:0.4; background-color:#000000; '><\/div><div class='av-image-caption-overlay-position'><div class='av-image-caption-overlay-center' style='color:#ffffff; '><p>D\u00dc\u015e\u00dcK BASIN\u00c7 S\u0130GORTA VALFLER\u0130<\/p>\n<\/div><\/div><\/div><img class='avia_image ' src='http:\/\/fimaks.com\/wp-content\/uploads\/2017\/11\/D\u00fc\u015f\u00fck-Bas\u0131n\u00e7-Valfi.jpg' alt='' title='D\u00fc\u015f\u00fck Bas\u0131n\u00e7 Valfi'   itemprop=\"thumbnailUrl\"  \/><\/div><\/div><\/div>\n<div class=\"flex_column av_one_third  flex_column_div av-zero-column-padding   \" style='border-radius:0px; '><div class='avia-image-container  av-styling-  noHover  av-overlay-on-hover   avia-align-center '  itemprop=\"ImageObject\" itemscope=\"itemscope\" itemtype=\"https:\/\/schema.org\/ImageObject\"  ><div class='avia-image-container-inner'><div class='av-image-caption-overlay'><div class='av-caption-image-overlay-bg' style='opacity:0.4; background-color:#000000; '><\/div><div class='av-image-caption-overlay-position'><div class='av-image-caption-overlay-center' style='color:#ffffff; '><p>OPS\u0130YONEL GALVAN\u0130Z G\u00d6VDE<\/p>\n<\/div><\/div><\/div><img class='avia_image ' src='http:\/\/fimaks.com\/wp-content\/uploads\/2017\/11\/Galvaniz.jpg' alt='' title='Galvaniz G\u00f6vde'   itemprop=\"thumbnailUrl\"  \/><\/div><\/div><\/div>\n<div class=\"flex_column av_one_third  flex_column_div av-zero-column-padding first  \" style='border-radius:0px; '><div class='avia-image-container  av-styling-  noHover  av-overlay-on-hover   avia-align-center '  itemprop=\"ImageObject\" itemscope=\"itemscope\" itemtype=\"https:\/\/schema.org\/ImageObject\"  ><div class='avia-image-container-inner'><div class='av-image-caption-overlay'><div class='av-caption-image-overlay-bg' style='opacity:0.4; background-color:#000000; '><\/div><div class='av-image-caption-overlay-position'><div class='av-image-caption-overlay-center' style='color:#ffffff; '><p>G\u00dc\u00c7L\u00dc \u0130TALYAN POMPALAR<\/p>\n<\/div><\/div><\/div><img class='avia_image ' src='http:\/\/fimaks.com\/wp-content\/uploads\/2017\/11\/\u0130talyan-Pompa.jpg' alt='' title='\u0130talyan Pompa'   itemprop=\"thumbnailUrl\"  \/><\/div><\/div><\/div>\n<div class=\"flex_column av_one_third  flex_column_div av-zero-column-padding   \" style='border-radius:0px; '><div class='avia-image-container  av-styling-  noHover  av-overlay-on-hover   avia-align-center '  itemprop=\"ImageObject\" itemscope=\"itemscope\" itemtype=\"https:\/\/schema.org\/ImageObject\"  ><div class='avia-image-container-inner'><div class='av-image-caption-overlay'><div class='av-caption-image-overlay-bg' style='opacity:0.4; background-color:#000000; '><\/div><div class='av-image-caption-overlay-position'><div class='av-image-caption-overlay-center' style='color:#ffffff; '><p>DAYANIKLI LAST\u0130KLER<\/p>\n<\/div><\/div><\/div><img class='avia_image ' src='http:\/\/fimaks.com\/wp-content\/uploads\/2017\/11\/Lastikler.jpg' alt='' title='Dayan\u0131kl\u0131 Lastikler'   itemprop=\"thumbnailUrl\"  \/><\/div><\/div><\/div>\n<div class=\"flex_column av_one_third  flex_column_div av-zero-column-padding   \" style='border-radius:0px; '><div class='avia-image-container  av-styling-  noHover  av-overlay-on-hover   avia-align-center '  itemprop=\"ImageObject\" itemscope=\"itemscope\" itemtype=\"https:\/\/schema.org\/ImageObject\"  ><div class='avia-image-container-inner'><div class='av-image-caption-overlay'><div class='av-caption-image-overlay-bg' style='opacity:0.4; background-color:#000000; '><\/div><div class='av-image-caption-overlay-position'><div class='av-image-caption-overlay-center' style='color:#ffffff; '><p>MANUEL EM\u0130\u015e S\u0130STEM\u0130<\/p>\n<\/div><\/div><\/div><img class='avia_image ' src='http:\/\/fimaks.com\/wp-content\/uploads\/2017\/11\/Manuel-emi\u015f.jpg' alt='' title='Manuel emi\u015f'   itemprop=\"thumbnailUrl\"  \/><\/div><\/div><\/div>\n<div class=\"flex_column av_one_third  flex_column_div av-zero-column-padding first  \" style='border-radius:0px; '><div class='avia-image-container  av-styling-  noHover  av-overlay-on-hover   avia-align-center '  itemprop=\"ImageObject\" itemscope=\"itemscope\" itemtype=\"https:\/\/schema.org\/ImageObject\"  ><div class='avia-image-container-inner'><div class='av-image-caption-overlay'><div class='av-caption-image-overlay-bg' style='opacity:0.4; background-color:#000000; '><\/div><div class='av-image-caption-overlay-position'><div class='av-image-caption-overlay-center' style='color:#ffffff; '><p>ST 52 METAL G\u00d6VDE<\/p>\n<\/div><\/div><\/div><img class='avia_image ' src='http:\/\/fimaks.com\/wp-content\/uploads\/2017\/11\/ST52-G\u00f6vde.jpg' alt='' title='ST52 G\u00f6vde'   itemprop=\"thumbnailUrl\"  \/><\/div><\/div><\/div>\n<div class=\"flex_column av_one_third  flex_column_div av-zero-column-padding   \" style='border-radius:0px; '><div class='avia-image-container  av-styling-  noHover  av-overlay-on-hover   avia-align-center '  itemprop=\"ImageObject\" itemscope=\"itemscope\" itemtype=\"https:\/\/schema.org\/ImageObject\"  ><div class='avia-image-container-inner'><div class='av-image-caption-overlay'><div class='av-caption-image-overlay-bg' style='opacity:0.4; background-color:#000000; '><\/div><div class='av-image-caption-overlay-position'><div class='av-image-caption-overlay-center' style='color:#ffffff; '><p>OPS\u0130YONEL TRAF\u0130K I\u015eIKLARI<\/p>\n<\/div><\/div><\/div><img class='avia_image ' src='http:\/\/fimaks.com\/wp-content\/uploads\/2017\/11\/Trafik-I\u015f\u0131klar\u0131.jpg' alt='' title='Trafik I\u015f\u0131klar\u0131'   itemprop=\"thumbnailUrl\"  \/><\/div><\/div><\/div>\n\t<div  class='av_promobox  avia-button-yes '>\t\t<div class='avia-promocontent'><p>\nBilgi almak, istek ve \u00f6nerileriniz i\u00e7in bizimle ileti\u015fime ge\u00e7in.<\/p>\n<\/div><div class='avia-button-wrap avia-button-right '><a href='http:\/\/fimaks.com\/iletisim\/' class='avia-button   avia-icon_select-no avia-color-theme-color avia-size-large avia-position-right '   ><span class='avia_iconbox_title' >\u0130LET\u0130\u015e\u0130M<\/span><\/a><\/div>\t<\/div>\n","protected":false},"excerpt":{"rendered":"","protected":false},"author":1,"featured_media":0,"parent":9800,"menu_order":0,"comment_status":"closed","ping_status":"closed","template":"","meta":{"_exactmetrics_skip_tracking":false,"_exactmetrics_sitenote_active":false,"_exactmetrics_sitenote_note":"","_exactmetrics_sitenote_category":0,"footnotes":""},"yst_prominent_words":[],"class_list":["post-25974","page","type-page","status-publish","hentry"],"_links":{"self":[{"href":"http:\/\/fimaks.com\/ru\/wp-json\/wp\/v2\/pages\/25974","targetHints":{"allow":["GET"]}}],"collection":[{"href":"http:\/\/fimaks.com\/ru\/wp-json\/wp\/v2\/pages"}],"about":[{"href":"http:\/\/fimaks.com\/ru\/wp-json\/wp\/v2\/types\/page"}],"author":[{"embeddable":true,"href":"http:\/\/fimaks.com\/ru\/wp-json\/wp\/v2\/users\/1"}],"replies":[{"embeddable":true,"href":"http:\/\/fimaks.com\/ru\/wp-json\/wp\/v2\/comments?post=25974"}],"version-history":[{"count":4,"href":"http:\/\/fimaks.com\/ru\/wp-json\/wp\/v2\/pages\/25974\/revisions"}],"predecessor-version":[{"id":26146,"href":"http:\/\/fimaks.com\/ru\/wp-json\/wp\/v2\/pages\/25974\/revisions\/26146"}],"up":[{"embeddable":true,"href":"http:\/\/fimaks.com\/ru\/wp-json\/wp\/v2\/pages\/9800"}],"wp:attachment":[{"href":"http:\/\/fimaks.com\/ru\/wp-json\/wp\/v2\/media?parent=25974"}],"wp:term":[{"taxonomy":"yst_prominent_words","embeddable":true,"href":"http:\/\/fimaks.com\/ru\/wp-json\/wp\/v2\/yst_prominent_words?post=25974"}],"curies":[{"name":"wp","href":"https:\/\/api.w.org\/{rel}","templated":true}]}}