{"id":7979,"date":"2018-03-27T10:39:45","date_gmt":"2018-03-27T07:39:45","guid":{"rendered":"http:\/\/fimaks.com\/%d0%be%d0%bd%d0%bb%d0%b0%d0%b9%d0%bd-%d0%ba%d0%b0%d1%82%d0%b0%d0%bb%d0%be%d0%b3\/"},"modified":"2018-06-05T15:54:31","modified_gmt":"2018-06-05T12:54:31","slug":"%d0%be%d0%bd%d0%bb%d0%b0%d0%b9%d0%bd-%d0%ba%d0%b0%d1%82%d0%b0%d0%bb%d0%be%d0%b3","status":"publish","type":"page","link":"http:\/\/fimaks.com\/ru\/%d0%be%d0%bd%d0%bb%d0%b0%d0%b9%d0%bd-%d0%ba%d0%b0%d1%82%d0%b0%d0%bb%d0%be%d0%b3\/","title":{"rendered":"\u041e\u041d\u041b\u0410\u0419\u041d \u041a\u0410\u0422\u0410\u041b\u041e\u0413"},"content":{"rendered":"<div class='av-hotspot-image-container avia_animate_when_almost_visible   av-hotspot-numbered av-mobile-fallback-active    av-non-fullwidth-hotspot-image '  itemprop=\"ImageObject\" itemscope=\"itemscope\" itemtype=\"https:\/\/schema.org\/ImageObject\"  ><div class='av-hotspot-container'><div class='av-hotspot-container-inner-cell'><div class='av-hotspot-container-inner-wrap'><img class='avia_image ' src='http:\/\/fimaks.com\/wp-content\/uploads\/2018\/03\/KATALOGLAR.jpg' alt='KATALOGLAR' title='KATALOGLAR'   itemprop=\"thumbnailUrl\"  \/><\/div><\/div><\/div><\/div>\n<div class=\"flex_column av_one_third  flex_column_div av-zero-column-padding first  \" style='border-radius:0px; '><p><div style='padding-bottom:10px;' class='av-special-heading av-special-heading-h5 meta-heading    '><h5 class='av-special-heading-tag '  itemprop=\"headline\"  >\u041a\u041e\u0420\u041c\u041e\u0421\u041c\u0415\u0421\u0418\u0422\u0415\u041b\u0418<\/h5><div class='special-heading-border'><div class='special-heading-inner-border' ><\/div><\/div><\/div><br \/>\n<div class='avia-image-container  av-styling-    avia-align-center '  itemprop=\"ImageObject\" itemscope=\"itemscope\" itemtype=\"https:\/\/schema.org\/ImageObject\"  ><div class='avia-image-container-inner'><a href='http:\/\/fimaks.com\/wp-content\/uploads\/2018\/06\/TMR-RU-K.pdf' class='avia_image'   target=\"_blank\" ><img class='avia_image ' src='http:\/\/fimaks.com\/wp-content\/uploads\/2018\/03\/YEM-KARMA-KATALO\u011eU.jpg' alt='' title='YEM-KARMA-KATALO\u011eU'  itemprop=\"thumbnailUrl\"  \/><\/a><\/div><\/div><\/p><\/div><div class=\"flex_column av_one_third  flex_column_div av-zero-column-padding   \" style='border-radius:0px; '><p><div style='padding-bottom:10px;' class='av-special-heading av-special-heading-h5 meta-heading    '><h5 class='av-special-heading-tag '  itemprop=\"headline\"  >\u0423\u0411\u041e\u0420\u041e\u0427\u041d\u0410\u042f \u0422\u0415\u0425\u041d\u0418\u041a\u0410<\/h5><div class='special-heading-border'><div class='special-heading-inner-border' ><\/div><\/div><\/div><br \/>\n<div class='avia-image-container  av-styling-    avia-align-center '  itemprop=\"ImageObject\" itemscope=\"itemscope\" itemtype=\"https:\/\/schema.org\/ImageObject\"  ><div class='avia-image-container-inner'><a href='http:\/\/fimaks.com\/wp-content\/uploads\/2018\/06\/SILAGE-RU-K.pdf' class='avia_image'   target=\"_blank\" ><img class='avia_image ' src='http:\/\/fimaks.com\/wp-content\/uploads\/2018\/03\/S\u0130LAJ-KATALO\u011eU.jpg' alt='' title='S\u0130LAJ-KATALO\u011eU'  itemprop=\"thumbnailUrl\"  \/><\/a><\/div><\/div><\/p><\/div><div class=\"flex_column av_one_third  flex_column_div av-zero-column-padding   \" style='border-radius:0px; '><p><div style='padding-bottom:10px;' class='av-special-heading av-special-heading-h5 meta-heading    '><h5 class='av-special-heading-tag '  itemprop=\"headline\"  >\u041f\u041e\u0413\u0420\u0423\u0417\u0427\u0418\u041a\u0418<\/h5><div class='special-heading-border'><div class='special-heading-inner-border' ><\/div><\/div><\/div><br \/>\n<div class='avia-image-container  av-styling-    avia-align-center '  itemprop=\"ImageObject\" itemscope=\"itemscope\" itemtype=\"https:\/\/schema.org\/ImageObject\"  ><div class='avia-image-container-inner'><a href='http:\/\/fimaks.com\/wp-content\/uploads\/2018\/06\/LOADER-RU-K.pdf' class='avia_image'   target=\"_blank\" ><img class='avia_image ' src='http:\/\/fimaks.com\/wp-content\/uploads\/2018\/03\/LODER-KATALO\u011eU.jpg' alt='' title='LODER-KATALO\u011eU'  itemprop=\"thumbnailUrl\"  \/><\/a><\/div><\/div><\/p><\/div><div class=\"flex_column av_one_third  flex_column_div av-zero-column-padding first  \" style='border-radius:0px; '><p><div style='padding-bottom:10px;' class='av-special-heading av-special-heading-h5 meta-heading    '><h5 class='av-special-heading-tag '  itemprop=\"headline\"  >\u0420\u0410\u0417\u0411\u0420\u0410\u0421\u042b\u0412\u0410\u0422\u0415\u041b\u0418 \u0423\u0414\u041e\u0411\u0420\u0415\u041d\u0418\u0419<\/h5><div class='special-heading-border'><div class='special-heading-inner-border' ><\/div><\/div><\/div><br \/>\n<div class='avia-image-container  av-styling-    avia-align-center '  itemprop=\"ImageObject\" itemscope=\"itemscope\" itemtype=\"https:\/\/schema.org\/ImageObject\"  ><div class='avia-image-container-inner'><a href='http:\/\/fimaks.com\/wp-content\/uploads\/2018\/06\/MANURE-RU-K.pdf' class='avia_image'   target=\"_blank\" ><img class='avia_image ' src='http:\/\/fimaks.com\/wp-content\/uploads\/2018\/03\/G\u00dcBRE-KATALO\u011eU.jpg' alt='' title='G\u00dcBRE-KATALO\u011eU'  itemprop=\"thumbnailUrl\"  \/><\/a><\/div><\/div><\/p><\/div><div class=\"flex_column av_one_third  flex_column_div av-zero-column-padding   \" style='border-radius:0px; '><p><div style='padding-bottom:10px;' class='av-special-heading av-special-heading-h5 meta-heading   '><h5 class='av-special-heading-tag '  itemprop=\"headline\"  >\u041c\u0418\u041d\u0418\u041a\u0410\u0422\u0410\u041b\u041e\u0413<\/h5><div class='special-heading-border'><div class='special-heading-inner-border' ><\/div><\/div><\/div><br \/>\n<div class='avia-image-container  av-styling-    avia-align-center '  itemprop=\"ImageObject\" itemscope=\"itemscope\" itemtype=\"https:\/\/schema.org\/ImageObject\"  ><div class='avia-image-container-inner'><img class='avia_image ' src='http:\/\/fimaks.com\/wp-content\/uploads\/2018\/03\/MINI-KATALOG.jpg' alt='' title='MINI-KATALOG'   itemprop=\"thumbnailUrl\"  \/><\/div><\/div><\/p><\/div><\/p>\n","protected":false},"excerpt":{"rendered":"","protected":false},"author":1,"featured_media":0,"parent":0,"menu_order":0,"comment_status":"closed","ping_status":"closed","template":"","meta":{"_exactmetrics_skip_tracking":false,"_exactmetrics_sitenote_active":false,"_exactmetrics_sitenote_note":"","_exactmetrics_sitenote_category":0,"footnotes":""},"yst_prominent_words":[],"class_list":["post-7979","page","type-page","status-publish","hentry"],"_links":{"self":[{"href":"http:\/\/fimaks.com\/ru\/wp-json\/wp\/v2\/pages\/7979","targetHints":{"allow":["GET"]}}],"collection":[{"href":"http:\/\/fimaks.com\/ru\/wp-json\/wp\/v2\/pages"}],"about":[{"href":"http:\/\/fimaks.com\/ru\/wp-json\/wp\/v2\/types\/page"}],"author":[{"embeddable":true,"href":"http:\/\/fimaks.com\/ru\/wp-json\/wp\/v2\/users\/1"}],"replies":[{"embeddable":true,"href":"http:\/\/fimaks.com\/ru\/wp-json\/wp\/v2\/comments?post=7979"}],"version-history":[{"count":15,"href":"http:\/\/fimaks.com\/ru\/wp-json\/wp\/v2\/pages\/7979\/revisions"}],"predecessor-version":[{"id":16184,"href":"http:\/\/fimaks.com\/ru\/wp-json\/wp\/v2\/pages\/7979\/revisions\/16184"}],"wp:attachment":[{"href":"http:\/\/fimaks.com\/ru\/wp-json\/wp\/v2\/media?parent=7979"}],"wp:term":[{"taxonomy":"yst_prominent_words","embeddable":true,"href":"http:\/\/fimaks.com\/ru\/wp-json\/wp\/v2\/yst_prominent_words?post=7979"}],"curies":[{"name":"wp","href":"https:\/\/api.w.org\/{rel}","templated":true}]}}