{"id":8091,"date":"2018-03-27T12:05:23","date_gmt":"2018-03-27T09:05:23","guid":{"rendered":"http:\/\/fimaks.com\/%d0%b0%d1%81%d1%81%d0%be%d1%80%d1%82%d0%b8%d0%bc%d0%b5%d0%bd%d1%82-%d0%bf%d1%80%d0%be%d0%b4%d1%83%d0%ba%d1%86%d0%b8%d0%b8\/"},"modified":"2021-04-29T08:15:56","modified_gmt":"2021-04-29T05:15:56","slug":"%d0%b0%d1%81%d1%81%d0%be%d1%80%d1%82%d0%b8%d0%bc%d0%b5%d0%bd%d1%82-%d0%bf%d1%80%d0%be%d0%b4%d1%83%d0%ba%d1%86%d0%b8%d0%b8","status":"publish","type":"page","link":"http:\/\/fimaks.com\/ru\/%d0%b0%d1%81%d1%81%d0%be%d1%80%d1%82%d0%b8%d0%bc%d0%b5%d0%bd%d1%82-%d0%bf%d1%80%d0%be%d0%b4%d1%83%d0%ba%d1%86%d0%b8%d0%b8\/","title":{"rendered":"\u0410\u0421\u0421\u041e\u0420\u0422\u0418\u041c\u0415\u041d\u0422 \u041f\u0420\u041e\u0414\u0423\u041a\u0426\u0418\u0418"},"content":{"rendered":"<div class='av-hotspot-image-container avia_animate_when_almost_visible   av-hotspot-numbered av-mobile-fallback-active    av-non-fullwidth-hotspot-image '  itemprop=\"ImageObject\" itemscope=\"itemscope\" itemtype=\"https:\/\/schema.org\/ImageObject\"  ><div class='av-hotspot-container'><div class='av-hotspot-container-inner-cell'><div class='av-hotspot-container-inner-wrap'><img class='avia_image ' src='http:\/\/fimaks.com\/wp-content\/uploads\/2018\/02\/Fimaks-Makineler-Fimaks-\u00dcr\u00fcnleri-Tamam\u0131.png' alt='Fimaks-Makineler-Fimaks-\u00dcr\u00fcnleri-Tamam\u0131' title='Fimaks-Makineler-Fimaks-\u00dcr\u00fcnleri-Tamam\u0131'   itemprop=\"thumbnailUrl\"  \/><\/div><\/div><\/div><\/div>\n<\/div><\/div><\/div><!-- close content main div --><\/div><\/div><div id='av_section_1' class='avia-section main_color avia-section-default avia-no-shadow avia-bg-style-scroll   container_wrap sidebar_right'   ><div class='container' ><div class='template-page content  av-content-small alpha units'><div class='post-entry post-entry-type-page post-entry-8091'><div class='entry-content-wrapper clearfix'>\n<div class=\"flex_column av_one_third  flex_column_div av-zero-column-padding first  \" style='border-radius:0px; '><p><div class='avia-image-container  av-styling-    avia-align-center '  itemprop=\"ImageObject\" itemscope=\"itemscope\" itemtype=\"https:\/\/schema.org\/ImageObject\"  ><div class='avia-image-container-inner'><a href='http:\/\/fimaks.com\/ru\/%d0%b8%d0%b7%d0%bc%d0%b5%d0%bb%d1%8c%d1%87%d0%b8%d1%82%d0%b5%d0%bb%d0%b8-%d0%ba%d1%83%d0%ba%d1%83%d1%80%d1%83%d0%b7%d1%8b\/' class='avia_image'  ><img class='avia_image ' src='http:\/\/fimaks.com\/wp-content\/uploads\/2017\/10\/M\u0131s\u0131r-Silaj\u0131.jpg' alt='' title='M\u0131s\u0131r-Silaj\u0131'  itemprop=\"thumbnailUrl\"  \/><\/a><\/div><\/div><br \/>\n<div style='text-align:left; ' class='av-rotator-container av-rotation-container-left  ' data-interval='3' data-animation='0'><h3 class='av-rotator-container-inner '>\u041a\u0423\u041a\u0423\u0420\u0423\u0417\u041d\u0410\u042f \u0416\u0410\u0422\u041a\u0410<span class='av-rotator-text av-rotator-multiline-off '>\n<span style='color:#a81010; ' class='av-rotator-text-single av-rotator-text-single-1'>\u041e\u0414\u041d\u041e\u0420\u042f\u0414\u041d\u0410\u042f \u0416\u0410\u0422\u041a\u0410 \u0421 \u0420\u0415\u041c\u041d\u0415\u041c \u041f\u0420\u0418\u0412\u041e\u0414\u0410<\/span>\n<span style='color:#a81010; ' class='av-rotator-text-single av-rotator-text-single-2'>\u041e\u0414\u041d\u041e\u0420\u042f\u0414\u041d\u0410\u042f \u0416\u0410\u0422\u041a\u0410 \u0421 \u0422\u0420\u0410\u041d\u0421\u041c\u0418\u0421\u0421\u0418\u0415\u0419<\/span>\n<span style='color:#a81010; ' class='av-rotator-text-single av-rotator-text-single-3'>\u0420\u042f\u0414\u041e\u041d\u0415\u0417\u0410\u0412\u0418\u0421\u0418\u041c\u0410\u042f \u0416\u0410\u0422\u041a\u0410 2 \u0420\u042f\u0414\u041e\u0412<\/span>\n<span style='color:#a81010; ' class='av-rotator-text-single av-rotator-text-single-4'>\u0420\u042f\u0414\u041e\u041d\u0415\u0417\u0410\u0412\u0418\u0421\u0418\u041c\u0410\u042f \u0416\u0410\u0422\u041a\u0410 2 \u0420\u042f\u0414\u041e\u0412<\/span>\n<\/span><\/h3><\/div><\/p><\/div><div class=\"flex_column av_one_third  flex_column_div av-zero-column-padding   \" style='border-radius:0px; '><p><div class='avia-image-container  av-styling-    avia-align-center '  itemprop=\"ImageObject\" itemscope=\"itemscope\" itemtype=\"https:\/\/schema.org\/ImageObject\"  ><div class='avia-image-container-inner'><a href='http:\/\/fimaks.com\/ru\/%d1%81%d0%b8%d0%bb%d0%be%d1%80%d0%b5%d0%b7%d0%ba%d0%b8\/' class='avia_image'  ><img class='avia_image ' src='http:\/\/fimaks.com\/wp-content\/uploads\/2017\/10\/Ot-Silaj\u0131.jpg' alt='' title='Ot-Silaj\u0131'  itemprop=\"thumbnailUrl\"  \/><\/a><\/div><\/div><br \/>\n<div style='text-align:left; ' class='av-rotator-container av-rotation-container-left  ' data-interval='3' data-animation='0'><h3 class='av-rotator-container-inner '>\u0421\u0418\u041b\u041e\u0420\u0415\u0417\u041a\u0410<span class='av-rotator-text av-rotator-multiline-off '>\n<span style='color:#a81010; ' class='av-rotator-text-single av-rotator-text-single-1'>1.3 \u041c\u0415\u0422\u0420\u0410<\/span>\n<span style='color:#a81010; ' class='av-rotator-text-single av-rotator-text-single-2'>1.5 \u041c\u0415\u0422\u0420\u0410<\/span>\n<span style='color:#a81010; ' class='av-rotator-text-single av-rotator-text-single-3'>DOUBLE CHOP 1500<\/span>\n<span style='color:#a81010; ' class='av-rotator-text-single av-rotator-text-single-4'>DOUBLE CHOP 2100<\/span>\n<\/span><\/h3><\/div><\/p><\/div><div class=\"flex_column av_one_third  flex_column_div av-zero-column-padding   \" style='border-radius:0px; '><p><div class='avia-image-container  av-styling-    avia-align-center '  itemprop=\"ImageObject\" itemscope=\"itemscope\" itemtype=\"https:\/\/schema.org\/ImageObject\"  ><div class='avia-image-container-inner'><a href='http:\/\/fimaks.com\/ru\/%d0%ba%d0%be%d1%80%d0%bc%d0%be%d1%81%d0%bc%d0%b5%d1%81%d0%b8%d1%82%d0%b5%d0%bb%d0%b8\/' class='avia_image'  ><img class='avia_image ' src='http:\/\/fimaks.com\/wp-content\/uploads\/2017\/10\/Yem-Karma.jpg' alt='' title='Yem-Karma'  itemprop=\"thumbnailUrl\"  \/><\/a><\/div><\/div><br \/>\n<div style='text-align:left; ' class='av-rotator-container av-rotation-container-left  ' data-interval='3' data-animation='0'><h3 class='av-rotator-container-inner '>\u041a\u041e\u0420\u041c\u041e\u0421\u041c\u0415\u0421\u0418\u0422\u0415\u041b\u0418<span class='av-rotator-text av-rotator-multiline-off '>\n<span style='color:#a81010; ' class='av-rotator-text-single av-rotator-text-single-1'>\u0421\u0415\u0420\u0418\u042f ECO<\/span>\n<span style='color:#a81010; ' class='av-rotator-text-single av-rotator-text-single-2'>\u0413\u041e\u0420\u0418\u0417\u041e\u041d\u0422\u0410\u041b\u042c\u041d\u042b\u0415 \u041c\u041e\u0414\u0415\u041b\u0418<\/span>\n<span style='color:#a81010; ' class='av-rotator-text-single av-rotator-text-single-3'>\u0412\u0415\u0420\u0422\u0418\u041a\u0410\u041b\u042c\u041d\u042b\u0415 \u041c\u041e\u0414\u0415\u041b\u0418<\/span>\n<span style='color:#a81010; ' class='av-rotator-text-single av-rotator-text-single-4'>\u0421\u0422\u0410\u0426\u0418\u041e\u041d\u0410\u0420\u041d\u042b\u0415 \u041c\u041e\u0414\u0415\u041b\u0418<\/span>\n<span style='color:#a81010; ' class='av-rotator-text-single av-rotator-text-single-5'>\u0421\u0410\u041c\u041e\u0425\u041e\u0414\u041d\u042b\u0415 \u041c\u041e\u0414\u0415\u041b\u0418<\/span>\n<\/span><\/h3><\/div><\/p><\/div><div class=\"flex_column av_one_third  flex_column_div av-zero-column-padding first  \" style='border-radius:0px; '><p><div class='avia-image-container  av-styling-    avia-align-center '  itemprop=\"ImageObject\" itemscope=\"itemscope\" itemtype=\"https:\/\/schema.org\/ImageObject\"  ><div class='avia-image-container-inner'><a href='http:\/\/fimaks.com\/ru\/%d1%80%d0%b0%d0%b7%d0%b1%d1%80%d0%b0%d1%81%d1%8b%d0%b2%d0%b0%d1%82%d0%b5%d0%bb%d0%b8-%d1%83%d0%b4%d0%be%d0%b1%d1%80%d0%b5%d0%bd%d0%b8%d0%b9\/' class='avia_image'  ><img class='avia_image ' src='http:\/\/fimaks.com\/wp-content\/uploads\/2018\/03\/G\u00dcBRE-DA\u011eITIM-R\u00d6MORKLARI.jpg' alt='' title='G\u00dcBRE DA\u011eITIM R\u00d6MORKLARI'  itemprop=\"thumbnailUrl\"  \/><\/a><\/div><\/div><br \/>\n<div style='text-align:left; ' class='av-rotator-container av-rotation-container-left  ' data-interval='3' data-animation='0'><h3 class='av-rotator-container-inner '>\u0420\u0410\u0417\u0411\u0420\u0410\u0421\u042b\u0412\u0410\u0422\u0415\u041b\u042c \u0423\u0414\u041e\u0411\u0420\u0415\u041d\u0418\u0419<span class='av-rotator-text av-rotator-multiline-off '>\n<span style='color:#a81010; ' class='av-rotator-text-single av-rotator-text-single-1'>\u0420\u0410\u0417\u0411\u0420\u0410\u0421\u042b\u0412\u0410\u0422\u0415\u041b\u042c 5 \u0422\u041e\u041d<\/span>\n<span style='color:#a81010; ' class='av-rotator-text-single av-rotator-text-single-2'>\u0420\u0410\u0417\u0411\u0420\u0410\u0421\u042b\u0412\u0410\u0422\u0415\u041b\u042c 10 \u0422\u041e\u041d<\/span>\n<span style='color:#a81010; ' class='av-rotator-text-single av-rotator-text-single-3'>\u0420\u0410\u0417\u0411\u0420\u0410\u0421\u042b\u0412\u0410\u0422\u0415\u041b\u042c 18 \u0422\u041e\u041d<\/span>\n<span style='color:#a81010; ' class='av-rotator-text-single av-rotator-text-single-4'>\u0420\u0410\u0417\u0411\u0420\u0410\u0421\u042b\u0412\u0410\u0422\u0415\u041b\u042c 25 \u0422\u041e\u041d<\/span>\n<span style='color:#a81010; ' class='av-rotator-text-single av-rotator-text-single-5'>\u0420\u0410\u0417\u0411\u0420\u0410\u0421\u042b\u0412\u0410\u0422\u0415\u041b\u042c 4 \u0422\u041e\u041d \u0421\u0410\u0414\u041e\u0412\u041e\u0413\u041e \u0422\u0418\u041f\u0410<\/span>\n<\/span><\/h3><\/div><\/p><\/div><div class=\"flex_column av_one_third  flex_column_div av-zero-column-padding   \" style='border-radius:0px; '><p><div class='avia-image-container  av-styling-    avia-align-center '  itemprop=\"ImageObject\" itemscope=\"itemscope\" itemtype=\"https:\/\/schema.org\/ImageObject\"  ><div class='avia-image-container-inner'><a href='http:\/\/fimaks.com\/ru\/%d1%80%d0%b0%d0%b7%d0%b1%d1%80%d0%b0%d1%81%d1%8b%d0%b2%d0%b0%d1%82%d0%b5%d0%bb%d1%8c-%d0%b6%d0%b8%d0%b4%d0%ba%d0%b8%d1%85-%d1%83%d0%b4%d0%be%d0%b1%d1%80%d0%b5%d0%bd%d0%b8%d0%b9\/' class='avia_image'  ><img class='avia_image ' src='http:\/\/fimaks.com\/wp-content\/uploads\/2017\/10\/S\u0131v\u0131-G\u00fcbre-Yayma-1.jpg' alt='' title='S\u0131v\u0131-G\u00fcbre-Yayma'  itemprop=\"thumbnailUrl\"  \/><\/a><\/div><\/div><br \/>\n<div style='text-align:left; ' class='av-rotator-container av-rotation-container-left  ' data-interval='3' data-animation='0'><h3 class='av-rotator-container-inner '>\u0420\u0410\u0417\u0411\u0420\u0410\u0421\u042b\u0412\u0410\u0422\u0415\u041b\u042c \u0416\u0418\u0414\u041a\u0418\u0425 \u0423\u0414\u041e\u0411\u0420\u0415\u041d\u0418\u0419<span class='av-rotator-text av-rotator-multiline-off '>\n<span style='color:#a81010; ' class='av-rotator-text-single av-rotator-text-single-1'>\u0420\u0410\u0417\u0411\u0420\u0410\u0421\u042b\u0412\u0410\u0422\u0415\u041b\u042c \u0416\u0418\u0414\u041a\u0418\u0425 \u0423\u0414\u041e\u0411\u0420\u0415\u041d\u0418\u0419 6000 \u041b\u0418\u0422\u0420\u041e\u0412<\/span>\n<span style='color:#a81010; ' class='av-rotator-text-single av-rotator-text-single-2'>\u0420\u0410\u0417\u0411\u0420\u0410\u0421\u042b\u0412\u0410\u0422\u0415\u041b\u042c \u0416\u0418\u0414\u041a\u0418\u0425 \u0423\u0414\u041e\u0411\u0420\u0415\u041d\u0418\u0419 8000 \u041b\u0418\u0422\u0420\u041e\u0412<\/span>\n<span style='color:#a81010; ' class='av-rotator-text-single av-rotator-text-single-3'>\u0420\u0410\u0417\u0411\u0420\u0410\u0421\u042b\u0412\u0410\u0422\u0415\u041b\u042c \u0416\u0418\u0414\u041a\u0418\u0425 \u0423\u0414\u041e\u0411\u0420\u0415\u041d\u0418\u0419 10000 \u041b\u0418\u0422\u0420\u041e\u0412<\/span>\n<span style='color:#a81010; ' class='av-rotator-text-single av-rotator-text-single-4'>\u0420\u0410\u0417\u0411\u0420\u0410\u0421\u042b\u0412\u0410\u0422\u0415\u041b\u042c \u0416\u0418\u0414\u041a\u0418\u0425 \u0423\u0414\u041e\u0411\u0420\u0415\u041d\u0418\u0419 20000 \u041b\u0418\u0422\u0420\u041e\u0412<\/span>\n<\/span><\/h3><\/div><\/p><\/div><div class=\"flex_column av_one_third  flex_column_div av-zero-column-padding   \" style='border-radius:0px; '><p><div class='avia-image-container  av-styling-    avia-align-center '  itemprop=\"ImageObject\" itemscope=\"itemscope\" itemtype=\"https:\/\/schema.org\/ImageObject\"  ><div class='avia-image-container-inner'><a href='http:\/\/fimaksloader.com' class='avia_image'   target=\"_blank\" ><img class='avia_image ' src='http:\/\/fimaks.com\/wp-content\/uploads\/2017\/10\/Loder-Y\u00fckleyici.jpg' alt='' title='Loder-Y\u00fckleyici'  itemprop=\"thumbnailUrl\"  \/><\/a><\/div><\/div><br \/>\n<div style='text-align:left; ' class='av-rotator-container av-rotation-container-left  ' data-interval='3' data-animation='0'><h3 class='av-rotator-container-inner '>\u041f\u041e\u0413\u0420\u0423\u0417\u0427\u0418\u041a<span class='av-rotator-text av-rotator-multiline-off '>\n<span style='color:#a81010; ' class='av-rotator-text-single av-rotator-text-single-1'>30 \u043b.\u0441. | \u0421\u0422\u0410\u041d\u0414\u0410\u0420\u0422\u041d\u042b\u0419<\/span>\n<span style='color:#a81010; ' class='av-rotator-text-single av-rotator-text-single-2'>50 \u043b.\u0441. | \u0421\u0422\u0410\u041d\u0414\u0410\u0420\u0422\u041d\u042b\u0419<\/span>\n<span style='color:#a81010; ' class='av-rotator-text-single av-rotator-text-single-3'>50 \u043b.\u0441. | \u0422\u0415\u041b\u0415\u0421\u041a\u041e\u041f\u0418\u0427\u0415\u0421\u041a\u0418\u0419<\/span>\n<span style='color:#a81010; ' class='av-rotator-text-single av-rotator-text-single-4'>60 \u043b.\u0441. | \u0421\u0422\u0410\u041d\u0414\u0410\u0420\u0422\u041d\u042b\u0419<\/span>\n<span style='color:#a81010; ' class='av-rotator-text-single av-rotator-text-single-5'>60 \u043b.\u0441. | \u0422\u0415\u041b\u0415\u0421\u041a\u041e\u041f\u0418\u0427\u0415\u0421\u041a\u0418\u0419<\/span>\n<\/span><\/h3><\/div><\/p><\/div><div class=\"flex_column av_one_third  flex_column_div av-zero-column-padding first  \" style='border-radius:0px; '><p><div class='avia-image-container  av-styling-    avia-align-center '  itemprop=\"ImageObject\" itemscope=\"itemscope\" itemtype=\"https:\/\/schema.org\/ImageObject\"  ><div class='avia-image-container-inner'><a href='http:\/\/fimaks.com\/ru\/%d0%b4%d0%b8%d1%81%d0%ba%d0%be%d0%b2%d1%8b%d0%b5-%d0%ba%d0%be%d1%81%d0%b8%d0%bb%d0%ba%d0%b8\/' class='avia_image'  ><img class='avia_image ' src='http:\/\/fimaks.com\/wp-content\/uploads\/2017\/10\/Diskli-\u00c7ay\u0131r-Ot-Bi\u00e7me.jpg' alt='' title='Diskli-\u00c7ay\u0131r-Ot-Bi\u00e7me'  itemprop=\"thumbnailUrl\"  \/><\/a><\/div><\/div><br \/>\n<div style='text-align:left; ' class='av-rotator-container av-rotation-container-left  ' data-interval='3' data-animation='0'><h3 class='av-rotator-container-inner '>\u0414\u0418\u0421\u041a\u041e\u0412\u042b\u0415 \u041a\u041e\u0421\u0418\u041b\u041a\u0418<span class='av-rotator-text av-rotator-multiline-off '>\n<span style='color:#a81010; ' class='av-rotator-text-single av-rotator-text-single-1'>5 \u0414\u0418\u0421\u041a\u041e\u0412<\/span>\n<span style='color:#a81010; ' class='av-rotator-text-single av-rotator-text-single-2'>5 \u0414\u0418\u0421\u041a\u041e\u0412 \u0421 \u041a\u041e\u041d\u0414\u0418\u0426\u0418\u041e\u041d\u0415\u0420\u041e\u041c<\/span>\n<span style='color:#a81010; ' class='av-rotator-text-single av-rotator-text-single-3'>6 \u0414\u0418\u0421\u041a\u041e\u0412<\/span>\n<span style='color:#a81010; ' class='av-rotator-text-single av-rotator-text-single-4'>6 \u0414\u0418\u0421\u041a\u041e\u0412 \u0421 \u041a\u041e\u041d\u0414\u0418\u0426\u0418\u041e\u041d\u0415\u0420\u041e\u041c<\/span>\n<span style='color:#a81010; ' class='av-rotator-text-single av-rotator-text-single-5'>7 \u0414\u0418\u0421\u041a\u041e\u0412 \u0421 \u041a\u041e\u041d\u0414\u0418\u0426\u0418\u041e\u041d\u0415\u0420\u041e\u041c<\/span>\n<span style='color:#a81010; ' class='av-rotator-text-single av-rotator-text-single-6'>8 \u0414\u0418\u0421\u041a\u041e\u0412 \u0421 \u041a\u041e\u041d\u0414\u0418\u0426\u0418\u041e\u041d\u0415\u0420\u041e\u041c<\/span>\n<\/span><\/h3><\/div><\/p><\/div><div class=\"flex_column av_one_third  flex_column_div av-zero-column-padding   \" style='border-radius:0px; '><p><div class='avia-image-container  av-styling-    avia-align-center '  itemprop=\"ImageObject\" itemscope=\"itemscope\" itemtype=\"https:\/\/schema.org\/ImageObject\"  ><div class='avia-image-container-inner'><a href='http:\/\/fimaks.com\/ru\/%d1%80%d0%be%d1%82%d0%be%d1%80%d0%bd%d1%8b%d0%b5-%d1%80%d0%b5%d0%b9%d0%ba%d0%b8\/' class='avia_image'  ><img class='avia_image ' src='http:\/\/fimaks.com\/wp-content\/uploads\/2018\/03\/NAMLU-YAPMA-MAK\u0130NELER\u0130-HEL\u0130KOPTERLER.jpg' alt='' title='NAMLU-YAPMA-MAK\u0130NELER\u0130-HEL\u0130KOPTERLER'  itemprop=\"thumbnailUrl\"  \/><\/a><\/div><\/div><br \/>\n<div style='text-align:left; ' class='av-rotator-container av-rotation-container-left  ' data-interval='3' data-animation='0'><h3 class='av-rotator-container-inner '>\u0420\u041e\u0422\u041e\u0420\u041d\u042b\u0415 \u0420\u0415\u0419\u041a\u0418<span class='av-rotator-text av-rotator-multiline-off '>\n<span style='color:#a81010; ' class='av-rotator-text-single av-rotator-text-single-1'>9 \u041f\u041b\u0415\u0427\u042c | 3.3 \u041c<\/span>\n<span style='color:#a81010; ' class='av-rotator-text-single av-rotator-text-single-2'>11 \u041f\u041b\u0415\u0427\u042c | 4 \u041c<\/span>\n<span style='color:#a81010; ' class='av-rotator-text-single av-rotator-text-single-3'>22 \u041f\u041b\u0415\u0427\u042c | 6.4 \u041c<\/span>\n<\/span><\/h3><\/div><\/p><\/div><\/div><\/div><\/div><!-- close content main div --><\/div><\/div><div id='after_section_1' class='main_color av_default_container_wrap container_wrap sidebar_right'   ><div class='container' ><div class='template-page content  av-content-small alpha units'><div class='post-entry post-entry-type-page post-entry-8091'><div class='entry-content-wrapper clearfix'><div class='av-hotspot-image-container avia_animate_when_almost_visible   av-hotspot-numbered av-mobile-fallback-active    av-non-fullwidth-hotspot-image '  itemprop=\"ImageObject\" itemscope=\"itemscope\" itemtype=\"https:\/\/schema.org\/ImageObject\"  ><div class='av-hotspot-container'><div class='av-hotspot-container-inner-cell'><div class='av-hotspot-container-inner-wrap'><img class='avia_image ' src='http:\/\/fimaks.com\/wp-content\/uploads\/2013\/04\/Untitled-4.jpg' alt='' title='Untitled-4'   itemprop=\"thumbnailUrl\"  \/><\/div><\/div><\/div><\/div><\/p>\n","protected":false},"excerpt":{"rendered":"","protected":false},"author":1,"featured_media":0,"parent":0,"menu_order":0,"comment_status":"closed","ping_status":"closed","template":"","meta":{"_exactmetrics_skip_tracking":false,"_exactmetrics_sitenote_active":false,"_exactmetrics_sitenote_note":"","_exactmetrics_sitenote_category":0,"footnotes":""},"yst_prominent_words":[],"class_list":["post-8091","page","type-page","status-publish","hentry"],"_links":{"self":[{"href":"http:\/\/fimaks.com\/ru\/wp-json\/wp\/v2\/pages\/8091","targetHints":{"allow":["GET"]}}],"collection":[{"href":"http:\/\/fimaks.com\/ru\/wp-json\/wp\/v2\/pages"}],"about":[{"href":"http:\/\/fimaks.com\/ru\/wp-json\/wp\/v2\/types\/page"}],"author":[{"embeddable":true,"href":"http:\/\/fimaks.com\/ru\/wp-json\/wp\/v2\/users\/1"}],"replies":[{"embeddable":true,"href":"http:\/\/fimaks.com\/ru\/wp-json\/wp\/v2\/comments?post=8091"}],"version-history":[{"count":63,"href":"http:\/\/fimaks.com\/ru\/wp-json\/wp\/v2\/pages\/8091\/revisions"}],"predecessor-version":[{"id":18008,"href":"http:\/\/fimaks.com\/ru\/wp-json\/wp\/v2\/pages\/8091\/revisions\/18008"}],"wp:attachment":[{"href":"http:\/\/fimaks.com\/ru\/wp-json\/wp\/v2\/media?parent=8091"}],"wp:term":[{"taxonomy":"yst_prominent_words","embeddable":true,"href":"http:\/\/fimaks.com\/ru\/wp-json\/wp\/v2\/yst_prominent_words?post=8091"}],"curies":[{"name":"wp","href":"https:\/\/api.w.org\/{rel}","templated":true}]}}