{"id":19703,"date":"2021-02-18T00:43:14","date_gmt":"2021-02-17T21:43:14","guid":{"rendered":"http:\/\/fimaks.com\/baling-and-wrapping\/baler-2690\/"},"modified":"2021-07-27T10:51:26","modified_gmt":"2021-07-27T07:51:26","slug":"baler-2690","status":"publish","type":"page","link":"https:\/\/fimaks.com\/en\/baling-and-wrapping\/baler-2690\/","title":{"rendered":"Baler &#8211; 2690"},"content":{"rendered":"<div class='av-hotspot-image-container avia_animate_when_almost_visible   avia_animated_image avia_animate_when_almost_visible fade-in av-hotspot-numbered av-mobile-fallback-active    av-non-fullwidth-hotspot-image '  itemprop=\"ImageObject\" itemscope=\"itemscope\" itemtype=\"https:\/\/schema.org\/ImageObject\"  ><div class='av-hotspot-container'><div class='av-hotspot-container-inner-cell'><div class='av-hotspot-container-inner-wrap'><img class='avia_image ' src='https:\/\/fimaks.com\/wp-content\/uploads\/2021\/02\/2690.png' alt='' title='2690'   itemprop=\"thumbnailUrl\"  \/><\/div><\/div><\/div><\/div>\n<div style='padding-bottom:10px;' class='av-special-heading av-special-heading-h1  blockquote modern-quote modern-centered   av-thin-font '><h1 class='av-special-heading-tag '  itemprop=\"headline\"  >2 KNOTTERS BALER <br \/> | <strong>2690 <\/strong>|<\/h1><div class='special-heading-border'><div class='special-heading-inner-border' ><\/div><\/div><\/div>\n<div  class='hr hr-default  '><span class='hr-inner ' ><span class='hr-inner-style'><\/span><\/span><\/div>\n<section class=\"av_textblock_section \"  itemscope=\"itemscope\" itemtype=\"https:\/\/schema.org\/CreativeWork\" ><div class='avia_textblock  '   itemprop=\"text\" ><p>Fimaks baler models 1600 and 2690 are special machines of very light weight and maximum agility. Most technical solutions are similar to those of the larger models but, thanks to their unique specifications, they can be used on very steep or very soft terrains, like mountains or rice fields, providing a surprising farming experience. Among their accessories we find the hydraulic pick-up lift, the mechanic of hydraulic drawbar adjustment systems and the humidity sensor for the compression chamber.<\/p>\n<\/div><\/section>\n<div  class='hr hr-default  '><span class='hr-inner ' ><span class='hr-inner-style'><\/span><\/span><\/div>\n<div  class='avia-video avia-video-16-9   '  itemprop=\"video\" itemtype=\"https:\/\/schema.org\/VideoObject\" ><div class='avia-iframe-wrap'><iframe loading=\"lazy\" width=\"1500\" height=\"844\" src=\"https:\/\/www.youtube.com\/embed\/k6tG05OafUQ?feature=oembed\" frameborder=\"0\" allow=\"accelerometer; autoplay; clipboard-write; encrypted-media; gyroscope; picture-in-picture\" allowfullscreen><\/iframe><\/div><\/div>\n<div class='avia-data-table-wrap avia_responsive_table'><table class='avia-table avia-data-table avia-table-1  avia_pricing_default '  itemscope=\"itemscope\" itemtype=\"https:\/\/schema.org\/Table\" ><tbody><tr class=''><td class=''><strong>TECHNICAL DETAILS<\/strong><\/td><td class=''><\/td><\/tr><tr class=''><td class=''>POWER REQUIREMENT (hp)<\/td><td class=''>35<\/td><\/tr><tr class=''><td class=''><strong>PERFORMANCE (UNDER IDEAL CONDITIONS)<\/strong><\/td><td class=''><\/td><\/tr><tr class=''><td class=''>BALE WEIGHT \u2013 STRAW (kg)<\/td><td class=''>15-20<\/td><\/tr><tr class=''><td class=''>BALE WEIGHT \u2013 HAY (kg)<\/td><td class=''>20-30<\/td><\/tr><tr class=''><td class=''>BALES PER HOUR<\/td><td class=''>350 bales\/hour<\/td><\/tr><tr class=''><td class=''><strong>PICK-UP SYSTEM<\/strong><\/td><td class=''><\/td><\/tr><tr class=''><td class=''>PICKING WIDTH (cm)<\/td><td class=''>155<\/td><\/tr><tr class=''><td class=''>NET PICK-UP WIDTH \u2013 WALL TO WALL (cm)<\/td><td class=''>142<\/td><\/tr><tr class=''><td class=''><strong>PICK-UP SYSTEM<\/strong><\/td><td class=''>19 TINES \/ 4 BARS<\/td><\/tr><tr class=''><td class=''>HYDRAULIC PICK-UP LIFTING<\/td><td class=''>INCLUDED<\/td><\/tr><tr class=''><td class=''>PICK-UP SUPPORT TYRE<\/td><td class=''>INCLUDED<\/td><\/tr><tr class=''><td class=''><strong>CHOPPER<\/strong><\/td><td class=''>NOT INCLUDED<\/td><\/tr><tr class=''><td class=''><strong>COMPRESSION CHAMBER AND TAIL<\/strong><\/td><td class=''><\/td><\/tr><tr class=''><td class=''>BALE DIMENSION (cm)<\/td><td class=''>36&#215;46<\/td><\/tr><tr class=''><td class=''>RAM TRAVEL AND STROKES \/ MIN AT 610 PTO RPM<\/td><td class=''>66 cm \/ 100 rpm<\/td><\/tr><tr class=''><td class=''>TAIL TYPE<\/td><td class=''>STANDARD<\/td><\/tr><tr class=''><td class=''><strong>KNOTTER DETAILS<\/strong><\/td><td class=''><\/td><\/tr><tr class=''><td class=''>NUMBER OF TWINES<\/td><td class=''>2 KNOTTERS<\/td><\/tr><tr class=''><td class=''>KNOTTER LIGHTS<\/td><td class=''>OPTIONAL<\/td><\/tr><tr class=''><td class=''>CENTRALIZED KNOTTER LUBRICATION SYSTEM<\/td><td class=''>OPTIONAL<\/td><\/tr><tr class=''><td class=''>KNOTTER FANS<\/td><td class=''>OPTIONAL<\/td><\/tr><tr class=''><td class=''><strong>SWITCHING ROAD TO WORK POSITION<\/strong><\/td><td class=''><\/td><\/tr><tr class=''><td class=''>MECHANICAL<\/td><td class=''>STANDARD<\/td><\/tr><tr class=''><td class=''>HYDRAULIC<\/td><td class=''>OPTIONAL<\/td><\/tr><tr class=''><td class=''><strong>DRIVELINE<\/strong><\/td><td class=''><\/td><\/tr><tr class=''><td class=''>DRIVELINE TO KNOTTER<\/td><td class=''>CHAIN<\/td><\/tr><tr class=''><td class=''>LEFT FORK DRIVELINE<\/td><td class=''>CHAIN<\/td><\/tr><tr class=''><td class=''>RIGHT FORK DRIVELINE<\/td><td class=''>CHAIN<\/td><\/tr><tr class=''><td class=''>PICK-UP DRIVELINE<\/td><td class=''>BELT<\/td><\/tr><tr class=''><td class=''>STANDARD PTO SHAFT<\/td><td class=''>STANDARD<\/td><\/tr><tr class=''><td class=''>WIDE ANGLE PTO SHAFT<\/td><td class=''>NOT APLICABLE<\/td><\/tr><tr class=''><td class=''>TWIN PTO SHAFTS<\/td><td class=''>OPTIONAL<\/td><\/tr><tr class=''><td class=''>TWINE BOX CAPACITY<\/td><td class=''>4<\/td><\/tr><tr class=''><td class=''><strong>ACCESSORIES<\/strong><\/td><td class=''><\/td><\/tr><tr class=''><td class=''>ROAD LIGHTS<\/td><td class=''>STANDARD<\/td><\/tr><tr class=''><td class=''>MECHANICAL BALE COUNTER<\/td><td class=''>STANDARD<\/td><\/tr><tr class=''><td class=''>ELECTRONIC BALE COUNTER<\/td><td class=''>OPTIONAL<\/td><\/tr><tr class=''><td class=''>REAR AXLE AUXILIARY STEEL ROLLER<\/td><td class=''>OPTIONAL<\/td><\/tr><tr class=''><td class=''><strong>MACHINE DIMENSIONS<\/strong><\/td><td class=''><\/td><\/tr><tr class=''><td class=''>WIDTH<\/td><td class=''>240<\/td><\/tr><tr class=''><td class=''>LENGTH<\/td><td class=''>414<\/td><\/tr><tr class=''><td class=''>HEIGHT<\/td><td class=''>172<\/td><\/tr><tr class=''><td class=''>LEFT TYRE DIMENSIONS<\/td><td class=''>10.0\/80-12<\/td><\/tr><tr class=''><td class=''>RIGHT TYRE DIMENSIONS<\/td><td class=''>7.00-12<\/td><\/tr><tr class=''><td class=''>WEIGHT<\/td><td class=''>1240<\/td><\/tr><\/tbody><\/table><\/div><style type='text\/css'><\/style>\n<div  class='hr hr-default  '><span class='hr-inner ' ><span class='hr-inner-style'><\/span><\/span><\/div>\n\t<div  class='av_promobox  avia-button-yes '>\t\t<div class='avia-promocontent'><p>\nClick here to get detailed information.<\/p>\n<\/div><div class='avia-button-wrap avia-button-right '><a href='' class='avia-button   avia-icon_select-no avia-color-theme-color avia-size-large avia-position-right '   ><span class='avia_iconbox_title' >CONTACT<\/span><\/a><\/div>\t<\/div>\n<div class='avia-image-container  av-styling-no-styling    avia-align-center '  itemprop=\"ImageObject\" itemscope=\"itemscope\" itemtype=\"https:\/\/schema.org\/ImageObject\"  ><div class='avia-image-container-inner'><a href='http:\/\/fimaks.com\/en\/online-catalogs\/' class='avia_image'   target=\"_blank\" ><img class='avia_image ' src='https:\/\/fimaks.com\/wp-content\/uploads\/2018\/02\/YEM-KARMA-MAK\u0130NELER\u0130-KATALOG2.jpg' alt='YEM-KARMA-MAK\u0130NELER\u0130-KATALOG2' title='YEM-KARMA-MAK\u0130NELER\u0130-KATALOG2'  itemprop=\"thumbnailUrl\"  \/><\/a><\/div><\/div>\n","protected":false},"excerpt":{"rendered":"","protected":false},"author":1,"featured_media":0,"parent":18997,"menu_order":0,"comment_status":"closed","ping_status":"closed","template":"","meta":{"_exactmetrics_skip_tracking":false,"_exactmetrics_sitenote_active":false,"_exactmetrics_sitenote_note":"","_exactmetrics_sitenote_category":0,"footnotes":""},"yst_prominent_words":[],"class_list":["post-19703","page","type-page","status-publish","hentry"],"_links":{"self":[{"href":"https:\/\/fimaks.com\/en\/wp-json\/wp\/v2\/pages\/19703","targetHints":{"allow":["GET"]}}],"collection":[{"href":"https:\/\/fimaks.com\/en\/wp-json\/wp\/v2\/pages"}],"about":[{"href":"https:\/\/fimaks.com\/en\/wp-json\/wp\/v2\/types\/page"}],"author":[{"embeddable":true,"href":"https:\/\/fimaks.com\/en\/wp-json\/wp\/v2\/users\/1"}],"replies":[{"embeddable":true,"href":"https:\/\/fimaks.com\/en\/wp-json\/wp\/v2\/comments?post=19703"}],"version-history":[{"count":66,"href":"https:\/\/fimaks.com\/en\/wp-json\/wp\/v2\/pages\/19703\/revisions"}],"predecessor-version":[{"id":19830,"href":"https:\/\/fimaks.com\/en\/wp-json\/wp\/v2\/pages\/19703\/revisions\/19830"}],"up":[{"embeddable":true,"href":"https:\/\/fimaks.com\/en\/wp-json\/wp\/v2\/pages\/18997"}],"wp:attachment":[{"href":"https:\/\/fimaks.com\/en\/wp-json\/wp\/v2\/media?parent=19703"}],"wp:term":[{"taxonomy":"yst_prominent_words","embeddable":true,"href":"https:\/\/fimaks.com\/en\/wp-json\/wp\/v2\/yst_prominent_words?post=19703"}],"curies":[{"name":"wp","href":"https:\/\/api.w.org\/{rel}","templated":true}]}}