{"id":6458,"date":"2018-03-14T08:59:24","date_gmt":"2018-03-14T05:59:24","guid":{"rendered":"http:\/\/fimaks.com\/sivi-gubre-tanklari\/"},"modified":"2022-03-31T16:30:35","modified_gmt":"2022-03-31T13:30:35","slug":"slurry-tankers","status":"publish","type":"page","link":"https:\/\/fimaks.com\/en\/slurry-tankers\/","title":{"rendered":"SLURRY TANKERS"},"content":{"rendered":"<div class='av-hotspot-image-container avia_animate_when_almost_visible   av-hotspot-numbered av-mobile-fallback-active    av-non-fullwidth-hotspot-image '  itemprop=\"ImageObject\" itemscope=\"itemscope\" itemtype=\"https:\/\/schema.org\/ImageObject\"  ><div class='av-hotspot-container'><div class='av-hotspot-container-inner-cell'><div class='av-hotspot-container-inner-wrap'><img class='avia_image ' src='https:\/\/fimaks.com\/wp-content\/uploads\/2017\/10\/SIVI-GUBRE-DAGITIM-TANKLARI-F\u0130MAKS.jpg' alt='SIVI-GUBRE-DAGITIM-TANKLARI-F\u0130MAKS' title='SIVI-GUBRE-DAGITIM-TANKLARI-F\u0130MAKS'   itemprop=\"thumbnailUrl\"  \/><\/div><\/div><\/div><\/div>\n<\/div><\/div><\/div><!-- close content main div --><\/div><\/div><div id='av_section_1' class='avia-section main_color avia-section-default avia-no-shadow avia-bg-style-scroll   container_wrap sidebar_right'   ><div class='container' ><div class='template-page content  av-content-small alpha units'><div class='post-entry post-entry-type-page post-entry-6458'><div class='entry-content-wrapper clearfix'>\n<div class=\"flex_column av_one_third  flex_column_div av-zero-column-padding first  \" style='border-radius:0px; '><p><div class='avia-image-container  av-styling-    avia-align-center '  itemprop=\"ImageObject\" itemscope=\"itemscope\" itemtype=\"https:\/\/schema.org\/ImageObject\"  ><div class='avia-image-container-inner'><a href='http:\/\/fimaks.com\/en\/slurry-tankers\/sivi-gubre-tanki-3000-lt\/' class='avia_image'  ><img class='avia_image ' src='https:\/\/fimaks.com\/wp-content\/uploads\/2022\/03\/PRO-SMALL-3.jpg' alt='' title='PRO-SMALL'  itemprop=\"thumbnailUrl\"  \/><\/a><\/div><\/div><br \/>\n<section class=\"av_textblock_section \"  itemscope=\"itemscope\" itemtype=\"https:\/\/schema.org\/CreativeWork\" ><div class='avia_textblock  av_inherit_color '  style='color:#4f4f4f; '  itemprop=\"text\" ><h5 style=\"text-align: center;\">3.000 lt<br \/>\nSLURRY TANKER<br \/>\nFST 3000<\/h5>\n<\/div><\/section><br \/>\n<div style=' margin-top:5px; margin-bottom:30px;'  class='hr hr-custom hr-center hr-icon-yes  '><span class='hr-inner   inner-border-av-border-fat' style=' width:50px;' ><span class='hr-inner-style'><\/span><\/span><span class='av-seperator-icon' style='color:#a8a8a8;' aria-hidden='true' data-av_icon='\ue855' data-av_iconfont='entypo-fontello'><\/span><span class='hr-inner   inner-border-av-border-fat' style=' width:50px;' ><span class='hr-inner-style'><\/span><\/span><\/div><\/p><\/div><div class=\"flex_column av_one_third  flex_column_div av-zero-column-padding   \" style='border-radius:0px; '><p><div class='avia-image-container  av-styling-    avia-align-center '  itemprop=\"ImageObject\" itemscope=\"itemscope\" itemtype=\"https:\/\/schema.org\/ImageObject\"  ><div class='avia-image-container-inner'><a href='http:\/\/fimaks.com\/en\/slurry-tankers\/fimaks-slurry-tanker-6-000-lt-fst-6000\/' class='avia_image'  ><img class='avia_image ' src='https:\/\/fimaks.com\/wp-content\/uploads\/2017\/10\/SIVI-G\u00dcBRE-TANKI-6-TON.jpg' alt='' title='SIVI-G\u00dcBRE-TANKI-6-TON'  itemprop=\"thumbnailUrl\"  \/><\/a><\/div><\/div><br \/>\n<section class=\"av_textblock_section \"  itemscope=\"itemscope\" itemtype=\"https:\/\/schema.org\/CreativeWork\" ><div class='avia_textblock  av_inherit_color '  style='color:#4f4f4f; '  itemprop=\"text\" ><h5 style=\"text-align: center;\">6.000 lt<br \/>\nSLURRY TANKER<br \/>\nFST 6000<\/h5>\n<\/div><\/section><br \/>\n<div style=' margin-top:5px; margin-bottom:30px;'  class='hr hr-custom hr-center hr-icon-yes  '><span class='hr-inner   inner-border-av-border-fat' style=' width:50px;' ><span class='hr-inner-style'><\/span><\/span><span class='av-seperator-icon' style='color:#a8a8a8;' aria-hidden='true' data-av_icon='\ue855' data-av_iconfont='entypo-fontello'><\/span><span class='hr-inner   inner-border-av-border-fat' style=' width:50px;' ><span class='hr-inner-style'><\/span><\/span><\/div><\/p><\/div><div class=\"flex_column av_one_third  flex_column_div av-zero-column-padding   \" style='border-radius:0px; '><p><div class='avia-image-container  av-styling-    avia-align-center '  itemprop=\"ImageObject\" itemscope=\"itemscope\" itemtype=\"https:\/\/schema.org\/ImageObject\"  ><div class='avia-image-container-inner'><a href='http:\/\/fimaks.com\/en\/slurry-tankers\/fimaks-slurry-tanker-8000-lt-fst-8000\/' class='avia_image'  ><img class='avia_image ' src='https:\/\/fimaks.com\/wp-content\/uploads\/2017\/10\/SIVI-G\u00dcBRE-TANKI-8-TON.jpg' alt='' title='SIVI-G\u00dcBRE-TANKI-8-TON'  itemprop=\"thumbnailUrl\"  \/><\/a><\/div><\/div><br \/>\n<section class=\"av_textblock_section \"  itemscope=\"itemscope\" itemtype=\"https:\/\/schema.org\/CreativeWork\" ><div class='avia_textblock  av_inherit_color '  style='color:#4f4f4f; '  itemprop=\"text\" ><h5 style=\"text-align: center;\">8.000 lt<br \/>\nSLURRY TANKER<br \/>\nFST 8000<\/h5>\n<\/div><\/section><br \/>\n<div style=' margin-top:5px; margin-bottom:30px;'  class='hr hr-custom hr-center hr-icon-yes  '><span class='hr-inner   inner-border-av-border-fat' style=' width:50px;' ><span class='hr-inner-style'><\/span><\/span><span class='av-seperator-icon' style='color:#a8a8a8;' aria-hidden='true' data-av_icon='\ue855' data-av_iconfont='entypo-fontello'><\/span><span class='hr-inner   inner-border-av-border-fat' style=' width:50px;' ><span class='hr-inner-style'><\/span><\/span><\/div><\/p><\/div><div class=\"flex_column av_one_third  flex_column_div av-zero-column-padding first  \" style='border-radius:0px; '><p><div class='avia-image-container  av-styling-    avia-align-center '  itemprop=\"ImageObject\" itemscope=\"itemscope\" itemtype=\"https:\/\/schema.org\/ImageObject\"  ><div class='avia-image-container-inner'><a href='http:\/\/fimaks.com\/en\/slurry-tankers\/fimaks-slurry-tanker-10-000-lt-fst-10000\/' class='avia_image'  ><img class='avia_image ' src='https:\/\/fimaks.com\/wp-content\/uploads\/2017\/10\/SIVI-G\u00dcBRE-TANKI-10-TON.jpg' alt='' title='SIVI-G\u00dcBRE-TANKI-10-TON'  itemprop=\"thumbnailUrl\"  \/><\/a><\/div><\/div><br \/>\n<section class=\"av_textblock_section \"  itemscope=\"itemscope\" itemtype=\"https:\/\/schema.org\/CreativeWork\" ><div class='avia_textblock  av_inherit_color '  style='color:#4f4f4f; '  itemprop=\"text\" ><h5 style=\"text-align: center;\">10.000 lt<br \/>\nSLURRY TANKER<br \/>\nFST 10000<\/h5>\n<\/div><\/section><br \/>\n<div style=' margin-top:5px; margin-bottom:30px;'  class='hr hr-custom hr-center hr-icon-yes  '><span class='hr-inner   inner-border-av-border-fat' style=' width:50px;' ><span class='hr-inner-style'><\/span><\/span><span class='av-seperator-icon' style='color:#a8a8a8;' aria-hidden='true' data-av_icon='\ue855' data-av_iconfont='entypo-fontello'><\/span><span class='hr-inner   inner-border-av-border-fat' style=' width:50px;' ><span class='hr-inner-style'><\/span><\/span><\/div><\/p><\/div><div class=\"flex_column av_one_third  flex_column_div av-zero-column-padding   \" style='border-radius:0px; '><p><div class='avia-image-container  av-styling-    avia-align-center '  itemprop=\"ImageObject\" itemscope=\"itemscope\" itemtype=\"https:\/\/schema.org\/ImageObject\"  ><div class='avia-image-container-inner'><a href='http:\/\/fimaks.com\/en\/slurry-tankers\/sivi-gubre-tanki-12000-lt\/' class='avia_image'  ><img class='avia_image ' src='https:\/\/fimaks.com\/wp-content\/uploads\/2022\/03\/DSC_0120.jpg' alt='' title='DSC_0120'  itemprop=\"thumbnailUrl\"  \/><\/a><\/div><\/div><br \/>\n<section class=\"av_textblock_section \"  itemscope=\"itemscope\" itemtype=\"https:\/\/schema.org\/CreativeWork\" ><div class='avia_textblock  av_inherit_color '  style='color:#4f4f4f; '  itemprop=\"text\" ><h5 style=\"text-align: center;\">12.000 lt<br \/>\nSLURRY TANKER<br \/>\nFST 12000<\/h5>\n<\/div><\/section><br \/>\n<div style=' margin-top:5px; margin-bottom:30px;'  class='hr hr-custom hr-center hr-icon-yes  '><span class='hr-inner   inner-border-av-border-fat' style=' width:50px;' ><span class='hr-inner-style'><\/span><\/span><span class='av-seperator-icon' style='color:#a8a8a8;' aria-hidden='true' data-av_icon='\ue855' data-av_iconfont='entypo-fontello'><\/span><span class='hr-inner   inner-border-av-border-fat' style=' width:50px;' ><span class='hr-inner-style'><\/span><\/span><\/div><\/p><\/div><div class=\"flex_column av_one_third  flex_column_div av-zero-column-padding   \" style='border-radius:0px; '><p><div class='avia-image-container  av-styling-    avia-align-center '  itemprop=\"ImageObject\" itemscope=\"itemscope\" itemtype=\"https:\/\/schema.org\/ImageObject\"  ><div class='avia-image-container-inner'><a href='https:\/\/fimaks.com\/sivi-gubre-tanklari\/sivi-gubre-tanki-15000-lt\/' class='avia_image'  ><img class='avia_image ' src='https:\/\/fimaks.com\/wp-content\/uploads\/2022\/03\/Basliksiz-1.jpg' alt='' title='Ba\u015fl\u0131ks\u0131z-1'  itemprop=\"thumbnailUrl\"  \/><\/a><\/div><\/div><br \/>\n<section class=\"av_textblock_section \"  itemscope=\"itemscope\" itemtype=\"https:\/\/schema.org\/CreativeWork\" ><div class='avia_textblock  av_inherit_color '  style='color:#4f4f4f; '  itemprop=\"text\" ><h5 style=\"text-align: center;\">15.000 lt<br \/>\nSLURRY TANKER<br \/>\nFST 15000<\/h5>\n<\/div><\/section><br \/>\n<div style=' margin-top:5px; margin-bottom:30px;'  class='hr hr-custom hr-center hr-icon-yes  '><span class='hr-inner   inner-border-av-border-fat' style=' width:50px;' ><span class='hr-inner-style'><\/span><\/span><span class='av-seperator-icon' style='color:#a8a8a8;' aria-hidden='true' data-av_icon='\ue855' data-av_iconfont='entypo-fontello'><\/span><span class='hr-inner   inner-border-av-border-fat' style=' width:50px;' ><span class='hr-inner-style'><\/span><\/span><\/div><\/p><\/div><div class=\"flex_column av_one_third  flex_column_div av-zero-column-padding first  \" style='border-radius:0px; '><p><div class='avia-image-container  av-styling-    avia-align-center '  itemprop=\"ImageObject\" itemscope=\"itemscope\" itemtype=\"https:\/\/schema.org\/ImageObject\"  ><div class='avia-image-container-inner'><a href='http:\/\/fimaks.com\/en\/slurry-tankers\/fimaks-slurry-tanker-20-000-lt-fst-20000\/' class='avia_image'  ><img class='avia_image ' src='https:\/\/fimaks.com\/wp-content\/uploads\/2017\/10\/SIVI-G\u00dcBRE-TANKI-20-TON.jpg' alt='' title='SIVI-G\u00dcBRE-TANKI-20-TON'  itemprop=\"thumbnailUrl\"  \/><\/a><\/div><\/div><br \/>\n<section class=\"av_textblock_section \"  itemscope=\"itemscope\" itemtype=\"https:\/\/schema.org\/CreativeWork\" ><div class='avia_textblock  av_inherit_color '  style='color:#4f4f4f; '  itemprop=\"text\" ><h5 style=\"text-align: center;\">20.000 lt<br \/>\nSLURRY TANKER<br \/>\nFST 20000<\/h5>\n<\/div><\/section><br \/>\n<div style=' margin-top:5px; margin-bottom:30px;'  class='hr hr-custom hr-center hr-icon-yes  '><span class='hr-inner   inner-border-av-border-fat' style=' width:50px;' ><span class='hr-inner-style'><\/span><\/span><span class='av-seperator-icon' style='color:#a8a8a8;' aria-hidden='true' data-av_icon='\ue855' data-av_iconfont='entypo-fontello'><\/span><span class='hr-inner   inner-border-av-border-fat' style=' width:50px;' ><span class='hr-inner-style'><\/span><\/span><\/div><\/p><\/div><\/div><\/div><\/div><!-- close content main div --><\/div><\/div><div id='after_section_1' class='main_color av_default_container_wrap container_wrap sidebar_right'   ><div class='container' ><div class='template-page content  av-content-small alpha units'><div class='post-entry post-entry-type-page post-entry-6458'><div class='entry-content-wrapper clearfix'><div class='av-hotspot-image-container avia_animate_when_almost_visible   av-hotspot-numbered av-mobile-fallback-active    av-non-fullwidth-hotspot-image '  itemprop=\"ImageObject\" itemscope=\"itemscope\" itemtype=\"https:\/\/schema.org\/ImageObject\"  ><div class='av-hotspot-container'><div class='av-hotspot-container-inner-cell'><div class='av-hotspot-container-inner-wrap'><img class='avia_image ' src='https:\/\/fimaks.com\/wp-content\/uploads\/2013\/04\/Untitled-4.jpg' alt='' title='Untitled-4'   itemprop=\"thumbnailUrl\"  \/><\/div><\/div><\/div><\/div><\/p>\n","protected":false},"excerpt":{"rendered":"","protected":false},"author":1,"featured_media":0,"parent":0,"menu_order":0,"comment_status":"closed","ping_status":"closed","template":"","meta":{"_exactmetrics_skip_tracking":false,"_exactmetrics_sitenote_active":false,"_exactmetrics_sitenote_note":"","_exactmetrics_sitenote_category":0,"footnotes":""},"yst_prominent_words":[],"class_list":["post-6458","page","type-page","status-publish","hentry"],"_links":{"self":[{"href":"https:\/\/fimaks.com\/en\/wp-json\/wp\/v2\/pages\/6458","targetHints":{"allow":["GET"]}}],"collection":[{"href":"https:\/\/fimaks.com\/en\/wp-json\/wp\/v2\/pages"}],"about":[{"href":"https:\/\/fimaks.com\/en\/wp-json\/wp\/v2\/types\/page"}],"author":[{"embeddable":true,"href":"https:\/\/fimaks.com\/en\/wp-json\/wp\/v2\/users\/1"}],"replies":[{"embeddable":true,"href":"https:\/\/fimaks.com\/en\/wp-json\/wp\/v2\/comments?post=6458"}],"version-history":[{"count":17,"href":"https:\/\/fimaks.com\/en\/wp-json\/wp\/v2\/pages\/6458\/revisions"}],"predecessor-version":[{"id":26089,"href":"https:\/\/fimaks.com\/en\/wp-json\/wp\/v2\/pages\/6458\/revisions\/26089"}],"wp:attachment":[{"href":"https:\/\/fimaks.com\/en\/wp-json\/wp\/v2\/media?parent=6458"}],"wp:term":[{"taxonomy":"yst_prominent_words","embeddable":true,"href":"https:\/\/fimaks.com\/en\/wp-json\/wp\/v2\/yst_prominent_words?post=6458"}],"curies":[{"name":"wp","href":"https:\/\/api.w.org\/{rel}","templated":true}]}}