{"id":7574,"date":"2018-03-14T17:39:39","date_gmt":"2018-03-14T14:39:39","guid":{"rendered":"http:\/\/fimaks.com\/product-range\/"},"modified":"2022-06-21T10:51:45","modified_gmt":"2022-06-21T07:51:45","slug":"product-range","status":"publish","type":"page","link":"https:\/\/fimaks.com\/en\/product-range\/","title":{"rendered":"PRODUCT RANGE"},"content":{"rendered":"<div class='av-hotspot-image-container avia_animate_when_almost_visible   av-hotspot-numbered av-mobile-fallback-active    av-non-fullwidth-hotspot-image '  itemprop=\"ImageObject\" itemscope=\"itemscope\" itemtype=\"https:\/\/schema.org\/ImageObject\"  ><div class='av-hotspot-container'><div class='av-hotspot-container-inner-cell'><div class='av-hotspot-container-inner-wrap'><img class='avia_image ' src='https:\/\/fimaks.com\/wp-content\/uploads\/2018\/02\/Fimaks-Makineler-Fimaks-\u00dcr\u00fcnleri-Tamam\u0131.png' alt='Fimaks-Makineler-Fimaks-\u00dcr\u00fcnleri-Tamam\u0131' title='Fimaks-Makineler-Fimaks-\u00dcr\u00fcnleri-Tamam\u0131'   itemprop=\"thumbnailUrl\"  \/><\/div><\/div><\/div><\/div>\n<\/div><\/div><\/div><!-- close content main div --><\/div><\/div><div id='av_section_1' class='avia-section main_color avia-section-default avia-no-shadow avia-bg-style-scroll   container_wrap sidebar_right'   ><div class='container' ><div class='template-page content  av-content-small alpha units'><div class='post-entry post-entry-type-page post-entry-7574'><div class='entry-content-wrapper clearfix'>\n<div class=\"flex_column av_one_third  flex_column_div av-zero-column-padding first  \" style='border-radius:0px; '><p><div class='avia-image-container  av-styling-    avia-align-center '  itemprop=\"ImageObject\" itemscope=\"itemscope\" itemtype=\"https:\/\/schema.org\/ImageObject\"  ><div class='avia-image-container-inner'><a href='http:\/\/fimaks.com\/en\/maize-choppers\/' class='avia_image'  ><img class='avia_image ' src='https:\/\/fimaks.com\/wp-content\/uploads\/2017\/10\/M\u0131s\u0131r-Silaj\u0131.jpg' alt='' title='M\u0131s\u0131r-Silaj\u0131'  itemprop=\"thumbnailUrl\"  \/><\/a><\/div><\/div><br \/>\n<div style='text-align:left; ' class='av-rotator-container av-rotation-container-left  ' data-interval='3' data-animation='0'><h3 class='av-rotator-container-inner '>MAIZE CHOPPERS<span class='av-rotator-text av-rotator-multiline-off '>\n<span style='color:#a81010; ' class='av-rotator-text-single av-rotator-text-single-1'>SINGLE ROW V-BELT DRIVEN<\/span>\n<span style='color:#a81010; ' class='av-rotator-text-single av-rotator-text-single-2'>SINGLE ROW GEARBOX DRIVEN<\/span>\n<span style='color:#a81010; ' class='av-rotator-text-single av-rotator-text-single-3'>ROW INDEPENDENT 2 ROWS<\/span>\n<span style='color:#a81010; ' class='av-rotator-text-single av-rotator-text-single-4'>ROW INDEPENDENT 3 ROWS<\/span>\n<\/span><\/h3><\/div><\/p><\/div><div class=\"flex_column av_one_third  flex_column_div av-zero-column-padding   \" style='border-radius:0px; '><p><div class='avia-image-container  av-styling-    avia-align-center '  itemprop=\"ImageObject\" itemscope=\"itemscope\" itemtype=\"https:\/\/schema.org\/ImageObject\"  ><div class='avia-image-container-inner'><a href='http:\/\/fimaks.com\/en\/forage-harvesters\/' class='avia_image'  ><img class='avia_image ' src='https:\/\/fimaks.com\/wp-content\/uploads\/2017\/10\/Ot-Silaj\u0131.jpg' alt='' title='Ot-Silaj\u0131'  itemprop=\"thumbnailUrl\"  \/><\/a><\/div><\/div><br \/>\n<div style='text-align:left; ' class='av-rotator-container av-rotation-container-left  ' data-interval='3' data-animation='0'><h3 class='av-rotator-container-inner '>FORAGE HARVESTERS<span class='av-rotator-text av-rotator-multiline-off '>\n<span style='color:#a81010; ' class='av-rotator-text-single av-rotator-text-single-1'>1.3 METERS<\/span>\n<span style='color:#a81010; ' class='av-rotator-text-single av-rotator-text-single-2'>1.5 METERS<\/span>\n<span style='color:#a81010; ' class='av-rotator-text-single av-rotator-text-single-3'>DOUBLE CHOP 1500<\/span>\n<span style='color:#a81010; ' class='av-rotator-text-single av-rotator-text-single-4'>DOUBLE CHOP 2100<\/span>\n<\/span><\/h3><\/div><\/p><\/div><div class=\"flex_column av_one_third  flex_column_div av-zero-column-padding   \" style='border-radius:0px; '><p><div class='avia-image-container  av-styling-    avia-align-center '  itemprop=\"ImageObject\" itemscope=\"itemscope\" itemtype=\"https:\/\/schema.org\/ImageObject\"  ><div class='avia-image-container-inner'><a href='http:\/\/fimaks.com\/en\/mixer-feeders\/' class='avia_image'  ><img class='avia_image ' src='https:\/\/fimaks.com\/wp-content\/uploads\/2017\/10\/Yem-Karma.jpg' alt='' title='Yem-Karma'  itemprop=\"thumbnailUrl\"  \/><\/a><\/div><\/div><br \/>\n<div style='text-align:left; ' class='av-rotator-container av-rotation-container-left  ' data-interval='3' data-animation='0'><h3 class='av-rotator-container-inner '>MIXER FEEDERS<span class='av-rotator-text av-rotator-multiline-off '>\n<span style='color:#a81010; ' class='av-rotator-text-single av-rotator-text-single-1'>ECO SERIES<\/span>\n<span style='color:#a81010; ' class='av-rotator-text-single av-rotator-text-single-2'>HORIZONTAL MODELS<\/span>\n<span style='color:#a81010; ' class='av-rotator-text-single av-rotator-text-single-3'>VERTICAL MODELS<\/span>\n<span style='color:#a81010; ' class='av-rotator-text-single av-rotator-text-single-4'>STATIONARY MODELS<\/span>\n<span style='color:#a81010; ' class='av-rotator-text-single av-rotator-text-single-5'>SELF PROPELLED MODELS<\/span>\n<\/span><\/h3><\/div><\/p><\/div><div class=\"flex_column av_one_third  flex_column_div av-zero-column-padding first  \" style='border-radius:0px; '><p><div class='avia-image-container  av-styling-    avia-align-center '  itemprop=\"ImageObject\" itemscope=\"itemscope\" itemtype=\"https:\/\/schema.org\/ImageObject\"  ><div class='avia-image-container-inner'><a href='http:\/\/fimaks.com\/en\/manure-spreader\/' class='avia_image'  ><img class='avia_image ' src='https:\/\/fimaks.com\/wp-content\/uploads\/2018\/03\/G\u00dcBRE-DA\u011eITIM-R\u00d6MORKLARI.jpg' alt='' title='G\u00dcBRE DA\u011eITIM R\u00d6MORKLARI'  itemprop=\"thumbnailUrl\"  \/><\/a><\/div><\/div><br \/>\n<div style='text-align:left; ' class='av-rotator-container av-rotation-container-left  ' data-interval='3' data-animation='0'><h3 class='av-rotator-container-inner '>MANURE SPREADERS<span class='av-rotator-text av-rotator-multiline-off '>\n<span style='color:#a81010; ' class='av-rotator-text-single av-rotator-text-single-1'>5 TONS SPREADER<\/span>\n<span style='color:#a81010; ' class='av-rotator-text-single av-rotator-text-single-2'>10 TONS SPREADER<\/span>\n<span style='color:#a81010; ' class='av-rotator-text-single av-rotator-text-single-3'>18 TONS SPREADER<\/span>\n<span style='color:#a81010; ' class='av-rotator-text-single av-rotator-text-single-4'>25 TONS SPREADER<\/span>\n<span style='color:#a81010; ' class='av-rotator-text-single av-rotator-text-single-5'>4 TONS GARDEN TYPE<\/span>\n<\/span><\/h3><\/div><\/p><\/div><div class=\"flex_column av_one_third  flex_column_div av-zero-column-padding   \" style='border-radius:0px; '><p><div class='avia-image-container  av-styling-    avia-align-center '  itemprop=\"ImageObject\" itemscope=\"itemscope\" itemtype=\"https:\/\/schema.org\/ImageObject\"  ><div class='avia-image-container-inner'><a href='http:\/\/fimaks.com\/en\/slurry-tankers\/' class='avia_image'  ><img class='avia_image ' src='https:\/\/fimaks.com\/wp-content\/uploads\/2017\/10\/S\u0131v\u0131-G\u00fcbre-Yayma-1.jpg' alt='' title='S\u0131v\u0131-G\u00fcbre-Yayma'  itemprop=\"thumbnailUrl\"  \/><\/a><\/div><\/div><br \/>\n<div style='text-align:left; ' class='av-rotator-container av-rotation-container-left  ' data-interval='3' data-animation='0'><h3 class='av-rotator-container-inner '>SLURRY TANKERS<span class='av-rotator-text av-rotator-multiline-off '>\n<span style='color:#a81010; ' class='av-rotator-text-single av-rotator-text-single-1'>3000 LT SPREADER<\/span>\n<span style='color:#a81010; ' class='av-rotator-text-single av-rotator-text-single-2'>6000 LT SPREADER<\/span>\n<span style='color:#a81010; ' class='av-rotator-text-single av-rotator-text-single-3'>8000 LT SPREADER<\/span>\n<span style='color:#a81010; ' class='av-rotator-text-single av-rotator-text-single-4'>10000 LT SPREADER<\/span>\n<span style='color:#a81010; ' class='av-rotator-text-single av-rotator-text-single-5'>12000 LT SPREADER<\/span>\n<span style='color:#a81010; ' class='av-rotator-text-single av-rotator-text-single-6'>15000 LT SPREADER<\/span>\n<span style='color:#a81010; ' class='av-rotator-text-single av-rotator-text-single-7'>20000 LT SPREADER<\/span>\n<\/span><\/h3><\/div><\/p><\/div><div class=\"flex_column av_one_third  flex_column_div av-zero-column-padding   \" style='border-radius:0px; '><p><div class='avia-image-container  av-styling-    avia-align-center '  itemprop=\"ImageObject\" itemscope=\"itemscope\" itemtype=\"https:\/\/schema.org\/ImageObject\"  ><div class='avia-image-container-inner'><a href='http:\/\/fimaksloader.com' class='avia_image'   target=\"_blank\" ><img class='avia_image ' src='https:\/\/fimaks.com\/wp-content\/uploads\/2017\/10\/Loder-Y\u00fckleyici.jpg' alt='' title='Loder-Y\u00fckleyici'  itemprop=\"thumbnailUrl\"  \/><\/a><\/div><\/div><br \/>\n<div style='text-align:left; ' class='av-rotator-container av-rotation-container-left  ' data-interval='3' data-animation='0'><h3 class='av-rotator-container-inner '>WHEEL LOADERS<span class='av-rotator-text av-rotator-multiline-off '>\n<span style='color:#a81010; ' class='av-rotator-text-single av-rotator-text-single-1'>30 HP | STANDARD<\/span>\n<span style='color:#a81010; ' class='av-rotator-text-single av-rotator-text-single-2'>50 HP | STANDARD<\/span>\n<span style='color:#a81010; ' class='av-rotator-text-single av-rotator-text-single-3'>50 HP | TELESCOPIC<\/span>\n<span style='color:#a81010; ' class='av-rotator-text-single av-rotator-text-single-4'>60 HP | STANDARD<\/span>\n<span style='color:#a81010; ' class='av-rotator-text-single av-rotator-text-single-5'>60 HP | TELESCOPIC<\/span>\n<\/span><\/h3><\/div><\/p><\/div><div class=\"flex_column av_one_third  flex_column_div av-zero-column-padding first  \" style='border-radius:0px; '><p><div class='avia-image-container  av-styling-    avia-align-center '  itemprop=\"ImageObject\" itemscope=\"itemscope\" itemtype=\"https:\/\/schema.org\/ImageObject\"  ><div class='avia-image-container-inner'><a href='http:\/\/fimaks.com\/en\/disc-mowers\/' class='avia_image'  ><img class='avia_image ' src='https:\/\/fimaks.com\/wp-content\/uploads\/2017\/10\/Diskli-\u00c7ay\u0131r-Ot-Bi\u00e7me.jpg' alt='' title='Diskli-\u00c7ay\u0131r-Ot-Bi\u00e7me'  itemprop=\"thumbnailUrl\"  \/><\/a><\/div><\/div><br \/>\n<div style='text-align:left; ' class='av-rotator-container av-rotation-container-left  ' data-interval='3' data-animation='0'><h3 class='av-rotator-container-inner '>DISC MOWERS<span class='av-rotator-text av-rotator-multiline-off '>\n<span style='color:#a81010; ' class='av-rotator-text-single av-rotator-text-single-1'>5 DISCS<\/span>\n<span style='color:#a81010; ' class='av-rotator-text-single av-rotator-text-single-2'>5 DISCS WITH CONDITIONER<\/span>\n<span style='color:#a81010; ' class='av-rotator-text-single av-rotator-text-single-3'>6 DISCS<\/span>\n<span style='color:#a81010; ' class='av-rotator-text-single av-rotator-text-single-4'>6 DISCS WITH CONDITIONER<\/span>\n<span style='color:#a81010; ' class='av-rotator-text-single av-rotator-text-single-5'>7 DISCS WITH CONDITIONER<\/span>\n<span style='color:#a81010; ' class='av-rotator-text-single av-rotator-text-single-6'>8 DISCS WITH CONDITIONER<\/span>\n<\/span><\/h3><\/div><\/p><\/div><div class=\"flex_column av_one_third  flex_column_div av-zero-column-padding   \" style='border-radius:0px; '><p><div class='avia-image-container  av-styling-    avia-align-center '  itemprop=\"ImageObject\" itemscope=\"itemscope\" itemtype=\"https:\/\/schema.org\/ImageObject\"  ><div class='avia-image-container-inner'><a href='http:\/\/fimaks.com\/en\/rotary-rakes\/' class='avia_image'  ><img class='avia_image ' src='https:\/\/fimaks.com\/wp-content\/uploads\/2018\/03\/NAMLU-YAPMA-MAK\u0130NELER\u0130-HEL\u0130KOPTERLER.jpg' alt='' title='NAMLU-YAPMA-MAK\u0130NELER\u0130-HEL\u0130KOPTERLER'  itemprop=\"thumbnailUrl\"  \/><\/a><\/div><\/div><br \/>\n<div style='text-align:left; ' class='av-rotator-container av-rotation-container-left  ' data-interval='3' data-animation='0'><h3 class='av-rotator-container-inner '>ROTARY RAKES<span class='av-rotator-text av-rotator-multiline-off '>\n<span style='color:#a81010; ' class='av-rotator-text-single av-rotator-text-single-1'>9 ARMS | 3.3 MT<\/span>\n<span style='color:#a81010; ' class='av-rotator-text-single av-rotator-text-single-2'>11 ARMS | 4 MT<\/span>\n<span style='color:#a81010; ' class='av-rotator-text-single av-rotator-text-single-3'>22 ARMS | 6.4 MT<\/span>\n<\/span><\/h3><\/div><\/p><\/div><div class=\"flex_column av_one_third  flex_column_div av-zero-column-padding   \" style='border-radius:0px; '><p><div class='avia-image-container  av-styling-    avia-align-center '  itemprop=\"ImageObject\" itemscope=\"itemscope\" itemtype=\"https:\/\/schema.org\/ImageObject\"  ><div class='avia-image-container-inner'><a href='http:\/\/fimaks.com\/en\/baling-and-wrapping\/' class='avia_image'  ><img class='avia_image ' src='https:\/\/fimaks.com\/wp-content\/uploads\/2022\/06\/Basliksiz-1.jpg' alt='' title='Ba\u015fl\u0131ks\u0131z-1'  itemprop=\"thumbnailUrl\"  \/><\/a><\/div><\/div><br \/>\n<div style='text-align:left; ' class='av-rotator-container av-rotation-container-left  ' data-interval='3' data-animation='0'><h3 class='av-rotator-container-inner '>BALING AND WRAPPING<span class='av-rotator-text av-rotator-multiline-off '>\n<span style='color:#a81010; ' class='av-rotator-text-single av-rotator-text-single-1'>ROUND BALERS<\/span>\n<span style='color:#a81010; ' class='av-rotator-text-single av-rotator-text-single-2'>BALE WRAPPERS<\/span>\n<span style='color:#b02b2c; ' class='av-rotator-text-single av-rotator-text-single-3'>SQUARE BALER MODELS<\/span>\n<\/span><\/h3><\/div><\/p><\/div><\/div><\/div><\/div><!-- close content main div --><\/div><\/div><div id='after_section_1' class='main_color av_default_container_wrap container_wrap sidebar_right'   ><div class='container' ><div class='template-page content  av-content-small alpha units'><div class='post-entry post-entry-type-page post-entry-7574'><div class='entry-content-wrapper clearfix'><div class='av-hotspot-image-container avia_animate_when_almost_visible   av-hotspot-numbered av-mobile-fallback-active    av-non-fullwidth-hotspot-image '  itemprop=\"ImageObject\" itemscope=\"itemscope\" itemtype=\"https:\/\/schema.org\/ImageObject\"  ><div class='av-hotspot-container'><div class='av-hotspot-container-inner-cell'><div class='av-hotspot-container-inner-wrap'><img class='avia_image ' src='https:\/\/fimaks.com\/wp-content\/uploads\/2013\/04\/Untitled-4.jpg' alt='' title='Untitled-4'   itemprop=\"thumbnailUrl\"  \/><\/div><\/div><\/div><\/div><\/p>\n","protected":false},"excerpt":{"rendered":"","protected":false},"author":1,"featured_media":0,"parent":0,"menu_order":0,"comment_status":"closed","ping_status":"closed","template":"","meta":{"_exactmetrics_skip_tracking":false,"_exactmetrics_sitenote_active":false,"_exactmetrics_sitenote_note":"","_exactmetrics_sitenote_category":0,"footnotes":""},"yst_prominent_words":[],"class_list":["post-7574","page","type-page","status-publish","hentry"],"_links":{"self":[{"href":"https:\/\/fimaks.com\/en\/wp-json\/wp\/v2\/pages\/7574","targetHints":{"allow":["GET"]}}],"collection":[{"href":"https:\/\/fimaks.com\/en\/wp-json\/wp\/v2\/pages"}],"about":[{"href":"https:\/\/fimaks.com\/en\/wp-json\/wp\/v2\/types\/page"}],"author":[{"embeddable":true,"href":"https:\/\/fimaks.com\/en\/wp-json\/wp\/v2\/users\/1"}],"replies":[{"embeddable":true,"href":"https:\/\/fimaks.com\/en\/wp-json\/wp\/v2\/comments?post=7574"}],"version-history":[{"count":69,"href":"https:\/\/fimaks.com\/en\/wp-json\/wp\/v2\/pages\/7574\/revisions"}],"predecessor-version":[{"id":26265,"href":"https:\/\/fimaks.com\/en\/wp-json\/wp\/v2\/pages\/7574\/revisions\/26265"}],"wp:attachment":[{"href":"https:\/\/fimaks.com\/en\/wp-json\/wp\/v2\/media?parent=7574"}],"wp:term":[{"taxonomy":"yst_prominent_words","embeddable":true,"href":"https:\/\/fimaks.com\/en\/wp-json\/wp\/v2\/yst_prominent_words?post=7574"}],"curies":[{"name":"wp","href":"https:\/\/api.w.org\/{rel}","templated":true}]}}