{"id":7653,"date":"2018-03-15T11:03:26","date_gmt":"2018-03-15T08:03:26","guid":{"rendered":"http:\/\/fimaks.com\/event-calendar\/"},"modified":"2025-06-26T11:43:37","modified_gmt":"2025-06-26T08:43:37","slug":"event-calendar","status":"publish","type":"page","link":"https:\/\/fimaks.com\/en\/event-calendar\/","title":{"rendered":"EVENT CALENDAR"},"content":{"rendered":"<div class='av-hotspot-image-container avia_animate_when_almost_visible   av-hotspot-numbered av-mobile-fallback-active    av-non-fullwidth-hotspot-image '  itemprop=\"ImageObject\" itemscope=\"itemscope\" itemtype=\"https:\/\/schema.org\/ImageObject\"  ><div class='av-hotspot-container'><div class='av-hotspot-container-inner-cell'><div class='av-hotspot-container-inner-wrap'><img class='avia_image ' src='https:\/\/fimaks.com\/wp-content\/uploads\/2018\/03\/F\u0130MAKS-FUAR-TAKV\u0130M\u0130-2.jpg' alt='F\u0130MAKS-FUAR-TAKV\u0130M\u0130' title='F\u0130MAKS-FUAR-TAKV\u0130M\u0130'   itemprop=\"thumbnailUrl\"  \/><\/div><\/div><\/div><\/div>\n<div class=\"flex_column av_one_half  flex_column_div av-zero-column-padding first  \" style='border-radius:0px; '><section class=\"av_textblock_section \"  itemscope=\"itemscope\" itemtype=\"https:\/\/schema.org\/CreativeWork\" ><div class='avia_textblock  '   itemprop=\"text\" ><table class=\"avia-table avia-data-table avia-table-1 avia-builder-el-12 el_after_av_hr el_before_av_hr avia_pricing_default \" style=\"height: 420px;\" width=\"910\">\n<tbody>\n<tr class=\"\">\n<td class=\"\" style=\"text-align: center;\"><strong>FAIR \/ EVENT NAME<\/strong><\/td>\n<td class=\"\" style=\"text-align: center;\"><strong>DATE<\/strong><\/td>\n<\/tr>\n<tr class=\"\">\n<td class=\"\">Agritechnica Asia (Vietnam)<\/td>\n<td class=\"\">12-14 March 2025<\/td>\n<\/tr>\n<tr class=\"\">\n<td class=\"\">Konya Agriculture Fair (Konya,TURKEY)<\/td>\n<td class=\"\">8-12 April 2025<\/td>\n<\/tr>\n<tr class=\"\">\n<td class=\"\">GFS Farm Meetings \u2013 Feyz Farm Event (Main Sponsorship)<\/td>\n<td class=\"\">16 April 2025<\/td>\n<\/tr>\n<tr class=\"\">\n<td class=\"\">Caspian Agro Agriculture Fair (Baku \/ Azerbaycan)<\/td>\n<td class=\"\">13-16 May 2025<\/td>\n<\/tr>\n<tr class=\"\">\n<td class=\"\">Carieer Summit \u2013 Uludag University (Bursa,TURKEY)<\/td>\n<td class=\"\">20 May 2025<\/td>\n<\/tr>\n<tr class=\"\">\n<td class=\"\">PSB Anatolia Landscape and Equipment Fair (Sapanca, Sakarya, TURKEY)<\/td>\n<td class=\"\">10-13 September 2025<\/td>\n<\/tr>\n<tr class=\"\">\n<td class=\"\">Sommet de l&#8217;\u00c9levage (Clermont-Ferrand \/ FRANCE)<\/td>\n<td class=\"\">7-10 October 2025<\/td>\n<\/tr>\n<tr class=\"\">\n<td class=\"\">AgriTechnica (Hannover \/ GERMANY)<\/td>\n<td class=\"\">9-15 November 2025<\/td>\n<\/tr>\n<tr class=\"\">\n<td class=\"\">GFS Farm Summit (Orhangazi, Bursa, TURKEY)<\/td>\n<td class=\"\">4-5 December 2025<\/td>\n<\/tr>\n<\/tbody>\n<\/table>\n<\/div><\/section><\/div><div class=\"flex_column av_one_half  flex_column_div av-zero-column-padding   \" style='border-radius:0px; '><p><div class='avia-image-container  av-styling-    avia-align-center '  itemprop=\"ImageObject\" itemscope=\"itemscope\" itemtype=\"https:\/\/schema.org\/ImageObject\"  ><div class='avia-image-container-inner'><img class='avia_image ' src='https:\/\/fimaks.com\/wp-content\/uploads\/2018\/03\/6-1.jpg' alt='' title='FIMAKS FUAR'   itemprop=\"thumbnailUrl\"  \/><\/div><\/div><br \/>\n<div class='avia-image-container  av-styling-    avia-align-center '  itemprop=\"ImageObject\" itemscope=\"itemscope\" itemtype=\"https:\/\/schema.org\/ImageObject\"  ><div class='avia-image-container-inner'><img class='avia_image ' src='https:\/\/fimaks.com\/wp-content\/uploads\/2018\/03\/3-4.jpg' alt='' title='FIMAKS FUAR'   itemprop=\"thumbnailUrl\"  \/><\/div><\/div><br \/>\n<div class='avia-image-container  av-styling-    avia-align-center '  itemprop=\"ImageObject\" itemscope=\"itemscope\" itemtype=\"https:\/\/schema.org\/ImageObject\"  ><div class='avia-image-container-inner'><img class='avia_image ' src='https:\/\/fimaks.com\/wp-content\/uploads\/2018\/03\/2-4.jpg' alt='' title='2'   itemprop=\"thumbnailUrl\"  \/><\/div><\/div><br \/>\n<div class='avia-image-container  av-styling-    avia-align-center '  itemprop=\"ImageObject\" itemscope=\"itemscope\" itemtype=\"https:\/\/schema.org\/ImageObject\"  ><div class='avia-image-container-inner'><img class='avia_image ' src='https:\/\/fimaks.com\/wp-content\/uploads\/2018\/03\/1-4.jpg' alt='' title='FIMAKS FUAR'   itemprop=\"thumbnailUrl\"  \/><\/div><\/div><\/p><\/div><\/p>\n","protected":false},"excerpt":{"rendered":"","protected":false},"author":1,"featured_media":0,"parent":0,"menu_order":0,"comment_status":"closed","ping_status":"closed","template":"","meta":{"_exactmetrics_skip_tracking":false,"_exactmetrics_sitenote_active":false,"_exactmetrics_sitenote_note":"","_exactmetrics_sitenote_category":0,"footnotes":""},"yst_prominent_words":[],"class_list":["post-7653","page","type-page","status-publish","hentry"],"_links":{"self":[{"href":"https:\/\/fimaks.com\/en\/wp-json\/wp\/v2\/pages\/7653","targetHints":{"allow":["GET"]}}],"collection":[{"href":"https:\/\/fimaks.com\/en\/wp-json\/wp\/v2\/pages"}],"about":[{"href":"https:\/\/fimaks.com\/en\/wp-json\/wp\/v2\/types\/page"}],"author":[{"embeddable":true,"href":"https:\/\/fimaks.com\/en\/wp-json\/wp\/v2\/users\/1"}],"replies":[{"embeddable":true,"href":"https:\/\/fimaks.com\/en\/wp-json\/wp\/v2\/comments?post=7653"}],"version-history":[{"count":8,"href":"https:\/\/fimaks.com\/en\/wp-json\/wp\/v2\/pages\/7653\/revisions"}],"predecessor-version":[{"id":26648,"href":"https:\/\/fimaks.com\/en\/wp-json\/wp\/v2\/pages\/7653\/revisions\/26648"}],"wp:attachment":[{"href":"https:\/\/fimaks.com\/en\/wp-json\/wp\/v2\/media?parent=7653"}],"wp:term":[{"taxonomy":"yst_prominent_words","embeddable":true,"href":"https:\/\/fimaks.com\/en\/wp-json\/wp\/v2\/yst_prominent_words?post=7653"}],"curies":[{"name":"wp","href":"https:\/\/api.w.org\/{rel}","templated":true}]}}