{"id":12049,"date":"2018-04-30T20:47:03","date_gmt":"2018-04-30T17:47:03","guid":{"rendered":"http:\/\/fimaks.com\/catalogos\/"},"modified":"2018-06-05T15:51:08","modified_gmt":"2018-06-05T12:51:08","slug":"catalogos","status":"publish","type":"page","link":"https:\/\/fimaks.com\/es\/catalogos\/","title":{"rendered":"CATALOGOS"},"content":{"rendered":"<div class='av-hotspot-image-container avia_animate_when_almost_visible   av-hotspot-numbered av-mobile-fallback-active    av-non-fullwidth-hotspot-image '  itemprop=\"ImageObject\" itemscope=\"itemscope\" itemtype=\"https:\/\/schema.org\/ImageObject\"  ><div class='av-hotspot-container'><div class='av-hotspot-container-inner-cell'><div class='av-hotspot-container-inner-wrap'><img class='avia_image ' src='https:\/\/fimaks.com\/wp-content\/uploads\/2018\/03\/KATALOGLAR.jpg' alt='KATALOGLAR' title='KATALOGLAR'   itemprop=\"thumbnailUrl\"  \/><\/div><\/div><\/div><\/div>\n<div class=\"flex_column av_one_third  flex_column_div av-zero-column-padding first  \" style='border-radius:0px; '><p><div style='padding-bottom:10px;' class='av-special-heading av-special-heading-h5 meta-heading    '><h5 class='av-special-heading-tag '  itemprop=\"headline\"  >MIXERS<\/h5><div class='special-heading-border'><div class='special-heading-inner-border' ><\/div><\/div><\/div><br \/>\n<div class='avia-image-container  av-styling-    avia-align-center '  itemprop=\"ImageObject\" itemscope=\"itemscope\" itemtype=\"https:\/\/schema.org\/ImageObject\"  ><div class='avia-image-container-inner'><a href='http:\/\/fimaks.com\/wp-content\/uploads\/2018\/06\/ESP-TMR-K.pdf' class='avia_image'   target=\"_blank\" ><img class='avia_image ' src='https:\/\/fimaks.com\/wp-content\/uploads\/2018\/03\/YEM-KARMA-KATALO\u011eU.jpg' alt='' title='YEM-KARMA-KATALO\u011eU'  itemprop=\"thumbnailUrl\"  \/><\/a><\/div><\/div><\/p><\/div><div class=\"flex_column av_one_third  flex_column_div av-zero-column-padding   \" style='border-radius:0px; '><p><div style='padding-bottom:10px;' class='av-special-heading av-special-heading-h5 meta-heading    '><h5 class='av-special-heading-tag '  itemprop=\"headline\"  >ENSILADORAS<\/h5><div class='special-heading-border'><div class='special-heading-inner-border' ><\/div><\/div><\/div><br \/>\n<div class='avia-image-container  av-styling-    avia-align-center '  itemprop=\"ImageObject\" itemscope=\"itemscope\" itemtype=\"https:\/\/schema.org\/ImageObject\"  ><div class='avia-image-container-inner'><a href='http:\/\/fimaks.com\/wp-content\/uploads\/2018\/06\/Cosechadoras-Forraje-K.pdf' class='avia_image'   target=\"_blank\" ><img class='avia_image ' src='https:\/\/fimaks.com\/wp-content\/uploads\/2018\/03\/S\u0130LAJ-KATALO\u011eU.jpg' alt='' title='S\u0130LAJ-KATALO\u011eU'  itemprop=\"thumbnailUrl\"  \/><\/a><\/div><\/div><\/p><\/div><div class=\"flex_column av_one_third  flex_column_div av-zero-column-padding   \" style='border-radius:0px; '><p><div style='padding-bottom:10px;' class='av-special-heading av-special-heading-h5 meta-heading    '><h5 class='av-special-heading-tag '  itemprop=\"headline\"  >CARGADOR FRONTAL ARTICULADO<\/h5><div class='special-heading-border'><div class='special-heading-inner-border' ><\/div><\/div><\/div><br \/>\n<div class='avia-image-container  av-styling-    avia-align-center '  itemprop=\"ImageObject\" itemscope=\"itemscope\" itemtype=\"https:\/\/schema.org\/ImageObject\"  ><div class='avia-image-container-inner'><a href='http:\/\/fimaks.com\/wp-content\/uploads\/2018\/06\/Cargador-Frontal-Fimaks-K.pdf' class='avia_image'   target=\"_blank\" ><img class='avia_image ' src='https:\/\/fimaks.com\/wp-content\/uploads\/2018\/03\/LODER-KATALO\u011eU.jpg' alt='' title='LODER-KATALO\u011eU'  itemprop=\"thumbnailUrl\"  \/><\/a><\/div><\/div><\/p><\/div><div class=\"flex_column av_one_third  flex_column_div av-zero-column-padding first  \" style='border-radius:0px; '><p><div style='padding-bottom:10px;' class='av-special-heading av-special-heading-h5 meta-heading    '><h5 class='av-special-heading-tag '  itemprop=\"headline\"  >ESPARCIDORES<\/h5><div class='special-heading-border'><div class='special-heading-inner-border' ><\/div><\/div><\/div><br \/>\n<div class='avia-image-container  av-styling-    avia-align-center '  itemprop=\"ImageObject\" itemscope=\"itemscope\" itemtype=\"https:\/\/schema.org\/ImageObject\"  ><div class='avia-image-container-inner'><a href='http:\/\/fimaks.com\/wp-content\/uploads\/2018\/06\/Esparcidores-y-Cubas-K.pdf' class='avia_image'   target=\"_blank\" ><img class='avia_image ' src='https:\/\/fimaks.com\/wp-content\/uploads\/2018\/03\/G\u00dcBRE-KATALO\u011eU.jpg' alt='' title='G\u00dcBRE-KATALO\u011eU'  itemprop=\"thumbnailUrl\"  \/><\/a><\/div><\/div><\/p><\/div><div class=\"flex_column av_one_third  flex_column_div av-zero-column-padding   \" style='border-radius:0px; '><p><div style='padding-bottom:10px;' class='av-special-heading av-special-heading-h5 meta-heading    '><h5 class='av-special-heading-tag '  itemprop=\"headline\"  >MINICATALOGOS<\/h5><div class='special-heading-border'><div class='special-heading-inner-border' ><\/div><\/div><\/div><br \/>\n<div class='avia-image-container  av-styling-    avia-align-center '  itemprop=\"ImageObject\" itemscope=\"itemscope\" itemtype=\"https:\/\/schema.org\/ImageObject\"  ><div class='avia-image-container-inner'><a href='http:\/\/fimaks.com\/wp-content\/uploads\/2018\/04\/Mini-Katalog.pdf' class='avia_image'   target=\"_blank\" ><img class='avia_image ' src='https:\/\/fimaks.com\/wp-content\/uploads\/2018\/03\/MINI-KATALOG.jpg' alt='' title='MINI-KATALOG'  itemprop=\"thumbnailUrl\"  \/><\/a><\/div><\/div><\/p><\/div><\/p>\n","protected":false},"excerpt":{"rendered":"","protected":false},"author":1,"featured_media":0,"parent":0,"menu_order":0,"comment_status":"closed","ping_status":"closed","template":"","meta":{"_exactmetrics_skip_tracking":false,"_exactmetrics_sitenote_active":false,"_exactmetrics_sitenote_note":"","_exactmetrics_sitenote_category":0,"footnotes":""},"yst_prominent_words":[],"class_list":["post-12049","page","type-page","status-publish","hentry"],"_links":{"self":[{"href":"https:\/\/fimaks.com\/es\/wp-json\/wp\/v2\/pages\/12049","targetHints":{"allow":["GET"]}}],"collection":[{"href":"https:\/\/fimaks.com\/es\/wp-json\/wp\/v2\/pages"}],"about":[{"href":"https:\/\/fimaks.com\/es\/wp-json\/wp\/v2\/types\/page"}],"author":[{"embeddable":true,"href":"https:\/\/fimaks.com\/es\/wp-json\/wp\/v2\/users\/1"}],"replies":[{"embeddable":true,"href":"https:\/\/fimaks.com\/es\/wp-json\/wp\/v2\/comments?post=12049"}],"version-history":[{"count":12,"href":"https:\/\/fimaks.com\/es\/wp-json\/wp\/v2\/pages\/12049\/revisions"}],"predecessor-version":[{"id":16177,"href":"https:\/\/fimaks.com\/es\/wp-json\/wp\/v2\/pages\/12049\/revisions\/16177"}],"wp:attachment":[{"href":"https:\/\/fimaks.com\/es\/wp-json\/wp\/v2\/media?parent=12049"}],"wp:term":[{"taxonomy":"yst_prominent_words","embeddable":true,"href":"https:\/\/fimaks.com\/es\/wp-json\/wp\/v2\/yst_prominent_words?post=12049"}],"curies":[{"name":"wp","href":"https:\/\/api.w.org\/{rel}","templated":true}]}}