{"id":12064,"date":"2018-04-30T21:09:21","date_gmt":"2018-04-30T18:09:21","guid":{"rendered":"http:\/\/fimaks.com\/servicios-posventa\/"},"modified":"2019-01-29T10:24:42","modified_gmt":"2019-01-29T07:24:42","slug":"servicios-posventa","status":"publish","type":"page","link":"https:\/\/fimaks.com\/es\/servicios-posventa\/","title":{"rendered":"SERVICIOS POSVENTA"},"content":{"rendered":"<div class='av-hotspot-image-container avia_animate_when_almost_visible   av-hotspot-numbered av-mobile-fallback-active    av-non-fullwidth-hotspot-image '  itemprop=\"ImageObject\" itemscope=\"itemscope\" itemtype=\"https:\/\/schema.org\/ImageObject\"  ><div class='av-hotspot-container'><div class='av-hotspot-container-inner-cell'><div class='av-hotspot-container-inner-wrap'><img class='avia_image ' src='https:\/\/fimaks.com\/wp-content\/uploads\/2018\/03\/FIMAKS-SERVIS.jpg' alt='FIMAKS-SERVIS' title='FIMAKS-SERVIS'   itemprop=\"thumbnailUrl\"  \/><\/div><\/div><\/div><\/div>\n<div class=\"flex_column av_one_full  flex_column_div av-zero-column-padding first  \" style='border-radius:0px; '><p><div style='padding-bottom:10px;' class='av-special-heading av-special-heading-h3     '><h3 class='av-special-heading-tag '  itemprop=\"headline\"  >PUNTOS DE SERVICIOS LOCALES<\/h3><div class='special-heading-border'><div class='special-heading-inner-border' ><\/div><\/div><\/div><br \/>\n<section class=\"av_textblock_section \"  itemscope=\"itemscope\" itemtype=\"https:\/\/schema.org\/CreativeWork\" ><div class='avia_textblock  '   itemprop=\"text\" ><p>Fimaks tiene puntos de servicio en todo el pa\u00eds. Usted puede ver cada uno de los puntos de servicio en el mapa, a continuaci\u00f3n. Hay, tambi\u00e9n disponibles, centros de servicio m\u00f3viles. Para m\u00e1s informaci\u00f3n, cont\u00e1ctenos o visite cualquier distribuidor local Fimaks.<\/p>\n<\/div><\/section><br \/>\n<div  class='hr hr-default  '><span class='hr-inner ' ><span class='hr-inner-style'><\/span><\/span><\/div><\/p><\/div>\n<div class='av-social-sharing-box  '><div class='av-share-box'><ul class='av-share-box-list noLightbox'><li class='av-share-link av-social-link-facebook' ><a target='_blank' href='http:\/\/www.facebook.com\/sharer.php?u=https:\/\/fimaks.com\/es\/servicios-posventa\/&amp;t=SERVICIOS%20POSVENTA' aria-hidden='true' data-av_icon='\ue8f3' data-av_iconfont='entypo-fontello' title='' data-avia-related-tooltip='Compartir en Facebook'><span class='avia_hidden_link_text'>Compartir en Facebook<\/span><\/a><\/li><li class='av-share-link av-social-link-twitter' ><a target='_blank' href='https:\/\/twitter.com\/share?text=SERVICIOS%20POSVENTA&url=https:\/\/fimaks.com\/es\/?p=12064' aria-hidden='true' data-av_icon='\ue8f1' data-av_iconfont='entypo-fontello' title='' data-avia-related-tooltip='Compartir en Twitter'><span class='avia_hidden_link_text'>Compartir en Twitter<\/span><\/a><\/li><li class='av-share-link av-social-link-gplus' ><a target='_blank' href='https:\/\/plus.google.com\/share?url=https:\/\/fimaks.com\/es\/servicios-posventa\/' aria-hidden='true' data-av_icon='\ue8f6' data-av_iconfont='entypo-fontello' title='' data-avia-related-tooltip='Compartir en Google+'><span class='avia_hidden_link_text'>Compartir en Google+<\/span><\/a><\/li><li class='av-share-link av-social-link-pinterest' ><a target='_blank' href='http:\/\/pinterest.com\/pin\/create\/button\/?url=https%3A%2F%2Ffimaks.com%2Fes%2Fservicios-posventa%2F&amp;description=SERVICIOS%20POSVENTA&amp;media=' aria-hidden='true' data-av_icon='\ue8f8' data-av_iconfont='entypo-fontello' title='' data-avia-related-tooltip='Compartir en Pinterest'><span class='avia_hidden_link_text'>Compartir en Pinterest<\/span><\/a><\/li><li class='av-share-link av-social-link-linkedin' ><a target='_blank' href='http:\/\/linkedin.com\/shareArticle?mini=true&amp;title=SERVICIOS%20POSVENTA&amp;url=https:\/\/fimaks.com\/es\/servicios-posventa\/' aria-hidden='true' data-av_icon='\ue8fc' data-av_iconfont='entypo-fontello' title='' data-avia-related-tooltip='Compartir en Linkedin'><span class='avia_hidden_link_text'>Compartir en Linkedin<\/span><\/a><\/li><li class='av-share-link av-social-link-tumblr' ><a target='_blank' href='http:\/\/www.tumblr.com\/share\/link?url=https%3A%2F%2Ffimaks.com%2Fes%2Fservicios-posventa%2F&amp;name=SERVICIOS%20POSVENTA&amp;description=' aria-hidden='true' data-av_icon='\ue8fa' data-av_iconfont='entypo-fontello' title='' data-avia-related-tooltip='Compartir en Tumblr'><span class='avia_hidden_link_text'>Compartir en Tumblr<\/span><\/a><\/li><li class='av-share-link av-social-link-vk' ><a target='_blank' href='http:\/\/vk.com\/share.php?url=https:\/\/fimaks.com\/es\/servicios-posventa\/' aria-hidden='true' data-av_icon='\ue926' data-av_iconfont='entypo-fontello' title='' data-avia-related-tooltip='Compartir en Vk'><span class='avia_hidden_link_text'>Compartir en Vk<\/span><\/a><\/li><li class='av-share-link av-social-link-reddit' ><a target='_blank' href='http:\/\/reddit.com\/submit?url=https:\/\/fimaks.com\/es\/servicios-posventa\/&amp;title=SERVICIOS%20POSVENTA' aria-hidden='true' data-av_icon='\ue927' data-av_iconfont='entypo-fontello' title='' data-avia-related-tooltip='Compartir en Reddit'><span class='avia_hidden_link_text'>Compartir en Reddit<\/span><\/a><\/li><li class='av-share-link av-social-link-mail' ><a  href='mailto:?subject=SERVICIOS%20POSVENTA&amp;body=https:\/\/fimaks.com\/es\/servicios-posventa\/' aria-hidden='true' data-av_icon='\ue805' data-av_iconfont='entypo-fontello' title='' data-avia-related-tooltip='Compartir por correo'><span class='avia_hidden_link_text'>Compartir por correo<\/span><\/a><\/li><\/ul><\/div><\/div>\n","protected":false},"excerpt":{"rendered":"","protected":false},"author":1,"featured_media":0,"parent":0,"menu_order":0,"comment_status":"closed","ping_status":"closed","template":"","meta":{"_exactmetrics_skip_tracking":false,"_exactmetrics_sitenote_active":false,"_exactmetrics_sitenote_note":"","_exactmetrics_sitenote_category":0,"footnotes":""},"yst_prominent_words":[],"class_list":["post-12064","page","type-page","status-publish","hentry"],"_links":{"self":[{"href":"https:\/\/fimaks.com\/es\/wp-json\/wp\/v2\/pages\/12064","targetHints":{"allow":["GET"]}}],"collection":[{"href":"https:\/\/fimaks.com\/es\/wp-json\/wp\/v2\/pages"}],"about":[{"href":"https:\/\/fimaks.com\/es\/wp-json\/wp\/v2\/types\/page"}],"author":[{"embeddable":true,"href":"https:\/\/fimaks.com\/es\/wp-json\/wp\/v2\/users\/1"}],"replies":[{"embeddable":true,"href":"https:\/\/fimaks.com\/es\/wp-json\/wp\/v2\/comments?post=12064"}],"version-history":[{"count":11,"href":"https:\/\/fimaks.com\/es\/wp-json\/wp\/v2\/pages\/12064\/revisions"}],"predecessor-version":[{"id":16834,"href":"https:\/\/fimaks.com\/es\/wp-json\/wp\/v2\/pages\/12064\/revisions\/16834"}],"wp:attachment":[{"href":"https:\/\/fimaks.com\/es\/wp-json\/wp\/v2\/media?parent=12064"}],"wp:term":[{"taxonomy":"yst_prominent_words","embeddable":true,"href":"https:\/\/fimaks.com\/es\/wp-json\/wp\/v2\/yst_prominent_words?post=12064"}],"curies":[{"name":"wp","href":"https:\/\/api.w.org\/{rel}","templated":true}]}}