{"id":12156,"date":"2018-05-02T18:22:42","date_gmt":"2018-05-02T15:22:42","guid":{"rendered":"http:\/\/fimaks.com\/mixers-estacionarios\/"},"modified":"2021-08-02T12:54:34","modified_gmt":"2021-08-02T09:54:34","slug":"mixers-estacionarios","status":"publish","type":"page","link":"https:\/\/fimaks.com\/es\/mixers\/mixers-estacionarios\/","title":{"rendered":"MIXERS ESTACIONARIOS"},"content":{"rendered":"<div class='av-hotspot-image-container avia_animate_when_almost_visible   av-hotspot-numbered av-mobile-fallback-active    av-non-fullwidth-hotspot-image '  itemprop=\"ImageObject\" itemscope=\"itemscope\" itemtype=\"https:\/\/schema.org\/ImageObject\"  ><div class='av-hotspot-container'><div class='av-hotspot-container-inner-cell'><div class='av-hotspot-container-inner-wrap'><img class='avia_image ' src='https:\/\/fimaks.com\/wp-content\/uploads\/2018\/02\/SAB\u0130T-YEM-KARMA-MAK\u0130NELER\u0130-F\u0130MAKS.jpg' alt='SAB\u0130T-YEM-KARMA-MAK\u0130NELER\u0130-F\u0130MAKS' title='SAB\u0130T-YEM-KARMA-MAK\u0130NELER\u0130-F\u0130MAKS'   itemprop=\"thumbnailUrl\"  \/><\/div><\/div><\/div><\/div>\n<\/div><\/div><\/div><!-- close content main div --><\/div><\/div><div id='av_section_1' class='avia-section main_color avia-section-default avia-no-shadow avia-bg-style-scroll   container_wrap sidebar_right'   ><div class='container' ><div class='template-page content  av-content-small alpha units'><div class='post-entry post-entry-type-page post-entry-12156'><div class='entry-content-wrapper clearfix'>\n<div class=\"flex_column av_one_third  flex_column_div av-zero-column-padding first  \" style='border-radius:0px; '><p><div class='avia-image-container  av-styling-    avia-align-center '  itemprop=\"ImageObject\" itemscope=\"itemscope\" itemtype=\"https:\/\/schema.org\/ImageObject\"  ><div class='avia-image-container-inner'><a href='\/?page_id=18592' class='avia_image'  ><img class='avia_image ' src='https:\/\/fimaks.com\/wp-content\/uploads\/2020\/06\/FMVS-12.jpg' alt='' title='FMVS-12'  itemprop=\"thumbnailUrl\"  \/><\/a><\/div><\/div><br \/>\n<section class=\"av_textblock_section \"  itemscope=\"itemscope\" itemtype=\"https:\/\/schema.org\/CreativeWork\" ><div class='avia_textblock  av_inherit_color '  style='color:#4f4f4f; '  itemprop=\"text\" ><h5 style=\"text-align: center;\">12 METREK\u00dcP<br \/>\nTEK HELEZONLU SAB\u0130T<br \/>\nYEM KARMA MAK\u0130NES\u0130<\/h5>\n<\/div><\/section><br \/>\n<div style=' margin-top:5px; margin-bottom:30px;'  class='hr hr-custom hr-center hr-icon-yes  '><span class='hr-inner   inner-border-av-border-fat' style=' width:50px;' ><span class='hr-inner-style'><\/span><\/span><span class='av-seperator-icon' style='color:#a8a8a8;' aria-hidden='true' data-av_icon='\ue855' data-av_iconfont='entypo-fontello'><\/span><span class='hr-inner   inner-border-av-border-fat' style=' width:50px;' ><span class='hr-inner-style'><\/span><\/span><\/div><\/p><\/div><div class=\"flex_column av_one_third  flex_column_div av-zero-column-padding   \" style='border-radius:0px; '><p><div class='avia-image-container  av-styling-    avia-align-center '  itemprop=\"ImageObject\" itemscope=\"itemscope\" itemtype=\"https:\/\/schema.org\/ImageObject\"  ><div class='avia-image-container-inner'><a href='http:\/\/fimaks.com\/es\/mixers\/mixers-estacionarios\/16-m3-sinfin-doble-mixer-estacionario\/' class='avia_image'  ><img class='avia_image ' src='https:\/\/fimaks.com\/wp-content\/uploads\/2018\/02\/16-metrek\u00fcp-sabit-yem-karma-makinesi-2.jpg' alt='' title='16-metrek\u00fcp-sabit-yem-karma-makinesi-2'  itemprop=\"thumbnailUrl\"  \/><\/a><\/div><\/div><br \/>\n<section class=\"av_textblock_section \"  itemscope=\"itemscope\" itemtype=\"https:\/\/schema.org\/CreativeWork\" ><div class='avia_textblock  av_inherit_color '  style='color:#4f4f4f; '  itemprop=\"text\" ><p>16 METROS CUBICOS<\/p>\n<p>SINFIN DUAL | ESTACIONARIO<\/p>\n<p>MIXERS<\/p>\n<\/div><\/section><br \/>\n<div style=' margin-top:5px; margin-bottom:30px;'  class='hr hr-custom hr-center hr-icon-yes  '><span class='hr-inner   inner-border-av-border-fat' style=' width:50px;' ><span class='hr-inner-style'><\/span><\/span><span class='av-seperator-icon' style='color:#a8a8a8;' aria-hidden='true' data-av_icon='\ue855' data-av_iconfont='entypo-fontello'><\/span><span class='hr-inner   inner-border-av-border-fat' style=' width:50px;' ><span class='hr-inner-style'><\/span><\/span><\/div><\/p><\/div><div class=\"flex_column av_one_third  flex_column_div av-zero-column-padding   \" style='border-radius:0px; '><p><div class='avia-image-container  av-styling-    avia-align-center '  itemprop=\"ImageObject\" itemscope=\"itemscope\" itemtype=\"https:\/\/schema.org\/ImageObject\"  ><div class='avia-image-container-inner'><a href='http:\/\/fimaks.com\/es\/mixers\/mixers-estacionarios\/20-m3-sinfin-doble-mixer-estacionario\/' class='avia_image'  ><img class='avia_image ' src='https:\/\/fimaks.com\/wp-content\/uploads\/2018\/02\/20-metrek\u00fcp-sabit-yem-karma-makinesi-1.jpg' alt='' title='20-metrek\u00fcp-sabit-yem-karma-makinesi'  itemprop=\"thumbnailUrl\"  \/><\/a><\/div><\/div><br \/>\n<section class=\"av_textblock_section \"  itemscope=\"itemscope\" itemtype=\"https:\/\/schema.org\/CreativeWork\" ><div class='avia_textblock  av_inherit_color '  style='color:#4f4f4f; '  itemprop=\"text\" ><p>20 METROS CUBICOS<\/p>\n<p>SINFIN DUAL | ESTACIONARIO<\/p>\n<p>MIXERS<\/p>\n<\/div><\/section><br \/>\n<div style=' margin-top:5px; margin-bottom:30px;'  class='hr hr-custom hr-center hr-icon-yes  '><span class='hr-inner   inner-border-av-border-fat' style=' width:50px;' ><span class='hr-inner-style'><\/span><\/span><span class='av-seperator-icon' style='color:#a8a8a8;' aria-hidden='true' data-av_icon='\ue855' data-av_iconfont='entypo-fontello'><\/span><span class='hr-inner   inner-border-av-border-fat' style=' width:50px;' ><span class='hr-inner-style'><\/span><\/span><\/div><\/p><\/div><div class=\"flex_column av_one_third  flex_column_div av-zero-column-padding first  \" style='border-radius:0px; '><p><div class='avia-image-container  av-styling-    avia-align-center '  itemprop=\"ImageObject\" itemscope=\"itemscope\" itemtype=\"https:\/\/schema.org\/ImageObject\"  ><div class='avia-image-container-inner'><a href='http:\/\/fimaks.com\/es\/mixers\/mixers-estacionarios\/24-m3-sinfin-doble-mixer-estacionario\/' class='avia_image'  ><img class='avia_image ' src='https:\/\/fimaks.com\/wp-content\/uploads\/2018\/02\/24-metrek\u00fcp-sabit-yem-karma-makinesi.jpg' alt='' title='24-metrek\u00fcp-sabit-yem-karma-makinesi'  itemprop=\"thumbnailUrl\"  \/><\/a><\/div><\/div><br \/>\n<section class=\"av_textblock_section \"  itemscope=\"itemscope\" itemtype=\"https:\/\/schema.org\/CreativeWork\" ><div class='avia_textblock  av_inherit_color '  style='color:#4f4f4f; '  itemprop=\"text\" ><p>24 METROS CUBICOS<\/p>\n<p>SINFIN DUAL | ESTACIONARIO<\/p>\n<p>MIXERS<\/p>\n<\/div><\/section><br \/>\n<div style=' margin-top:5px; margin-bottom:30px;'  class='hr hr-custom hr-center hr-icon-yes  '><span class='hr-inner   inner-border-av-border-fat' style=' width:50px;' ><span class='hr-inner-style'><\/span><\/span><span class='av-seperator-icon' style='color:#a8a8a8;' aria-hidden='true' data-av_icon='\ue855' data-av_iconfont='entypo-fontello'><\/span><span class='hr-inner   inner-border-av-border-fat' style=' width:50px;' ><span class='hr-inner-style'><\/span><\/span><\/div><\/p><\/div><div class=\"flex_column av_one_third  flex_column_div av-zero-column-padding   \" style='border-radius:0px; '><p><div class='avia-image-container  av-styling-    avia-align-center '  itemprop=\"ImageObject\" itemscope=\"itemscope\" itemtype=\"https:\/\/schema.org\/ImageObject\"  ><div class='avia-image-container-inner'><a href='http:\/\/fimaks.com\/es\/mixers\/mixers-estacionarios\/30-m3-sinfin-doble-mixer-estacionario\/' class='avia_image'  ><img class='avia_image ' src='https:\/\/fimaks.com\/wp-content\/uploads\/2018\/02\/30-metrek\u00fcp-sabit-yem-karma-makinesi.jpg' alt='' title='30-metrek\u00fcp-sabit-yem-karma-makinesi'  itemprop=\"thumbnailUrl\"  \/><\/a><\/div><\/div><br \/>\n<section class=\"av_textblock_section \"  itemscope=\"itemscope\" itemtype=\"https:\/\/schema.org\/CreativeWork\" ><div class='avia_textblock  av_inherit_color '  style='color:#4f4f4f; '  itemprop=\"text\" ><p>30 METROS CUBICOS<\/p>\n<p>SINFIN DUAL | ESTACIONARIO<\/p>\n<p>MIXERS<\/p>\n<\/div><\/section><br \/>\n<div style=' margin-top:5px; margin-bottom:30px;'  class='hr hr-custom hr-center hr-icon-yes  '><span class='hr-inner   inner-border-av-border-fat' style=' width:50px;' ><span class='hr-inner-style'><\/span><\/span><span class='av-seperator-icon' style='color:#a8a8a8;' aria-hidden='true' data-av_icon='\ue855' data-av_iconfont='entypo-fontello'><\/span><span class='hr-inner   inner-border-av-border-fat' style=' width:50px;' ><span class='hr-inner-style'><\/span><\/span><\/div><\/p><\/div><div class=\"flex_column av_one_third  flex_column_div av-zero-column-padding   \" style='border-radius:0px; '><p><div class='avia-image-container  av-styling-    avia-align-center '  itemprop=\"ImageObject\" itemscope=\"itemscope\" itemtype=\"https:\/\/schema.org\/ImageObject\"  ><div class='avia-image-container-inner'><a href='http:\/\/fimaks.com\/es\/mixers\/mixers-estacionarios\/40-m3-triple-sinfin-mixer-estacionario\/' class='avia_image'  ><img class='avia_image ' src='https:\/\/fimaks.com\/wp-content\/uploads\/2018\/02\/40-metrek\u00fcp-sabit-yem-karma-makinesi.jpg' alt='' title='40-metrek\u00fcp-sabit-yem-karma-makinesi'  itemprop=\"thumbnailUrl\"  \/><\/a><\/div><\/div><br \/>\n<section class=\"av_textblock_section \"  itemscope=\"itemscope\" itemtype=\"https:\/\/schema.org\/CreativeWork\" ><div class='avia_textblock  av_inherit_color '  style='color:#4f4f4f; '  itemprop=\"text\" ><p>40 METROS CUBICOS<\/p>\n<p>SINFIN DUAL | ESTACIONARIO<\/p>\n<p>MIXERS<\/p>\n<\/div><\/section><br \/>\n<div style=' margin-top:5px; margin-bottom:30px;'  class='hr hr-custom hr-center hr-icon-yes  '><span class='hr-inner   inner-border-av-border-fat' style=' width:50px;' ><span class='hr-inner-style'><\/span><\/span><span class='av-seperator-icon' style='color:#a8a8a8;' aria-hidden='true' data-av_icon='\ue855' data-av_iconfont='entypo-fontello'><\/span><span class='hr-inner   inner-border-av-border-fat' style=' width:50px;' ><span class='hr-inner-style'><\/span><\/span><\/div><\/p><\/div><div class=\"flex_column av_one_third  flex_column_div av-zero-column-padding first  \" style='border-radius:0px; '><p><div class='avia-image-container  av-styling-    avia-align-center '  itemprop=\"ImageObject\" itemscope=\"itemscope\" itemtype=\"https:\/\/schema.org\/ImageObject\"  ><div class='avia-image-container-inner'><a href='http:\/\/fimaks.com\/es\/mixers\/mixers-estacionarios\/50-m3-triple-sinfin-mixer-estacionario\/' class='avia_image'  ><img class='avia_image ' src='https:\/\/fimaks.com\/wp-content\/uploads\/2018\/02\/50-metrek\u00fcp-sabit-yem-karma-makinesi.jpg' alt='' title='50-metrek\u00fcp-sabit-yem-karma-makinesi'  itemprop=\"thumbnailUrl\"  \/><\/a><\/div><\/div><br \/>\n<section class=\"av_textblock_section \"  itemscope=\"itemscope\" itemtype=\"https:\/\/schema.org\/CreativeWork\" ><div class='avia_textblock  av_inherit_color '  style='color:#4f4f4f; '  itemprop=\"text\" ><p>50 METROS CUBICOS<\/p>\n<p>SINFIN DUAL | ESTACIONARIO<\/p>\n<p>MIXERS<\/p>\n<\/div><\/section><br \/>\n<div style=' margin-top:5px; margin-bottom:30px;'  class='hr hr-custom hr-center hr-icon-yes  '><span class='hr-inner   inner-border-av-border-fat' style=' width:50px;' ><span class='hr-inner-style'><\/span><\/span><span class='av-seperator-icon' style='color:#a8a8a8;' aria-hidden='true' data-av_icon='\ue855' data-av_iconfont='entypo-fontello'><\/span><span class='hr-inner   inner-border-av-border-fat' style=' width:50px;' ><span class='hr-inner-style'><\/span><\/span><\/div><\/p><\/div><\/div><\/div><\/div><!-- close content main div --><\/div><\/div><div id='after_section_1' class='main_color av_default_container_wrap container_wrap sidebar_right'   ><div class='container' ><div class='template-page content  av-content-small alpha units'><div class='post-entry post-entry-type-page post-entry-12156'><div class='entry-content-wrapper clearfix'><div class='av-hotspot-image-container avia_animate_when_almost_visible   av-hotspot-numbered av-mobile-fallback-active    av-non-fullwidth-hotspot-image '  itemprop=\"ImageObject\" itemscope=\"itemscope\" itemtype=\"https:\/\/schema.org\/ImageObject\"  ><div class='av-hotspot-container'><div class='av-hotspot-container-inner-cell'><div class='av-hotspot-container-inner-wrap'><img class='avia_image ' src='https:\/\/fimaks.com\/wp-content\/uploads\/2013\/04\/Untitled-4.jpg' alt='' title='Untitled-4'   itemprop=\"thumbnailUrl\"  \/><\/div><\/div><\/div><\/div><\/p>\n","protected":false},"excerpt":{"rendered":"","protected":false},"author":1,"featured_media":0,"parent":12201,"menu_order":0,"comment_status":"closed","ping_status":"closed","template":"","meta":{"_exactmetrics_skip_tracking":false,"_exactmetrics_sitenote_active":false,"_exactmetrics_sitenote_note":"","_exactmetrics_sitenote_category":0,"footnotes":""},"yst_prominent_words":[],"class_list":["post-12156","page","type-page","status-publish","hentry"],"_links":{"self":[{"href":"https:\/\/fimaks.com\/es\/wp-json\/wp\/v2\/pages\/12156","targetHints":{"allow":["GET"]}}],"collection":[{"href":"https:\/\/fimaks.com\/es\/wp-json\/wp\/v2\/pages"}],"about":[{"href":"https:\/\/fimaks.com\/es\/wp-json\/wp\/v2\/types\/page"}],"author":[{"embeddable":true,"href":"https:\/\/fimaks.com\/es\/wp-json\/wp\/v2\/users\/1"}],"replies":[{"embeddable":true,"href":"https:\/\/fimaks.com\/es\/wp-json\/wp\/v2\/comments?post=12156"}],"version-history":[{"count":9,"href":"https:\/\/fimaks.com\/es\/wp-json\/wp\/v2\/pages\/12156\/revisions"}],"predecessor-version":[{"id":18672,"href":"https:\/\/fimaks.com\/es\/wp-json\/wp\/v2\/pages\/12156\/revisions\/18672"}],"up":[{"embeddable":true,"href":"https:\/\/fimaks.com\/es\/wp-json\/wp\/v2\/pages\/12201"}],"wp:attachment":[{"href":"https:\/\/fimaks.com\/es\/wp-json\/wp\/v2\/media?parent=12156"}],"wp:term":[{"taxonomy":"yst_prominent_words","embeddable":true,"href":"https:\/\/fimaks.com\/es\/wp-json\/wp\/v2\/yst_prominent_words?post=12156"}],"curies":[{"name":"wp","href":"https:\/\/api.w.org\/{rel}","templated":true}]}}