{"id":12181,"date":"2018-05-02T18:50:30","date_gmt":"2018-05-02T15:50:30","guid":{"rendered":"http:\/\/fimaks.com\/rastrillos-hileradores\/"},"modified":"2018-06-05T11:58:10","modified_gmt":"2018-06-05T08:58:10","slug":"rastrillos-hileradores","status":"publish","type":"page","link":"https:\/\/fimaks.com\/es\/rastrillos-hileradores\/","title":{"rendered":"RASTRILLOS HILERADORES"},"content":{"rendered":"<div class='av-hotspot-image-container avia_animate_when_almost_visible   av-hotspot-numbered av-mobile-fallback-active    av-non-fullwidth-hotspot-image '  itemprop=\"ImageObject\" itemscope=\"itemscope\" itemtype=\"https:\/\/schema.org\/ImageObject\"  ><div class='av-hotspot-container'><div class='av-hotspot-container-inner-cell'><div class='av-hotspot-container-inner-wrap'><img class='avia_image ' src='https:\/\/fimaks.com\/wp-content\/uploads\/2018\/03\/NAMLU-YAPMA-MAK\u0130NES\u0130-HEL\u0130KOPTER-OT-TOPLAMA.jpg' alt='NAMLU-YAPMA-MAK\u0130NES\u0130-HEL\u0130KOPTER-OT-TOPLAMA' title='NAMLU-YAPMA-MAK\u0130NES\u0130-HEL\u0130KOPTER-OT-TOPLAMA'   itemprop=\"thumbnailUrl\"  \/><\/div><\/div><\/div><\/div>\n<\/div><\/div><\/div><!-- close content main div --><\/div><\/div><div id='av_section_1' class='avia-section main_color avia-section-default avia-no-shadow avia-bg-style-scroll   container_wrap sidebar_right'   ><div class='container' ><div class='template-page content  av-content-small alpha units'><div class='post-entry post-entry-type-page post-entry-12181'><div class='entry-content-wrapper clearfix'>\n<div class=\"flex_column av_one_third  flex_column_div av-zero-column-padding first  \" style='border-radius:0px; '><p><div class='avia-image-container  av-styling-    avia-align-center '  itemprop=\"ImageObject\" itemscope=\"itemscope\" itemtype=\"https:\/\/schema.org\/ImageObject\"  ><div class='avia-image-container-inner'><a href='https:\/\/fimaks.com\/es\/rastrillos-hileradores\/rastrillo-hilerador-de-9-brazos\/' class='avia_image'  ><img class='avia_image ' src='https:\/\/fimaks.com\/wp-content\/uploads\/2018\/03\/9-KOLLU-NAMLU-YAPMA-MAK\u0130NES\u0130-HEL\u0130KOPTER-OT-TOPLAMA.jpg' alt='' title='9-KOLLU-NAMLU-YAPMA-MAK\u0130NES\u0130-HEL\u0130KOPTER-OT-TOPLAMA'  itemprop=\"thumbnailUrl\"  \/><\/a><\/div><\/div><br \/>\n<section class=\"av_textblock_section \"  itemscope=\"itemscope\" itemtype=\"https:\/\/schema.org\/CreativeWork\" ><div class='avia_textblock  av_inherit_color '  style='color:#4f4f4f; '  itemprop=\"text\" ><h5 style=\"text-align: center;\">9 BRAZOS<br \/>\nRASTRILLO HILERADOR<br \/>\nFMR 330<\/h5>\n<\/div><\/section><br \/>\n<div style=' margin-top:5px; margin-bottom:30px;'  class='hr hr-custom hr-center hr-icon-yes  '><span class='hr-inner   inner-border-av-border-fat' style=' width:50px;' ><span class='hr-inner-style'><\/span><\/span><span class='av-seperator-icon' style='color:#a8a8a8;' aria-hidden='true' data-av_icon='\ue855' data-av_iconfont='entypo-fontello'><\/span><span class='hr-inner   inner-border-av-border-fat' style=' width:50px;' ><span class='hr-inner-style'><\/span><\/span><\/div><\/p><\/div><div class=\"flex_column av_one_third  flex_column_div av-zero-column-padding   \" style='border-radius:0px; '><p><div class='avia-image-container  av-styling-    avia-align-center '  itemprop=\"ImageObject\" itemscope=\"itemscope\" itemtype=\"https:\/\/schema.org\/ImageObject\"  ><div class='avia-image-container-inner'><a href='https:\/\/fimaks.com\/es\/rastrillos-hileradores\/rastrillo-hilerador-de-11-brazos\/' class='avia_image'  ><img class='avia_image ' src='https:\/\/fimaks.com\/wp-content\/uploads\/2018\/03\/11-KOLLU-NAMLU-YAPMA-MAK\u0130NES\u0130-HEL\u0130KOPTER-OT-TOPLAMA.jpg' alt='' title='11-KOLLU-NAMLU-YAPMA-MAK\u0130NES\u0130-HEL\u0130KOPTER-OT-TOPLAMA'  itemprop=\"thumbnailUrl\"  \/><\/a><\/div><\/div><br \/>\n<section class=\"av_textblock_section \"  itemscope=\"itemscope\" itemtype=\"https:\/\/schema.org\/CreativeWork\" ><div class='avia_textblock  av_inherit_color '  style='color:#4f4f4f; '  itemprop=\"text\" ><h5 style=\"text-align: center;\">11 BRAZOS<\/h5>\n<h5 style=\"text-align: center;\">RASTRILLO HILERADOR<\/h5>\n<h5 style=\"text-align: center;\">FMR 440<\/h5>\n<\/div><\/section><br \/>\n<div style=' margin-top:5px; margin-bottom:30px;'  class='hr hr-custom hr-center hr-icon-yes  '><span class='hr-inner   inner-border-av-border-fat' style=' width:50px;' ><span class='hr-inner-style'><\/span><\/span><span class='av-seperator-icon' style='color:#a8a8a8;' aria-hidden='true' data-av_icon='\ue855' data-av_iconfont='entypo-fontello'><\/span><span class='hr-inner   inner-border-av-border-fat' style=' width:50px;' ><span class='hr-inner-style'><\/span><\/span><\/div><\/p><\/div><div class=\"flex_column av_one_third  flex_column_div av-zero-column-padding   \" style='border-radius:0px; '><p><div class='avia-image-container  av-styling-    avia-align-center '  itemprop=\"ImageObject\" itemscope=\"itemscope\" itemtype=\"https:\/\/schema.org\/ImageObject\"  ><div class='avia-image-container-inner'><a href='https:\/\/fimaks.com\/es\/rastrillos-hileradores\/rastrillo-hilerador-de-22-brazos\/' class='avia_image'  ><img class='avia_image ' src='https:\/\/fimaks.com\/wp-content\/uploads\/2018\/03\/22-KOLLU-DOUBLE-NAMLU-YAPMA-MAK\u0130NES\u0130-HEL\u0130KOPTER-OT-TOPLAMA.jpg' alt='' title='22-KOLLU-DOUBLE-NAMLU-YAPMA-MAK\u0130NES\u0130-HEL\u0130KOPTER-OT-TOPLAMA'  itemprop=\"thumbnailUrl\"  \/><\/a><\/div><\/div><br \/>\n<section class=\"av_textblock_section \"  itemscope=\"itemscope\" itemtype=\"https:\/\/schema.org\/CreativeWork\" ><div class='avia_textblock  av_inherit_color '  style='color:#4f4f4f; '  itemprop=\"text\" ><h5 style=\"text-align: center;\">22 BRAZOS\u00a0| DOBLE<\/h5>\n<h5 style=\"text-align: center;\">RASTRILLO HILERADOR<\/h5>\n<h5 style=\"text-align: center;\">FMR 700<\/h5>\n<\/div><\/section><br \/>\n<div style=' margin-top:5px; margin-bottom:30px;'  class='hr hr-custom hr-center hr-icon-yes  '><span class='hr-inner   inner-border-av-border-fat' style=' width:50px;' ><span class='hr-inner-style'><\/span><\/span><span class='av-seperator-icon' style='color:#a8a8a8;' aria-hidden='true' data-av_icon='\ue855' data-av_iconfont='entypo-fontello'><\/span><span class='hr-inner   inner-border-av-border-fat' style=' width:50px;' ><span class='hr-inner-style'><\/span><\/span><\/div><\/p><\/div><\/div><\/div><\/div><!-- close content main div --><\/div><\/div><div id='after_section_1' class='main_color av_default_container_wrap container_wrap sidebar_right'   ><div class='container' ><div class='template-page content  av-content-small alpha units'><div class='post-entry post-entry-type-page post-entry-12181'><div class='entry-content-wrapper clearfix'><div class='av-hotspot-image-container avia_animate_when_almost_visible   av-hotspot-numbered av-mobile-fallback-active    av-non-fullwidth-hotspot-image '  itemprop=\"ImageObject\" itemscope=\"itemscope\" itemtype=\"https:\/\/schema.org\/ImageObject\"  ><div class='av-hotspot-container'><div class='av-hotspot-container-inner-cell'><div class='av-hotspot-container-inner-wrap'><img class='avia_image ' src='https:\/\/fimaks.com\/wp-content\/uploads\/2013\/04\/Untitled-4.jpg' alt='' title='Untitled-4'   itemprop=\"thumbnailUrl\"  \/><\/div><\/div><\/div><\/div><\/p>\n","protected":false},"excerpt":{"rendered":"","protected":false},"author":1,"featured_media":0,"parent":0,"menu_order":0,"comment_status":"closed","ping_status":"closed","template":"","meta":{"_exactmetrics_skip_tracking":false,"_exactmetrics_sitenote_active":false,"_exactmetrics_sitenote_note":"","_exactmetrics_sitenote_category":0,"footnotes":""},"yst_prominent_words":[],"class_list":["post-12181","page","type-page","status-publish","hentry"],"_links":{"self":[{"href":"https:\/\/fimaks.com\/es\/wp-json\/wp\/v2\/pages\/12181","targetHints":{"allow":["GET"]}}],"collection":[{"href":"https:\/\/fimaks.com\/es\/wp-json\/wp\/v2\/pages"}],"about":[{"href":"https:\/\/fimaks.com\/es\/wp-json\/wp\/v2\/types\/page"}],"author":[{"embeddable":true,"href":"https:\/\/fimaks.com\/es\/wp-json\/wp\/v2\/users\/1"}],"replies":[{"embeddable":true,"href":"https:\/\/fimaks.com\/es\/wp-json\/wp\/v2\/comments?post=12181"}],"version-history":[{"count":10,"href":"https:\/\/fimaks.com\/es\/wp-json\/wp\/v2\/pages\/12181\/revisions"}],"predecessor-version":[{"id":16061,"href":"https:\/\/fimaks.com\/es\/wp-json\/wp\/v2\/pages\/12181\/revisions\/16061"}],"wp:attachment":[{"href":"https:\/\/fimaks.com\/es\/wp-json\/wp\/v2\/media?parent=12181"}],"wp:term":[{"taxonomy":"yst_prominent_words","embeddable":true,"href":"https:\/\/fimaks.com\/es\/wp-json\/wp\/v2\/yst_prominent_words?post=12181"}],"curies":[{"name":"wp","href":"https:\/\/api.w.org\/{rel}","templated":true}]}}