{"id":15724,"date":"2018-05-30T16:44:44","date_gmt":"2018-05-30T13:44:44","guid":{"rendered":"http:\/\/fimaks.com\/cosechadoras-de-forrajes\/cosechadoras-de-forrajes-rf152\/"},"modified":"2021-07-09T16:07:52","modified_gmt":"2021-07-09T13:07:52","slug":"cosechadoras-de-forrajes-rf152","status":"publish","type":"page","link":"https:\/\/fimaks.com\/es\/cosechadoras-de-forrajes\/cosechadoras-de-forrajes-rf152\/","title":{"rendered":"COSECHADORAS DE FORRAJES RF152"},"content":{"rendered":"<div class='av-hotspot-image-container avia_animate_when_almost_visible   avia_animated_image avia_animate_when_almost_visible fade-in av-hotspot-numbered av-mobile-fallback-active    av-non-fullwidth-hotspot-image '  itemprop=\"ImageObject\" itemscope=\"itemscope\" itemtype=\"https:\/\/schema.org\/ImageObject\"  ><div class='av-hotspot-container'><div class='av-hotspot-container-inner-cell'><div class='av-hotspot-container-inner-wrap'><div class='av-image-hotspot' data-avia-tooltip-position='right' data-avia-tooltip-alignment='centered' data-avia-tooltip-class='av-tt-default-width av-tt-pos-right av-tt-align-centered  av-mobile-fallback-active  transparent_dark av-tt-hotspot' data-avia-tooltip='&lt;p&gt;FUERTE SISTEMA DE ACOPLE&lt;\/p&gt;\n' style='top: 92.5%; left: 47.9%; '><div class='av-image-hotspot_inner' style='background-color: #c2c9ce; color: #000000;'>1<\/div><div class='av-image-hotspot-pulse' style='background-color:#e8e8e8;'><\/div><\/div><div class='av-image-hotspot' data-avia-tooltip-position='bottom' data-avia-tooltip-alignment='centered' data-avia-tooltip-class='av-tt-default-width av-tt-pos-below av-tt-align-centered  av-mobile-fallback-active  transparent_dark av-tt-hotspot' data-avia-tooltip='&lt;p&gt;CUCHILLOS FLOTANTES&lt;\/p&gt;\n' style='top: 81.3%; left: 37.9%; '><div class='av-image-hotspot_inner' style='background-color: #c2c9ce; color: #000000;'>2<\/div><div class='av-image-hotspot-pulse' style='background-color:#ffffff;'><\/div><\/div><div class='av-image-hotspot' data-avia-tooltip-position='top' data-avia-tooltip-alignment='left' data-avia-tooltip-class='av-tt-default-width av-tt-pos-above av-tt-align-left  av-mobile-fallback-active  transparent_dark av-tt-hotspot' data-avia-tooltip='&lt;p&gt;CUERPO ST52&lt;\/p&gt;\n' style='top: 60.7%; left: 39.3%; '><div class='av-image-hotspot_inner' style='background-color: #c2c9ce; color: #000000;'>3<\/div><div class='av-image-hotspot-pulse' style='background-color:#ffffff;'><\/div><\/div><div class='av-image-hotspot' data-avia-tooltip-position='top' data-avia-tooltip-alignment='left' data-avia-tooltip-class='av-tt-default-width av-tt-pos-above av-tt-align-left  av-mobile-fallback-active  transparent_dark av-tt-hotspot' data-avia-tooltip='&lt;p&gt;CARDANES DE CALIDAD&lt;\/p&gt;\n' style='top: 88.9%; left: 53.2%; '><div class='av-image-hotspot_inner' style='background-color: #c2c9ce; color: #000000;'>4<\/div><div class='av-image-hotspot-pulse' style='background-color:#ffffff;'><\/div><\/div><div class='av-image-hotspot' data-avia-tooltip-position='top' data-avia-tooltip-alignment='left' data-avia-tooltip-class='av-tt-default-width av-tt-pos-above av-tt-align-left  av-mobile-fallback-active  transparent_dark av-tt-hotspot' data-avia-tooltip='&lt;p&gt;LLANTAS TODO TERRENO&lt;\/p&gt;\n' style='top: 80.8%; left: 55.5%; '><div class='av-image-hotspot_inner' style='background-color: #c2c9ce; color: #000000;'>5<\/div><div class='av-image-hotspot-pulse' style='background-color:#ffffff;'><\/div><\/div><div class='av-image-hotspot' data-avia-tooltip-position='top' data-avia-tooltip-alignment='left' data-avia-tooltip-class='av-tt-default-width av-tt-pos-above av-tt-align-left  av-mobile-fallback-active  transparent_dark av-tt-hotspot' data-avia-tooltip='&lt;p&gt;SISTEMA HIDRAULICO DE GRAN CAPACIDAD&lt;\/p&gt;\n' style='top: 46.7%; left: 49.7%; '><div class='av-image-hotspot_inner' style='background-color: #c2c9ce; color: #000000;'>6<\/div><div class='av-image-hotspot-pulse' style='background-color:#ffffff;'><\/div><\/div><div class='av-image-hotspot' data-avia-tooltip-position='top' data-avia-tooltip-alignment='left' data-avia-tooltip-class='av-tt-default-width av-tt-pos-above av-tt-align-left  av-mobile-fallback-active  transparent_dark av-tt-hotspot' data-avia-tooltip='&lt;p&gt;CONTROL DE TOLVA HIDRAULICO&lt;\/p&gt;\n' style='top: 23.7%; left: 48.4%; '><div class='av-image-hotspot_inner' style='background-color: #c2c9ce; color: #000000;'>7<\/div><div class='av-image-hotspot-pulse' style='background-color:#ffffff;'><\/div><\/div><img class='avia_image ' src='https:\/\/fimaks.com\/wp-content\/uploads\/2018\/02\/Ot-Silaj-makineleri-tek-k\u0131y\u0131m-\u00e7ekili-tip.png' alt='Ot-Silaj-makineleri-tek-k\u0131y\u0131m-\u00e7ekili-tip' title='Ot-Silaj-makineleri-tek-k\u0131y\u0131m-\u00e7ekili-tip'   itemprop=\"thumbnailUrl\"  \/><\/div><\/div><\/div><div class='av-hotspot-fallback-tooltip'><div class='av-hotspot-fallback-tooltip-count'>1<div class='avia-arrow'><\/div><\/div><div class='av-hotspot-fallback-tooltip-inner clearfix'><p>\nFUERTE SISTEMA DE ACOPLE<\/p>\n<\/div><\/div><div class='av-hotspot-fallback-tooltip'><div class='av-hotspot-fallback-tooltip-count'>2<div class='avia-arrow'><\/div><\/div><div class='av-hotspot-fallback-tooltip-inner clearfix'><p>\nCUCHILLOS FLOTANTES<\/p>\n<\/div><\/div><div class='av-hotspot-fallback-tooltip'><div class='av-hotspot-fallback-tooltip-count'>3<div class='avia-arrow'><\/div><\/div><div class='av-hotspot-fallback-tooltip-inner clearfix'><p>\nCUERPO ST52<\/p>\n<\/div><\/div><div class='av-hotspot-fallback-tooltip'><div class='av-hotspot-fallback-tooltip-count'>4<div class='avia-arrow'><\/div><\/div><div class='av-hotspot-fallback-tooltip-inner clearfix'><p>\nCARDANES DE CALIDAD<\/p>\n<\/div><\/div><div class='av-hotspot-fallback-tooltip'><div class='av-hotspot-fallback-tooltip-count'>5<div class='avia-arrow'><\/div><\/div><div class='av-hotspot-fallback-tooltip-inner clearfix'><p>\nLLANTAS TODO TERRENO<\/p>\n<\/div><\/div><div class='av-hotspot-fallback-tooltip'><div class='av-hotspot-fallback-tooltip-count'>6<div class='avia-arrow'><\/div><\/div><div class='av-hotspot-fallback-tooltip-inner clearfix'><p>\nSISTEMA HIDRAULICO DE GRAN CAPACIDAD<\/p>\n<\/div><\/div><div class='av-hotspot-fallback-tooltip'><div class='av-hotspot-fallback-tooltip-count'>7<div class='avia-arrow'><\/div><\/div><div class='av-hotspot-fallback-tooltip-inner clearfix'><p>\nCONTROL DE TOLVA HIDRAULICO<\/p>\n<\/div><\/div><\/div>\n<div style='padding-bottom:10px;' class='av-special-heading av-special-heading-h1  blockquote modern-quote modern-centered   av-thin-font '><h1 class='av-special-heading-tag '  itemprop=\"headline\"  >COSECHADORA DE FORRAJES<br \/>| <strong>RF 152 <\/strong>|<\/h1><div class='special-heading-border'><div class='special-heading-inner-border' ><\/div><\/div><\/div>\n<div  class='hr hr-default  '><span class='hr-inner ' ><span class='hr-inner-style'><\/span><\/span><\/div>\n<section class=\"av_textblock_section \"  itemscope=\"itemscope\" itemtype=\"https:\/\/schema.org\/CreativeWork\" ><div class='avia_textblock  '   itemprop=\"text\" ><p><span class=\"av_dropcap1 \" ><\/span> F [\/ av_dropcap1] imaks tiene una l\u00ednea de cosechadoras de forraje que se utilizan para cosechar todo tipo de forraje verde y pasto para alimentar a los animales directamente o para hacer silo. Los cuchillos de flotaci\u00f3n libre en el rotor est\u00e1n especialmente dise\u00f1ados para evitar el da\u00f1o a la m\u00e1quina cuando golpean un material duro como piedras en el campo. La velocidad de rotaci\u00f3n del rotor y los cuchillos crean el golpe necesario para soplar la hierba cortada al remolque. El ajuste de altura se puede controlar f\u00e1cilmente mediante el pasador de ajuste controlado por resorte en el chasis. Hay una conexi\u00f3n autom\u00e1tica entre el chasis y la m\u00e1quina.<\/p>\n<p>La versi\u00f3n de tiro tambi\u00e9n est\u00e1 disponible bajo petici\u00f3n.<\/p>\n<p>Control hidr\u00e1ulico para la direcci\u00f3n del conducto<\/p>\n<p>Ajuste del deflector manual desde la cabina del tractor<\/p>\n<p>Cuchillos flotantes<\/p>\n<p>Caja de engranajes duradera y fuerte<\/p>\n<p>Extensi\u00f3n de canal opcional (para trailers altos)<\/p>\n<\/div><\/section>\n<div  class='hr hr-default  '><span class='hr-inner ' ><span class='hr-inner-style'><\/span><\/span><\/div>\n<div class='av-social-sharing-box  av-social-sharing-box-minimal '><div class='av-share-box'><ul class='av-share-box-list noLightbox'><li class='av-share-link av-social-link-facebook' ><a target='_blank' href='http:\/\/www.facebook.com\/sharer.php?u=https:\/\/fimaks.com\/es\/cosechadoras-de-forrajes\/cosechadoras-de-forrajes-rf152\/&amp;t=COSECHADORAS%20DE%20FORRAJES%20RF152' aria-hidden='true' data-av_icon='\ue8f3' data-av_iconfont='entypo-fontello' title='' data-avia-related-tooltip='Compartir en Facebook'><span class='avia_hidden_link_text'>Compartir en Facebook<\/span><\/a><\/li><li class='av-share-link av-social-link-twitter' ><a target='_blank' href='https:\/\/twitter.com\/share?text=COSECHADORAS%20DE%20FORRAJES%20RF152&url=https:\/\/fimaks.com\/es\/?p=15724' aria-hidden='true' data-av_icon='\ue8f1' data-av_iconfont='entypo-fontello' title='' data-avia-related-tooltip='Compartir en Twitter'><span class='avia_hidden_link_text'>Compartir en Twitter<\/span><\/a><\/li><li class='av-share-link av-social-link-gplus' ><a target='_blank' href='https:\/\/plus.google.com\/share?url=https:\/\/fimaks.com\/es\/cosechadoras-de-forrajes\/cosechadoras-de-forrajes-rf152\/' aria-hidden='true' data-av_icon='\ue8f6' data-av_iconfont='entypo-fontello' title='' data-avia-related-tooltip='Compartir en Google+'><span class='avia_hidden_link_text'>Compartir en Google+<\/span><\/a><\/li><li class='av-share-link av-social-link-pinterest' ><a target='_blank' href='http:\/\/pinterest.com\/pin\/create\/button\/?url=https%3A%2F%2Ffimaks.com%2Fes%2Fcosechadoras-de-forrajes%2Fcosechadoras-de-forrajes-rf152%2F&amp;description=COSECHADORAS%20DE%20FORRAJES%20RF152&amp;media=' aria-hidden='true' data-av_icon='\ue8f8' data-av_iconfont='entypo-fontello' title='' data-avia-related-tooltip='Compartir en Pinterest'><span class='avia_hidden_link_text'>Compartir en Pinterest<\/span><\/a><\/li><li class='av-share-link av-social-link-linkedin' ><a target='_blank' href='http:\/\/linkedin.com\/shareArticle?mini=true&amp;title=COSECHADORAS%20DE%20FORRAJES%20RF152&amp;url=https:\/\/fimaks.com\/es\/cosechadoras-de-forrajes\/cosechadoras-de-forrajes-rf152\/' aria-hidden='true' data-av_icon='\ue8fc' data-av_iconfont='entypo-fontello' title='' data-avia-related-tooltip='Compartir en Linkedin'><span class='avia_hidden_link_text'>Compartir en Linkedin<\/span><\/a><\/li><li class='av-share-link av-social-link-tumblr' ><a target='_blank' href='http:\/\/www.tumblr.com\/share\/link?url=https%3A%2F%2Ffimaks.com%2Fes%2Fcosechadoras-de-forrajes%2Fcosechadoras-de-forrajes-rf152%2F&amp;name=COSECHADORAS%20DE%20FORRAJES%20RF152&amp;description=' aria-hidden='true' data-av_icon='\ue8fa' data-av_iconfont='entypo-fontello' title='' data-avia-related-tooltip='Compartir en Tumblr'><span class='avia_hidden_link_text'>Compartir en Tumblr<\/span><\/a><\/li><li class='av-share-link av-social-link-vk' ><a target='_blank' href='http:\/\/vk.com\/share.php?url=https:\/\/fimaks.com\/es\/cosechadoras-de-forrajes\/cosechadoras-de-forrajes-rf152\/' aria-hidden='true' data-av_icon='\ue926' data-av_iconfont='entypo-fontello' title='' data-avia-related-tooltip='Compartir en Vk'><span class='avia_hidden_link_text'>Compartir en Vk<\/span><\/a><\/li><li class='av-share-link av-social-link-reddit' ><a target='_blank' href='http:\/\/reddit.com\/submit?url=https:\/\/fimaks.com\/es\/cosechadoras-de-forrajes\/cosechadoras-de-forrajes-rf152\/&amp;title=COSECHADORAS%20DE%20FORRAJES%20RF152' aria-hidden='true' data-av_icon='\ue927' data-av_iconfont='entypo-fontello' title='' data-avia-related-tooltip='Compartir en Reddit'><span class='avia_hidden_link_text'>Compartir en Reddit<\/span><\/a><\/li><li class='av-share-link av-social-link-mail' ><a  href='mailto:?subject=COSECHADORAS%20DE%20FORRAJES%20RF152&amp;body=https:\/\/fimaks.com\/es\/cosechadoras-de-forrajes\/cosechadoras-de-forrajes-rf152\/' aria-hidden='true' data-av_icon='\ue805' data-av_iconfont='entypo-fontello' title='' data-avia-related-tooltip='Compartir por correo'><span class='avia_hidden_link_text'>Compartir por correo<\/span><\/a><\/li><\/ul><\/div><\/div>\n<div  class='hr hr-default  '><span class='hr-inner ' ><span class='hr-inner-style'><\/span><\/span><\/div>\n<div class=\"flex_column av_one_half  flex_column_div av-zero-column-padding first  \" style='border-radius:0px; '><div class='avia-image-container  av-styling-    avia-align-center '  itemprop=\"ImageObject\" itemscope=\"itemscope\" itemtype=\"https:\/\/schema.org\/ImageObject\"  ><div class='avia-image-container-inner'><img class='avia_image ' src='https:\/\/fimaks.com\/wp-content\/uploads\/2018\/02\/\u00c7EK\u0130L\u0130-T\u0130P-OT-S\u0130LAJ-MAK\u0130NES\u0130-2.jpg' alt='' title='\u00c7EK\u0130L\u0130-T\u0130P-OT-S\u0130LAJ-MAK\u0130NES\u0130-2'   itemprop=\"thumbnailUrl\"  \/><\/div><\/div><\/div>\n<div class=\"flex_column av_one_half  flex_column_div av-zero-column-padding   \" style='border-radius:0px; '><div class='avia-image-container  av-styling-    avia-align-center '  itemprop=\"ImageObject\" itemscope=\"itemscope\" itemtype=\"https:\/\/schema.org\/ImageObject\"  ><div class='avia-image-container-inner'><img class='avia_image ' src='https:\/\/fimaks.com\/wp-content\/uploads\/2018\/02\/ASILI-T\u0130P-OT-S\u0130LAJ-MAK\u0130NES\u0130-2-1.jpg' alt='' title='ASILI-T\u0130P-OT-S\u0130LAJ-MAK\u0130NES\u0130-2'   itemprop=\"thumbnailUrl\"  \/><\/div><\/div><\/div>\n<div  class='hr hr-default  '><span class='hr-inner ' ><span class='hr-inner-style'><\/span><\/span><\/div>\n<div  class='avia-video avia-video-16-9   '  itemprop=\"video\" itemtype=\"https:\/\/schema.org\/VideoObject\" ><div class='avia-iframe-wrap'><iframe loading=\"lazy\" width=\"1500\" height=\"844\" src=\"https:\/\/www.youtube.com\/embed\/YLlVg4as-dk?feature=oembed\" frameborder=\"0\" allow=\"autoplay; encrypted-media\" allowfullscreen><\/iframe><\/div><\/div>\n<div  class='hr hr-default  '><span class='hr-inner ' ><span class='hr-inner-style'><\/span><\/span><\/div>\n<div class='avia-data-table-wrap avia_responsive_table'><table class='avia-table avia-data-table avia-table-1  avia_pricing_default '  itemscope=\"itemscope\" itemtype=\"https:\/\/schema.org\/Table\" ><tbody><tr class=''><td class=''>ANCHO DE TRABAJO (mm)<\/td><td class=''>1300<\/td><\/tr><tr class=''><td class=''>ALTURA (mm)<\/td><td class=''>3150<\/td><\/tr><tr class=''><td class=''>ANCHO EN POSICION DE TRANSPORTE<\/td><td class=''>4500<\/td><\/tr><tr class=''><td class=''>ANCHO DE TRABAJO (mm)<\/td><td class=''>2500<\/td><\/tr><tr class=''><td class=''>ANCHO (mm)<\/td><td class=''>3380<\/td><\/tr><tr class=''><td class=''>PESO (kg)<\/td><td class=''>640<\/td><\/tr><tr class=''><td class=''>POTENCIA NECESARIA (kW\/hp)<\/td><td class=''>45<\/td><\/tr><tr class=''><td class=''>NUMERO DE CUCHILLOS<\/td><td class=''>21<\/td><\/tr><tr class=''><td class=''>LONGITUD DE CORTE (mm)<\/td><td class=''>140<\/td><\/tr><tr class=''><td class=''>PTO (rpm)<\/td><td class=''>540<\/td><\/tr><tr class=''><td class=''>LLANTAS<\/td><td class=''>2x(165\/80 R13)<\/td><\/tr><tr class=''><td class=''>CAPACIDAD (tons\/hora)<\/td><td class=''>16<\/td><\/tr><\/tbody><\/table><\/div><style type='text\/css'><\/style>\n\t<div  class='av_promobox  avia-button-yes '>\t\t<div class='avia-promocontent'><p>\nWe produce productivity. Get a quotation.<\/p>\n<\/div><div class='avia-button-wrap avia-button-right '><a href='http:\/\/fimaks.com\/es\/contacto\/' class='avia-button   avia-icon_select-no avia-color-theme-color avia-size-large avia-position-right '   ><span class='avia_iconbox_title' >Contacto<\/span><\/a><\/div>\t<\/div>\n<div class='avia-image-container  av-styling-no-styling    avia-align-center '  itemprop=\"ImageObject\" itemscope=\"itemscope\" itemtype=\"https:\/\/schema.org\/ImageObject\"  ><div class='avia-image-container-inner'><a href='http:\/\/fimaks.com\/es\/catalogos\/' class='avia_image'   target=\"_blank\" ><img class='avia_image ' src='https:\/\/fimaks.com\/wp-content\/uploads\/2018\/02\/Ot-silaj-makineleri-katalog.jpg' alt='Ot-silaj-makineleri-katalog' title='Ot-silaj-makineleri-katalog'  itemprop=\"thumbnailUrl\"  \/><\/a><\/div><\/div>\n","protected":false},"excerpt":{"rendered":"","protected":false},"author":1,"featured_media":0,"parent":14299,"menu_order":0,"comment_status":"closed","ping_status":"closed","template":"","meta":{"_exactmetrics_skip_tracking":false,"_exactmetrics_sitenote_active":false,"_exactmetrics_sitenote_note":"","_exactmetrics_sitenote_category":0,"footnotes":""},"yst_prominent_words":[],"class_list":["post-15724","page","type-page","status-publish","hentry"],"_links":{"self":[{"href":"https:\/\/fimaks.com\/es\/wp-json\/wp\/v2\/pages\/15724","targetHints":{"allow":["GET"]}}],"collection":[{"href":"https:\/\/fimaks.com\/es\/wp-json\/wp\/v2\/pages"}],"about":[{"href":"https:\/\/fimaks.com\/es\/wp-json\/wp\/v2\/types\/page"}],"author":[{"embeddable":true,"href":"https:\/\/fimaks.com\/es\/wp-json\/wp\/v2\/users\/1"}],"replies":[{"embeddable":true,"href":"https:\/\/fimaks.com\/es\/wp-json\/wp\/v2\/comments?post=15724"}],"version-history":[{"count":37,"href":"https:\/\/fimaks.com\/es\/wp-json\/wp\/v2\/pages\/15724\/revisions"}],"predecessor-version":[{"id":20300,"href":"https:\/\/fimaks.com\/es\/wp-json\/wp\/v2\/pages\/15724\/revisions\/20300"}],"up":[{"embeddable":true,"href":"https:\/\/fimaks.com\/es\/wp-json\/wp\/v2\/pages\/14299"}],"wp:attachment":[{"href":"https:\/\/fimaks.com\/es\/wp-json\/wp\/v2\/media?parent=15724"}],"wp:term":[{"taxonomy":"yst_prominent_words","embeddable":true,"href":"https:\/\/fimaks.com\/es\/wp-json\/wp\/v2\/yst_prominent_words?post=15724"}],"curies":[{"name":"wp","href":"https:\/\/api.w.org\/{rel}","templated":true}]}}