{"id":20059,"date":"2021-06-25T20:25:53","date_gmt":"2021-06-25T17:25:53","guid":{"rendered":"http:\/\/fimaks.com\/grupo-de-enfardadoras\/plastificadora-de-fardos-fmbs-160\/"},"modified":"2021-06-25T20:25:55","modified_gmt":"2021-06-25T17:25:55","slug":"plastificadora-de-fardos-fmbs-160","status":"publish","type":"page","link":"https:\/\/fimaks.com\/es\/grupo-de-enfardadoras\/plastificadora-de-fardos-fmbs-160\/","title":{"rendered":"PLASTIFICADORA DE FARDOS FMBS 160"},"content":{"rendered":"<div class='av-hotspot-image-container avia_animate_when_almost_visible   avia_animated_image avia_animate_when_almost_visible fade-in av-hotspot-numbered av-mobile-fallback-active    av-non-fullwidth-hotspot-image '  itemprop=\"ImageObject\" itemscope=\"itemscope\" itemtype=\"https:\/\/schema.org\/ImageObject\"  ><div class='av-hotspot-container'><div class='av-hotspot-container-inner-cell'><div class='av-hotspot-container-inner-wrap'><div class='av-image-hotspot' data-avia-tooltip-position='right' data-avia-tooltip-alignment='centered' data-avia-tooltip-class='av-tt-default-width av-tt-pos-right av-tt-align-centered  av-mobile-fallback-active  transparent_dark av-tt-hotspot' data-avia-tooltip='&lt;p&gt;FACIL TRANSPORTE&lt;\/p&gt;\n' style='top: 78.8%; left: 59.7%; '><div class='av-image-hotspot_inner' style='background-color: #c2c9ce; color: #000000;'>1<\/div><div class='av-image-hotspot-pulse' style='background-color:#e8e8e8;'><\/div><\/div><div class='av-image-hotspot' data-avia-tooltip-position='bottom' data-avia-tooltip-alignment='centered' data-avia-tooltip-class='av-tt-default-width av-tt-pos-below av-tt-align-centered  av-mobile-fallback-active  transparent_dark av-tt-hotspot' data-avia-tooltip='&lt;p&gt;CHASIS REFORZADO&lt;\/p&gt;\n' style='top: 59.5%; left: 57.1%; '><div class='av-image-hotspot_inner' style='background-color: #c2c9ce; color: #000000;'>2<\/div><div class='av-image-hotspot-pulse' style='background-color:#ffffff;'><\/div><\/div><div class='av-image-hotspot' data-avia-tooltip-position='top' data-avia-tooltip-alignment='left' data-avia-tooltip-class='av-tt-default-width av-tt-pos-above av-tt-align-left  av-mobile-fallback-active  transparent_dark av-tt-hotspot' data-avia-tooltip='&lt;p&gt;PERFORMANCE DE PLASTIFICADO OPTIMIZADO&lt;\/p&gt;\n' style='top: 58.9%; left: 52.9%; '><div class='av-image-hotspot_inner' style='background-color: #c2c9ce; color: #000000;'>3<\/div><div class='av-image-hotspot-pulse' style='background-color:#ffffff;'><\/div><\/div><div class='av-image-hotspot' data-avia-tooltip-position='top' data-avia-tooltip-alignment='left' data-avia-tooltip-class='av-tt-default-width av-tt-pos-above av-tt-align-left  av-mobile-fallback-active  transparent_dark av-tt-hotspot' data-avia-tooltip='&lt;p&gt;USO FACIL&lt;\/p&gt;\n' style='top: 80.6%; left: 42.5%; '><div class='av-image-hotspot_inner' style='background-color: #c2c9ce; color: #000000;'>4<\/div><div class='av-image-hotspot-pulse' style='background-color:#ffffff;'><\/div><\/div><div class='av-image-hotspot' data-avia-tooltip-position='top' data-avia-tooltip-alignment='left' data-avia-tooltip-class='av-tt-default-width av-tt-pos-above av-tt-align-left  av-mobile-fallback-active  transparent_dark av-tt-hotspot' data-avia-tooltip='&lt;p&gt;SISTEMA DE PLASTIFICADO SATELITAL&lt;\/p&gt;\n' style='top: 37%; left: 45.7%; '><div class='av-image-hotspot_inner' style='background-color: #c2c9ce; color: #000000;'>5<\/div><div class='av-image-hotspot-pulse' style='background-color:#ffffff;'><\/div><\/div><img class='avia_image ' src='https:\/\/fimaks.com\/wp-content\/uploads\/2020\/08\/PRO-1.png' alt='' title='PRO'   itemprop=\"thumbnailUrl\"  \/><\/div><\/div><\/div><div class='av-hotspot-fallback-tooltip'><div class='av-hotspot-fallback-tooltip-count'>1<div class='avia-arrow'><\/div><\/div><div class='av-hotspot-fallback-tooltip-inner clearfix'><p>\nFACIL TRANSPORTE<\/p>\n<\/div><\/div><div class='av-hotspot-fallback-tooltip'><div class='av-hotspot-fallback-tooltip-count'>2<div class='avia-arrow'><\/div><\/div><div class='av-hotspot-fallback-tooltip-inner clearfix'><p>\nCHASIS REFORZADO<\/p>\n<\/div><\/div><div class='av-hotspot-fallback-tooltip'><div class='av-hotspot-fallback-tooltip-count'>3<div class='avia-arrow'><\/div><\/div><div class='av-hotspot-fallback-tooltip-inner clearfix'><p>\nPERFORMANCE DE PLASTIFICADO OPTIMIZADO<\/p>\n<\/div><\/div><div class='av-hotspot-fallback-tooltip'><div class='av-hotspot-fallback-tooltip-count'>4<div class='avia-arrow'><\/div><\/div><div class='av-hotspot-fallback-tooltip-inner clearfix'><p>\nUSO FACIL<\/p>\n<\/div><\/div><div class='av-hotspot-fallback-tooltip'><div class='av-hotspot-fallback-tooltip-count'>5<div class='avia-arrow'><\/div><\/div><div class='av-hotspot-fallback-tooltip-inner clearfix'><p>\nSISTEMA DE PLASTIFICADO SATELITAL<\/p>\n<\/div><\/div><\/div>\n<div style='padding-bottom:10px;' class='av-special-heading av-special-heading-h1  blockquote modern-quote modern-centered   av-thin-font '><h1 class='av-special-heading-tag '  itemprop=\"headline\"  >PLASTIFICADORA DE FARDOS <br \/>| <strong>FMBS 160 <\/strong>|<\/h1><div class='special-heading-border'><div class='special-heading-inner-border' ><\/div><\/div><\/div>\n<div  class='hr hr-default  '><span class='hr-inner ' ><span class='hr-inner-style'><\/span><\/span><\/div>\n<section class=\"av_textblock_section \"  itemscope=\"itemscope\" itemtype=\"https:\/\/schema.org\/CreativeWork\" ><div class='avia_textblock  '   itemprop=\"text\" ><p>El plastificador de fardos Fimaks est\u00e1 dise\u00f1ada para envolver pacas redondas. El sistema de trabajo FMBS 160 se llama sistema de sat\u00e9lite. Mientras que los brazos de encintado giran alrededor de la paca, la paca gira sobre las barras antivuelco. Cuando finaliza el proceso de envoltura, la m\u00e1quina corta el propio material de envoltura. Este sistema es m\u00e1s confiable y m\u00e1s r\u00e1pido. La encintadora de balas FMBS 160 de Fimaks se puede mover y manejar f\u00e1cilmente con el tractor. Las balas pesadas se pueden envolver f\u00e1cilmente con la plastificadora de fardos Fimaks.<\/p>\n<\/div><\/section>\n<div  class='hr hr-default  '><span class='hr-inner ' ><span class='hr-inner-style'><\/span><\/span><\/div>\n<div class=\"flex_column av_one_half  flex_column_div av-zero-column-padding first  \" style='border-radius:0px; '><div class='avia-image-container  av-styling-    avia-align-center '  itemprop=\"ImageObject\" itemscope=\"itemscope\" itemtype=\"https:\/\/schema.org\/ImageObject\"  ><div class='avia-image-container-inner'><img class='avia_image ' src='https:\/\/fimaks.com\/wp-content\/uploads\/2020\/08\/1.png' alt='' title='1'   itemprop=\"thumbnailUrl\"  \/><\/div><\/div><\/div>\n<div class=\"flex_column av_one_half  flex_column_div av-zero-column-padding   \" style='border-radius:0px; '><div class='avia-image-container  av-styling-    avia-align-center '  itemprop=\"ImageObject\" itemscope=\"itemscope\" itemtype=\"https:\/\/schema.org\/ImageObject\"  ><div class='avia-image-container-inner'><img class='avia_image ' src='https:\/\/fimaks.com\/wp-content\/uploads\/2020\/08\/2-1.png' alt='' title='2'   itemprop=\"thumbnailUrl\"  \/><\/div><\/div><\/div>\n<div  class='hr hr-default  '><span class='hr-inner ' ><span class='hr-inner-style'><\/span><\/span><\/div>\n<div class='av-social-sharing-box  av-social-sharing-box-minimal '><div class='av-share-box'><ul class='av-share-box-list noLightbox'><li class='av-share-link av-social-link-facebook' ><a target='_blank' href='http:\/\/www.facebook.com\/sharer.php?u=https:\/\/fimaks.com\/es\/grupo-de-enfardadoras\/plastificadora-de-fardos-fmbs-160\/&amp;t=PLASTIFICADORA%20DE%20FARDOS%20FMBS%20160' aria-hidden='true' data-av_icon='\ue8f3' data-av_iconfont='entypo-fontello' title='' data-avia-related-tooltip='Compartir en Facebook'><span class='avia_hidden_link_text'>Compartir en Facebook<\/span><\/a><\/li><li class='av-share-link av-social-link-twitter' ><a target='_blank' href='https:\/\/twitter.com\/share?text=PLASTIFICADORA%20DE%20FARDOS%20FMBS%20160&url=https:\/\/fimaks.com\/es\/?p=20059' aria-hidden='true' data-av_icon='\ue8f1' data-av_iconfont='entypo-fontello' title='' data-avia-related-tooltip='Compartir en Twitter'><span class='avia_hidden_link_text'>Compartir en Twitter<\/span><\/a><\/li><li class='av-share-link av-social-link-gplus' ><a target='_blank' href='https:\/\/plus.google.com\/share?url=https:\/\/fimaks.com\/es\/grupo-de-enfardadoras\/plastificadora-de-fardos-fmbs-160\/' aria-hidden='true' data-av_icon='\ue8f6' data-av_iconfont='entypo-fontello' title='' data-avia-related-tooltip='Compartir en Google+'><span class='avia_hidden_link_text'>Compartir en Google+<\/span><\/a><\/li><li class='av-share-link av-social-link-pinterest' ><a target='_blank' href='http:\/\/pinterest.com\/pin\/create\/button\/?url=https%3A%2F%2Ffimaks.com%2Fes%2Fgrupo-de-enfardadoras%2Fplastificadora-de-fardos-fmbs-160%2F&amp;description=PLASTIFICADORA%20DE%20FARDOS%20FMBS%20160&amp;media=' aria-hidden='true' data-av_icon='\ue8f8' data-av_iconfont='entypo-fontello' title='' data-avia-related-tooltip='Compartir en Pinterest'><span class='avia_hidden_link_text'>Compartir en Pinterest<\/span><\/a><\/li><li class='av-share-link av-social-link-linkedin' ><a target='_blank' href='http:\/\/linkedin.com\/shareArticle?mini=true&amp;title=PLASTIFICADORA%20DE%20FARDOS%20FMBS%20160&amp;url=https:\/\/fimaks.com\/es\/grupo-de-enfardadoras\/plastificadora-de-fardos-fmbs-160\/' aria-hidden='true' data-av_icon='\ue8fc' data-av_iconfont='entypo-fontello' title='' data-avia-related-tooltip='Compartir en Linkedin'><span class='avia_hidden_link_text'>Compartir en Linkedin<\/span><\/a><\/li><li class='av-share-link av-social-link-tumblr' ><a target='_blank' href='http:\/\/www.tumblr.com\/share\/link?url=https%3A%2F%2Ffimaks.com%2Fes%2Fgrupo-de-enfardadoras%2Fplastificadora-de-fardos-fmbs-160%2F&amp;name=PLASTIFICADORA%20DE%20FARDOS%20FMBS%20160&amp;description=' aria-hidden='true' data-av_icon='\ue8fa' data-av_iconfont='entypo-fontello' title='' data-avia-related-tooltip='Compartir en Tumblr'><span class='avia_hidden_link_text'>Compartir en Tumblr<\/span><\/a><\/li><li class='av-share-link av-social-link-vk' ><a target='_blank' href='http:\/\/vk.com\/share.php?url=https:\/\/fimaks.com\/es\/grupo-de-enfardadoras\/plastificadora-de-fardos-fmbs-160\/' aria-hidden='true' data-av_icon='\ue926' data-av_iconfont='entypo-fontello' title='' data-avia-related-tooltip='Compartir en Vk'><span class='avia_hidden_link_text'>Compartir en Vk<\/span><\/a><\/li><li class='av-share-link av-social-link-reddit' ><a target='_blank' href='http:\/\/reddit.com\/submit?url=https:\/\/fimaks.com\/es\/grupo-de-enfardadoras\/plastificadora-de-fardos-fmbs-160\/&amp;title=PLASTIFICADORA%20DE%20FARDOS%20FMBS%20160' aria-hidden='true' data-av_icon='\ue927' data-av_iconfont='entypo-fontello' title='' data-avia-related-tooltip='Compartir en Reddit'><span class='avia_hidden_link_text'>Compartir en Reddit<\/span><\/a><\/li><li class='av-share-link av-social-link-mail' ><a  href='mailto:?subject=PLASTIFICADORA%20DE%20FARDOS%20FMBS%20160&amp;body=https:\/\/fimaks.com\/es\/grupo-de-enfardadoras\/plastificadora-de-fardos-fmbs-160\/' aria-hidden='true' data-av_icon='\ue805' data-av_iconfont='entypo-fontello' title='' data-avia-related-tooltip='Compartir por correo'><span class='avia_hidden_link_text'>Compartir por correo<\/span><\/a><\/li><\/ul><\/div><\/div>\n<div  class='hr hr-default  '><span class='hr-inner ' ><span class='hr-inner-style'><\/span><\/span><\/div>\n<div class='avia-data-table-wrap avia_responsive_table'><table class='avia-table avia-data-table avia-table-1  avia_pricing_default '  itemscope=\"itemscope\" itemtype=\"https:\/\/schema.org\/Table\" ><tbody><tr class=''><td class=''>LOGITUD\u00a0(mm)<\/td><td class=''>2480<\/td><\/tr><tr class=''><td class=''>ANCHO\u00a0(mm)<\/td><td class=''>1580<\/td><\/tr><tr class=''><td class=''>ALTURA (mm)<\/td><td class=''>2380<\/td><\/tr><tr class=''><td class=''>PESO NETO (kg)<\/td><td class=''>840<\/td><\/tr><tr class=''><td class=''>DIAMETRO DE FARDO (mm) (min\/max)<\/td><td class=''>1200\/1600<\/td><\/tr><tr class=''><td class=''>REQUERIMIENTO DE POTENCIA (hp)<\/td><td class=''>70<\/td><\/tr><\/tbody><\/table><\/div><style type='text\/css'><\/style>\n\t<div  class='av_promobox  avia-button-yes '>\t\t<div class='avia-promocontent'><p>\nCont\u00e1ctenos para m\u00e1s informaci\u00f3n!<\/p>\n<\/div><div class='avia-button-wrap avia-button-right '><a href='' class='avia-button   avia-icon_select-no avia-color-theme-color avia-size-large avia-position-right '   ><span class='avia_iconbox_title' >Contacto<\/span><\/a><\/div>\t<\/div>\n<div class='avia-image-container  av-styling-no-styling    avia-align-center '  itemprop=\"ImageObject\" itemscope=\"itemscope\" itemtype=\"https:\/\/schema.org\/ImageObject\"  ><div class='avia-image-container-inner'><a href='http:\/\/fimaks.com\/wp-content\/uploads\/2020\/08\/\u00dcr\u00fcn-Katalo\u011fu.pdf' class='avia_image'   target=\"_blank\" ><img class='avia_image ' src='https:\/\/fimaks.com\/wp-content\/uploads\/2018\/02\/YEM-KARMA-MAK\u0130NELER\u0130-KATALOG2.jpg' alt='YEM-KARMA-MAK\u0130NELER\u0130-KATALOG2' title='YEM-KARMA-MAK\u0130NELER\u0130-KATALOG2'  itemprop=\"thumbnailUrl\"  \/><\/a><\/div><\/div>\n","protected":false},"excerpt":{"rendered":"","protected":false},"author":1,"featured_media":0,"parent":20041,"menu_order":0,"comment_status":"closed","ping_status":"closed","template":"","meta":{"_exactmetrics_skip_tracking":false,"_exactmetrics_sitenote_active":false,"_exactmetrics_sitenote_note":"","_exactmetrics_sitenote_category":0,"footnotes":""},"yst_prominent_words":[],"class_list":["post-20059","page","type-page","status-publish","hentry"],"_links":{"self":[{"href":"https:\/\/fimaks.com\/es\/wp-json\/wp\/v2\/pages\/20059","targetHints":{"allow":["GET"]}}],"collection":[{"href":"https:\/\/fimaks.com\/es\/wp-json\/wp\/v2\/pages"}],"about":[{"href":"https:\/\/fimaks.com\/es\/wp-json\/wp\/v2\/types\/page"}],"author":[{"embeddable":true,"href":"https:\/\/fimaks.com\/es\/wp-json\/wp\/v2\/users\/1"}],"replies":[{"embeddable":true,"href":"https:\/\/fimaks.com\/es\/wp-json\/wp\/v2\/comments?post=20059"}],"version-history":[{"count":15,"href":"https:\/\/fimaks.com\/es\/wp-json\/wp\/v2\/pages\/20059\/revisions"}],"predecessor-version":[{"id":20074,"href":"https:\/\/fimaks.com\/es\/wp-json\/wp\/v2\/pages\/20059\/revisions\/20074"}],"up":[{"embeddable":true,"href":"https:\/\/fimaks.com\/es\/wp-json\/wp\/v2\/pages\/20041"}],"wp:attachment":[{"href":"https:\/\/fimaks.com\/es\/wp-json\/wp\/v2\/media?parent=20059"}],"wp:term":[{"taxonomy":"yst_prominent_words","embeddable":true,"href":"https:\/\/fimaks.com\/es\/wp-json\/wp\/v2\/yst_prominent_words?post=20059"}],"curies":[{"name":"wp","href":"https:\/\/api.w.org\/{rel}","templated":true}]}}