{"id":20075,"date":"2021-06-25T20:58:16","date_gmt":"2021-06-25T17:58:16","guid":{"rendered":"http:\/\/fimaks.com\/grupo-de-enfardadoras\/enfardadora-2690\/"},"modified":"2021-07-27T10:51:26","modified_gmt":"2021-07-27T07:51:26","slug":"enfardadora-2690","status":"publish","type":"page","link":"https:\/\/fimaks.com\/es\/grupo-de-enfardadoras\/enfardadora-2690\/","title":{"rendered":"Enfardadora &#8211; 2690"},"content":{"rendered":"<div class='av-hotspot-image-container avia_animate_when_almost_visible   avia_animated_image avia_animate_when_almost_visible fade-in av-hotspot-numbered av-mobile-fallback-active    av-non-fullwidth-hotspot-image '  itemprop=\"ImageObject\" itemscope=\"itemscope\" itemtype=\"https:\/\/schema.org\/ImageObject\"  ><div class='av-hotspot-container'><div class='av-hotspot-container-inner-cell'><div class='av-hotspot-container-inner-wrap'><img class='avia_image ' src='https:\/\/fimaks.com\/wp-content\/uploads\/2021\/02\/2690.png' alt='' title='2690'   itemprop=\"thumbnailUrl\"  \/><\/div><\/div><\/div><\/div>\n<div style='padding-bottom:10px;' class='av-special-heading av-special-heading-h1  blockquote modern-quote modern-centered   av-thin-font '><h1 class='av-special-heading-tag '  itemprop=\"headline\"  >ENFARDADORA DE 2 AMARRES <br \/> | <strong>2690 <\/strong>|<\/h1><div class='special-heading-border'><div class='special-heading-inner-border' ><\/div><\/div><\/div>\n<div  class='hr hr-default  '><span class='hr-inner ' ><span class='hr-inner-style'><\/span><\/span><\/div>\n<section class=\"av_textblock_section \"  itemscope=\"itemscope\" itemtype=\"https:\/\/schema.org\/CreativeWork\" ><div class='avia_textblock  '   itemprop=\"text\" ><p>Las empacadoras Fimaks modelos 1600 y 2690 son m\u00e1quinas especiales de muy ligero peso y m\u00e1xima agilidad. La mayor\u00eda de las soluciones t\u00e9cnicas son similares a las de los modelos m\u00e1s grandes pero, gracias a sus especificaciones \u00fanicas, se pueden utilizar en terrenos muy escarpados o muy blandos, como monta\u00f1as o arrozales, proporcionando una experiencia agr\u00edcola sorprendente. Entre sus accesorios encontramos el elevador hidr\u00e1ulico, la mec\u00e1nica de los sistemas de regulaci\u00f3n hidr\u00e1ulica de la barra de tiro y el sensor de humedad para la c\u00e1mara de compresi\u00f3n.<\/p>\n<\/div><\/section>\n<div  class='hr hr-default  '><span class='hr-inner ' ><span class='hr-inner-style'><\/span><\/span><\/div>\n<div  class='avia-video avia-video-16-9   '  itemprop=\"video\" itemtype=\"https:\/\/schema.org\/VideoObject\" ><div class='avia-iframe-wrap'><iframe loading=\"lazy\" width=\"1500\" height=\"844\" src=\"https:\/\/www.youtube.com\/embed\/k6tG05OafUQ?feature=oembed\" frameborder=\"0\" allow=\"accelerometer; autoplay; clipboard-write; encrypted-media; gyroscope; picture-in-picture\" allowfullscreen><\/iframe><\/div><\/div>\n<div class='avia-data-table-wrap avia_responsive_table'><table class='avia-table avia-data-table avia-table-1  avia_pricing_default '  itemscope=\"itemscope\" itemtype=\"https:\/\/schema.org\/Table\" ><tbody><tr class=''><td class=''><strong>INFORMACION TECNICA<\/strong><\/td><td class=''><\/td><\/tr><tr class=''><td class=''>POTENCIA REQUERIDA (hp)<\/td><td class=''>35<\/td><\/tr><tr class=''><td class=''><strong>PERFORMANCE (BAJO CONDICIONES IDEALES)<\/strong><\/td><td class=''><\/td><\/tr><tr class=''><td class=''>PESO FARDO &#8211; PAJA (kg)<\/td><td class=''>15-20<\/td><\/tr><tr class=''><td class=''>PESO FARDO &#8211; HENO (kg)<\/td><td class=''>20-30<\/td><\/tr><tr class=''><td class=''>FARDOS POR HORA<\/td><td class=''>350 FARDOS \/ HORA<\/td><\/tr><tr class=''><td class=''><strong>SISTEMA DE PICK-UP\u00a0<\/strong><\/td><td class=''><\/td><\/tr><tr class=''><td class=''>ANCHO PICK-UP (cm)<\/td><td class=''>155<\/td><\/tr><tr class=''><td class=''>ANCHO NETO DE PICK-UP &#8211; PARED A PARED (cm)<\/td><td class=''>142<\/td><\/tr><tr class=''><td class=''><strong>SISTEMA DE PICK-UP\u00a0<\/strong><\/td><td class=''>19<\/td><\/tr><tr class=''><td class=''>SISTEMA DE PICK-UP HIDRAULICO<\/td><td class=''>INCLUIDO<\/td><\/tr><tr class=''><td class=''>LLANTA DE SOPORTE PARE EL PICK-UP<\/td><td class=''>INCLUIDO<\/td><\/tr><tr class=''><td class=''><strong>REPICADOR<\/strong><\/td><td class=''>NO INCLUIDO<\/td><\/tr><tr class=''><td class=''><strong>CAMARA DE COMPRESION Y COLA<\/strong><\/td><td class=''><\/td><\/tr><tr class=''><td class=''>DIMENSION DE FARDO (cm)<\/td><td class=''>36&#215;46<\/td><\/tr><tr class=''><td class=''>GUIAS DE COMPRESION Y COMPRESIONES \/ MIN @ 610 RPM DE LA TDF<\/td><td class=''>66 cm \/ 100 rpm<\/td><\/tr><tr class=''><td class=''>TIPO DE COLA<\/td><td class=''>STANDARD<\/td><\/tr><tr class=''><td class=''><strong>DETALLE DE AMARRADORES <\/strong><\/td><td class=''><\/td><\/tr><tr class=''><td class=''>NUMERO DE AGUJAS<\/td><td class=''>2<\/td><\/tr><tr class=''><td class=''>LUCES DE AMARRADORES<\/td><td class=''>OPCIONAL<\/td><\/tr><tr class=''><td class=''>SISTEMA DE LUBRICACION DE AMARRADORES CENTRALIZADO<\/td><td class=''>OPCIONAL<\/td><\/tr><tr class=''><td class=''>VENTILADORES DE AMARRADORES<\/td><td class=''>OPCIONAL<\/td><\/tr><tr class=''><td class=''>CAMBIO DE CARRETERA A POSICI\u00d3N DE TRABAJO<\/td><td class=''><\/td><\/tr><tr class=''><td class=''>MECANICO<\/td><td class=''>STANDARD<\/td><\/tr><tr class=''><td class=''>HIDRAULICO<\/td><td class=''>OPCIONAL<\/td><\/tr><tr class=''><td class=''>TRANSMISION<\/td><td class=''><\/td><\/tr><tr class=''><td class=''>TRANSMISION DEL AMARRADOR<\/td><td class=''>CADENA<\/td><\/tr><tr class=''><td class=''>TRANSMISION DE TRINCHO IZQUIERDO<\/td><td class=''>CADENA<\/td><\/tr><tr class=''><td class=''>TRANSMISION DE TRINCHO DERECHO<\/td><td class=''>CADENA<\/td><\/tr><tr class=''><td class=''>TRANSMISION DE PICK-UP<\/td><td class=''>CORREA<\/td><\/tr><tr class=''><td class=''>STANDARD PTO SHAFT<\/td><td class=''>STANDARD<\/td><\/tr><tr class=''><td class=''>CARDAN HOMOCINETICO<\/td><td class=''>NO APLICA<\/td><\/tr><tr class=''><td class=''>CARDANES DUALES<\/td><td class=''>OPCIONAL<\/td><\/tr><tr class=''><td class=''>CAPACIDAD DE LA CAJA TWINE<\/td><td class=''>4<\/td><\/tr><tr class=''><td class=''><strong>ACCESORIOS<\/strong><\/td><td class=''><\/td><\/tr><tr class=''><td class=''>LUCES DE TRAFICO<\/td><td class=''>STANDARD<\/td><\/tr><tr class=''><td class=''>CONTADOR MECANICO DE FARDOS<\/td><td class=''>STANDARD<\/td><\/tr><tr class=''><td class=''>CONTADOR ELECTRONICO DE FARDOS<\/td><td class=''>OPCIONAL<\/td><\/tr><tr class=''><td class=''>RODILLO ACERO AUXILIAR EJE TRASERO<\/td><td class=''>OPCIONAL<\/td><\/tr><tr class=''><td class=''><strong>DIMENSIONES DE LA MAQUINA<\/strong><\/td><td class=''><\/td><\/tr><tr class=''><td class=''>ANCHO<\/td><td class=''>240<\/td><\/tr><tr class=''><td class=''>LONGITUD<\/td><td class=''>414<\/td><\/tr><tr class=''><td class=''>ALTURA<\/td><td class=''>172<\/td><\/tr><tr class=''><td class=''>DIMENSIONES LLANTA IZQUIERDA<\/td><td class=''>10.0\/80-12<\/td><\/tr><tr class=''><td class=''>DIMENSIONES LLANTA DERECHA<\/td><td class=''>7.00-12<\/td><\/tr><tr class=''><td class=''>ANCHO<\/td><td class=''>1240<\/td><\/tr><\/tbody><\/table><\/div><style type='text\/css'><\/style>\n<div  class='hr hr-default  '><span class='hr-inner ' ><span class='hr-inner-style'><\/span><\/span><\/div>\n\t<div  class='av_promobox  avia-button-yes '>\t\t<div class='avia-promocontent'><p>\nClick ac\u00e1 para m\u00e1s informaci\u00f3n.<\/p>\n<\/div><div class='avia-button-wrap avia-button-right '><a href='' class='avia-button   avia-icon_select-no avia-color-theme-color avia-size-large avia-position-right '   ><span class='avia_iconbox_title' >CONTACTO<\/span><\/a><\/div>\t<\/div>\n<div class='avia-image-container  av-styling-no-styling    avia-align-center '  itemprop=\"ImageObject\" itemscope=\"itemscope\" itemtype=\"https:\/\/schema.org\/ImageObject\"  ><div class='avia-image-container-inner'><a href='http:\/\/fimaks.com\/es\/catalogos\/' class='avia_image'   target=\"_blank\" ><img class='avia_image ' src='https:\/\/fimaks.com\/wp-content\/uploads\/2018\/02\/YEM-KARMA-MAK\u0130NELER\u0130-KATALOG2.jpg' alt='YEM-KARMA-MAK\u0130NELER\u0130-KATALOG2' title='YEM-KARMA-MAK\u0130NELER\u0130-KATALOG2'  itemprop=\"thumbnailUrl\"  \/><\/a><\/div><\/div>\n","protected":false},"excerpt":{"rendered":"","protected":false},"author":1,"featured_media":0,"parent":20041,"menu_order":0,"comment_status":"closed","ping_status":"closed","template":"","meta":{"_exactmetrics_skip_tracking":false,"_exactmetrics_sitenote_active":false,"_exactmetrics_sitenote_note":"","_exactmetrics_sitenote_category":0,"footnotes":""},"yst_prominent_words":[],"class_list":["post-20075","page","type-page","status-publish","hentry"],"_links":{"self":[{"href":"https:\/\/fimaks.com\/es\/wp-json\/wp\/v2\/pages\/20075","targetHints":{"allow":["GET"]}}],"collection":[{"href":"https:\/\/fimaks.com\/es\/wp-json\/wp\/v2\/pages"}],"about":[{"href":"https:\/\/fimaks.com\/es\/wp-json\/wp\/v2\/types\/page"}],"author":[{"embeddable":true,"href":"https:\/\/fimaks.com\/es\/wp-json\/wp\/v2\/users\/1"}],"replies":[{"embeddable":true,"href":"https:\/\/fimaks.com\/es\/wp-json\/wp\/v2\/comments?post=20075"}],"version-history":[{"count":60,"href":"https:\/\/fimaks.com\/es\/wp-json\/wp\/v2\/pages\/20075\/revisions"}],"predecessor-version":[{"id":20135,"href":"https:\/\/fimaks.com\/es\/wp-json\/wp\/v2\/pages\/20075\/revisions\/20135"}],"up":[{"embeddable":true,"href":"https:\/\/fimaks.com\/es\/wp-json\/wp\/v2\/pages\/20041"}],"wp:attachment":[{"href":"https:\/\/fimaks.com\/es\/wp-json\/wp\/v2\/media?parent=20075"}],"wp:term":[{"taxonomy":"yst_prominent_words","embeddable":true,"href":"https:\/\/fimaks.com\/es\/wp-json\/wp\/v2\/yst_prominent_words?post=20075"}],"curies":[{"name":"wp","href":"https:\/\/api.w.org\/{rel}","templated":true}]}}