{"id":20911,"date":"2021-07-13T05:03:33","date_gmt":"2021-07-13T02:03:33","guid":{"rendered":"http:\/\/fimaks.com\/grupo-de-enfardadoras\/enfardadora-5690\/"},"modified":"2022-01-12T08:16:36","modified_gmt":"2022-01-12T05:16:36","slug":"enfardadora-5690","status":"publish","type":"page","link":"https:\/\/fimaks.com\/es\/grupo-de-enfardadoras\/enfardadora-5690\/","title":{"rendered":"Enfardadora &#8211; 5690"},"content":{"rendered":"<div class='av-hotspot-image-container avia_animate_when_almost_visible   avia_animated_image avia_animate_when_almost_visible fade-in av-hotspot-numbered av-mobile-fallback-active    av-non-fullwidth-hotspot-image '  itemprop=\"ImageObject\" itemscope=\"itemscope\" itemtype=\"https:\/\/schema.org\/ImageObject\"  ><div class='av-hotspot-container'><div class='av-hotspot-container-inner-cell'><div class='av-hotspot-container-inner-wrap'><img class='avia_image ' src='https:\/\/fimaks.com\/wp-content\/uploads\/2021\/02\/5690.png' alt='' title='5690'   itemprop=\"thumbnailUrl\"  \/><\/div><\/div><\/div><\/div>\n<div style='padding-bottom:10px;' class='av-special-heading av-special-heading-h1  blockquote modern-quote modern-centered   av-thin-font '><h1 class='av-special-heading-tag '  itemprop=\"headline\"  >ENFARDADORA DE 3 AMARRES<br \/>\n| <strong>5690 <\/strong>|<\/h1><div class='special-heading-border'><div class='special-heading-inner-border' ><\/div><\/div><\/div>\n<div  class='hr hr-default  '><span class='hr-inner ' ><span class='hr-inner-style'><\/span><\/span><\/div>\n<section class=\"av_textblock_section \"  itemscope=\"itemscope\" itemtype=\"https:\/\/schema.org\/CreativeWork\" ><div class='avia_textblock  '   itemprop=\"text\" ><p>FLas empacadoras imaks 5690 son una de las soluciones m\u00e1s equilibradas en t\u00e9rminos de productividad, robustez y maniobrabilidad en todos los entornos de trabajo. Estas m\u00e1quinas fueron dise\u00f1adas espec\u00edficamente para grandes campos, usuarios profesionales, contratistas y granjas de gran tama\u00f1o, y sus dimensiones permiten el transporte por carretera sin permisos especiales. La gama de empacadoras 5690 es uno de los mayores \u00e9xitos gracias a una excelente combinaci\u00f3n de rendimiento y soluciones t\u00e9cnicas que proporcionan una excelente facilidad de uso y mantenimiento y una durabilidad incomparable.<\/p>\n<\/div><\/section>\n<div  class='hr hr-default  '><span class='hr-inner ' ><span class='hr-inner-style'><\/span><\/span><\/div>\n<div  class='avia-video avia-video-16-9   '  itemprop=\"video\" itemtype=\"https:\/\/schema.org\/VideoObject\" ><div class='avia-iframe-wrap'><iframe loading=\"lazy\" width=\"1500\" height=\"844\" src=\"https:\/\/www.youtube.com\/embed\/k6tG05OafUQ?feature=oembed\" frameborder=\"0\" allow=\"accelerometer; autoplay; clipboard-write; encrypted-media; gyroscope; picture-in-picture\" allowfullscreen><\/iframe><\/div><\/div>\n<div class='avia-data-table-wrap avia_responsive_table'><table class='avia-table avia-data-table avia-table-1  avia_pricing_default '  itemscope=\"itemscope\" itemtype=\"https:\/\/schema.org\/Table\" ><tbody><tr class=''><td class=''><\/td><td class=''>5690 S<\/td><td class=''>5690 S3<\/td><\/tr><tr class=''><td class=''>DETALLES TECNICOS<\/td><td class=''>2 AMARRES<\/td><td class=''>3 AMARRES<\/td><\/tr><tr class=''><td class=''>REQUERIMIENTO DE POTENCIA (hp)<\/td><td class=''>50<\/td><td class=''>50<\/td><\/tr><tr class=''><td class=''><strong>PERFORMANCE (BAJO CONDICIONES IDEALES)<\/strong><\/td><td class=''><\/td><td class=''><\/td><\/tr><tr class=''><td class=''>PESO FARDO \u2013 PAJA (kg)<\/td><td class=''>20-25<\/td><td class=''>22-27<\/td><\/tr><tr class=''><td class=''>PESO FARDO \u2013 HENO (kg)<\/td><td class=''>25-35<\/td><td class=''>27-37<\/td><\/tr><tr class=''><td class=''>FARDOS POR HORA<\/td><td class=''>500 fardos \/ hora<br \/>\n<\/td><td class=''>300 fardos \/ hora<\/td><\/tr><tr class=''><td class=''><strong>SISTEMA DE PICK-UP\u00a0<\/strong><\/td><td class=''><\/td><td class=''><\/td><\/tr><tr class=''><td class=''>ANCHO DE PICKUP (cm)<\/td><td class=''>180<\/td><td class=''>180<\/td><\/tr><tr class=''><td class=''>ANCHO DE PICK UP NETO \u2013 PARED A PARED (cm)<\/td><td class=''>158<\/td><td class=''>158<\/td><\/tr><tr class=''><td class=''>DEDOS<\/td><td class=''>21 DEDOS \/ 5 BARRAS<\/td><td class=''>21 DEDOS \/ 5 BARRAS<\/td><\/tr><tr class=''><td class=''>ALZADO DE PICK UP HIDRAULICO<\/td><td class=''>INCLUIDO<\/td><td class=''>INCLUIDO<\/td><\/tr><tr class=''><td class=''>LLANTA DE SOPORTE DE PICK-UP<\/p>\n<p><\/td><td class=''>INCLUIDO<\/td><td class=''>INCLUIDO<\/td><\/tr><tr class=''><td class=''><strong>REPICADOR<\/strong><\/td><td class=''>None<\/td><td class=''>None<\/td><\/tr><tr class=''><td class=''><strong>CAMARA DE COMPRESION Y COLA<\/strong><\/td><td class=''><\/td><td class=''><\/td><\/tr><tr class=''><td class=''>DIMENSIONES DE FARDO (cm)<\/td><td class=''>36&#215;46<\/td><td class=''>36&#215;46<\/td><\/tr><tr class=''><td class=''>GUIAS DE COMPRESION Y COMPRESIONES \/ MIN @ 610 RPM DE LA TDF<\/td><td class=''>73 cm \/ 104 rpm<\/td><td class=''>73 cm \/ 104 rpm<\/td><\/tr><tr class=''><td class=''><strong>DETALLES DEL AMARRADOR<\/strong><\/td><td class=''><\/td><td class=''><\/td><\/tr><tr class=''><td class=''>NUMERO DE DEDOS<\/td><td class=''>2 amarres<\/td><td class=''>3 AMARRES<\/td><\/tr><tr class=''><td class=''>LUCES DEL AMARRADOR<\/td><td class=''>Opcional<br \/>\n<\/td><td class=''>OPCIONAL<\/td><\/tr><tr class=''><td class=''>SISTEMA DE LUBRICACI\u00d3N CENTRALIZADO DE ANUDADORES<\/td><td class=''>Opcional, tipo de aceite<br \/>\n<\/td><td class=''>OPCIONAL (TIPO DE ACEITE)<\/td><\/tr><tr class=''><td class=''>SISTEMA AUTOM\u00c1TICO DE LUBRICACI\u00d3N DEL ANUDADOR CON BOMBA EL\u00c9CTRICA<\/td><td class=''>NO APLICA<\/td><td class=''>NO APLICA<\/td><\/tr><tr class=''><td class=''>VENTILADORES DOBLES DE AMARRADORES<\/td><td class=''>STANDARD<\/td><td class=''>STANDARD<\/td><\/tr><tr class=''><td class=''>CAMBIO DE CARRETERA A POSICI\u00d3N DE TRABAJO<\/td><td class=''><\/td><td class=''><\/td><\/tr><tr class=''><td class=''>HIDRAULICO<\/td><td class=''>STANDARD<\/td><td class=''>STANDARD<\/td><\/tr><tr class=''><td class=''>TRANSMISION<\/td><td class=''><\/td><td class=''><\/td><\/tr><tr class=''><td class=''>TRANSMISION AL AMARRADOR<\/td><td class=''>CADENA<\/td><td class=''>CADENA<\/td><\/tr><tr class=''><td class=''>TRANSMISION DE PICK-UP<\/td><td class=''>FAJAS<\/td><td class=''>FAJAS<\/td><\/tr><tr class=''><td class=''>STANDARD PTO SHAFT<\/td><td class=''>STANDARD<\/td><td class=''>STANDARD<\/td><\/tr><tr class=''><td class=''>CARDAN HOMOCINETICO<\/td><td class=''>OPCIONAL<\/td><td class=''>OPCIONAL<\/td><\/tr><tr class=''><td class=''>CARDANES DUALES<\/td><td class=''>STANDARD<\/td><td class=''>STANDARD<\/td><\/tr><tr class=''><td class=''>Capacidad de la caja de hilo<\/td><td class=''>8<\/td><td class=''>8<\/td><\/tr><tr class=''><td class=''><strong>ACCESORIOS<\/strong><\/td><td class=''><\/td><td class=''><\/td><\/tr><tr class=''><td class=''>LUCES DE TRAFICO<\/td><td class=''>STANDARD<\/td><td class=''>STANDARD<\/td><\/tr><tr class=''><td class=''>CONTADOR MECANICO DE FARDOS<\/td><td class=''>STANDARD<\/td><td class=''>STANDARD<\/td><\/tr><tr class=''><td class=''>CONTADOR ELECTRONICO DE FARDOS<\/td><td class=''>OPCIONAL<\/td><td class=''>OPCIONAL<\/td><\/tr><tr class=''><td class=''>RODILLO ACERO AUXILIAR EJE TRASERO<\/td><td class=''>OPCIONAL<\/td><td class=''>OPCIONAL<\/td><\/tr><tr class=''><td class=''>ALTURA DE EJE AJUSTABLE<\/td><td class=''>OPCIONAL<\/td><td class=''>OPCIONAL<\/td><\/tr><tr class=''><td class=''><strong>DIMENSIONES DE LA MAQUINA<\/strong><\/td><td class=''><\/td><td class=''><\/td><\/tr><tr class=''><td class=''>WIDTH<\/td><td class=''>255<\/td><td class=''>255<\/td><\/tr><tr class=''><td class=''>ANCHO<\/td><td class=''>511<\/td><td class=''>511<\/td><\/tr><tr class=''><td class=''>ALTURA<\/td><td class=''>182<\/td><td class=''>182<\/td><\/tr><tr class=''><td class=''>DIMENSIONES LLANTA IZQUIERDA<\/td><td class=''>10.0\/75-15<\/td><td class=''>10.0\/75-15<\/td><\/tr><tr class=''><td class=''>DIMENSIONES LLANTA DERECHA<\/td><td class=''>10.0\/80-12<\/td><td class=''>10.0\/80-12<\/td><\/tr><tr class=''><td class=''>PESO<\/td><td class=''>1850<\/td><td class=''>1850<\/td><\/tr><\/tbody><\/table><\/div><style type='text\/css'><\/style>\n<div  class='hr hr-default  '><span class='hr-inner ' ><span class='hr-inner-style'><\/span><\/span><\/div>\n\t<div  class='av_promobox  avia-button-yes '>\t\t<div class='avia-promocontent'><p>\nHaga click ac\u00e1 para informaci\u00f3n m\u00e1s detallada.<\/p>\n<\/div><div class='avia-button-wrap avia-button-right '><a href='' class='avia-button   avia-icon_select-no avia-color-theme-color avia-size-large avia-position-right '   ><span class='avia_iconbox_title' >CONTACTO<\/span><\/a><\/div>\t<\/div>\n<div class='avia-image-container  av-styling-no-styling    avia-align-center '  itemprop=\"ImageObject\" itemscope=\"itemscope\" itemtype=\"https:\/\/schema.org\/ImageObject\"  ><div class='avia-image-container-inner'><a href='http:\/\/fimaks.com\/es\/catalogos\/' class='avia_image'   target=\"_blank\" ><img class='avia_image ' src='https:\/\/fimaks.com\/wp-content\/uploads\/2018\/02\/YEM-KARMA-MAK\u0130NELER\u0130-KATALOG2.jpg' alt='YEM-KARMA-MAK\u0130NELER\u0130-KATALOG2' title='YEM-KARMA-MAK\u0130NELER\u0130-KATALOG2'  itemprop=\"thumbnailUrl\"  \/><\/a><\/div><\/div>\n","protected":false},"excerpt":{"rendered":"","protected":false},"author":1,"featured_media":0,"parent":20041,"menu_order":0,"comment_status":"closed","ping_status":"closed","template":"","meta":{"_exactmetrics_skip_tracking":false,"_exactmetrics_sitenote_active":false,"_exactmetrics_sitenote_note":"","_exactmetrics_sitenote_category":0,"footnotes":""},"yst_prominent_words":[],"class_list":["post-20911","page","type-page","status-publish","hentry"],"_links":{"self":[{"href":"https:\/\/fimaks.com\/es\/wp-json\/wp\/v2\/pages\/20911","targetHints":{"allow":["GET"]}}],"collection":[{"href":"https:\/\/fimaks.com\/es\/wp-json\/wp\/v2\/pages"}],"about":[{"href":"https:\/\/fimaks.com\/es\/wp-json\/wp\/v2\/types\/page"}],"author":[{"embeddable":true,"href":"https:\/\/fimaks.com\/es\/wp-json\/wp\/v2\/users\/1"}],"replies":[{"embeddable":true,"href":"https:\/\/fimaks.com\/es\/wp-json\/wp\/v2\/comments?post=20911"}],"version-history":[{"count":67,"href":"https:\/\/fimaks.com\/es\/wp-json\/wp\/v2\/pages\/20911\/revisions"}],"predecessor-version":[{"id":22781,"href":"https:\/\/fimaks.com\/es\/wp-json\/wp\/v2\/pages\/20911\/revisions\/22781"}],"up":[{"embeddable":true,"href":"https:\/\/fimaks.com\/es\/wp-json\/wp\/v2\/pages\/20041"}],"wp:attachment":[{"href":"https:\/\/fimaks.com\/es\/wp-json\/wp\/v2\/media?parent=20911"}],"wp:term":[{"taxonomy":"yst_prominent_words","embeddable":true,"href":"https:\/\/fimaks.com\/es\/wp-json\/wp\/v2\/yst_prominent_words?post=20911"}],"curies":[{"name":"wp","href":"https:\/\/api.w.org\/{rel}","templated":true}]}}