{"id":20977,"date":"2021-07-13T07:27:54","date_gmt":"2021-07-13T04:27:54","guid":{"rendered":"http:\/\/fimaks.com\/grupo-de-enfardadoras\/enfarddora-6000\/"},"modified":"2021-07-13T07:28:04","modified_gmt":"2021-07-13T04:28:04","slug":"enfarddora-6000","status":"publish","type":"page","link":"https:\/\/fimaks.com\/es\/grupo-de-enfardadoras\/enfarddora-6000\/","title":{"rendered":"Enfarddora &#8211; 6000"},"content":{"rendered":"<div class='av-hotspot-image-container avia_animate_when_almost_visible   avia_animated_image avia_animate_when_almost_visible fade-in av-hotspot-numbered av-mobile-fallback-active    av-non-fullwidth-hotspot-image '  itemprop=\"ImageObject\" itemscope=\"itemscope\" itemtype=\"https:\/\/schema.org\/ImageObject\"  ><div class='av-hotspot-container'><div class='av-hotspot-container-inner-cell'><div class='av-hotspot-container-inner-wrap'><img class='avia_image ' src='https:\/\/fimaks.com\/wp-content\/uploads\/2021\/02\/6000.png' alt='' title='6000'   itemprop=\"thumbnailUrl\"  \/><\/div><\/div><\/div><\/div>\n<div style='padding-bottom:10px;' class='av-special-heading av-special-heading-h1  blockquote modern-quote modern-centered   av-thin-font '><h1 class='av-special-heading-tag '  itemprop=\"headline\"  >ENFARDADORA DE 2 O 3 <br \/> | <strong>6000 <\/strong>|<\/h1><div class='special-heading-border'><div class='special-heading-inner-border' ><\/div><\/div><\/div>\n<div  class='hr hr-default  '><span class='hr-inner ' ><span class='hr-inner-style'><\/span><\/span><\/div>\n<section class=\"av_textblock_section \"  itemscope=\"itemscope\" itemtype=\"https:\/\/schema.org\/CreativeWork\" ><div class='avia_textblock  '   itemprop=\"text\" ><p>La gama de empacadoras Fimaks 6000 se encuentra en la parte superior de la gama Fimaks en t\u00e9rminos de robustez, densidad de pacas y productividad, y fue desarrollada principalmente para los usuarios profesionales que desean lograr el mayor rendimiento sin compromisos. Los modelos de empacadora 6000 se ofrecen con una gran cantidad de accesorios est\u00e1ndar, cuentan con eje card\u00e1n y transmisiones de engranajes para mantener siempre la perfecta sincronizaci\u00f3n entre horquillas, pist\u00f3n y anudador, y cuentan con sistemas de alimentaci\u00f3n compuestos por dos horquillas asistidas por un transportador sinf\u00edn para garantizar un flujo constante del producto en la c\u00e1mara de compresi\u00f3n. Finalmente, uno de los accesorios opcionales m\u00e1s interesantes es el sensor de humedad con display de mano para monitorear constantemente las condiciones del producto agr\u00edcola.<\/p>\n<\/div><\/section>\n<div  class='avia-video avia-video-16-9   '  itemprop=\"video\" itemtype=\"https:\/\/schema.org\/VideoObject\" ><div class='avia-iframe-wrap'><iframe loading=\"lazy\" width=\"1500\" height=\"844\" src=\"https:\/\/www.youtube.com\/embed\/k6tG05OafUQ?feature=oembed\" frameborder=\"0\" allow=\"accelerometer; autoplay; clipboard-write; encrypted-media; gyroscope; picture-in-picture\" allowfullscreen><\/iframe><\/div><\/div>\n<div  class='hr hr-default  '><span class='hr-inner ' ><span class='hr-inner-style'><\/span><\/span><\/div>\n<div class='avia-data-table-wrap avia_responsive_table'><table class='avia-table avia-data-table avia-table-1  avia_pricing_default '  itemscope=\"itemscope\" itemtype=\"https:\/\/schema.org\/Table\" ><tbody><tr class=''><td class=''><strong>DETALLES TECNICOS<\/strong><\/td><td class=''><\/td><\/tr><tr class=''><td class=''>POTENCIA NECESARIA (hp)<\/td><td class=''>60<\/td><\/tr><tr class=''><td class=''><strong>PERFORMANCE (BAJO CONDICIONES IDEALES)<\/strong><\/td><td class=''><\/td><\/tr><tr class=''><td class=''>PESO FARDO \u2013 PAJA\u00a0(kg)<\/td><td class=''>STD: 25-30 <\/td><\/tr><tr class=''><td class=''>PESO FARDO \u2013 HENO (kg)<\/td><td class=''>STD: 25-40 <\/td><\/tr><tr class=''><td class=''>FARDOS POR HORA<\/td><td class=''>600 fardos\/hora<\/td><\/tr><tr class=''><td class=''><strong>SISTEMA PICK-UP\u00a0<\/strong><\/td><td class=''><\/td><\/tr><tr class=''><td class=''>ANCHO DE PICK UP (cm)<\/td><td class=''>195<\/td><\/tr><tr class=''><td class=''>ANCHO DE PICK-UP\u00a0 NETO &#8211; PARED A PARED\u00a0(cm)<\/td><td class=''>172<\/td><\/tr><tr class=''><td class=''>DEDOS<\/td><td class=''>23 DEDOS \/ 5 BARRAS<\/td><\/tr><tr class=''><td class=''>LEVANTE DE PICK-UP HIDRAULICO<\/td><td class=''>INCLUIDO<\/td><\/tr><tr class=''><td class=''>LLANTA DE SOPORTE DE PICK-UP<\/td><td class=''>INCLUIDO<\/td><\/tr><tr class=''><td class=''><strong>REPICADOR<\/strong><\/td><td class=''>NO INCLUIDO<\/td><\/tr><tr class=''><td class=''><strong>CAMARA DE COMPRESION Y COLA<\/strong><\/td><td class=''><\/td><\/tr><tr class=''><td class=''>TAMA\u00d1O DE FARDO (cm)<\/td><td class=''>STD: 36&#215;46 <\/td><\/tr><tr class=''><td class=''>GUIAS DE COMPRESION Y COMPRESIONES \/ MIN @ 610 RPM DE LA TDF<\/td><td class=''>73 cm \/ 104 rpm<\/td><\/tr><tr class=''><td class=''><strong>DETALLES DEL AMARRADOR<\/strong><\/td><td class=''><\/td><\/tr><tr class=''><td class=''>NUMERO DE AGUJAS<\/td><td class=''>2 O 3 AMARRADORES<\/td><\/tr><tr class=''><td class=''>LUCES DE AMARRADORES<\/td><td class=''>OPCIONAL<\/td><\/tr><tr class=''><td class=''>SISTEMA DE LUBRICACI\u00d3N CENTRALIZADO DE AMARRADORES<\/td><td class=''>STANDARD (TIPO GRASA)<\/td><\/tr><tr class=''><td class=''>SISTEMA AUTOM\u00c1TICO DE LUBRICACI\u00d3N DEL ANUDADOR CON BOMBA EL\u00c9CTRICA<\/td><td class=''>OPCIONAL<\/td><\/tr><tr class=''><td class=''>VENTILADORES DE AMARRADORES DOBLES<\/td><td class=''>STANDARD<\/td><\/tr><tr class=''><td class=''>CAMBIO DE CARRETERA A POSICI\u00d3N DE TRABAJO<\/td><td class=''><\/td><\/tr><tr class=''><td class=''>HIDRAULICO<\/td><td class=''>STANDARD<\/td><\/tr><tr class=''><td class=''>TRANSMISION<\/td><td class=''><\/td><\/tr><tr class=''><td class=''>TRANSMISION AL AMARRADOR<\/td><td class=''>ENGRANE<\/td><\/tr><tr class=''><td class=''>TRANSMISION DE PICK-UP<\/td><td class=''>CADENA<\/td><\/tr><tr class=''><td class=''>STANDARD PTO SHAFT<\/td><td class=''>STANDARD<\/td><\/tr><tr class=''><td class=''>CARDAN HOMOCINETICO<\/td><td class=''>OPCIONAL<\/td><\/tr><tr class=''><td class=''>CARDANES DUALES<\/td><td class=''>STANDARD<\/td><\/tr><tr class=''><td class=''>Capacidad de la caja de hilo<\/td><td class=''>8<\/td><\/tr><tr class=''><td class=''><strong>ACCESORIOS<\/strong><\/td><td class=''><\/td><\/tr><tr class=''><td class=''>LUCES DE TRAFICO<\/td><td class=''>STANDARD<\/td><\/tr><tr class=''><td class=''>CONTADOR MECANICO DE FARDOS<\/td><td class=''>STANDARD<\/td><\/tr><tr class=''><td class=''>CONTADOR ELECTRONICO DE FARDOS<\/td><td class=''>OPCIONAL<\/td><\/tr><tr class=''><td class=''>RODILLO ACERO AUXILIAR EJE TRASERO<\/td><td class=''>OPCIONAL<\/td><\/tr><tr class=''><td class=''>PLATO PERFORADO AJUSTABLE ALTURA<\/td><td class=''>OPCIONAL<\/td><\/tr><tr class=''><td class=''><strong>DIMENSIONES DE LA MAQUINA<\/strong><\/td><td class=''><\/td><\/tr><tr class=''><td class=''>ANCHO<\/td><td class=''>265<\/td><\/tr><tr class=''><td class=''>LONGITUD<\/td><td class=''>511<\/td><\/tr><tr class=''><td class=''>ALTURA<\/td><td class=''>182<\/td><\/tr><tr class=''><td class=''>DIMENSIONES LLANTA IZQUIERDA<\/td><td class=''>10.0\/75-10<\/td><\/tr><tr class=''><td class=''>DIMENSIONES LLANTA DERECHA<\/td><td class=''>215\/75-15<\/td><\/tr><tr class=''><td class=''>PESO<\/td><td class=''>STD: 2000 <\/td><\/tr><\/tbody><\/table><\/div><style type='text\/css'><\/style>\n<div  class='hr hr-default  '><span class='hr-inner ' ><span class='hr-inner-style'><\/span><\/span><\/div>\n\t<div  class='av_promobox  avia-button-yes '>\t\t<div class='avia-promocontent'><p>\nHaga click ac\u00e1 para informaci\u00f3n m\u00e1s detallada.<\/p>\n<\/div><div class='avia-button-wrap avia-button-right '><a href='' class='avia-button   avia-icon_select-no avia-color-theme-color avia-size-large avia-position-right '   ><span class='avia_iconbox_title' >CONTACTO<\/span><\/a><\/div>\t<\/div>\n<div class='avia-image-container  av-styling-no-styling    avia-align-center '  itemprop=\"ImageObject\" itemscope=\"itemscope\" itemtype=\"https:\/\/schema.org\/ImageObject\"  ><div class='avia-image-container-inner'><a href='http:\/\/fimaks.com\/es\/catalogos\/' class='avia_image'   target=\"_blank\" ><img class='avia_image ' src='https:\/\/fimaks.com\/wp-content\/uploads\/2018\/02\/YEM-KARMA-MAK\u0130NELER\u0130-KATALOG2.jpg' alt='YEM-KARMA-MAK\u0130NELER\u0130-KATALOG2' title='YEM-KARMA-MAK\u0130NELER\u0130-KATALOG2'  itemprop=\"thumbnailUrl\"  \/><\/a><\/div><\/div>\n","protected":false},"excerpt":{"rendered":"","protected":false},"author":1,"featured_media":0,"parent":20041,"menu_order":0,"comment_status":"closed","ping_status":"closed","template":"","meta":{"_exactmetrics_skip_tracking":false,"_exactmetrics_sitenote_active":false,"_exactmetrics_sitenote_note":"","_exactmetrics_sitenote_category":0,"footnotes":""},"yst_prominent_words":[],"class_list":["post-20977","page","type-page","status-publish","hentry"],"_links":{"self":[{"href":"https:\/\/fimaks.com\/es\/wp-json\/wp\/v2\/pages\/20977","targetHints":{"allow":["GET"]}}],"collection":[{"href":"https:\/\/fimaks.com\/es\/wp-json\/wp\/v2\/pages"}],"about":[{"href":"https:\/\/fimaks.com\/es\/wp-json\/wp\/v2\/types\/page"}],"author":[{"embeddable":true,"href":"https:\/\/fimaks.com\/es\/wp-json\/wp\/v2\/users\/1"}],"replies":[{"embeddable":true,"href":"https:\/\/fimaks.com\/es\/wp-json\/wp\/v2\/comments?post=20977"}],"version-history":[{"count":58,"href":"https:\/\/fimaks.com\/es\/wp-json\/wp\/v2\/pages\/20977\/revisions"}],"predecessor-version":[{"id":21035,"href":"https:\/\/fimaks.com\/es\/wp-json\/wp\/v2\/pages\/20977\/revisions\/21035"}],"up":[{"embeddable":true,"href":"https:\/\/fimaks.com\/es\/wp-json\/wp\/v2\/pages\/20041"}],"wp:attachment":[{"href":"https:\/\/fimaks.com\/es\/wp-json\/wp\/v2\/media?parent=20977"}],"wp:term":[{"taxonomy":"yst_prominent_words","embeddable":true,"href":"https:\/\/fimaks.com\/es\/wp-json\/wp\/v2\/yst_prominent_words?post=20977"}],"curies":[{"name":"wp","href":"https:\/\/api.w.org\/{rel}","templated":true}]}}