{"id":12922,"date":"2018-05-15T16:07:21","date_gmt":"2018-05-15T13:07:21","guid":{"rendered":"http:\/\/fimaks.com\/andaineurs\/andaineur-9-bras\/"},"modified":"2018-05-28T12:18:11","modified_gmt":"2018-05-28T09:18:11","slug":"andaineur-9-bras","status":"publish","type":"page","link":"https:\/\/fimaks.com\/fr\/andaineurs\/andaineur-9-bras\/","title":{"rendered":"Andaineur-9-bras"},"content":{"rendered":"<div class='av-hotspot-image-container avia_animate_when_almost_visible   avia_animated_image avia_animate_when_almost_visible fade-in av-hotspot-numbered av-mobile-fallback-active    av-non-fullwidth-hotspot-image '  itemprop=\"ImageObject\" itemscope=\"itemscope\" itemtype=\"https:\/\/schema.org\/ImageObject\"  ><div class='av-hotspot-container'><div class='av-hotspot-container-inner-cell'><div class='av-hotspot-container-inner-wrap'><div class='av-image-hotspot' data-avia-tooltip-position='right' data-avia-tooltip-alignment='centered' data-avia-tooltip-class='av-tt-default-width av-tt-pos-right av-tt-align-centered  av-mobile-fallback-active  transparent_dark av-tt-hotspot' data-avia-tooltip='&lt;p&gt;&lt;span id=&quot;result_box&quot; class=&quot;short_text&quot; lang=&quot;fr&quot;&gt;&lt;span class=&quot;alt-edited&quot;&gt;FORTE CH\u00c2SSIS&lt;\/span&gt;&lt;\/span&gt;&lt;\/p&gt;\n' style='top: 55.2%; left: 54%; '><div class='av-image-hotspot_inner' style='background-color: #c2c9ce; color: #000000;'>1<\/div><div class='av-image-hotspot-pulse' style='background-color:#e8e8e8;'><\/div><\/div><div class='av-image-hotspot' data-avia-tooltip-position='bottom' data-avia-tooltip-alignment='centered' data-avia-tooltip-class='av-tt-default-width av-tt-pos-below av-tt-align-centered  av-mobile-fallback-active  transparent_dark av-tt-hotspot' data-avia-tooltip='&lt;p&gt;&lt;span id=&quot;result_box&quot; class=&quot;short_text&quot; lang=&quot;fr&quot;&gt;BO\u00ceTE ITALIENNE&lt;\/span&gt;&lt;\/p&gt;\n' style='top: 57.7%; left: 46.8%; '><div class='av-image-hotspot_inner' style='background-color: #c2c9ce; color: #000000;'>2<\/div><div class='av-image-hotspot-pulse' style='background-color:#ffffff;'><\/div><\/div><div class='av-image-hotspot' data-avia-tooltip-position='top' data-avia-tooltip-alignment='left' data-avia-tooltip-class='av-tt-default-width av-tt-pos-above av-tt-align-left  av-mobile-fallback-active  transparent_dark av-tt-hotspot' data-avia-tooltip='&lt;p&gt;&lt;span id=&quot;result_box&quot; class=&quot;short_text&quot; lang=&quot;fr&quot;&gt;&lt;span class=&quot;alt-edited&quot;&gt;FACILE A MONTER&lt;\/span&gt;&lt;\/span&gt;&lt;\/p&gt;\n' style='top: 69%; left: 43.3%; '><div class='av-image-hotspot_inner' style='background-color: #c2c9ce; color: #000000;'>3<\/div><div class='av-image-hotspot-pulse' style='background-color:#ffffff;'><\/div><\/div><div class='av-image-hotspot' data-avia-tooltip-position='top' data-avia-tooltip-alignment='left' data-avia-tooltip-class='av-tt-default-width av-tt-pos-above av-tt-align-left  av-mobile-fallback-active  transparent_dark av-tt-hotspot' data-avia-tooltip='&lt;p&gt;&lt;span id=&quot;result_box&quot; class=&quot;short_text&quot; lang=&quot;fr&quot;&gt;&lt;span class=&quot;&quot;&gt;R\u00c2TEAUX A HAUTE PERFORMANCE&lt;\/span&gt;&lt;\/span&gt;&lt;\/p&gt;\n' style='top: 77%; left: 39.7%; '><div class='av-image-hotspot_inner' style='background-color: #c2c9ce; color: #000000;'>4<\/div><div class='av-image-hotspot-pulse' style='background-color:#ffffff;'><\/div><\/div><div class='av-image-hotspot' data-avia-tooltip-position='top' data-avia-tooltip-alignment='left' data-avia-tooltip-class='av-tt-default-width av-tt-pos-above av-tt-align-left  av-mobile-fallback-active  transparent_dark av-tt-hotspot' data-avia-tooltip='&lt;p&gt;&lt;span id=&quot;result_box&quot; class=&quot;short_text&quot; lang=&quot;fr&quot;&gt;&lt;span class=&quot;&quot;&gt;PNEUS TOUT TERRAIN&lt;\/span&gt;&lt;\/span&gt;&lt;\/p&gt;\n' style='top: 70.7%; left: 55.5%; '><div class='av-image-hotspot_inner' style='background-color: #c2c9ce; color: #000000;'>5<\/div><div class='av-image-hotspot-pulse' style='background-color:#ffffff;'><\/div><\/div><div class='av-image-hotspot' data-avia-tooltip-position='top' data-avia-tooltip-alignment='left' data-avia-tooltip-class='av-tt-default-width av-tt-pos-above av-tt-align-left  av-mobile-fallback-active  transparent_dark av-tt-hotspot' data-avia-tooltip='&lt;p&gt;&lt;span id=&quot;result_box&quot; class=&quot;short_text&quot; lang=&quot;fr&quot;&gt;&lt;span class=&quot;&quot;&gt;ROUTAGE&lt;\/span&gt;&lt;\/span&gt;&lt;\/p&gt;\n' style='top: 53.1%; left: 37%; '><div class='av-image-hotspot_inner' style='background-color: #c2c9ce; color: #000000;'>6<\/div><div class='av-image-hotspot-pulse' style='background-color:#ffffff;'><\/div><\/div><div class='av-image-hotspot' data-avia-tooltip-position='top' data-avia-tooltip-alignment='left' data-avia-tooltip-class='av-tt-default-width av-tt-pos-above av-tt-align-left  av-mobile-fallback-active  transparent_dark av-tt-hotspot' data-avia-tooltip='&lt;p&gt;&lt;span id=&quot;result_box&quot; class=&quot;short_text&quot; lang=&quot;fr&quot;&gt;&lt;span class=&quot;alt-edited&quot;&gt;CAT.&lt;\/span&gt; &lt;span class=&quot;&quot;&gt;II SYST\u00c8ME DE SUSPENSION&lt;\/span&gt;&lt;\/span&gt;&lt;\/p&gt;\n' style='top: 51.1%; left: 57.9%; '><div class='av-image-hotspot_inner' style='background-color: #c2c9ce; color: #000000;'>7<\/div><div class='av-image-hotspot-pulse' style='background-color:#ffffff;'><\/div><\/div><img class='avia_image ' src='https:\/\/fimaks.com\/wp-content\/uploads\/2018\/03\/NAMLU-YAPMA-MAK\u0130NES\u0130-9-KOLLU-HEL\u0130KOPTER.png' alt='NAMLU-YAPMA-MAK\u0130NES\u0130-9-KOLLU-HEL\u0130KOPTER' title='NAMLU-YAPMA-MAK\u0130NES\u0130-9-KOLLU-HEL\u0130KOPTER'   itemprop=\"thumbnailUrl\"  \/><\/div><\/div><\/div><div class='av-hotspot-fallback-tooltip'><div class='av-hotspot-fallback-tooltip-count'>1<div class='avia-arrow'><\/div><\/div><div class='av-hotspot-fallback-tooltip-inner clearfix'><p>\n<span id=\"result_box\" class=\"short_text\" lang=\"fr\"><span class=\"alt-edited\">FORTE CH\u00c2SSIS<\/span><\/span><\/p>\n<\/div><\/div><div class='av-hotspot-fallback-tooltip'><div class='av-hotspot-fallback-tooltip-count'>2<div class='avia-arrow'><\/div><\/div><div class='av-hotspot-fallback-tooltip-inner clearfix'><p>\n<span id=\"result_box\" class=\"short_text\" lang=\"fr\">BO\u00ceTE ITALIENNE<\/span><\/p>\n<\/div><\/div><div class='av-hotspot-fallback-tooltip'><div class='av-hotspot-fallback-tooltip-count'>3<div class='avia-arrow'><\/div><\/div><div class='av-hotspot-fallback-tooltip-inner clearfix'><p>\n<span id=\"result_box\" class=\"short_text\" lang=\"fr\"><span class=\"alt-edited\">FACILE A MONTER<\/span><\/span><\/p>\n<\/div><\/div><div class='av-hotspot-fallback-tooltip'><div class='av-hotspot-fallback-tooltip-count'>4<div class='avia-arrow'><\/div><\/div><div class='av-hotspot-fallback-tooltip-inner clearfix'><p>\n<span id=\"result_box\" class=\"short_text\" lang=\"fr\"><span class=\"\">R\u00c2TEAUX A HAUTE PERFORMANCE<\/span><\/span><\/p>\n<\/div><\/div><div class='av-hotspot-fallback-tooltip'><div class='av-hotspot-fallback-tooltip-count'>5<div class='avia-arrow'><\/div><\/div><div class='av-hotspot-fallback-tooltip-inner clearfix'><p>\n<span id=\"result_box\" class=\"short_text\" lang=\"fr\"><span class=\"\">PNEUS TOUT TERRAIN<\/span><\/span><\/p>\n<\/div><\/div><div class='av-hotspot-fallback-tooltip'><div class='av-hotspot-fallback-tooltip-count'>6<div class='avia-arrow'><\/div><\/div><div class='av-hotspot-fallback-tooltip-inner clearfix'><p>\n<span id=\"result_box\" class=\"short_text\" lang=\"fr\"><span class=\"\">ROUTAGE<\/span><\/span><\/p>\n<\/div><\/div><div class='av-hotspot-fallback-tooltip'><div class='av-hotspot-fallback-tooltip-count'>7<div class='avia-arrow'><\/div><\/div><div class='av-hotspot-fallback-tooltip-inner clearfix'><p>\n<span id=\"result_box\" class=\"short_text\" lang=\"fr\"><span class=\"alt-edited\">CAT.<\/span> <span class=\"\">II SYST\u00c8ME DE SUSPENSION<\/span><\/span><\/p>\n<\/div><\/div><\/div>\n<div style='padding-bottom:10px;' class='av-special-heading av-special-heading-h1  blockquote modern-quote modern-centered   av-thin-font '><h1 class='av-special-heading-tag '  itemprop=\"headline\"  >ANDAINEUR | 9 BRAS<br \/>\n| <strong>FMR 440<\/strong> |<\/h1><div class='special-heading-border'><div class='special-heading-inner-border' ><\/div><\/div><\/div>\n<div  class='hr hr-default  '><span class='hr-inner ' ><span class='hr-inner-style'><\/span><\/span><\/div>\n<section class=\"av_textblock_section \"  itemscope=\"itemscope\" itemtype=\"https:\/\/schema.org\/CreativeWork\" ><div class='avia_textblock  '   itemprop=\"text\" ><p>Les r\u00e2teaux rotatifs de Fimaks fournissent des fourrages propres sans terre ni pierres. Ces fourrages sont parfaits pour les machines presse \u00e0 balles pour cr\u00e9er facilement les balles. Des balles exemptes de mati\u00e8res \u00e9trang\u00e8res rendront les animaux plus sains.<\/p>\n<p>T\u00eate pivotante avec amortisseurs stabilisateurs: La t\u00eate pivotante (fixation a 3 points) conf\u00e8re \u00e0 la machine une mobilit\u00e9 et une agilit\u00e9 accrues dans les virages et les terrains plats. Les amortisseurs stabilisateurs stabilisent la machine lorsqu&rsquo;elle est soulev\u00e9e. De plus, la machine est garantie de ne pas \u00eatre sous-utilis\u00e9e et assure une conduite en douceur pour un r\u00e2telage de la meilleure qualit\u00e9.<\/p>\n<p>Bo\u00eete fermer sans entretien entra\u00een\u00e9e par came: La bo\u00eete est enti\u00e8rement encapsul\u00e9e et sans entretien. Pas de contamination, sans poussi\u00e8re. La hauteur peut \u00eatre facilement ajust\u00e9e en utilisant le levier sur la bo\u00eete pour garantir une qualit\u00e9 de livraison lat\u00e9rale constante.<\/p>\n<p>Position de transport facilement ajustable: Les bras peuvent facilement \u00eatre retir\u00e9s en enlevant les goupilles.<\/p>\n<\/div><\/section>\n<div  class='hr hr-default  '><span class='hr-inner ' ><span class='hr-inner-style'><\/span><\/span><\/div>\n<div class='av-social-sharing-box  av-social-sharing-box-minimal '><div class='av-share-box'><ul class='av-share-box-list noLightbox'><li class='av-share-link av-social-link-facebook' ><a target='_blank' href='http:\/\/www.facebook.com\/sharer.php?u=https:\/\/fimaks.com\/fr\/andaineurs\/andaineur-9-bras\/&amp;t=Andaineur-9-bras' aria-hidden='true' data-av_icon='\ue8f3' data-av_iconfont='entypo-fontello' title='' data-avia-related-tooltip='Partager sur Facebook'><span class='avia_hidden_link_text'>Partager sur Facebook<\/span><\/a><\/li><li class='av-share-link av-social-link-twitter' ><a target='_blank' href='https:\/\/twitter.com\/share?text=Andaineur-9-bras&url=https:\/\/fimaks.com\/fr\/?p=12922' aria-hidden='true' data-av_icon='\ue8f1' data-av_iconfont='entypo-fontello' title='' data-avia-related-tooltip='Partager sur Twitter'><span class='avia_hidden_link_text'>Partager sur Twitter<\/span><\/a><\/li><li class='av-share-link av-social-link-gplus' ><a target='_blank' href='https:\/\/plus.google.com\/share?url=https:\/\/fimaks.com\/fr\/andaineurs\/andaineur-9-bras\/' aria-hidden='true' data-av_icon='\ue8f6' data-av_iconfont='entypo-fontello' title='' data-avia-related-tooltip='Partager sur Google+'><span class='avia_hidden_link_text'>Partager sur Google+<\/span><\/a><\/li><li class='av-share-link av-social-link-pinterest' ><a target='_blank' href='http:\/\/pinterest.com\/pin\/create\/button\/?url=https%3A%2F%2Ffimaks.com%2Ffr%2Fandaineurs%2Fandaineur-9-bras%2F&amp;description=Andaineur-9-bras&amp;media=' aria-hidden='true' data-av_icon='\ue8f8' data-av_iconfont='entypo-fontello' title='' data-avia-related-tooltip='Partager sur Pinterest'><span class='avia_hidden_link_text'>Partager sur Pinterest<\/span><\/a><\/li><li class='av-share-link av-social-link-linkedin' ><a target='_blank' href='http:\/\/linkedin.com\/shareArticle?mini=true&amp;title=Andaineur-9-bras&amp;url=https:\/\/fimaks.com\/fr\/andaineurs\/andaineur-9-bras\/' aria-hidden='true' data-av_icon='\ue8fc' data-av_iconfont='entypo-fontello' title='' data-avia-related-tooltip='Partager sur Linkedin'><span class='avia_hidden_link_text'>Partager sur Linkedin<\/span><\/a><\/li><li class='av-share-link av-social-link-tumblr' ><a target='_blank' href='http:\/\/www.tumblr.com\/share\/link?url=https%3A%2F%2Ffimaks.com%2Ffr%2Fandaineurs%2Fandaineur-9-bras%2F&amp;name=Andaineur-9-bras&amp;description=' aria-hidden='true' data-av_icon='\ue8fa' data-av_iconfont='entypo-fontello' title='' data-avia-related-tooltip='Partager sur Tumblr'><span class='avia_hidden_link_text'>Partager sur Tumblr<\/span><\/a><\/li><li class='av-share-link av-social-link-vk' ><a target='_blank' href='http:\/\/vk.com\/share.php?url=https:\/\/fimaks.com\/fr\/andaineurs\/andaineur-9-bras\/' aria-hidden='true' data-av_icon='\ue926' data-av_iconfont='entypo-fontello' title='' data-avia-related-tooltip='Partager sur Vk'><span class='avia_hidden_link_text'>Partager sur Vk<\/span><\/a><\/li><li class='av-share-link av-social-link-reddit' ><a target='_blank' href='http:\/\/reddit.com\/submit?url=https:\/\/fimaks.com\/fr\/andaineurs\/andaineur-9-bras\/&amp;title=Andaineur-9-bras' aria-hidden='true' data-av_icon='\ue927' data-av_iconfont='entypo-fontello' title='' data-avia-related-tooltip='Partager sur Reddit'><span class='avia_hidden_link_text'>Partager sur Reddit<\/span><\/a><\/li><li class='av-share-link av-social-link-mail' ><a  href='mailto:?subject=Andaineur-9-bras&amp;body=https:\/\/fimaks.com\/fr\/andaineurs\/andaineur-9-bras\/' aria-hidden='true' data-av_icon='\ue805' data-av_iconfont='entypo-fontello' title='' data-avia-related-tooltip='Partager par Mail'><span class='avia_hidden_link_text'>Partager par Mail<\/span><\/a><\/li><\/ul><\/div><\/div>\n<div  class='hr hr-default  '><span class='hr-inner ' ><span class='hr-inner-style'><\/span><\/span><\/div>\n<div  class='avia-video avia-video-16-9   '  itemprop=\"video\" itemtype=\"https:\/\/schema.org\/VideoObject\" ><div class='avia-iframe-wrap'><iframe loading=\"lazy\" width=\"1500\" height=\"844\" src=\"https:\/\/www.youtube.com\/embed\/aRPpDpuXlbM?feature=oembed\" frameborder=\"0\" allow=\"autoplay; encrypted-media\" allowfullscreen><\/iframe><\/div><\/div>\n<div class='avia-data-table-wrap avia_responsive_table'><table class='avia-table avia-data-table avia-table-1  avia_pricing_default '  itemscope=\"itemscope\" itemtype=\"https:\/\/schema.org\/Table\" ><tbody><tr class=''><td class=''><\/p>\n<div id=\"gt-res-content\">\n<div id=\"gt-res-dir-ctr\" class=\"trans-verified-button-large\" dir=\"ltr\"><span id=\"result_box\" class=\"short_text\" lang=\"fr\"><span class=\"\">LARGEUR DE TRAVAIL (mm)<\/span><\/span><\/div>\n<\/div>\n<p><\/td><td class=''>3300<\/td><\/tr><tr class=''><td class=''><span id=\"result_box\" class=\"short_text\" lang=\"fr\"><span class=\"\">LARGEUR DE POSITION DE ROUTE (mm)<\/span><\/span><\/td><td class=''>2100<\/td><\/tr><tr class=''><td class=''><span id=\"result_box\" class=\"short_text\" lang=\"fr\"><span class=\"\">HAUTEUR (mm)<\/span><\/span><\/td><td class=''>1000<\/td><\/tr><tr class=''><td class=''><span id=\"result_box\" class=\"short_text\" lang=\"fr\"><span class=\"\">LONGUEUR (mm)<\/span><\/span><\/td><td class=''>3550<\/td><\/tr><tr class=''><td class=''><span id=\"result_box\" class=\"short_text\" lang=\"fr\"><span class=\"\">Poids (kg)<\/span><\/span><\/td><td class=''>330<\/td><\/tr><tr class=''><td class=''><span id=\"result_box\" class=\"short_text\" lang=\"fr\"><span class=\"\">PUISSANCE REQUISE (kW \/ CH)<\/span><\/span><\/td><td class=''>14\/20<\/td><\/tr><tr class=''><td class=''><span id=\"result_box\" class=\"short_text\" lang=\"fr\"><span class=\"\">NOMBRE<\/span><\/span> DE BRAS<\/td><td class=''>9<\/td><\/tr><tr class=''><td class=''><span id=\"result_box\" class=\"short_text\" lang=\"fr\"><span class=\"\">R\u00c2TEAUX PAR BRAS<\/span><\/span><\/td><td class=''>3<\/td><\/tr><tr class=''><td class=''><span id=\"result_box\" class=\"short_text\" lang=\"fr\"><span class=\"\">SYST\u00c8ME DE SUSPENSION<\/span><\/span><\/td><td class=''>Cat. II<\/td><\/tr><tr class=''><td class=''><span id=\"result_box\" class=\"short_text\" lang=\"fr\"><span class=\"\">PNEUS<\/span><\/span><\/td><td class=''>2x(15&#215;6 6PR)<\/td><\/tr><\/tbody><\/table><\/div><style type='text\/css'><\/style>\n\t<div  class='av_promobox  avia-button-yes '>\t\t<div class='avia-promocontent'><\/p>\n<div id=\"gt-res-content\">\n<div id=\"gt-res-dir-ctr\" class=\"trans-verified-button-large\" dir=\"ltr\"><span id=\"result_box\" class=\"short_text\" lang=\"fr\"><span class=\"\">Nous produisons de la productivit\u00e9.<\/span> Obtenez un devis.<\/span><\/div>\n<\/div>\n<p>\n<\/div><div class='avia-button-wrap avia-button-right '><a href='https:\/\/fimaks.com\/iletisim\/' class='avia-button   avia-icon_select-no avia-color-theme-color avia-size-large avia-position-right '   ><span class='avia_iconbox_title' >Contact<\/span><\/a><\/div>\t<\/div>\n<div  data-size='no scaling'  data-lightbox_size='large'  data-animation='slide'  data-ids='4807,4808,4809'  data-video_counter='0'  data-autoplay='true'  data-bg_slider='false'  data-slide_height=''  data-handle='av_slideshow'  data-interval='3'  data-class=' '  data-css_id=''  data-scroll_down=''  data-control_layout='av-control-default'  data-custom_markup=''  data-perma_caption=''  data-autoplay_stopper=''  data-image_attachment=''  data-min_height='0px'  class='avia-slideshow avia-slideshow-1  av-control-default av-default-height-applied avia-slideshow-no scaling av_slideshow   avia-slide-slider '  itemprop=\"ImageObject\" itemscope=\"itemscope\" itemtype=\"https:\/\/schema.org\/ImageObject\" ><ul class='avia-slideshow-inner' style='padding-bottom: 100%;'><li  class=' slide-1 ' ><div data-rel='slideshow-1' class='avia-slide-wrap'  ><img src='https:\/\/fimaks.com\/wp-content\/uploads\/2018\/03\/1-1.jpg' width='960' height='960' title='1' alt=''  itemprop=\"thumbnailUrl\"   \/><\/div><\/li><li  class=' slide-2 ' ><div data-rel='slideshow-1' class='avia-slide-wrap'  ><img src='https:\/\/fimaks.com\/wp-content\/uploads\/2018\/03\/2-1.jpg' width='960' height='960' title='2' alt=''  itemprop=\"thumbnailUrl\"   \/><\/div><\/li><li  class=' slide-3 ' ><div data-rel='slideshow-1' class='avia-slide-wrap'  ><img src='https:\/\/fimaks.com\/wp-content\/uploads\/2018\/03\/3-1.jpg' width='960' height='960' title='3' alt=''  itemprop=\"thumbnailUrl\"   \/><\/div><\/li><\/ul><div class='avia-slideshow-arrows avia-slideshow-controls'><a href='#prev' class='prev-slide' aria-hidden='true' data-av_icon='\ue87c' data-av_iconfont='entypo-fontello'>Pr\u00e9c\u00e9dent<\/a><a href='#next' class='next-slide' aria-hidden='true' data-av_icon='\ue87d' data-av_iconfont='entypo-fontello'>Suivant<\/a><\/div><div class='avia-slideshow-dots avia-slideshow-controls'><a href='#1' class='goto-slide active' >1<\/a><a href='#2' class='goto-slide ' >2<\/a><a href='#3' class='goto-slide ' >3<\/a><\/div><\/div>\n","protected":false},"excerpt":{"rendered":"","protected":false},"author":1,"featured_media":0,"parent":11893,"menu_order":0,"comment_status":"closed","ping_status":"closed","template":"","meta":{"_exactmetrics_skip_tracking":false,"_exactmetrics_sitenote_active":false,"_exactmetrics_sitenote_note":"","_exactmetrics_sitenote_category":0,"footnotes":""},"yst_prominent_words":[],"class_list":["post-12922","page","type-page","status-publish","hentry"],"_links":{"self":[{"href":"https:\/\/fimaks.com\/fr\/wp-json\/wp\/v2\/pages\/12922","targetHints":{"allow":["GET"]}}],"collection":[{"href":"https:\/\/fimaks.com\/fr\/wp-json\/wp\/v2\/pages"}],"about":[{"href":"https:\/\/fimaks.com\/fr\/wp-json\/wp\/v2\/types\/page"}],"author":[{"embeddable":true,"href":"https:\/\/fimaks.com\/fr\/wp-json\/wp\/v2\/users\/1"}],"replies":[{"embeddable":true,"href":"https:\/\/fimaks.com\/fr\/wp-json\/wp\/v2\/comments?post=12922"}],"version-history":[{"count":23,"href":"https:\/\/fimaks.com\/fr\/wp-json\/wp\/v2\/pages\/12922\/revisions"}],"predecessor-version":[{"id":15637,"href":"https:\/\/fimaks.com\/fr\/wp-json\/wp\/v2\/pages\/12922\/revisions\/15637"}],"up":[{"embeddable":true,"href":"https:\/\/fimaks.com\/fr\/wp-json\/wp\/v2\/pages\/11893"}],"wp:attachment":[{"href":"https:\/\/fimaks.com\/fr\/wp-json\/wp\/v2\/media?parent=12922"}],"wp:term":[{"taxonomy":"yst_prominent_words","embeddable":true,"href":"https:\/\/fimaks.com\/fr\/wp-json\/wp\/v2\/yst_prominent_words?post=12922"}],"curies":[{"name":"wp","href":"https:\/\/api.w.org\/{rel}","templated":true}]}}