{"id":19340,"date":"2020-12-09T14:01:12","date_gmt":"2020-12-09T11:01:12","guid":{"rendered":"http:\/\/fimaks.com\/ensileuses-de-mais\/4-5-rangees-ensileuse-de-mais-rangees-independantes\/"},"modified":"2021-07-08T12:10:04","modified_gmt":"2021-07-08T09:10:04","slug":"4-5-rangees-ensileuse-de-mais-rangees-independantes","status":"publish","type":"page","link":"https:\/\/fimaks.com\/fr\/ensileuses-de-mais\/4-5-rangees-ensileuse-de-mais-rangees-independantes\/","title":{"rendered":"4\/5 RANG\u00c9ES | ENSILEUSE DE MA\u00cfS RANG\u00c9ES IND\u00c9PENDANTES"},"content":{"rendered":"<div class='av-hotspot-image-container avia_animate_when_almost_visible   avia_animated_image avia_animate_when_almost_visible fade-in av-hotspot-numbered av-mobile-fallback-active    av-non-fullwidth-hotspot-image '  itemprop=\"ImageObject\" itemscope=\"itemscope\" itemtype=\"https:\/\/schema.org\/ImageObject\"  ><div class='av-hotspot-container'><div class='av-hotspot-container-inner-cell'><div class='av-hotspot-container-inner-wrap'><div class='av-image-hotspot' data-avia-tooltip-position='right' data-avia-tooltip-alignment='centered' data-avia-tooltip-class='av-tt-default-width av-tt-pos-right av-tt-align-centered  av-mobile-fallback-active  transparent_dark av-tt-hotspot' data-avia-tooltip='&lt;p&gt;&lt;span class=&quot;JLqJ4b ChMk0b&quot; data-language-for-alternatives=&quot;fr&quot; data-language-to-translate-into=&quot;en&quot; data-phrase-index=&quot;0&quot;&gt;4\/5 RANG\u00c9ES |&lt;\/span&gt; &lt;span class=&quot;JLqJ4b ChMk0b&quot; data-language-for-alternatives=&quot;fr&quot; data-language-to-translate-into=&quot;en&quot; data-phrase-index=&quot;1&quot;&gt;LARGEUR DE TRAVAIL DE 3 MT&lt;\/span&gt;&lt;\/p&gt;\n' style='top: 92.5%; left: 48.6%; '><div class='av-image-hotspot_inner' style='background-color: #c2c9ce; color: #000000;'>1<\/div><div class='av-image-hotspot-pulse' style='background-color:#e8e8e8;'><\/div><\/div><div class='av-image-hotspot' data-avia-tooltip-position='bottom' data-avia-tooltip-alignment='centered' data-avia-tooltip-class='av-tt-default-width av-tt-pos-below av-tt-align-centered  av-mobile-fallback-active  transparent_dark av-tt-hotspot' data-avia-tooltip='&lt;p&gt;VIS DE LEVAGE&lt;\/p&gt;\n' style='top: 90.5%; left: 35.1%; '><div class='av-image-hotspot_inner' style='background-color: #c2c9ce; color: #000000;'>2<\/div><div class='av-image-hotspot-pulse' style='background-color:#ffffff;'><\/div><\/div><div class='av-image-hotspot' data-avia-tooltip-position='top' data-avia-tooltip-alignment='left' data-avia-tooltip-class='av-tt-default-width av-tt-pos-above av-tt-align-left  av-mobile-fallback-active  transparent_dark av-tt-hotspot' data-avia-tooltip='&lt;p&gt;CORNES PLIANTES&lt;\/p&gt;\n' style='top: 69.8%; left: 57.5%; '><div class='av-image-hotspot_inner' style='background-color: #c2c9ce; color: #000000;'>3<\/div><div class='av-image-hotspot-pulse' style='background-color:#ffffff;'><\/div><\/div><div class='av-image-hotspot' data-avia-tooltip-position='top' data-avia-tooltip-alignment='left' data-avia-tooltip-class='av-tt-default-width av-tt-pos-above av-tt-align-left  av-mobile-fallback-active  transparent_dark av-tt-hotspot' data-avia-tooltip='&lt;p&gt;2 GRANDS TAMBOURS&lt;\/p&gt;\n' style='top: 74.5%; left: 52.3%; '><div class='av-image-hotspot_inner' style='background-color: #c2c9ce; color: #000000;'>4<\/div><div class='av-image-hotspot-pulse' style='background-color:#ffffff;'><\/div><\/div><div class='av-image-hotspot' data-avia-tooltip-position='top' data-avia-tooltip-alignment='left' data-avia-tooltip-class='av-tt-default-width av-tt-pos-above av-tt-align-left  av-mobile-fallback-active  transparent_dark av-tt-hotspot' data-avia-tooltip='&lt;p&gt;CONTR\u00d4LE DE LA CHUTE HYDRAULIQUE&lt;\/p&gt;\n' style='top: 54.8%; left: 36.1%; '><div class='av-image-hotspot_inner' style='background-color: #c2c9ce; color: #000000;'>5<\/div><div class='av-image-hotspot-pulse' style='background-color:#ffffff;'><\/div><\/div><div class='av-image-hotspot' data-avia-tooltip-position='top' data-avia-tooltip-alignment='left' data-avia-tooltip-class='av-tt-default-width av-tt-pos-above av-tt-align-left  av-mobile-fallback-active  transparent_dark av-tt-hotspot' data-avia-tooltip='&lt;p&gt;CHUTE PLIABLE&lt;\/p&gt;\n' style='top: 41.9%; left: 36.9%; '><div class='av-image-hotspot_inner' style='background-color: #c2c9ce; color: #000000;'>6<\/div><div class='av-image-hotspot-pulse' style='background-color:#ffffff;'><\/div><\/div><div class='av-image-hotspot' data-avia-tooltip-position='top' data-avia-tooltip-alignment='left' data-avia-tooltip-class='av-tt-default-width av-tt-pos-above av-tt-align-left  av-mobile-fallback-active  transparent_dark av-tt-hotspot' data-avia-tooltip='&lt;p&gt;CONTR\u00d4LE JOYSTICK&lt;\/p&gt;\n' style='top: 67.5%; left: 36.2%; '><div class='av-image-hotspot_inner' style='background-color: #c2c9ce; color: #000000;'>7<\/div><div class='av-image-hotspot-pulse' style='background-color:#ffffff;'><\/div><\/div><div class='av-image-hotspot' data-avia-tooltip-position='top' data-avia-tooltip-alignment='left' data-avia-tooltip-class='av-tt-default-width av-tt-pos-above av-tt-align-left  av-mobile-fallback-active  transparent_dark av-tt-hotspot' data-avia-tooltip='&lt;p&gt;SYST\u00c8ME D&rsquo;AFFUTAGE INT\u00c9GR\u00c9&lt;\/p&gt;\n' style='top: 63.7%; left: 43.7%; '><div class='av-image-hotspot_inner' style='background-color: #c2c9ce; color: #000000;'>8<\/div><div class='av-image-hotspot-pulse' style='background-color:#ffffff;'><\/div><\/div><img class='avia_image ' src='https:\/\/fimaks.com\/wp-content\/uploads\/2020\/11\/PRO.png' alt='' title='PRO'   itemprop=\"thumbnailUrl\"  \/><\/div><\/div><\/div><div class='av-hotspot-fallback-tooltip'><div class='av-hotspot-fallback-tooltip-count'>1<div class='avia-arrow'><\/div><\/div><div class='av-hotspot-fallback-tooltip-inner clearfix'><p>\n<span class=\"JLqJ4b ChMk0b\" data-language-for-alternatives=\"fr\" data-language-to-translate-into=\"en\" data-phrase-index=\"0\">4\/5 RANG\u00c9ES |<\/span> <span class=\"JLqJ4b ChMk0b\" data-language-for-alternatives=\"fr\" data-language-to-translate-into=\"en\" data-phrase-index=\"1\">LARGEUR DE TRAVAIL DE 3 MT<\/span><\/p>\n<\/div><\/div><div class='av-hotspot-fallback-tooltip'><div class='av-hotspot-fallback-tooltip-count'>2<div class='avia-arrow'><\/div><\/div><div class='av-hotspot-fallback-tooltip-inner clearfix'><p>\nVIS DE LEVAGE<\/p>\n<\/div><\/div><div class='av-hotspot-fallback-tooltip'><div class='av-hotspot-fallback-tooltip-count'>3<div class='avia-arrow'><\/div><\/div><div class='av-hotspot-fallback-tooltip-inner clearfix'><p>\nCORNES PLIANTES<\/p>\n<\/div><\/div><div class='av-hotspot-fallback-tooltip'><div class='av-hotspot-fallback-tooltip-count'>4<div class='avia-arrow'><\/div><\/div><div class='av-hotspot-fallback-tooltip-inner clearfix'><p>\n2 GRANDS TAMBOURS<\/p>\n<\/div><\/div><div class='av-hotspot-fallback-tooltip'><div class='av-hotspot-fallback-tooltip-count'>5<div class='avia-arrow'><\/div><\/div><div class='av-hotspot-fallback-tooltip-inner clearfix'><p>\nCONTR\u00d4LE DE LA CHUTE HYDRAULIQUE<\/p>\n<\/div><\/div><div class='av-hotspot-fallback-tooltip'><div class='av-hotspot-fallback-tooltip-count'>6<div class='avia-arrow'><\/div><\/div><div class='av-hotspot-fallback-tooltip-inner clearfix'><p>\nCHUTE PLIABLE<\/p>\n<\/div><\/div><div class='av-hotspot-fallback-tooltip'><div class='av-hotspot-fallback-tooltip-count'>7<div class='avia-arrow'><\/div><\/div><div class='av-hotspot-fallback-tooltip-inner clearfix'><p>\nCONTR\u00d4LE JOYSTICK<\/p>\n<\/div><\/div><div class='av-hotspot-fallback-tooltip'><div class='av-hotspot-fallback-tooltip-count'>8<div class='avia-arrow'><\/div><\/div><div class='av-hotspot-fallback-tooltip-inner clearfix'><p>\nSYST\u00c8ME D&rsquo;AFFUTAGE INT\u00c9GR\u00c9<\/p>\n<\/div><\/div><\/div>\n<div style='padding-bottom:10px;' class='av-special-heading av-special-heading-h1  blockquote modern-quote modern-centered   av-thin-font '><h1 class='av-special-heading-tag '  itemprop=\"headline\"  >RANG\u00c9E IND\u00c9PENDANTE 4\/5 RANG\u00c9ES <br \/>| <strong>BIGDRUM 3000<\/strong> |<\/h1><div class='special-heading-border'><div class='special-heading-inner-border' ><\/div><\/div><\/div>\n<div  class='hr hr-default  '><span class='hr-inner ' ><span class='hr-inner-style'><\/span><\/span><\/div>\n<section class=\"av_textblock_section \"  itemscope=\"itemscope\" itemtype=\"https:\/\/schema.org\/CreativeWork\" ><div class='avia_textblock  '   itemprop=\"text\" ><p>L\u2019ensileuse de ma\u00efs rang\u00e9e ind\u00e9pendante 4\/5 rangs est sp\u00e9cialement con\u00e7u pour les entreprises de capacit\u00e9 moyenne. Bigdrum 3000 a \u00e9t\u00e9 test\u00e9 dans des conditions difficiles.<\/p>\n<p>Les Ensileuses de ma\u00efs Fimaks Bigdrum 3000 ont une largeur de travail de 3 m\u00e8tres, ce qui permet de hacher de 4 a 5 rangs en m\u00eame temps. La machine peut \u00eatre utilis\u00e9e \u00e0 l\u2019avant ou \u00e0 l\u2019arri\u00e8re du tracteur.<\/p>\n<p>L\u2019ensileuse de ma\u00efs Bigdrum3000 contient 12 couteaux sp\u00e9cialement con\u00e7us et durcis plac\u00e9s sur le disque de hachage qui tourne \u00e0 1200 tr \/ min. Il y a 2 tambours d\u2019alimentation et 2 tambours de broyage dans la machine qui conduisent les r\u00e9coltes au disque de hachage.<\/p>\n<p>L\u2019ensileuse de ma\u00efs 4\/5rangs et command\u00e9 avec un syst\u00e8me de commande \u00e9lectro hydraulique. Cela signifie que les op\u00e9rateurs peuvent contr\u00f4ler la machine avec un joystick qui peut \u00eatre plac\u00e9 sur le tracteur.<\/p>\n<\/div><\/section>\n<div  class='hr hr-default  '><span class='hr-inner ' ><span class='hr-inner-style'><\/span><\/span><\/div>\n<div class='av-social-sharing-box  av-social-sharing-box-minimal '><div class='av-share-box'><ul class='av-share-box-list noLightbox'><li class='av-share-link av-social-link-facebook' ><a target='_blank' href='http:\/\/www.facebook.com\/sharer.php?u=https:\/\/fimaks.com\/fr\/ensileuses-de-mais\/4-5-rangees-ensileuse-de-mais-rangees-independantes\/&amp;t=4%2F5%20RANG%C3%89ES%20%7C%20ENSILEUSE%20DE%20MA%C3%8FS%20RANG%C3%89ES%20IND%C3%89PENDANTES' aria-hidden='true' data-av_icon='\ue8f3' data-av_iconfont='entypo-fontello' title='' data-avia-related-tooltip='Partager sur Facebook'><span class='avia_hidden_link_text'>Partager sur Facebook<\/span><\/a><\/li><li class='av-share-link av-social-link-twitter' ><a target='_blank' href='https:\/\/twitter.com\/share?text=4%2F5%20RANG%C3%89ES%20%7C%20ENSILEUSE%20DE%20MA%C3%8FS%20RANG%C3%89ES%20IND%C3%89PENDANTES&url=https:\/\/fimaks.com\/fr\/?p=19340' aria-hidden='true' data-av_icon='\ue8f1' data-av_iconfont='entypo-fontello' title='' data-avia-related-tooltip='Partager sur Twitter'><span class='avia_hidden_link_text'>Partager sur Twitter<\/span><\/a><\/li><li class='av-share-link av-social-link-gplus' ><a target='_blank' href='https:\/\/plus.google.com\/share?url=https:\/\/fimaks.com\/fr\/ensileuses-de-mais\/4-5-rangees-ensileuse-de-mais-rangees-independantes\/' aria-hidden='true' data-av_icon='\ue8f6' data-av_iconfont='entypo-fontello' title='' data-avia-related-tooltip='Partager sur Google+'><span class='avia_hidden_link_text'>Partager sur Google+<\/span><\/a><\/li><li class='av-share-link av-social-link-pinterest' ><a target='_blank' href='http:\/\/pinterest.com\/pin\/create\/button\/?url=https%3A%2F%2Ffimaks.com%2Ffr%2Fensileuses-de-mais%2F4-5-rangees-ensileuse-de-mais-rangees-independantes%2F&amp;description=4%2F5%20RANG%C3%89ES%20%7C%20ENSILEUSE%20DE%20MA%C3%8FS%20RANG%C3%89ES%20IND%C3%89PENDANTES&amp;media=' aria-hidden='true' data-av_icon='\ue8f8' data-av_iconfont='entypo-fontello' title='' data-avia-related-tooltip='Partager sur Pinterest'><span class='avia_hidden_link_text'>Partager sur Pinterest<\/span><\/a><\/li><li class='av-share-link av-social-link-linkedin' ><a target='_blank' href='http:\/\/linkedin.com\/shareArticle?mini=true&amp;title=4%2F5%20RANG%C3%89ES%20%7C%20ENSILEUSE%20DE%20MA%C3%8FS%20RANG%C3%89ES%20IND%C3%89PENDANTES&amp;url=https:\/\/fimaks.com\/fr\/ensileuses-de-mais\/4-5-rangees-ensileuse-de-mais-rangees-independantes\/' aria-hidden='true' data-av_icon='\ue8fc' data-av_iconfont='entypo-fontello' title='' data-avia-related-tooltip='Partager sur Linkedin'><span class='avia_hidden_link_text'>Partager sur Linkedin<\/span><\/a><\/li><li class='av-share-link av-social-link-tumblr' ><a target='_blank' href='http:\/\/www.tumblr.com\/share\/link?url=https%3A%2F%2Ffimaks.com%2Ffr%2Fensileuses-de-mais%2F4-5-rangees-ensileuse-de-mais-rangees-independantes%2F&amp;name=4%2F5%20RANG%C3%89ES%20%7C%20ENSILEUSE%20DE%20MA%C3%8FS%20RANG%C3%89ES%20IND%C3%89PENDANTES&amp;description=' aria-hidden='true' data-av_icon='\ue8fa' data-av_iconfont='entypo-fontello' title='' data-avia-related-tooltip='Partager sur Tumblr'><span class='avia_hidden_link_text'>Partager sur Tumblr<\/span><\/a><\/li><li class='av-share-link av-social-link-vk' ><a target='_blank' href='http:\/\/vk.com\/share.php?url=https:\/\/fimaks.com\/fr\/ensileuses-de-mais\/4-5-rangees-ensileuse-de-mais-rangees-independantes\/' aria-hidden='true' data-av_icon='\ue926' data-av_iconfont='entypo-fontello' title='' data-avia-related-tooltip='Partager sur Vk'><span class='avia_hidden_link_text'>Partager sur Vk<\/span><\/a><\/li><li class='av-share-link av-social-link-reddit' ><a target='_blank' href='http:\/\/reddit.com\/submit?url=https:\/\/fimaks.com\/fr\/ensileuses-de-mais\/4-5-rangees-ensileuse-de-mais-rangees-independantes\/&amp;title=4%2F5%20RANG%C3%89ES%20%7C%20ENSILEUSE%20DE%20MA%C3%8FS%20RANG%C3%89ES%20IND%C3%89PENDANTES' aria-hidden='true' data-av_icon='\ue927' data-av_iconfont='entypo-fontello' title='' data-avia-related-tooltip='Partager sur Reddit'><span class='avia_hidden_link_text'>Partager sur Reddit<\/span><\/a><\/li><li class='av-share-link av-social-link-mail' ><a  href='mailto:?subject=4%2F5%20RANG%C3%89ES%20%7C%20ENSILEUSE%20DE%20MA%C3%8FS%20RANG%C3%89ES%20IND%C3%89PENDANTES&amp;body=https:\/\/fimaks.com\/fr\/ensileuses-de-mais\/4-5-rangees-ensileuse-de-mais-rangees-independantes\/' aria-hidden='true' data-av_icon='\ue805' data-av_iconfont='entypo-fontello' title='' data-avia-related-tooltip='Partager par Mail'><span class='avia_hidden_link_text'>Partager par Mail<\/span><\/a><\/li><\/ul><\/div><\/div>\n<div  class='hr hr-default  '><span class='hr-inner ' ><span class='hr-inner-style'><\/span><\/span><\/div>\n<div class=\"flex_column av_one_half  flex_column_div av-zero-column-padding first  \" style='border-radius:0px; '><div class='avia-image-container  av-styling-    avia-align-center '  itemprop=\"ImageObject\" itemscope=\"itemscope\" itemtype=\"https:\/\/schema.org\/ImageObject\"  ><div class='avia-image-container-inner'><img class='avia_image ' src='https:\/\/fimaks.com\/wp-content\/uploads\/2020\/11\/PRO-SMALL.jpg' alt='' title='PRO-SMALL'   itemprop=\"thumbnailUrl\"  \/><\/div><\/div><\/div>\n<div class=\"flex_column av_one_half  flex_column_div av-zero-column-padding   \" style='border-radius:0px; '><div class='avia-image-container  av-styling-    avia-align-center '  itemprop=\"ImageObject\" itemscope=\"itemscope\" itemtype=\"https:\/\/schema.org\/ImageObject\"  ><div class='avia-image-container-inner'><img class='avia_image ' src='https:\/\/fimaks.com\/wp-content\/uploads\/2020\/11\/PRO-SMALL-2.jpg' alt='' title='PRO-SMALL-2'   itemprop=\"thumbnailUrl\"  \/><\/div><\/div><\/div>\n<div  class='hr hr-default  '><span class='hr-inner ' ><span class='hr-inner-style'><\/span><\/span><\/div>\n<div class='avia-data-table-wrap avia_responsive_table'><table class='avia-table avia-data-table avia-table-1  avia_pricing_default '  itemscope=\"itemscope\" itemtype=\"https:\/\/schema.org\/Table\" ><tbody><tr class=''><td class=''>Nombre de rang\u00e9e<\/td><td class=''>4\/5<\/td><\/tr><tr class=''><td class=''>HAUTEUR (mm)<\/td><td class=''>4800<\/td><\/tr><tr class=''><td class=''>LONGUEUR (mm)<\/td><td class=''>2960<\/td><\/tr><tr class=''><td class=''>LARGEUR (mm)<\/td><td class=''>3100<\/td><\/tr><tr class=''><td class=''>POIDS (kg)<\/td><td class=''>&#8211;<\/td><\/tr><tr class=''><td class=''>HAUTEUR DE LA CHUTE PLI\u00c9E\u00a0 (mm)<\/td><td class=''>3300<\/td><\/tr><tr class=''><td class=''>PTO (TR\/MIN)<\/td><td class=''>1000<\/td><\/tr><tr class=''><td class=''>PUISSANCE (kW \/CH)<\/td><td class=''>200-250<\/td><\/tr><tr class=''><td class=''>LONGUEUR DES PARTICULES (mm)<\/td><td class=''>4.3\/8.6\/12<\/td><\/tr><tr class=''><td class=''>COUTEAUX DE COUPE<\/td><td class=''>12<\/td><\/tr><tr class=''><td class=''>PALETTES DE SOUFFLAGE<\/td><td class=''>12<\/td><\/tr><tr class=''><td class=''>TAILLE DES PNEUS<\/td><td class=''>2x(185\/80 R14)<\/td><\/tr><\/tbody><\/table><\/div><style type='text\/css'><\/style>\n<div  class='hr hr-default  '><span class='hr-inner ' ><span class='hr-inner-style'><\/span><\/span><\/div>\n<div class=\"flex_column av_one_third  flex_column_div av-zero-column-padding first  \" style='border-radius:0px; '><div class='avia-image-container  av-styling-  noHover  av-overlay-on-hover   avia-align-center '  itemprop=\"ImageObject\" itemscope=\"itemscope\" itemtype=\"https:\/\/schema.org\/ImageObject\"  ><div class='avia-image-container-inner'><div class='av-image-caption-overlay'><div class='av-caption-image-overlay-bg' style='opacity:0.4; background-color:#000000; '><\/div><div class='av-image-caption-overlay-position'><div class='av-image-caption-overlay-center' style='color:#ffffff; '><p>VIS DE LEVAGE<\/p>\n<\/div><\/div><\/div><img class='avia_image ' src='https:\/\/fimaks.com\/wp-content\/uploads\/2018\/02\/3-s\u0131ral\u0131-m\u0131s\u0131r-silaj-makinesi-yat\u0131k-kald\u0131r\u0131c\u0131.jpg' alt='' title='3-s\u0131ral\u0131-m\u0131s\u0131r-silaj-makinesi-yat\u0131k-kald\u0131r\u0131c\u0131'   itemprop=\"thumbnailUrl\"  \/><\/div><\/div><\/div>\n<div class=\"flex_column av_one_third  flex_column_div av-zero-column-padding   \" style='border-radius:0px; '><div class='avia-image-container  av-styling-  noHover  av-overlay-on-hover   avia-align-center '  itemprop=\"ImageObject\" itemscope=\"itemscope\" itemtype=\"https:\/\/schema.org\/ImageObject\"  ><div class='avia-image-container-inner'><div class='av-image-caption-overlay'><div class='av-caption-image-overlay-bg' style='opacity:0.4; background-color:#000000; '><\/div><div class='av-image-caption-overlay-position'><div class='av-image-caption-overlay-center' style='color:#ffffff; '><p>CHUTE PLIABLE<\/p>\n<\/div><\/div><\/div><img class='avia_image ' src='https:\/\/fimaks.com\/wp-content\/uploads\/2018\/02\/3-s\u0131ral\u0131-m\u0131s\u0131r-silaj-makinesi-katlanabilir-baca\u0131.jpg' alt='' title='3-s\u0131ral\u0131-m\u0131s\u0131r-silaj-makinesi-katlanabilir-baca\u0131'   itemprop=\"thumbnailUrl\"  \/><\/div><\/div><\/div>\n<div class=\"flex_column av_one_third  flex_column_div av-zero-column-padding   \" style='border-radius:0px; '><div class='avia-image-container  av-styling-  noHover  av-overlay-on-hover   avia-align-center '  itemprop=\"ImageObject\" itemscope=\"itemscope\" itemtype=\"https:\/\/schema.org\/ImageObject\"  ><div class='avia-image-container-inner'><div class='av-image-caption-overlay'><div class='av-caption-image-overlay-bg' style='opacity:0.4; background-color:#000000; '><\/div><div class='av-image-caption-overlay-position'><div class='av-image-caption-overlay-center' style='color:#ffffff; '><p>SOUFFLAGE PUISSANT<\/p>\n<\/div><\/div><\/div><img class='avia_image ' src='https:\/\/fimaks.com\/wp-content\/uploads\/2018\/02\/3-s\u0131ral\u0131-m\u0131s\u0131r-silaj-makinesi-g\u00fc\u00e7l\u00fc-ittirme.jpg' alt='' title='3-s\u0131ral\u0131-m\u0131s\u0131r-silaj-makinesi-g\u00fc\u00e7l\u00fc-ittirme'   itemprop=\"thumbnailUrl\"  \/><\/div><\/div><\/div>\n<div class=\"flex_column av_one_third  flex_column_div av-zero-column-padding first  \" style='border-radius:0px; '><div class='avia-image-container  av-styling-  noHover  av-overlay-on-hover   avia-align-center '  itemprop=\"ImageObject\" itemscope=\"itemscope\" itemtype=\"https:\/\/schema.org\/ImageObject\"  ><div class='avia-image-container-inner'><div class='av-image-caption-overlay'><div class='av-caption-image-overlay-bg' style='opacity:0.4; background-color:#000000; '><\/div><div class='av-image-caption-overlay-position'><div class='av-image-caption-overlay-center' style='color:#ffffff; '><p>CONTR\u00d4LE JOYSTICK<\/p>\n<\/div><\/div><\/div><img class='avia_image ' src='https:\/\/fimaks.com\/wp-content\/uploads\/2018\/02\/3-s\u0131ral\u0131-m\u0131s\u0131r-silaj-makinesi-joystick-kontrol.jpg' alt='' title='3-s\u0131ral\u0131-m\u0131s\u0131r-silaj-makinesi-joystick-kontrol'   itemprop=\"thumbnailUrl\"  \/><\/div><\/div><\/div>\n<div class=\"flex_column av_one_third  flex_column_div av-zero-column-padding   \" style='border-radius:0px; '><div class='avia-image-container  av-styling-  noHover  av-overlay-on-hover   avia-align-center '  itemprop=\"ImageObject\" itemscope=\"itemscope\" itemtype=\"https:\/\/schema.org\/ImageObject\"  ><div class='avia-image-container-inner'><div class='av-image-caption-overlay'><div class='av-caption-image-overlay-bg' style='opacity:0.4; background-color:#000000; '><\/div><div class='av-image-caption-overlay-position'><div class='av-image-caption-overlay-center' style='color:#ffffff; '><p>SYST\u00c8ME D&rsquo;AFFUTAGE INT\u00c9GR\u00c9<\/p>\n<\/div><\/div><\/div><img class='avia_image ' src='https:\/\/fimaks.com\/wp-content\/uploads\/2018\/02\/3-s\u0131ral\u0131-m\u0131s\u0131r-silaj-makinesi-entegre-bileme-sistemi.jpg' alt='' title='3-s\u0131ral\u0131-m\u0131s\u0131r-silaj-makinesi-entegre-bileme-sistemi'   itemprop=\"thumbnailUrl\"  \/><\/div><\/div><\/div>\n<div class=\"flex_column av_one_third  flex_column_div av-zero-column-padding   \" style='border-radius:0px; '><div class='avia-image-container  av-styling-  noHover  av-overlay-on-hover   avia-align-center '  itemprop=\"ImageObject\" itemscope=\"itemscope\" itemtype=\"https:\/\/schema.org\/ImageObject\"  ><div class='avia-image-container-inner'><div class='av-image-caption-overlay'><div class='av-caption-image-overlay-bg' style='opacity:0.4; background-color:#000000; '><\/div><div class='av-image-caption-overlay-position'><div class='av-image-caption-overlay-center' style='color:#ffffff; '><p>SYST\u00c8ME D&rsquo;INVERSION<\/p>\n<\/div><\/div><\/div><img class='avia_image ' src='https:\/\/fimaks.com\/wp-content\/uploads\/2018\/02\/3-s\u0131ral\u0131-m\u0131s\u0131r-silaj-makinesi-geri-\u00e7evirme-kusturma.jpg' alt='' title='3-s\u0131ral\u0131-m\u0131s\u0131r-silaj-makinesi-geri-\u00e7evirme-kusturma'   itemprop=\"thumbnailUrl\"  \/><\/div><\/div><\/div>\n\t<div  class='av_promobox  avia-button-yes '>\t\t<div class='avia-promocontent'><p>\nCliquez ici pour plus de d\u00e9tails!<\/p>\n<\/div><div class='avia-button-wrap avia-button-right '><a href='http:\/\/fimaks.com\/fr\/contact\/' class='avia-button   avia-icon_select-no avia-color-theme-color avia-size-large avia-position-right '   ><span class='avia_iconbox_title' >CONTAC <\/span><\/a><\/div>\t<\/div>\n<div class='avia-image-container  av-styling-no-styling    avia-align-center '  itemprop=\"ImageObject\" itemscope=\"itemscope\" itemtype=\"https:\/\/schema.org\/ImageObject\"  ><div class='avia-image-container-inner'><a href='http:\/\/fimaks.com\/fr\/catalogues-en-ligne\/' class='avia_image'   target=\"_blank\" ><img class='avia_image ' src='https:\/\/fimaks.com\/wp-content\/uploads\/2018\/02\/M\u0131s\u0131r-Silaj-Makinesi-katalog.jpg' alt='M\u0131s\u0131r-Silaj-Makinesi-katalog' title='M\u0131s\u0131r-Silaj-Makinesi-katalog'  itemprop=\"thumbnailUrl\"  \/><\/a><\/div><\/div>\n","protected":false},"excerpt":{"rendered":"","protected":false},"author":1,"featured_media":0,"parent":11944,"menu_order":0,"comment_status":"closed","ping_status":"closed","template":"","meta":{"_exactmetrics_skip_tracking":false,"_exactmetrics_sitenote_active":false,"_exactmetrics_sitenote_note":"","_exactmetrics_sitenote_category":0,"footnotes":""},"yst_prominent_words":[],"class_list":["post-19340","page","type-page","status-publish","hentry"],"_links":{"self":[{"href":"https:\/\/fimaks.com\/fr\/wp-json\/wp\/v2\/pages\/19340","targetHints":{"allow":["GET"]}}],"collection":[{"href":"https:\/\/fimaks.com\/fr\/wp-json\/wp\/v2\/pages"}],"about":[{"href":"https:\/\/fimaks.com\/fr\/wp-json\/wp\/v2\/types\/page"}],"author":[{"embeddable":true,"href":"https:\/\/fimaks.com\/fr\/wp-json\/wp\/v2\/users\/1"}],"replies":[{"embeddable":true,"href":"https:\/\/fimaks.com\/fr\/wp-json\/wp\/v2\/comments?post=19340"}],"version-history":[{"count":29,"href":"https:\/\/fimaks.com\/fr\/wp-json\/wp\/v2\/pages\/19340\/revisions"}],"predecessor-version":[{"id":19369,"href":"https:\/\/fimaks.com\/fr\/wp-json\/wp\/v2\/pages\/19340\/revisions\/19369"}],"up":[{"embeddable":true,"href":"https:\/\/fimaks.com\/fr\/wp-json\/wp\/v2\/pages\/11944"}],"wp:attachment":[{"href":"https:\/\/fimaks.com\/fr\/wp-json\/wp\/v2\/media?parent=19340"}],"wp:term":[{"taxonomy":"yst_prominent_words","embeddable":true,"href":"https:\/\/fimaks.com\/fr\/wp-json\/wp\/v2\/yst_prominent_words?post=19340"}],"curies":[{"name":"wp","href":"https:\/\/api.w.org\/{rel}","templated":true}]}}