{"id":20402,"date":"2021-07-08T17:08:27","date_gmt":"2021-07-08T14:08:27","guid":{"rendered":"http:\/\/fimaks.com\/presse-a-balle-et-enrubannage\/enrubanneuse-de-balle-fmbs-160\/"},"modified":"2021-07-08T17:08:29","modified_gmt":"2021-07-08T14:08:29","slug":"enrubanneuse-de-balle-fmbs-160","status":"publish","type":"page","link":"https:\/\/fimaks.com\/fr\/presse-a-balle-et-enrubannage\/enrubanneuse-de-balle-fmbs-160\/","title":{"rendered":"ENRUBANNEUSE DE BALLE FMBS 160"},"content":{"rendered":"<div class='av-hotspot-image-container avia_animate_when_almost_visible   avia_animated_image avia_animate_when_almost_visible fade-in av-hotspot-numbered av-mobile-fallback-active    av-non-fullwidth-hotspot-image '  itemprop=\"ImageObject\" itemscope=\"itemscope\" itemtype=\"https:\/\/schema.org\/ImageObject\"  ><div class='av-hotspot-container'><div class='av-hotspot-container-inner-cell'><div class='av-hotspot-container-inner-wrap'><div class='av-image-hotspot' data-avia-tooltip-position='right' data-avia-tooltip-alignment='centered' data-avia-tooltip-class='av-tt-default-width av-tt-pos-right av-tt-align-centered  av-mobile-fallback-active  transparent_dark av-tt-hotspot' data-avia-tooltip='&lt;p&gt;FACILE \u00c0 TRANSPORTER&lt;\/p&gt;\n' style='top: 78.8%; left: 59.7%; '><div class='av-image-hotspot_inner' style='background-color: #c2c9ce; color: #000000;'>1<\/div><div class='av-image-hotspot-pulse' style='background-color:#e8e8e8;'><\/div><\/div><div class='av-image-hotspot' data-avia-tooltip-position='bottom' data-avia-tooltip-alignment='centered' data-avia-tooltip-class='av-tt-default-width av-tt-pos-below av-tt-align-centered  av-mobile-fallback-active  transparent_dark av-tt-hotspot' data-avia-tooltip='&lt;p&gt;CH\u00c2SSIS SOLIDE&lt;\/p&gt;\n' style='top: 59.5%; left: 57.1%; '><div class='av-image-hotspot_inner' style='background-color: #c2c9ce; color: #000000;'>2<\/div><div class='av-image-hotspot-pulse' style='background-color:#ffffff;'><\/div><\/div><div class='av-image-hotspot' data-avia-tooltip-position='top' data-avia-tooltip-alignment='left' data-avia-tooltip-class='av-tt-default-width av-tt-pos-above av-tt-align-left  av-mobile-fallback-active  transparent_dark av-tt-hotspot' data-avia-tooltip='&lt;p&gt;ENRUBANNAGE DE PERFORMANCE OPTIMAL&lt;\/p&gt;\n' style='top: 58.9%; left: 52.9%; '><div class='av-image-hotspot_inner' style='background-color: #c2c9ce; color: #000000;'>3<\/div><div class='av-image-hotspot-pulse' style='background-color:#ffffff;'><\/div><\/div><div class='av-image-hotspot' data-avia-tooltip-position='top' data-avia-tooltip-alignment='left' data-avia-tooltip-class='av-tt-default-width av-tt-pos-above av-tt-align-left  av-mobile-fallback-active  transparent_dark av-tt-hotspot' data-avia-tooltip='&lt;p&gt;FACILE \u00c0 UTILISER&lt;\/p&gt;\n' style='top: 80.6%; left: 42.5%; '><div class='av-image-hotspot_inner' style='background-color: #c2c9ce; color: #000000;'>4<\/div><div class='av-image-hotspot-pulse' style='background-color:#ffffff;'><\/div><\/div><div class='av-image-hotspot' data-avia-tooltip-position='top' data-avia-tooltip-alignment='left' data-avia-tooltip-class='av-tt-default-width av-tt-pos-above av-tt-align-left  av-mobile-fallback-active  transparent_dark av-tt-hotspot' data-avia-tooltip='&lt;p&gt;SYST\u00c8ME D&rsquo;EMBALLAGE PAR SATELLITE&lt;\/p&gt;\n' style='top: 37%; left: 45.7%; '><div class='av-image-hotspot_inner' style='background-color: #c2c9ce; color: #000000;'>5<\/div><div class='av-image-hotspot-pulse' style='background-color:#ffffff;'><\/div><\/div><img class='avia_image ' src='https:\/\/fimaks.com\/wp-content\/uploads\/2020\/08\/PRO-1.png' alt='' title='PRO'   itemprop=\"thumbnailUrl\"  \/><\/div><\/div><\/div><div class='av-hotspot-fallback-tooltip'><div class='av-hotspot-fallback-tooltip-count'>1<div class='avia-arrow'><\/div><\/div><div class='av-hotspot-fallback-tooltip-inner clearfix'><p>\nFACILE \u00c0 TRANSPORTER<\/p>\n<\/div><\/div><div class='av-hotspot-fallback-tooltip'><div class='av-hotspot-fallback-tooltip-count'>2<div class='avia-arrow'><\/div><\/div><div class='av-hotspot-fallback-tooltip-inner clearfix'><p>\nCH\u00c2SSIS SOLIDE<\/p>\n<\/div><\/div><div class='av-hotspot-fallback-tooltip'><div class='av-hotspot-fallback-tooltip-count'>3<div class='avia-arrow'><\/div><\/div><div class='av-hotspot-fallback-tooltip-inner clearfix'><p>\nENRUBANNAGE DE PERFORMANCE OPTIMAL<\/p>\n<\/div><\/div><div class='av-hotspot-fallback-tooltip'><div class='av-hotspot-fallback-tooltip-count'>4<div class='avia-arrow'><\/div><\/div><div class='av-hotspot-fallback-tooltip-inner clearfix'><p>\nFACILE \u00c0 UTILISER<\/p>\n<\/div><\/div><div class='av-hotspot-fallback-tooltip'><div class='av-hotspot-fallback-tooltip-count'>5<div class='avia-arrow'><\/div><\/div><div class='av-hotspot-fallback-tooltip-inner clearfix'><p>\nSYST\u00c8ME D&rsquo;EMBALLAGE PAR SATELLITE<\/p>\n<\/div><\/div><\/div>\n<div style='padding-bottom:10px;' class='av-special-heading av-special-heading-h1  blockquote modern-quote modern-centered   av-thin-font '><h1 class='av-special-heading-tag '  itemprop=\"headline\"  >ENRUBANNEUSE DE BALLE<br \/>| <strong>FMBS 160 <\/strong>|<\/h1><div class='special-heading-border'><div class='special-heading-inner-border' ><\/div><\/div><\/div>\n<div  class='hr hr-default  '><span class='hr-inner ' ><span class='hr-inner-style'><\/span><\/span><\/div>\n<section class=\"av_textblock_section \"  itemscope=\"itemscope\" itemtype=\"https:\/\/schema.org\/CreativeWork\" ><div class='avia_textblock  '   itemprop=\"text\" ><p>L&rsquo;enrubanneuse de Fimaks est con\u00e7ue pour enrubanner des balles rondes. Le syst\u00e8me de travail FMBS 160 est appel\u00e9 syst\u00e8me satellite. Pendant que les bras d&rsquo;enrubannage tournent autour de la balle, la balle tourne sur les arceaux de s\u00e9curit\u00e9. Lorsque le processus d&#8217;emballage se termine, la machine coupe elle-m\u00eame le mat\u00e9riau d&#8217;emballage. Ce syst\u00e8me est plus fiable et plus rapide. L&rsquo;enrubanneuse Fimaks FMBS 160 peut \u00eatre facilement d\u00e9plac\u00e9e et utilis\u00e9e avec le tracteur. Les balles lourdes peuvent \u00eatre facilement enrubann\u00e9es avec l&rsquo;enrubanneuse Fimaks.<\/p>\n<\/div><\/section>\n<div  class='hr hr-default  '><span class='hr-inner ' ><span class='hr-inner-style'><\/span><\/span><\/div>\n<div class=\"flex_column av_one_half  flex_column_div av-zero-column-padding first  \" style='border-radius:0px; '><div class='avia-image-container  av-styling-    avia-align-center '  itemprop=\"ImageObject\" itemscope=\"itemscope\" itemtype=\"https:\/\/schema.org\/ImageObject\"  ><div class='avia-image-container-inner'><img class='avia_image ' src='https:\/\/fimaks.com\/wp-content\/uploads\/2020\/08\/1.png' alt='' title='1'   itemprop=\"thumbnailUrl\"  \/><\/div><\/div><\/div>\n<div class=\"flex_column av_one_half  flex_column_div av-zero-column-padding   \" style='border-radius:0px; '><div class='avia-image-container  av-styling-    avia-align-center '  itemprop=\"ImageObject\" itemscope=\"itemscope\" itemtype=\"https:\/\/schema.org\/ImageObject\"  ><div class='avia-image-container-inner'><img class='avia_image ' src='https:\/\/fimaks.com\/wp-content\/uploads\/2020\/08\/2-1.png' alt='' title='2'   itemprop=\"thumbnailUrl\"  \/><\/div><\/div><\/div>\n<div  class='hr hr-default  '><span class='hr-inner ' ><span class='hr-inner-style'><\/span><\/span><\/div>\n<div class='av-social-sharing-box  av-social-sharing-box-minimal '><div class='av-share-box'><ul class='av-share-box-list noLightbox'><li class='av-share-link av-social-link-facebook' ><a target='_blank' href='http:\/\/www.facebook.com\/sharer.php?u=https:\/\/fimaks.com\/fr\/presse-a-balle-et-enrubannage\/enrubanneuse-de-balle-fmbs-160\/&amp;t=ENRUBANNEUSE%20DE%20BALLE%20FMBS%20160' aria-hidden='true' data-av_icon='\ue8f3' data-av_iconfont='entypo-fontello' title='' data-avia-related-tooltip='Partager sur Facebook'><span class='avia_hidden_link_text'>Partager sur Facebook<\/span><\/a><\/li><li class='av-share-link av-social-link-twitter' ><a target='_blank' href='https:\/\/twitter.com\/share?text=ENRUBANNEUSE%20DE%20BALLE%20FMBS%20160&url=https:\/\/fimaks.com\/fr\/?p=20402' aria-hidden='true' data-av_icon='\ue8f1' data-av_iconfont='entypo-fontello' title='' data-avia-related-tooltip='Partager sur Twitter'><span class='avia_hidden_link_text'>Partager sur Twitter<\/span><\/a><\/li><li class='av-share-link av-social-link-gplus' ><a target='_blank' href='https:\/\/plus.google.com\/share?url=https:\/\/fimaks.com\/fr\/presse-a-balle-et-enrubannage\/enrubanneuse-de-balle-fmbs-160\/' aria-hidden='true' data-av_icon='\ue8f6' data-av_iconfont='entypo-fontello' title='' data-avia-related-tooltip='Partager sur Google+'><span class='avia_hidden_link_text'>Partager sur Google+<\/span><\/a><\/li><li class='av-share-link av-social-link-pinterest' ><a target='_blank' href='http:\/\/pinterest.com\/pin\/create\/button\/?url=https%3A%2F%2Ffimaks.com%2Ffr%2Fpresse-a-balle-et-enrubannage%2Fenrubanneuse-de-balle-fmbs-160%2F&amp;description=ENRUBANNEUSE%20DE%20BALLE%20FMBS%20160&amp;media=' aria-hidden='true' data-av_icon='\ue8f8' data-av_iconfont='entypo-fontello' title='' data-avia-related-tooltip='Partager sur Pinterest'><span class='avia_hidden_link_text'>Partager sur Pinterest<\/span><\/a><\/li><li class='av-share-link av-social-link-linkedin' ><a target='_blank' href='http:\/\/linkedin.com\/shareArticle?mini=true&amp;title=ENRUBANNEUSE%20DE%20BALLE%20FMBS%20160&amp;url=https:\/\/fimaks.com\/fr\/presse-a-balle-et-enrubannage\/enrubanneuse-de-balle-fmbs-160\/' aria-hidden='true' data-av_icon='\ue8fc' data-av_iconfont='entypo-fontello' title='' data-avia-related-tooltip='Partager sur Linkedin'><span class='avia_hidden_link_text'>Partager sur Linkedin<\/span><\/a><\/li><li class='av-share-link av-social-link-tumblr' ><a target='_blank' href='http:\/\/www.tumblr.com\/share\/link?url=https%3A%2F%2Ffimaks.com%2Ffr%2Fpresse-a-balle-et-enrubannage%2Fenrubanneuse-de-balle-fmbs-160%2F&amp;name=ENRUBANNEUSE%20DE%20BALLE%20FMBS%20160&amp;description=' aria-hidden='true' data-av_icon='\ue8fa' data-av_iconfont='entypo-fontello' title='' data-avia-related-tooltip='Partager sur Tumblr'><span class='avia_hidden_link_text'>Partager sur Tumblr<\/span><\/a><\/li><li class='av-share-link av-social-link-vk' ><a target='_blank' href='http:\/\/vk.com\/share.php?url=https:\/\/fimaks.com\/fr\/presse-a-balle-et-enrubannage\/enrubanneuse-de-balle-fmbs-160\/' aria-hidden='true' data-av_icon='\ue926' data-av_iconfont='entypo-fontello' title='' data-avia-related-tooltip='Partager sur Vk'><span class='avia_hidden_link_text'>Partager sur Vk<\/span><\/a><\/li><li class='av-share-link av-social-link-reddit' ><a target='_blank' href='http:\/\/reddit.com\/submit?url=https:\/\/fimaks.com\/fr\/presse-a-balle-et-enrubannage\/enrubanneuse-de-balle-fmbs-160\/&amp;title=ENRUBANNEUSE%20DE%20BALLE%20FMBS%20160' aria-hidden='true' data-av_icon='\ue927' data-av_iconfont='entypo-fontello' title='' data-avia-related-tooltip='Partager sur Reddit'><span class='avia_hidden_link_text'>Partager sur Reddit<\/span><\/a><\/li><li class='av-share-link av-social-link-mail' ><a  href='mailto:?subject=ENRUBANNEUSE%20DE%20BALLE%20FMBS%20160&amp;body=https:\/\/fimaks.com\/fr\/presse-a-balle-et-enrubannage\/enrubanneuse-de-balle-fmbs-160\/' aria-hidden='true' data-av_icon='\ue805' data-av_iconfont='entypo-fontello' title='' data-avia-related-tooltip='Partager par Mail'><span class='avia_hidden_link_text'>Partager par Mail<\/span><\/a><\/li><\/ul><\/div><\/div>\n<div  class='hr hr-default  '><span class='hr-inner ' ><span class='hr-inner-style'><\/span><\/span><\/div>\n<div class='avia-data-table-wrap avia_responsive_table'><table class='avia-table avia-data-table avia-table-1  avia_pricing_default '  itemscope=\"itemscope\" itemtype=\"https:\/\/schema.org\/Table\" ><tbody><tr class=''><td class=''>LONGUEUR (mm)<\/td><td class=''>2480<\/td><\/tr><tr class=''><td class=''>LARGEUR (mm)<\/td><td class=''>1580<\/td><\/tr><tr class=''><td class=''>HAUTEUR (mm)<\/td><td class=''>2380<\/td><\/tr><tr class=''><td class=''>Poids net \/ kg)<\/td><td class=''>840<\/td><\/tr><tr class=''><td class=''>DIAM\u00c8TRE DE LA BALLE (mm) (min\/max)<\/td><td class=''>1200\/1600<\/td><\/tr><tr class=''><td class=''>PUISSANCE RECOMMANDEE (ch)<\/td><td class=''>70<\/td><\/tr><\/tbody><\/table><\/div><style type='text\/css'><\/style>\n\t<div  class='av_promobox  avia-button-yes '>\t\t<div class='avia-promocontent'><p>\nContactez-nous pour des informations d\u00e9taill\u00e9es!<\/p>\n<\/div><div class='avia-button-wrap avia-button-right '><a href='' class='avia-button   avia-icon_select-no avia-color-theme-color avia-size-large avia-position-right '   ><span class='avia_iconbox_title' >Contact <\/span><\/a><\/div>\t<\/div>\n<div class='avia-image-container  av-styling-no-styling    avia-align-center '  itemprop=\"ImageObject\" itemscope=\"itemscope\" itemtype=\"https:\/\/schema.org\/ImageObject\"  ><div class='avia-image-container-inner'><a href='http:\/\/fimaks.com\/wp-content\/uploads\/2020\/08\/\u00dcr\u00fcn-Katalo\u011fu.pdf' class='avia_image'   target=\"_blank\" ><img class='avia_image ' src='https:\/\/fimaks.com\/wp-content\/uploads\/2018\/02\/YEM-KARMA-MAK\u0130NELER\u0130-KATALOG2.jpg' alt='YEM-KARMA-MAK\u0130NELER\u0130-KATALOG2' title='YEM-KARMA-MAK\u0130NELER\u0130-KATALOG2'  itemprop=\"thumbnailUrl\"  \/><\/a><\/div><\/div>\n","protected":false},"excerpt":{"rendered":"","protected":false},"author":1,"featured_media":0,"parent":20385,"menu_order":0,"comment_status":"closed","ping_status":"closed","template":"","meta":{"_exactmetrics_skip_tracking":false,"_exactmetrics_sitenote_active":false,"_exactmetrics_sitenote_note":"","_exactmetrics_sitenote_category":0,"footnotes":""},"yst_prominent_words":[],"class_list":["post-20402","page","type-page","status-publish","hentry"],"_links":{"self":[{"href":"https:\/\/fimaks.com\/fr\/wp-json\/wp\/v2\/pages\/20402","targetHints":{"allow":["GET"]}}],"collection":[{"href":"https:\/\/fimaks.com\/fr\/wp-json\/wp\/v2\/pages"}],"about":[{"href":"https:\/\/fimaks.com\/fr\/wp-json\/wp\/v2\/types\/page"}],"author":[{"embeddable":true,"href":"https:\/\/fimaks.com\/fr\/wp-json\/wp\/v2\/users\/1"}],"replies":[{"embeddable":true,"href":"https:\/\/fimaks.com\/fr\/wp-json\/wp\/v2\/comments?post=20402"}],"version-history":[{"count":15,"href":"https:\/\/fimaks.com\/fr\/wp-json\/wp\/v2\/pages\/20402\/revisions"}],"predecessor-version":[{"id":20417,"href":"https:\/\/fimaks.com\/fr\/wp-json\/wp\/v2\/pages\/20402\/revisions\/20417"}],"up":[{"embeddable":true,"href":"https:\/\/fimaks.com\/fr\/wp-json\/wp\/v2\/pages\/20385"}],"wp:attachment":[{"href":"https:\/\/fimaks.com\/fr\/wp-json\/wp\/v2\/media?parent=20402"}],"wp:term":[{"taxonomy":"yst_prominent_words","embeddable":true,"href":"https:\/\/fimaks.com\/fr\/wp-json\/wp\/v2\/yst_prominent_words?post=20402"}],"curies":[{"name":"wp","href":"https:\/\/api.w.org\/{rel}","templated":true}]}}