{"id":20474,"date":"2021-07-08T18:53:32","date_gmt":"2021-07-08T15:53:32","guid":{"rendered":"http:\/\/fimaks.com\/presse-a-balle-et-enrubannage\/presse-a-balle-fimaks-3690\/"},"modified":"2021-07-27T11:15:16","modified_gmt":"2021-07-27T08:15:16","slug":"presse-a-balle-fimaks-3690","status":"publish","type":"page","link":"https:\/\/fimaks.com\/fr\/presse-a-balle-et-enrubannage\/presse-a-balle-fimaks-3690\/","title":{"rendered":"Presse a Balle &#8211; Fimaks 3690"},"content":{"rendered":"<div class='av-hotspot-image-container avia_animate_when_almost_visible   avia_animated_image avia_animate_when_almost_visible fade-in av-hotspot-numbered av-mobile-fallback-active    av-non-fullwidth-hotspot-image '  itemprop=\"ImageObject\" itemscope=\"itemscope\" itemtype=\"https:\/\/schema.org\/ImageObject\"  ><div class='av-hotspot-container'><div class='av-hotspot-container-inner-cell'><div class='av-hotspot-container-inner-wrap'><img class='avia_image ' src='https:\/\/fimaks.com\/wp-content\/uploads\/2021\/02\/3690.png' alt='' title='3690'   itemprop=\"thumbnailUrl\"  \/><\/div><\/div><\/div><\/div>\n<div style='padding-bottom:10px;' class='av-special-heading av-special-heading-h1  blockquote modern-quote modern-centered   av-thin-font '><h1 class='av-special-heading-tag '  itemprop=\"headline\"  >PRESSE \u00c0 2 NOUEURS <br \/> | <strong>3190 <\/strong>|<\/h1><div class='special-heading-border'><div class='special-heading-inner-border' ><\/div><\/div><\/div>\n<div  class='hr hr-default  '><span class='hr-inner ' ><span class='hr-inner-style'><\/span><\/span><\/div>\n<section class=\"av_textblock_section \"  itemscope=\"itemscope\" itemtype=\"https:\/\/schema.org\/CreativeWork\" ><div class='avia_textblock  '   itemprop=\"text\" ><p>Les presses \u00e0 balles Fimaks 3690 sont plus l\u00e9g\u00e8res et plus petites que les mod\u00e8les 5690, mais la plupart des choix techniques sont similaires. N\u00e9anmoins, ils offrent de tr\u00e8s bonnes performances qui satisferont certainement les besoins de la plupart des agriculteurs professionnels.Le poids bas et les dimensions r\u00e9duites offrent une meilleure maniabilit\u00e9, en particulier dans les champs de petite et moyenne taille, les terrains doux ou lorsqu&rsquo;il est n\u00e9cessaire de transporter les machines sur des routes longues et \u00e9troites. L&rsquo;\u00e9quipement standard peut \u00eatre enrichi du syst\u00e8me de graissage centralis\u00e9 et d&rsquo;un double ventilateur noueur, du relevage hydraulique du ramasseur, du r\u00e9glage du timon de type m\u00e9canique ou hydraulique, du compteur de balles \u00e9lectrique et du capteur d&rsquo;humidit\u00e9 avec affichage \u00e0 main pour le<\/p>\n<\/div><\/section>\n<div  class='avia-video avia-video-16-9   '  itemprop=\"video\" itemtype=\"https:\/\/schema.org\/VideoObject\" ><div class='avia-iframe-wrap'><iframe loading=\"lazy\" width=\"1500\" height=\"844\" src=\"https:\/\/www.youtube.com\/embed\/k6tG05OafUQ?feature=oembed\" frameborder=\"0\" allow=\"accelerometer; autoplay; clipboard-write; encrypted-media; gyroscope; picture-in-picture\" allowfullscreen><\/iframe><\/div><\/div>\n<div  class='hr hr-default  '><span class='hr-inner ' ><span class='hr-inner-style'><\/span><\/span><\/div>\n<div class='avia-data-table-wrap avia_responsive_table'><table class='avia-table avia-data-table avia-table-1  avia_pricing_default '  itemscope=\"itemscope\" itemtype=\"https:\/\/schema.org\/Table\" ><tbody><tr class=''><td class=''><strong>D\u00c9TAILS TECHNIQUES<\/strong><\/td><td class=''><\/td><\/tr><tr class=''><td class=''>PUISSANCE RECOMMANDEE\u00a0(ch)<\/td><td class=''>40<\/td><\/tr><tr class=''><td class=''><strong>PERFORMANCE (SOUS CONDITIONS ID\u00c9ALES)<\/strong><\/td><td class=''><\/td><\/tr><tr class=''><td class=''>POIDS DE LA BALLE \u2013 PAILLE (kg)<\/td><td class=''>15-20<\/td><\/tr><tr class=''><td class=''>POIDS DE LA BALLE \u2013 FOIN (kg)<\/td><td class=''>20-30<\/td><\/tr><tr class=''><td class=''>BALLES PAR HEURE<\/td><td class=''>400 balles\/heure<\/td><\/tr><tr class=''><td class=''><strong>SYST\u00c8ME DE RAMASSAGE<\/strong><\/td><td class=''><\/td><\/tr><tr class=''><td class=''>LARGEUR DE RAMASSAGE (cm)<\/td><td class=''>170<\/td><\/tr><tr class=''><td class=''>LARGEUR DE RAMASSAGE NET \u2013 MUR \u00c0 MUR (cm)<\/td><td class=''>156<\/td><\/tr><tr class=''><td class=''><strong>SYST\u00c8ME DE RAMASSAGE<\/strong><\/td><td class=''>21 DENTS \/ 4 BARRES<\/td><\/tr><tr class=''><td class=''>LEVAGE DE PICK-UP HYDRAULIQUE<\/td><td class=''>INCLUS<\/td><\/tr><tr class=''><td class=''>PNEU DE SUPPORT PICK-UP<\/td><td class=''>INCLUS<\/td><\/tr><tr class=''><td class=''><strong>HACHOIR<\/strong><\/td><td class=''>NON INCLUS<\/td><\/tr><tr class=''><td class=''><strong>CHAMBRE DE COMPRESSION ET QUEUE<\/strong><\/td><td class=''><\/td><\/tr><tr class=''><td class=''>DIMENSION DE LA BALLE (cm)<\/td><td class=''>36&#215;46<\/td><\/tr><tr class=''><td class=''>RAM ET VITESSE \/ MIN \u00c0 610 tr\/min<\/td><td class=''>66 cm &#8211; 100 tr\/min<\/td><\/tr><tr class=''><td class=''><strong>D\u00c9TAILS DU NOUEUR<\/strong><\/td><td class=''><\/td><\/tr><tr class=''><td class=''>NOMBRE DE FILS<\/td><td class=''>2\u00a0NOEUDS<\/td><\/tr><tr class=''><td class=''>LUMI\u00c8RES DE NOUEUR<\/td><td class=''>OPTIONNELLE<\/td><\/tr><tr class=''><td class=''>SYST\u00c8ME DE LUBRIFICATION DES NOEUDS CENTRALIS\u00c9<\/td><td class=''>Le type d&rsquo;huile, en option,<\/td><\/tr><tr class=''><td class=''>SYST\u00c8ME DE LUBRIFICATION AUTOMATIQUE DU NOUEUR AVEC POMPE \u00c9LECTRIQUE<\/td><td class=''>N&rsquo;EST PAS APPLICABLE<\/td><\/tr><tr class=''><td class=''>VENTILATEUR DOUBLE NOUEUR<\/td><td class=''>OPTIONNELLE<\/td><\/tr><tr class=''><td class=''><strong>CHANGEMENT DE ROUTE EN POSITION DE TRAVAIL<\/strong><\/td><td class=''><\/td><\/tr><tr class=''><td class=''>M\u00c9CANIQUE<\/td><td class=''>STANDARD<\/td><\/tr><tr class=''><td class=''>HYDRAULIQUE<\/td><td class=''>OPTIONNELLE<\/td><\/tr><tr class=''><td class=''><strong>TRANSMISSION<\/strong><\/td><td class=''><\/td><\/tr><tr class=''><td class=''>TRANSMISSION AU NOUEUR<\/td><td class=''>CHA\u00ceNE<\/td><\/tr><tr class=''><td class=''>TRANSMISSION PICK-UP<\/td><td class=''>COURROIE<\/td><\/tr><tr class=''><td class=''>ARBRE DE PRISE DE FORCE STANDARD<\/td><td class=''>STANDARD<\/td><\/tr><tr class=''><td class=''>ARBRE DE PRISE DE FORCE GRAND ANGLE<\/td><td class=''>OPTIONNELLE<\/td><\/tr><tr class=''><td class=''>PRISES DE FORCE DOUBLES<\/td><td class=''>N&rsquo;EST PAS APPLICABLE<\/td><\/tr><tr class=''><td class=''>CAPACIT\u00c9 DE LA BO\u00ceTE DE FILS<\/td><td class=''>4<\/td><\/tr><tr class=''><td class=''><strong>ACCESSOIRES<\/strong><\/td><td class=''><\/td><\/tr><tr class=''><td class=''>FEUX DE ROUTE<\/td><td class=''>STANDARD<\/td><\/tr><tr class=''><td class=''>COMPTEUR DE BALLES M\u00c9CANIQUE<\/td><td class=''>STANDARD<\/td><\/tr><tr class=''><td class=''>COMPTEUR DE BALLES \u00c9LECTRONIQUE<\/td><td class=''>OPTIONNELLE<\/td><\/tr><tr class=''><td class=''>ROULEAU AUXILIAIRE EN ACIER DE L&rsquo;ESSIEU ARRI\u00c8RE<\/td><td class=''>OPTIONNELLE<\/td><\/tr><tr class=''><td class=''>M\u00c9CANISME DE R\u00c9GLAGE DE LA HAUTEUR<\/td><td class=''>OPTIONNELLE<\/td><\/tr><tr class=''><td class=''><strong>DIMENSIONS DE LA MACHINE<\/strong><\/td><td class=''><\/td><\/tr><tr class=''><td class=''>LARGEUR<\/td><td class=''>240<\/td><\/tr><tr class=''><td class=''>LONGUEUR<\/td><td class=''>414<\/td><\/tr><tr class=''><td class=''>HAUTEUR<\/td><td class=''>172<\/td><\/tr><tr class=''><td class=''>DIMENSIONS PNEU GAUCHE<\/td><td class=''>10.0\/80-12<\/td><\/tr><tr class=''><td class=''>DIMENSIONS PNEUS DROIT<\/td><td class=''>7.00-12<\/td><\/tr><tr class=''><td class=''>POIDS<\/td><td class=''>1380<\/td><\/tr><\/tbody><\/table><\/div><style type='text\/css'><\/style>\n<div  class='hr hr-default  '><span class='hr-inner ' ><span class='hr-inner-style'><\/span><\/span><\/div>\n\t<div  class='av_promobox  avia-button-yes '>\t\t<div class='avia-promocontent'><p>\nCliquez ici pour obtenir des informations d\u00e9taill\u00e9es.<\/p>\n<\/div><div class='avia-button-wrap avia-button-right '><a href='' class='avia-button   avia-icon_select-no avia-color-theme-color avia-size-large avia-position-right '   ><span class='avia_iconbox_title' >CONTACT<\/span><\/a><\/div>\t<\/div>\n<div class='avia-image-container  av-styling-no-styling    avia-align-center '  itemprop=\"ImageObject\" itemscope=\"itemscope\" itemtype=\"https:\/\/schema.org\/ImageObject\"  ><div class='avia-image-container-inner'><a href='https:\/\/fimaks.com\/multimedya\/kataloglar\/' class='avia_image'   target=\"_blank\" ><img class='avia_image ' src='https:\/\/fimaks.com\/wp-content\/uploads\/2018\/02\/YEM-KARMA-MAK\u0130NELER\u0130-KATALOG2.jpg' alt='YEM-KARMA-MAK\u0130NELER\u0130-KATALOG2' title='YEM-KARMA-MAK\u0130NELER\u0130-KATALOG2'  itemprop=\"thumbnailUrl\"  \/><\/a><\/div><\/div>\n","protected":false},"excerpt":{"rendered":"","protected":false},"author":1,"featured_media":0,"parent":20385,"menu_order":0,"comment_status":"closed","ping_status":"closed","template":"","meta":{"_exactmetrics_skip_tracking":false,"_exactmetrics_sitenote_active":false,"_exactmetrics_sitenote_note":"","_exactmetrics_sitenote_category":0,"footnotes":""},"yst_prominent_words":[],"class_list":["post-20474","page","type-page","status-publish","hentry"],"_links":{"self":[{"href":"https:\/\/fimaks.com\/fr\/wp-json\/wp\/v2\/pages\/20474","targetHints":{"allow":["GET"]}}],"collection":[{"href":"https:\/\/fimaks.com\/fr\/wp-json\/wp\/v2\/pages"}],"about":[{"href":"https:\/\/fimaks.com\/fr\/wp-json\/wp\/v2\/types\/page"}],"author":[{"embeddable":true,"href":"https:\/\/fimaks.com\/fr\/wp-json\/wp\/v2\/users\/1"}],"replies":[{"embeddable":true,"href":"https:\/\/fimaks.com\/fr\/wp-json\/wp\/v2\/comments?post=20474"}],"version-history":[{"count":73,"href":"https:\/\/fimaks.com\/fr\/wp-json\/wp\/v2\/pages\/20474\/revisions"}],"predecessor-version":[{"id":21345,"href":"https:\/\/fimaks.com\/fr\/wp-json\/wp\/v2\/pages\/20474\/revisions\/21345"}],"up":[{"embeddable":true,"href":"https:\/\/fimaks.com\/fr\/wp-json\/wp\/v2\/pages\/20385"}],"wp:attachment":[{"href":"https:\/\/fimaks.com\/fr\/wp-json\/wp\/v2\/media?parent=20474"}],"wp:term":[{"taxonomy":"yst_prominent_words","embeddable":true,"href":"https:\/\/fimaks.com\/fr\/wp-json\/wp\/v2\/yst_prominent_words?post=20474"}],"curies":[{"name":"wp","href":"https:\/\/api.w.org\/{rel}","templated":true}]}}