{"id":20536,"date":"2021-07-09T11:21:58","date_gmt":"2021-07-09T08:21:58","guid":{"rendered":"http:\/\/fimaks.com\/presse-a-balle-et-enrubannage\/presse-a-balle-fimaks-5690\/"},"modified":"2022-01-12T08:17:22","modified_gmt":"2022-01-12T05:17:22","slug":"presse-a-balle-fimaks-5690","status":"publish","type":"page","link":"https:\/\/fimaks.com\/fr\/presse-a-balle-et-enrubannage\/presse-a-balle-fimaks-5690\/","title":{"rendered":"Presse a Balle &#8211; Fimaks 5690"},"content":{"rendered":"<div class='av-hotspot-image-container avia_animate_when_almost_visible   avia_animated_image avia_animate_when_almost_visible fade-in av-hotspot-numbered av-mobile-fallback-active    av-non-fullwidth-hotspot-image '  itemprop=\"ImageObject\" itemscope=\"itemscope\" itemtype=\"https:\/\/schema.org\/ImageObject\"  ><div class='av-hotspot-container'><div class='av-hotspot-container-inner-cell'><div class='av-hotspot-container-inner-wrap'><img class='avia_image ' src='https:\/\/fimaks.com\/wp-content\/uploads\/2021\/02\/5690.png' alt='' title='5690'   itemprop=\"thumbnailUrl\"  \/><\/div><\/div><\/div><\/div>\n<div style='padding-bottom:10px;' class='av-special-heading av-special-heading-h1  blockquote modern-quote modern-centered   av-thin-font '><h1 class='av-special-heading-tag '  itemprop=\"headline\"  >PRESSE A BALLE \u00c0 3 NOUEURS<br \/>\n| <strong>5690 <\/strong>|<\/h1><div class='special-heading-border'><div class='special-heading-inner-border' ><\/div><\/div><\/div>\n<div  class='hr hr-default  '><span class='hr-inner ' ><span class='hr-inner-style'><\/span><\/span><\/div>\n<section class=\"av_textblock_section \"  itemscope=\"itemscope\" itemtype=\"https:\/\/schema.org\/CreativeWork\" ><div class='avia_textblock  '   itemprop=\"text\" ><p>Les presses \u00e0 balles Fimaks 5690 sont l&rsquo;une des solutions les plus \u00e9quilibr\u00e9es en termes de productivit\u00e9, robustesse et maniable dans tous les environnements de travail. Ces machines ont \u00e9t\u00e9 con\u00e7ues sp\u00e9cifiquement pour les grands champs, les utilisateurs professionnels, les entrepreneurs et les exploitations agricoles de grandes tailles, et leurs dimensions permettent le transport routier sans autorisation sp\u00e9ciale. La gamme de presses \u00e0 balles 5690 est l&rsquo;un des plus grands succ\u00e8s gr\u00e2ce \u00e0 un excellent m\u00e9lange de performances et de solutions techniques qui offrent une excellente facilit\u00e9 d&rsquo;utilisation et d&rsquo;entretien et une durabilit\u00e9 in\u00e9gal\u00e9e.<\/p>\n<\/div><\/section>\n<div  class='hr hr-default  '><span class='hr-inner ' ><span class='hr-inner-style'><\/span><\/span><\/div>\n<div  class='avia-video avia-video-16-9   '  itemprop=\"video\" itemtype=\"https:\/\/schema.org\/VideoObject\" ><div class='avia-iframe-wrap'><iframe loading=\"lazy\" width=\"1500\" height=\"844\" src=\"https:\/\/www.youtube.com\/embed\/k6tG05OafUQ?feature=oembed\" frameborder=\"0\" allow=\"accelerometer; autoplay; clipboard-write; encrypted-media; gyroscope; picture-in-picture\" allowfullscreen><\/iframe><\/div><\/div>\n<div class='avia-data-table-wrap avia_responsive_table'><table class='avia-table avia-data-table avia-table-1  avia_pricing_default '  itemscope=\"itemscope\" itemtype=\"https:\/\/schema.org\/Table\" ><tbody><tr class=''><td class=''><\/td><td class=''>5690 S<\/td><td class=''>5690 S3<\/td><\/tr><tr class=''><td class=''><strong>D\u00c9TAILS TECHNIQUES<\/strong><\/td><td class=''>2 NOEUDS<\/td><td class=''>3 NOEUDS<\/td><\/tr><tr class=''><td class=''>PUISSANCE RECOMMANDEE\u00a0(ch)<\/td><td class=''>50<\/td><td class=''>50<\/td><\/tr><tr class=''><td class=''><strong>PERFORMANCE (SOUS CONDITIONS ID\u00c9ALES)<\/strong><\/td><td class=''><\/td><td class=''><\/td><\/tr><tr class=''><td class=''>POIDS DE LA BALLE \u2013 PAILLE (kg)<\/td><td class=''>20-25<\/td><td class=''>22-27<\/td><\/tr><tr class=''><td class=''>POIDS DE LA BALLE \u2013 FOIN (kg)<\/td><td class=''>25-35<\/td><td class=''>27-37<\/td><\/tr><tr class=''><td class=''>BALLES PAR HEURE<\/td><td class=''>500 balles \/ heure<br \/>\n<\/td><td class=''>300 balles\/heure<\/td><\/tr><tr class=''><td class=''><strong>SYST\u00c8ME DE RAMASSAGE<\/strong><\/td><td class=''><\/td><td class=''><\/td><\/tr><tr class=''><td class=''>LARGEUR DE RAMASSAGE (cm)<\/td><td class=''>180<\/td><td class=''>180<\/td><\/tr><tr class=''><td class=''>LARGEUR DE RAMASSAGE NET \u2013 MUR \u00c0 MUR (cm)<\/td><td class=''>158<\/td><td class=''>158<\/td><\/tr><tr class=''><td class=''>DENTS<\/td><td class=''>21 DENTS\/ 5 BARRES<\/td><td class=''>21 DENTS\/ 5 BARRES<\/td><\/tr><tr class=''><td class=''>LARGEUR DE RAMASSAGE NET \u2013 MUR \u00c0 MUR (cm)<\/td><td class=''>INCLUS<\/td><td class=''>INCLUS<\/td><\/tr><tr class=''><td class=''>PNEU DE SUPPORT PICK-UP<\/td><td class=''>INCLUS<\/td><td class=''>INCLUS<\/td><\/tr><tr class=''><td class=''><strong>HACHOIR<\/strong><\/td><td class=''>Rien<\/td><td class=''>Rien<\/td><\/tr><tr class=''><td class=''><strong>CHAMBRE DE COMPRESSION ET QUEUE<\/strong><\/td><td class=''><\/td><td class=''><\/td><\/tr><tr class=''><td class=''>DIMENSION DE LA BALLE (cm)<\/td><td class=''>36&#215;46<\/td><td class=''>36&#215;46<\/td><\/tr><tr class=''><td class=''>RAM ET VITESSE \/ MIN \u00c0 610 tr\/min<\/td><td class=''>73 cm &#8211; 104 tr\/min<\/td><td class=''>73 cm &#8211; 104 tr\/min<\/td><\/tr><tr class=''><td class=''><strong>D\u00c9TAILS DU NOUEUR<\/strong><\/td><td class=''><\/td><td class=''><\/td><\/tr><tr class=''><td class=''>NOMBRE DE FILS<\/td><td class=''>2 Noueurs<\/td><td class=''>3 NOEUDS<\/td><\/tr><tr class=''><td class=''>LUMI\u00c8RES DE NOUEUR<\/td><td class=''>Optionnelle<br \/>\n<\/td><td class=''>OPTIONNELLE<\/td><\/tr><tr class=''><td class=''>SYST\u00c8ME DE LUBRIFICATION DES NOEUDS CENTRALIS\u00c9<\/td><td class=''><\/p>\n<div class=\"ZTPlmc\">\u00a0Le type d&rsquo;huile, en option,<\/div>\n<div class=\"nidPne\">\n<div data-show-delay-ms=\"250\" data-append-to-body=\"true\" data-propagate-tooltip-mouseover-events=\"true\" data-anchor-corner=\"bottom-left\" data-popup-corner=\"top-left\">\n<div>\n<div class=\"scLCMd\">\n<div id=\"itamenu\">\n<div class=\"goog-container goog-container-vertical\" tabindex=\"-1\"><\/div>\n<\/div>\n<\/div>\n<\/div>\n<\/div>\n<\/div>\n<div class=\"dePhmb\">\n<div class=\"eyKpYb uDM8Yc\" data-language=\"fr\" data-original-language=\"en\" data-result-index=\"0\">\n<div class=\"J0lOec\"><\/div>\n<\/div>\n<\/div>\n<p><\/td><td class=''>EN OPTION (TYPE D&rsquo;HUILE)<\/td><\/tr><tr class=''><td class=''>SYST\u00c8ME DE LUBRIFICATION AUTOMATIQUE DU NOUEUR AVEC POMPE \u00c9LECTRIQUE<\/td><td class=''>N&rsquo;EST PAS APPLICABLE<\/td><td class=''>N&rsquo;EST PAS APPLICABLE<\/td><\/tr><tr class=''><td class=''>VENTILATEUR DOUBLE NOUEUR<\/td><td class=''>STANDARD<\/td><td class=''>STANDARD<\/td><\/tr><tr class=''><td class=''><strong>CHANGEMENT DE ROUTE EN POSITION DE TRAVAIL<\/strong><\/td><td class=''><\/td><td class=''><\/td><\/tr><tr class=''><td class=''>HYDRAULIQUE<\/td><td class=''>STANDARD<\/td><td class=''>STANDARD<\/td><\/tr><tr class=''><td class=''><strong>TRANSMISSION<\/strong><\/td><td class=''><\/td><td class=''><\/td><\/tr><tr class=''><td class=''>TRANSMISSION AU NOUEUR<\/td><td class=''>CHA\u00ceNE<\/td><td class=''>CHA\u00ceNE<\/td><\/tr><tr class=''><td class=''>TRANSMISSION PICK-UP<\/td><td class=''>COURROIE<\/td><td class=''>COURROIE<\/td><\/tr><tr class=''><td class=''>ARBRE DE PRISE DE FORCE STANDARD<\/td><td class=''>STANDARD<\/td><td class=''>STANDARD<\/td><\/tr><tr class=''><td class=''>ARBRE DE PRISE DE FORCE GRAND ANGLE<\/td><td class=''>OPTIONNELLE<\/td><td class=''>OPTIONNELLE<\/td><\/tr><tr class=''><td class=''>PRISES DE FORCE DOUBLES<\/td><td class=''>STANDARD<\/td><td class=''>STANDARD<\/td><\/tr><tr class=''><td class=''>CAPACIT\u00c9 DE LA BO\u00ceTE DE FILS<\/td><td class=''>8<\/td><td class=''>8<\/td><\/tr><tr class=''><td class=''><strong>ACCESSOIRES<\/strong><\/td><td class=''><\/td><td class=''><\/td><\/tr><tr class=''><td class=''>FEUX DE ROUTE<\/td><td class=''>STANDARD<\/td><td class=''>STANDARD<\/td><\/tr><tr class=''><td class=''>COMPTEUR DE BALLES M\u00c9CANIQUE<\/td><td class=''>STANDARD<\/td><td class=''>STANDARD<\/td><\/tr><tr class=''><td class=''>COMPTEUR DE BALLES \u00c9LECTRONIQUE<\/td><td class=''>OPTIONNELLE<\/td><td class=''>OPTIONNELLE<\/td><\/tr><tr class=''><td class=''>ROULEAU AUXILIAIRE EN ACIER DE L&rsquo;ESSIEU ARRI\u00c8RE<\/td><td class=''>OPTIONNELLE<\/td><td class=''>OPTIONNELLE<\/td><\/tr><tr class=''><td class=''>HAUTEUR D&rsquo;ESSIEU R\u00c9GLABLE<\/td><td class=''>OPTIONNELLE<\/td><td class=''>OPTIONNELLE<\/td><\/tr><tr class=''><td class=''><strong>DIMENSIONS DE LA MACHINE<\/strong><\/td><td class=''><\/td><td class=''><\/td><\/tr><tr class=''><td class=''>LARGEUR<\/td><td class=''>255<\/td><td class=''>255<\/td><\/tr><tr class=''><td class=''>LONGUEUR<\/td><td class=''>511<\/td><td class=''>511<\/td><\/tr><tr class=''><td class=''>HAUTEUR<\/td><td class=''>182<\/td><td class=''>182<\/td><\/tr><tr class=''><td class=''>DIMENSIONS PNEU GAUCHE<\/td><td class=''>10.0\/75-15<\/td><td class=''>10.0\/75-15<\/td><\/tr><tr class=''><td class=''>DIMENSIONS PNEUS DROIT<\/td><td class=''>10.0\/80-12<\/td><td class=''>10.0\/80-12<\/td><\/tr><tr class=''><td class=''>POIDS<\/td><td class=''>1850<\/td><td class=''>1850<\/td><\/tr><\/tbody><\/table><\/div><style type='text\/css'><\/style>\n<div  class='hr hr-default  '><span class='hr-inner ' ><span class='hr-inner-style'><\/span><\/span><\/div>\n\t<div  class='av_promobox  avia-button-yes '>\t\t<div class='avia-promocontent'><p>\nCliquez ici pour obtenir des informations d\u00e9taill\u00e9es.<\/p>\n<\/div><div class='avia-button-wrap avia-button-right '><a href='' class='avia-button   avia-icon_select-no avia-color-theme-color avia-size-large avia-position-right '   ><span class='avia_iconbox_title' >CONTACT<\/span><\/a><\/div>\t<\/div>\n<div class='avia-image-container  av-styling-no-styling    avia-align-center '  itemprop=\"ImageObject\" itemscope=\"itemscope\" itemtype=\"https:\/\/schema.org\/ImageObject\"  ><div class='avia-image-container-inner'><a href='http:\/\/fimaks.com\/fr\/catalogues-en-ligne\/' class='avia_image'   target=\"_blank\" ><img class='avia_image ' src='https:\/\/fimaks.com\/wp-content\/uploads\/2018\/02\/YEM-KARMA-MAK\u0130NELER\u0130-KATALOG2.jpg' alt='YEM-KARMA-MAK\u0130NELER\u0130-KATALOG2' title='YEM-KARMA-MAK\u0130NELER\u0130-KATALOG2'  itemprop=\"thumbnailUrl\"  \/><\/a><\/div><\/div>\n","protected":false},"excerpt":{"rendered":"","protected":false},"author":1,"featured_media":0,"parent":20385,"menu_order":0,"comment_status":"closed","ping_status":"closed","template":"","meta":{"_exactmetrics_skip_tracking":false,"_exactmetrics_sitenote_active":false,"_exactmetrics_sitenote_note":"","_exactmetrics_sitenote_category":0,"footnotes":""},"yst_prominent_words":[],"class_list":["post-20536","page","type-page","status-publish","hentry"],"_links":{"self":[{"href":"https:\/\/fimaks.com\/fr\/wp-json\/wp\/v2\/pages\/20536","targetHints":{"allow":["GET"]}}],"collection":[{"href":"https:\/\/fimaks.com\/fr\/wp-json\/wp\/v2\/pages"}],"about":[{"href":"https:\/\/fimaks.com\/fr\/wp-json\/wp\/v2\/types\/page"}],"author":[{"embeddable":true,"href":"https:\/\/fimaks.com\/fr\/wp-json\/wp\/v2\/users\/1"}],"replies":[{"embeddable":true,"href":"https:\/\/fimaks.com\/fr\/wp-json\/wp\/v2\/comments?post=20536"}],"version-history":[{"count":74,"href":"https:\/\/fimaks.com\/fr\/wp-json\/wp\/v2\/pages\/20536\/revisions"}],"predecessor-version":[{"id":22786,"href":"https:\/\/fimaks.com\/fr\/wp-json\/wp\/v2\/pages\/20536\/revisions\/22786"}],"up":[{"embeddable":true,"href":"https:\/\/fimaks.com\/fr\/wp-json\/wp\/v2\/pages\/20385"}],"wp:attachment":[{"href":"https:\/\/fimaks.com\/fr\/wp-json\/wp\/v2\/media?parent=20536"}],"wp:term":[{"taxonomy":"yst_prominent_words","embeddable":true,"href":"https:\/\/fimaks.com\/fr\/wp-json\/wp\/v2\/yst_prominent_words?post=20536"}],"curies":[{"name":"wp","href":"https:\/\/api.w.org\/{rel}","templated":true}]}}