{"id":20607,"date":"2021-07-09T13:16:44","date_gmt":"2021-07-09T10:16:44","guid":{"rendered":"http:\/\/fimaks.com\/presse-a-balle-et-enrubannage\/presse-a-balle-fimaks-6000\/"},"modified":"2021-07-09T13:16:52","modified_gmt":"2021-07-09T10:16:52","slug":"presse-a-balle-fimaks-6000","status":"publish","type":"page","link":"https:\/\/fimaks.com\/fr\/presse-a-balle-et-enrubannage\/presse-a-balle-fimaks-6000\/","title":{"rendered":"Presse a Balle &#8211; Fimaks 6000"},"content":{"rendered":"<div class='av-hotspot-image-container avia_animate_when_almost_visible   avia_animated_image avia_animate_when_almost_visible fade-in av-hotspot-numbered av-mobile-fallback-active    av-non-fullwidth-hotspot-image '  itemprop=\"ImageObject\" itemscope=\"itemscope\" itemtype=\"https:\/\/schema.org\/ImageObject\"  ><div class='av-hotspot-container'><div class='av-hotspot-container-inner-cell'><div class='av-hotspot-container-inner-wrap'><img class='avia_image ' src='https:\/\/fimaks.com\/wp-content\/uploads\/2021\/02\/6000.png' alt='' title='6000'   itemprop=\"thumbnailUrl\"  \/><\/div><\/div><\/div><\/div>\n<div style='padding-bottom:10px;' class='av-special-heading av-special-heading-h1  blockquote modern-quote modern-centered   av-thin-font '><h1 class='av-special-heading-tag '  itemprop=\"headline\"  >PRESSE A BALLE \u00c0 2 OU 3 NOUEURS <br \/> | <strong>6000 <\/strong>|<\/h1><div class='special-heading-border'><div class='special-heading-inner-border' ><\/div><\/div><\/div>\n<div  class='hr hr-default  '><span class='hr-inner ' ><span class='hr-inner-style'><\/span><\/span><\/div>\n<section class=\"av_textblock_section \"  itemscope=\"itemscope\" itemtype=\"https:\/\/schema.org\/CreativeWork\" ><div class='avia_textblock  '   itemprop=\"text\" ><p>La gamme de presses \u00e0 balles Fimaks 6000 est au sommet de la gamme Fimaks en termes de robustesse, de densit\u00e9 de balle et de productivit\u00e9, \u00e9t\u00e9 principalement d\u00e9velopp\u00e9e pour les utilisateurs professionnels qui souhaitent obtenir les performances les plus \u00e9lev\u00e9es sans compromis. Les mod\u00e8les de presses \u00e0 balles 6000 sont propos\u00e9s avec une grande quantit\u00e9 d&rsquo;accessoires standard, reposent sur des transmissions \u00e0 cardan et \u00e0 engrenages pour maintenir toujours la synchronisation parfaite entre les fourches, le piston et le noueur, et disposent de syst\u00e8mes d&rsquo;alimentation constitu\u00e9s de deux fourches assist\u00e9es par un convoyeur \u00e0 vis pour garantir un d\u00e9bit constant du produit dans la chambre de compression. Enfin, l&rsquo;un des accessoires optionnels les plus int\u00e9ressants est le capteur d&rsquo;humidit\u00e9 avec affichage \u00e0 main pour surveiller en permanence les conditions du produit agricole.<\/p>\n<\/div><\/section>\n<div  class='avia-video avia-video-16-9   '  itemprop=\"video\" itemtype=\"https:\/\/schema.org\/VideoObject\" ><div class='avia-iframe-wrap'><iframe loading=\"lazy\" width=\"1500\" height=\"844\" src=\"https:\/\/www.youtube.com\/embed\/k6tG05OafUQ?feature=oembed\" frameborder=\"0\" allow=\"accelerometer; autoplay; clipboard-write; encrypted-media; gyroscope; picture-in-picture\" allowfullscreen><\/iframe><\/div><\/div>\n<div  class='hr hr-default  '><span class='hr-inner ' ><span class='hr-inner-style'><\/span><\/span><\/div>\n<div class='avia-data-table-wrap avia_responsive_table'><table class='avia-table avia-data-table avia-table-1  avia_pricing_default '  itemscope=\"itemscope\" itemtype=\"https:\/\/schema.org\/Table\" ><tbody><tr class=''><td class=''><strong>D\u00c9TAILS TECHNIQUES<\/strong><\/td><td class=''><\/td><\/tr><tr class=''><td class=''>PUISSANCE RECOMMANDEE\u00a0(ch)<\/td><td class=''>60<\/td><\/tr><tr class=''><td class=''><strong>PERFORMANCE (SOUS CONDITIONS ID\u00c9ALES)<\/strong><\/td><td class=''><\/td><\/tr><tr class=''><td class=''>POIDS DE LA BALLE \u2013 PAILLE (kg)<\/td><td class=''>STD: 25-30 <\/td><\/tr><tr class=''><td class=''>POIDS DE LA BALLE \u2013 FOIN (kg)<\/td><td class=''>STD: 25-40 <\/td><\/tr><tr class=''><td class=''>BALLES PAR HEURE<\/td><td class=''>600 balles\/heure<\/td><\/tr><tr class=''><td class=''><strong>SYST\u00c8ME DE RAMASSAGE<\/strong><\/td><td class=''><\/td><\/tr><tr class=''><td class=''>LARGEUR DE RAMASSAGE (cm)<\/td><td class=''>195<\/td><\/tr><tr class=''><td class=''>LARGEUR DE RAMASSAGE NET \u2013 MUR \u00c0 MUR (cm)<\/td><td class=''>172<\/td><\/tr><tr class=''><td class=''>DENTS<\/td><td class=''>23 DENTS \/ 5 BARRES<\/td><\/tr><tr class=''><td class=''>LEVAGE DE PICK-UP HYDRAULIQUE<\/td><td class=''>INCLUS<\/td><\/tr><tr class=''><td class=''>PNEU DE SUPPORT PICK-UP<\/td><td class=''>INCLUS<\/td><\/tr><tr class=''><td class=''><strong>HACHOIR<\/strong><\/td><td class=''>NON INCLUS<\/td><\/tr><tr class=''><td class=''><strong>CHAMBRE DE COMPRESSION ET QUEUE<\/strong><\/td><td class=''><\/td><\/tr><tr class=''><td class=''>DIMENSION DE LA BALLE (cm)<\/td><td class=''>STD: 36&#215;46 <\/td><\/tr><tr class=''><td class=''>RAM ET VITESSE \/ MIN \u00c0 610 tr\/min<\/td><td class=''>73 cm \/ , \u00a0104 tr\/min<\/td><\/tr><tr class=''><td class=''><strong>D\u00c9TAILS DU NOUEUR<\/strong><\/td><td class=''><\/td><\/tr><tr class=''><td class=''>NOMBRE DE FILS<\/td><td class=''>2 OU 3 NOEUDS<\/td><\/tr><tr class=''><td class=''>LUMI\u00c8RES DE NOUEUR<\/td><td class=''>OPTIONNELLE<\/td><\/tr><tr class=''><td class=''>SYST\u00c8ME DE LUBRIFICATION DES NOEUDS CENTRALIS\u00c9<\/td><td class=''>(TYPE DE GRAISSE)\u00a0STANDARD<\/td><\/tr><tr class=''><td class=''>SYST\u00c8ME DE LUBRIFICATION AUTOMATIQUE DU NOUEUR AVEC POMPE \u00c9LECTRIQUE<\/td><td class=''>OPTIONNELLE<\/td><\/tr><tr class=''><td class=''>VENTILATEUR DOUBLE NOUEUR<\/td><td class=''>STANDARD<\/td><\/tr><tr class=''><td class=''><strong>CHANGEMENT DE ROUTE EN POSITION DE TRAVAIL<\/strong><\/td><td class=''><\/td><\/tr><tr class=''><td class=''>HYDRAULIQUE<\/td><td class=''>STANDARD<\/td><\/tr><tr class=''><td class=''><strong>TRANSMISSION<\/strong><\/td><td class=''><\/td><\/tr><tr class=''><td class=''>TRANSMISSION AU NOUEUR<\/td><td class=''>BOITE<\/td><\/tr><tr class=''><td class=''>TRANSMISSION PICK-UP<\/td><td class=''>CHA\u00ceNE<\/td><\/tr><tr class=''><td class=''>ARBRE DE PRISE DE FORCE STANDARD<\/td><td class=''>STANDARD<\/td><\/tr><tr class=''><td class=''>ARBRE DE PRISE DE FORCE GRAND ANGLE<\/td><td class=''>OPTIONNELLE<\/td><\/tr><tr class=''><td class=''>PRISES DE FORCE DOUBLES<\/td><td class=''>STANDARD<\/td><\/tr><tr class=''><td class=''>CAPACIT\u00c9 DE LA BO\u00ceTE DE FILS<\/td><td class=''>8<\/td><\/tr><tr class=''><td class=''><strong>ACCESSOIRES<\/strong><\/td><td class=''><\/td><\/tr><tr class=''><td class=''>FEUX DE ROUTE<\/td><td class=''>STANDARD<\/td><\/tr><tr class=''><td class=''>COMPTEUR DE BALLES M\u00c9CANIQUE<\/td><td class=''>STANDARD<\/td><\/tr><tr class=''><td class=''>COMPTEUR DE BALLES \u00c9LECTRONIQUE<\/td><td class=''>OPTIONNELLE<\/td><\/tr><tr class=''><td class=''>ROULEAU AUXILIAIRE EN ACIER DE L&rsquo;ESSIEU ARRI\u00c8RE<\/td><td class=''>OPTIONNELLE<\/td><\/tr><tr class=''><td class=''>HAUTEUR D&rsquo;ESSIEU R\u00c9GLABLE AVEC PLAQUE PERFOR\u00c9E<\/td><td class=''>OPTIONNELLE<\/td><\/tr><tr class=''><td class=''><strong>DIMENSIONS DE LA MACHINE<\/strong><\/td><td class=''><\/td><\/tr><tr class=''><td class=''>LARGEUR<\/td><td class=''>265<\/td><\/tr><tr class=''><td class=''>LONGUEUR<\/td><td class=''>511<\/td><\/tr><tr class=''><td class=''>HAUTEUR<\/td><td class=''>182<\/td><\/tr><tr class=''><td class=''>DIMENSIONS PNEU GAUCHE<\/td><td class=''>10.0\/75-10<\/td><\/tr><tr class=''><td class=''>DIMENSIONS PNEUS DROIT<\/td><td class=''>215\/75-15<\/td><\/tr><tr class=''><td class=''>POIDS<\/td><td class=''>STD: 2000 <\/td><\/tr><\/tbody><\/table><\/div><style type='text\/css'><\/style>\n<div  class='hr hr-default  '><span class='hr-inner ' ><span class='hr-inner-style'><\/span><\/span><\/div>\n\t<div  class='av_promobox  avia-button-yes '>\t\t<div class='avia-promocontent'><p>\nCliquez ici pour obtenir des informations d\u00e9taill\u00e9es.<\/p>\n<\/div><div class='avia-button-wrap avia-button-right '><a href='' class='avia-button   avia-icon_select-no avia-color-theme-color avia-size-large avia-position-right '   ><span class='avia_iconbox_title' >CONTACT<\/span><\/a><\/div>\t<\/div>\n<div class='avia-image-container  av-styling-no-styling    avia-align-center '  itemprop=\"ImageObject\" itemscope=\"itemscope\" itemtype=\"https:\/\/schema.org\/ImageObject\"  ><div class='avia-image-container-inner'><a href='http:\/\/fimaks.com\/fr\/catalogues-en-ligne\/' class='avia_image'   target=\"_blank\" ><img class='avia_image ' src='https:\/\/fimaks.com\/wp-content\/uploads\/2018\/02\/YEM-KARMA-MAK\u0130NELER\u0130-KATALOG2.jpg' alt='YEM-KARMA-MAK\u0130NELER\u0130-KATALOG2' title='YEM-KARMA-MAK\u0130NELER\u0130-KATALOG2'  itemprop=\"thumbnailUrl\"  \/><\/a><\/div><\/div>\n","protected":false},"excerpt":{"rendered":"","protected":false},"author":1,"featured_media":0,"parent":20385,"menu_order":0,"comment_status":"closed","ping_status":"closed","template":"","meta":{"_exactmetrics_skip_tracking":false,"_exactmetrics_sitenote_active":false,"_exactmetrics_sitenote_note":"","_exactmetrics_sitenote_category":0,"footnotes":""},"yst_prominent_words":[],"class_list":["post-20607","page","type-page","status-publish","hentry"],"_links":{"self":[{"href":"https:\/\/fimaks.com\/fr\/wp-json\/wp\/v2\/pages\/20607","targetHints":{"allow":["GET"]}}],"collection":[{"href":"https:\/\/fimaks.com\/fr\/wp-json\/wp\/v2\/pages"}],"about":[{"href":"https:\/\/fimaks.com\/fr\/wp-json\/wp\/v2\/types\/page"}],"author":[{"embeddable":true,"href":"https:\/\/fimaks.com\/fr\/wp-json\/wp\/v2\/users\/1"}],"replies":[{"embeddable":true,"href":"https:\/\/fimaks.com\/fr\/wp-json\/wp\/v2\/comments?post=20607"}],"version-history":[{"count":59,"href":"https:\/\/fimaks.com\/fr\/wp-json\/wp\/v2\/pages\/20607\/revisions"}],"predecessor-version":[{"id":20666,"href":"https:\/\/fimaks.com\/fr\/wp-json\/wp\/v2\/pages\/20607\/revisions\/20666"}],"up":[{"embeddable":true,"href":"https:\/\/fimaks.com\/fr\/wp-json\/wp\/v2\/pages\/20385"}],"wp:attachment":[{"href":"https:\/\/fimaks.com\/fr\/wp-json\/wp\/v2\/media?parent=20607"}],"wp:term":[{"taxonomy":"yst_prominent_words","embeddable":true,"href":"https:\/\/fimaks.com\/fr\/wp-json\/wp\/v2\/yst_prominent_words?post=20607"}],"curies":[{"name":"wp","href":"https:\/\/api.w.org\/{rel}","templated":true}]}}